{"id":244,"date":"2021-07-24T18:58:58","date_gmt":"2021-07-24T18:58:58","guid":{"rendered":"https:\/\/www.safinel.fr\/?post_type=product&#038;p=244"},"modified":"2023-12-30T13:55:53","modified_gmt":"2023-12-30T13:55:53","slug":"naturliches-deodorant-curae-homme-50g","status":"publish","type":"product","link":"https:\/\/www.safinel.fr\/de\/product-2\/naturliches-deodorant-curae-homme-50g\/","title":{"rendered":"Nat\u00fcrliches Deodorant Curae Homme 50g"},"content":{"rendered":"<p>Die<b> Hygiene- und Pflegeprodukte<\/b> sind in den letzten Jahren auf dem franz\u00f6sischen Markt etwas ins Hintertreffen geraten. Allerdings schaffen es die Deodorants f\u00fcr M\u00e4nner, sich zu behaupten! Es muss jedoch noch ein wichtiger Hinweis hinzugef\u00fcgt werden: Die <b>Antitranspirantien <\/b>und andere <b>klassische Deodorants <\/b>mit Aluminiumsalzen sind auf dem R\u00fcckzug! Und das ist eine gute Nachricht. Denn gleichzeitig ist bei M\u00e4nnern ein wachsendes Interesse an nat\u00fcrlicheren Deodorants zu beobachten!<i> Ohne endokrine Disruptoren und umweltfreundlicher.<span class=\"Apple-converted-space\">\u00a0<\/span><\/i>Bei D\u00e9odorant Naturel ist dieser Trend f\u00fcr uns also sehr ermutigend. Und veranlasst uns, Ihnen Folgendes anzubieten <b>ein noch umfassenderes und vielf\u00e4ltigeres Angebot an nat\u00fcrlichen Deodorants.<span class=\"Apple-converted-space\">\u00a0<\/span><\/b>Au\u00dferdem haben wir uns gedacht, dass Frauen eine gro\u00dfe Auswahl in unserer Abteilung f\u00fcr <b>Deodorantcremes<\/b>. Aber was ist mit den M\u00e4nnern? Hier kommt der <b>Deodorant Mann<\/b>\u00a0<strong>100% nat\u00fcrlich<\/strong> ! Und wie der Name schon sagt, ist es f\u00fcr M\u00e4nner!<span class=\"Apple-converted-space\">\u00a0<\/span><\/p>\n<h2><b>Nat\u00fcrliches Deodorant, eine Pflege, die gut tut<span class=\"Apple-converted-space\">\u00a0<\/span><\/b><\/h2>\n<p>Das nat\u00fcrliche Dedorant ist ein <b>Hygieneprodukt<\/b> immer mehr an Beliebtheit gewinnt. Sowohl bei Frauen als auch bei M\u00e4nnern!<span class=\"Apple-converted-space\">\u00a0<\/span><\/p>\n<p>Beim Kauf mag es Ihnen etwas teurer erscheinen als ein herk\u00f6mmliches Deodorant. Aber lassen Sie sich nicht t\u00e4uschen! <i>Das nat\u00fcrliche Deodorant kann sich wieder aufladen<\/i>, Das bedeutet, dass sie viel billiger sind als ein handels\u00fcbliches Deodorant.<span class=\"Apple-converted-space\">\u00a0<\/span><\/p>\n<p>Nicht zu vergessen, dass er <b>\u00f6kologisch, wirtschaftlich<\/b> also, und nat\u00fcrlich <b>respektvoll gegen\u00fcber Ihrer Gesundheit!<span class=\"Apple-converted-space\">\u00a0<\/span><\/b><\/p>\n<h3><b>Curae, das Deodorant, das an alles denkt<span class=\"Apple-converted-space\">\u00a0<\/span><\/b><\/h3>\n<p>Das nat\u00fcrliche Deodorant f\u00fcr M\u00e4nner der Marke Curae ist <b>100% nat\u00fcrlich<\/b>. Es wird Ihnen in einer Metalldose angeboten, die vollst\u00e4ndig recycelbar ist. Sie ist unendlich oft wiederverwendbar. Er entspricht zwei oder sogar drei Deodorantsticks!<span class=\"Apple-converted-space\">\u00a0<\/span><\/p>\n<p>Diese<b> maskulines Creme-Deodorant<\/b> reguliert die Transpiration, ohne Ihre Haut anzugreifen. Es ist selbst f\u00fcr die empfindlichste Haut nach der Rasur geeignet. Das enthaltene Natriumbicarbonat sorgt n\u00e4mlich daf\u00fcr, dass<i> den Rasurbrand zu lindern und m\u00f6gliche Infektionen zu vermeiden.<\/i><span class=\"Apple-converted-space\">\u00a0<\/span><\/p>\n<p>Er hat eine<b> maskuliner Geruch sehr angenehm <\/b>und nicht st\u00f6rend. Sie werden sch\u00e4tzen <b>die subtile Mischung aus belebendem Zedernholz und spritziger Zitrone.<span class=\"Apple-converted-space\">\u00a0<\/span><\/b><\/p>\n<p>Dieses Produkt ist <b>in Frankreich hergestellt, wurde nicht an Tieren getestet<\/b>, und hat eine <b>einwandfreie Zusammensetzung<\/b>. Wir lassen Sie das alles selbst \u00fcberpr\u00fcfen :<span class=\"Apple-converted-space\">\u00a0<\/span><\/p>\n<p><b>Zutaten :<\/b> <i>COCO NUCIFERA OIL (Kokosnuss\u00f6l), SODIUM BICARBONATE (Natriumbicarbonat), CERA ALBA (Cera alba), CEDRUS ATLANTICA BARK OIL (Rinden\u00f6l der Atlaszeder), CITRUS PARADISI SEED OIL (Grapefruitkern\u00f6l), CITRUS LIMONUM (<a href=\"https:\/\/www.passeportsante.net\/fr\/Solutions\/HuilesEssentielles\/Fiche.aspx?doc=huile-essentielle-citron\" target=\"_blank\" rel=\"noopener noreferrer\"><strong>\u00e4therisches Zitronen\u00f6l<\/strong><\/a>), CITRUS LIMON PEEL OIL (\u00e4therisches \u00d6l aus Zitronenschalen)<span class=\"Apple-converted-space\">\u00a0<\/span><\/i><\/p>\n<h3><b>Ein Deodorant f\u00fcr M\u00e4nner, kein Antitranspirant!<span class=\"Apple-converted-space\">\u00a0<\/span><\/b><\/h3>\n<p>Werden oft f\u00fcr ihre Wirkung gegen das Schwitzen angepriesen, <b>die ber\u00fchmten Antitranspirantien sind jedoch weit davon entfernt, gut f\u00fcr die Gesundheit zu sein<\/b> !<span class=\"Apple-converted-space\">\u00a0<\/span><\/p>\n<p>Sie enthalten n\u00e4mlich Molek\u00fcle, die sehr reizend sind. Diese Molek\u00fcle sind f\u00fcr die Entz\u00fcndung in den Achseln verantwortlich. Die Haut verdickt sich und die Poren werden verstopft. Die Schwei\u00dfdr\u00fcsen, die f\u00fcr das Schwitzen verantwortlich sind, k\u00f6nnen ihre Arbeit nicht mehr verrichten! Man spricht von der \u00ab\u00a0<i>Korkentheorie<\/i>\u00a0\u00bb, um die Wirkung von Antitranspirantien zu veranschaulichen.<span class=\"Apple-converted-space\">\u00a0<\/span><\/p>\n<p>Wie kommt man also nicht ins Schwitzen?<span class=\"Apple-converted-space\">\u00a0<\/span><\/p>\n<p>Das k\u00f6nnen wir nicht! Und das zum Gl\u00fcck auch. Denn das ist ein ganz nat\u00fcrlicher Vorgang und der K\u00f6rper braucht ihn. Vor allem, um Ihre K\u00f6rperw\u00e4rme zu regulieren. W\u00fcrden Sie gerne \u00fcberhitzen?!<\/p>\n<p>Durch die Annahme eines<b> nat\u00fcrliches Deodorant Mann,<\/b> lernen Sie, besser mit Ihren K\u00f6rperger\u00fcchen zu leben. Sie werden <b>einen guten Geruch,<\/b> sowie eine <b>echtes Gef\u00fchl von Sauberkeit und Frische. <\/b>Und dabei Ihren K\u00f6rper respektieren. Ist das Leben nicht sch\u00f6n?<span class=\"Apple-converted-space\">\u00a0<\/span><\/p>\n<h3><b>Welche Eigenschaften hat dieses Hygieneprodukt f\u00fcr M\u00e4nner?<span class=\"Apple-converted-space\">\u00a0<\/span><\/b><\/h3>\n<p>Dieses nat\u00fcrliche Deodorant f\u00fcr M\u00e4nner hat viele Vorteile. Sowohl f\u00fcr Sie als auch f\u00fcr die Umwelt :<span class=\"Apple-converted-space\">\u00a0<\/span><\/p>\n<ul>\n<li>Es blockiert den Schwei\u00df nicht, sondern wirkt direkt auf die Bakterien, die f\u00fcr den schlechten Geruch verantwortlich sind.<\/li>\n<li>Diese Deodorant-Creme verleiht Ihnen Frische und garantiert langanhaltenden Halt.<span class=\"Apple-converted-space\">\u00a0<\/span><\/li>\n<li>Er enth\u00e4lt <i>keine Aluminiumsalze, petrochemischen Stoffe, synthetischen Stoffe, hydrierten \u00d6le, endokrinen Disruptoren, Silikone, Polymere oder Phthalate<\/i><\/li>\n<li>Vollst\u00e4ndig recycelbar, ist es ein <b>Null-Abfall-Produkt<span class=\"Apple-converted-space\">\u00a0<\/span><\/b><\/li>\n<\/ul>\n<h3><b>Denken Sie ans Nachladen!<span class=\"Apple-converted-space\">\u00a0<\/span><\/b><\/h3>\n<p>Wir haben Ihnen gesagt, dass dieses nat\u00fcrliche Deodorant f\u00fcr M\u00e4nner viele Vorteile hat! Wenn Sie das Ende Ihres Super-Deos erreicht haben, denken Sie daran, eine Bestellung aufzugeben. Nicht etwa einen weiteren Tiegel, sondern nur einen Nachf\u00fcllpack! <i>Es ist billiger und umweltfreundlicher<\/i>. Sie k\u00f6nnen also die <b>Nachf\u00fcllpackung Deodorant f\u00fcr M\u00e4nner, 30 g<\/b>. Oder testen Sie einen kleinen Neuling, ganz wie Sie wollen. Wie <b>die <a href=\"https:\/\/www.deodorant-naturel.com\/produit\/recharge-de-deodorant-naturel-musc-tahara\/\">nachf\u00fcllen des nat\u00fcrlichen Moschusdeodorants Tahara<\/a><\/b>. Ein gemischter Duft, der Sie herrlich sauber und frisch riechen l\u00e4sst.<span class=\"Apple-converted-space\">\u00a0<\/span><\/p>\n<p>Zus\u00e4tzlich, <i>unsere Nachf\u00fcllpackungen werden in ihrer biologisch abbaubaren 100%-Verpackung geliefert.<\/i> Hergestellt aus Zuckerrohrfasern und Maisst\u00e4rke f\u00fcr den Deckel.<span class=\"Apple-converted-space\">\u00a0<\/span><\/p>\n<h3><b>Wie verwende ich unser nat\u00fcrliches M\u00e4nnerdeodorant 100%?<\/b><\/h3>\n<p>Wir w\u00fcrden uns nicht anma\u00dfen, Ihnen zu erkl\u00e4ren, wie man ein Deodorant verwendet. Aber es muss gesagt werden, dass dieses Cremeformat nicht unbedingt f\u00fcr jeden \u00fcblich ist. Daher wollen wir Ihnen trotzdem ein paar Anhaltspunkte geben:<span class=\"Apple-converted-space\">\u00a0<\/span><\/p>\n<ol>\n<li>Am besten nach dem Duschen eine haselnussgro\u00dfe Menge nat\u00fcrliches M\u00e4nnerdeodorant mit dem Finger aufnehmen (welches Sie wollen, wir lassen Ihnen die Wahl!).<span class=\"Apple-converted-space\">\u00a0<\/span><\/li>\n<li>Tragen Sie es unter den sauberen und trockenen Achseln auf, das ist immer besser.<span class=\"Apple-converted-space\">\u00a0<\/span><\/li>\n<\/ol>\n<p>Wenn Sie sich nicht damit anfreunden k\u00f6nnen, Ihr Deodorant mit dem Finger aufzutragen, sollten Sie sich f\u00fcr ein Utensil entscheiden! Es gibt kleine flache L\u00f6ffel aus Plastik, die den Zweck erf\u00fcllen k\u00f6nnen. Ja, aus Plastik! Es ist abwaschbar und unendlich oft wiederverwendbar, also keine Verschwendung.<span class=\"Apple-converted-space\">\u00a0<\/span><\/p>\n<p><b>Vorsichtsma\u00dfnahmen<span class=\"Apple-converted-space\">\u00a0<\/span><\/b><\/p>\n<p>Hier sind einige Vorsichtsma\u00dfnahmen f\u00fcr die Verwendung deines M\u00e4nnerdeodorants:<span class=\"Apple-converted-space\">\u00a0<\/span><\/p>\n<ul>\n<li>Obwohl es nat\u00fcrlich ist, empfehlen wir Ihnen, mindestens 24 Stunden vor der Verwendung einen Test durchzuf\u00fchren. Im Falle einer Allergie nicht mehr verwenden.<span class=\"Apple-converted-space\">\u00a0<\/span><\/li>\n<li>Nicht in Reichweite von neugierigen kleinen H\u00e4nden lassen.<span class=\"Apple-converted-space\">\u00a0<\/span><\/li>\n<li>Schlie\u00dfen Sie den Deckel nach jedem Gebrauch wieder.<span class=\"Apple-converted-space\">\u00a0<\/span><\/li>\n<li><b>Nicht f\u00fcr schwangere Frauen geeignet.<\/b> Damen, bevorzugen Sie <b>die <a href=\"https:\/\/www.deodorant-naturel.com\/produit\/deodorant-100-naturel-femme-enceinte\/\">nat\u00fcrliches Deodorant f\u00fcr schwangere Frauen<\/a><\/b> ! Ja, wir denken an alles!<span class=\"Apple-converted-space\">\u00a0<\/span><\/li>\n<li>Nicht schlucken. (Ernsthaft!)<span class=\"Apple-converted-space\">\u00a0<\/span><\/li>\n<\/ul>\n<h3><b>F\u00fcr eine gute Aufbewahrung<span class=\"Apple-converted-space\">\u00a0Ihres M\u00e4nnerdeodorants<\/span><\/b><\/h3>\n<p>Diese <b>nat\u00fcrliches Creme-Deodorant <\/b>f\u00fcr M\u00e4nner ist praktisch und einfach zu verwenden. Trotzdem ben\u00f6tigt er besondere Aufmerksamkeit. In den k\u00fchleren Jahreszeiten ist das kein Problem. Aber in den Sommermonaten, wenn die Temperaturen zu steigen beginnen, kann Ihr Deodorant etwas fl\u00fcssiger sein. Dies zu verhindern ist nicht sehr kompliziert! Eine Aufbewahrung im K\u00fchlschrank kann eine gute L\u00f6sung sein.<span class=\"Apple-converted-space\">\u00a0<\/span><\/p>\n<p><b>Halten Sie sich am besten an das Haltbarkeitsdatum auf der Produktverpackung.<\/b><\/p>","protected":false},"excerpt":{"rendered":"<p>Les produits d\u2019hygi\u00e8ne et de soin sont un peu en peine sur le march\u00e9 fran\u00e7ais ces derni\u00e8res ann\u00e9es. Toutefois, les d\u00e9odorants pour homme arrivent \u00e0 se maintenir ! Mais il faut ajouter une pr\u00e9cision, et pas des moindres : les anti-transpirants et autres d\u00e9odorants classiques avec sels d\u2019aluminium sont en d\u00e9clin ! Et c\u2019est une [&#8230;]","protected":false},"featured_media":274,"template":"","meta":[],"product_brand":[],"product_cat":[32],"product_tag":[],"class_list":{"0":"post-244","1":"product","2":"type-product","3":"status-publish","4":"has-post-thumbnail","6":"product_cat-curae","8":"first","9":"outofstock","10":"shipping-taxable","11":"purchasable","12":"product-type-simple"},"yoast_head":"<!-- This site is optimized with the Yoast SEO plugin v26.6 - https:\/\/yoast.com\/wordpress\/plugins\/seo\/ -->\n<title>D\u00e9odorant naturel Curae Homme 50g - Safinel<\/title>\n<meta name=\"robots\" content=\"index, follow, max-snippet:-1, max-image-preview:large, max-video-preview:-1\" \/>\n<link rel=\"canonical\" href=\"https:\/\/www.safinel.fr\/de\/product-2\/naturliches-deodorant-curae-homme-50g\/\" \/>\n<meta property=\"og:locale\" content=\"de_DE\" \/>\n<meta property=\"og:type\" content=\"article\" \/>\n<meta property=\"og:title\" content=\"D\u00e9odorant naturel Curae Homme 50g - Safinel\" \/>\n<meta property=\"og:description\" content=\"Les produits d\u2019hygi\u00e8ne et de soin sont un peu en peine sur le march\u00e9 fran\u00e7ais ces derni\u00e8res ann\u00e9es. Toutefois, les d\u00e9odorants pour homme arrivent \u00e0 se maintenir ! Mais il faut ajouter une pr\u00e9cision, et pas des moindres : les anti-transpirants et autres d\u00e9odorants classiques avec sels d\u2019aluminium sont en d\u00e9clin ! Et c\u2019est une [...]\" \/>\n<meta property=\"og:url\" content=\"https:\/\/www.safinel.fr\/de\/product-2\/naturliches-deodorant-curae-homme-50g\/\" \/>\n<meta property=\"og:site_name\" content=\"Safinel\" \/>\n<meta property=\"article:modified_time\" content=\"2023-12-30T13:55:53+00:00\" \/>\n<meta property=\"og:image\" content=\"https:\/\/www.safinel.fr\/wp-content\/uploads\/2021\/07\/561-large_default.jpg\" \/>\n\t<meta property=\"og:image:width\" content=\"800\" \/>\n\t<meta property=\"og:image:height\" content=\"800\" \/>\n\t<meta property=\"og:image:type\" content=\"image\/jpeg\" \/>\n<meta name=\"twitter:card\" content=\"summary_large_image\" \/>\n<meta name=\"twitter:label1\" content=\"Gesch\u00e4tzte Lesezeit\" \/>\n\t<meta name=\"twitter:data1\" content=\"6\u00a0Minuten\" \/>\n<script type=\"application\/ld+json\" class=\"yoast-schema-graph\">{\"@context\":\"https:\/\/schema.org\",\"@graph\":[{\"@type\":\"WebPage\",\"@id\":\"https:\/\/www.safinel.fr\/produit\/deodorant-naturel-curae-homme-50g\/\",\"url\":\"https:\/\/www.safinel.fr\/produit\/deodorant-naturel-curae-homme-50g\/\",\"name\":\"D\u00e9odorant naturel Curae Homme 50g - Safinel\",\"isPartOf\":{\"@id\":\"https:\/\/www.safinel.fr\/#website\"},\"primaryImageOfPage\":{\"@id\":\"https:\/\/www.safinel.fr\/produit\/deodorant-naturel-curae-homme-50g\/#primaryimage\"},\"image\":{\"@id\":\"https:\/\/www.safinel.fr\/produit\/deodorant-naturel-curae-homme-50g\/#primaryimage\"},\"thumbnailUrl\":\"https:\/\/www.safinel.fr\/wp-content\/uploads\/2021\/07\/561-large_default.jpg\",\"datePublished\":\"2021-07-24T18:58:58+00:00\",\"dateModified\":\"2023-12-30T13:55:53+00:00\",\"breadcrumb\":{\"@id\":\"https:\/\/www.safinel.fr\/produit\/deodorant-naturel-curae-homme-50g\/#breadcrumb\"},\"inLanguage\":\"de\",\"potentialAction\":[{\"@type\":\"ReadAction\",\"target\":[\"https:\/\/www.safinel.fr\/produit\/deodorant-naturel-curae-homme-50g\/\"]}]},{\"@type\":\"ImageObject\",\"inLanguage\":\"de\",\"@id\":\"https:\/\/www.safinel.fr\/produit\/deodorant-naturel-curae-homme-50g\/#primaryimage\",\"url\":\"https:\/\/www.safinel.fr\/wp-content\/uploads\/2021\/07\/561-large_default.jpg\",\"contentUrl\":\"https:\/\/www.safinel.fr\/wp-content\/uploads\/2021\/07\/561-large_default.jpg\",\"width\":800,\"height\":800},{\"@type\":\"BreadcrumbList\",\"@id\":\"https:\/\/www.safinel.fr\/produit\/deodorant-naturel-curae-homme-50g\/#breadcrumb\",\"itemListElement\":[{\"@type\":\"ListItem\",\"position\":1,\"name\":\"Accueil\",\"item\":\"https:\/\/www.safinel.fr\/\"},{\"@type\":\"ListItem\",\"position\":2,\"name\":\"Boutique\",\"item\":\"https:\/\/www.safinel.fr\/boutique\/\"},{\"@type\":\"ListItem\",\"position\":3,\"name\":\"D\u00e9odorant naturel Curae Homme 50g\"}]},{\"@type\":\"WebSite\",\"@id\":\"https:\/\/www.safinel.fr\/#website\",\"url\":\"https:\/\/www.safinel.fr\/\",\"name\":\"Safinel\",\"description\":\"\",\"publisher\":{\"@id\":\"https:\/\/www.safinel.fr\/#organization\"},\"potentialAction\":[{\"@type\":\"SearchAction\",\"target\":{\"@type\":\"EntryPoint\",\"urlTemplate\":\"https:\/\/www.safinel.fr\/?s={search_term_string}\"},\"query-input\":{\"@type\":\"PropertyValueSpecification\",\"valueRequired\":true,\"valueName\":\"search_term_string\"}}],\"inLanguage\":\"de\"},{\"@type\":\"Organization\",\"@id\":\"https:\/\/www.safinel.fr\/#organization\",\"name\":\"Safinel\",\"url\":\"https:\/\/www.safinel.fr\/\",\"logo\":{\"@type\":\"ImageObject\",\"inLanguage\":\"de\",\"@id\":\"https:\/\/www.safinel.fr\/#\/schema\/logo\/image\/\",\"url\":\"https:\/\/www.safinel.fr\/wp-content\/uploads\/2021\/05\/boutique-cosmetique.png\",\"contentUrl\":\"https:\/\/www.safinel.fr\/wp-content\/uploads\/2021\/05\/boutique-cosmetique.png\",\"width\":800,\"height\":200,\"caption\":\"Safinel\"},\"image\":{\"@id\":\"https:\/\/www.safinel.fr\/#\/schema\/logo\/image\/\"}}]}<\/script>\n<!-- \/ Yoast SEO plugin. -->","yoast_head_json":{"title":"Nat\u00fcrliches Deodorant Curae Homme 50g - Safinel","robots":{"index":"index","follow":"follow","max-snippet":"max-snippet:-1","max-image-preview":"max-image-preview:large","max-video-preview":"max-video-preview:-1"},"canonical":"https:\/\/www.safinel.fr\/de\/product-2\/naturliches-deodorant-curae-homme-50g\/","og_locale":"de_DE","og_type":"article","og_title":"D\u00e9odorant naturel Curae Homme 50g - Safinel","og_description":"Les produits d\u2019hygi\u00e8ne et de soin sont un peu en peine sur le march\u00e9 fran\u00e7ais ces derni\u00e8res ann\u00e9es. Toutefois, les d\u00e9odorants pour homme arrivent \u00e0 se maintenir ! Mais il faut ajouter une pr\u00e9cision, et pas des moindres : les anti-transpirants et autres d\u00e9odorants classiques avec sels d\u2019aluminium sont en d\u00e9clin ! Et c\u2019est une [...]","og_url":"https:\/\/www.safinel.fr\/de\/product-2\/naturliches-deodorant-curae-homme-50g\/","og_site_name":"Safinel","article_modified_time":"2023-12-30T13:55:53+00:00","og_image":[{"width":800,"height":800,"url":"https:\/\/www.safinel.fr\/wp-content\/uploads\/2021\/07\/561-large_default.jpg","type":"image\/jpeg"}],"twitter_card":"summary_large_image","twitter_misc":{"Gesch\u00e4tzte Lesezeit":"6\u00a0Minuten"},"schema":{"@context":"https:\/\/schema.org","@graph":[{"@type":"WebPage","@id":"https:\/\/www.safinel.fr\/produit\/deodorant-naturel-curae-homme-50g\/","url":"https:\/\/www.safinel.fr\/produit\/deodorant-naturel-curae-homme-50g\/","name":"Nat\u00fcrliches Deodorant Curae Homme 50g - Safinel","isPartOf":{"@id":"https:\/\/www.safinel.fr\/#website"},"primaryImageOfPage":{"@id":"https:\/\/www.safinel.fr\/produit\/deodorant-naturel-curae-homme-50g\/#primaryimage"},"image":{"@id":"https:\/\/www.safinel.fr\/produit\/deodorant-naturel-curae-homme-50g\/#primaryimage"},"thumbnailUrl":"https:\/\/www.safinel.fr\/wp-content\/uploads\/2021\/07\/561-large_default.jpg","datePublished":"2021-07-24T18:58:58+00:00","dateModified":"2023-12-30T13:55:53+00:00","breadcrumb":{"@id":"https:\/\/www.safinel.fr\/produit\/deodorant-naturel-curae-homme-50g\/#breadcrumb"},"inLanguage":"de","potentialAction":[{"@type":"ReadAction","target":["https:\/\/www.safinel.fr\/produit\/deodorant-naturel-curae-homme-50g\/"]}]},{"@type":"ImageObject","inLanguage":"de","@id":"https:\/\/www.safinel.fr\/produit\/deodorant-naturel-curae-homme-50g\/#primaryimage","url":"https:\/\/www.safinel.fr\/wp-content\/uploads\/2021\/07\/561-large_default.jpg","contentUrl":"https:\/\/www.safinel.fr\/wp-content\/uploads\/2021\/07\/561-large_default.jpg","width":800,"height":800},{"@type":"BreadcrumbList","@id":"https:\/\/www.safinel.fr\/produit\/deodorant-naturel-curae-homme-50g\/#breadcrumb","itemListElement":[{"@type":"ListItem","position":1,"name":"Accueil","item":"https:\/\/www.safinel.fr\/"},{"@type":"ListItem","position":2,"name":"Boutique","item":"https:\/\/www.safinel.fr\/boutique\/"},{"@type":"ListItem","position":3,"name":"D\u00e9odorant naturel Curae Homme 50g"}]},{"@type":"WebSite","@id":"https:\/\/www.safinel.fr\/#website","url":"https:\/\/www.safinel.fr\/","name":"Safinel","description":"","publisher":{"@id":"https:\/\/www.safinel.fr\/#organization"},"potentialAction":[{"@type":"SearchAction","target":{"@type":"EntryPoint","urlTemplate":"https:\/\/www.safinel.fr\/?s={search_term_string}"},"query-input":{"@type":"PropertyValueSpecification","valueRequired":true,"valueName":"search_term_string"}}],"inLanguage":"de"},{"@type":"Organization","@id":"https:\/\/www.safinel.fr\/#organization","name":"Safinel","url":"https:\/\/www.safinel.fr\/","logo":{"@type":"ImageObject","inLanguage":"de","@id":"https:\/\/www.safinel.fr\/#\/schema\/logo\/image\/","url":"https:\/\/www.safinel.fr\/wp-content\/uploads\/2021\/05\/boutique-cosmetique.png","contentUrl":"https:\/\/www.safinel.fr\/wp-content\/uploads\/2021\/05\/boutique-cosmetique.png","width":800,"height":200,"caption":"Safinel"},"image":{"@id":"https:\/\/www.safinel.fr\/#\/schema\/logo\/image\/"}}]}},"_links":{"self":[{"href":"https:\/\/www.safinel.fr\/de\/wp-json\/wp\/v2\/product\/244","targetHints":{"allow":["GET"]}}],"collection":[{"href":"https:\/\/www.safinel.fr\/de\/wp-json\/wp\/v2\/product"}],"about":[{"href":"https:\/\/www.safinel.fr\/de\/wp-json\/wp\/v2\/types\/product"}],"wp:featuredmedia":[{"embeddable":true,"href":"https:\/\/www.safinel.fr\/de\/wp-json\/wp\/v2\/media\/274"}],"wp:attachment":[{"href":"https:\/\/www.safinel.fr\/de\/wp-json\/wp\/v2\/media?parent=244"}],"wp:term":[{"taxonomy":"product_brand","embeddable":true,"href":"https:\/\/www.safinel.fr\/de\/wp-json\/wp\/v2\/product_brand?post=244"},{"taxonomy":"product_cat","embeddable":true,"href":"https:\/\/www.safinel.fr\/de\/wp-json\/wp\/v2\/product_cat?post=244"},{"taxonomy":"product_tag","embeddable":true,"href":"https:\/\/www.safinel.fr\/de\/wp-json\/wp\/v2\/product_tag?post=244"}],"curies":[{"name":"wp","href":"https:\/\/api.w.org\/{rel}","templated":true}]}}