{"id":243,"date":"2021-07-24T18:58:58","date_gmt":"2021-07-24T18:58:58","guid":{"rendered":"https:\/\/www.safinel.fr\/?post_type=product&#038;p=243"},"modified":"2023-12-30T13:55:48","modified_gmt":"2023-12-30T13:55:48","slug":"naturliches-deodorant-vegan-rosa-50g","status":"publish","type":"product","link":"https:\/\/www.safinel.fr\/de\/product-2\/naturliches-deodorant-vegan-rosa-50g\/","title":{"rendered":"Nat\u00fcrliches Deodorant (VEGAN) - Rose 50g"},"content":{"rendered":"<p>In unserer Sch\u00f6nheitsroutine gibt es mindestens eine Etappe, der wir nicht entkommen k\u00f6nnen: das Deodorant! Um Ihre Achseln zu verw\u00f6hnen, haben wir mit Sorgfalt eine Auswahl an <b>nat\u00fcrliche Deodorants 100 %.\u00a0<\/b>Wenn Sie auf der Suche nach einem Deodorant sind <i>gleichzeitig biologisch, nat\u00fcrlich und ethisch<\/i>, finden Sie bestimmt das Richtige f\u00fcr sich. Die <b>nat\u00fcrliches Rosendeodorant<\/b> wurde speziell f\u00fcr diejenigen entwickelt, die sich gerne um sich selbst k\u00fcmmern...<span class=\"Apple-converted-space\">\u00a0<\/span><\/p>\n<h2><b>Das nat\u00fcrliche Deodorant mit Rosenduft, und das auch noch vegan!<\/b><\/h2>\n<p>Herk\u00f6mmliche Deodorants sind sch\u00e4dlich f\u00fcr unsere Haut und k\u00f6nnen sogar zu Gesundheitsproblemen f\u00fchren. Deshalb ist es besser, auf nat\u00fcrliche Deodorants umzusteigen, wenn nicht sogar notwendig.<\/p>\n<p>Die<b> nat\u00fcrliches Deodorant mit Rose ist 100 % nat\u00fcrlich<\/b>, die ohne tierisches Material formuliert wurde und <b>eignet sich daher f\u00fcr vegane Personen. <\/b>Ihre neue<b> Deodorantcreme<\/b> ist nicht gef\u00e4hrlich f\u00fcr Ihre Haut und verstopft nicht die Poren Ihrer Achseln. Sie verhindert lediglich unangenehme Ger\u00fcche!<span class=\"Apple-converted-space\">\u00a0<\/span><\/p>\n<p><b>Zutaten :<\/b> <i>Kokosnuss\u00f6l nucifera, Natriumbicarbonat, <a href=\"https:\/\/sante.lefigaro.fr\/mieux-etre\/nutrition-aliments\/graisses-vegetales\/quest-ce-que-lhydrogenation\" target=\"_blank\" rel=\"noopener\"><strong>hydriertes Soja\u00f6l<\/strong><\/a>, Rosa Damascena \u00d6l.<\/i><\/p>\n<h3><b>Welche Eigenschaften hat nat\u00fcrliches Deodorant mit Rosen?<\/b><\/h3>\n<p>Es gibt viele Gr\u00fcnde, auf nat\u00fcrliche Deodorants umzusteigen, deshalb nennen wir Ihnen einige Vorteile:<span class=\"Apple-converted-space\">\u00a0<\/span><\/p>\n<ul>\n<li>Seine nat\u00fcrliche und ethische Zusammensetzung! Diese <b>gr\u00fcnes Produkt<\/b> ist 100 % aus nat\u00fcrlichen Zutaten hergestellt und nat\u00fcrlich nicht an Tieren getestet!<\/li>\n<li>Das nat\u00fcrliche Deodorant f\u00f6rdert den nat\u00fcrlichen Schwei\u00dfprozess des K\u00f6rpers ;<span class=\"Apple-converted-space\">\u00a0<\/span><\/li>\n<li>Es verhindert \u00fcberm\u00e4\u00dfiges Schwitzen und begrenzt gleichzeitig die Anzahl der Bakterien. Dadurch werden Ger\u00fcche neutralisiert und Feuchtigkeit absorbiert.<\/li>\n<\/ul>\n<p>Das vegane Rosendeodorant: Probieren Sie es aus, Sie werden es lieben! Entdecken Sie auch unsere <a href=\"https:\/\/www.deodorant-naturel.com\/produit\/deodorant-naturel-homme-curae\/\"><strong>Curae Deodorant f\u00fcr M\u00e4nner<\/strong><\/a> !<\/p>\n<h3><b>Wie die<\/b>\u2019<b>verwenden?<\/b><\/h3>\n<p>Das nat\u00fcrliche Deodorant ist sehr einfach anzuwenden und wird Ihr neuer Verb\u00fcndeter im Alltag werden!<span class=\"Apple-converted-space\">\u00a0<\/span><\/p>\n<ol>\n<li>Waschen Sie sich vor dem Gebrauch die H\u00e4nde ;<\/li>\n<li>Mit dem Finger eine haselnussgro\u00dfe Menge entnehmen ;<\/li>\n<li>Anschlie\u00dfend unter den Achseln auftragen ;<\/li>\n<li>Nach dem Gebrauch die H\u00e4nde waschen... ist immer besser!<span class=\"Apple-converted-space\">\u00a0<\/span><\/li>\n<\/ol>\n<p>Dieses Deodorant mit seiner cremigen Textur wird bei Kontakt mit Ihrer Haut schmelzen. Und \u00fcbernimmt den Rest, um Ihnen ein angenehmes Gef\u00fchl zu verleihen!<span class=\"Apple-converted-space\">\u00a0<\/span><\/p>\n<h3><b>Vorsichtsma\u00dfnahmen und Aufbewahrung<\/b><\/h3>\n<p>Am besten bewahren Sie Ihr Rosen-Deodorant auf, wenn Sie es vor Hitze und Licht sch\u00fctzen.<\/p>\n<p>Im Falle einer allergischen Reaktion verwenden Sie dieses Produkt bitte nicht mehr.<\/p>","protected":false},"excerpt":{"rendered":"<p>In unserer Sch\u00f6nheitsroutine gibt es mindestens einen Schritt, dem wir uns nicht entziehen k\u00f6nnen: das Deodorant! Um Ihre Achselh\u00f6hlen zu verw\u00f6hnen, haben wir sorgf\u00e4ltig 100 % nat\u00fcrliche Deodorants ausgew\u00e4hlt. Wenn Sie auf der Suche nach einem biologischen, nat\u00fcrlichen und ethischen Deodorant sind, werden Sie hier bestimmt f\u00fcndig. Das nat\u00fcrliche Deodorant [\u2026]","protected":false},"featured_media":273,"template":"","meta":[],"product_brand":[],"product_cat":[32],"product_tag":[],"class_list":{"0":"post-243","1":"product","2":"type-product","3":"status-publish","4":"has-post-thumbnail","6":"product_cat-curae","8":"first","9":"outofstock","10":"shipping-taxable","11":"purchasable","12":"product-type-simple"},"yoast_head":"<!-- This site is optimized with the Yoast SEO plugin v26.6 - https:\/\/yoast.com\/wordpress\/plugins\/seo\/ -->\n<title>D\u00e9odorant naturel (VEGAN) - Rose 50g - Safinel<\/title>\n<meta name=\"robots\" content=\"index, follow, max-snippet:-1, max-image-preview:large, max-video-preview:-1\" \/>\n<link rel=\"canonical\" href=\"https:\/\/www.safinel.fr\/de\/product-2\/naturliches-deodorant-vegan-rosa-50g\/\" \/>\n<meta property=\"og:locale\" content=\"de_DE\" \/>\n<meta property=\"og:type\" content=\"article\" \/>\n<meta property=\"og:title\" content=\"D\u00e9odorant naturel (VEGAN) - Rose 50g - Safinel\" \/>\n<meta property=\"og:description\" content=\"Dans notre routine beaut\u00e9, il y a au moins une \u00e9tape \u00e0 laquelle nous n\u2019\u00e9chappons pas\u2026 le d\u00e9odorant ! Pour chouchouter vos aisselles, nous avons s\u00e9lectionn\u00e9 avec soin des d\u00e9odorants 100 % naturels.\u00a0Si vous \u00eates \u00e0 la recherche d\u2019un d\u00e9odorant \u00e0 la fois biologique, naturel et \u00e9thique, vous trouverez certainement votre bonheur. Le d\u00e9odorant naturel [...]\" \/>\n<meta property=\"og:url\" content=\"https:\/\/www.safinel.fr\/de\/product-2\/naturliches-deodorant-vegan-rosa-50g\/\" \/>\n<meta property=\"og:site_name\" content=\"Safinel\" \/>\n<meta property=\"article:modified_time\" content=\"2023-12-30T13:55:48+00:00\" \/>\n<meta property=\"og:image\" content=\"https:\/\/www.safinel.fr\/wp-content\/uploads\/2021\/07\/563-large_default.jpg\" \/>\n\t<meta property=\"og:image:width\" content=\"800\" \/>\n\t<meta property=\"og:image:height\" content=\"800\" \/>\n\t<meta property=\"og:image:type\" content=\"image\/jpeg\" \/>\n<meta name=\"twitter:card\" content=\"summary_large_image\" \/>\n<meta name=\"twitter:label1\" content=\"Gesch\u00e4tzte Lesezeit\" \/>\n\t<meta name=\"twitter:data1\" content=\"2\u00a0Minuten\" \/>\n<script type=\"application\/ld+json\" class=\"yoast-schema-graph\">{\"@context\":\"https:\/\/schema.org\",\"@graph\":[{\"@type\":\"WebPage\",\"@id\":\"https:\/\/www.safinel.fr\/produit\/deodorant-naturel-vegan-rose-50g\/\",\"url\":\"https:\/\/www.safinel.fr\/produit\/deodorant-naturel-vegan-rose-50g\/\",\"name\":\"D\u00e9odorant naturel (VEGAN) - Rose 50g - Safinel\",\"isPartOf\":{\"@id\":\"https:\/\/www.safinel.fr\/#website\"},\"primaryImageOfPage\":{\"@id\":\"https:\/\/www.safinel.fr\/produit\/deodorant-naturel-vegan-rose-50g\/#primaryimage\"},\"image\":{\"@id\":\"https:\/\/www.safinel.fr\/produit\/deodorant-naturel-vegan-rose-50g\/#primaryimage\"},\"thumbnailUrl\":\"https:\/\/www.safinel.fr\/wp-content\/uploads\/2021\/07\/563-large_default.jpg\",\"datePublished\":\"2021-07-24T18:58:58+00:00\",\"dateModified\":\"2023-12-30T13:55:48+00:00\",\"breadcrumb\":{\"@id\":\"https:\/\/www.safinel.fr\/produit\/deodorant-naturel-vegan-rose-50g\/#breadcrumb\"},\"inLanguage\":\"de\",\"potentialAction\":[{\"@type\":\"ReadAction\",\"target\":[\"https:\/\/www.safinel.fr\/produit\/deodorant-naturel-vegan-rose-50g\/\"]}]},{\"@type\":\"ImageObject\",\"inLanguage\":\"de\",\"@id\":\"https:\/\/www.safinel.fr\/produit\/deodorant-naturel-vegan-rose-50g\/#primaryimage\",\"url\":\"https:\/\/www.safinel.fr\/wp-content\/uploads\/2021\/07\/563-large_default.jpg\",\"contentUrl\":\"https:\/\/www.safinel.fr\/wp-content\/uploads\/2021\/07\/563-large_default.jpg\",\"width\":800,\"height\":800},{\"@type\":\"BreadcrumbList\",\"@id\":\"https:\/\/www.safinel.fr\/produit\/deodorant-naturel-vegan-rose-50g\/#breadcrumb\",\"itemListElement\":[{\"@type\":\"ListItem\",\"position\":1,\"name\":\"Accueil\",\"item\":\"https:\/\/www.safinel.fr\/\"},{\"@type\":\"ListItem\",\"position\":2,\"name\":\"Boutique\",\"item\":\"https:\/\/www.safinel.fr\/boutique\/\"},{\"@type\":\"ListItem\",\"position\":3,\"name\":\"D\u00e9odorant naturel (VEGAN) &#8211; Rose 50g\"}]},{\"@type\":\"WebSite\",\"@id\":\"https:\/\/www.safinel.fr\/#website\",\"url\":\"https:\/\/www.safinel.fr\/\",\"name\":\"Safinel\",\"description\":\"\",\"publisher\":{\"@id\":\"https:\/\/www.safinel.fr\/#organization\"},\"potentialAction\":[{\"@type\":\"SearchAction\",\"target\":{\"@type\":\"EntryPoint\",\"urlTemplate\":\"https:\/\/www.safinel.fr\/?s={search_term_string}\"},\"query-input\":{\"@type\":\"PropertyValueSpecification\",\"valueRequired\":true,\"valueName\":\"search_term_string\"}}],\"inLanguage\":\"de\"},{\"@type\":\"Organization\",\"@id\":\"https:\/\/www.safinel.fr\/#organization\",\"name\":\"Safinel\",\"url\":\"https:\/\/www.safinel.fr\/\",\"logo\":{\"@type\":\"ImageObject\",\"inLanguage\":\"de\",\"@id\":\"https:\/\/www.safinel.fr\/#\/schema\/logo\/image\/\",\"url\":\"https:\/\/www.safinel.fr\/wp-content\/uploads\/2021\/05\/boutique-cosmetique.png\",\"contentUrl\":\"https:\/\/www.safinel.fr\/wp-content\/uploads\/2021\/05\/boutique-cosmetique.png\",\"width\":800,\"height\":200,\"caption\":\"Safinel\"},\"image\":{\"@id\":\"https:\/\/www.safinel.fr\/#\/schema\/logo\/image\/\"}}]}<\/script>\n<!-- \/ Yoast SEO plugin. -->","yoast_head_json":{"title":"Nat\u00fcrliches Deodorant (VEGAN) - Rose 50g - Safinel","robots":{"index":"index","follow":"follow","max-snippet":"max-snippet:-1","max-image-preview":"max-image-preview:large","max-video-preview":"max-video-preview:-1"},"canonical":"https:\/\/www.safinel.fr\/de\/product-2\/naturliches-deodorant-vegan-rosa-50g\/","og_locale":"de_DE","og_type":"article","og_title":"D\u00e9odorant naturel (VEGAN) - Rose 50g - Safinel","og_description":"Dans notre routine beaut\u00e9, il y a au moins une \u00e9tape \u00e0 laquelle nous n\u2019\u00e9chappons pas\u2026 le d\u00e9odorant ! Pour chouchouter vos aisselles, nous avons s\u00e9lectionn\u00e9 avec soin des d\u00e9odorants 100 % naturels.\u00a0Si vous \u00eates \u00e0 la recherche d\u2019un d\u00e9odorant \u00e0 la fois biologique, naturel et \u00e9thique, vous trouverez certainement votre bonheur. Le d\u00e9odorant naturel [...]","og_url":"https:\/\/www.safinel.fr\/de\/product-2\/naturliches-deodorant-vegan-rosa-50g\/","og_site_name":"Safinel","article_modified_time":"2023-12-30T13:55:48+00:00","og_image":[{"width":800,"height":800,"url":"https:\/\/www.safinel.fr\/wp-content\/uploads\/2021\/07\/563-large_default.jpg","type":"image\/jpeg"}],"twitter_card":"summary_large_image","twitter_misc":{"Gesch\u00e4tzte Lesezeit":"2\u00a0Minuten"},"schema":{"@context":"https:\/\/schema.org","@graph":[{"@type":"WebPage","@id":"https:\/\/www.safinel.fr\/produit\/deodorant-naturel-vegan-rose-50g\/","url":"https:\/\/www.safinel.fr\/produit\/deodorant-naturel-vegan-rose-50g\/","name":"Nat\u00fcrliches Deodorant (VEGAN) - Rose 50g - Safinel","isPartOf":{"@id":"https:\/\/www.safinel.fr\/#website"},"primaryImageOfPage":{"@id":"https:\/\/www.safinel.fr\/produit\/deodorant-naturel-vegan-rose-50g\/#primaryimage"},"image":{"@id":"https:\/\/www.safinel.fr\/produit\/deodorant-naturel-vegan-rose-50g\/#primaryimage"},"thumbnailUrl":"https:\/\/www.safinel.fr\/wp-content\/uploads\/2021\/07\/563-large_default.jpg","datePublished":"2021-07-24T18:58:58+00:00","dateModified":"2023-12-30T13:55:48+00:00","breadcrumb":{"@id":"https:\/\/www.safinel.fr\/produit\/deodorant-naturel-vegan-rose-50g\/#breadcrumb"},"inLanguage":"de","potentialAction":[{"@type":"ReadAction","target":["https:\/\/www.safinel.fr\/produit\/deodorant-naturel-vegan-rose-50g\/"]}]},{"@type":"ImageObject","inLanguage":"de","@id":"https:\/\/www.safinel.fr\/produit\/deodorant-naturel-vegan-rose-50g\/#primaryimage","url":"https:\/\/www.safinel.fr\/wp-content\/uploads\/2021\/07\/563-large_default.jpg","contentUrl":"https:\/\/www.safinel.fr\/wp-content\/uploads\/2021\/07\/563-large_default.jpg","width":800,"height":800},{"@type":"BreadcrumbList","@id":"https:\/\/www.safinel.fr\/produit\/deodorant-naturel-vegan-rose-50g\/#breadcrumb","itemListElement":[{"@type":"ListItem","position":1,"name":"Accueil","item":"https:\/\/www.safinel.fr\/"},{"@type":"ListItem","position":2,"name":"Boutique","item":"https:\/\/www.safinel.fr\/boutique\/"},{"@type":"ListItem","position":3,"name":"D\u00e9odorant naturel (VEGAN) &#8211; Rose 50g"}]},{"@type":"WebSite","@id":"https:\/\/www.safinel.fr\/#website","url":"https:\/\/www.safinel.fr\/","name":"Safinel","description":"","publisher":{"@id":"https:\/\/www.safinel.fr\/#organization"},"potentialAction":[{"@type":"SearchAction","target":{"@type":"EntryPoint","urlTemplate":"https:\/\/www.safinel.fr\/?s={search_term_string}"},"query-input":{"@type":"PropertyValueSpecification","valueRequired":true,"valueName":"search_term_string"}}],"inLanguage":"de"},{"@type":"Organization","@id":"https:\/\/www.safinel.fr\/#organization","name":"Safinel","url":"https:\/\/www.safinel.fr\/","logo":{"@type":"ImageObject","inLanguage":"de","@id":"https:\/\/www.safinel.fr\/#\/schema\/logo\/image\/","url":"https:\/\/www.safinel.fr\/wp-content\/uploads\/2021\/05\/boutique-cosmetique.png","contentUrl":"https:\/\/www.safinel.fr\/wp-content\/uploads\/2021\/05\/boutique-cosmetique.png","width":800,"height":200,"caption":"Safinel"},"image":{"@id":"https:\/\/www.safinel.fr\/#\/schema\/logo\/image\/"}}]}},"_links":{"self":[{"href":"https:\/\/www.safinel.fr\/de\/wp-json\/wp\/v2\/product\/243","targetHints":{"allow":["GET"]}}],"collection":[{"href":"https:\/\/www.safinel.fr\/de\/wp-json\/wp\/v2\/product"}],"about":[{"href":"https:\/\/www.safinel.fr\/de\/wp-json\/wp\/v2\/types\/product"}],"wp:featuredmedia":[{"embeddable":true,"href":"https:\/\/www.safinel.fr\/de\/wp-json\/wp\/v2\/media\/273"}],"wp:attachment":[{"href":"https:\/\/www.safinel.fr\/de\/wp-json\/wp\/v2\/media?parent=243"}],"wp:term":[{"taxonomy":"product_brand","embeddable":true,"href":"https:\/\/www.safinel.fr\/de\/wp-json\/wp\/v2\/product_brand?post=243"},{"taxonomy":"product_cat","embeddable":true,"href":"https:\/\/www.safinel.fr\/de\/wp-json\/wp\/v2\/product_cat?post=243"},{"taxonomy":"product_tag","embeddable":true,"href":"https:\/\/www.safinel.fr\/de\/wp-json\/wp\/v2\/product_tag?post=243"}],"curies":[{"name":"wp","href":"https:\/\/api.w.org\/{rel}","templated":true}]}}