{"id":242,"date":"2021-07-24T18:58:58","date_gmt":"2021-07-24T18:58:58","guid":{"rendered":"https:\/\/www.safinel.fr\/?post_type=product&#038;p=242"},"modified":"2023-12-30T13:55:43","modified_gmt":"2023-12-30T13:55:43","slug":"naturliches-deodorant-100-schwangere-frau","status":"publish","type":"product","link":"https:\/\/www.safinel.fr\/de\/product-2\/naturliches-deodorant-100-schwangere-frau\/","title":{"rendered":"Deodorant 100% Nat\u00fcrlich Schwangere"},"content":{"rendered":"<p>Was f\u00fcr ein Gl\u00fcck, das Leben in sich zu tragen und zu sehen, wie Ihr Bauch Tag f\u00fcr Tag runder wird. Sie strahlen und Ihr Haar ist sch\u00f6ner als je zuvor. Aber schwanger zu sein hat auch seine unangenehmen Seiten, nicht wahr, meine Damen? Und zu diesen geh\u00f6rt auch das Schwitzen! Nein, nein, wir sprechen hier nicht von einem leichten, unauff\u00e4lligen Schwitzen ... sondern eher von einem Hyperschwitzen, das reichlich vorhanden ist und manchmal unangenehm riecht! Und als ob das nicht schon schwierig genug w\u00e4re ... Viele Kosmetika sind w\u00e4hrend der Schwangerschaft wirklich nicht empfehlenswert! Man muss also - noch - mehr darauf achten, was man an seinem K\u00f6rper anbringt. Und insbesondere unter den Achseln.<span class=\"Apple-converted-space\">\u00a0<\/span>Bei D\u00e9odorant Naturel <b>nat\u00fcrliche Deodorants <\/b>sind unsere Spezialit\u00e4t! Sie haben es erraten?! Entdecken Sie ohne weitere Verz\u00f6gerung unser nat\u00fcrliches Deodorant f\u00fcr Schwangere 100%.<\/p>\n<p>In diesem Fall k\u00f6nnten wir Sie dieses Mal mit einem wirklich neuen Produkt \u00fcberraschen... <b>Ein Deodorant f\u00fcr Schwangere<\/b> ! Nat\u00fcrlich, \u00f6kologisch, wirtschaftlich... kurz gesagt, nur Vorteile, damit Sie sich pflegen k\u00f6nnen, ohne sich Sorgen um die Zusammensetzung machen zu m\u00fcssen!<span class=\"Apple-converted-space\">\u00a0<\/span><\/p>\n<p>Zoom auf ein Produkt, das Sie unbedingt zur Hand haben sollten. Oder Achselh\u00f6hle Meine Damen!<span class=\"Apple-converted-space\">\u00a0<\/span><\/p>\n<h2><b>Nat\u00fcrliches Deodorant f\u00fcr Schwangere: Ein kleiner Neuling mit gro\u00dfem Anklang<span class=\"Apple-converted-space\">\u00a0<\/span><\/b><\/h2>\n<p><b>Pr\u00e4sentation<\/b><span class=\"Apple-converted-space\">\u00a0<\/span><\/p>\n<p>Unser <b>nat\u00fcrliches Deodorant f\u00fcr schwangere Frauen<\/b> kommt in einer kleinen, leichten und praktischen Dose. Die Aluminiumdose ist <b>vollst\u00e4ndig wiederverwendbar und unendlich oft recycelbar<\/b>.<span class=\"Apple-converted-space\">\u00a0<\/span><\/p>\n<p>Einer der Hauptvorteile dieses Deodorants besteht darin, dass Sie <b>Nachf\u00fcllpackungen kaufen<\/b> ! Diese werden auf unserer Website einzeln verkauft. Sie finden nat\u00fcrlich auch die <b>nachf\u00fcllpackung nat\u00fcrliches deodorant schwangere frauen<\/b>. Aber auch andere Nachf\u00fcllpackungen. Es spricht also nichts dagegen, dass Sie nach der Geburt den unglaublichen Duft des <a href=\"https:\/\/www.deodorant-naturel.com\/produit\/deodorant-naturel-musc-tahara-vegan-50ml\/\"><b>deodorant moschus tahara<\/b><\/a><b> <\/b>! Ganz zu schweigen davon, dass diese Nachf\u00fcllpackungen in <i>biologisch abbaubare T\u00f6pfe 100%<\/i> ! Hergestellt aus Zuckerrohrfasern und der Deckel aus Maisst\u00e4rke (PLA). Wir wissen, wir sind toll!<span class=\"Apple-converted-space\">\u00a0<\/span><\/p>\n<p>Diese <b>nat\u00fcrliches Antitranspirant<\/b> hat eine cremige, leichte Textur. Ein einziges nat\u00fcrliches Deodorant entspricht zwei oder sogar drei herk\u00f6mmlichen Deodorantsticks auf dem Markt! Sparsam haben wir gesagt!<span class=\"Apple-converted-space\">\u00a0<\/span><\/p>\n<p>Vor allem aber ist dieses Produkt einzigartig und besonders, denn es wurde <b>f\u00fcr schwangere Frauen konfektioniert. <\/b>Er enth\u00e4lt<b> keine \u00e4therischen \u00d6le<\/b>, Es riecht trotzdem nat\u00fcrlich gut. Dieses Deodorant ist :<span class=\"Apple-converted-space\">\u00a0<\/span><\/p>\n<ul>\n<li>Ohne petrochemische Stoffe<\/li>\n<li>Ohne synthetische Stoffe<\/li>\n<li>Ni Hydrierte \u00d6le<\/li>\n<li>Ohne endokrine Disruptoren<\/li>\n<li>Ohne Silikone und Polymere<\/li>\n<li>Ni Phthalate<\/li>\n<li>Ohne Aluminium<\/li>\n<\/ul>\n<p>Das l\u00e4sst alle neidisch werden <b>klassische Deodorants<\/b> auf dem Markt!<span class=\"Apple-converted-space\">\u00a0<\/span><\/p>\n<h3><b>Produktmerkmale<\/b><\/h3>\n<p><b>Format<\/b> : Runder Topf aus Aluminium, dessen Verschluss abgeschraubt werden kann<span class=\"Apple-converted-space\">\u00a0<\/span><\/p>\n<p><b>Gewicht<\/b> : 50g<span class=\"Apple-converted-space\">\u00a0<\/span><\/p>\n<p><b>Material<\/b> : Cremiges Deodorant<\/p>\n<p><b>Geruch<\/b> : Leichter, sehr nat\u00fcrlicher, nicht st\u00f6render Kokosduft<span class=\"Apple-converted-space\">\u00a0<\/span><\/p>\n<p><b>Zusammensetzung<\/b> : COCO NUCIFERA OIL (<a href=\"https:\/\/www.amlou.fr\/produit\/huile-de-coco-bio-vegetale-vierge\/\" target=\"_blank\" rel=\"noopener noreferrer\"><strong>Kokosnuss\u00f6l<\/strong><\/a>), SODIUM BICARBONATE (Natriumbicarbonat), CALCIUM CARBONATE (Calciumcarbonat), CERA ALBA (Bienenwachs).<span class=\"Apple-converted-space\">\u00a0<\/span><\/p>\n<p><b>Tipp :<\/b> Wenn Sie die Zusammensetzung eines Produkts \u00fcberpr\u00fcfen m\u00f6chten, gehen Sie auf die Website von <i>die INCI Beauty<\/i>. Du kannst nach Inhaltsstoffen suchen. In diesem nat\u00fcrlichen Deodorant f\u00fcr Schwangere zum Beispiel ist nichts zu finden!<span class=\"Apple-converted-space\">\u00a0<\/span><\/p>\n<h3><b>Nat\u00fcrliches Deodorant: Formatwechsel und... Gewohnheiten!<span class=\"Apple-converted-space\">\u00a0<\/span><\/b><\/h3>\n<p>Der Wechsel zu nat\u00fcrlichen Produkten ist nicht unbedingt f\u00fcr jeden ein leichter \u00dcbergang. Neue Gewohnheiten, andere Ger\u00fcche und Texturen... Aber schlie\u00dflich, wenn man bedenkt, dass ein herk\u00f6mmliches Deodorant Aluminiumsalze enth\u00e4lt, ist die Anstrengung \u00fcberwindbar! Und es enth\u00e4lt sogar noch viele andere endokrine Disruptoren! Sich f\u00fcr ein Deodorant von D\u00e9odorant Naturel zu entscheiden, ist \u00fcbrigens gar nicht so anstrengend. Es hat sogar viele Vorteile:<span class=\"Apple-converted-space\">\u00a0<\/span><\/p>\n<ul>\n<li>Es ist langfristig weniger kostspielig<\/li>\n<li>Diese Art von<b> Deodorant ist 100% nat\u00fcrlich<\/b>, mit einer eigenen Zusammensetzung<span class=\"Apple-converted-space\">\u00a0<\/span><\/li>\n<li>Alle unsere nat\u00fcrlichen Deodorants sind <b>nicht an Tieren getestet<span class=\"Apple-converted-space\">\u00a0<\/span><\/b><\/li>\n<li>Unsere Produkte sind <b>Franz\u00f6sisch<\/b><span class=\"Apple-converted-space\">\u00a0<\/span><\/li>\n<li>Einige unserer Deodorants sind <b>vegans<\/b>, wie unser unwiderstehliches <b><a href=\"https:\/\/www.deodorant-naturel.com\/produit\/deodorant-naturel-vegan\/\">nat\u00fcrliches Rosendeodorant<\/a><span class=\"Apple-converted-space\">\u00a0<\/span><\/b><\/li>\n<li>Sie sind <b>\u00f6konomisch und \u00f6kologisch<\/b>, Die Verpackung ist 100% wiederverwendbar und recycelbar.<span class=\"Apple-converted-space\">\u00a0<\/span><\/li>\n<\/ul>\n<h3><b>Die Eigenschaften des Deodorants f\u00fcr Schwangere<span class=\"Apple-converted-space\">\u00a0<\/span><\/b><\/h3>\n<p>Apropos Vorteile: Unser nat\u00fcrliches Deodorant f\u00fcr Schwangere hat viele davon! Hier sind die Eigenschaften, von denen Sie profitieren k\u00f6nnen:<span class=\"Apple-converted-space\">\u00a0<\/span><\/p>\n<ul>\n<li>Es ist kein Antitranspirant, sondern ein Deodorant! Es verhindert also nicht das Schwitzen, das eine ganz normale nat\u00fcrliche und physiologische Reaktion des K\u00f6rpers ist. <b>Er erm\u00f6glicht vielmehr, sie zu regulieren<\/b>, Sie k\u00f6nnen sich auch auf die Haut auswirken, ohne das endokrine System anzugreifen. <span class=\"Apple-converted-space\">\u00a0<\/span><\/li>\n<li>Das nat\u00fcrliche Deodorant f\u00fcr Schwangere enth\u00e4lt Natron. Dieses ist bekannt f\u00fcr<b> Feuchtigkeit, hier also Schwei\u00df, aufnehmen.<\/b><\/li>\n<li>Das in diesem Produkt enthaltene Kokosnuss\u00f6l ist ideal f\u00fcr die Haut. Neben seinem zarten Duft ist es <b>antimikrobiell<\/b>. Dadurch werden die Bakterien, die f\u00fcr schlechte Ger\u00fcche verantwortlich sind, bek\u00e4mpft. Dieses Pflanzen\u00f6l macht dieses Deodorant f\u00fcr Schwangere auch viel mehr <b>feuchtigkeitsspendend<\/b>. Und <b>respektiert zarte und empfindliche Haut.<span class=\"Apple-converted-space\">\u00a0<\/span><\/b><\/li>\n<li>Natron ist auch ein <b>Inhaltsstoff mit entz\u00fcndungshemmenden Eigenschaften<\/b>. Das bedeutet, dass du dein nat\u00fcrliches Superdeodorant direkt nach der Rasur verwenden kannst! Denn es hilft\u2019<b>den Rasurbrand lindern.<\/b> Ziemlich erleichternd, wenn man wei\u00df, wie es sich anf\u00fchlt, wenn man mit einem klassischen Deoroller unter frisch rasierten Achseln f\u00e4hrt. Allein der Gedanke daran w\u00fcrde uns fast schon stechen!<span class=\"Apple-converted-space\">\u00a0<\/span><\/li>\n<li>Dieses nat\u00fcrliche Deodorant f\u00fcr Schwangere hat <b>lang anhaltender Halt<\/b>. Sie k\u00f6nnen also den Strapazen der Schwangerschaft standhalten und dabei ziemlich glamour\u00f6s bleiben! Ist das nicht eine gute Nachricht?<span class=\"Apple-converted-space\">\u00a0<\/span><\/li>\n<\/ul>\n<h3><b>Wie verwende ich dieses Deodorant f\u00fcr Schwangere?<span class=\"Apple-converted-space\">\u00a0<\/span><\/b><\/h3>\n<p>Wenn man es gewohnt ist, Deodorant-Kugeln oder -Sprays zu verwenden, kann dieses Deodorant zugegebenerma\u00dfen etwas verwirrend sein. \u00ab\u00a0<i>Werde ich wirklich meine Finger in dieses Deodorant stecken m\u00fcssen.<\/i> ? \u00bb. Ja, Ma'am! Aber ein Finger gen\u00fcgt. Und zwar ein sauberer! Und wenn Sie das nicht m\u00f6gen, reicht auch ein kleiner, flacher L\u00f6ffel oder \u00e4hnliches.<span class=\"Apple-converted-space\">\u00a0<\/span><\/p>\n<p>Nach einer ausgiebigen Dusche, <b>tragen Sie eine haselnussgro\u00dfe Menge Ihres nat\u00fcrlichen Deodorants unter Ihren Achseln auf.<\/b> Sie k\u00f6nnen es t\u00e4glich verwenden!<span class=\"Apple-converted-space\">\u00a0<\/span><\/p>\n<p>Schlie\u00dflich ist es dank seiner praktischen Gr\u00f6\u00dfe ein leicht zu transportierendes Deodorant.<\/p>\n<p>Und wenn Sie noch nicht ganz von nat\u00fcrlichen Deodorants \u00fcberzeugt sind oder z\u00f6gern, diese Umstellung vorzunehmen... Schauen Sie sich gerne unseren Blogartikel zu diesem Thema an: \u00ab<b>\u00a0Warum Sie sich f\u00fcr nat\u00fcrliche Deodorants entscheiden sollten<\/b> ? \u00bb Darin werden unter anderem die chemischen Substanzen erw\u00e4hnt, die sich darin befinden...!<span class=\"Apple-converted-space\">\u00a0<\/span><\/p>\n<p>Anmerkung: Wir empfehlen Ihnen die <a href=\"https:\/\/www.biomielandco.com\/medecine-traditionnelle-sunna\/99-chajarat-mariam-infertilite.html\" target=\"_blank\" rel=\"noopener\"><strong>Rose von Jericho<\/strong><\/a> um Ihre Schwangerschaft zu f\u00f6rdern.<\/p>","protected":false},"excerpt":{"rendered":"<p>Was f\u00fcr ein Gl\u00fcck, ein Kind zu erwarten und zu sehen, wie der Bauch Tag f\u00fcr Tag runder wird. Sie strahlen und Ihr Haar ist sch\u00f6ner denn je. Aber schwanger zu sein hat auch seine Schattenseiten, nicht wahr, meine Damen? Und dazu geh\u00f6rt auch das Schwitzen! Nein, nein, wir sprechen hier nicht von leichtem Schwitzen [\u2026]","protected":false},"featured_media":272,"template":"","meta":[],"product_brand":[],"product_cat":[32],"product_tag":[],"class_list":{"0":"post-242","1":"product","2":"type-product","3":"status-publish","4":"has-post-thumbnail","6":"product_cat-curae","8":"first","9":"outofstock","10":"shipping-taxable","11":"purchasable","12":"product-type-simple"},"yoast_head":"<!-- This site is optimized with the Yoast SEO plugin v26.6 - https:\/\/yoast.com\/wordpress\/plugins\/seo\/ -->\n<title>D\u00e9odorant 100% Naturel Femme enceinte - Safinel<\/title>\n<meta name=\"robots\" content=\"index, follow, max-snippet:-1, max-image-preview:large, max-video-preview:-1\" \/>\n<link rel=\"canonical\" href=\"https:\/\/www.safinel.fr\/de\/product-2\/naturliches-deodorant-100-schwangere-frau\/\" \/>\n<meta property=\"og:locale\" content=\"de_DE\" \/>\n<meta property=\"og:type\" content=\"article\" \/>\n<meta property=\"og:title\" content=\"D\u00e9odorant 100% Naturel Femme enceinte - Safinel\" \/>\n<meta property=\"og:description\" content=\"Quel bonheur de porter la vie, de voir son ventre s\u2019arrondir jour apr\u00e8s jour. Vous rayonnez et votre chevelure est plus belle que jamais. Mais \u00eatre enceinte a aussi son lot de d\u00e9sagr\u00e9ments, n\u2019est-ce pas Mesdames ? Et parmi eux, il y a la transpiration ! Non, non, on ne parle pas d\u2019une petite transpiration [...]\" \/>\n<meta property=\"og:url\" content=\"https:\/\/www.safinel.fr\/de\/product-2\/naturliches-deodorant-100-schwangere-frau\/\" \/>\n<meta property=\"og:site_name\" content=\"Safinel\" \/>\n<meta property=\"article:modified_time\" content=\"2023-12-30T13:55:43+00:00\" \/>\n<meta property=\"og:image\" content=\"https:\/\/www.safinel.fr\/wp-content\/uploads\/2021\/07\/562-large_default.jpg\" \/>\n\t<meta property=\"og:image:width\" content=\"800\" \/>\n\t<meta property=\"og:image:height\" content=\"800\" \/>\n\t<meta property=\"og:image:type\" content=\"image\/jpeg\" \/>\n<meta name=\"twitter:card\" content=\"summary_large_image\" \/>\n<meta name=\"twitter:label1\" content=\"Gesch\u00e4tzte Lesezeit\" \/>\n\t<meta name=\"twitter:data1\" content=\"6\u00a0Minuten\" \/>\n<script type=\"application\/ld+json\" class=\"yoast-schema-graph\">{\"@context\":\"https:\/\/schema.org\",\"@graph\":[{\"@type\":\"WebPage\",\"@id\":\"https:\/\/www.safinel.fr\/produit\/deodorant-100-naturel-femme-enceinte\/\",\"url\":\"https:\/\/www.safinel.fr\/produit\/deodorant-100-naturel-femme-enceinte\/\",\"name\":\"D\u00e9odorant 100% Naturel Femme enceinte - Safinel\",\"isPartOf\":{\"@id\":\"https:\/\/www.safinel.fr\/#website\"},\"primaryImageOfPage\":{\"@id\":\"https:\/\/www.safinel.fr\/produit\/deodorant-100-naturel-femme-enceinte\/#primaryimage\"},\"image\":{\"@id\":\"https:\/\/www.safinel.fr\/produit\/deodorant-100-naturel-femme-enceinte\/#primaryimage\"},\"thumbnailUrl\":\"https:\/\/www.safinel.fr\/wp-content\/uploads\/2021\/07\/562-large_default.jpg\",\"datePublished\":\"2021-07-24T18:58:58+00:00\",\"dateModified\":\"2023-12-30T13:55:43+00:00\",\"breadcrumb\":{\"@id\":\"https:\/\/www.safinel.fr\/produit\/deodorant-100-naturel-femme-enceinte\/#breadcrumb\"},\"inLanguage\":\"de\",\"potentialAction\":[{\"@type\":\"ReadAction\",\"target\":[\"https:\/\/www.safinel.fr\/produit\/deodorant-100-naturel-femme-enceinte\/\"]}]},{\"@type\":\"ImageObject\",\"inLanguage\":\"de\",\"@id\":\"https:\/\/www.safinel.fr\/produit\/deodorant-100-naturel-femme-enceinte\/#primaryimage\",\"url\":\"https:\/\/www.safinel.fr\/wp-content\/uploads\/2021\/07\/562-large_default.jpg\",\"contentUrl\":\"https:\/\/www.safinel.fr\/wp-content\/uploads\/2021\/07\/562-large_default.jpg\",\"width\":800,\"height\":800},{\"@type\":\"BreadcrumbList\",\"@id\":\"https:\/\/www.safinel.fr\/produit\/deodorant-100-naturel-femme-enceinte\/#breadcrumb\",\"itemListElement\":[{\"@type\":\"ListItem\",\"position\":1,\"name\":\"Accueil\",\"item\":\"https:\/\/www.safinel.fr\/\"},{\"@type\":\"ListItem\",\"position\":2,\"name\":\"Boutique\",\"item\":\"https:\/\/www.safinel.fr\/boutique\/\"},{\"@type\":\"ListItem\",\"position\":3,\"name\":\"D\u00e9odorant 100% Naturel Femme enceinte\"}]},{\"@type\":\"WebSite\",\"@id\":\"https:\/\/www.safinel.fr\/#website\",\"url\":\"https:\/\/www.safinel.fr\/\",\"name\":\"Safinel\",\"description\":\"\",\"publisher\":{\"@id\":\"https:\/\/www.safinel.fr\/#organization\"},\"potentialAction\":[{\"@type\":\"SearchAction\",\"target\":{\"@type\":\"EntryPoint\",\"urlTemplate\":\"https:\/\/www.safinel.fr\/?s={search_term_string}\"},\"query-input\":{\"@type\":\"PropertyValueSpecification\",\"valueRequired\":true,\"valueName\":\"search_term_string\"}}],\"inLanguage\":\"de\"},{\"@type\":\"Organization\",\"@id\":\"https:\/\/www.safinel.fr\/#organization\",\"name\":\"Safinel\",\"url\":\"https:\/\/www.safinel.fr\/\",\"logo\":{\"@type\":\"ImageObject\",\"inLanguage\":\"de\",\"@id\":\"https:\/\/www.safinel.fr\/#\/schema\/logo\/image\/\",\"url\":\"https:\/\/www.safinel.fr\/wp-content\/uploads\/2021\/05\/boutique-cosmetique.png\",\"contentUrl\":\"https:\/\/www.safinel.fr\/wp-content\/uploads\/2021\/05\/boutique-cosmetique.png\",\"width\":800,\"height\":200,\"caption\":\"Safinel\"},\"image\":{\"@id\":\"https:\/\/www.safinel.fr\/#\/schema\/logo\/image\/\"}}]}<\/script>\n<!-- \/ Yoast SEO plugin. -->","yoast_head_json":{"title":"Deodorant 100% Natural Schwangere - Safinel","robots":{"index":"index","follow":"follow","max-snippet":"max-snippet:-1","max-image-preview":"max-image-preview:large","max-video-preview":"max-video-preview:-1"},"canonical":"https:\/\/www.safinel.fr\/de\/product-2\/naturliches-deodorant-100-schwangere-frau\/","og_locale":"de_DE","og_type":"article","og_title":"D\u00e9odorant 100% Naturel Femme enceinte - Safinel","og_description":"Quel bonheur de porter la vie, de voir son ventre s\u2019arrondir jour apr\u00e8s jour. Vous rayonnez et votre chevelure est plus belle que jamais. Mais \u00eatre enceinte a aussi son lot de d\u00e9sagr\u00e9ments, n\u2019est-ce pas Mesdames ? Et parmi eux, il y a la transpiration ! Non, non, on ne parle pas d\u2019une petite transpiration [...]","og_url":"https:\/\/www.safinel.fr\/de\/product-2\/naturliches-deodorant-100-schwangere-frau\/","og_site_name":"Safinel","article_modified_time":"2023-12-30T13:55:43+00:00","og_image":[{"width":800,"height":800,"url":"https:\/\/www.safinel.fr\/wp-content\/uploads\/2021\/07\/562-large_default.jpg","type":"image\/jpeg"}],"twitter_card":"summary_large_image","twitter_misc":{"Gesch\u00e4tzte Lesezeit":"6\u00a0Minuten"},"schema":{"@context":"https:\/\/schema.org","@graph":[{"@type":"WebPage","@id":"https:\/\/www.safinel.fr\/produit\/deodorant-100-naturel-femme-enceinte\/","url":"https:\/\/www.safinel.fr\/produit\/deodorant-100-naturel-femme-enceinte\/","name":"Deodorant 100% Natural Schwangere - Safinel","isPartOf":{"@id":"https:\/\/www.safinel.fr\/#website"},"primaryImageOfPage":{"@id":"https:\/\/www.safinel.fr\/produit\/deodorant-100-naturel-femme-enceinte\/#primaryimage"},"image":{"@id":"https:\/\/www.safinel.fr\/produit\/deodorant-100-naturel-femme-enceinte\/#primaryimage"},"thumbnailUrl":"https:\/\/www.safinel.fr\/wp-content\/uploads\/2021\/07\/562-large_default.jpg","datePublished":"2021-07-24T18:58:58+00:00","dateModified":"2023-12-30T13:55:43+00:00","breadcrumb":{"@id":"https:\/\/www.safinel.fr\/produit\/deodorant-100-naturel-femme-enceinte\/#breadcrumb"},"inLanguage":"de","potentialAction":[{"@type":"ReadAction","target":["https:\/\/www.safinel.fr\/produit\/deodorant-100-naturel-femme-enceinte\/"]}]},{"@type":"ImageObject","inLanguage":"de","@id":"https:\/\/www.safinel.fr\/produit\/deodorant-100-naturel-femme-enceinte\/#primaryimage","url":"https:\/\/www.safinel.fr\/wp-content\/uploads\/2021\/07\/562-large_default.jpg","contentUrl":"https:\/\/www.safinel.fr\/wp-content\/uploads\/2021\/07\/562-large_default.jpg","width":800,"height":800},{"@type":"BreadcrumbList","@id":"https:\/\/www.safinel.fr\/produit\/deodorant-100-naturel-femme-enceinte\/#breadcrumb","itemListElement":[{"@type":"ListItem","position":1,"name":"Accueil","item":"https:\/\/www.safinel.fr\/"},{"@type":"ListItem","position":2,"name":"Boutique","item":"https:\/\/www.safinel.fr\/boutique\/"},{"@type":"ListItem","position":3,"name":"D\u00e9odorant 100% Naturel Femme enceinte"}]},{"@type":"WebSite","@id":"https:\/\/www.safinel.fr\/#website","url":"https:\/\/www.safinel.fr\/","name":"Safinel","description":"","publisher":{"@id":"https:\/\/www.safinel.fr\/#organization"},"potentialAction":[{"@type":"SearchAction","target":{"@type":"EntryPoint","urlTemplate":"https:\/\/www.safinel.fr\/?s={search_term_string}"},"query-input":{"@type":"PropertyValueSpecification","valueRequired":true,"valueName":"search_term_string"}}],"inLanguage":"de"},{"@type":"Organization","@id":"https:\/\/www.safinel.fr\/#organization","name":"Safinel","url":"https:\/\/www.safinel.fr\/","logo":{"@type":"ImageObject","inLanguage":"de","@id":"https:\/\/www.safinel.fr\/#\/schema\/logo\/image\/","url":"https:\/\/www.safinel.fr\/wp-content\/uploads\/2021\/05\/boutique-cosmetique.png","contentUrl":"https:\/\/www.safinel.fr\/wp-content\/uploads\/2021\/05\/boutique-cosmetique.png","width":800,"height":200,"caption":"Safinel"},"image":{"@id":"https:\/\/www.safinel.fr\/#\/schema\/logo\/image\/"}}]}},"_links":{"self":[{"href":"https:\/\/www.safinel.fr\/de\/wp-json\/wp\/v2\/product\/242","targetHints":{"allow":["GET"]}}],"collection":[{"href":"https:\/\/www.safinel.fr\/de\/wp-json\/wp\/v2\/product"}],"about":[{"href":"https:\/\/www.safinel.fr\/de\/wp-json\/wp\/v2\/types\/product"}],"wp:featuredmedia":[{"embeddable":true,"href":"https:\/\/www.safinel.fr\/de\/wp-json\/wp\/v2\/media\/272"}],"wp:attachment":[{"href":"https:\/\/www.safinel.fr\/de\/wp-json\/wp\/v2\/media?parent=242"}],"wp:term":[{"taxonomy":"product_brand","embeddable":true,"href":"https:\/\/www.safinel.fr\/de\/wp-json\/wp\/v2\/product_brand?post=242"},{"taxonomy":"product_cat","embeddable":true,"href":"https:\/\/www.safinel.fr\/de\/wp-json\/wp\/v2\/product_cat?post=242"},{"taxonomy":"product_tag","embeddable":true,"href":"https:\/\/www.safinel.fr\/de\/wp-json\/wp\/v2\/product_tag?post=242"}],"curies":[{"name":"wp","href":"https:\/\/api.w.org\/{rel}","templated":true}]}}