{"id":2314,"date":"2022-08-23T19:58:06","date_gmt":"2022-08-23T19:58:06","guid":{"rendered":"https:\/\/www.safinel.fr\/?post_type=product&#038;p=2314"},"modified":"2024-02-12T09:19:14","modified_gmt":"2024-02-12T09:19:14","slug":"palmenpollengel","status":"publish","type":"product","link":"https:\/\/www.safinel.fr\/de\/product-2\/palmenpollengel\/","title":{"rendered":"Palmenpollen-Kapseln"},"content":{"rendered":"<p>Kennen Sie die\u00a0<strong>Palmenpollen-Kapseln<\/strong>\u00a0? Wenn nicht, k\u00f6nnen Sie beruhigt sein, denn wir werden Ihnen mehr dar\u00fcber erz\u00e4hlen! Bekannt daf\u00fcr, dass er dabei hilft, bestimmte Aspekte der Gesundheit zu verbessern, probieren Sie ihn noch heute aus und entdecken Sie die Vorteile dieses nat\u00fcrlichen Schatzes f\u00fcr Ihr Wohlbefinden.<\/p>\n<h2><strong>Gehen Sie auf Entdeckungsreise mit Palmenpollen-Kapseln\u00a0<\/strong><\/h2>\n<p>Denn Palmenpollen sind ein nat\u00fcrlicher Schatz, der aus der\u00a0<strong>Bl\u00fcte der Dattelpalme<\/strong>\u00a0(Phoenix dactylifera). Es wird insbesondere aus den m\u00e4nnlichen Staubbl\u00e4ttern der Bl\u00fcte geerntet. Dann wird es getrocknet und zu Kapseln f\u00fcr den praktischen Gebrauch verarbeitet.<\/p>\n<p>Au\u00dferdem ist letzteres ein Nahrungserg\u00e4nzungsmittel, das reich an essentiellen N\u00e4hrstoffen ist! Und das sind z. B. Vitamine, Mineralien, Aminos\u00e4uren, Enzyme und Antioxidantien.<\/p>\n<h2><strong>Palmenpollen - eine Quelle von Vorteilen f\u00fcr Ihre Gesundheit<\/strong><\/h2>\n<p>Es ist f\u00fcr seine zahlreichen gesundheitlichen Vorteile bekannt.<\/p>\n<p><strong>Hier sind einige seiner Vorteile, die Sie interessieren k\u00f6nnten:<\/strong><\/p>\n<ul>\n<li><strong>Verbesserung der reproduktiven Gesundheit<\/strong><strong>\u00a0:<\/strong>\u00a0in der Tat wird Palmenpollen nachgesagt, dass sie die reproduktive Gesundheit bei M\u00e4nnern und Frauen f\u00f6rdern. Dar\u00fcber hinaus k\u00f6nnen sie dazu beitragen\u00a0<strong>das Verlangen steigern<\/strong>, Sie k\u00f6nnen die Fruchtbarkeit verbessern und das reibungslose Funktionieren des Fortpflanzungssystems unterst\u00fctzen.<\/li>\n<li><strong>St\u00e4rkung des Immunsystems<\/strong><strong>\u00a0:<\/strong>\u00a0dank seines hohen Gehalts an Antioxidantien kann es helfen, das Immunsystem zu st\u00e4rken.  Au\u00dferdem ist dieses<strong>\u00a0Naturprodukt<\/strong>\u00a0kann auch dazu beitragen, die Symptome von saisonalen Allergien zu verringern.<\/li>\n<li><strong>Verbesserung der Energie und Vitalit\u00e4t\u00a0<\/strong><strong>:<\/strong>\u00a0aufgrund seines Reichtums an essentiellen N\u00e4hrstoffen kann er helfen, das Energieniveau zu erh\u00f6hen, M\u00fcdigkeit zu verringern.<\/li>\n<\/ul>\n<h3><strong>Tipps zur Verwendung<\/strong><\/h3>\n<p>Um die Vorteile von Palmenpollen voll auszusch\u00f6pfen, hier einige Tipps zur Anwendung :<\/p>\n<p>Zun\u00e4chst einmal sollten Sie sich an die empfohlene Dosierung halten. Nehmen Sie t\u00e4glich 2 bis 4 Palmenpollen-Kapseln ein, am besten mit einer Mahlzeit.<\/p>\n<p>Zweitens wird f\u00fcr eine optimale Anwendung empfohlen, die Palmenpollen-Kapseln regelm\u00e4\u00dfig einzunehmen. Die Ergebnisse k\u00f6nnen von Person zu Person unterschiedlich sein, daher ist es ratsam, vorher einen Gesundheitsexperten zu konsultieren.<\/p>\n<p>Palmenpollenkapseln sollten an einem k\u00fchlen, trockenen Ort aufbewahrt werden, an dem sie vor direkter Sonneneinstrahlung gesch\u00fctzt sind.\u00a0<a href=\"https:\/\/www.safinel.fr\/de\/product-2\/falsche-einhorngelenke\/\"><strong>Kapseln mit falschem Einhorn<\/strong><\/a>...<\/p>\n<p>Achte darauf, dass du die Flasche nach jedem Gebrauch wieder gut verschlie\u00dft.<\/p>","protected":false},"excerpt":{"rendered":"<p><strong>Empfehlungen :<\/strong><\/p>\n<ul>\n<li>Nutzen Sie die Vorteile von Palmenpollen in Kapseln f\u00fcr mehr Leichtigkeit.<\/li>\n<li>Die Kapseln werden in wiederverschlie\u00dfbaren und recycelbaren Kraftpapierbeuteln geliefert, die umweltfreundlich sind.<\/li>\n<li>Nehmen Sie 2 Kapseln morgens auf n\u00fcchternen Magen ein.<\/li>\n<\/ul>\n<p><img decoding=\"async\" class=\"size-full wp-image-5091 aligncenter\" src=\"https:\/\/www.safinel.fr\/wp-content\/uploads\/2021\/06\/BANNIERE-ICONE-SAFINEL.webp\" alt=\"Satines-R\u00fcckversicherung\" width=\"800\" height=\"200\" srcset=\"https:\/\/www.safinel.fr\/wp-content\/uploads\/2021\/06\/BANNIERE-ICONE-SAFINEL.webp 800w, https:\/\/www.safinel.fr\/wp-content\/uploads\/2021\/06\/BANNIERE-ICONE-SAFINEL-600x150.webp 600w, https:\/\/www.safinel.fr\/wp-content\/uploads\/2021\/06\/BANNIERE-ICONE-SAFINEL-768x192.webp 768w\" sizes=\"(max-width: 800px) 100vw, 800px\" \/><\/p>","protected":false},"featured_media":2317,"template":"","meta":[],"product_brand":[],"product_cat":[15],"product_tag":[],"class_list":{"0":"post-2314","1":"product","2":"type-product","3":"status-publish","4":"has-post-thumbnail","6":"product_cat-fertilite","8":"first","9":"outofstock","10":"shipping-taxable","11":"purchasable","12":"product-type-variable"},"yoast_head":"<!-- This site is optimized with the Yoast SEO plugin v26.6 - https:\/\/yoast.com\/wordpress\/plugins\/seo\/ -->\n<title>G\u00e9lules de pollen de palmier | Bienfaits nombreux pour la fertilit\u00e9<\/title>\n<meta name=\"description\" content=\"Connaissez-vous les\u00a0g\u00e9lules de pollen de palmier\u00a0? Si ce n\u2019est pas encore le cas, rassurez-vous nous allons vous en dire davantage !\" \/>\n<meta name=\"robots\" content=\"index, follow, max-snippet:-1, max-image-preview:large, max-video-preview:-1\" \/>\n<link rel=\"canonical\" href=\"https:\/\/www.safinel.fr\/de\/product-2\/palmenpollengel\/\" \/>\n<meta property=\"og:locale\" content=\"de_DE\" \/>\n<meta property=\"og:type\" content=\"article\" \/>\n<meta property=\"og:title\" content=\"G\u00e9lules de pollen de palmier | Bienfaits nombreux pour la fertilit\u00e9\" \/>\n<meta property=\"og:description\" content=\"Connaissez-vous les\u00a0g\u00e9lules de pollen de palmier\u00a0? Si ce n\u2019est pas encore le cas, rassurez-vous nous allons vous en dire davantage !\" \/>\n<meta property=\"og:url\" content=\"https:\/\/www.safinel.fr\/de\/product-2\/palmenpollengel\/\" \/>\n<meta property=\"og:site_name\" content=\"Safinel\" \/>\n<meta property=\"article:modified_time\" content=\"2024-02-12T09:19:14+00:00\" \/>\n<meta property=\"og:image\" content=\"https:\/\/www.safinel.fr\/wp-content\/uploads\/2022\/08\/gelules-de-pollen-de-palmier.jpg\" \/>\n\t<meta property=\"og:image:width\" content=\"600\" \/>\n\t<meta property=\"og:image:height\" content=\"600\" \/>\n\t<meta property=\"og:image:type\" content=\"image\/jpeg\" \/>\n<meta name=\"twitter:card\" content=\"summary_large_image\" \/>\n<meta name=\"twitter:label1\" content=\"Gesch\u00e4tzte Lesezeit\" \/>\n\t<meta name=\"twitter:data1\" content=\"2\u00a0Minuten\" \/>\n<script type=\"application\/ld+json\" class=\"yoast-schema-graph\">{\"@context\":\"https:\/\/schema.org\",\"@graph\":[{\"@type\":\"WebPage\",\"@id\":\"https:\/\/www.safinel.fr\/produit\/gelules-de-pollen-de-palmier\/\",\"url\":\"https:\/\/www.safinel.fr\/produit\/gelules-de-pollen-de-palmier\/\",\"name\":\"G\u00e9lules de pollen de palmier | Bienfaits nombreux pour la fertilit\u00e9\",\"isPartOf\":{\"@id\":\"https:\/\/www.safinel.fr\/#website\"},\"primaryImageOfPage\":{\"@id\":\"https:\/\/www.safinel.fr\/produit\/gelules-de-pollen-de-palmier\/#primaryimage\"},\"image\":{\"@id\":\"https:\/\/www.safinel.fr\/produit\/gelules-de-pollen-de-palmier\/#primaryimage\"},\"thumbnailUrl\":\"https:\/\/www.safinel.fr\/wp-content\/uploads\/2022\/08\/gelules-de-pollen-de-palmier.jpg\",\"datePublished\":\"2022-08-23T19:58:06+00:00\",\"dateModified\":\"2024-02-12T09:19:14+00:00\",\"description\":\"Connaissez-vous les\u00a0g\u00e9lules de pollen de palmier\u00a0? Si ce n\u2019est pas encore le cas, rassurez-vous nous allons vous en dire davantage !\",\"breadcrumb\":{\"@id\":\"https:\/\/www.safinel.fr\/produit\/gelules-de-pollen-de-palmier\/#breadcrumb\"},\"inLanguage\":\"de\",\"potentialAction\":[{\"@type\":\"ReadAction\",\"target\":[\"https:\/\/www.safinel.fr\/produit\/gelules-de-pollen-de-palmier\/\"]}]},{\"@type\":\"ImageObject\",\"inLanguage\":\"de\",\"@id\":\"https:\/\/www.safinel.fr\/produit\/gelules-de-pollen-de-palmier\/#primaryimage\",\"url\":\"https:\/\/www.safinel.fr\/wp-content\/uploads\/2022\/08\/gelules-de-pollen-de-palmier.jpg\",\"contentUrl\":\"https:\/\/www.safinel.fr\/wp-content\/uploads\/2022\/08\/gelules-de-pollen-de-palmier.jpg\",\"width\":600,\"height\":600,\"caption\":\"G\u00e9lules de pollen de palmier\"},{\"@type\":\"BreadcrumbList\",\"@id\":\"https:\/\/www.safinel.fr\/produit\/gelules-de-pollen-de-palmier\/#breadcrumb\",\"itemListElement\":[{\"@type\":\"ListItem\",\"position\":1,\"name\":\"Accueil\",\"item\":\"https:\/\/www.safinel.fr\/\"},{\"@type\":\"ListItem\",\"position\":2,\"name\":\"Boutique\",\"item\":\"https:\/\/www.safinel.fr\/boutique\/\"},{\"@type\":\"ListItem\",\"position\":3,\"name\":\"G\u00e9lules de pollen de palmier\"}]},{\"@type\":\"WebSite\",\"@id\":\"https:\/\/www.safinel.fr\/#website\",\"url\":\"https:\/\/www.safinel.fr\/\",\"name\":\"Safinel\",\"description\":\"\",\"publisher\":{\"@id\":\"https:\/\/www.safinel.fr\/#organization\"},\"potentialAction\":[{\"@type\":\"SearchAction\",\"target\":{\"@type\":\"EntryPoint\",\"urlTemplate\":\"https:\/\/www.safinel.fr\/?s={search_term_string}\"},\"query-input\":{\"@type\":\"PropertyValueSpecification\",\"valueRequired\":true,\"valueName\":\"search_term_string\"}}],\"inLanguage\":\"de\"},{\"@type\":\"Organization\",\"@id\":\"https:\/\/www.safinel.fr\/#organization\",\"name\":\"Safinel\",\"url\":\"https:\/\/www.safinel.fr\/\",\"logo\":{\"@type\":\"ImageObject\",\"inLanguage\":\"de\",\"@id\":\"https:\/\/www.safinel.fr\/#\/schema\/logo\/image\/\",\"url\":\"https:\/\/www.safinel.fr\/wp-content\/uploads\/2021\/05\/boutique-cosmetique.png\",\"contentUrl\":\"https:\/\/www.safinel.fr\/wp-content\/uploads\/2021\/05\/boutique-cosmetique.png\",\"width\":800,\"height\":200,\"caption\":\"Safinel\"},\"image\":{\"@id\":\"https:\/\/www.safinel.fr\/#\/schema\/logo\/image\/\"}}]}<\/script>\n<!-- \/ Yoast SEO plugin. -->","yoast_head_json":{"title":"Palmenpollen-Kapseln | Zahlreiche Vorteile f\u00fcr die Fruchtbarkeit","description":"Kennen Sie schon Palmenpollen-Kapseln? Falls nicht, k\u00f6nnen Sie beruhigt sein, denn wir werden Ihnen noch mehr dar\u00fcber erz\u00e4hlen!","robots":{"index":"index","follow":"follow","max-snippet":"max-snippet:-1","max-image-preview":"max-image-preview:large","max-video-preview":"max-video-preview:-1"},"canonical":"https:\/\/www.safinel.fr\/de\/product-2\/palmenpollengel\/","og_locale":"de_DE","og_type":"article","og_title":"G\u00e9lules de pollen de palmier | Bienfaits nombreux pour la fertilit\u00e9","og_description":"Connaissez-vous les\u00a0g\u00e9lules de pollen de palmier\u00a0? Si ce n\u2019est pas encore le cas, rassurez-vous nous allons vous en dire davantage !","og_url":"https:\/\/www.safinel.fr\/de\/product-2\/palmenpollengel\/","og_site_name":"Safinel","article_modified_time":"2024-02-12T09:19:14+00:00","og_image":[{"width":600,"height":600,"url":"https:\/\/www.safinel.fr\/wp-content\/uploads\/2022\/08\/gelules-de-pollen-de-palmier.jpg","type":"image\/jpeg"}],"twitter_card":"summary_large_image","twitter_misc":{"Gesch\u00e4tzte Lesezeit":"2\u00a0Minuten"},"schema":{"@context":"https:\/\/schema.org","@graph":[{"@type":"WebPage","@id":"https:\/\/www.safinel.fr\/produit\/gelules-de-pollen-de-palmier\/","url":"https:\/\/www.safinel.fr\/produit\/gelules-de-pollen-de-palmier\/","name":"Palmenpollen-Kapseln | Zahlreiche Vorteile f\u00fcr die Fruchtbarkeit","isPartOf":{"@id":"https:\/\/www.safinel.fr\/#website"},"primaryImageOfPage":{"@id":"https:\/\/www.safinel.fr\/produit\/gelules-de-pollen-de-palmier\/#primaryimage"},"image":{"@id":"https:\/\/www.safinel.fr\/produit\/gelules-de-pollen-de-palmier\/#primaryimage"},"thumbnailUrl":"https:\/\/www.safinel.fr\/wp-content\/uploads\/2022\/08\/gelules-de-pollen-de-palmier.jpg","datePublished":"2022-08-23T19:58:06+00:00","dateModified":"2024-02-12T09:19:14+00:00","description":"Kennen Sie schon Palmenpollen-Kapseln? Falls nicht, k\u00f6nnen Sie beruhigt sein, denn wir werden Ihnen noch mehr dar\u00fcber erz\u00e4hlen!","breadcrumb":{"@id":"https:\/\/www.safinel.fr\/produit\/gelules-de-pollen-de-palmier\/#breadcrumb"},"inLanguage":"de","potentialAction":[{"@type":"ReadAction","target":["https:\/\/www.safinel.fr\/produit\/gelules-de-pollen-de-palmier\/"]}]},{"@type":"ImageObject","inLanguage":"de","@id":"https:\/\/www.safinel.fr\/produit\/gelules-de-pollen-de-palmier\/#primaryimage","url":"https:\/\/www.safinel.fr\/wp-content\/uploads\/2022\/08\/gelules-de-pollen-de-palmier.jpg","contentUrl":"https:\/\/www.safinel.fr\/wp-content\/uploads\/2022\/08\/gelules-de-pollen-de-palmier.jpg","width":600,"height":600,"caption":"G\u00e9lules de pollen de palmier"},{"@type":"BreadcrumbList","@id":"https:\/\/www.safinel.fr\/produit\/gelules-de-pollen-de-palmier\/#breadcrumb","itemListElement":[{"@type":"ListItem","position":1,"name":"Accueil","item":"https:\/\/www.safinel.fr\/"},{"@type":"ListItem","position":2,"name":"Boutique","item":"https:\/\/www.safinel.fr\/boutique\/"},{"@type":"ListItem","position":3,"name":"G\u00e9lules de pollen de palmier"}]},{"@type":"WebSite","@id":"https:\/\/www.safinel.fr\/#website","url":"https:\/\/www.safinel.fr\/","name":"Safinel","description":"","publisher":{"@id":"https:\/\/www.safinel.fr\/#organization"},"potentialAction":[{"@type":"SearchAction","target":{"@type":"EntryPoint","urlTemplate":"https:\/\/www.safinel.fr\/?s={search_term_string}"},"query-input":{"@type":"PropertyValueSpecification","valueRequired":true,"valueName":"search_term_string"}}],"inLanguage":"de"},{"@type":"Organization","@id":"https:\/\/www.safinel.fr\/#organization","name":"Safinel","url":"https:\/\/www.safinel.fr\/","logo":{"@type":"ImageObject","inLanguage":"de","@id":"https:\/\/www.safinel.fr\/#\/schema\/logo\/image\/","url":"https:\/\/www.safinel.fr\/wp-content\/uploads\/2021\/05\/boutique-cosmetique.png","contentUrl":"https:\/\/www.safinel.fr\/wp-content\/uploads\/2021\/05\/boutique-cosmetique.png","width":800,"height":200,"caption":"Safinel"},"image":{"@id":"https:\/\/www.safinel.fr\/#\/schema\/logo\/image\/"}}]}},"_links":{"self":[{"href":"https:\/\/www.safinel.fr\/de\/wp-json\/wp\/v2\/product\/2314","targetHints":{"allow":["GET"]}}],"collection":[{"href":"https:\/\/www.safinel.fr\/de\/wp-json\/wp\/v2\/product"}],"about":[{"href":"https:\/\/www.safinel.fr\/de\/wp-json\/wp\/v2\/types\/product"}],"wp:featuredmedia":[{"embeddable":true,"href":"https:\/\/www.safinel.fr\/de\/wp-json\/wp\/v2\/media\/2317"}],"wp:attachment":[{"href":"https:\/\/www.safinel.fr\/de\/wp-json\/wp\/v2\/media?parent=2314"}],"wp:term":[{"taxonomy":"product_brand","embeddable":true,"href":"https:\/\/www.safinel.fr\/de\/wp-json\/wp\/v2\/product_brand?post=2314"},{"taxonomy":"product_cat","embeddable":true,"href":"https:\/\/www.safinel.fr\/de\/wp-json\/wp\/v2\/product_cat?post=2314"},{"taxonomy":"product_tag","embeddable":true,"href":"https:\/\/www.safinel.fr\/de\/wp-json\/wp\/v2\/product_tag?post=2314"}],"curies":[{"name":"wp","href":"https:\/\/api.w.org\/{rel}","templated":true}]}}