{"id":2296,"date":"2022-08-22T15:27:55","date_gmt":"2022-08-22T15:27:55","guid":{"rendered":"https:\/\/www.safinel.fr\/?post_type=product&#038;p=2296"},"modified":"2025-12-09T09:34:05","modified_gmt":"2025-12-09T09:34:05","slug":"kapsel-zur-intimen-verengung","status":"publish","type":"product","link":"https:\/\/www.safinel.fr\/de\/product-2\/kapsel-zur-intimen-verengung\/","title":{"rendered":"Kapsel zur Verengung des Intimbereichs (vaginal)"},"content":{"rendered":"<p class=\"p1\">Sie sind auf der Suche nach einer L\u00f6sung, um Ihr Gef\u00fchl beim <b>Geschlechtsverkehr<\/b> ? Die <b>Kapsel zur intimen Verengung <\/b>ist eine <b>intime Eizelle <\/b>zur Verbesserung der <b>vaginaler Komfort.<\/b><\/p>\n<p class=\"p1\">Entdecken Sie also das Produkt <b>Vagicare<\/b> und ihre Vorteile!<span class=\"Apple-converted-space\">\u00a0<\/span><\/p>\n<h2 class=\"p3\"><b>Die Kapsel zur Intimstraffung: der diskrete Verb\u00fcndete der Frauen!<span class=\"Apple-converted-space\">\u00a0<\/span><\/b><\/h2>\n<p class=\"p1\">Diese <b>Intimverengungsei<\/b> \u00e4hnelt auf den ersten Blick den<b> Nachtkerzenkapseln.<\/b> Au\u00dferdem besitzen diese auch Tugenden, die mit Vagicare verwandt sein k\u00f6nnen.<span class=\"Apple-converted-space\">\u00a0<\/span><\/p>\n<p class=\"p1\">Allerdings ist unser Produkt f\u00fcr <b>weibliche Intimit\u00e4t <\/b>hat eine spezifischere Wirkung und wirkt so auf die elastischen Fasern im Inneren der Vagina.<span class=\"Apple-converted-space\">\u00a0<\/span><\/p>\n<p class=\"p1\">Diese <b>Intimkapseln <\/b>kommen in Packungen mit jeweils drei separat verpackten Eizellen, die f\u00fcr absolute Hygiene sorgen.<span class=\"Apple-converted-space\">\u00a0<\/span><\/p>\n<p class=\"p1\"><i>Inhaltsstoffe: Kuh-seng, Frustus cnidii, Poria cocos, Carthamus tinctorious, Aloe Vera, Borneol, Propolis, Mutterkraut.<span class=\"Apple-converted-space\">\u00a0<\/span><\/i><\/p>\n<h2 class=\"p3\"><b>Welche Eigenschaften hat die Kapsel zur Intimstraffung?<span class=\"Apple-converted-space\">\u00a0<\/span><\/b><\/h2>\n<p class=\"p1\">Wenn der Hauptgrund f\u00fcr die Verwendung dieser <b>Vaginalovula<\/b> sind der <b>Verengung der Intimbereiche, <\/b>wissen, dass Sie auch von anderen Vorteilen profitieren werden:<span class=\"Apple-converted-space\">\u00a0<\/span><\/p>\n<ul class=\"ul1\">\n<li class=\"li1\">Vaginalflora wieder ins Gleichgewicht gebracht ;<\/li>\n<li class=\"li1\">Entz\u00fcndungshemmende und antiinfekti\u00f6se Eigenschaften ;<span class=\"Apple-converted-space\">\u00a0<\/span><\/li>\n<li class=\"li1\">Den pH-Wert der Vagina wiederherstellen ;<span class=\"Apple-converted-space\">\u00a0<\/span><\/li>\n<li class=\"li1\">Gegen Trockenheit im Intimbereich ;<span class=\"Apple-converted-space\">\u00a0<\/span><\/li>\n<li class=\"li1\">Tr\u00e4gt zum <a href=\"https:\/\/www.safinel.fr\/de\/product-2\/vaginalkreide\/\"><strong>vaginale Verengung<\/strong><\/a>.<span class=\"Apple-converted-space\">\u00a0<\/span><\/li>\n<\/ul>\n<p class=\"p1\">Beachten Sie, dass Sie parallel dazu auch <a href=\"https:\/\/www.safinel.fr\/de\/product-2\/vetiverwurzeln\/\"><b>Khamar\u00e9-Wurzeln<\/b><\/a>, oder der <b><a href=\"https:\/\/www.safinel.fr\/de\/product-2\/nep-pulver-nep\/\">Nep Nep<\/a>.<\/b> Zwei wohltuende afrikanische Pflanzen empfohlen f\u00fcr die\u2019<b>weibliche Intimit\u00e4t.<span class=\"Apple-converted-space\">\u00a0<\/span><\/b><\/p>\n<h2 class=\"p3\"><b>Tipps zur Verwendung<span class=\"Apple-converted-space\">\u00a0<\/span><\/b><\/h2>\n<ol class=\"ol1\">\n<li class=\"li1\">Im ersten Schritt den Intimbereich sowie die H\u00e4nde waschen; ;<span class=\"Apple-converted-space\">\u00a0<\/span><\/li>\n<li class=\"li1\">Bedecken Sie am besten den Zeigefinger, um eine vollst\u00e4ndige Hygiene zu gew\u00e4hrleisten, und legen oder setzen Sie sich ;<span class=\"Apple-converted-space\">\u00a0<\/span><\/li>\n<li class=\"li1\">F\u00fchren Sie dann eine Intimkapsel in die Scheide ein, etwa 3-4 cm entfernt. <span class=\"Apple-converted-space\">\u00a0<\/span><\/li>\n<\/ol>\n<p class=\"p1\">Es wird empfohlen, die Vaginalstraffungs-Ovula 2 Stunden vor dem Geschlechtsverkehr oder vor dem Schlafengehen zu verwenden.<span class=\"Apple-converted-space\">\u00a0<\/span><\/p>\n<h3 class=\"p3\"><b>Vorsichtsma\u00dfnahmen<span class=\"Apple-converted-space\">\u00a0<\/span><\/b><\/h3>\n<ul>\n<li class=\"p1\">Es ist von gr\u00f6\u00dfter Wichtigkeit, dass Sie die auf der Produktverpackung angegebenen Vorsichtsma\u00dfnahmen f\u00fcr den Gebrauch befolgen.<span class=\"Apple-converted-space\">\u00a0<\/span><\/li>\n<li class=\"p1\"><b>Wir sind nicht f\u00fcr eine falsche Verwendung verantwortlich.<span class=\"Apple-converted-space\">\u00a0<\/span><\/b><\/li>\n<li class=\"p1\"><b>Au\u00dferdem sollten Sie Ihren Arzt um Rat fragen, bevor Sie auf solche nichtmedizinischen Produkte zur\u00fcckgreifen.<span class=\"Apple-converted-space\">\u00a0<\/span><\/b><\/li>\n<\/ul>","protected":false},"excerpt":{"rendered":"<p><strong>Verwendung :\u00a0<\/strong><\/p>\n<ul>\n<li>Waschen Sie sich die H\u00e4nde<\/li>\n<li>Setzen Sie die Kapsel eine Stunde vor dem Schlafengehen ein.<\/li>\n<li>Wenn Sie sich hinlegen oder hinhocken, verwenden Sie Ihren Zeige- oder Mittelfinger, um die Kapsel sanft etwa 5 cm weit in Ihre Vagina zu schieben.<\/li>\n<\/ul>","protected":false},"featured_media":2297,"template":"","meta":[],"product_brand":[],"product_cat":[109,23],"product_tag":[],"class_list":{"0":"post-2296","1":"product","2":"type-product","3":"status-publish","4":"has-post-thumbnail","6":"product_cat-exercice-de-kegel","7":"product_cat-hygiene-feminine","9":"first","10":"outofstock","11":"shipping-taxable","12":"purchasable","13":"product-type-variable"},"yoast_head":"<!-- This site is optimized with the Yoast SEO plugin v26.6 - https:\/\/yoast.com\/wordpress\/plugins\/seo\/ -->\n<title>Capsule de resserrement intime I Aide au resserrement du vagin<\/title>\n<meta name=\"description\" content=\"La capsule de resserrement intime est une ovule intime permettant d\u2019am\u00e9liorer le confort vaginal. Adoptez-l\u00e0 en quelques clics !\" \/>\n<meta name=\"robots\" content=\"index, follow, max-snippet:-1, max-image-preview:large, max-video-preview:-1\" \/>\n<link rel=\"canonical\" href=\"https:\/\/www.safinel.fr\/de\/product-2\/kapsel-zur-intimen-verengung\/\" \/>\n<meta property=\"og:locale\" content=\"de_DE\" \/>\n<meta property=\"og:type\" content=\"article\" \/>\n<meta property=\"og:title\" content=\"Capsule de resserrement intime I Aide au resserrement du vagin\" \/>\n<meta property=\"og:description\" content=\"La capsule de resserrement intime est une ovule intime permettant d\u2019am\u00e9liorer le confort vaginal. Adoptez-l\u00e0 en quelques clics !\" \/>\n<meta property=\"og:url\" content=\"https:\/\/www.safinel.fr\/de\/product-2\/kapsel-zur-intimen-verengung\/\" \/>\n<meta property=\"og:site_name\" content=\"Safinel\" \/>\n<meta property=\"article:modified_time\" content=\"2025-12-09T09:34:05+00:00\" \/>\n<meta property=\"og:image\" content=\"https:\/\/www.safinel.fr\/wp-content\/uploads\/2022\/08\/capsule-resserrement-vaginal-intime.jpg\" \/>\n\t<meta property=\"og:image:width\" content=\"600\" \/>\n\t<meta property=\"og:image:height\" content=\"600\" \/>\n\t<meta property=\"og:image:type\" content=\"image\/jpeg\" \/>\n<meta name=\"twitter:card\" content=\"summary_large_image\" \/>\n<meta name=\"twitter:label1\" content=\"Gesch\u00e4tzte Lesezeit\" \/>\n\t<meta name=\"twitter:data1\" content=\"2\u00a0Minuten\" \/>\n<script type=\"application\/ld+json\" class=\"yoast-schema-graph\">{\"@context\":\"https:\/\/schema.org\",\"@graph\":[{\"@type\":\"WebPage\",\"@id\":\"https:\/\/www.safinel.fr\/produit\/capsule-de-resserrement-intime\/\",\"url\":\"https:\/\/www.safinel.fr\/produit\/capsule-de-resserrement-intime\/\",\"name\":\"Capsule de resserrement intime I Aide au resserrement du vagin\",\"isPartOf\":{\"@id\":\"https:\/\/www.safinel.fr\/#website\"},\"primaryImageOfPage\":{\"@id\":\"https:\/\/www.safinel.fr\/produit\/capsule-de-resserrement-intime\/#primaryimage\"},\"image\":{\"@id\":\"https:\/\/www.safinel.fr\/produit\/capsule-de-resserrement-intime\/#primaryimage\"},\"thumbnailUrl\":\"https:\/\/www.safinel.fr\/wp-content\/uploads\/2022\/08\/capsule-resserrement-vaginal-intime.jpg\",\"datePublished\":\"2022-08-22T15:27:55+00:00\",\"dateModified\":\"2025-12-09T09:34:05+00:00\",\"description\":\"La capsule de resserrement intime est une ovule intime permettant d\u2019am\u00e9liorer le confort vaginal. Adoptez-l\u00e0 en quelques clics !\",\"breadcrumb\":{\"@id\":\"https:\/\/www.safinel.fr\/produit\/capsule-de-resserrement-intime\/#breadcrumb\"},\"inLanguage\":\"de\",\"potentialAction\":[{\"@type\":\"ReadAction\",\"target\":[\"https:\/\/www.safinel.fr\/produit\/capsule-de-resserrement-intime\/\"]}]},{\"@type\":\"ImageObject\",\"inLanguage\":\"de\",\"@id\":\"https:\/\/www.safinel.fr\/produit\/capsule-de-resserrement-intime\/#primaryimage\",\"url\":\"https:\/\/www.safinel.fr\/wp-content\/uploads\/2022\/08\/capsule-resserrement-vaginal-intime.jpg\",\"contentUrl\":\"https:\/\/www.safinel.fr\/wp-content\/uploads\/2022\/08\/capsule-resserrement-vaginal-intime.jpg\",\"width\":600,\"height\":600,\"caption\":\"Capsule de resserrement intime (vaginal)\"},{\"@type\":\"BreadcrumbList\",\"@id\":\"https:\/\/www.safinel.fr\/produit\/capsule-de-resserrement-intime\/#breadcrumb\",\"itemListElement\":[{\"@type\":\"ListItem\",\"position\":1,\"name\":\"Accueil\",\"item\":\"https:\/\/www.safinel.fr\/\"},{\"@type\":\"ListItem\",\"position\":2,\"name\":\"Boutique\",\"item\":\"https:\/\/www.safinel.fr\/boutique\/\"},{\"@type\":\"ListItem\",\"position\":3,\"name\":\"Capsule de resserrement intime (vaginal)\"}]},{\"@type\":\"WebSite\",\"@id\":\"https:\/\/www.safinel.fr\/#website\",\"url\":\"https:\/\/www.safinel.fr\/\",\"name\":\"Safinel\",\"description\":\"\",\"publisher\":{\"@id\":\"https:\/\/www.safinel.fr\/#organization\"},\"potentialAction\":[{\"@type\":\"SearchAction\",\"target\":{\"@type\":\"EntryPoint\",\"urlTemplate\":\"https:\/\/www.safinel.fr\/?s={search_term_string}\"},\"query-input\":{\"@type\":\"PropertyValueSpecification\",\"valueRequired\":true,\"valueName\":\"search_term_string\"}}],\"inLanguage\":\"de\"},{\"@type\":\"Organization\",\"@id\":\"https:\/\/www.safinel.fr\/#organization\",\"name\":\"Safinel\",\"url\":\"https:\/\/www.safinel.fr\/\",\"logo\":{\"@type\":\"ImageObject\",\"inLanguage\":\"de\",\"@id\":\"https:\/\/www.safinel.fr\/#\/schema\/logo\/image\/\",\"url\":\"https:\/\/www.safinel.fr\/wp-content\/uploads\/2021\/05\/boutique-cosmetique.png\",\"contentUrl\":\"https:\/\/www.safinel.fr\/wp-content\/uploads\/2021\/05\/boutique-cosmetique.png\",\"width\":800,\"height\":200,\"caption\":\"Safinel\"},\"image\":{\"@id\":\"https:\/\/www.safinel.fr\/#\/schema\/logo\/image\/\"}}]}<\/script>\n<!-- \/ Yoast SEO plugin. -->","yoast_head_json":{"title":"Kapsel zur Verengung des Intimbereichs I Hilft bei der Verengung der Vagina","description":"Die Intimkapsel ist ein Intimovulum zur Verbesserung des vaginalen Wohlbefindens. Mit nur wenigen Klicks k\u00f6nnen Sie die Kapsel \u00fcbernehmen!","robots":{"index":"index","follow":"follow","max-snippet":"max-snippet:-1","max-image-preview":"max-image-preview:large","max-video-preview":"max-video-preview:-1"},"canonical":"https:\/\/www.safinel.fr\/de\/product-2\/kapsel-zur-intimen-verengung\/","og_locale":"de_DE","og_type":"article","og_title":"Capsule de resserrement intime I Aide au resserrement du vagin","og_description":"La capsule de resserrement intime est une ovule intime permettant d\u2019am\u00e9liorer le confort vaginal. Adoptez-l\u00e0 en quelques clics !","og_url":"https:\/\/www.safinel.fr\/de\/product-2\/kapsel-zur-intimen-verengung\/","og_site_name":"Safinel","article_modified_time":"2025-12-09T09:34:05+00:00","og_image":[{"width":600,"height":600,"url":"https:\/\/www.safinel.fr\/wp-content\/uploads\/2022\/08\/capsule-resserrement-vaginal-intime.jpg","type":"image\/jpeg"}],"twitter_card":"summary_large_image","twitter_misc":{"Gesch\u00e4tzte Lesezeit":"2\u00a0Minuten"},"schema":{"@context":"https:\/\/schema.org","@graph":[{"@type":"WebPage","@id":"https:\/\/www.safinel.fr\/produit\/capsule-de-resserrement-intime\/","url":"https:\/\/www.safinel.fr\/produit\/capsule-de-resserrement-intime\/","name":"Kapsel zur Verengung des Intimbereichs I Hilft bei der Verengung der Vagina","isPartOf":{"@id":"https:\/\/www.safinel.fr\/#website"},"primaryImageOfPage":{"@id":"https:\/\/www.safinel.fr\/produit\/capsule-de-resserrement-intime\/#primaryimage"},"image":{"@id":"https:\/\/www.safinel.fr\/produit\/capsule-de-resserrement-intime\/#primaryimage"},"thumbnailUrl":"https:\/\/www.safinel.fr\/wp-content\/uploads\/2022\/08\/capsule-resserrement-vaginal-intime.jpg","datePublished":"2022-08-22T15:27:55+00:00","dateModified":"2025-12-09T09:34:05+00:00","description":"Die Intimkapsel ist ein Intimovulum zur Verbesserung des vaginalen Wohlbefindens. Mit nur wenigen Klicks k\u00f6nnen Sie die Kapsel \u00fcbernehmen!","breadcrumb":{"@id":"https:\/\/www.safinel.fr\/produit\/capsule-de-resserrement-intime\/#breadcrumb"},"inLanguage":"de","potentialAction":[{"@type":"ReadAction","target":["https:\/\/www.safinel.fr\/produit\/capsule-de-resserrement-intime\/"]}]},{"@type":"ImageObject","inLanguage":"de","@id":"https:\/\/www.safinel.fr\/produit\/capsule-de-resserrement-intime\/#primaryimage","url":"https:\/\/www.safinel.fr\/wp-content\/uploads\/2022\/08\/capsule-resserrement-vaginal-intime.jpg","contentUrl":"https:\/\/www.safinel.fr\/wp-content\/uploads\/2022\/08\/capsule-resserrement-vaginal-intime.jpg","width":600,"height":600,"caption":"Capsule de resserrement intime (vaginal)"},{"@type":"BreadcrumbList","@id":"https:\/\/www.safinel.fr\/produit\/capsule-de-resserrement-intime\/#breadcrumb","itemListElement":[{"@type":"ListItem","position":1,"name":"Accueil","item":"https:\/\/www.safinel.fr\/"},{"@type":"ListItem","position":2,"name":"Boutique","item":"https:\/\/www.safinel.fr\/boutique\/"},{"@type":"ListItem","position":3,"name":"Capsule de resserrement intime (vaginal)"}]},{"@type":"WebSite","@id":"https:\/\/www.safinel.fr\/#website","url":"https:\/\/www.safinel.fr\/","name":"Safinel","description":"","publisher":{"@id":"https:\/\/www.safinel.fr\/#organization"},"potentialAction":[{"@type":"SearchAction","target":{"@type":"EntryPoint","urlTemplate":"https:\/\/www.safinel.fr\/?s={search_term_string}"},"query-input":{"@type":"PropertyValueSpecification","valueRequired":true,"valueName":"search_term_string"}}],"inLanguage":"de"},{"@type":"Organization","@id":"https:\/\/www.safinel.fr\/#organization","name":"Safinel","url":"https:\/\/www.safinel.fr\/","logo":{"@type":"ImageObject","inLanguage":"de","@id":"https:\/\/www.safinel.fr\/#\/schema\/logo\/image\/","url":"https:\/\/www.safinel.fr\/wp-content\/uploads\/2021\/05\/boutique-cosmetique.png","contentUrl":"https:\/\/www.safinel.fr\/wp-content\/uploads\/2021\/05\/boutique-cosmetique.png","width":800,"height":200,"caption":"Safinel"},"image":{"@id":"https:\/\/www.safinel.fr\/#\/schema\/logo\/image\/"}}]}},"_links":{"self":[{"href":"https:\/\/www.safinel.fr\/de\/wp-json\/wp\/v2\/product\/2296","targetHints":{"allow":["GET"]}}],"collection":[{"href":"https:\/\/www.safinel.fr\/de\/wp-json\/wp\/v2\/product"}],"about":[{"href":"https:\/\/www.safinel.fr\/de\/wp-json\/wp\/v2\/types\/product"}],"wp:featuredmedia":[{"embeddable":true,"href":"https:\/\/www.safinel.fr\/de\/wp-json\/wp\/v2\/media\/2297"}],"wp:attachment":[{"href":"https:\/\/www.safinel.fr\/de\/wp-json\/wp\/v2\/media?parent=2296"}],"wp:term":[{"taxonomy":"product_brand","embeddable":true,"href":"https:\/\/www.safinel.fr\/de\/wp-json\/wp\/v2\/product_brand?post=2296"},{"taxonomy":"product_cat","embeddable":true,"href":"https:\/\/www.safinel.fr\/de\/wp-json\/wp\/v2\/product_cat?post=2296"},{"taxonomy":"product_tag","embeddable":true,"href":"https:\/\/www.safinel.fr\/de\/wp-json\/wp\/v2\/product_tag?post=2296"}],"curies":[{"name":"wp","href":"https:\/\/api.w.org\/{rel}","templated":true}]}}