{"id":2284,"date":"2022-08-22T14:39:29","date_gmt":"2022-08-22T14:39:29","guid":{"rendered":"https:\/\/www.safinel.fr\/?post_type=product&#038;p=2284"},"modified":"2026-03-03T16:30:17","modified_gmt":"2026-03-03T16:30:17","slug":"schwarzer-knoblauch","status":"publish","type":"product","link":"https:\/\/www.safinel.fr\/de\/product-2\/schwarzer-knoblauch\/","title":{"rendered":"Schwarzer Knoblauch"},"content":{"rendered":"<p>Eine Entdeckung, die viele \u00fcberraschen k\u00f6nnte, erwartet Sie in Ihrem Safinel-Shop! Machen Sie Bekanntschaft mit dem\u2019<strong>schwarzer Knoblauch<\/strong>\u00a0und seinen zahlreichen Vorteilen<\/p>\n<h2><strong>Schwarzer Knoblauch : Was ist das?<\/strong><\/h2>\n<p>Haben Sie schon einmal mit schwarzem Knoblauch zu tun gehabt? W\u00e4hrend einige zweifelnd bleiben und sich fragen, wie dieser\u00a0<strong>W\u00fcrze<\/strong>, Wenn Sie sich nicht sicher sind, was Sie tun sollen, dann machen Sie es sich bequem. Dieser ist normalerweise unter seiner wei\u00dfen Farbe bekannt. Vor und nach dem Sch\u00e4len bleibt sein Aussehen klar!<\/p>\n<p>Der schwarze Knoblauch ist jedoch ganz anders und hat andere Eigenschaften. Urspr\u00fcnglich stammt diese Pflanze aus Asien, hat aber auch den Westen verzaubert! W\u00e4hrend sein Geschmack und Geruch beim klassischen Anblick hartn\u00e4ckig erscheinen, kann man ihn auch so zubereiten, dass er leichter schmeckt. Er erinnert an Lakritze und Balsamico. S\u00fc\u00df und ein wenig s\u00e4uerlich, k\u00f6nnte er viele \u00fcberraschen!<\/p>\n<h2><strong>Wie verwendet man schwarzen Knoblauch?\u00a0<\/strong><\/h2>\n<p>F\u00fcr alle, die neugierig sind und wissen m\u00f6chten, wie man dieses Gew\u00fcrz verwendet, haben wir hier ein paar Tipps! Es ist wahr, dass genau wie der\u2019<strong>klassischen Knoblauch,<\/strong>\u00a0haben Sie die M\u00f6glichkeit, es f\u00fcr Ihre kulinarischen W\u00fcnsche zu verwenden. Ganz, zerdr\u00fcckt oder auch geschnetzelt - der Koch sind Sie! Sein Geschmack, der dem feinen Balsamico \u00e4hnelt, kann so Ihren Rezepten einen neuen Geschmack verleihen. Ob als Brotaufstrich oder als Beilage zu Bratkartoffeln, schwarzer Knoblauch k\u00f6nnte das Gew\u00fcrz sein, das in Ihrer K\u00fcche noch gefehlt hat.<\/p>\n<p>\u00dcbrigens kann man sie auch bei der Zubereitung von bestimmten Desserts verwenden!<\/p>\n<h2><strong>Der Rezeptmoment mit schwarzem Knoblauch :\u00a0<\/strong><\/h2>\n<p>Hier ist die kleine Zutatenliste: 200 g Schokolade, 150 g Butter, 100 g Rohrzucker, 3 Eier, 10 g schwarzer Knoblauch.<\/p>\n<ul>\n<li>Als Erstes die Schokolade in einem Topf in St\u00fccke brechen und im Wasserbad kochen lassen.<\/li>\n<li>Die zuvor weiche Butter in eine Sch\u00fcssel geben, den Rohrzucker hinzuf\u00fcgen und verr\u00fchren, bis eine cremige, fl\u00fcssige Masse entsteht.<\/li>\n<li>Geben Sie dann die Eier nacheinander abwechselnd mit dem Mehl und dem schwarzen Knoblauchpulver hinzu. R\u00fchren Sie w\u00e4hrend jedes Einsetzens gut um, damit der Teig gleichm\u00e4\u00dfig wird.<\/li>\n<li>Zum Schluss die geschmolzene Schokolade hinzuf\u00fcgen. Umr\u00fchren und die Mischung in die Form geben.<\/li>\n<li>In den Ofen stellen, den Sie zuvor auf 150\u00b0 Grad vorgeheizt haben.<\/li>\n<li>Nun m\u00fcssen Sie nur noch 15 bis 25 Minuten warten, je nachdem, was Sie kochen m\u00f6chten.<\/li>\n<\/ul>\n<h3><strong>Die Vorteile eines ungew\u00f6hnlichen Gew\u00fcrzes\u00a0<\/strong><\/h3>\n<p>Was w\u00e4re, wenn es an der Zeit w\u00e4re, einen Blick auf die Vorteile dieses Gew\u00fcrzes zu werfen?<\/p>\n<ul>\n<li>Ein Vorteil, um den\u00a0<strong>Cholesterin\u00a0<\/strong><\/li>\n<li>Es ist ein Vorteil gegen Fetts\u00e4uren<\/li>\n<li>Gut, um bei der Bek\u00e4mpfung von Infektionen zu helfen<\/li>\n<li>Es ist auch bekannt, dass es ein Plus zur Vorbeugung von\u00a0<strong>Herz-Kreislauf-Erkrankungen\u00a0<\/strong><\/li>\n<li>Ein Pluspunkt gegen Bluthochdruck<\/li>\n<\/ul>\n<p>Sie haben verstanden, dass diese W\u00fcrze, so untypisch sie auch sein mag, eine echte\u00a0<strong>Schatz der Natur\u00a0<\/strong>! Und wir wissen, wie wichtig Ihnen die<strong>\u00a0Naturreichtum<\/strong>. Aus diesem Grund k\u00f6nnte schwarzer Knoblauch die\u2019<strong>alicament\u00a0<\/strong>den Sie vermisst haben!<\/p>\n<p>Z\u00f6gern Sie nicht l\u00e4nger und geh\u00f6ren Sie zu denjenigen, die sich trauen, den\u00a0<strong>Naturprodukte<\/strong>.\u00a0<a href=\"https:\/\/www.safinel.fr\/de\/product-2\/turkesteronpulver\/\"><strong>Turkesteron in Pulverform<\/strong><\/a>\u00a0oder\u00a0<a href=\"https:\/\/www.safinel.fr\/de\/product-2\/gourowurzeln\/\"><strong>Gouro-Wurzeln<\/strong><\/a>, Wenn Sie sich f\u00fcr ein bestimmtes Thema interessieren, haben Sie bei Safinel die Qual der Wahl!<\/p>","protected":false},"excerpt":{"rendered":"<p>Eine Entdeckung, die viele \u00fcberraschen k\u00f6nnte, erwartet Sie in Ihrem Safinel-Shop! Machen Sie die Bekanntschaft mit schwarzem Knoblauch und seinen zahlreichen Vorteilen ... Schwarzer Knoblauch : Was ist schwarzer Knoblauch? Haben Sie schon einmal mit schwarzem Knoblauch zu tun gehabt? Wenn manche zweifelnd bleiben und sich fragen, wie dieses Gew\u00fcrz wohl aussehen mag, setzen Sie sich anst\u00e4ndig [...].","protected":false},"featured_media":2285,"template":"","meta":[],"product_brand":[],"product_cat":[28,44],"product_tag":[],"class_list":{"0":"post-2284","1":"product","2":"type-product","3":"status-publish","4":"has-post-thumbnail","6":"product_cat-divers","7":"product_cat-epices","9":"first","10":"outofstock","11":"shipping-taxable","12":"purchasable","13":"product-type-variable"},"yoast_head":"<!-- This site is optimized with the Yoast SEO plugin v26.6 - https:\/\/yoast.com\/wordpress\/plugins\/seo\/ -->\n<title>Ail noir I Bienfaits nombreux I Achat et recette en ligne<\/title>\n<meta name=\"description\" content=\"Une d\u00e9couverte qui pourrait en surprendre plus d\u2019un vous attend chez Safinel ! Faites la rencontre de l\u2019ail noir\u00a0et de ses nombreux bienfaits\u2026\" \/>\n<meta name=\"robots\" content=\"index, follow, max-snippet:-1, max-image-preview:large, max-video-preview:-1\" \/>\n<link rel=\"canonical\" href=\"https:\/\/www.safinel.fr\/de\/product-2\/schwarzer-knoblauch\/\" \/>\n<meta property=\"og:locale\" content=\"de_DE\" \/>\n<meta property=\"og:type\" content=\"article\" \/>\n<meta property=\"og:title\" content=\"Ail noir I Bienfaits nombreux I Achat et recette en ligne\" \/>\n<meta property=\"og:description\" content=\"Une d\u00e9couverte qui pourrait en surprendre plus d\u2019un vous attend chez Safinel ! Faites la rencontre de l\u2019ail noir\u00a0et de ses nombreux bienfaits\u2026\" \/>\n<meta property=\"og:url\" content=\"https:\/\/www.safinel.fr\/de\/product-2\/schwarzer-knoblauch\/\" \/>\n<meta property=\"og:site_name\" content=\"Safinel\" \/>\n<meta property=\"article:modified_time\" content=\"2026-03-03T16:30:17+00:00\" \/>\n<meta property=\"og:image\" content=\"https:\/\/www.safinel.fr\/wp-content\/uploads\/2022\/08\/ail-noir-gousse-unique-et-multiple.jpg\" \/>\n\t<meta property=\"og:image:width\" content=\"600\" \/>\n\t<meta property=\"og:image:height\" content=\"600\" \/>\n\t<meta property=\"og:image:type\" content=\"image\/jpeg\" \/>\n<meta name=\"twitter:card\" content=\"summary_large_image\" \/>\n<meta name=\"twitter:label1\" content=\"Gesch\u00e4tzte Lesezeit\" \/>\n\t<meta name=\"twitter:data1\" content=\"3\u00a0Minuten\" \/>\n<script type=\"application\/ld+json\" class=\"yoast-schema-graph\">{\"@context\":\"https:\/\/schema.org\",\"@graph\":[{\"@type\":\"WebPage\",\"@id\":\"https:\/\/www.safinel.fr\/produit\/ail-noir\/\",\"url\":\"https:\/\/www.safinel.fr\/produit\/ail-noir\/\",\"name\":\"Ail noir I Bienfaits nombreux I Achat et recette en ligne\",\"isPartOf\":{\"@id\":\"https:\/\/www.safinel.fr\/#website\"},\"primaryImageOfPage\":{\"@id\":\"https:\/\/www.safinel.fr\/produit\/ail-noir\/#primaryimage\"},\"image\":{\"@id\":\"https:\/\/www.safinel.fr\/produit\/ail-noir\/#primaryimage\"},\"thumbnailUrl\":\"https:\/\/www.safinel.fr\/wp-content\/uploads\/2022\/08\/ail-noir-gousse-unique-et-multiple.jpg\",\"datePublished\":\"2022-08-22T14:39:29+00:00\",\"dateModified\":\"2026-03-03T16:30:17+00:00\",\"description\":\"Une d\u00e9couverte qui pourrait en surprendre plus d\u2019un vous attend chez Safinel ! Faites la rencontre de l\u2019ail noir\u00a0et de ses nombreux bienfaits\u2026\",\"breadcrumb\":{\"@id\":\"https:\/\/www.safinel.fr\/produit\/ail-noir\/#breadcrumb\"},\"inLanguage\":\"de\",\"potentialAction\":[{\"@type\":\"ReadAction\",\"target\":[\"https:\/\/www.safinel.fr\/produit\/ail-noir\/\"]}]},{\"@type\":\"ImageObject\",\"inLanguage\":\"de\",\"@id\":\"https:\/\/www.safinel.fr\/produit\/ail-noir\/#primaryimage\",\"url\":\"https:\/\/www.safinel.fr\/wp-content\/uploads\/2022\/08\/ail-noir-gousse-unique-et-multiple.jpg\",\"contentUrl\":\"https:\/\/www.safinel.fr\/wp-content\/uploads\/2022\/08\/ail-noir-gousse-unique-et-multiple.jpg\",\"width\":600,\"height\":600,\"caption\":\"ail-noir-gousse-unique-et-multiple\"},{\"@type\":\"BreadcrumbList\",\"@id\":\"https:\/\/www.safinel.fr\/produit\/ail-noir\/#breadcrumb\",\"itemListElement\":[{\"@type\":\"ListItem\",\"position\":1,\"name\":\"Accueil\",\"item\":\"https:\/\/www.safinel.fr\/\"},{\"@type\":\"ListItem\",\"position\":2,\"name\":\"Boutique\",\"item\":\"https:\/\/www.safinel.fr\/boutique\/\"},{\"@type\":\"ListItem\",\"position\":3,\"name\":\"Ail noir\"}]},{\"@type\":\"WebSite\",\"@id\":\"https:\/\/www.safinel.fr\/#website\",\"url\":\"https:\/\/www.safinel.fr\/\",\"name\":\"Safinel\",\"description\":\"\",\"publisher\":{\"@id\":\"https:\/\/www.safinel.fr\/#organization\"},\"potentialAction\":[{\"@type\":\"SearchAction\",\"target\":{\"@type\":\"EntryPoint\",\"urlTemplate\":\"https:\/\/www.safinel.fr\/?s={search_term_string}\"},\"query-input\":{\"@type\":\"PropertyValueSpecification\",\"valueRequired\":true,\"valueName\":\"search_term_string\"}}],\"inLanguage\":\"de\"},{\"@type\":\"Organization\",\"@id\":\"https:\/\/www.safinel.fr\/#organization\",\"name\":\"Safinel\",\"url\":\"https:\/\/www.safinel.fr\/\",\"logo\":{\"@type\":\"ImageObject\",\"inLanguage\":\"de\",\"@id\":\"https:\/\/www.safinel.fr\/#\/schema\/logo\/image\/\",\"url\":\"https:\/\/www.safinel.fr\/wp-content\/uploads\/2021\/05\/boutique-cosmetique.png\",\"contentUrl\":\"https:\/\/www.safinel.fr\/wp-content\/uploads\/2021\/05\/boutique-cosmetique.png\",\"width\":800,\"height\":200,\"caption\":\"Safinel\"},\"image\":{\"@id\":\"https:\/\/www.safinel.fr\/#\/schema\/logo\/image\/\"}}]}<\/script>\n<!-- \/ Yoast SEO plugin. -->","yoast_head_json":{"title":"Schwarzer Knoblauch I Zahlreiche Vorteile I Kauf und Rezept online","description":"Eine Entdeckung, die viele \u00fcberraschen k\u00f6nnte, wartet bei Safinel auf Sie! Machen Sie Bekanntschaft mit dem schwarzen Knoblauch und seinen zahlreichen Vorteilen...","robots":{"index":"index","follow":"follow","max-snippet":"max-snippet:-1","max-image-preview":"max-image-preview:large","max-video-preview":"max-video-preview:-1"},"canonical":"https:\/\/www.safinel.fr\/de\/product-2\/schwarzer-knoblauch\/","og_locale":"de_DE","og_type":"article","og_title":"Ail noir I Bienfaits nombreux I Achat et recette en ligne","og_description":"Une d\u00e9couverte qui pourrait en surprendre plus d\u2019un vous attend chez Safinel ! Faites la rencontre de l\u2019ail noir\u00a0et de ses nombreux bienfaits\u2026","og_url":"https:\/\/www.safinel.fr\/de\/product-2\/schwarzer-knoblauch\/","og_site_name":"Safinel","article_modified_time":"2026-03-03T16:30:17+00:00","og_image":[{"width":600,"height":600,"url":"https:\/\/www.safinel.fr\/wp-content\/uploads\/2022\/08\/ail-noir-gousse-unique-et-multiple.jpg","type":"image\/jpeg"}],"twitter_card":"summary_large_image","twitter_misc":{"Gesch\u00e4tzte Lesezeit":"3\u00a0Minuten"},"schema":{"@context":"https:\/\/schema.org","@graph":[{"@type":"WebPage","@id":"https:\/\/www.safinel.fr\/produit\/ail-noir\/","url":"https:\/\/www.safinel.fr\/produit\/ail-noir\/","name":"Schwarzer Knoblauch I Zahlreiche Vorteile I Kauf und Rezept online","isPartOf":{"@id":"https:\/\/www.safinel.fr\/#website"},"primaryImageOfPage":{"@id":"https:\/\/www.safinel.fr\/produit\/ail-noir\/#primaryimage"},"image":{"@id":"https:\/\/www.safinel.fr\/produit\/ail-noir\/#primaryimage"},"thumbnailUrl":"https:\/\/www.safinel.fr\/wp-content\/uploads\/2022\/08\/ail-noir-gousse-unique-et-multiple.jpg","datePublished":"2022-08-22T14:39:29+00:00","dateModified":"2026-03-03T16:30:17+00:00","description":"Eine Entdeckung, die viele \u00fcberraschen k\u00f6nnte, wartet bei Safinel auf Sie! Machen Sie Bekanntschaft mit dem schwarzen Knoblauch und seinen zahlreichen Vorteilen...","breadcrumb":{"@id":"https:\/\/www.safinel.fr\/produit\/ail-noir\/#breadcrumb"},"inLanguage":"de","potentialAction":[{"@type":"ReadAction","target":["https:\/\/www.safinel.fr\/produit\/ail-noir\/"]}]},{"@type":"ImageObject","inLanguage":"de","@id":"https:\/\/www.safinel.fr\/produit\/ail-noir\/#primaryimage","url":"https:\/\/www.safinel.fr\/wp-content\/uploads\/2022\/08\/ail-noir-gousse-unique-et-multiple.jpg","contentUrl":"https:\/\/www.safinel.fr\/wp-content\/uploads\/2022\/08\/ail-noir-gousse-unique-et-multiple.jpg","width":600,"height":600,"caption":"ail-noir-gousse-unique-et-multiple"},{"@type":"BreadcrumbList","@id":"https:\/\/www.safinel.fr\/produit\/ail-noir\/#breadcrumb","itemListElement":[{"@type":"ListItem","position":1,"name":"Accueil","item":"https:\/\/www.safinel.fr\/"},{"@type":"ListItem","position":2,"name":"Boutique","item":"https:\/\/www.safinel.fr\/boutique\/"},{"@type":"ListItem","position":3,"name":"Ail noir"}]},{"@type":"WebSite","@id":"https:\/\/www.safinel.fr\/#website","url":"https:\/\/www.safinel.fr\/","name":"Safinel","description":"","publisher":{"@id":"https:\/\/www.safinel.fr\/#organization"},"potentialAction":[{"@type":"SearchAction","target":{"@type":"EntryPoint","urlTemplate":"https:\/\/www.safinel.fr\/?s={search_term_string}"},"query-input":{"@type":"PropertyValueSpecification","valueRequired":true,"valueName":"search_term_string"}}],"inLanguage":"de"},{"@type":"Organization","@id":"https:\/\/www.safinel.fr\/#organization","name":"Safinel","url":"https:\/\/www.safinel.fr\/","logo":{"@type":"ImageObject","inLanguage":"de","@id":"https:\/\/www.safinel.fr\/#\/schema\/logo\/image\/","url":"https:\/\/www.safinel.fr\/wp-content\/uploads\/2021\/05\/boutique-cosmetique.png","contentUrl":"https:\/\/www.safinel.fr\/wp-content\/uploads\/2021\/05\/boutique-cosmetique.png","width":800,"height":200,"caption":"Safinel"},"image":{"@id":"https:\/\/www.safinel.fr\/#\/schema\/logo\/image\/"}}]}},"_links":{"self":[{"href":"https:\/\/www.safinel.fr\/de\/wp-json\/wp\/v2\/product\/2284","targetHints":{"allow":["GET"]}}],"collection":[{"href":"https:\/\/www.safinel.fr\/de\/wp-json\/wp\/v2\/product"}],"about":[{"href":"https:\/\/www.safinel.fr\/de\/wp-json\/wp\/v2\/types\/product"}],"wp:featuredmedia":[{"embeddable":true,"href":"https:\/\/www.safinel.fr\/de\/wp-json\/wp\/v2\/media\/2285"}],"wp:attachment":[{"href":"https:\/\/www.safinel.fr\/de\/wp-json\/wp\/v2\/media?parent=2284"}],"wp:term":[{"taxonomy":"product_brand","embeddable":true,"href":"https:\/\/www.safinel.fr\/de\/wp-json\/wp\/v2\/product_brand?post=2284"},{"taxonomy":"product_cat","embeddable":true,"href":"https:\/\/www.safinel.fr\/de\/wp-json\/wp\/v2\/product_cat?post=2284"},{"taxonomy":"product_tag","embeddable":true,"href":"https:\/\/www.safinel.fr\/de\/wp-json\/wp\/v2\/product_tag?post=2284"}],"curies":[{"name":"wp","href":"https:\/\/api.w.org\/{rel}","templated":true}]}}