{"id":2281,"date":"2022-08-22T13:56:43","date_gmt":"2022-08-22T13:56:43","guid":{"rendered":"https:\/\/www.safinel.fr\/?post_type=product&#038;p=2281"},"modified":"2024-02-21T10:58:37","modified_gmt":"2024-02-21T10:58:37","slug":"monchspfeffer","status":"publish","type":"product","link":"https:\/\/www.safinel.fr\/de\/product-2\/monchspfeffer\/","title":{"rendered":"M\u00f6nchspfeffer Samen 100g"},"content":{"rendered":"<p>M\u00f6nchspfeffer Vitex agnus-castus ist ein Naturprodukt, das es schon seit mehr als zwei Jahrtausenden gibt. Bereits im Mittelalter wurde er vielfach f\u00fcr verschiedene Zwecke verwendet. Seine Beliebtheit hat im Laufe der Zeit nur noch zugenommen. Es ist in verschiedenen Einkaufszentren in vielen verschiedenen Formen erh\u00e4ltlich, von denen sich eine von der anderen unterscheidet. Erfahren Sie mehr \u00fcber seine verschiedenen Wirkungen und seinen Ursprung.<\/p>\n<h2><strong>Vorstellung des M\u00f6nchspfeffers<\/strong><\/h2>\n<p>M\u00f6nchspfeffer ist ein aromatischer Strauch, der zur Familie der Verbenaceae geh\u00f6rt. Es gibt mehrere Extrakte aus ihm und seine h\u00e4ufigste Form ist der M\u00f6nchspfeffer in Form von Samen. Es handelt sich um eine jahrhundertealte Pflanze, die in Europa, genauer gesagt in Frankreich, vorkommt. In freier Wildbahn findet man sie hingegen in Marokko, Portugal, Tunesien und mehreren anderen L\u00e4ndern.<\/p>\n<p>M\u00f6nchspfeffer ist ein sommergr\u00fcner Strauch, der in Europa 2 bis 3 Meter hoch wird. Im Maghreb hingegen kann die Pflanze 5 bis 6 Meter hoch werden. Die Bl\u00fcten, die sie hervorbringt, sind blauviolett und ihre Fr\u00fcchte dunkelgrau. Sie sehen aus wie Pfefferk\u00f6rner.<\/p>\n<h2><strong>Die Urspr\u00fcnge des M\u00f6nchspfeffers<\/strong><\/h2>\n<p>Der M\u00f6nchspfeffer, der noch unter dem Namen Vitex agnus bekannt ist, hat seinen Ursprung vor fast 2000 Jahren. Zu dieser Zeit wurden seine medizinischen Eigenschaften erkannt. Aus den Vitex agnus-castus-Samen wurde ein hei\u00dfes Getr\u00e4nk hergestellt, um die Libido zu beruhigen. Dies brachte ihm die Bezeichnung \u00abM\u00f6nchspfeffer\u00bb ein.<\/p>\n<p>Im Laufe der Zeit wurden die Namen, die f\u00fcr den M\u00f6nchspfeffer-Samen verwendet wurden, immer zahlreicher, ebenso wie die Verwendungszwecke, f\u00fcr die er genutzt werden kann. Das Produkt, das urspr\u00fcnglich ausschlie\u00dflich f\u00fcr M\u00e4nner verwendet wurde, diente nun auch Frauen. Im Jahr 1943 entwickelte eine deutsche Firma einen Extrakt aus M\u00f6nchspfefferbeeren, der 1950 zur Behandlung von Mastalgie standardisiert wurde.<\/p>\n<h2><strong>Die Vorteile des M\u00f6nchspfeffers Vitex agnus-castus<\/strong><\/h2>\n<p>M\u00f6nchspfeffer ist eine nat\u00fcrliche Pflanze mit vielen Vorteilen, vor allem f\u00fcr die Frau. Zwar wurde seine F\u00e4higkeit, die m\u00e4nnliche Libido zu beruhigen, nie wissenschaftlich bewiesen. Als Mittel zur Behandlung weiblicher Beschwerden ist er jedoch sehr wohl bekannt.<\/p>\n<p><strong>Mastalgie : <\/strong>Mastalgie ist ein ausgepr\u00e4gter Schmerz in den Br\u00fcsten, der durch eine Verletzung, Schwangerschaft, Stillen oder das Tragen eines zu engen BHs verursacht werden kann. Sie k\u00f6nnen Vitex agnus-castus verwenden, um diese Schmerzen zu lindern. Der M\u00f6nchspfeffer-Extrakt, der in diesem Fall verwendet wird, ist Mastodynon, eine getrocknete Beere.<\/p>\n<p><strong>Menopause : <\/strong>M\u00f6nchspfeffer wird auch als experimentelle Behandlung zur Linderung bestimmter Symptome der Menopause eingesetzt. Mehrere Laboratorien verwenden ihn, um die Zusammensetzung ihrer Anti-Aging-Produkte zu erg\u00e4nzen. Insbesondere durch die Kombination von M\u00f6nchspfeffer und Johanniskraut. Es handelt sich hierbei jedoch um eine neue Initiative, die ihre Wirksamkeit noch nicht bewiesen hat.<\/p>\n<h3><strong>St\u00f6rung des Menstruationszyklus<\/strong><\/h3>\n<p>Seit Tausenden und Abertausenden von Jahren leiden viele Frauen auf der ganzen Welt an\u2019<a href=\"https:\/\/www.safinel.fr\/de\/product-2\/krautertee-zur-regulierung-der-menstruation\/\"><strong>Unregelm\u00e4\u00dfigkeiten des Menstruationszyklus<\/strong><\/a>. Die Weltgesundheitsorganisation (WHO) und die Kommission E erkennen in diesem Zusammenhang die Vorteile von M\u00f6nchspfeffer bei der Bew\u00e4ltigung dieser Beschwerden an. Er dient auch als Methode zur Linderung der Symptome des pr\u00e4menstruellen Syndroms (PMS).<\/p>\n<p>Alles in allem hat Vitex agnus-castus viele positive Eigenschaften. Er kann sogar Probleme mit der weiblichen Fruchtbarkeit heilen. Alles h\u00e4ngt von der Dosierung ab. Je nach diesem Faktor wird die Pflanze mal als Aphrodisiakum, mal als Anaphrodisiakum angesehen. Auch die Kontraindikationen f\u00fcr dieses Produkt sind zahlreich. Sprechen Sie also unbedingt zuerst mit Ihrem Arzt, bevor Sie es einnehmen.<\/p>","protected":false},"excerpt":{"rendered":"<p><strong>Eigenschaften :\u00a0<\/strong><\/p>\n<div class=\"product-short-description\">\n<p>Mit 100 Gramm k\u00f6nnen mehr als 35 Kr\u00e4utertees \u00e0 250 ml zubereitet werden.<\/p>\n<\/div>","protected":false},"featured_media":2282,"template":"","meta":[],"product_brand":[],"product_cat":[15,27],"product_tag":[],"class_list":{"0":"post-2281","1":"product","2":"type-product","3":"status-publish","4":"has-post-thumbnail","6":"product_cat-fertilite","7":"product_cat-plantes-medicinales","9":"first","10":"instock","11":"shipping-taxable","12":"purchasable","13":"product-type-simple"},"yoast_head":"<!-- This site is optimized with the Yoast SEO plugin v26.6 - https:\/\/yoast.com\/wordpress\/plugins\/seo\/ -->\n<title>Gattilier I Vitex agnus-castus I Bienfaits nombreux<\/title>\n<meta name=\"description\" content=\"Le gattilier est un produit naturel qui existe depuis plus de deux mill\u00e9naires. D\u00e9j\u00e0 au Moyen \u00c2ge, il \u00e9tait tr\u00e8s utilis\u00e9 \u00e0 diverses fins.\" \/>\n<meta name=\"robots\" content=\"index, follow, max-snippet:-1, max-image-preview:large, max-video-preview:-1\" \/>\n<link rel=\"canonical\" href=\"https:\/\/www.safinel.fr\/de\/product-2\/monchspfeffer\/\" \/>\n<meta property=\"og:locale\" content=\"de_DE\" \/>\n<meta property=\"og:type\" content=\"article\" \/>\n<meta property=\"og:title\" content=\"Gattilier I Vitex agnus-castus I Bienfaits nombreux\" \/>\n<meta property=\"og:description\" content=\"Le gattilier est un produit naturel qui existe depuis plus de deux mill\u00e9naires. D\u00e9j\u00e0 au Moyen \u00c2ge, il \u00e9tait tr\u00e8s utilis\u00e9 \u00e0 diverses fins.\" \/>\n<meta property=\"og:url\" content=\"https:\/\/www.safinel.fr\/de\/product-2\/monchspfeffer\/\" \/>\n<meta property=\"og:site_name\" content=\"Safinel\" \/>\n<meta property=\"article:modified_time\" content=\"2024-02-21T10:58:37+00:00\" \/>\n<meta property=\"og:image\" content=\"https:\/\/www.safinel.fr\/wp-content\/uploads\/2022\/08\/Gattilier-Vitex-agnus-castus-graine.jpg\" \/>\n\t<meta property=\"og:image:width\" content=\"600\" \/>\n\t<meta property=\"og:image:height\" content=\"600\" \/>\n\t<meta property=\"og:image:type\" content=\"image\/jpeg\" \/>\n<meta name=\"twitter:card\" content=\"summary_large_image\" \/>\n<meta name=\"twitter:label1\" content=\"Gesch\u00e4tzte Lesezeit\" \/>\n\t<meta name=\"twitter:data1\" content=\"3\u00a0Minuten\" \/>\n<script type=\"application\/ld+json\" class=\"yoast-schema-graph\">{\"@context\":\"https:\/\/schema.org\",\"@graph\":[{\"@type\":\"WebPage\",\"@id\":\"https:\/\/www.safinel.fr\/produit\/gattilier\/\",\"url\":\"https:\/\/www.safinel.fr\/produit\/gattilier\/\",\"name\":\"Gattilier I Vitex agnus-castus I Bienfaits nombreux\",\"isPartOf\":{\"@id\":\"https:\/\/www.safinel.fr\/#website\"},\"primaryImageOfPage\":{\"@id\":\"https:\/\/www.safinel.fr\/produit\/gattilier\/#primaryimage\"},\"image\":{\"@id\":\"https:\/\/www.safinel.fr\/produit\/gattilier\/#primaryimage\"},\"thumbnailUrl\":\"https:\/\/www.safinel.fr\/wp-content\/uploads\/2022\/08\/Gattilier-Vitex-agnus-castus-graine.jpg\",\"datePublished\":\"2022-08-22T13:56:43+00:00\",\"dateModified\":\"2024-02-21T10:58:37+00:00\",\"description\":\"Le gattilier est un produit naturel qui existe depuis plus de deux mill\u00e9naires. D\u00e9j\u00e0 au Moyen \u00c2ge, il \u00e9tait tr\u00e8s utilis\u00e9 \u00e0 diverses fins.\",\"breadcrumb\":{\"@id\":\"https:\/\/www.safinel.fr\/produit\/gattilier\/#breadcrumb\"},\"inLanguage\":\"de\",\"potentialAction\":[{\"@type\":\"ReadAction\",\"target\":[\"https:\/\/www.safinel.fr\/produit\/gattilier\/\"]}]},{\"@type\":\"ImageObject\",\"inLanguage\":\"de\",\"@id\":\"https:\/\/www.safinel.fr\/produit\/gattilier\/#primaryimage\",\"url\":\"https:\/\/www.safinel.fr\/wp-content\/uploads\/2022\/08\/Gattilier-Vitex-agnus-castus-graine.jpg\",\"contentUrl\":\"https:\/\/www.safinel.fr\/wp-content\/uploads\/2022\/08\/Gattilier-Vitex-agnus-castus-graine.jpg\",\"width\":600,\"height\":600,\"caption\":\"Gattilier, Vitex agnus castus graine\"},{\"@type\":\"BreadcrumbList\",\"@id\":\"https:\/\/www.safinel.fr\/produit\/gattilier\/#breadcrumb\",\"itemListElement\":[{\"@type\":\"ListItem\",\"position\":1,\"name\":\"Accueil\",\"item\":\"https:\/\/www.safinel.fr\/\"},{\"@type\":\"ListItem\",\"position\":2,\"name\":\"Boutique\",\"item\":\"https:\/\/www.safinel.fr\/boutique\/\"},{\"@type\":\"ListItem\",\"position\":3,\"name\":\"Gattilier en graines 100g\"}]},{\"@type\":\"WebSite\",\"@id\":\"https:\/\/www.safinel.fr\/#website\",\"url\":\"https:\/\/www.safinel.fr\/\",\"name\":\"Safinel\",\"description\":\"\",\"publisher\":{\"@id\":\"https:\/\/www.safinel.fr\/#organization\"},\"potentialAction\":[{\"@type\":\"SearchAction\",\"target\":{\"@type\":\"EntryPoint\",\"urlTemplate\":\"https:\/\/www.safinel.fr\/?s={search_term_string}\"},\"query-input\":{\"@type\":\"PropertyValueSpecification\",\"valueRequired\":true,\"valueName\":\"search_term_string\"}}],\"inLanguage\":\"de\"},{\"@type\":\"Organization\",\"@id\":\"https:\/\/www.safinel.fr\/#organization\",\"name\":\"Safinel\",\"url\":\"https:\/\/www.safinel.fr\/\",\"logo\":{\"@type\":\"ImageObject\",\"inLanguage\":\"de\",\"@id\":\"https:\/\/www.safinel.fr\/#\/schema\/logo\/image\/\",\"url\":\"https:\/\/www.safinel.fr\/wp-content\/uploads\/2021\/05\/boutique-cosmetique.png\",\"contentUrl\":\"https:\/\/www.safinel.fr\/wp-content\/uploads\/2021\/05\/boutique-cosmetique.png\",\"width\":800,\"height\":200,\"caption\":\"Safinel\"},\"image\":{\"@id\":\"https:\/\/www.safinel.fr\/#\/schema\/logo\/image\/\"}}]}<\/script>\n<!-- \/ Yoast SEO plugin. -->","yoast_head_json":{"title":"M\u00f6nchspfeffer I Vitex agnus-castus I Zahlreiche Vorteile","description":"M\u00f6nchspfeffer ist ein Naturprodukt, das es schon seit mehr als zwei Jahrtausenden gibt. Bereits im Mittelalter wurde er vielfach f\u00fcr verschiedene Zwecke verwendet.","robots":{"index":"index","follow":"follow","max-snippet":"max-snippet:-1","max-image-preview":"max-image-preview:large","max-video-preview":"max-video-preview:-1"},"canonical":"https:\/\/www.safinel.fr\/de\/product-2\/monchspfeffer\/","og_locale":"de_DE","og_type":"article","og_title":"Gattilier I Vitex agnus-castus I Bienfaits nombreux","og_description":"Le gattilier est un produit naturel qui existe depuis plus de deux mill\u00e9naires. D\u00e9j\u00e0 au Moyen \u00c2ge, il \u00e9tait tr\u00e8s utilis\u00e9 \u00e0 diverses fins.","og_url":"https:\/\/www.safinel.fr\/de\/product-2\/monchspfeffer\/","og_site_name":"Safinel","article_modified_time":"2024-02-21T10:58:37+00:00","og_image":[{"width":600,"height":600,"url":"https:\/\/www.safinel.fr\/wp-content\/uploads\/2022\/08\/Gattilier-Vitex-agnus-castus-graine.jpg","type":"image\/jpeg"}],"twitter_card":"summary_large_image","twitter_misc":{"Gesch\u00e4tzte Lesezeit":"3\u00a0Minuten"},"schema":{"@context":"https:\/\/schema.org","@graph":[{"@type":"WebPage","@id":"https:\/\/www.safinel.fr\/produit\/gattilier\/","url":"https:\/\/www.safinel.fr\/produit\/gattilier\/","name":"M\u00f6nchspfeffer I Vitex agnus-castus I Zahlreiche Vorteile","isPartOf":{"@id":"https:\/\/www.safinel.fr\/#website"},"primaryImageOfPage":{"@id":"https:\/\/www.safinel.fr\/produit\/gattilier\/#primaryimage"},"image":{"@id":"https:\/\/www.safinel.fr\/produit\/gattilier\/#primaryimage"},"thumbnailUrl":"https:\/\/www.safinel.fr\/wp-content\/uploads\/2022\/08\/Gattilier-Vitex-agnus-castus-graine.jpg","datePublished":"2022-08-22T13:56:43+00:00","dateModified":"2024-02-21T10:58:37+00:00","description":"M\u00f6nchspfeffer ist ein Naturprodukt, das es schon seit mehr als zwei Jahrtausenden gibt. Bereits im Mittelalter wurde er vielfach f\u00fcr verschiedene Zwecke verwendet.","breadcrumb":{"@id":"https:\/\/www.safinel.fr\/produit\/gattilier\/#breadcrumb"},"inLanguage":"de","potentialAction":[{"@type":"ReadAction","target":["https:\/\/www.safinel.fr\/produit\/gattilier\/"]}]},{"@type":"ImageObject","inLanguage":"de","@id":"https:\/\/www.safinel.fr\/produit\/gattilier\/#primaryimage","url":"https:\/\/www.safinel.fr\/wp-content\/uploads\/2022\/08\/Gattilier-Vitex-agnus-castus-graine.jpg","contentUrl":"https:\/\/www.safinel.fr\/wp-content\/uploads\/2022\/08\/Gattilier-Vitex-agnus-castus-graine.jpg","width":600,"height":600,"caption":"Gattilier, Vitex agnus castus graine"},{"@type":"BreadcrumbList","@id":"https:\/\/www.safinel.fr\/produit\/gattilier\/#breadcrumb","itemListElement":[{"@type":"ListItem","position":1,"name":"Accueil","item":"https:\/\/www.safinel.fr\/"},{"@type":"ListItem","position":2,"name":"Boutique","item":"https:\/\/www.safinel.fr\/boutique\/"},{"@type":"ListItem","position":3,"name":"Gattilier en graines 100g"}]},{"@type":"WebSite","@id":"https:\/\/www.safinel.fr\/#website","url":"https:\/\/www.safinel.fr\/","name":"Safinel","description":"","publisher":{"@id":"https:\/\/www.safinel.fr\/#organization"},"potentialAction":[{"@type":"SearchAction","target":{"@type":"EntryPoint","urlTemplate":"https:\/\/www.safinel.fr\/?s={search_term_string}"},"query-input":{"@type":"PropertyValueSpecification","valueRequired":true,"valueName":"search_term_string"}}],"inLanguage":"de"},{"@type":"Organization","@id":"https:\/\/www.safinel.fr\/#organization","name":"Safinel","url":"https:\/\/www.safinel.fr\/","logo":{"@type":"ImageObject","inLanguage":"de","@id":"https:\/\/www.safinel.fr\/#\/schema\/logo\/image\/","url":"https:\/\/www.safinel.fr\/wp-content\/uploads\/2021\/05\/boutique-cosmetique.png","contentUrl":"https:\/\/www.safinel.fr\/wp-content\/uploads\/2021\/05\/boutique-cosmetique.png","width":800,"height":200,"caption":"Safinel"},"image":{"@id":"https:\/\/www.safinel.fr\/#\/schema\/logo\/image\/"}}]}},"_links":{"self":[{"href":"https:\/\/www.safinel.fr\/de\/wp-json\/wp\/v2\/product\/2281","targetHints":{"allow":["GET"]}}],"collection":[{"href":"https:\/\/www.safinel.fr\/de\/wp-json\/wp\/v2\/product"}],"about":[{"href":"https:\/\/www.safinel.fr\/de\/wp-json\/wp\/v2\/types\/product"}],"wp:featuredmedia":[{"embeddable":true,"href":"https:\/\/www.safinel.fr\/de\/wp-json\/wp\/v2\/media\/2282"}],"wp:attachment":[{"href":"https:\/\/www.safinel.fr\/de\/wp-json\/wp\/v2\/media?parent=2281"}],"wp:term":[{"taxonomy":"product_brand","embeddable":true,"href":"https:\/\/www.safinel.fr\/de\/wp-json\/wp\/v2\/product_brand?post=2281"},{"taxonomy":"product_cat","embeddable":true,"href":"https:\/\/www.safinel.fr\/de\/wp-json\/wp\/v2\/product_cat?post=2281"},{"taxonomy":"product_tag","embeddable":true,"href":"https:\/\/www.safinel.fr\/de\/wp-json\/wp\/v2\/product_tag?post=2281"}],"curies":[{"name":"wp","href":"https:\/\/api.w.org\/{rel}","templated":true}]}}