{"id":2236,"date":"2022-08-18T12:34:43","date_gmt":"2022-08-18T12:34:43","guid":{"rendered":"https:\/\/www.safinel.fr\/?post_type=product&#038;p=2236"},"modified":"2025-04-11T18:54:04","modified_gmt":"2025-04-11T18:54:04","slug":"ingwer","status":"publish","type":"product","link":"https:\/\/www.safinel.fr\/de\/product-2\/ingwer\/","title":{"rendered":"Ingwerpulver 100g"},"content":{"rendered":"<p>Kulinarische Kunst oder medikament\u00f6se Behandlung? Die Natur erweist uns wieder einmal die Ehre und das Vergn\u00fcgen, ein \u00fcberraschendes Lebensmittel ins Rampenlicht zu stellen. Die Spannung ist auf dem H\u00f6hepunkt, es ist an der Zeit, mehr \u00fcber den\u00a0<strong>Ingwerpulver<\/strong>\u00a0!<\/p>\n<p>Wenn auch bei Ihnen die Neugierde auf dem H\u00f6hepunkt ist, k\u00f6nnen Sie beruhigt sein, denn wir werden Ihnen mehr erz\u00e4hlen...<\/p>\n<h2><strong>Ingwerpulver ist in den Schlagzeilen!\u00a0<\/strong><\/h2>\n<p>Haben Sie schon einmal vom<strong>\u00a0Zingiber officinale\u00a0<\/strong>? Allgemeiner als Ingwer bekannt, ist diese\u00a0<strong>Gew\u00fcrz<\/strong>\u00a0die aus Asien stammt, wird vor allem wegen ihrer horizontalen Wurzel, dem Rhizom, gesch\u00e4tzt.<\/p>\n<p>Dieser unterirdische St\u00e4ngel mit seiner beigen Haut ist in der Gastronomie sehr beliebt. Er hat es geschafft, die asiatischen Grenzen zu \u00fcberschreiten, um sich in zahlreichen Gerichten der Komoren wiederzufinden. Die echos k\u00fcndigen dieses Gew\u00fcrz als Heilpflanze mit zahlreichen Vorteilen an! Bereiten Sie sich darauf vor, wieder zu entdecken, was sich wirklich hinter diesem Ingwerpulver verbirgt.<\/p>\n<h2><strong>Auf Entdeckungstour mit Ingwerpulver\u00a0<\/strong><\/h2>\n<p>Ihre\u00a0<strong>Wellness-Shop\u00a0<\/strong>m\u00f6chte Ihnen mehr \u00fcber diesen<strong>\u00a0nat\u00fcrliches alicament.\u00a0<\/strong>Entdecken Sie deshalb bei Safinel gleich das ber\u00fchmte Ingwerpulver. Sie finden es in einer luftdichten Verpackung, um die Eigenschaften dieses Gew\u00fcrzes mit seinen vielen positiven Eigenschaften zu bewahren.<\/p>\n<p>Au\u00dferdem ist der Inhalt von 100 g ideal, um eine h\u00e4ufige und langfristige Nutzung zu f\u00f6rdern! Wenn auch Sie davon profitieren m\u00f6chten, besuchen Sie unsere Boutique!<\/p>\n<h2><strong>Was sind die Vorteile von Ingwerpulver?\u00a0<\/strong><\/h2>\n<p>Ingwer ist zwar meist nur f\u00fcr seine leichte Sch\u00e4rfe in bestimmten Gerichten bekannt, doch er ist ein echter Gesundheitsvorteil! Sie haben richtig verstanden, dieses Produkt der Natur wird zwar wegen seines Geschmacks gesch\u00e4tzt, aber es ist auch ein Trumpf im Kampf gegen bestimmte Beschwerden.<\/p>\n<ul>\n<li>Wie Sie wahrscheinlich wissen, ist Ingwer als nat\u00fcrliches Aphrodisiakum bekannt. Die aus Asien stammende Pflanze ist sehr n\u00fctzlich gegen M\u00fcdigkeit und f\u00fcr die sexuelle Spannkraft und kann ein echter Gewinn f\u00fcr die Verbesserung des Intimlebens sein.<\/li>\n<li>Es wird auch gegen Verdauungsbeschwerden gesch\u00e4tzt.<\/li>\n<li>Beugt \u00dcbelkeit und Erbrechen vor<\/li>\n<li>Ingwer wird von einigen Spitzensportlern verwendet und kann helfen, Muskelschmerzen zu lindern.<\/li>\n<\/ul>\n<p>Ihr Wellness-Shop empfiehlt, nicht mehr als 10 Gramm Pulver pro Tag zu sich zu nehmen. Als Kur oder dann als Behandlung, z\u00f6gern Sie nicht, sich \u00e4rztlich beraten zu lassen!<\/p>\n<h3><strong>Gew\u00fcrze oder tropische Fr\u00fcchte?\u00a0<\/strong><\/h3>\n<p>Sie lieben \u00dcberraschungen? Dann ist es gut, dass Sie in Ihrem Safinel-Shop nat\u00fcrliche Produkte mit vielen Vorteilen entdecken k\u00f6nnen! Wenn Sie von diesem Gew\u00fcrz begeistert sind, dann lernen Sie von nun an die tropische Frucht mit Namen\u00a0<a href=\"https:\/\/www.safinel.fr\/de\/product-2\/haritaki\/\"><strong>Haritakipulver<\/strong><\/a> ! Wenn dieser insbesondere daf\u00fcr bekannt ist, die k\u00f6rperliche Leistungsf\u00e4higkeit zu verbessern. Wie zum Beispiel das Sehverm\u00f6gen oder auch das Ged\u00e4chtnis, hat dieses Produkt der Natur gleich mehrere \u00dcberraschungen unter dem \u00c4rmel.<\/p>\n<p>Dar\u00fcber hinaus k\u00f6nnen Sie auch Bekanntschaft machen mit\u00a0<strong><a href=\"https:\/\/www.safinel.fr\/de\/product-2\/mangoschalenrinde\/\">die Rinde des Mangobaums<\/a>.\u00a0<\/strong>Der Mangobaum, der normalerweise f\u00fcr seine Fr\u00fcchte gesch\u00e4tzt wird, hat bewiesen, dass seine Schalen weit mehr als nur Schutz bieten.<\/p>\n<p>Jetzt, da Sie mehr \u00fcber all diese Produkte wissen, sind Sie an der Reihe! Z\u00f6gern Sie nicht l\u00e4nger und geh\u00f6ren Sie zu denen, die sich trauen.<\/p>","protected":false},"excerpt":{"rendered":"<p>Kulinarische Kunst oder medikament\u00f6se Behandlung? Die Natur erweist uns wieder einmal die Ehre und das Vergn\u00fcgen, ein \u00fcberraschendes Lebensmittel ins Rampenlicht zu stellen. Die Spannung ist auf dem H\u00f6hepunkt, es ist Zeit, mehr \u00fcber Ingwerpulver zu erfahren! Wenn auch bei Ihnen die Neugierde auf dem H\u00f6hepunkt ist, k\u00f6nnen Sie beruhigt sein, wir werden Ihnen [...].","protected":false},"featured_media":2235,"template":"","meta":[],"product_brand":[],"product_cat":[44,169,53],"product_tag":[],"class_list":{"0":"post-2236","1":"product","2":"type-product","3":"status-publish","4":"has-post-thumbnail","6":"product_cat-epices","7":"product_cat-epices-du-monde","8":"product_cat-epices-marocaines","10":"first","11":"instock","12":"shipping-taxable","13":"purchasable","14":"product-type-simple"},"yoast_head":"<!-- This site is optimized with the Yoast SEO plugin v26.6 - https:\/\/yoast.com\/wordpress\/plugins\/seo\/ -->\n<title>Gingembre en poudre 100g | Plante aux bienfaits nombreux<\/title>\n<meta name=\"description\" content=\"Art culinaire ou traitement m\u00e9dicamenteux ? Il est temps d\u2019en apprendre davantage sur le\u00a0gingembre en poudre\u00a0chez Safinel !\" \/>\n<meta name=\"robots\" content=\"index, follow, max-snippet:-1, max-image-preview:large, max-video-preview:-1\" \/>\n<link rel=\"canonical\" href=\"https:\/\/www.safinel.fr\/de\/product-2\/ingwer\/\" \/>\n<meta property=\"og:locale\" content=\"de_DE\" \/>\n<meta property=\"og:type\" content=\"article\" \/>\n<meta property=\"og:title\" content=\"Gingembre en poudre 100g | Plante aux bienfaits nombreux\" \/>\n<meta property=\"og:description\" content=\"Art culinaire ou traitement m\u00e9dicamenteux ? Il est temps d\u2019en apprendre davantage sur le\u00a0gingembre en poudre\u00a0chez Safinel !\" \/>\n<meta property=\"og:url\" content=\"https:\/\/www.safinel.fr\/de\/product-2\/ingwer\/\" \/>\n<meta property=\"og:site_name\" content=\"Safinel\" \/>\n<meta property=\"article:modified_time\" content=\"2025-04-11T18:54:04+00:00\" \/>\n<meta property=\"og:image\" content=\"https:\/\/www.safinel.fr\/wp-content\/uploads\/2022\/08\/gingembre-epice.jpg\" \/>\n\t<meta property=\"og:image:width\" content=\"600\" \/>\n\t<meta property=\"og:image:height\" content=\"600\" \/>\n\t<meta property=\"og:image:type\" content=\"image\/jpeg\" \/>\n<meta name=\"twitter:card\" content=\"summary_large_image\" \/>\n<meta name=\"twitter:label1\" content=\"Gesch\u00e4tzte Lesezeit\" \/>\n\t<meta name=\"twitter:data1\" content=\"3\u00a0Minuten\" \/>\n<script type=\"application\/ld+json\" class=\"yoast-schema-graph\">{\"@context\":\"https:\/\/schema.org\",\"@graph\":[{\"@type\":\"WebPage\",\"@id\":\"https:\/\/www.safinel.fr\/produit\/gingembre\/\",\"url\":\"https:\/\/www.safinel.fr\/produit\/gingembre\/\",\"name\":\"Gingembre en poudre 100g | Plante aux bienfaits nombreux\",\"isPartOf\":{\"@id\":\"https:\/\/www.safinel.fr\/#website\"},\"primaryImageOfPage\":{\"@id\":\"https:\/\/www.safinel.fr\/produit\/gingembre\/#primaryimage\"},\"image\":{\"@id\":\"https:\/\/www.safinel.fr\/produit\/gingembre\/#primaryimage\"},\"thumbnailUrl\":\"https:\/\/www.safinel.fr\/wp-content\/uploads\/2022\/08\/gingembre-epice.jpg\",\"datePublished\":\"2022-08-18T12:34:43+00:00\",\"dateModified\":\"2025-04-11T18:54:04+00:00\",\"description\":\"Art culinaire ou traitement m\u00e9dicamenteux ? Il est temps d\u2019en apprendre davantage sur le\u00a0gingembre en poudre\u00a0chez Safinel !\",\"breadcrumb\":{\"@id\":\"https:\/\/www.safinel.fr\/produit\/gingembre\/#breadcrumb\"},\"inLanguage\":\"de\",\"potentialAction\":[{\"@type\":\"ReadAction\",\"target\":[\"https:\/\/www.safinel.fr\/produit\/gingembre\/\"]}]},{\"@type\":\"ImageObject\",\"inLanguage\":\"de\",\"@id\":\"https:\/\/www.safinel.fr\/produit\/gingembre\/#primaryimage\",\"url\":\"https:\/\/www.safinel.fr\/wp-content\/uploads\/2022\/08\/gingembre-epice.jpg\",\"contentUrl\":\"https:\/\/www.safinel.fr\/wp-content\/uploads\/2022\/08\/gingembre-epice.jpg\",\"width\":600,\"height\":600,\"caption\":\"Gingembre en poudre 100g\"},{\"@type\":\"BreadcrumbList\",\"@id\":\"https:\/\/www.safinel.fr\/produit\/gingembre\/#breadcrumb\",\"itemListElement\":[{\"@type\":\"ListItem\",\"position\":1,\"name\":\"Accueil\",\"item\":\"https:\/\/www.safinel.fr\/\"},{\"@type\":\"ListItem\",\"position\":2,\"name\":\"Boutique\",\"item\":\"https:\/\/www.safinel.fr\/boutique\/\"},{\"@type\":\"ListItem\",\"position\":3,\"name\":\"Gingembre en poudre 100g\"}]},{\"@type\":\"WebSite\",\"@id\":\"https:\/\/www.safinel.fr\/#website\",\"url\":\"https:\/\/www.safinel.fr\/\",\"name\":\"Safinel\",\"description\":\"\",\"publisher\":{\"@id\":\"https:\/\/www.safinel.fr\/#organization\"},\"potentialAction\":[{\"@type\":\"SearchAction\",\"target\":{\"@type\":\"EntryPoint\",\"urlTemplate\":\"https:\/\/www.safinel.fr\/?s={search_term_string}\"},\"query-input\":{\"@type\":\"PropertyValueSpecification\",\"valueRequired\":true,\"valueName\":\"search_term_string\"}}],\"inLanguage\":\"de\"},{\"@type\":\"Organization\",\"@id\":\"https:\/\/www.safinel.fr\/#organization\",\"name\":\"Safinel\",\"url\":\"https:\/\/www.safinel.fr\/\",\"logo\":{\"@type\":\"ImageObject\",\"inLanguage\":\"de\",\"@id\":\"https:\/\/www.safinel.fr\/#\/schema\/logo\/image\/\",\"url\":\"https:\/\/www.safinel.fr\/wp-content\/uploads\/2021\/05\/boutique-cosmetique.png\",\"contentUrl\":\"https:\/\/www.safinel.fr\/wp-content\/uploads\/2021\/05\/boutique-cosmetique.png\",\"width\":800,\"height\":200,\"caption\":\"Safinel\"},\"image\":{\"@id\":\"https:\/\/www.safinel.fr\/#\/schema\/logo\/image\/\"}}]}<\/script>\n<!-- \/ Yoast SEO plugin. -->","yoast_head_json":{"title":"Ingwerpulver 100g | Pflanze mit vielen Vorteilen","description":"Kulinarische Kunst oder medikament\u00f6se Behandlung? Es ist an der Zeit, bei Safinel mehr \u00fcber Ingwerpulver zu erfahren!","robots":{"index":"index","follow":"follow","max-snippet":"max-snippet:-1","max-image-preview":"max-image-preview:large","max-video-preview":"max-video-preview:-1"},"canonical":"https:\/\/www.safinel.fr\/de\/product-2\/ingwer\/","og_locale":"de_DE","og_type":"article","og_title":"Gingembre en poudre 100g | Plante aux bienfaits nombreux","og_description":"Art culinaire ou traitement m\u00e9dicamenteux ? Il est temps d\u2019en apprendre davantage sur le\u00a0gingembre en poudre\u00a0chez Safinel !","og_url":"https:\/\/www.safinel.fr\/de\/product-2\/ingwer\/","og_site_name":"Safinel","article_modified_time":"2025-04-11T18:54:04+00:00","og_image":[{"width":600,"height":600,"url":"https:\/\/www.safinel.fr\/wp-content\/uploads\/2022\/08\/gingembre-epice.jpg","type":"image\/jpeg"}],"twitter_card":"summary_large_image","twitter_misc":{"Gesch\u00e4tzte Lesezeit":"3\u00a0Minuten"},"schema":{"@context":"https:\/\/schema.org","@graph":[{"@type":"WebPage","@id":"https:\/\/www.safinel.fr\/produit\/gingembre\/","url":"https:\/\/www.safinel.fr\/produit\/gingembre\/","name":"Ingwerpulver 100g | Pflanze mit vielen Vorteilen","isPartOf":{"@id":"https:\/\/www.safinel.fr\/#website"},"primaryImageOfPage":{"@id":"https:\/\/www.safinel.fr\/produit\/gingembre\/#primaryimage"},"image":{"@id":"https:\/\/www.safinel.fr\/produit\/gingembre\/#primaryimage"},"thumbnailUrl":"https:\/\/www.safinel.fr\/wp-content\/uploads\/2022\/08\/gingembre-epice.jpg","datePublished":"2022-08-18T12:34:43+00:00","dateModified":"2025-04-11T18:54:04+00:00","description":"Kulinarische Kunst oder medikament\u00f6se Behandlung? Es ist an der Zeit, bei Safinel mehr \u00fcber Ingwerpulver zu erfahren!","breadcrumb":{"@id":"https:\/\/www.safinel.fr\/produit\/gingembre\/#breadcrumb"},"inLanguage":"de","potentialAction":[{"@type":"ReadAction","target":["https:\/\/www.safinel.fr\/produit\/gingembre\/"]}]},{"@type":"ImageObject","inLanguage":"de","@id":"https:\/\/www.safinel.fr\/produit\/gingembre\/#primaryimage","url":"https:\/\/www.safinel.fr\/wp-content\/uploads\/2022\/08\/gingembre-epice.jpg","contentUrl":"https:\/\/www.safinel.fr\/wp-content\/uploads\/2022\/08\/gingembre-epice.jpg","width":600,"height":600,"caption":"Gingembre en poudre 100g"},{"@type":"BreadcrumbList","@id":"https:\/\/www.safinel.fr\/produit\/gingembre\/#breadcrumb","itemListElement":[{"@type":"ListItem","position":1,"name":"Accueil","item":"https:\/\/www.safinel.fr\/"},{"@type":"ListItem","position":2,"name":"Boutique","item":"https:\/\/www.safinel.fr\/boutique\/"},{"@type":"ListItem","position":3,"name":"Gingembre en poudre 100g"}]},{"@type":"WebSite","@id":"https:\/\/www.safinel.fr\/#website","url":"https:\/\/www.safinel.fr\/","name":"Safinel","description":"","publisher":{"@id":"https:\/\/www.safinel.fr\/#organization"},"potentialAction":[{"@type":"SearchAction","target":{"@type":"EntryPoint","urlTemplate":"https:\/\/www.safinel.fr\/?s={search_term_string}"},"query-input":{"@type":"PropertyValueSpecification","valueRequired":true,"valueName":"search_term_string"}}],"inLanguage":"de"},{"@type":"Organization","@id":"https:\/\/www.safinel.fr\/#organization","name":"Safinel","url":"https:\/\/www.safinel.fr\/","logo":{"@type":"ImageObject","inLanguage":"de","@id":"https:\/\/www.safinel.fr\/#\/schema\/logo\/image\/","url":"https:\/\/www.safinel.fr\/wp-content\/uploads\/2021\/05\/boutique-cosmetique.png","contentUrl":"https:\/\/www.safinel.fr\/wp-content\/uploads\/2021\/05\/boutique-cosmetique.png","width":800,"height":200,"caption":"Safinel"},"image":{"@id":"https:\/\/www.safinel.fr\/#\/schema\/logo\/image\/"}}]}},"_links":{"self":[{"href":"https:\/\/www.safinel.fr\/de\/wp-json\/wp\/v2\/product\/2236","targetHints":{"allow":["GET"]}}],"collection":[{"href":"https:\/\/www.safinel.fr\/de\/wp-json\/wp\/v2\/product"}],"about":[{"href":"https:\/\/www.safinel.fr\/de\/wp-json\/wp\/v2\/types\/product"}],"wp:featuredmedia":[{"embeddable":true,"href":"https:\/\/www.safinel.fr\/de\/wp-json\/wp\/v2\/media\/2235"}],"wp:attachment":[{"href":"https:\/\/www.safinel.fr\/de\/wp-json\/wp\/v2\/media?parent=2236"}],"wp:term":[{"taxonomy":"product_brand","embeddable":true,"href":"https:\/\/www.safinel.fr\/de\/wp-json\/wp\/v2\/product_brand?post=2236"},{"taxonomy":"product_cat","embeddable":true,"href":"https:\/\/www.safinel.fr\/de\/wp-json\/wp\/v2\/product_cat?post=2236"},{"taxonomy":"product_tag","embeddable":true,"href":"https:\/\/www.safinel.fr\/de\/wp-json\/wp\/v2\/product_tag?post=2236"}],"curies":[{"name":"wp","href":"https:\/\/api.w.org\/{rel}","templated":true}]}}