{"id":2231,"date":"2022-08-18T12:33:25","date_gmt":"2022-08-18T12:33:25","guid":{"rendered":"https:\/\/www.safinel.fr\/?post_type=product&#038;p=2231"},"modified":"2024-04-11T15:38:27","modified_gmt":"2024-04-11T15:38:27","slug":"kurkuma","status":"publish","type":"product","link":"https:\/\/www.safinel.fr\/de\/product-2\/kurkuma\/","title":{"rendered":"Kurkuma-Pulver 100g"},"content":{"rendered":"<p>Die\u00a0<strong>Kurkuma<\/strong>, Die Pflanze mit den tausend Kr\u00e4ften ist wegen ihres pfeffrigen Moschusdufts sehr beliebt. Dieses Gew\u00fcrz, das sowohl in der K\u00fcche als auch in der Naturheilkunde verwendet wird, ist in aller Munde. Sie fragen sich, wo Sie Kurkumapulver kaufen k\u00f6nnen? Wir haben die Antwort: safinel.de! Hier stellen wir Ihnen die vielen Vorteile dieses goldenen Pulvers sowie seine verschiedenen Verwendungsm\u00f6glichkeiten vor.<\/p>\n<h2><strong>Was ist Kurkuma?<\/strong><\/h2>\n<p>Die aus S\u00fcdostasien stammende Curcuma longa ist eine mehrj\u00e4hrige krautige Pflanze, die zur Familie der Zingiberaceae geh\u00f6rt. Sie wird haupts\u00e4chlich in Indien, aber auch in anderen asiatischen L\u00e4ndern wegen ihrer Rhizome angebaut, die reich an Curcuminoiden sind, von denen das Curcumin das bekannteste ist. Diese Verbindungen sind f\u00fcr die charakteristische gelb-orange Farbe der Kurkuma verantwortlich und verleihen ihr ihre therapeutischen Eigenschaften.<\/p>\n<h3><strong>Ein vielseitiges Gew\u00fcrz<\/strong><\/h3>\n<p>Neben diesen medizinischen Eigenschaften wird Kurkuma auch wegen seines einzigartigen Geschmacks und seiner F\u00e4higkeit, den Geschmack von Gerichten zu verst\u00e4rken, gesch\u00e4tzt. Sie wird oft mit Ingwer, Koriander oder Zimt kombiniert und findet in vielen Gerichten wie Currys, Suppen, Marinaden oder sogar Energydrinks Verwendung.<\/p>\n<h2><strong>Gesundheitliche Vorteile von Kurkumapulver<\/strong><\/h2>\n<p>Der regelm\u00e4\u00dfige Konsum von\u00a0<strong>Kurkumapulver<\/strong>\u00a0hat viele Vorteile f\u00fcr unseren K\u00f6rper. Hier eine nicht ersch\u00f6pfende Liste der Vorteile, die diesem Gew\u00fcrz zugeschrieben werden :<\/p>\n<ul>\n<li><strong>Nat\u00fcrliches Antioxidans<\/strong>\u00a0Curcumin: Curcumin hat eine starke antioxidative Wirkung, die freie Radikale neutralisieren und unsere Zellen vor den sch\u00e4dlichen Auswirkungen von oxidativem Stress und Entz\u00fcndungen sch\u00fctzen kann.<\/li>\n<li><strong>Entz\u00fcndungshemmend<\/strong>\u00a0: Dieses Gew\u00fcrz wird in der ayurvedischen Medizin traditionell zur Linderung von Gelenk- und Muskelschmerzen verwendet, da es entz\u00fcndungshemmende Eigenschaften besitzt. Es soll insbesondere wirksam sein, um die Symptome von Arthrose und rheumatoider Arthritis zu verringern.<\/li>\n<li><strong>Sch\u00fctzt das Verdauungssystem<\/strong>\u00a0Kurkuma: Kurkuma f\u00f6rdert die Verdauung und hilft, Magenbeschwerden wie Geschw\u00fcren vorzubeugen. Reflux oder auch Bl\u00e4hungen. Au\u00dferdem regt es die Gallenproduktion an und erleichtert so die Ausscheidung von Fetten.<\/li>\n<li><strong>Unterst\u00fctzung des Immunsystems<\/strong>\u00a0: Dank seiner antiviralen, antibakteriellen und antimykotischen Wirkung. Kurkuma tr\u00e4gt zu einer normalen Funktion unseres Immunabwehrsystems bei.<\/li>\n<li><strong>Pr\u00e4vention von Herz-Kreislauf-Erkrankungen<\/strong>\u00a0Curcumin hat eine positive Wirkung auf den Cholesterinspiegel, indem es den LDL-Spiegel (schlechtes Cholesterin) senkt und den HDL-Spiegel (gutes Cholesterin) erh\u00f6ht. Es f\u00f6rdert au\u00dferdem die Blutflie\u00dff\u00e4higkeit und tr\u00e4gt dazu bei, das Risiko von Arteriosklerose und Thrombose zu verhindern.<\/li>\n<li><strong>Antikrebsmittel<\/strong>\u00a0: Mehrere Studien haben gezeigt, dass der regelm\u00e4\u00dfige Verzehr von Kurkuma eine sch\u00fctzende Wirkung gegen bestimmte Krebsarten haben k\u00f6nnte, insbesondere gegen Dickdarm-, Brust-, Prostata- und Lungenkrebs. Curcumin soll wirken, indem es die Proliferation von Krebszellen hemmt und ihren programmierten Tod herbeif\u00fchrt.<\/li>\n<\/ul>\n<h2><strong>Wie wird Kurkumapulver verwendet?<\/strong><\/h2>\n<p>Die Verwendung von Kurkumapulver ist einfach und kann auf verschiedene Weise in Ihre t\u00e4gliche Ern\u00e4hrung integriert werden:<\/p>\n<ol>\n<li>Geben Sie einen Teel\u00f6ffel davon in Ihre Schmorgerichte. Ihr gebratenes Gem\u00fcse oder Ihre Marinaden, um den Geschmack zu verfeinern und von seinen gesundheitlichen Vorteilen zu profitieren.<\/li>\n<li>Mischen Sie es in Ihre Smoothies, Fruchts\u00e4fte oder Pflanzenmilch, um einen Hauch von Exotik zu erzeugen und Ihre Energie zu steigern.<\/li>\n<li>Stellen Sie eine selbstgemachte Gew\u00fcrzmischung aus Kurkuma, <a href=\"https:\/\/www.safinel.fr\/de\/product-2\/langer-afrikanischer-pfeffer-schwarz\/\"><strong>schwarzer Pfeffer<\/strong><\/a>, Ingwer und Zimt, um Ihre Gerichte zu verfeinern.<\/li>\n<li>Bereiten Sie einen Tee oder Aufguss mit Kurkuma zu, um sich zu entspannen und die Verdauung am Ende einer Mahlzeit anzuregen.<\/li>\n<\/ol>\n<h3><strong>Tipp zur Optimierung der Curcuminaufnahme<\/strong><\/h3>\n<p>Um die positiven Auswirkungen von Kurkuma auf Ihre Gesundheit zu maximieren, empfiehlt es sich, seinen Verzehr mit schwarzem Pfeffer zu kombinieren. Letzterer enth\u00e4lt n\u00e4mlich Piperin, eine Substanz, die die Bioverf\u00fcgbarkeit von Curcumin deutlich erh\u00f6ht und seine Passage ins Blut erleichtert.<\/p>\n<h2><strong>Wo kann man Kurkumapulver im Jahr 2023 kaufen?<\/strong><\/h2>\n<p>Wenn Sie von den Vorteilen von <strong>dieses Gew\u00fcrz und m\u00f6chten sich hochwertiges Kurkumapulver besorgen<\/strong>. Besuchen Sie ohne zu z\u00f6gern safinel.de! Diese Website bietet eine sorgf\u00e4ltige Auswahl an nat\u00fcrlichen und biologischen Produkten, die zu den besten Preisen direkt zu Ihnen nach Hause geliefert werden. Z\u00f6gern Sie nicht l\u00e4nger und tanken Sie Vitalit\u00e4t mit Kurkuma!<\/p>","protected":false},"excerpt":{"rendered":"<p>Die\u00a0<strong>Kurkuma<\/strong>, Sie ist f\u00fcr ihren pfeffrigen und moschusartigen Duft beliebt.<\/p>\n<p><img decoding=\"async\" class=\"size-full wp-image-5091 aligncenter\" src=\"https:\/\/www.safinel.fr\/wp-content\/uploads\/2021\/06\/BANNIERE-ICONE-SAFINEL.webp\" alt=\"Satines-R\u00fcckversicherung\" width=\"800\" height=\"200\" srcset=\"https:\/\/www.safinel.fr\/wp-content\/uploads\/2021\/06\/BANNIERE-ICONE-SAFINEL.webp 800w, https:\/\/www.safinel.fr\/wp-content\/uploads\/2021\/06\/BANNIERE-ICONE-SAFINEL-600x150.webp 600w, https:\/\/www.safinel.fr\/wp-content\/uploads\/2021\/06\/BANNIERE-ICONE-SAFINEL-768x192.webp 768w\" sizes=\"(max-width: 800px) 100vw, 800px\" \/><\/p>","protected":false},"featured_media":2234,"template":"","meta":[],"product_brand":[],"product_cat":[44,169,53],"product_tag":[],"class_list":{"0":"post-2231","1":"product","2":"type-product","3":"status-publish","4":"has-post-thumbnail","6":"product_cat-epices","7":"product_cat-epices-du-monde","8":"product_cat-epices-marocaines","10":"first","11":"outofstock","12":"shipping-taxable","13":"purchasable","14":"product-type-simple"},"yoast_head":"<!-- This site is optimized with the Yoast SEO plugin v26.6 - https:\/\/yoast.com\/wordpress\/plugins\/seo\/ -->\n<title>Curcuma en poudre 100g | Plante aux bienfaits nombreux<\/title>\n<meta name=\"description\" content=\"Le\u00a0curcuma, une plante aux mille vertus, est tr\u00e8s pris\u00e9 pour son parfum poivr\u00e9 et musqu\u00e9. Utilis\u00e9e en cuisine comme en m\u00e9decine naturelle.\" \/>\n<meta name=\"robots\" content=\"index, follow, max-snippet:-1, max-image-preview:large, max-video-preview:-1\" \/>\n<link rel=\"canonical\" href=\"https:\/\/www.safinel.fr\/de\/product-2\/kurkuma\/\" \/>\n<meta property=\"og:locale\" content=\"de_DE\" \/>\n<meta property=\"og:type\" content=\"article\" \/>\n<meta property=\"og:title\" content=\"Curcuma en poudre 100g | Plante aux bienfaits nombreux\" \/>\n<meta property=\"og:description\" content=\"Le\u00a0curcuma, une plante aux mille vertus, est tr\u00e8s pris\u00e9 pour son parfum poivr\u00e9 et musqu\u00e9. Utilis\u00e9e en cuisine comme en m\u00e9decine naturelle.\" \/>\n<meta property=\"og:url\" content=\"https:\/\/www.safinel.fr\/de\/product-2\/kurkuma\/\" \/>\n<meta property=\"og:site_name\" content=\"Safinel\" \/>\n<meta property=\"article:modified_time\" content=\"2024-04-11T15:38:27+00:00\" \/>\n<meta property=\"og:image\" content=\"https:\/\/www.safinel.fr\/wp-content\/uploads\/2022\/08\/curcuma-epice.jpg\" \/>\n\t<meta property=\"og:image:width\" content=\"600\" \/>\n\t<meta property=\"og:image:height\" content=\"600\" \/>\n\t<meta property=\"og:image:type\" content=\"image\/jpeg\" \/>\n<meta name=\"twitter:card\" content=\"summary_large_image\" \/>\n<meta name=\"twitter:label1\" content=\"Gesch\u00e4tzte Lesezeit\" \/>\n\t<meta name=\"twitter:data1\" content=\"4\u00a0Minuten\" \/>\n<script type=\"application\/ld+json\" class=\"yoast-schema-graph\">{\"@context\":\"https:\/\/schema.org\",\"@graph\":[{\"@type\":\"WebPage\",\"@id\":\"https:\/\/www.safinel.fr\/produit\/curcuma\/\",\"url\":\"https:\/\/www.safinel.fr\/produit\/curcuma\/\",\"name\":\"Curcuma en poudre 100g | Plante aux bienfaits nombreux\",\"isPartOf\":{\"@id\":\"https:\/\/www.safinel.fr\/#website\"},\"primaryImageOfPage\":{\"@id\":\"https:\/\/www.safinel.fr\/produit\/curcuma\/#primaryimage\"},\"image\":{\"@id\":\"https:\/\/www.safinel.fr\/produit\/curcuma\/#primaryimage\"},\"thumbnailUrl\":\"https:\/\/www.safinel.fr\/wp-content\/uploads\/2022\/08\/curcuma-epice.jpg\",\"datePublished\":\"2022-08-18T12:33:25+00:00\",\"dateModified\":\"2024-04-11T15:38:27+00:00\",\"description\":\"Le\u00a0curcuma, une plante aux mille vertus, est tr\u00e8s pris\u00e9 pour son parfum poivr\u00e9 et musqu\u00e9. Utilis\u00e9e en cuisine comme en m\u00e9decine naturelle.\",\"breadcrumb\":{\"@id\":\"https:\/\/www.safinel.fr\/produit\/curcuma\/#breadcrumb\"},\"inLanguage\":\"de\",\"potentialAction\":[{\"@type\":\"ReadAction\",\"target\":[\"https:\/\/www.safinel.fr\/produit\/curcuma\/\"]}]},{\"@type\":\"ImageObject\",\"inLanguage\":\"de\",\"@id\":\"https:\/\/www.safinel.fr\/produit\/curcuma\/#primaryimage\",\"url\":\"https:\/\/www.safinel.fr\/wp-content\/uploads\/2022\/08\/curcuma-epice.jpg\",\"contentUrl\":\"https:\/\/www.safinel.fr\/wp-content\/uploads\/2022\/08\/curcuma-epice.jpg\",\"width\":600,\"height\":600,\"caption\":\"Curcuma 100g\"},{\"@type\":\"BreadcrumbList\",\"@id\":\"https:\/\/www.safinel.fr\/produit\/curcuma\/#breadcrumb\",\"itemListElement\":[{\"@type\":\"ListItem\",\"position\":1,\"name\":\"Accueil\",\"item\":\"https:\/\/www.safinel.fr\/\"},{\"@type\":\"ListItem\",\"position\":2,\"name\":\"Boutique\",\"item\":\"https:\/\/www.safinel.fr\/boutique\/\"},{\"@type\":\"ListItem\",\"position\":3,\"name\":\"Curcuma en poudre 100g\"}]},{\"@type\":\"WebSite\",\"@id\":\"https:\/\/www.safinel.fr\/#website\",\"url\":\"https:\/\/www.safinel.fr\/\",\"name\":\"Safinel\",\"description\":\"\",\"publisher\":{\"@id\":\"https:\/\/www.safinel.fr\/#organization\"},\"potentialAction\":[{\"@type\":\"SearchAction\",\"target\":{\"@type\":\"EntryPoint\",\"urlTemplate\":\"https:\/\/www.safinel.fr\/?s={search_term_string}\"},\"query-input\":{\"@type\":\"PropertyValueSpecification\",\"valueRequired\":true,\"valueName\":\"search_term_string\"}}],\"inLanguage\":\"de\"},{\"@type\":\"Organization\",\"@id\":\"https:\/\/www.safinel.fr\/#organization\",\"name\":\"Safinel\",\"url\":\"https:\/\/www.safinel.fr\/\",\"logo\":{\"@type\":\"ImageObject\",\"inLanguage\":\"de\",\"@id\":\"https:\/\/www.safinel.fr\/#\/schema\/logo\/image\/\",\"url\":\"https:\/\/www.safinel.fr\/wp-content\/uploads\/2021\/05\/boutique-cosmetique.png\",\"contentUrl\":\"https:\/\/www.safinel.fr\/wp-content\/uploads\/2021\/05\/boutique-cosmetique.png\",\"width\":800,\"height\":200,\"caption\":\"Safinel\"},\"image\":{\"@id\":\"https:\/\/www.safinel.fr\/#\/schema\/logo\/image\/\"}}]}<\/script>\n<!-- \/ Yoast SEO plugin. -->","yoast_head_json":{"title":"Kurkuma Pulver 100g | Pflanze mit vielen Vorteilen","description":"Kurkuma, eine Pflanze mit tausend positiven Eigenschaften, ist wegen ihres pfeffrigen und moschusartigen Dufts sehr beliebt. Sie wird sowohl in der K\u00fcche als auch in der Naturheilkunde verwendet.","robots":{"index":"index","follow":"follow","max-snippet":"max-snippet:-1","max-image-preview":"max-image-preview:large","max-video-preview":"max-video-preview:-1"},"canonical":"https:\/\/www.safinel.fr\/de\/product-2\/kurkuma\/","og_locale":"de_DE","og_type":"article","og_title":"Curcuma en poudre 100g | Plante aux bienfaits nombreux","og_description":"Le\u00a0curcuma, une plante aux mille vertus, est tr\u00e8s pris\u00e9 pour son parfum poivr\u00e9 et musqu\u00e9. Utilis\u00e9e en cuisine comme en m\u00e9decine naturelle.","og_url":"https:\/\/www.safinel.fr\/de\/product-2\/kurkuma\/","og_site_name":"Safinel","article_modified_time":"2024-04-11T15:38:27+00:00","og_image":[{"width":600,"height":600,"url":"https:\/\/www.safinel.fr\/wp-content\/uploads\/2022\/08\/curcuma-epice.jpg","type":"image\/jpeg"}],"twitter_card":"summary_large_image","twitter_misc":{"Gesch\u00e4tzte Lesezeit":"4\u00a0Minuten"},"schema":{"@context":"https:\/\/schema.org","@graph":[{"@type":"WebPage","@id":"https:\/\/www.safinel.fr\/produit\/curcuma\/","url":"https:\/\/www.safinel.fr\/produit\/curcuma\/","name":"Kurkuma Pulver 100g | Pflanze mit vielen Vorteilen","isPartOf":{"@id":"https:\/\/www.safinel.fr\/#website"},"primaryImageOfPage":{"@id":"https:\/\/www.safinel.fr\/produit\/curcuma\/#primaryimage"},"image":{"@id":"https:\/\/www.safinel.fr\/produit\/curcuma\/#primaryimage"},"thumbnailUrl":"https:\/\/www.safinel.fr\/wp-content\/uploads\/2022\/08\/curcuma-epice.jpg","datePublished":"2022-08-18T12:33:25+00:00","dateModified":"2024-04-11T15:38:27+00:00","description":"Kurkuma, eine Pflanze mit tausend positiven Eigenschaften, ist wegen ihres pfeffrigen und moschusartigen Dufts sehr beliebt. Sie wird sowohl in der K\u00fcche als auch in der Naturheilkunde verwendet.","breadcrumb":{"@id":"https:\/\/www.safinel.fr\/produit\/curcuma\/#breadcrumb"},"inLanguage":"de","potentialAction":[{"@type":"ReadAction","target":["https:\/\/www.safinel.fr\/produit\/curcuma\/"]}]},{"@type":"ImageObject","inLanguage":"de","@id":"https:\/\/www.safinel.fr\/produit\/curcuma\/#primaryimage","url":"https:\/\/www.safinel.fr\/wp-content\/uploads\/2022\/08\/curcuma-epice.jpg","contentUrl":"https:\/\/www.safinel.fr\/wp-content\/uploads\/2022\/08\/curcuma-epice.jpg","width":600,"height":600,"caption":"Curcuma 100g"},{"@type":"BreadcrumbList","@id":"https:\/\/www.safinel.fr\/produit\/curcuma\/#breadcrumb","itemListElement":[{"@type":"ListItem","position":1,"name":"Accueil","item":"https:\/\/www.safinel.fr\/"},{"@type":"ListItem","position":2,"name":"Boutique","item":"https:\/\/www.safinel.fr\/boutique\/"},{"@type":"ListItem","position":3,"name":"Curcuma en poudre 100g"}]},{"@type":"WebSite","@id":"https:\/\/www.safinel.fr\/#website","url":"https:\/\/www.safinel.fr\/","name":"Safinel","description":"","publisher":{"@id":"https:\/\/www.safinel.fr\/#organization"},"potentialAction":[{"@type":"SearchAction","target":{"@type":"EntryPoint","urlTemplate":"https:\/\/www.safinel.fr\/?s={search_term_string}"},"query-input":{"@type":"PropertyValueSpecification","valueRequired":true,"valueName":"search_term_string"}}],"inLanguage":"de"},{"@type":"Organization","@id":"https:\/\/www.safinel.fr\/#organization","name":"Safinel","url":"https:\/\/www.safinel.fr\/","logo":{"@type":"ImageObject","inLanguage":"de","@id":"https:\/\/www.safinel.fr\/#\/schema\/logo\/image\/","url":"https:\/\/www.safinel.fr\/wp-content\/uploads\/2021\/05\/boutique-cosmetique.png","contentUrl":"https:\/\/www.safinel.fr\/wp-content\/uploads\/2021\/05\/boutique-cosmetique.png","width":800,"height":200,"caption":"Safinel"},"image":{"@id":"https:\/\/www.safinel.fr\/#\/schema\/logo\/image\/"}}]}},"_links":{"self":[{"href":"https:\/\/www.safinel.fr\/de\/wp-json\/wp\/v2\/product\/2231","targetHints":{"allow":["GET"]}}],"collection":[{"href":"https:\/\/www.safinel.fr\/de\/wp-json\/wp\/v2\/product"}],"about":[{"href":"https:\/\/www.safinel.fr\/de\/wp-json\/wp\/v2\/types\/product"}],"wp:featuredmedia":[{"embeddable":true,"href":"https:\/\/www.safinel.fr\/de\/wp-json\/wp\/v2\/media\/2234"}],"wp:attachment":[{"href":"https:\/\/www.safinel.fr\/de\/wp-json\/wp\/v2\/media?parent=2231"}],"wp:term":[{"taxonomy":"product_brand","embeddable":true,"href":"https:\/\/www.safinel.fr\/de\/wp-json\/wp\/v2\/product_brand?post=2231"},{"taxonomy":"product_cat","embeddable":true,"href":"https:\/\/www.safinel.fr\/de\/wp-json\/wp\/v2\/product_cat?post=2231"},{"taxonomy":"product_tag","embeddable":true,"href":"https:\/\/www.safinel.fr\/de\/wp-json\/wp\/v2\/product_tag?post=2231"}],"curies":[{"name":"wp","href":"https:\/\/api.w.org\/{rel}","templated":true}]}}