{"id":221,"date":"2021-07-19T12:06:03","date_gmt":"2021-07-19T12:06:03","guid":{"rendered":"https:\/\/www.safinel.fr\/?post_type=product&#038;p=221"},"modified":"2024-06-02T14:24:14","modified_gmt":"2024-06-02T14:24:14","slug":"reines-drachenblut","status":"publish","type":"product","link":"https:\/\/www.safinel.fr\/de\/product-2\/reines-drachenblut\/","title":{"rendered":"Reines Drachenblut"},"content":{"rendered":"<p>Und wenn\u00a0<strong>reines Drachenblut<\/strong>, nicht l\u00e4nger ein Mythos, sondern Realit\u00e4t ist? Auch bekannt als\u00a0<strong>Drachenlord von socotra<\/strong>\u00a0oder\u00a0<strong>Sangre de drago in Lateinamerika<\/strong>, Dieses f\u00fcr viele unbekannte Elixier ist ein Saft mit weitreichenden Eigenschaften.<\/p>\n<p>Er wird in verschiedenen Heilmitteln verwendet und hat seinen Namen aufgrund seines blutroten Aussehens erhalten! Wenn Ihnen das nicht viel sagt, lassen Sie sich nicht beirren, der Rest kommt noch und Sie werden vielleicht \u00fcberrascht sein!<\/p>\n<h2><strong>Reines Drachenblut was ist das?<\/strong><\/h2>\n<p>Dieser Saft stammt von einem Baum namens Croton lechleri, der in Lateinamerika, genauer gesagt in Kolumbien und Peru, beheimatet ist. Der Baum w\u00e4chst im Amazonas-Regenwald und wurzelt in \u00fcber 1000 m H\u00f6he.<\/p>\n<p>Seit Generationen von den Einheimischen extrahiert, ist Drachenblut ein<strong>\u00a0nat\u00fcrliches handwerkliches Heilmittel.\u00a0<\/strong>Heute findet man es in verschiedenen Formen, wie z. B. :<\/p>\n<ul>\n<li><strong>In R\u00e4ucherst\u00e4bchen :\u00a0<\/strong><\/li>\n<\/ul>\n<p>Sie haben die M\u00f6glichkeit, Drachenblut zu finden\u00a0<strong>in Sp\u00e4nen\u00a0<\/strong>oder aber in\u00a0<strong>St\u00e4bchen<\/strong>\u00a0um Ihre Innenr\u00e4ume zu balsamieren. Ein Geruch, der dem Balsamischen \u00e4hnelt, angenehm beruhigend und reinigend.<\/p>\n<ul>\n<li><strong>Als konzentrierter Extrakt :<\/strong><\/li>\n<\/ul>\n<p>Normalerweise in Fl\u00e4schchen vermarktet, ist rein konzentriertes Drachenblut manchmal selten zu finden!<\/p>\n<ul>\n<li><strong>Als kosmetischer Wirkstoff :<\/strong><\/li>\n<\/ul>\n<p>Es ist \u00fcblich geworden, Drachenblut in einigen Kosmetika zu finden, z. B. in Gel, Creme oder sogar Seife.<\/p>\n<h2><strong>Die Vorteile von reinem Drachenblut\u00a0<\/strong><\/h2>\n<p>Diese\u00a0<strong>Elixier<\/strong>\u00a0ist ein Schatz der Natur, der je nach Bedarf unterschiedlich eingesetzt wird. So wird er insbesondere eingesetzt f\u00fcr\u00a0<strong>Hautprobleme<\/strong>\u00a0wie:<\/p>\n<ul>\n<li>Auf Wunden, um die Wundheilung zu unterst\u00fctzen, daher der Spitzname Fl\u00fcssigpflaster. Es wird aber auch bei Dehnungsstreifen und Narben verwendet.<\/li>\n<\/ul>\n<ul>\n<li><strong>Nat\u00fcrliches Anti-Aging<\/strong>, Die Haut wird belebt und erh\u00e4lt neue Spannkraft und Festigkeit.<\/li>\n<\/ul>\n<p>Au\u00dferdem kann er je nach Bedarf unterschiedlich eingesetzt werden. So kann dieses ungew\u00f6hnliche Getr\u00e4nk bei inneren Beschwerden helfen, wie z. B. bei der\u00a0<strong>h\u00e4morrhagische Rektokolitis\u00a0<\/strong>oder die\u00a0<a href=\"https:\/\/www.vidal.fr\/maladies\/estomac-intestins\/maladie-crohn.html\" target=\"_blank\" rel=\"noopener\"><strong>Morbus Crohn<\/strong><\/a>. Gesundheitsbeschwerden, die mit dem Dickdarm und den Darmtransiten zusammenh\u00e4ngen.<\/p>\n<p>Ihre immunstimulierenden Eigenschaften und ihr bakteriensch\u00fctzender und entz\u00fcndungshemmender Reichtum sollen f\u00fcr die Darmbl\u00fcte wirksam sein. Und damit einige Symptome dieser Krankheiten lindern.<\/p>\n<p>Es ist an der Zeit, mehr \u00fcber die Verwendung dieser geheimnisvollen Substanz mit ihren vielen positiven Eigenschaften zu erfahren.<\/p>\n<h3><strong>Wie verwende ich dieses nat\u00fcrliche Produkt?\u00a0<\/strong><\/h3>\n<p>Die Anwendung des Drachenblut-Elixiers kann je nach Bedarf unterschiedlich sein. Deshalb werden wir uns gemeinsam einige Beispiele ansehen :<\/p>\n<ul>\n<li>Bei Hautanwendungen, wie Ekzemen oder Insektenstichen, direkt auf die Zielstelle auftragen, damit es seine Wirkung entfalten kann.<\/li>\n<li>Aber auch bei inneren Beschwerden kann man dieses nat\u00fcrliche Heilmittel mit Wasser verd\u00fcnnen. So kann es helfen, die Schmerzen zu lindern.<\/li>\n<\/ul>\n<p>Z\u00f6gern Sie nicht, Ihr Safinel Online-Shop hat eine gro\u00dfe Auswahl an Produkten und eine Kategorie von\u00a0<strong>Heilpflanzen<\/strong>. Wo Sie unter anderem Zugang zu\u00a0<a href=\"https:\/\/www.safinel.fr\/de\/product-2\/vetiverwurzeln\/\"><strong>Vetiverwurzeln<\/strong><\/a>\u00a0die daf\u00fcr bekannt sind, gegen schlechte Durchblutung oder auch gegen Stress zu helfen.<\/p>\n<p>Aber auch vom<strong>\u00a0<a href=\"https:\/\/www.safinel.fr\/de\/product-2\/sichuanpfefferkorner\/\">Szechuanpfeffer<\/a><\/strong>\u00a0in K\u00f6rnern, die mit Tugenden gef\u00fcllt sind.<\/p>","protected":false},"excerpt":{"rendered":"<p>Et si\u00a0le sang de dragon pur, aux nombreuses vertus, n\u2019\u00e9tait plus un mythe mais une r\u00e9alit\u00e9\u00a0? Aussi surnomm\u00e9\u00a0Dragonnier de socotra\u00a0ou bien\u00a0Sangre de drago en Am\u00e9rique latine, cet \u00e9lixir inconnu pour certain, est une s\u00e8ve aux larges propri\u00e9t\u00e9s. Utilis\u00e9 dans plusieurs rem\u00e8des, son nom lui vient de son aspect \u00e0 la couleur rouge sang\u00a0! Si cela [&#8230;]","protected":false},"featured_media":219,"template":"","meta":[],"product_brand":[],"product_cat":[27],"product_tag":[],"class_list":{"0":"post-221","1":"product","2":"type-product","3":"status-publish","4":"has-post-thumbnail","6":"product_cat-plantes-medicinales","8":"first","9":"outofstock","10":"shipping-taxable","11":"purchasable","12":"product-type-variable"},"yoast_head":"<!-- This site is optimized with the Yoast SEO plugin v26.6 - https:\/\/yoast.com\/wordpress\/plugins\/seo\/ -->\n<title>Sang de dragon pur | Vertus multiples \u00e0 d\u00e9couvrir en ligne<\/title>\n<meta name=\"description\" content=\"Et si\u00a0le sang de dragon pur, aux nombreuses vertus, n\u2019\u00e9tait plus un mythe mais une r\u00e9alit\u00e9\u00a0? Ici, d\u00e9couvrez-le en quelques clics !\" \/>\n<meta name=\"robots\" content=\"index, follow, max-snippet:-1, max-image-preview:large, max-video-preview:-1\" \/>\n<link rel=\"canonical\" href=\"https:\/\/www.safinel.fr\/de\/product-2\/reines-drachenblut\/\" \/>\n<meta property=\"og:locale\" content=\"de_DE\" \/>\n<meta property=\"og:type\" content=\"article\" \/>\n<meta property=\"og:title\" content=\"Sang de dragon pur | Vertus multiples \u00e0 d\u00e9couvrir en ligne\" \/>\n<meta property=\"og:description\" content=\"Et si\u00a0le sang de dragon pur, aux nombreuses vertus, n\u2019\u00e9tait plus un mythe mais une r\u00e9alit\u00e9\u00a0? Ici, d\u00e9couvrez-le en quelques clics !\" \/>\n<meta property=\"og:url\" content=\"https:\/\/www.safinel.fr\/de\/product-2\/reines-drachenblut\/\" \/>\n<meta property=\"og:site_name\" content=\"Safinel\" \/>\n<meta property=\"article:modified_time\" content=\"2024-06-02T14:24:14+00:00\" \/>\n<meta property=\"og:image\" content=\"https:\/\/www.safinel.fr\/wp-content\/uploads\/2021\/07\/sang-de-dragon-bouteillle-50ml-1024x1024-1.jpg\" \/>\n\t<meta property=\"og:image:width\" content=\"1024\" \/>\n\t<meta property=\"og:image:height\" content=\"1024\" \/>\n\t<meta property=\"og:image:type\" content=\"image\/jpeg\" \/>\n<meta name=\"twitter:card\" content=\"summary_large_image\" \/>\n<meta name=\"twitter:label1\" content=\"Gesch\u00e4tzte Lesezeit\" \/>\n\t<meta name=\"twitter:data1\" content=\"3\u00a0Minuten\" \/>\n<script type=\"application\/ld+json\" class=\"yoast-schema-graph\">{\"@context\":\"https:\/\/schema.org\",\"@graph\":[{\"@type\":\"WebPage\",\"@id\":\"https:\/\/www.safinel.fr\/produit\/sang-de-dragon-pur\/\",\"url\":\"https:\/\/www.safinel.fr\/produit\/sang-de-dragon-pur\/\",\"name\":\"Sang de dragon pur | Vertus multiples \u00e0 d\u00e9couvrir en ligne\",\"isPartOf\":{\"@id\":\"https:\/\/www.safinel.fr\/#website\"},\"primaryImageOfPage\":{\"@id\":\"https:\/\/www.safinel.fr\/produit\/sang-de-dragon-pur\/#primaryimage\"},\"image\":{\"@id\":\"https:\/\/www.safinel.fr\/produit\/sang-de-dragon-pur\/#primaryimage\"},\"thumbnailUrl\":\"https:\/\/www.safinel.fr\/wp-content\/uploads\/2021\/07\/sang-de-dragon-bouteillle-50ml-1024x1024-1.jpg\",\"datePublished\":\"2021-07-19T12:06:03+00:00\",\"dateModified\":\"2024-06-02T14:24:14+00:00\",\"description\":\"Et si\u00a0le sang de dragon pur, aux nombreuses vertus, n\u2019\u00e9tait plus un mythe mais une r\u00e9alit\u00e9\u00a0? Ici, d\u00e9couvrez-le en quelques clics !\",\"breadcrumb\":{\"@id\":\"https:\/\/www.safinel.fr\/produit\/sang-de-dragon-pur\/#breadcrumb\"},\"inLanguage\":\"de\",\"potentialAction\":[{\"@type\":\"ReadAction\",\"target\":[\"https:\/\/www.safinel.fr\/produit\/sang-de-dragon-pur\/\"]}]},{\"@type\":\"ImageObject\",\"inLanguage\":\"de\",\"@id\":\"https:\/\/www.safinel.fr\/produit\/sang-de-dragon-pur\/#primaryimage\",\"url\":\"https:\/\/www.safinel.fr\/wp-content\/uploads\/2021\/07\/sang-de-dragon-bouteillle-50ml-1024x1024-1.jpg\",\"contentUrl\":\"https:\/\/www.safinel.fr\/wp-content\/uploads\/2021\/07\/sang-de-dragon-bouteillle-50ml-1024x1024-1.jpg\",\"width\":1024,\"height\":1024,\"caption\":\"sang de dragon pur 50ml\"},{\"@type\":\"BreadcrumbList\",\"@id\":\"https:\/\/www.safinel.fr\/produit\/sang-de-dragon-pur\/#breadcrumb\",\"itemListElement\":[{\"@type\":\"ListItem\",\"position\":1,\"name\":\"Accueil\",\"item\":\"https:\/\/www.safinel.fr\/\"},{\"@type\":\"ListItem\",\"position\":2,\"name\":\"Boutique\",\"item\":\"https:\/\/www.safinel.fr\/boutique\/\"},{\"@type\":\"ListItem\",\"position\":3,\"name\":\"Sang de dragon pur\"}]},{\"@type\":\"WebSite\",\"@id\":\"https:\/\/www.safinel.fr\/#website\",\"url\":\"https:\/\/www.safinel.fr\/\",\"name\":\"Safinel\",\"description\":\"\",\"publisher\":{\"@id\":\"https:\/\/www.safinel.fr\/#organization\"},\"potentialAction\":[{\"@type\":\"SearchAction\",\"target\":{\"@type\":\"EntryPoint\",\"urlTemplate\":\"https:\/\/www.safinel.fr\/?s={search_term_string}\"},\"query-input\":{\"@type\":\"PropertyValueSpecification\",\"valueRequired\":true,\"valueName\":\"search_term_string\"}}],\"inLanguage\":\"de\"},{\"@type\":\"Organization\",\"@id\":\"https:\/\/www.safinel.fr\/#organization\",\"name\":\"Safinel\",\"url\":\"https:\/\/www.safinel.fr\/\",\"logo\":{\"@type\":\"ImageObject\",\"inLanguage\":\"de\",\"@id\":\"https:\/\/www.safinel.fr\/#\/schema\/logo\/image\/\",\"url\":\"https:\/\/www.safinel.fr\/wp-content\/uploads\/2021\/05\/boutique-cosmetique.png\",\"contentUrl\":\"https:\/\/www.safinel.fr\/wp-content\/uploads\/2021\/05\/boutique-cosmetique.png\",\"width\":800,\"height\":200,\"caption\":\"Safinel\"},\"image\":{\"@id\":\"https:\/\/www.safinel.fr\/#\/schema\/logo\/image\/\"}}]}<\/script>\n<!-- \/ Yoast SEO plugin. -->","yoast_head_json":{"title":"Reines Drachenblut | Vielf\u00e4ltige Tugenden online entdecken","description":"Was w\u00e4re, wenn reines Drachenblut mit seinen vielen positiven Eigenschaften kein Mythos mehr w\u00e4re, sondern Realit\u00e4t? Hier finden Sie es mit wenigen Klicks heraus!","robots":{"index":"index","follow":"follow","max-snippet":"max-snippet:-1","max-image-preview":"max-image-preview:large","max-video-preview":"max-video-preview:-1"},"canonical":"https:\/\/www.safinel.fr\/de\/product-2\/reines-drachenblut\/","og_locale":"de_DE","og_type":"article","og_title":"Sang de dragon pur | Vertus multiples \u00e0 d\u00e9couvrir en ligne","og_description":"Et si\u00a0le sang de dragon pur, aux nombreuses vertus, n\u2019\u00e9tait plus un mythe mais une r\u00e9alit\u00e9\u00a0? Ici, d\u00e9couvrez-le en quelques clics !","og_url":"https:\/\/www.safinel.fr\/de\/product-2\/reines-drachenblut\/","og_site_name":"Safinel","article_modified_time":"2024-06-02T14:24:14+00:00","og_image":[{"width":1024,"height":1024,"url":"https:\/\/www.safinel.fr\/wp-content\/uploads\/2021\/07\/sang-de-dragon-bouteillle-50ml-1024x1024-1.jpg","type":"image\/jpeg"}],"twitter_card":"summary_large_image","twitter_misc":{"Gesch\u00e4tzte Lesezeit":"3\u00a0Minuten"},"schema":{"@context":"https:\/\/schema.org","@graph":[{"@type":"WebPage","@id":"https:\/\/www.safinel.fr\/produit\/sang-de-dragon-pur\/","url":"https:\/\/www.safinel.fr\/produit\/sang-de-dragon-pur\/","name":"Reines Drachenblut | Vielf\u00e4ltige Tugenden online entdecken","isPartOf":{"@id":"https:\/\/www.safinel.fr\/#website"},"primaryImageOfPage":{"@id":"https:\/\/www.safinel.fr\/produit\/sang-de-dragon-pur\/#primaryimage"},"image":{"@id":"https:\/\/www.safinel.fr\/produit\/sang-de-dragon-pur\/#primaryimage"},"thumbnailUrl":"https:\/\/www.safinel.fr\/wp-content\/uploads\/2021\/07\/sang-de-dragon-bouteillle-50ml-1024x1024-1.jpg","datePublished":"2021-07-19T12:06:03+00:00","dateModified":"2024-06-02T14:24:14+00:00","description":"Was w\u00e4re, wenn reines Drachenblut mit seinen vielen positiven Eigenschaften kein Mythos mehr w\u00e4re, sondern Realit\u00e4t? Hier finden Sie es mit wenigen Klicks heraus!","breadcrumb":{"@id":"https:\/\/www.safinel.fr\/produit\/sang-de-dragon-pur\/#breadcrumb"},"inLanguage":"de","potentialAction":[{"@type":"ReadAction","target":["https:\/\/www.safinel.fr\/produit\/sang-de-dragon-pur\/"]}]},{"@type":"ImageObject","inLanguage":"de","@id":"https:\/\/www.safinel.fr\/produit\/sang-de-dragon-pur\/#primaryimage","url":"https:\/\/www.safinel.fr\/wp-content\/uploads\/2021\/07\/sang-de-dragon-bouteillle-50ml-1024x1024-1.jpg","contentUrl":"https:\/\/www.safinel.fr\/wp-content\/uploads\/2021\/07\/sang-de-dragon-bouteillle-50ml-1024x1024-1.jpg","width":1024,"height":1024,"caption":"sang de dragon pur 50ml"},{"@type":"BreadcrumbList","@id":"https:\/\/www.safinel.fr\/produit\/sang-de-dragon-pur\/#breadcrumb","itemListElement":[{"@type":"ListItem","position":1,"name":"Accueil","item":"https:\/\/www.safinel.fr\/"},{"@type":"ListItem","position":2,"name":"Boutique","item":"https:\/\/www.safinel.fr\/boutique\/"},{"@type":"ListItem","position":3,"name":"Sang de dragon pur"}]},{"@type":"WebSite","@id":"https:\/\/www.safinel.fr\/#website","url":"https:\/\/www.safinel.fr\/","name":"Safinel","description":"","publisher":{"@id":"https:\/\/www.safinel.fr\/#organization"},"potentialAction":[{"@type":"SearchAction","target":{"@type":"EntryPoint","urlTemplate":"https:\/\/www.safinel.fr\/?s={search_term_string}"},"query-input":{"@type":"PropertyValueSpecification","valueRequired":true,"valueName":"search_term_string"}}],"inLanguage":"de"},{"@type":"Organization","@id":"https:\/\/www.safinel.fr\/#organization","name":"Safinel","url":"https:\/\/www.safinel.fr\/","logo":{"@type":"ImageObject","inLanguage":"de","@id":"https:\/\/www.safinel.fr\/#\/schema\/logo\/image\/","url":"https:\/\/www.safinel.fr\/wp-content\/uploads\/2021\/05\/boutique-cosmetique.png","contentUrl":"https:\/\/www.safinel.fr\/wp-content\/uploads\/2021\/05\/boutique-cosmetique.png","width":800,"height":200,"caption":"Safinel"},"image":{"@id":"https:\/\/www.safinel.fr\/#\/schema\/logo\/image\/"}}]}},"_links":{"self":[{"href":"https:\/\/www.safinel.fr\/de\/wp-json\/wp\/v2\/product\/221","targetHints":{"allow":["GET"]}}],"collection":[{"href":"https:\/\/www.safinel.fr\/de\/wp-json\/wp\/v2\/product"}],"about":[{"href":"https:\/\/www.safinel.fr\/de\/wp-json\/wp\/v2\/types\/product"}],"wp:featuredmedia":[{"embeddable":true,"href":"https:\/\/www.safinel.fr\/de\/wp-json\/wp\/v2\/media\/219"}],"wp:attachment":[{"href":"https:\/\/www.safinel.fr\/de\/wp-json\/wp\/v2\/media?parent=221"}],"wp:term":[{"taxonomy":"product_brand","embeddable":true,"href":"https:\/\/www.safinel.fr\/de\/wp-json\/wp\/v2\/product_brand?post=221"},{"taxonomy":"product_cat","embeddable":true,"href":"https:\/\/www.safinel.fr\/de\/wp-json\/wp\/v2\/product_cat?post=221"},{"taxonomy":"product_tag","embeddable":true,"href":"https:\/\/www.safinel.fr\/de\/wp-json\/wp\/v2\/product_tag?post=221"}],"curies":[{"name":"wp","href":"https:\/\/api.w.org\/{rel}","templated":true}]}}