{"id":2178,"date":"2022-08-17T09:41:43","date_gmt":"2022-08-17T09:41:43","guid":{"rendered":"https:\/\/www.safinel.fr\/?post_type=product&#038;p=2178"},"modified":"2023-12-30T12:35:04","modified_gmt":"2023-12-30T12:35:04","slug":"blindage-revitalisierende-creme-keratin","status":"publish","type":"product","link":"https:\/\/www.safinel.fr\/de\/product-2\/blindage-revitalisierende-creme-keratin\/","title":{"rendered":"Blindage Keratin Revitalisierungscreme 1000ml - Pro Hair Professional"},"content":{"rendered":"","protected":false},"excerpt":{"rendered":"<p><strong>Eigenschaften :\u00a0<\/strong><\/p>\n<p>Die Conditioning Cream ist eine fl\u00fcssige Creme, die reich an keratinhaltigen Conditioning-Substanzen ist, die das gesamte Haar geschmeidig machen und ihm Glanz verleihen.<\/p>","protected":false},"featured_media":2208,"template":"","meta":[],"product_brand":[],"product_cat":[79,77],"product_tag":[],"class_list":{"0":"post-2178","1":"product","2":"type-product","3":"status-publish","4":"has-post-thumbnail","6":"product_cat-botox-capillaire","7":"product_cat-pro-hair-professional","9":"first","10":"outofstock","11":"shipping-taxable","12":"purchasable","13":"product-type-simple"},"yoast_head":"<!-- This site is optimized with the Yoast SEO plugin v26.6 - https:\/\/yoast.com\/wordpress\/plugins\/seo\/ -->\n<title>Blindage cr\u00e8me revitalisante k\u00e9ratine 1000ml - Pro Hair Professional - Safinel<\/title>\n<meta name=\"robots\" content=\"index, follow, max-snippet:-1, max-image-preview:large, max-video-preview:-1\" \/>\n<link rel=\"canonical\" href=\"https:\/\/www.safinel.fr\/de\/product-2\/blindage-revitalisierende-creme-keratin\/\" \/>\n<meta property=\"og:locale\" content=\"de_DE\" \/>\n<meta property=\"og:type\" content=\"article\" \/>\n<meta property=\"og:title\" content=\"Blindage cr\u00e8me revitalisante k\u00e9ratine 1000ml - Pro Hair Professional - Safinel\" \/>\n<meta property=\"og:description\" content=\"Caract\u00e9ristiques :\u00a0  La cr\u00e8me revitalisante est une cr\u00e8me fluide riche en substances conditionneuses \u00e0 la k\u00e9ratine qui assouplissent tous les cheveux et leurs donnent de l\u2019\u00e9clat.\" \/>\n<meta property=\"og:url\" content=\"https:\/\/www.safinel.fr\/de\/product-2\/blindage-revitalisierende-creme-keratin\/\" \/>\n<meta property=\"og:site_name\" content=\"Safinel\" \/>\n<meta property=\"article:modified_time\" content=\"2023-12-30T12:35:04+00:00\" \/>\n<meta property=\"og:image\" content=\"https:\/\/www.safinel.fr\/wp-content\/uploads\/2022\/08\/blindage-capillaire-keratine-pro-hair-professional.jpg\" \/>\n\t<meta property=\"og:image:width\" content=\"600\" \/>\n\t<meta property=\"og:image:height\" content=\"600\" \/>\n\t<meta property=\"og:image:type\" content=\"image\/jpeg\" \/>\n<meta name=\"twitter:card\" content=\"summary_large_image\" \/>\n<script type=\"application\/ld+json\" class=\"yoast-schema-graph\">{\"@context\":\"https:\/\/schema.org\",\"@graph\":[{\"@type\":\"WebPage\",\"@id\":\"https:\/\/www.safinel.fr\/produit\/blindage-creme-revitalisante-keratine\/\",\"url\":\"https:\/\/www.safinel.fr\/produit\/blindage-creme-revitalisante-keratine\/\",\"name\":\"Blindage cr\u00e8me revitalisante k\u00e9ratine 1000ml - Pro Hair Professional - Safinel\",\"isPartOf\":{\"@id\":\"https:\/\/www.safinel.fr\/#website\"},\"primaryImageOfPage\":{\"@id\":\"https:\/\/www.safinel.fr\/produit\/blindage-creme-revitalisante-keratine\/#primaryimage\"},\"image\":{\"@id\":\"https:\/\/www.safinel.fr\/produit\/blindage-creme-revitalisante-keratine\/#primaryimage\"},\"thumbnailUrl\":\"https:\/\/www.safinel.fr\/wp-content\/uploads\/2022\/08\/blindage-capillaire-keratine-pro-hair-professional.jpg\",\"datePublished\":\"2022-08-17T09:41:43+00:00\",\"dateModified\":\"2023-12-30T12:35:04+00:00\",\"breadcrumb\":{\"@id\":\"https:\/\/www.safinel.fr\/produit\/blindage-creme-revitalisante-keratine\/#breadcrumb\"},\"inLanguage\":\"de\",\"potentialAction\":[{\"@type\":\"ReadAction\",\"target\":[\"https:\/\/www.safinel.fr\/produit\/blindage-creme-revitalisante-keratine\/\"]}]},{\"@type\":\"ImageObject\",\"inLanguage\":\"de\",\"@id\":\"https:\/\/www.safinel.fr\/produit\/blindage-creme-revitalisante-keratine\/#primaryimage\",\"url\":\"https:\/\/www.safinel.fr\/wp-content\/uploads\/2022\/08\/blindage-capillaire-keratine-pro-hair-professional.jpg\",\"contentUrl\":\"https:\/\/www.safinel.fr\/wp-content\/uploads\/2022\/08\/blindage-capillaire-keratine-pro-hair-professional.jpg\",\"width\":600,\"height\":600},{\"@type\":\"BreadcrumbList\",\"@id\":\"https:\/\/www.safinel.fr\/produit\/blindage-creme-revitalisante-keratine\/#breadcrumb\",\"itemListElement\":[{\"@type\":\"ListItem\",\"position\":1,\"name\":\"Accueil\",\"item\":\"https:\/\/www.safinel.fr\/\"},{\"@type\":\"ListItem\",\"position\":2,\"name\":\"Boutique\",\"item\":\"https:\/\/www.safinel.fr\/boutique\/\"},{\"@type\":\"ListItem\",\"position\":3,\"name\":\"Blindage cr\u00e8me revitalisante k\u00e9ratine 1000ml &#8211; Pro Hair Professional\"}]},{\"@type\":\"WebSite\",\"@id\":\"https:\/\/www.safinel.fr\/#website\",\"url\":\"https:\/\/www.safinel.fr\/\",\"name\":\"Safinel\",\"description\":\"\",\"publisher\":{\"@id\":\"https:\/\/www.safinel.fr\/#organization\"},\"potentialAction\":[{\"@type\":\"SearchAction\",\"target\":{\"@type\":\"EntryPoint\",\"urlTemplate\":\"https:\/\/www.safinel.fr\/?s={search_term_string}\"},\"query-input\":{\"@type\":\"PropertyValueSpecification\",\"valueRequired\":true,\"valueName\":\"search_term_string\"}}],\"inLanguage\":\"de\"},{\"@type\":\"Organization\",\"@id\":\"https:\/\/www.safinel.fr\/#organization\",\"name\":\"Safinel\",\"url\":\"https:\/\/www.safinel.fr\/\",\"logo\":{\"@type\":\"ImageObject\",\"inLanguage\":\"de\",\"@id\":\"https:\/\/www.safinel.fr\/#\/schema\/logo\/image\/\",\"url\":\"https:\/\/www.safinel.fr\/wp-content\/uploads\/2021\/05\/boutique-cosmetique.png\",\"contentUrl\":\"https:\/\/www.safinel.fr\/wp-content\/uploads\/2021\/05\/boutique-cosmetique.png\",\"width\":800,\"height\":200,\"caption\":\"Safinel\"},\"image\":{\"@id\":\"https:\/\/www.safinel.fr\/#\/schema\/logo\/image\/\"}}]}<\/script>\n<!-- \/ Yoast SEO plugin. -->","yoast_head_json":{"title":"Blindage Revitalisierende Keratin Creme 1000ml - Pro Hair Professional - Safinel","robots":{"index":"index","follow":"follow","max-snippet":"max-snippet:-1","max-image-preview":"max-image-preview:large","max-video-preview":"max-video-preview:-1"},"canonical":"https:\/\/www.safinel.fr\/de\/product-2\/blindage-revitalisierende-creme-keratin\/","og_locale":"de_DE","og_type":"article","og_title":"Blindage cr\u00e8me revitalisante k\u00e9ratine 1000ml - Pro Hair Professional - Safinel","og_description":"Caract\u00e9ristiques :\u00a0  La cr\u00e8me revitalisante est une cr\u00e8me fluide riche en substances conditionneuses \u00e0 la k\u00e9ratine qui assouplissent tous les cheveux et leurs donnent de l\u2019\u00e9clat.","og_url":"https:\/\/www.safinel.fr\/de\/product-2\/blindage-revitalisierende-creme-keratin\/","og_site_name":"Safinel","article_modified_time":"2023-12-30T12:35:04+00:00","og_image":[{"width":600,"height":600,"url":"https:\/\/www.safinel.fr\/wp-content\/uploads\/2022\/08\/blindage-capillaire-keratine-pro-hair-professional.jpg","type":"image\/jpeg"}],"twitter_card":"summary_large_image","schema":{"@context":"https:\/\/schema.org","@graph":[{"@type":"WebPage","@id":"https:\/\/www.safinel.fr\/produit\/blindage-creme-revitalisante-keratine\/","url":"https:\/\/www.safinel.fr\/produit\/blindage-creme-revitalisante-keratine\/","name":"Blindage Revitalisierende Keratin Creme 1000ml - Pro Hair Professional - Safinel","isPartOf":{"@id":"https:\/\/www.safinel.fr\/#website"},"primaryImageOfPage":{"@id":"https:\/\/www.safinel.fr\/produit\/blindage-creme-revitalisante-keratine\/#primaryimage"},"image":{"@id":"https:\/\/www.safinel.fr\/produit\/blindage-creme-revitalisante-keratine\/#primaryimage"},"thumbnailUrl":"https:\/\/www.safinel.fr\/wp-content\/uploads\/2022\/08\/blindage-capillaire-keratine-pro-hair-professional.jpg","datePublished":"2022-08-17T09:41:43+00:00","dateModified":"2023-12-30T12:35:04+00:00","breadcrumb":{"@id":"https:\/\/www.safinel.fr\/produit\/blindage-creme-revitalisante-keratine\/#breadcrumb"},"inLanguage":"de","potentialAction":[{"@type":"ReadAction","target":["https:\/\/www.safinel.fr\/produit\/blindage-creme-revitalisante-keratine\/"]}]},{"@type":"ImageObject","inLanguage":"de","@id":"https:\/\/www.safinel.fr\/produit\/blindage-creme-revitalisante-keratine\/#primaryimage","url":"https:\/\/www.safinel.fr\/wp-content\/uploads\/2022\/08\/blindage-capillaire-keratine-pro-hair-professional.jpg","contentUrl":"https:\/\/www.safinel.fr\/wp-content\/uploads\/2022\/08\/blindage-capillaire-keratine-pro-hair-professional.jpg","width":600,"height":600},{"@type":"BreadcrumbList","@id":"https:\/\/www.safinel.fr\/produit\/blindage-creme-revitalisante-keratine\/#breadcrumb","itemListElement":[{"@type":"ListItem","position":1,"name":"Accueil","item":"https:\/\/www.safinel.fr\/"},{"@type":"ListItem","position":2,"name":"Boutique","item":"https:\/\/www.safinel.fr\/boutique\/"},{"@type":"ListItem","position":3,"name":"Blindage cr\u00e8me revitalisante k\u00e9ratine 1000ml &#8211; Pro Hair Professional"}]},{"@type":"WebSite","@id":"https:\/\/www.safinel.fr\/#website","url":"https:\/\/www.safinel.fr\/","name":"Safinel","description":"","publisher":{"@id":"https:\/\/www.safinel.fr\/#organization"},"potentialAction":[{"@type":"SearchAction","target":{"@type":"EntryPoint","urlTemplate":"https:\/\/www.safinel.fr\/?s={search_term_string}"},"query-input":{"@type":"PropertyValueSpecification","valueRequired":true,"valueName":"search_term_string"}}],"inLanguage":"de"},{"@type":"Organization","@id":"https:\/\/www.safinel.fr\/#organization","name":"Safinel","url":"https:\/\/www.safinel.fr\/","logo":{"@type":"ImageObject","inLanguage":"de","@id":"https:\/\/www.safinel.fr\/#\/schema\/logo\/image\/","url":"https:\/\/www.safinel.fr\/wp-content\/uploads\/2021\/05\/boutique-cosmetique.png","contentUrl":"https:\/\/www.safinel.fr\/wp-content\/uploads\/2021\/05\/boutique-cosmetique.png","width":800,"height":200,"caption":"Safinel"},"image":{"@id":"https:\/\/www.safinel.fr\/#\/schema\/logo\/image\/"}}]}},"_links":{"self":[{"href":"https:\/\/www.safinel.fr\/de\/wp-json\/wp\/v2\/product\/2178","targetHints":{"allow":["GET"]}}],"collection":[{"href":"https:\/\/www.safinel.fr\/de\/wp-json\/wp\/v2\/product"}],"about":[{"href":"https:\/\/www.safinel.fr\/de\/wp-json\/wp\/v2\/types\/product"}],"wp:featuredmedia":[{"embeddable":true,"href":"https:\/\/www.safinel.fr\/de\/wp-json\/wp\/v2\/media\/2208"}],"wp:attachment":[{"href":"https:\/\/www.safinel.fr\/de\/wp-json\/wp\/v2\/media?parent=2178"}],"wp:term":[{"taxonomy":"product_brand","embeddable":true,"href":"https:\/\/www.safinel.fr\/de\/wp-json\/wp\/v2\/product_brand?post=2178"},{"taxonomy":"product_cat","embeddable":true,"href":"https:\/\/www.safinel.fr\/de\/wp-json\/wp\/v2\/product_cat?post=2178"},{"taxonomy":"product_tag","embeddable":true,"href":"https:\/\/www.safinel.fr\/de\/wp-json\/wp\/v2\/product_tag?post=2178"}],"curies":[{"name":"wp","href":"https:\/\/api.w.org\/{rel}","templated":true}]}}