{"id":2175,"date":"2022-08-17T09:41:42","date_gmt":"2022-08-17T09:41:42","guid":{"rendered":"https:\/\/www.safinel.fr\/?post_type=product&#038;p=2175"},"modified":"2023-12-30T13:23:54","modified_gmt":"2023-12-30T13:23:54","slug":"trio-serie-aus-keratin-und-kokosnussol","status":"publish","type":"product","link":"https:\/\/www.safinel.fr\/de\/product-2\/trio-serie-aus-keratin-und-kokosnussol\/","title":{"rendered":"Keratin und Kokosnuss\u00f6l Trio-Serie (Shampoo + Maske + Serum) - Kera Queen's"},"content":{"rendered":"","protected":false},"excerpt":{"rendered":"<p><strong>Zusammensetzung :<\/strong><\/p>\n<ul>\n<li>Ein Shampoo mit Keratin und Kokosnuss\u00f6l (500ml).<\/li>\n<li>Eine Maske mit Keratin und Kokosnuss\u00f6l (500ml).<\/li>\n<li>Ein professionelles Leave-in Serum mit Kokosnuss\u00f6l (100ml).<\/li>\n<\/ul>\n<p><strong>Eigenschaften :<\/strong><\/p>\n<ul>\n<li>Ohne Sulfate und Parabene.<\/li>\n<li>Ultra n\u00e4hrend.<\/li>\n<li>Trockenes, stumpfes und krauses Haar.<\/li>\n<\/ul>","protected":false},"featured_media":2205,"template":"","meta":[],"product_brand":[],"product_cat":[79,146,76],"product_tag":[],"class_list":{"0":"post-2175","1":"product","2":"type-product","3":"status-publish","4":"has-post-thumbnail","6":"product_cat-botox-capillaire","7":"product_cat-produit-cheveux","8":"product_cat-kera-queens","10":"first","11":"instock","12":"shipping-taxable","13":"purchasable","14":"product-type-simple"},"yoast_head":"<!-- This site is optimized with the Yoast SEO plugin v26.6 - https:\/\/yoast.com\/wordpress\/plugins\/seo\/ -->\n<title>Gamme trio K\u00e9ratine et Huile de Coco (shampoing + masque + serum) - Kera Queen&#039;s - Safinel<\/title>\n<meta name=\"robots\" content=\"index, follow, max-snippet:-1, max-image-preview:large, max-video-preview:-1\" \/>\n<link rel=\"canonical\" href=\"https:\/\/www.safinel.fr\/de\/product-2\/trio-serie-aus-keratin-und-kokosnussol\/\" \/>\n<meta property=\"og:locale\" content=\"de_DE\" \/>\n<meta property=\"og:type\" content=\"article\" \/>\n<meta property=\"og:title\" content=\"Gamme trio K\u00e9ratine et Huile de Coco (shampoing + masque + serum) - Kera Queen&#039;s - Safinel\" \/>\n<meta property=\"og:description\" content=\"Composition :   Un Shampoing \u00e0 la K\u00e9ratine et \u00e0 l\u2019huile de coco (500ml).  Un Masque \u00e0 la K\u00e9ratine et \u00e0 l\u2019huile de coco (500ml).  Un S\u00e9rum professionnel sans rin\u00e7age \u00e0 l\u2019huile de coco (100ml).  Caract\u00e9ristiques :   Sans sulfates et sans parab\u00e8ne.  Ultra Nourrissant.  Cheveux secs, ternes et fris\u00e9s.\" \/>\n<meta property=\"og:url\" content=\"https:\/\/www.safinel.fr\/de\/product-2\/trio-serie-aus-keratin-und-kokosnussol\/\" \/>\n<meta property=\"og:site_name\" content=\"Safinel\" \/>\n<meta property=\"article:modified_time\" content=\"2023-12-30T13:23:54+00:00\" \/>\n<meta property=\"og:image\" content=\"https:\/\/www.safinel.fr\/wp-content\/uploads\/2022\/08\/gamme-coco-kera-queens.jpg\" \/>\n\t<meta property=\"og:image:width\" content=\"600\" \/>\n\t<meta property=\"og:image:height\" content=\"600\" \/>\n\t<meta property=\"og:image:type\" content=\"image\/jpeg\" \/>\n<meta name=\"twitter:card\" content=\"summary_large_image\" \/>\n<script type=\"application\/ld+json\" class=\"yoast-schema-graph\">{\"@context\":\"https:\/\/schema.org\",\"@graph\":[{\"@type\":\"WebPage\",\"@id\":\"https:\/\/www.safinel.fr\/produit\/gamme-trio-keratine-et-huile-de-coco\/\",\"url\":\"https:\/\/www.safinel.fr\/produit\/gamme-trio-keratine-et-huile-de-coco\/\",\"name\":\"Gamme trio K\u00e9ratine et Huile de Coco (shampoing + masque + serum) - Kera Queen's - Safinel\",\"isPartOf\":{\"@id\":\"https:\/\/www.safinel.fr\/#website\"},\"primaryImageOfPage\":{\"@id\":\"https:\/\/www.safinel.fr\/produit\/gamme-trio-keratine-et-huile-de-coco\/#primaryimage\"},\"image\":{\"@id\":\"https:\/\/www.safinel.fr\/produit\/gamme-trio-keratine-et-huile-de-coco\/#primaryimage\"},\"thumbnailUrl\":\"https:\/\/www.safinel.fr\/wp-content\/uploads\/2022\/08\/gamme-coco-kera-queens.jpg\",\"datePublished\":\"2022-08-17T09:41:42+00:00\",\"dateModified\":\"2023-12-30T13:23:54+00:00\",\"breadcrumb\":{\"@id\":\"https:\/\/www.safinel.fr\/produit\/gamme-trio-keratine-et-huile-de-coco\/#breadcrumb\"},\"inLanguage\":\"de\",\"potentialAction\":[{\"@type\":\"ReadAction\",\"target\":[\"https:\/\/www.safinel.fr\/produit\/gamme-trio-keratine-et-huile-de-coco\/\"]}]},{\"@type\":\"ImageObject\",\"inLanguage\":\"de\",\"@id\":\"https:\/\/www.safinel.fr\/produit\/gamme-trio-keratine-et-huile-de-coco\/#primaryimage\",\"url\":\"https:\/\/www.safinel.fr\/wp-content\/uploads\/2022\/08\/gamme-coco-kera-queens.jpg\",\"contentUrl\":\"https:\/\/www.safinel.fr\/wp-content\/uploads\/2022\/08\/gamme-coco-kera-queens.jpg\",\"width\":600,\"height\":600},{\"@type\":\"BreadcrumbList\",\"@id\":\"https:\/\/www.safinel.fr\/produit\/gamme-trio-keratine-et-huile-de-coco\/#breadcrumb\",\"itemListElement\":[{\"@type\":\"ListItem\",\"position\":1,\"name\":\"Accueil\",\"item\":\"https:\/\/www.safinel.fr\/\"},{\"@type\":\"ListItem\",\"position\":2,\"name\":\"Boutique\",\"item\":\"https:\/\/www.safinel.fr\/boutique\/\"},{\"@type\":\"ListItem\",\"position\":3,\"name\":\"Gamme trio K\u00e9ratine et Huile de Coco (shampoing + masque + serum) &#8211; Kera Queen&#8217;s\"}]},{\"@type\":\"WebSite\",\"@id\":\"https:\/\/www.safinel.fr\/#website\",\"url\":\"https:\/\/www.safinel.fr\/\",\"name\":\"Safinel\",\"description\":\"\",\"publisher\":{\"@id\":\"https:\/\/www.safinel.fr\/#organization\"},\"potentialAction\":[{\"@type\":\"SearchAction\",\"target\":{\"@type\":\"EntryPoint\",\"urlTemplate\":\"https:\/\/www.safinel.fr\/?s={search_term_string}\"},\"query-input\":{\"@type\":\"PropertyValueSpecification\",\"valueRequired\":true,\"valueName\":\"search_term_string\"}}],\"inLanguage\":\"de\"},{\"@type\":\"Organization\",\"@id\":\"https:\/\/www.safinel.fr\/#organization\",\"name\":\"Safinel\",\"url\":\"https:\/\/www.safinel.fr\/\",\"logo\":{\"@type\":\"ImageObject\",\"inLanguage\":\"de\",\"@id\":\"https:\/\/www.safinel.fr\/#\/schema\/logo\/image\/\",\"url\":\"https:\/\/www.safinel.fr\/wp-content\/uploads\/2021\/05\/boutique-cosmetique.png\",\"contentUrl\":\"https:\/\/www.safinel.fr\/wp-content\/uploads\/2021\/05\/boutique-cosmetique.png\",\"width\":800,\"height\":200,\"caption\":\"Safinel\"},\"image\":{\"@id\":\"https:\/\/www.safinel.fr\/#\/schema\/logo\/image\/\"}}]}<\/script>\n<!-- \/ Yoast SEO plugin. -->","yoast_head_json":{"title":"Keratin und Kokosnuss\u00f6l Trio-Serie (Shampoo + Maske + Serum) - Kera Queen's - Safinel","robots":{"index":"index","follow":"follow","max-snippet":"max-snippet:-1","max-image-preview":"max-image-preview:large","max-video-preview":"max-video-preview:-1"},"canonical":"https:\/\/www.safinel.fr\/de\/product-2\/trio-serie-aus-keratin-und-kokosnussol\/","og_locale":"de_DE","og_type":"article","og_title":"Gamme trio K\u00e9ratine et Huile de Coco (shampoing + masque + serum) - Kera Queen's - Safinel","og_description":"Composition :   Un Shampoing \u00e0 la K\u00e9ratine et \u00e0 l\u2019huile de coco (500ml).  Un Masque \u00e0 la K\u00e9ratine et \u00e0 l\u2019huile de coco (500ml).  Un S\u00e9rum professionnel sans rin\u00e7age \u00e0 l\u2019huile de coco (100ml).  Caract\u00e9ristiques :   Sans sulfates et sans parab\u00e8ne.  Ultra Nourrissant.  Cheveux secs, ternes et fris\u00e9s.","og_url":"https:\/\/www.safinel.fr\/de\/product-2\/trio-serie-aus-keratin-und-kokosnussol\/","og_site_name":"Safinel","article_modified_time":"2023-12-30T13:23:54+00:00","og_image":[{"width":600,"height":600,"url":"https:\/\/www.safinel.fr\/wp-content\/uploads\/2022\/08\/gamme-coco-kera-queens.jpg","type":"image\/jpeg"}],"twitter_card":"summary_large_image","schema":{"@context":"https:\/\/schema.org","@graph":[{"@type":"WebPage","@id":"https:\/\/www.safinel.fr\/produit\/gamme-trio-keratine-et-huile-de-coco\/","url":"https:\/\/www.safinel.fr\/produit\/gamme-trio-keratine-et-huile-de-coco\/","name":"Keratin und Kokosnuss\u00f6l Trio-Serie (Shampoo + Maske + Serum) - Kera Queen's - Safinel","isPartOf":{"@id":"https:\/\/www.safinel.fr\/#website"},"primaryImageOfPage":{"@id":"https:\/\/www.safinel.fr\/produit\/gamme-trio-keratine-et-huile-de-coco\/#primaryimage"},"image":{"@id":"https:\/\/www.safinel.fr\/produit\/gamme-trio-keratine-et-huile-de-coco\/#primaryimage"},"thumbnailUrl":"https:\/\/www.safinel.fr\/wp-content\/uploads\/2022\/08\/gamme-coco-kera-queens.jpg","datePublished":"2022-08-17T09:41:42+00:00","dateModified":"2023-12-30T13:23:54+00:00","breadcrumb":{"@id":"https:\/\/www.safinel.fr\/produit\/gamme-trio-keratine-et-huile-de-coco\/#breadcrumb"},"inLanguage":"de","potentialAction":[{"@type":"ReadAction","target":["https:\/\/www.safinel.fr\/produit\/gamme-trio-keratine-et-huile-de-coco\/"]}]},{"@type":"ImageObject","inLanguage":"de","@id":"https:\/\/www.safinel.fr\/produit\/gamme-trio-keratine-et-huile-de-coco\/#primaryimage","url":"https:\/\/www.safinel.fr\/wp-content\/uploads\/2022\/08\/gamme-coco-kera-queens.jpg","contentUrl":"https:\/\/www.safinel.fr\/wp-content\/uploads\/2022\/08\/gamme-coco-kera-queens.jpg","width":600,"height":600},{"@type":"BreadcrumbList","@id":"https:\/\/www.safinel.fr\/produit\/gamme-trio-keratine-et-huile-de-coco\/#breadcrumb","itemListElement":[{"@type":"ListItem","position":1,"name":"Accueil","item":"https:\/\/www.safinel.fr\/"},{"@type":"ListItem","position":2,"name":"Boutique","item":"https:\/\/www.safinel.fr\/boutique\/"},{"@type":"ListItem","position":3,"name":"Gamme trio K\u00e9ratine et Huile de Coco (shampoing + masque + serum) &#8211; Kera Queen&#8217;s"}]},{"@type":"WebSite","@id":"https:\/\/www.safinel.fr\/#website","url":"https:\/\/www.safinel.fr\/","name":"Safinel","description":"","publisher":{"@id":"https:\/\/www.safinel.fr\/#organization"},"potentialAction":[{"@type":"SearchAction","target":{"@type":"EntryPoint","urlTemplate":"https:\/\/www.safinel.fr\/?s={search_term_string}"},"query-input":{"@type":"PropertyValueSpecification","valueRequired":true,"valueName":"search_term_string"}}],"inLanguage":"de"},{"@type":"Organization","@id":"https:\/\/www.safinel.fr\/#organization","name":"Safinel","url":"https:\/\/www.safinel.fr\/","logo":{"@type":"ImageObject","inLanguage":"de","@id":"https:\/\/www.safinel.fr\/#\/schema\/logo\/image\/","url":"https:\/\/www.safinel.fr\/wp-content\/uploads\/2021\/05\/boutique-cosmetique.png","contentUrl":"https:\/\/www.safinel.fr\/wp-content\/uploads\/2021\/05\/boutique-cosmetique.png","width":800,"height":200,"caption":"Safinel"},"image":{"@id":"https:\/\/www.safinel.fr\/#\/schema\/logo\/image\/"}}]}},"_links":{"self":[{"href":"https:\/\/www.safinel.fr\/de\/wp-json\/wp\/v2\/product\/2175","targetHints":{"allow":["GET"]}}],"collection":[{"href":"https:\/\/www.safinel.fr\/de\/wp-json\/wp\/v2\/product"}],"about":[{"href":"https:\/\/www.safinel.fr\/de\/wp-json\/wp\/v2\/types\/product"}],"wp:featuredmedia":[{"embeddable":true,"href":"https:\/\/www.safinel.fr\/de\/wp-json\/wp\/v2\/media\/2205"}],"wp:attachment":[{"href":"https:\/\/www.safinel.fr\/de\/wp-json\/wp\/v2\/media?parent=2175"}],"wp:term":[{"taxonomy":"product_brand","embeddable":true,"href":"https:\/\/www.safinel.fr\/de\/wp-json\/wp\/v2\/product_brand?post=2175"},{"taxonomy":"product_cat","embeddable":true,"href":"https:\/\/www.safinel.fr\/de\/wp-json\/wp\/v2\/product_cat?post=2175"},{"taxonomy":"product_tag","embeddable":true,"href":"https:\/\/www.safinel.fr\/de\/wp-json\/wp\/v2\/product_tag?post=2175"}],"curies":[{"name":"wp","href":"https:\/\/api.w.org\/{rel}","templated":true}]}}