{"id":2171,"date":"2022-08-17T09:41:41","date_gmt":"2022-08-17T09:41:41","guid":{"rendered":"https:\/\/www.safinel.fr\/?post_type=product&#038;p=2171"},"modified":"2025-08-04T14:31:09","modified_gmt":"2025-08-04T14:31:09","slug":"haarbotoxbehandlung-nigella","status":"publish","type":"product","link":"https:\/\/www.safinel.fr\/de\/product-2\/haarbotoxbehandlung-nigella\/","title":{"rendered":"Nigella Hair Botox Pflege 1000ml - Kera Queen's"},"content":{"rendered":"<p>Noch einmal: Ihr<strong>\u00a0Safinel-Shop<\/strong>\u00a0macht unumg\u00e4ngliche Produkte f\u00fcr alle zug\u00e4nglich. Und w\u00e4hlt Marken aus, die f\u00fcr ihre Qualit\u00e4t bekannt sind. In der Tat ist es f\u00fcr den\u00a0<strong>Haarbotoxbehandlung Nigella\u00a0<\/strong>l\u00e4dt sich in Ihr Badezimmer ein. Affaire \u00e0 suivre.<\/p>\n<h2><strong>Nigella-Haarbotox-Behandlung: Das schwarze Gold von Kera Queen's<\/strong><\/h2>\n<p>Seine\u00a0<strong>schwarze Flasche<\/strong>\u00a0intense wird wahrscheinlich viele Menschen begeistern. Doch was verbirgt sich hinter dieser Kosmetik von Kera Queen's.<\/p>\n<p>Ohne weitere Spannung: Entdecken Sie eine sulfat- und parabenfreie Gl\u00e4ttungspflege mit 1000 mL Inhalt. Angereichert mit\u00a0<strong>reines Nigella\u00f6l<\/strong>, Der schwarze Topf bezieht sich auf den ber\u00fchmten schwarzen Samen. Der Schwarzk\u00fcmmel, der vor allem in orientalischen L\u00e4ndern beliebt ist, ist auch in unseren Kosmetika zu finden, und zwar zu unserer Freude. Dieses \u00d6l besitzt eine Vielzahl von Eigenschaften, die sich hervorragend dazu eignen, eine strapazierte M\u00e4hne zu versch\u00f6nern.<\/p>\n<p>Ebenso sind seine\u00a0<strong>Vorteile<\/strong>\u00a0f\u00fcr das Haar sind nicht die einzigen Vorteile dieses Kosmetikprodukts. Es hat einen Oud-Duft, der Ihr Haar sanft parf\u00fcmiert.<\/p>\n<h2><strong>F\u00fcr welche Haartypen?\u00a0<\/strong><\/h2>\n<p>Die Haarbotox-Behandlung Schwarzk\u00fcmmel ist vor allem f\u00fcr trockenes, glanzloses, gesch\u00e4digtes, br\u00fcchiges oder devitalisiertes Haar gedacht.<\/p>\n<p>F\u00fcr eine gr\u00f6\u00dfere Auswahl k\u00f6nnen Sie sich au\u00dferdem in unserem Safinel Online-Shop umsehen.<\/p>\n<h2><strong>Die Ergebnisse der Haarbotoxbehandlung Schwarzk\u00fcmmel\u00a0<\/strong><\/h2>\n<p>Die<strong>\u00a0<a href=\"https:\/\/www.aumoulindesecorces.fr\/top-3-des-huiles-naturelles-en-2022\/\" target=\"_blank\" rel=\"noopener\">wertvolles Nigella\u00f6l<\/a><\/strong>\u00a0bietet uns eine Reihe von Eigenschaften, mit denen wir unser Haar pflegen k\u00f6nnen. In Kombination mit Kera Queen's Gl\u00e4ttungsbotox erhalten wir eine\u00a0<strong>Nutzenliste<\/strong>\u00a0vollst\u00e4ndig :<\/p>\n<ul>\n<li>N\u00e4hrt die Haarfaser bis in die Tiefe ;<\/li>\n<li>Spendet dem Haar Feuchtigkeit ;<\/li>\n<li>Hilft, Glanz, Geschmeidigkeit und Vitalit\u00e4t zur\u00fcckzugewinnen ;<\/li>\n<li>Macht das Haar geschmeidiger ;<\/li>\n<li>Belebt die Kopfhaut und steigert das Wachstum ;<\/li>\n<li>Bek\u00e4mpft auch den Sturz ;<\/li>\n<li>Schlie\u00dflich beruhigt diese gl\u00e4ttende Pflege auch juckende Kopfhaut.<\/li>\n<\/ul>\n<p>Und f\u00fcr diejenigen, die lieber auf das Haarwachstum setzen, <a href=\"https:\/\/www.safinel.fr\/de\/product-2\/rizinusolreihe\/\"><strong>das Sortiment mit Rizinus\u00f6l<\/strong><\/a> ist auch in unserem Shop erh\u00e4ltlich.<\/p>\n<h3><strong>Vorsichtsma\u00dfnahmen\u00a0<\/strong><\/h3>\n<ul>\n<li>Achten Sie darauf, dieses Produkt au\u00dferhalb der Reichweite von Kindern aufzubewahren.<\/li>\n<li>Nur zur \u00e4u\u00dferen Anwendung.<\/li>\n<\/ul>","protected":false},"excerpt":{"rendered":"<p>Une fois de plus, votre\u00a0boutique Safinel\u00a0met \u00e0 la port\u00e9e de tous des produits incontournables. Et s\u00e9lectionne des marques connues pour leur qualit\u00e9. De fait, c\u2019est avec fiert\u00e9 que le\u00a0soin botox capillaire nigelle\u00a0s\u2019invite dans votre salle de bain. Affaire \u00e0 suivre. Soin botox capillaire nigelle : l\u2019or noir de Kera Queen\u2019s Son\u00a0flacon noir\u00a0intense risque d\u2019en s\u00e9duire [&#8230;]","protected":false},"featured_media":2201,"template":"","meta":[],"product_brand":[],"product_cat":[79,146,76],"product_tag":[],"class_list":{"0":"post-2171","1":"product","2":"type-product","3":"status-publish","4":"has-post-thumbnail","6":"product_cat-botox-capillaire","7":"product_cat-produit-cheveux","8":"product_cat-kera-queens","10":"first","11":"outofstock","12":"shipping-taxable","13":"purchasable","14":"product-type-simple"},"yoast_head":"<!-- This site is optimized with the Yoast SEO plugin v26.6 - https:\/\/yoast.com\/wordpress\/plugins\/seo\/ -->\n<title>Botox capillaire nigelle I Huile de nigelle cheveux I 1000ml<\/title>\n<meta name=\"description\" content=\"C\u2019est avec fiert\u00e9 que le\u00a0soin botox capillaire nigelle\u00a0s\u2019invite dans votre salle de bain. Affaire \u00e0 suivre.\u00a0Adoptez-le sans plus attendre !\" \/>\n<meta name=\"robots\" content=\"index, follow, max-snippet:-1, max-image-preview:large, max-video-preview:-1\" \/>\n<link rel=\"canonical\" href=\"https:\/\/www.safinel.fr\/de\/product-2\/haarbotoxbehandlung-nigella\/\" \/>\n<meta property=\"og:locale\" content=\"de_DE\" \/>\n<meta property=\"og:type\" content=\"article\" \/>\n<meta property=\"og:title\" content=\"Botox capillaire nigelle I Huile de nigelle cheveux I 1000ml\" \/>\n<meta property=\"og:description\" content=\"C\u2019est avec fiert\u00e9 que le\u00a0soin botox capillaire nigelle\u00a0s\u2019invite dans votre salle de bain. Affaire \u00e0 suivre.\u00a0Adoptez-le sans plus attendre !\" \/>\n<meta property=\"og:url\" content=\"https:\/\/www.safinel.fr\/de\/product-2\/haarbotoxbehandlung-nigella\/\" \/>\n<meta property=\"og:site_name\" content=\"Safinel\" \/>\n<meta property=\"article:modified_time\" content=\"2025-08-04T14:31:09+00:00\" \/>\n<meta property=\"og:image\" content=\"https:\/\/www.safinel.fr\/wp-content\/uploads\/2022\/08\/botox-capillaire-nigelle.jpg\" \/>\n\t<meta property=\"og:image:width\" content=\"600\" \/>\n\t<meta property=\"og:image:height\" content=\"600\" \/>\n\t<meta property=\"og:image:type\" content=\"image\/jpeg\" \/>\n<meta name=\"twitter:card\" content=\"summary_large_image\" \/>\n<meta name=\"twitter:label1\" content=\"Gesch\u00e4tzte Lesezeit\" \/>\n\t<meta name=\"twitter:data1\" content=\"2\u00a0Minuten\" \/>\n<script type=\"application\/ld+json\" class=\"yoast-schema-graph\">{\"@context\":\"https:\/\/schema.org\",\"@graph\":[{\"@type\":\"WebPage\",\"@id\":\"https:\/\/www.safinel.fr\/produit\/soin-botox-capillaire-nigelle\/\",\"url\":\"https:\/\/www.safinel.fr\/produit\/soin-botox-capillaire-nigelle\/\",\"name\":\"Botox capillaire nigelle I Huile de nigelle cheveux I 1000ml\",\"isPartOf\":{\"@id\":\"https:\/\/www.safinel.fr\/#website\"},\"primaryImageOfPage\":{\"@id\":\"https:\/\/www.safinel.fr\/produit\/soin-botox-capillaire-nigelle\/#primaryimage\"},\"image\":{\"@id\":\"https:\/\/www.safinel.fr\/produit\/soin-botox-capillaire-nigelle\/#primaryimage\"},\"thumbnailUrl\":\"https:\/\/www.safinel.fr\/wp-content\/uploads\/2022\/08\/botox-capillaire-nigelle.jpg\",\"datePublished\":\"2022-08-17T09:41:41+00:00\",\"dateModified\":\"2025-08-04T14:31:09+00:00\",\"description\":\"C\u2019est avec fiert\u00e9 que le\u00a0soin botox capillaire nigelle\u00a0s\u2019invite dans votre salle de bain. Affaire \u00e0 suivre.\u00a0Adoptez-le sans plus attendre !\",\"breadcrumb\":{\"@id\":\"https:\/\/www.safinel.fr\/produit\/soin-botox-capillaire-nigelle\/#breadcrumb\"},\"inLanguage\":\"de\",\"potentialAction\":[{\"@type\":\"ReadAction\",\"target\":[\"https:\/\/www.safinel.fr\/produit\/soin-botox-capillaire-nigelle\/\"]}]},{\"@type\":\"ImageObject\",\"inLanguage\":\"de\",\"@id\":\"https:\/\/www.safinel.fr\/produit\/soin-botox-capillaire-nigelle\/#primaryimage\",\"url\":\"https:\/\/www.safinel.fr\/wp-content\/uploads\/2022\/08\/botox-capillaire-nigelle.jpg\",\"contentUrl\":\"https:\/\/www.safinel.fr\/wp-content\/uploads\/2022\/08\/botox-capillaire-nigelle.jpg\",\"width\":600,\"height\":600,\"caption\":\"Botox capillaire nigelle I Huile de nigelle cheveux\"},{\"@type\":\"BreadcrumbList\",\"@id\":\"https:\/\/www.safinel.fr\/produit\/soin-botox-capillaire-nigelle\/#breadcrumb\",\"itemListElement\":[{\"@type\":\"ListItem\",\"position\":1,\"name\":\"Accueil\",\"item\":\"https:\/\/www.safinel.fr\/\"},{\"@type\":\"ListItem\",\"position\":2,\"name\":\"Boutique\",\"item\":\"https:\/\/www.safinel.fr\/boutique\/\"},{\"@type\":\"ListItem\",\"position\":3,\"name\":\"Soin Botox capillaire Nigelle 1000ml &#8211; Kera Queen&#8217;s\"}]},{\"@type\":\"WebSite\",\"@id\":\"https:\/\/www.safinel.fr\/#website\",\"url\":\"https:\/\/www.safinel.fr\/\",\"name\":\"Safinel\",\"description\":\"\",\"publisher\":{\"@id\":\"https:\/\/www.safinel.fr\/#organization\"},\"potentialAction\":[{\"@type\":\"SearchAction\",\"target\":{\"@type\":\"EntryPoint\",\"urlTemplate\":\"https:\/\/www.safinel.fr\/?s={search_term_string}\"},\"query-input\":{\"@type\":\"PropertyValueSpecification\",\"valueRequired\":true,\"valueName\":\"search_term_string\"}}],\"inLanguage\":\"de\"},{\"@type\":\"Organization\",\"@id\":\"https:\/\/www.safinel.fr\/#organization\",\"name\":\"Safinel\",\"url\":\"https:\/\/www.safinel.fr\/\",\"logo\":{\"@type\":\"ImageObject\",\"inLanguage\":\"de\",\"@id\":\"https:\/\/www.safinel.fr\/#\/schema\/logo\/image\/\",\"url\":\"https:\/\/www.safinel.fr\/wp-content\/uploads\/2021\/05\/boutique-cosmetique.png\",\"contentUrl\":\"https:\/\/www.safinel.fr\/wp-content\/uploads\/2021\/05\/boutique-cosmetique.png\",\"width\":800,\"height\":200,\"caption\":\"Safinel\"},\"image\":{\"@id\":\"https:\/\/www.safinel.fr\/#\/schema\/logo\/image\/\"}}]}<\/script>\n<!-- \/ Yoast SEO plugin. -->","yoast_head_json":{"title":"Nigella-Haarbotox I Nigella-Haar\u00f6l I 1000ml","description":"Wir sind stolz darauf, dass die Nigella-Haarbotox-Behandlung in Ihrem Badezimmer Einzug h\u00e4lt. Fortsetzung folgt. Nehmen Sie es an!","robots":{"index":"index","follow":"follow","max-snippet":"max-snippet:-1","max-image-preview":"max-image-preview:large","max-video-preview":"max-video-preview:-1"},"canonical":"https:\/\/www.safinel.fr\/de\/product-2\/haarbotoxbehandlung-nigella\/","og_locale":"de_DE","og_type":"article","og_title":"Botox capillaire nigelle I Huile de nigelle cheveux I 1000ml","og_description":"C\u2019est avec fiert\u00e9 que le\u00a0soin botox capillaire nigelle\u00a0s\u2019invite dans votre salle de bain. Affaire \u00e0 suivre.\u00a0Adoptez-le sans plus attendre !","og_url":"https:\/\/www.safinel.fr\/de\/product-2\/haarbotoxbehandlung-nigella\/","og_site_name":"Safinel","article_modified_time":"2025-08-04T14:31:09+00:00","og_image":[{"width":600,"height":600,"url":"https:\/\/www.safinel.fr\/wp-content\/uploads\/2022\/08\/botox-capillaire-nigelle.jpg","type":"image\/jpeg"}],"twitter_card":"summary_large_image","twitter_misc":{"Gesch\u00e4tzte Lesezeit":"2\u00a0Minuten"},"schema":{"@context":"https:\/\/schema.org","@graph":[{"@type":"WebPage","@id":"https:\/\/www.safinel.fr\/produit\/soin-botox-capillaire-nigelle\/","url":"https:\/\/www.safinel.fr\/produit\/soin-botox-capillaire-nigelle\/","name":"Nigella-Haarbotox I Nigella-Haar\u00f6l I 1000ml","isPartOf":{"@id":"https:\/\/www.safinel.fr\/#website"},"primaryImageOfPage":{"@id":"https:\/\/www.safinel.fr\/produit\/soin-botox-capillaire-nigelle\/#primaryimage"},"image":{"@id":"https:\/\/www.safinel.fr\/produit\/soin-botox-capillaire-nigelle\/#primaryimage"},"thumbnailUrl":"https:\/\/www.safinel.fr\/wp-content\/uploads\/2022\/08\/botox-capillaire-nigelle.jpg","datePublished":"2022-08-17T09:41:41+00:00","dateModified":"2025-08-04T14:31:09+00:00","description":"Wir sind stolz darauf, dass die Nigella-Haarbotox-Behandlung in Ihrem Badezimmer Einzug h\u00e4lt. Fortsetzung folgt. Nehmen Sie es an!","breadcrumb":{"@id":"https:\/\/www.safinel.fr\/produit\/soin-botox-capillaire-nigelle\/#breadcrumb"},"inLanguage":"de","potentialAction":[{"@type":"ReadAction","target":["https:\/\/www.safinel.fr\/produit\/soin-botox-capillaire-nigelle\/"]}]},{"@type":"ImageObject","inLanguage":"de","@id":"https:\/\/www.safinel.fr\/produit\/soin-botox-capillaire-nigelle\/#primaryimage","url":"https:\/\/www.safinel.fr\/wp-content\/uploads\/2022\/08\/botox-capillaire-nigelle.jpg","contentUrl":"https:\/\/www.safinel.fr\/wp-content\/uploads\/2022\/08\/botox-capillaire-nigelle.jpg","width":600,"height":600,"caption":"Botox capillaire nigelle I Huile de nigelle cheveux"},{"@type":"BreadcrumbList","@id":"https:\/\/www.safinel.fr\/produit\/soin-botox-capillaire-nigelle\/#breadcrumb","itemListElement":[{"@type":"ListItem","position":1,"name":"Accueil","item":"https:\/\/www.safinel.fr\/"},{"@type":"ListItem","position":2,"name":"Boutique","item":"https:\/\/www.safinel.fr\/boutique\/"},{"@type":"ListItem","position":3,"name":"Soin Botox capillaire Nigelle 1000ml &#8211; Kera Queen&#8217;s"}]},{"@type":"WebSite","@id":"https:\/\/www.safinel.fr\/#website","url":"https:\/\/www.safinel.fr\/","name":"Safinel","description":"","publisher":{"@id":"https:\/\/www.safinel.fr\/#organization"},"potentialAction":[{"@type":"SearchAction","target":{"@type":"EntryPoint","urlTemplate":"https:\/\/www.safinel.fr\/?s={search_term_string}"},"query-input":{"@type":"PropertyValueSpecification","valueRequired":true,"valueName":"search_term_string"}}],"inLanguage":"de"},{"@type":"Organization","@id":"https:\/\/www.safinel.fr\/#organization","name":"Safinel","url":"https:\/\/www.safinel.fr\/","logo":{"@type":"ImageObject","inLanguage":"de","@id":"https:\/\/www.safinel.fr\/#\/schema\/logo\/image\/","url":"https:\/\/www.safinel.fr\/wp-content\/uploads\/2021\/05\/boutique-cosmetique.png","contentUrl":"https:\/\/www.safinel.fr\/wp-content\/uploads\/2021\/05\/boutique-cosmetique.png","width":800,"height":200,"caption":"Safinel"},"image":{"@id":"https:\/\/www.safinel.fr\/#\/schema\/logo\/image\/"}}]}},"_links":{"self":[{"href":"https:\/\/www.safinel.fr\/de\/wp-json\/wp\/v2\/product\/2171","targetHints":{"allow":["GET"]}}],"collection":[{"href":"https:\/\/www.safinel.fr\/de\/wp-json\/wp\/v2\/product"}],"about":[{"href":"https:\/\/www.safinel.fr\/de\/wp-json\/wp\/v2\/types\/product"}],"wp:featuredmedia":[{"embeddable":true,"href":"https:\/\/www.safinel.fr\/de\/wp-json\/wp\/v2\/media\/2201"}],"wp:attachment":[{"href":"https:\/\/www.safinel.fr\/de\/wp-json\/wp\/v2\/media?parent=2171"}],"wp:term":[{"taxonomy":"product_brand","embeddable":true,"href":"https:\/\/www.safinel.fr\/de\/wp-json\/wp\/v2\/product_brand?post=2171"},{"taxonomy":"product_cat","embeddable":true,"href":"https:\/\/www.safinel.fr\/de\/wp-json\/wp\/v2\/product_cat?post=2171"},{"taxonomy":"product_tag","embeddable":true,"href":"https:\/\/www.safinel.fr\/de\/wp-json\/wp\/v2\/product_tag?post=2171"}],"curies":[{"name":"wp","href":"https:\/\/api.w.org\/{rel}","templated":true}]}}