{"id":2163,"date":"2022-08-17T09:41:38","date_gmt":"2022-08-17T09:41:38","guid":{"rendered":"https:\/\/www.safinel.fr\/?post_type=product&#038;p=2163"},"modified":"2023-12-28T17:15:25","modified_gmt":"2023-12-28T17:15:25","slug":"sortiment-kaktusfeige","status":"publish","type":"product","link":"https:\/\/www.safinel.fr\/de\/product-2\/sortiment-kaktusfeige\/","title":{"rendered":"Kaktusfeigen-Linie (Shampoo + Maske + Serum) - RoseBaie Paris"},"content":{"rendered":"","protected":false},"excerpt":{"rendered":"<p><strong>Inhalt :\u00a0<\/strong><\/p>\n<ul>\n<li>Ein Shampoo mit Keratin und Kaktusfeigen\u00f6l (500ml)<\/li>\n<li>Eine Maske mit Keratin und Kaktusfeigen\u00f6l (500ml)<\/li>\n<li>Ein Cristal Professionnel Serum mit n\u00e4hrendem Kaktusfeigen\u00f6l (100ml)<\/li>\n<\/ul>","protected":false},"featured_media":2193,"template":"","meta":[],"product_brand":[],"product_cat":[79,146,75],"product_tag":[],"class_list":{"0":"post-2163","1":"product","2":"type-product","3":"status-publish","4":"has-post-thumbnail","6":"product_cat-botox-capillaire","7":"product_cat-produit-cheveux","8":"product_cat-rosebaie-paris","10":"first","11":"instock","12":"shipping-taxable","13":"purchasable","14":"product-type-simple"},"yoast_head":"<!-- This site is optimized with the Yoast SEO plugin v26.6 - https:\/\/yoast.com\/wordpress\/plugins\/seo\/ -->\n<title>Gamme Figue de barbarie (shampoing + masque + serum) - RoseBaie Paris - Safinel<\/title>\n<meta name=\"robots\" content=\"index, follow, max-snippet:-1, max-image-preview:large, max-video-preview:-1\" \/>\n<link rel=\"canonical\" href=\"https:\/\/www.safinel.fr\/de\/product-2\/sortiment-kaktusfeige\/\" \/>\n<meta property=\"og:locale\" content=\"de_DE\" \/>\n<meta property=\"og:type\" content=\"article\" \/>\n<meta property=\"og:title\" content=\"Gamme Figue de barbarie (shampoing + masque + serum) - RoseBaie Paris - Safinel\" \/>\n<meta property=\"og:description\" content=\"Contenance :\u00a0   Un shampoing \u00e0 la K\u00e9ratine et \u00e0 l\u2019huile de Figue de Barbarie (500ml)  Un masque \u00e0 la K\u00e9ratine et \u00e0 l\u2019huile de Figue de Barbarie (500ml)  Un s\u00e9rum Cristal Professionnel \u00e0 l\u2019huile nourrissante de Figue de Barbarie (100ml)\" \/>\n<meta property=\"og:url\" content=\"https:\/\/www.safinel.fr\/de\/product-2\/sortiment-kaktusfeige\/\" \/>\n<meta property=\"og:site_name\" content=\"Safinel\" \/>\n<meta property=\"article:modified_time\" content=\"2023-12-28T17:15:25+00:00\" \/>\n<meta property=\"og:image\" content=\"https:\/\/www.safinel.fr\/wp-content\/uploads\/2022\/08\/rosebaie-paris-gamme-figue-de-barbarie.jpg\" \/>\n\t<meta property=\"og:image:width\" content=\"600\" \/>\n\t<meta property=\"og:image:height\" content=\"600\" \/>\n\t<meta property=\"og:image:type\" content=\"image\/jpeg\" \/>\n<meta name=\"twitter:card\" content=\"summary_large_image\" \/>\n<script type=\"application\/ld+json\" class=\"yoast-schema-graph\">{\"@context\":\"https:\/\/schema.org\",\"@graph\":[{\"@type\":\"WebPage\",\"@id\":\"https:\/\/www.safinel.fr\/produit\/gamme-figue-de-barbarie\/\",\"url\":\"https:\/\/www.safinel.fr\/produit\/gamme-figue-de-barbarie\/\",\"name\":\"Gamme Figue de barbarie (shampoing + masque + serum) - RoseBaie Paris - Safinel\",\"isPartOf\":{\"@id\":\"https:\/\/www.safinel.fr\/#website\"},\"primaryImageOfPage\":{\"@id\":\"https:\/\/www.safinel.fr\/produit\/gamme-figue-de-barbarie\/#primaryimage\"},\"image\":{\"@id\":\"https:\/\/www.safinel.fr\/produit\/gamme-figue-de-barbarie\/#primaryimage\"},\"thumbnailUrl\":\"https:\/\/www.safinel.fr\/wp-content\/uploads\/2022\/08\/rosebaie-paris-gamme-figue-de-barbarie.jpg\",\"datePublished\":\"2022-08-17T09:41:38+00:00\",\"dateModified\":\"2023-12-28T17:15:25+00:00\",\"breadcrumb\":{\"@id\":\"https:\/\/www.safinel.fr\/produit\/gamme-figue-de-barbarie\/#breadcrumb\"},\"inLanguage\":\"de\",\"potentialAction\":[{\"@type\":\"ReadAction\",\"target\":[\"https:\/\/www.safinel.fr\/produit\/gamme-figue-de-barbarie\/\"]}]},{\"@type\":\"ImageObject\",\"inLanguage\":\"de\",\"@id\":\"https:\/\/www.safinel.fr\/produit\/gamme-figue-de-barbarie\/#primaryimage\",\"url\":\"https:\/\/www.safinel.fr\/wp-content\/uploads\/2022\/08\/rosebaie-paris-gamme-figue-de-barbarie.jpg\",\"contentUrl\":\"https:\/\/www.safinel.fr\/wp-content\/uploads\/2022\/08\/rosebaie-paris-gamme-figue-de-barbarie.jpg\",\"width\":600,\"height\":600},{\"@type\":\"BreadcrumbList\",\"@id\":\"https:\/\/www.safinel.fr\/produit\/gamme-figue-de-barbarie\/#breadcrumb\",\"itemListElement\":[{\"@type\":\"ListItem\",\"position\":1,\"name\":\"Accueil\",\"item\":\"https:\/\/www.safinel.fr\/\"},{\"@type\":\"ListItem\",\"position\":2,\"name\":\"Boutique\",\"item\":\"https:\/\/www.safinel.fr\/boutique\/\"},{\"@type\":\"ListItem\",\"position\":3,\"name\":\"Gamme Figue de barbarie (shampoing + masque + serum) &#8211; RoseBaie Paris\"}]},{\"@type\":\"WebSite\",\"@id\":\"https:\/\/www.safinel.fr\/#website\",\"url\":\"https:\/\/www.safinel.fr\/\",\"name\":\"Safinel\",\"description\":\"\",\"publisher\":{\"@id\":\"https:\/\/www.safinel.fr\/#organization\"},\"potentialAction\":[{\"@type\":\"SearchAction\",\"target\":{\"@type\":\"EntryPoint\",\"urlTemplate\":\"https:\/\/www.safinel.fr\/?s={search_term_string}\"},\"query-input\":{\"@type\":\"PropertyValueSpecification\",\"valueRequired\":true,\"valueName\":\"search_term_string\"}}],\"inLanguage\":\"de\"},{\"@type\":\"Organization\",\"@id\":\"https:\/\/www.safinel.fr\/#organization\",\"name\":\"Safinel\",\"url\":\"https:\/\/www.safinel.fr\/\",\"logo\":{\"@type\":\"ImageObject\",\"inLanguage\":\"de\",\"@id\":\"https:\/\/www.safinel.fr\/#\/schema\/logo\/image\/\",\"url\":\"https:\/\/www.safinel.fr\/wp-content\/uploads\/2021\/05\/boutique-cosmetique.png\",\"contentUrl\":\"https:\/\/www.safinel.fr\/wp-content\/uploads\/2021\/05\/boutique-cosmetique.png\",\"width\":800,\"height\":200,\"caption\":\"Safinel\"},\"image\":{\"@id\":\"https:\/\/www.safinel.fr\/#\/schema\/logo\/image\/\"}}]}<\/script>\n<!-- \/ Yoast SEO plugin. -->","yoast_head_json":{"title":"Kaktusfeigen-Linie (Shampoo + Maske + Serum) - RoseBaie Paris - Safinel","robots":{"index":"index","follow":"follow","max-snippet":"max-snippet:-1","max-image-preview":"max-image-preview:large","max-video-preview":"max-video-preview:-1"},"canonical":"https:\/\/www.safinel.fr\/de\/product-2\/sortiment-kaktusfeige\/","og_locale":"de_DE","og_type":"article","og_title":"Gamme Figue de barbarie (shampoing + masque + serum) - RoseBaie Paris - Safinel","og_description":"Contenance :\u00a0   Un shampoing \u00e0 la K\u00e9ratine et \u00e0 l\u2019huile de Figue de Barbarie (500ml)  Un masque \u00e0 la K\u00e9ratine et \u00e0 l\u2019huile de Figue de Barbarie (500ml)  Un s\u00e9rum Cristal Professionnel \u00e0 l\u2019huile nourrissante de Figue de Barbarie (100ml)","og_url":"https:\/\/www.safinel.fr\/de\/product-2\/sortiment-kaktusfeige\/","og_site_name":"Safinel","article_modified_time":"2023-12-28T17:15:25+00:00","og_image":[{"width":600,"height":600,"url":"https:\/\/www.safinel.fr\/wp-content\/uploads\/2022\/08\/rosebaie-paris-gamme-figue-de-barbarie.jpg","type":"image\/jpeg"}],"twitter_card":"summary_large_image","schema":{"@context":"https:\/\/schema.org","@graph":[{"@type":"WebPage","@id":"https:\/\/www.safinel.fr\/produit\/gamme-figue-de-barbarie\/","url":"https:\/\/www.safinel.fr\/produit\/gamme-figue-de-barbarie\/","name":"Kaktusfeigen-Linie (Shampoo + Maske + Serum) - RoseBaie Paris - Safinel","isPartOf":{"@id":"https:\/\/www.safinel.fr\/#website"},"primaryImageOfPage":{"@id":"https:\/\/www.safinel.fr\/produit\/gamme-figue-de-barbarie\/#primaryimage"},"image":{"@id":"https:\/\/www.safinel.fr\/produit\/gamme-figue-de-barbarie\/#primaryimage"},"thumbnailUrl":"https:\/\/www.safinel.fr\/wp-content\/uploads\/2022\/08\/rosebaie-paris-gamme-figue-de-barbarie.jpg","datePublished":"2022-08-17T09:41:38+00:00","dateModified":"2023-12-28T17:15:25+00:00","breadcrumb":{"@id":"https:\/\/www.safinel.fr\/produit\/gamme-figue-de-barbarie\/#breadcrumb"},"inLanguage":"de","potentialAction":[{"@type":"ReadAction","target":["https:\/\/www.safinel.fr\/produit\/gamme-figue-de-barbarie\/"]}]},{"@type":"ImageObject","inLanguage":"de","@id":"https:\/\/www.safinel.fr\/produit\/gamme-figue-de-barbarie\/#primaryimage","url":"https:\/\/www.safinel.fr\/wp-content\/uploads\/2022\/08\/rosebaie-paris-gamme-figue-de-barbarie.jpg","contentUrl":"https:\/\/www.safinel.fr\/wp-content\/uploads\/2022\/08\/rosebaie-paris-gamme-figue-de-barbarie.jpg","width":600,"height":600},{"@type":"BreadcrumbList","@id":"https:\/\/www.safinel.fr\/produit\/gamme-figue-de-barbarie\/#breadcrumb","itemListElement":[{"@type":"ListItem","position":1,"name":"Accueil","item":"https:\/\/www.safinel.fr\/"},{"@type":"ListItem","position":2,"name":"Boutique","item":"https:\/\/www.safinel.fr\/boutique\/"},{"@type":"ListItem","position":3,"name":"Gamme Figue de barbarie (shampoing + masque + serum) &#8211; RoseBaie Paris"}]},{"@type":"WebSite","@id":"https:\/\/www.safinel.fr\/#website","url":"https:\/\/www.safinel.fr\/","name":"Safinel","description":"","publisher":{"@id":"https:\/\/www.safinel.fr\/#organization"},"potentialAction":[{"@type":"SearchAction","target":{"@type":"EntryPoint","urlTemplate":"https:\/\/www.safinel.fr\/?s={search_term_string}"},"query-input":{"@type":"PropertyValueSpecification","valueRequired":true,"valueName":"search_term_string"}}],"inLanguage":"de"},{"@type":"Organization","@id":"https:\/\/www.safinel.fr\/#organization","name":"Safinel","url":"https:\/\/www.safinel.fr\/","logo":{"@type":"ImageObject","inLanguage":"de","@id":"https:\/\/www.safinel.fr\/#\/schema\/logo\/image\/","url":"https:\/\/www.safinel.fr\/wp-content\/uploads\/2021\/05\/boutique-cosmetique.png","contentUrl":"https:\/\/www.safinel.fr\/wp-content\/uploads\/2021\/05\/boutique-cosmetique.png","width":800,"height":200,"caption":"Safinel"},"image":{"@id":"https:\/\/www.safinel.fr\/#\/schema\/logo\/image\/"}}]}},"_links":{"self":[{"href":"https:\/\/www.safinel.fr\/de\/wp-json\/wp\/v2\/product\/2163","targetHints":{"allow":["GET"]}}],"collection":[{"href":"https:\/\/www.safinel.fr\/de\/wp-json\/wp\/v2\/product"}],"about":[{"href":"https:\/\/www.safinel.fr\/de\/wp-json\/wp\/v2\/types\/product"}],"wp:featuredmedia":[{"embeddable":true,"href":"https:\/\/www.safinel.fr\/de\/wp-json\/wp\/v2\/media\/2193"}],"wp:attachment":[{"href":"https:\/\/www.safinel.fr\/de\/wp-json\/wp\/v2\/media?parent=2163"}],"wp:term":[{"taxonomy":"product_brand","embeddable":true,"href":"https:\/\/www.safinel.fr\/de\/wp-json\/wp\/v2\/product_brand?post=2163"},{"taxonomy":"product_cat","embeddable":true,"href":"https:\/\/www.safinel.fr\/de\/wp-json\/wp\/v2\/product_cat?post=2163"},{"taxonomy":"product_tag","embeddable":true,"href":"https:\/\/www.safinel.fr\/de\/wp-json\/wp\/v2\/product_tag?post=2163"}],"curies":[{"name":"wp","href":"https:\/\/api.w.org\/{rel}","templated":true}]}}