{"id":2127,"date":"2022-08-12T17:08:12","date_gmt":"2022-08-12T17:08:12","guid":{"rendered":"https:\/\/www.safinel.fr\/?post_type=product&#038;p=2127"},"modified":"2024-08-06T18:45:34","modified_gmt":"2024-08-06T18:45:34","slug":"anti-fibrom-krautertee","status":"publish","type":"product","link":"https:\/\/www.safinel.fr\/de\/product-2\/anti-fibrom-krautertee\/","title":{"rendered":"Anti-Fibrom-Kr\u00e4utertee 100g"},"content":{"rendered":"<p>Sie suchen nach einem wirksamen und nat\u00fcrlichen Mittel gegen eine\u00a0<strong>gyn\u00e4kologische Krankheit<\/strong>\u00a0? Suchen Sie nicht weiter als die<strong>\u00a0Anti-Fibrom-Kr\u00e4utertee<\/strong>, Es ist ein sehr gutes Produkt, das viele Vorteile hat...<\/p>\n<h2><strong>Anti-Fibrom-Tee: Die pflanzliche L\u00f6sung\u00a0<\/strong><\/h2>\n<p><strong>Der Kr\u00e4utertee\u00a0<\/strong>ist ein einfaches und unkompliziertes Mittel zur Vorbeugung gegen bestimmte Beschwerden, wie z. B.\u00a0<strong>gutartige Tumore<\/strong>. Wie zum Beispiel ein\u00a0<strong>Geb\u00e4rmutterfibrom<\/strong>, Sie k\u00f6nnen auch gegen andere gyn\u00e4kologische und geburtshilfliche Erkrankungen eingesetzt werden.<\/p>\n<p>Au\u00dferdem ist diese Art\u00a0<strong>von Infusionen<\/strong>\u00a0ist auch ein hervorragendes Mittel, um sich zu entspannen und Stress abzubauen. Was im<strong>\u00a0Behandlung von Fibromen.<\/strong><\/p>\n<p>Das Aufbr\u00fchen von Pflanzen ist eine hervorragende M\u00f6glichkeit, die Wirksamkeit der Eigenschaften von Pflanzen zu erh\u00f6hen. Denn so k\u00f6nnen diese ihre gesamte Wirkung direkt an Ihren K\u00f6rper abgeben.<\/p>\n<p>Wenn Sie nach einem wirksamen und nat\u00fcrlichen Weg suchen, um ein Fibrom zu bek\u00e4mpfen, ist die\u2019<strong>Kr\u00e4utertee gegen Fibrome<\/strong>\u00a0ist eine gute L\u00f6sung.<\/p>\n<h2><strong>Die Tugenden dieses nat\u00fcrlichen Kr\u00e4utertees\u00a0<\/strong><\/h2>\n<p>Kr\u00e4uter- und Fr\u00fcchtetees werden aus einer Vielzahl von Pflanzen und Kr\u00e4utern hergestellt, die zusammen zu einem einzigartigen Rezept kombiniert werden. Diese Mischung wird dann gekocht oder ged\u00e4mpft, bis sie zum Verzehr bereit ist.<\/p>\n<p>Dieses Getr\u00e4nk gilt dar\u00fcber hinaus als sicher und wirksam, da es nur minimale Nebenwirkungen hat. Es ist eine nat\u00fcrliche Behandlung, bei der keine gef\u00e4hrlichen Chemikalien oder Medikamente verwendet werden. Das macht ihn zu einer guten Option f\u00fcr Menschen, die nach einer gesunden Zusatzl\u00f6sung suchen.<\/p>\n<p>Hilfe bei der Bek\u00e4mpfung von :<\/p>\n<ul>\n<li>Zysten<\/li>\n<li>Geb\u00e4rmutterfibrome<\/li>\n<li>Myome<\/li>\n<li>Ovarielle Dystrophie<\/li>\n<li>Verstopfte R\u00fcssel<\/li>\n<\/ul>\n<h3><strong>Wie wird der Anti-Fibrom-Tee angewendet?\u00a0<\/strong><\/h3>\n<p>Es gen\u00fcgt, einen Beutel mit hei\u00dfem Wasser aufzubr\u00fchen und ihn so zu trinken, wie er ist. Es ist auch m\u00f6glich, einen Teel\u00f6ffel\u00a0<a href=\"https:\/\/www.safinel.fr\/de\/product-2\/lavendelhonig\/\"><strong>Lavendelhonig<\/strong><\/a>, Zum Beispiel, um ihm eine k\u00f6stliche S\u00fc\u00dfe zu verleihen. Aber auch viele andere Honigsorten finden Sie in unserer Spezialabteilung!<\/p>\n<p>Entdecken Sie \u00fcbrigens,\u00a0<a href=\"https:\/\/www.safinel.fr\/de\/product-2\/kleine-cola\/\"><strong>die kleine Cola<\/strong><\/a>, oder der<strong>\u00a0<a href=\"https:\/\/www.safinel.fr\/de\/product-2\/der-konig-der-krauter\/\">K\u00f6nig der Kr\u00e4uter<\/a><\/strong>, Das sind afrikanische Pflanzen, die bei dieser Art von Gesundheitsproblemen helfen.<\/p>\n<h3><strong>Vorsichtsma\u00dfnahmen\u00a0<\/strong><\/h3>\n<p>Es wird empfohlen, dass Sie Ihren Arzt konsultieren, bevor Sie irgendwelche Nahrungserg\u00e4nzungsmittel einnehmen. Unsere Produkte sind keine Medikamente und ersetzen keine \u00e4rztliche Beratung.<\/p>","protected":false},"excerpt":{"rendered":"<p><strong>Empfehlungen :<\/strong><\/p>\n<ul>\n<li>Etwa 10 Gramm (eine Handvoll) auf 1,5 Liter Wasser 20 bis 30 Minuten lang bei schwacher Hitze aufbr\u00fchen, dann abk\u00fchlen lassen und morgens und abends eine Tasse mit 250 ml trinken 100 Gramm = 1 Monat Behandlung.<\/li>\n<li>Es ist besser, die Behandlung \u00fcber 3 Monate anzuwenden, um eine optimale Wirkung zu erzielen.<\/li>\n<\/ul>","protected":false},"featured_media":8812,"template":"","meta":[],"product_brand":[],"product_cat":[19],"product_tag":[],"class_list":{"0":"post-2127","1":"product","2":"type-product","3":"status-publish","4":"has-post-thumbnail","6":"product_cat-thes-tisanes","8":"first","9":"outofstock","10":"shipping-taxable","11":"purchasable","12":"product-type-simple"},"yoast_head":"<!-- This site is optimized with the Yoast SEO plugin v26.6 - https:\/\/yoast.com\/wordpress\/plugins\/seo\/ -->\n<title>Tisane anti-fibrome I Aide contre une\u00a0maladie gyn\u00e9cologique<\/title>\n<meta name=\"description\" content=\"Vous cherchez un moyen efficace et naturel de lutter contre une\u00a0maladie gyn\u00e9cologique\u00a0? D\u00e9couvrez sans plus attendre la tisane anti-fibrome\" \/>\n<meta name=\"robots\" content=\"index, follow, max-snippet:-1, max-image-preview:large, max-video-preview:-1\" \/>\n<link rel=\"canonical\" href=\"https:\/\/www.safinel.fr\/de\/product-2\/anti-fibrom-krautertee\/\" \/>\n<meta property=\"og:locale\" content=\"de_DE\" \/>\n<meta property=\"og:type\" content=\"article\" \/>\n<meta property=\"og:title\" content=\"Tisane anti-fibrome I Aide contre une\u00a0maladie gyn\u00e9cologique\" \/>\n<meta property=\"og:description\" content=\"Vous cherchez un moyen efficace et naturel de lutter contre une\u00a0maladie gyn\u00e9cologique\u00a0? D\u00e9couvrez sans plus attendre la tisane anti-fibrome\" \/>\n<meta property=\"og:url\" content=\"https:\/\/www.safinel.fr\/de\/product-2\/anti-fibrom-krautertee\/\" \/>\n<meta property=\"og:site_name\" content=\"Safinel\" \/>\n<meta property=\"article:modified_time\" content=\"2024-08-06T18:45:34+00:00\" \/>\n<meta property=\"og:image\" content=\"https:\/\/www.safinel.fr\/wp-content\/uploads\/2022\/08\/tisane-anti-fibrome-site.jpg\" \/>\n\t<meta property=\"og:image:width\" content=\"600\" \/>\n\t<meta property=\"og:image:height\" content=\"600\" \/>\n\t<meta property=\"og:image:type\" content=\"image\/jpeg\" \/>\n<meta name=\"twitter:card\" content=\"summary_large_image\" \/>\n<meta name=\"twitter:label1\" content=\"Gesch\u00e4tzte Lesezeit\" \/>\n\t<meta name=\"twitter:data1\" content=\"2\u00a0Minuten\" \/>\n<script type=\"application\/ld+json\" class=\"yoast-schema-graph\">{\"@context\":\"https:\/\/schema.org\",\"@graph\":[{\"@type\":\"WebPage\",\"@id\":\"https:\/\/www.safinel.fr\/produit\/tisane-anti-fibrome\/\",\"url\":\"https:\/\/www.safinel.fr\/produit\/tisane-anti-fibrome\/\",\"name\":\"Tisane anti-fibrome I Aide contre une\u00a0maladie gyn\u00e9cologique\",\"isPartOf\":{\"@id\":\"https:\/\/www.safinel.fr\/#website\"},\"primaryImageOfPage\":{\"@id\":\"https:\/\/www.safinel.fr\/produit\/tisane-anti-fibrome\/#primaryimage\"},\"image\":{\"@id\":\"https:\/\/www.safinel.fr\/produit\/tisane-anti-fibrome\/#primaryimage\"},\"thumbnailUrl\":\"https:\/\/www.safinel.fr\/wp-content\/uploads\/2022\/08\/tisane-anti-fibrome-site.jpg\",\"datePublished\":\"2022-08-12T17:08:12+00:00\",\"dateModified\":\"2024-08-06T18:45:34+00:00\",\"description\":\"Vous cherchez un moyen efficace et naturel de lutter contre une\u00a0maladie gyn\u00e9cologique\u00a0? D\u00e9couvrez sans plus attendre la tisane anti-fibrome\",\"breadcrumb\":{\"@id\":\"https:\/\/www.safinel.fr\/produit\/tisane-anti-fibrome\/#breadcrumb\"},\"inLanguage\":\"de\",\"potentialAction\":[{\"@type\":\"ReadAction\",\"target\":[\"https:\/\/www.safinel.fr\/produit\/tisane-anti-fibrome\/\"]}]},{\"@type\":\"ImageObject\",\"inLanguage\":\"de\",\"@id\":\"https:\/\/www.safinel.fr\/produit\/tisane-anti-fibrome\/#primaryimage\",\"url\":\"https:\/\/www.safinel.fr\/wp-content\/uploads\/2022\/08\/tisane-anti-fibrome-site.jpg\",\"contentUrl\":\"https:\/\/www.safinel.fr\/wp-content\/uploads\/2022\/08\/tisane-anti-fibrome-site.jpg\",\"width\":600,\"height\":600,\"caption\":\"Tisane anti-fibrome 100g\"},{\"@type\":\"BreadcrumbList\",\"@id\":\"https:\/\/www.safinel.fr\/produit\/tisane-anti-fibrome\/#breadcrumb\",\"itemListElement\":[{\"@type\":\"ListItem\",\"position\":1,\"name\":\"Accueil\",\"item\":\"https:\/\/www.safinel.fr\/\"},{\"@type\":\"ListItem\",\"position\":2,\"name\":\"Boutique\",\"item\":\"https:\/\/www.safinel.fr\/boutique\/\"},{\"@type\":\"ListItem\",\"position\":3,\"name\":\"Tisane anti-fibrome 100g\"}]},{\"@type\":\"WebSite\",\"@id\":\"https:\/\/www.safinel.fr\/#website\",\"url\":\"https:\/\/www.safinel.fr\/\",\"name\":\"Safinel\",\"description\":\"\",\"publisher\":{\"@id\":\"https:\/\/www.safinel.fr\/#organization\"},\"potentialAction\":[{\"@type\":\"SearchAction\",\"target\":{\"@type\":\"EntryPoint\",\"urlTemplate\":\"https:\/\/www.safinel.fr\/?s={search_term_string}\"},\"query-input\":{\"@type\":\"PropertyValueSpecification\",\"valueRequired\":true,\"valueName\":\"search_term_string\"}}],\"inLanguage\":\"de\"},{\"@type\":\"Organization\",\"@id\":\"https:\/\/www.safinel.fr\/#organization\",\"name\":\"Safinel\",\"url\":\"https:\/\/www.safinel.fr\/\",\"logo\":{\"@type\":\"ImageObject\",\"inLanguage\":\"de\",\"@id\":\"https:\/\/www.safinel.fr\/#\/schema\/logo\/image\/\",\"url\":\"https:\/\/www.safinel.fr\/wp-content\/uploads\/2021\/05\/boutique-cosmetique.png\",\"contentUrl\":\"https:\/\/www.safinel.fr\/wp-content\/uploads\/2021\/05\/boutique-cosmetique.png\",\"width\":800,\"height\":200,\"caption\":\"Safinel\"},\"image\":{\"@id\":\"https:\/\/www.safinel.fr\/#\/schema\/logo\/image\/\"}}]}<\/script>\n<!-- \/ Yoast SEO plugin. -->","yoast_head_json":{"title":"Anti-Fibrom-Tee I Hilfe bei einer gyn\u00e4kologischen Erkrankung","description":"Sie suchen ein wirksames und nat\u00fcrliches Mittel gegen eine gyn\u00e4kologische Erkrankung? Entdecken Sie ohne weitere Verz\u00f6gerung den Anti-Fibrom-Tee","robots":{"index":"index","follow":"follow","max-snippet":"max-snippet:-1","max-image-preview":"max-image-preview:large","max-video-preview":"max-video-preview:-1"},"canonical":"https:\/\/www.safinel.fr\/de\/product-2\/anti-fibrom-krautertee\/","og_locale":"de_DE","og_type":"article","og_title":"Tisane anti-fibrome I Aide contre une\u00a0maladie gyn\u00e9cologique","og_description":"Vous cherchez un moyen efficace et naturel de lutter contre une\u00a0maladie gyn\u00e9cologique\u00a0? D\u00e9couvrez sans plus attendre la tisane anti-fibrome","og_url":"https:\/\/www.safinel.fr\/de\/product-2\/anti-fibrom-krautertee\/","og_site_name":"Safinel","article_modified_time":"2024-08-06T18:45:34+00:00","og_image":[{"width":600,"height":600,"url":"https:\/\/www.safinel.fr\/wp-content\/uploads\/2022\/08\/tisane-anti-fibrome-site.jpg","type":"image\/jpeg"}],"twitter_card":"summary_large_image","twitter_misc":{"Gesch\u00e4tzte Lesezeit":"2\u00a0Minuten"},"schema":{"@context":"https:\/\/schema.org","@graph":[{"@type":"WebPage","@id":"https:\/\/www.safinel.fr\/produit\/tisane-anti-fibrome\/","url":"https:\/\/www.safinel.fr\/produit\/tisane-anti-fibrome\/","name":"Anti-Fibrom-Tee I Hilfe bei einer gyn\u00e4kologischen Erkrankung","isPartOf":{"@id":"https:\/\/www.safinel.fr\/#website"},"primaryImageOfPage":{"@id":"https:\/\/www.safinel.fr\/produit\/tisane-anti-fibrome\/#primaryimage"},"image":{"@id":"https:\/\/www.safinel.fr\/produit\/tisane-anti-fibrome\/#primaryimage"},"thumbnailUrl":"https:\/\/www.safinel.fr\/wp-content\/uploads\/2022\/08\/tisane-anti-fibrome-site.jpg","datePublished":"2022-08-12T17:08:12+00:00","dateModified":"2024-08-06T18:45:34+00:00","description":"Sie suchen ein wirksames und nat\u00fcrliches Mittel gegen eine gyn\u00e4kologische Erkrankung? Entdecken Sie ohne weitere Verz\u00f6gerung den Anti-Fibrom-Tee","breadcrumb":{"@id":"https:\/\/www.safinel.fr\/produit\/tisane-anti-fibrome\/#breadcrumb"},"inLanguage":"de","potentialAction":[{"@type":"ReadAction","target":["https:\/\/www.safinel.fr\/produit\/tisane-anti-fibrome\/"]}]},{"@type":"ImageObject","inLanguage":"de","@id":"https:\/\/www.safinel.fr\/produit\/tisane-anti-fibrome\/#primaryimage","url":"https:\/\/www.safinel.fr\/wp-content\/uploads\/2022\/08\/tisane-anti-fibrome-site.jpg","contentUrl":"https:\/\/www.safinel.fr\/wp-content\/uploads\/2022\/08\/tisane-anti-fibrome-site.jpg","width":600,"height":600,"caption":"Tisane anti-fibrome 100g"},{"@type":"BreadcrumbList","@id":"https:\/\/www.safinel.fr\/produit\/tisane-anti-fibrome\/#breadcrumb","itemListElement":[{"@type":"ListItem","position":1,"name":"Accueil","item":"https:\/\/www.safinel.fr\/"},{"@type":"ListItem","position":2,"name":"Boutique","item":"https:\/\/www.safinel.fr\/boutique\/"},{"@type":"ListItem","position":3,"name":"Tisane anti-fibrome 100g"}]},{"@type":"WebSite","@id":"https:\/\/www.safinel.fr\/#website","url":"https:\/\/www.safinel.fr\/","name":"Safinel","description":"","publisher":{"@id":"https:\/\/www.safinel.fr\/#organization"},"potentialAction":[{"@type":"SearchAction","target":{"@type":"EntryPoint","urlTemplate":"https:\/\/www.safinel.fr\/?s={search_term_string}"},"query-input":{"@type":"PropertyValueSpecification","valueRequired":true,"valueName":"search_term_string"}}],"inLanguage":"de"},{"@type":"Organization","@id":"https:\/\/www.safinel.fr\/#organization","name":"Safinel","url":"https:\/\/www.safinel.fr\/","logo":{"@type":"ImageObject","inLanguage":"de","@id":"https:\/\/www.safinel.fr\/#\/schema\/logo\/image\/","url":"https:\/\/www.safinel.fr\/wp-content\/uploads\/2021\/05\/boutique-cosmetique.png","contentUrl":"https:\/\/www.safinel.fr\/wp-content\/uploads\/2021\/05\/boutique-cosmetique.png","width":800,"height":200,"caption":"Safinel"},"image":{"@id":"https:\/\/www.safinel.fr\/#\/schema\/logo\/image\/"}}]}},"_links":{"self":[{"href":"https:\/\/www.safinel.fr\/de\/wp-json\/wp\/v2\/product\/2127","targetHints":{"allow":["GET"]}}],"collection":[{"href":"https:\/\/www.safinel.fr\/de\/wp-json\/wp\/v2\/product"}],"about":[{"href":"https:\/\/www.safinel.fr\/de\/wp-json\/wp\/v2\/types\/product"}],"wp:featuredmedia":[{"embeddable":true,"href":"https:\/\/www.safinel.fr\/de\/wp-json\/wp\/v2\/media\/8812"}],"wp:attachment":[{"href":"https:\/\/www.safinel.fr\/de\/wp-json\/wp\/v2\/media?parent=2127"}],"wp:term":[{"taxonomy":"product_brand","embeddable":true,"href":"https:\/\/www.safinel.fr\/de\/wp-json\/wp\/v2\/product_brand?post=2127"},{"taxonomy":"product_cat","embeddable":true,"href":"https:\/\/www.safinel.fr\/de\/wp-json\/wp\/v2\/product_cat?post=2127"},{"taxonomy":"product_tag","embeddable":true,"href":"https:\/\/www.safinel.fr\/de\/wp-json\/wp\/v2\/product_tag?post=2127"}],"curies":[{"name":"wp","href":"https:\/\/api.w.org\/{rel}","templated":true}]}}