{"id":2125,"date":"2022-08-12T17:03:03","date_gmt":"2022-08-12T17:03:03","guid":{"rendered":"https:\/\/www.safinel.fr\/?post_type=product&#038;p=2125"},"modified":"2024-05-14T15:57:33","modified_gmt":"2024-05-14T15:57:33","slug":"nilapulver","status":"publish","type":"product","link":"https:\/\/www.safinel.fr\/de\/product-2\/nilapulver\/","title":{"rendered":"Nila-Pulver"},"content":{"rendered":"<p>Wir teilen mit Ihnen ein Sch\u00f6nheitsprodukt aus der afrikanischen W\u00fcste, die\u00a0<strong>Nilapulver. <\/strong>Ihm wird zugestanden, dass er\u00a0<strong>feuchtigkeitsspendend<\/strong>,\u00a0<strong>aufhellend,<\/strong>\u00a0<strong>bleichend<\/strong>\u00a0und\u00a0<strong>weichmachend<\/strong>\u00a0f\u00fcr die Haut.<\/p>\n<p>Aber woher kommt dieses wundersch\u00f6ne blaue Pulver? Wie wird es gewonnen? Welche Eigenschaften und Vorteile hat es? Entdecken wir gemeinsam dieses unglaubliche Naturprodukt.<\/p>\n<h2><strong>Herkunft des Nilapulvers<\/strong><\/h2>\n<p>Es stammt aus einem mineralischen Gestein, dem sogenannten blauen Ghassoul. Es kommt in den Bergen Marokkos vor, wo es abgebaut und dann zu Pulver gemahlen wird. Aber auch aus dem Indigostrauch soll es stammen, der ihm diese wundersch\u00f6ne blaue Farbe verleiht!<\/p>\n<p>\u00dcbrigens werden seine getrockneten Bl\u00e4tter in Indien als\u00a0<strong>nili<\/strong>,\u00a0<strong>Indischer Indigo<\/strong>\u00a0oder\u00a0<strong>indigo des<\/strong>\u00a0<strong>F\u00e4rber<\/strong>. Aufgrund ihrer alten Kultur kommt sie in Asien, Afrika und Amerika vor.<\/p>\n<p>Heutzutage ist die\u00a0<strong>Nilapulver<\/strong>\u00a0wird auch in der traditionellen chinesischen und indischen Medizin verwendet. Dar\u00fcber hinaus wird sie zur Verbesserung der Bodenqualit\u00e4t oder als Sch\u00f6nheitspflege bei Frauen in der Subsahara eingesetzt.<\/p>\n<h2><strong>Die au\u00dfergew\u00f6hnlichen Eigenschaften von Nila!<\/strong><\/h2>\n<h3><strong>Auf der Haut :<\/strong><\/h3>\n<p>Sie verfeinert die Poren, macht die Haut weich und versorgt sie mit Feuchtigkeit. Man sagt ihr auch eine aufhellende Wirkung nach, indem sie den Teint zum Leuchten bringt.\u00a0<strong>Die Nila<\/strong>\u00a0w\u00fcrde au\u00dferdem braune Flecken reduzieren und trockene Stellen wie Knie, Ellbogen und F\u00fc\u00dfe weicher machen. Dieses Pulver w\u00fcrde somit dazu beitragen, die Zeichen der Hautalterung zu reduzieren.<\/p>\n<h3><strong>Nilapulver: Die ultimative Haarpflege<\/strong><\/h3>\n<p>Um einen r\u00f6tlichen Schimmer beim F\u00e4rben mit Henna zu vermeiden, f\u00fcgen Sie etwas Wasser hinzu.\u00a0<strong>Nilapulver<\/strong>. Au\u00dferdem verleiht es Ihrer Haarpflege mehr Glanz. Au\u00dferdem verringert es den Gelbstich, zu dem wei\u00dfes Haar neigt. Au\u00dferdem ist es ein Stimulans f\u00fcr das Haarwachstum. Es repariert und macht die Haarfaser geschmeidig und beugt der Entstehung grauer Haare vor.\u00a0<strong>Nila-Pulver<\/strong>\u00a0ist auch eine gute Pflege bei schuppiger und gereizter Kopfhaut.<\/p>\n<h2><strong>Wie steht es mit den gesundheitlichen Vorteilen?<\/strong><\/h2>\n<p>Angesichts ihrer zahlreichen Sch\u00f6nheitsvorteile ist sie ein nat\u00fcrliches Heilmittel. Durch seine entz\u00fcndungshemmende, adstringierende, entgiftende, purgierende, emetische und schmerzlindernde Wirkung ist er ein wahres Wundermittel. In China und Indien wird sie zur Behandlung von Verstopfung und bestimmten Leber- und Geistesst\u00f6rungen eingesetzt. Studien haben \u00fcbrigens eine Wirksamkeit bei Epilepsie gezeigt, indem sie auf die Neurotransmitter einwirkt.<\/p>\n<h3><strong>Welche Empfehlungen?<\/strong><\/h3>\n<p>Sie k\u00f6nnen Folgendes einf\u00fchren\u00a0<strong>das Nilapulver<\/strong>\u00a0in verschiedenen Pflegepr\u00e4paraten, sei es als Peeling oder als Maske. Au\u00dferdem l\u00e4sst es sich hervorragend mit pflanzlichen \u00d6len mischen. Ebenso mit Pflanzenpulvern, \u00e4therischen \u00d6len, pflanzlichem Glycerin und Hydrolaten.<\/p>\n<p>Sie ist potenziell wirksam, wenn sie mit Zitronensaft und <a href=\"https:\/\/www.safinel.fr\/de\/product-2\/dudu-seife-osun\/\"><strong>schwarze Seife Kosmetik<\/strong><\/a>.<\/p>\n<h3><strong>Einige Rezepte mit Nilapulver<\/strong><\/h3>\n<p>F\u00fcr eine Gesichtsmaske, die radiert, aufhellt, den Teint weicher macht und braune Flecken verblassen l\u00e4sst :<\/p>\n<ul>\n<li>Sie brauchen 1 Teel\u00f6ffel\u00a0<strong>nila<\/strong><\/li>\n<li>1 Teel\u00f6ffel Kokosnuss\u00f6l<\/li>\n<li>\u00bd Teel\u00f6ffel Aloe Vera \u00d6l<\/li>\n<li>3 Tropfen Argan\u00f6l<\/li>\n<li>Etwas ausgepresster Zitronensaft<\/li>\n<\/ul>\n<p>Nachdem Sie die Zutaten vorsichtig vermischt haben, erhalten Sie eine homogene Paste, die Sie auf die saubere, feuchte Haut auftragen. Nach einer Einwirkzeit von 25 oder 30 Minuten f\u00fchren Sie kreisende Bewegungen aus, die Ihre abgestorbenen Hautsch\u00fcppchen abtragen.<\/p>\n<p>Sp\u00fclen Sie Ihre Haut dann mit klarem Wasser ab und seifen Sie sie anschlie\u00dfend ein, um alle blauen Spuren zu entfernen. Zum Schluss sollten Sie Ihre Haut mit einer Feuchtigkeitscreme versorgen. Wiederholen Sie die Anwendung einmal pro Woche, um ein makelloses Ergebnis zu erzielen.<\/p>\n<p>F\u00fcr eine feuchtigkeitsspendende und weichmachende Wirkung geben Sie Honig in Ihre Masken, die in Ihrem Online-Shop erh\u00e4ltlich sind.\u00a0<strong>Safinel.<\/strong><\/p>","protected":false},"excerpt":{"rendered":"<p><img decoding=\"async\" class=\"size-full wp-image-5091 aligncenter\" src=\"https:\/\/www.safinel.fr\/wp-content\/uploads\/2021\/06\/BANNIERE-ICONE-SAFINEL.webp\" alt=\"Satines-R\u00fcckversicherung\" width=\"800\" height=\"200\" srcset=\"https:\/\/www.safinel.fr\/wp-content\/uploads\/2021\/06\/BANNIERE-ICONE-SAFINEL.webp 800w, https:\/\/www.safinel.fr\/wp-content\/uploads\/2021\/06\/BANNIERE-ICONE-SAFINEL-600x150.webp 600w, https:\/\/www.safinel.fr\/wp-content\/uploads\/2021\/06\/BANNIERE-ICONE-SAFINEL-768x192.webp 768w\" sizes=\"(max-width: 800px) 100vw, 800px\" \/><\/p>","protected":false},"featured_media":7437,"template":"","meta":[],"product_brand":[],"product_cat":[164,110,41],"product_tag":[],"class_list":{"0":"post-2125","1":"product","2":"type-product","3":"status-publish","4":"has-post-thumbnail","6":"product_cat-nila","7":"product_cat-poudre-cheveux-ayurvedique","8":"product_cat-produits-naturels-divers","10":"first","11":"instock","12":"shipping-taxable","13":"purchasable","14":"product-type-variable"},"yoast_head":"<!-- This site is optimized with the Yoast SEO plugin v26.6 - https:\/\/yoast.com\/wordpress\/plugins\/seo\/ -->\n<title>Poudre de nila I Bienfaits nombreux pour les cheveux et la peau<\/title>\n<meta name=\"description\" content=\"Nous partageons avec vous un produit de beaut\u00e9 venant du d\u00e9sert Africain, la\u00a0poudre de nila. D\u00e9couvrez ses nombreux bienfaits rapidement.\" \/>\n<meta name=\"robots\" content=\"index, follow, max-snippet:-1, max-image-preview:large, max-video-preview:-1\" \/>\n<link rel=\"canonical\" href=\"https:\/\/www.safinel.fr\/de\/product-2\/nilapulver\/\" \/>\n<meta property=\"og:locale\" content=\"de_DE\" \/>\n<meta property=\"og:type\" content=\"article\" \/>\n<meta property=\"og:title\" content=\"Poudre de nila I Bienfaits nombreux pour les cheveux et la peau\" \/>\n<meta property=\"og:description\" content=\"Nous partageons avec vous un produit de beaut\u00e9 venant du d\u00e9sert Africain, la\u00a0poudre de nila. D\u00e9couvrez ses nombreux bienfaits rapidement.\" \/>\n<meta property=\"og:url\" content=\"https:\/\/www.safinel.fr\/de\/product-2\/nilapulver\/\" \/>\n<meta property=\"og:site_name\" content=\"Safinel\" \/>\n<meta property=\"article:modified_time\" content=\"2024-05-14T15:57:33+00:00\" \/>\n<meta property=\"og:image\" content=\"https:\/\/www.safinel.fr\/wp-content\/uploads\/2022\/08\/poudre-de-nila-1.jpg\" \/>\n\t<meta property=\"og:image:width\" content=\"600\" \/>\n\t<meta property=\"og:image:height\" content=\"600\" \/>\n\t<meta property=\"og:image:type\" content=\"image\/jpeg\" \/>\n<meta name=\"twitter:card\" content=\"summary_large_image\" \/>\n<meta name=\"twitter:label1\" content=\"Gesch\u00e4tzte Lesezeit\" \/>\n\t<meta name=\"twitter:data1\" content=\"3\u00a0Minuten\" \/>\n<script type=\"application\/ld+json\" class=\"yoast-schema-graph\">{\"@context\":\"https:\/\/schema.org\",\"@graph\":[{\"@type\":\"WebPage\",\"@id\":\"https:\/\/www.safinel.fr\/produit\/poudre-de-nila\/\",\"url\":\"https:\/\/www.safinel.fr\/produit\/poudre-de-nila\/\",\"name\":\"Poudre de nila I Bienfaits nombreux pour les cheveux et la peau\",\"isPartOf\":{\"@id\":\"https:\/\/www.safinel.fr\/#website\"},\"primaryImageOfPage\":{\"@id\":\"https:\/\/www.safinel.fr\/produit\/poudre-de-nila\/#primaryimage\"},\"image\":{\"@id\":\"https:\/\/www.safinel.fr\/produit\/poudre-de-nila\/#primaryimage\"},\"thumbnailUrl\":\"https:\/\/www.safinel.fr\/wp-content\/uploads\/2022\/08\/poudre-de-nila-1.jpg\",\"datePublished\":\"2022-08-12T17:03:03+00:00\",\"dateModified\":\"2024-05-14T15:57:33+00:00\",\"description\":\"Nous partageons avec vous un produit de beaut\u00e9 venant du d\u00e9sert Africain, la\u00a0poudre de nila. D\u00e9couvrez ses nombreux bienfaits rapidement.\",\"breadcrumb\":{\"@id\":\"https:\/\/www.safinel.fr\/produit\/poudre-de-nila\/#breadcrumb\"},\"inLanguage\":\"de\",\"potentialAction\":[{\"@type\":\"ReadAction\",\"target\":[\"https:\/\/www.safinel.fr\/produit\/poudre-de-nila\/\"]}]},{\"@type\":\"ImageObject\",\"inLanguage\":\"de\",\"@id\":\"https:\/\/www.safinel.fr\/produit\/poudre-de-nila\/#primaryimage\",\"url\":\"https:\/\/www.safinel.fr\/wp-content\/uploads\/2022\/08\/poudre-de-nila-1.jpg\",\"contentUrl\":\"https:\/\/www.safinel.fr\/wp-content\/uploads\/2022\/08\/poudre-de-nila-1.jpg\",\"width\":600,\"height\":600,\"caption\":\"Poudre de nila\"},{\"@type\":\"BreadcrumbList\",\"@id\":\"https:\/\/www.safinel.fr\/produit\/poudre-de-nila\/#breadcrumb\",\"itemListElement\":[{\"@type\":\"ListItem\",\"position\":1,\"name\":\"Accueil\",\"item\":\"https:\/\/www.safinel.fr\/\"},{\"@type\":\"ListItem\",\"position\":2,\"name\":\"Boutique\",\"item\":\"https:\/\/www.safinel.fr\/boutique\/\"},{\"@type\":\"ListItem\",\"position\":3,\"name\":\"Poudre de nila\"}]},{\"@type\":\"WebSite\",\"@id\":\"https:\/\/www.safinel.fr\/#website\",\"url\":\"https:\/\/www.safinel.fr\/\",\"name\":\"Safinel\",\"description\":\"\",\"publisher\":{\"@id\":\"https:\/\/www.safinel.fr\/#organization\"},\"potentialAction\":[{\"@type\":\"SearchAction\",\"target\":{\"@type\":\"EntryPoint\",\"urlTemplate\":\"https:\/\/www.safinel.fr\/?s={search_term_string}\"},\"query-input\":{\"@type\":\"PropertyValueSpecification\",\"valueRequired\":true,\"valueName\":\"search_term_string\"}}],\"inLanguage\":\"de\"},{\"@type\":\"Organization\",\"@id\":\"https:\/\/www.safinel.fr\/#organization\",\"name\":\"Safinel\",\"url\":\"https:\/\/www.safinel.fr\/\",\"logo\":{\"@type\":\"ImageObject\",\"inLanguage\":\"de\",\"@id\":\"https:\/\/www.safinel.fr\/#\/schema\/logo\/image\/\",\"url\":\"https:\/\/www.safinel.fr\/wp-content\/uploads\/2021\/05\/boutique-cosmetique.png\",\"contentUrl\":\"https:\/\/www.safinel.fr\/wp-content\/uploads\/2021\/05\/boutique-cosmetique.png\",\"width\":800,\"height\":200,\"caption\":\"Safinel\"},\"image\":{\"@id\":\"https:\/\/www.safinel.fr\/#\/schema\/logo\/image\/\"}}]}<\/script>\n<!-- \/ Yoast SEO plugin. -->","yoast_head_json":{"title":"Nila-Pulver I Zahlreiche Vorteile f\u00fcr Haare und Haut","description":"Wir teilen mit Ihnen ein Sch\u00f6nheitsprodukt aus der afrikanischen W\u00fcste, das Nilapulver. Entdecken Sie schnell seine zahlreichen Vorteile.","robots":{"index":"index","follow":"follow","max-snippet":"max-snippet:-1","max-image-preview":"max-image-preview:large","max-video-preview":"max-video-preview:-1"},"canonical":"https:\/\/www.safinel.fr\/de\/product-2\/nilapulver\/","og_locale":"de_DE","og_type":"article","og_title":"Poudre de nila I Bienfaits nombreux pour les cheveux et la peau","og_description":"Nous partageons avec vous un produit de beaut\u00e9 venant du d\u00e9sert Africain, la\u00a0poudre de nila. D\u00e9couvrez ses nombreux bienfaits rapidement.","og_url":"https:\/\/www.safinel.fr\/de\/product-2\/nilapulver\/","og_site_name":"Safinel","article_modified_time":"2024-05-14T15:57:33+00:00","og_image":[{"width":600,"height":600,"url":"https:\/\/www.safinel.fr\/wp-content\/uploads\/2022\/08\/poudre-de-nila-1.jpg","type":"image\/jpeg"}],"twitter_card":"summary_large_image","twitter_misc":{"Gesch\u00e4tzte Lesezeit":"3\u00a0Minuten"},"schema":{"@context":"https:\/\/schema.org","@graph":[{"@type":"WebPage","@id":"https:\/\/www.safinel.fr\/produit\/poudre-de-nila\/","url":"https:\/\/www.safinel.fr\/produit\/poudre-de-nila\/","name":"Nila-Pulver I Zahlreiche Vorteile f\u00fcr Haare und Haut","isPartOf":{"@id":"https:\/\/www.safinel.fr\/#website"},"primaryImageOfPage":{"@id":"https:\/\/www.safinel.fr\/produit\/poudre-de-nila\/#primaryimage"},"image":{"@id":"https:\/\/www.safinel.fr\/produit\/poudre-de-nila\/#primaryimage"},"thumbnailUrl":"https:\/\/www.safinel.fr\/wp-content\/uploads\/2022\/08\/poudre-de-nila-1.jpg","datePublished":"2022-08-12T17:03:03+00:00","dateModified":"2024-05-14T15:57:33+00:00","description":"Wir teilen mit Ihnen ein Sch\u00f6nheitsprodukt aus der afrikanischen W\u00fcste, das Nilapulver. Entdecken Sie schnell seine zahlreichen Vorteile.","breadcrumb":{"@id":"https:\/\/www.safinel.fr\/produit\/poudre-de-nila\/#breadcrumb"},"inLanguage":"de","potentialAction":[{"@type":"ReadAction","target":["https:\/\/www.safinel.fr\/produit\/poudre-de-nila\/"]}]},{"@type":"ImageObject","inLanguage":"de","@id":"https:\/\/www.safinel.fr\/produit\/poudre-de-nila\/#primaryimage","url":"https:\/\/www.safinel.fr\/wp-content\/uploads\/2022\/08\/poudre-de-nila-1.jpg","contentUrl":"https:\/\/www.safinel.fr\/wp-content\/uploads\/2022\/08\/poudre-de-nila-1.jpg","width":600,"height":600,"caption":"Poudre de nila"},{"@type":"BreadcrumbList","@id":"https:\/\/www.safinel.fr\/produit\/poudre-de-nila\/#breadcrumb","itemListElement":[{"@type":"ListItem","position":1,"name":"Accueil","item":"https:\/\/www.safinel.fr\/"},{"@type":"ListItem","position":2,"name":"Boutique","item":"https:\/\/www.safinel.fr\/boutique\/"},{"@type":"ListItem","position":3,"name":"Poudre de nila"}]},{"@type":"WebSite","@id":"https:\/\/www.safinel.fr\/#website","url":"https:\/\/www.safinel.fr\/","name":"Safinel","description":"","publisher":{"@id":"https:\/\/www.safinel.fr\/#organization"},"potentialAction":[{"@type":"SearchAction","target":{"@type":"EntryPoint","urlTemplate":"https:\/\/www.safinel.fr\/?s={search_term_string}"},"query-input":{"@type":"PropertyValueSpecification","valueRequired":true,"valueName":"search_term_string"}}],"inLanguage":"de"},{"@type":"Organization","@id":"https:\/\/www.safinel.fr\/#organization","name":"Safinel","url":"https:\/\/www.safinel.fr\/","logo":{"@type":"ImageObject","inLanguage":"de","@id":"https:\/\/www.safinel.fr\/#\/schema\/logo\/image\/","url":"https:\/\/www.safinel.fr\/wp-content\/uploads\/2021\/05\/boutique-cosmetique.png","contentUrl":"https:\/\/www.safinel.fr\/wp-content\/uploads\/2021\/05\/boutique-cosmetique.png","width":800,"height":200,"caption":"Safinel"},"image":{"@id":"https:\/\/www.safinel.fr\/#\/schema\/logo\/image\/"}}]}},"_links":{"self":[{"href":"https:\/\/www.safinel.fr\/de\/wp-json\/wp\/v2\/product\/2125","targetHints":{"allow":["GET"]}}],"collection":[{"href":"https:\/\/www.safinel.fr\/de\/wp-json\/wp\/v2\/product"}],"about":[{"href":"https:\/\/www.safinel.fr\/de\/wp-json\/wp\/v2\/types\/product"}],"wp:featuredmedia":[{"embeddable":true,"href":"https:\/\/www.safinel.fr\/de\/wp-json\/wp\/v2\/media\/7437"}],"wp:attachment":[{"href":"https:\/\/www.safinel.fr\/de\/wp-json\/wp\/v2\/media?parent=2125"}],"wp:term":[{"taxonomy":"product_brand","embeddable":true,"href":"https:\/\/www.safinel.fr\/de\/wp-json\/wp\/v2\/product_brand?post=2125"},{"taxonomy":"product_cat","embeddable":true,"href":"https:\/\/www.safinel.fr\/de\/wp-json\/wp\/v2\/product_cat?post=2125"},{"taxonomy":"product_tag","embeddable":true,"href":"https:\/\/www.safinel.fr\/de\/wp-json\/wp\/v2\/product_tag?post=2125"}],"curies":[{"name":"wp","href":"https:\/\/api.w.org\/{rel}","templated":true}]}}