{"id":2108,"date":"2022-08-01T15:48:11","date_gmt":"2022-08-01T15:48:11","guid":{"rendered":"https:\/\/www.safinel.fr\/?post_type=product&#038;p=2108"},"modified":"2025-10-12T18:47:02","modified_gmt":"2025-10-12T18:47:02","slug":"creme-zur-vergroserung-von-brust-und-gesas","status":"publish","type":"product","link":"https:\/\/www.safinel.fr\/de\/product-2\/creme-zur-vergroserung-von-brust-und-gesas\/","title":{"rendered":"Creme zur Vergr\u00f6\u00dferung der Br\u00fcste und des Ges\u00e4\u00dfes 100ml"},"content":{"rendered":"<p>Die Creme zur Vergr\u00f6\u00dferung von Brust und Po wird Ihr Leben ver\u00e4ndern! Sie basiert auf nat\u00fcrlichen \u00d6len und beeinflusst den Wachstumsprozess in diesen Bereichen. Die erstaunlichen Ergebnisse, die Sie erzielen werden, werden Sie verbl\u00fcffen!<\/p>\n<h2><strong>Lupe auf diese Wundercreme zur Brustvergr\u00f6\u00dferung<\/strong><\/h2>\n<p>Dieses Produkt, das seit Jahren ein Lieblingsprodukt afrikanischer Frauen ist, wird auch Sie gl\u00fccklich machen. Sein Erfolg beruht auf den \u00d6len, die f\u00fcr ihre vergr\u00f6\u00dfernden, formenden und straffenden Eigenschaften bekannt sind. Die Zubereiter stellen es aus Karit\u00e9butter, die ideal f\u00fcr sch\u00f6ne Haut ist, und drei \u00d6len her:<\/p>\n<ul>\n<li>Akpi<\/li>\n<li><a href=\"https:\/\/www.safinel.fr\/de\/product-2\/kigelia-africana\/\"><strong>Kig\u00e9lia<\/strong><\/a><\/li>\n<li><a href=\"https:\/\/www.safinel.fr\/de\/product-2\/bockshornklee-butter\/\"><strong>Bockshornklee<\/strong><\/a><\/li>\n<\/ul>\n<p>F\u00fcr eine gute Haltbarkeit dieser nat\u00fcrlichen Produkte wurden Vitamin E und Cosgard hinzugef\u00fcgt.<\/p>\n<h2><strong>\u00d6le, die aufgrund ihrer wachstumsf\u00f6rdernden Wirkung ausgew\u00e4hlt wurden\u00a0<\/strong><\/h2>\n<p><a href=\"https:\/\/www.safinel.fr\/de\/product-2\/dakpi-ol\/\"><strong>Das \u00d6l von Akpi<\/strong><\/a>, Der wichtigste Bestandteil dieser Salbe ist das in Afrika sehr beliebte Nuss\u00f6l. Sie wird aus den Samen des gleichnamigen Baumes hergestellt und hat zahlreiche Vorteile, darunter ihre fettverst\u00e4rkende Wirkung. Bockshornklee hingegen wird h\u00e4ufig f\u00fcr den Aufbau von Muskelmasse verwendet. Der Vorteil hierbei ist, dass Sie auf einen bestimmten Bereich abzielen werden. Kil\u00e9gia-\u00d6l wird Ihre Brust formen und Ihren Po straffen. Schlie\u00dflich wird Sheabutter Ihre Haut durch ihren hohen Feuchtigkeitsgehalt pflegen. Au\u00dferdem beugt sie Dehnungsstreifen vor, die bei einer Gewichtszunahme entstehen k\u00f6nnen. Diese Creme sorgt nat\u00fcrlich auch f\u00fcr eine Vergr\u00f6\u00dferung des Ges\u00e4\u00dfes.<span style=\"color: #333333;\"><span style=\"font-size: 20.16px;\">.<\/span><\/span><\/p>\n<h2><strong>Wiedergefundenes Vertrauen f\u00fcr eine erf\u00fcllte Sexualit\u00e4t<\/strong><\/h2>\n<p>Ihre Br\u00fcste und Ihr Ges\u00e4\u00df werden an Masse zunehmen und Sie werden sich sch\u00f6ner f\u00fchlen. Sie werden wieder Vertrauen fassen und mit Ihrem K\u00f6rper im Reinen sein. In Harmonie mit sich selbst und Ihrem Partner werden Sie eine erf\u00fcllte Sexualit\u00e4t erleben.<\/p>\n<h3><strong>Wie man diese Wachstumscreme zur Brustvergr\u00f6\u00dferung verwendet<\/strong><\/h3>\n<p>Tragen Sie auf Ihre saubere Haut eine Creme auf. Massieren Sie die Creme mit kleinen kreisenden Bewegungen von unten nach oben 5 Minuten lang in die Haut ein. Massieren Sie sich morgens und abends, um ein optimales Ergebnis zu erzielen. F\u00fcr das Wohlbefinden Ihres K\u00f6rpers probieren Sie unser Akpi-\u00d6l.<\/p>","protected":false},"excerpt":{"rendered":"<p><strong>Zutaten :<\/strong><\/p>\n<p>Karite-Butter + Akpi-\u00d6l + Kigelia-\u00d6l + Bockshornklee-\u00d6l + Vitamin E + Cosgard.<\/p>\n<p><img decoding=\"async\" class=\"size-full wp-image-5091 aligncenter\" src=\"https:\/\/www.safinel.fr\/wp-content\/uploads\/2021\/06\/BANNIERE-ICONE-SAFINEL.webp\" alt=\"Satines-R\u00fcckversicherung\" width=\"800\" height=\"200\" srcset=\"https:\/\/www.safinel.fr\/wp-content\/uploads\/2021\/06\/BANNIERE-ICONE-SAFINEL.webp 800w, https:\/\/www.safinel.fr\/wp-content\/uploads\/2021\/06\/BANNIERE-ICONE-SAFINEL-600x150.webp 600w, https:\/\/www.safinel.fr\/wp-content\/uploads\/2021\/06\/BANNIERE-ICONE-SAFINEL-768x192.webp 768w\" sizes=\"(max-width: 800px) 100vw, 800px\" \/><\/p>","protected":false},"featured_media":5235,"template":"","meta":[],"product_brand":[],"product_cat":[149,28],"product_tag":[],"class_list":{"0":"post-2108","1":"product","2":"type-product","3":"status-publish","4":"has-post-thumbnail","6":"product_cat-creme-aphrodisiaque","7":"product_cat-divers","9":"first","10":"outofstock","11":"shipping-taxable","12":"purchasable","13":"product-type-simple"},"yoast_head":"<!-- This site is optimized with the Yoast SEO plugin v26.6 - https:\/\/yoast.com\/wordpress\/plugins\/seo\/ -->\n<title>Grossir des seins I D\u00e9couvrez notre cr\u00e8me de croissance<\/title>\n<meta name=\"description\" content=\"La cr\u00e8me pour grossir des seins et les fesses va vous changer la vie\u00a0! \u00c0 base d\u2019huiles naturelles, elle va agir sur le processus de croissance de ces zones.\" \/>\n<meta name=\"robots\" content=\"index, follow, max-snippet:-1, max-image-preview:large, max-video-preview:-1\" \/>\n<link rel=\"canonical\" href=\"https:\/\/www.safinel.fr\/de\/product-2\/creme-zur-vergroserung-von-brust-und-gesas\/\" \/>\n<meta property=\"og:locale\" content=\"de_DE\" \/>\n<meta property=\"og:type\" content=\"article\" \/>\n<meta property=\"og:title\" content=\"Grossir des seins I D\u00e9couvrez notre cr\u00e8me de croissance\" \/>\n<meta property=\"og:description\" content=\"La cr\u00e8me pour grossir des seins et les fesses va vous changer la vie\u00a0! \u00c0 base d\u2019huiles naturelles, elle va agir sur le processus de croissance de ces zones.\" \/>\n<meta property=\"og:url\" content=\"https:\/\/www.safinel.fr\/de\/product-2\/creme-zur-vergroserung-von-brust-und-gesas\/\" \/>\n<meta property=\"og:site_name\" content=\"Safinel\" \/>\n<meta property=\"article:modified_time\" content=\"2025-10-12T18:47:02+00:00\" \/>\n<meta property=\"og:image\" content=\"https:\/\/www.safinel.fr\/wp-content\/uploads\/2022\/08\/creme-pour-grossir-seins.jpg\" \/>\n\t<meta property=\"og:image:width\" content=\"600\" \/>\n\t<meta property=\"og:image:height\" content=\"600\" \/>\n\t<meta property=\"og:image:type\" content=\"image\/jpeg\" \/>\n<meta name=\"twitter:card\" content=\"summary_large_image\" \/>\n<meta name=\"twitter:label1\" content=\"Gesch\u00e4tzte Lesezeit\" \/>\n\t<meta name=\"twitter:data1\" content=\"2\u00a0Minuten\" \/>\n<script type=\"application\/ld+json\" class=\"yoast-schema-graph\">{\"@context\":\"https:\/\/schema.org\",\"@graph\":[{\"@type\":\"WebPage\",\"@id\":\"https:\/\/www.safinel.fr\/produit\/creme-pour-grossire-les-seins-et-les-fesses\/\",\"url\":\"https:\/\/www.safinel.fr\/produit\/creme-pour-grossire-les-seins-et-les-fesses\/\",\"name\":\"Grossir des seins I D\u00e9couvrez notre cr\u00e8me de croissance\",\"isPartOf\":{\"@id\":\"https:\/\/www.safinel.fr\/#website\"},\"primaryImageOfPage\":{\"@id\":\"https:\/\/www.safinel.fr\/produit\/creme-pour-grossire-les-seins-et-les-fesses\/#primaryimage\"},\"image\":{\"@id\":\"https:\/\/www.safinel.fr\/produit\/creme-pour-grossire-les-seins-et-les-fesses\/#primaryimage\"},\"thumbnailUrl\":\"https:\/\/www.safinel.fr\/wp-content\/uploads\/2022\/08\/creme-pour-grossir-seins.jpg\",\"datePublished\":\"2022-08-01T15:48:11+00:00\",\"dateModified\":\"2025-10-12T18:47:02+00:00\",\"description\":\"La cr\u00e8me pour grossir des seins et les fesses va vous changer la vie\u00a0! \u00c0 base d\u2019huiles naturelles, elle va agir sur le processus de croissance de ces zones.\",\"breadcrumb\":{\"@id\":\"https:\/\/www.safinel.fr\/produit\/creme-pour-grossire-les-seins-et-les-fesses\/#breadcrumb\"},\"inLanguage\":\"de\",\"potentialAction\":[{\"@type\":\"ReadAction\",\"target\":[\"https:\/\/www.safinel.fr\/produit\/creme-pour-grossire-les-seins-et-les-fesses\/\"]}]},{\"@type\":\"ImageObject\",\"inLanguage\":\"de\",\"@id\":\"https:\/\/www.safinel.fr\/produit\/creme-pour-grossire-les-seins-et-les-fesses\/#primaryimage\",\"url\":\"https:\/\/www.safinel.fr\/wp-content\/uploads\/2022\/08\/creme-pour-grossir-seins.jpg\",\"contentUrl\":\"https:\/\/www.safinel.fr\/wp-content\/uploads\/2022\/08\/creme-pour-grossir-seins.jpg\",\"width\":600,\"height\":600,\"caption\":\"Cr\u00e8me pour grossir les seins et les fesses 100ml\"},{\"@type\":\"BreadcrumbList\",\"@id\":\"https:\/\/www.safinel.fr\/produit\/creme-pour-grossire-les-seins-et-les-fesses\/#breadcrumb\",\"itemListElement\":[{\"@type\":\"ListItem\",\"position\":1,\"name\":\"Accueil\",\"item\":\"https:\/\/www.safinel.fr\/\"},{\"@type\":\"ListItem\",\"position\":2,\"name\":\"Boutique\",\"item\":\"https:\/\/www.safinel.fr\/boutique\/\"},{\"@type\":\"ListItem\",\"position\":3,\"name\":\"Cr\u00e8me pour grossir les seins et les fesses 100ml\"}]},{\"@type\":\"WebSite\",\"@id\":\"https:\/\/www.safinel.fr\/#website\",\"url\":\"https:\/\/www.safinel.fr\/\",\"name\":\"Safinel\",\"description\":\"\",\"publisher\":{\"@id\":\"https:\/\/www.safinel.fr\/#organization\"},\"potentialAction\":[{\"@type\":\"SearchAction\",\"target\":{\"@type\":\"EntryPoint\",\"urlTemplate\":\"https:\/\/www.safinel.fr\/?s={search_term_string}\"},\"query-input\":{\"@type\":\"PropertyValueSpecification\",\"valueRequired\":true,\"valueName\":\"search_term_string\"}}],\"inLanguage\":\"de\"},{\"@type\":\"Organization\",\"@id\":\"https:\/\/www.safinel.fr\/#organization\",\"name\":\"Safinel\",\"url\":\"https:\/\/www.safinel.fr\/\",\"logo\":{\"@type\":\"ImageObject\",\"inLanguage\":\"de\",\"@id\":\"https:\/\/www.safinel.fr\/#\/schema\/logo\/image\/\",\"url\":\"https:\/\/www.safinel.fr\/wp-content\/uploads\/2021\/05\/boutique-cosmetique.png\",\"contentUrl\":\"https:\/\/www.safinel.fr\/wp-content\/uploads\/2021\/05\/boutique-cosmetique.png\",\"width\":800,\"height\":200,\"caption\":\"Safinel\"},\"image\":{\"@id\":\"https:\/\/www.safinel.fr\/#\/schema\/logo\/image\/\"}}]}<\/script>\n<!-- \/ Yoast SEO plugin. -->","yoast_head_json":{"title":"Brustvergr\u00f6\u00dferung I Entdecken Sie unsere Wachstumscreme","description":"Die Creme zur Vergr\u00f6\u00dferung von Brust und Po wird Ihr Leben ver\u00e4ndern! Auf der Basis nat\u00fcrlicher \u00d6le wird sie auf den Wachstumsprozess dieser Bereiche einwirken.","robots":{"index":"index","follow":"follow","max-snippet":"max-snippet:-1","max-image-preview":"max-image-preview:large","max-video-preview":"max-video-preview:-1"},"canonical":"https:\/\/www.safinel.fr\/de\/product-2\/creme-zur-vergroserung-von-brust-und-gesas\/","og_locale":"de_DE","og_type":"article","og_title":"Grossir des seins I D\u00e9couvrez notre cr\u00e8me de croissance","og_description":"La cr\u00e8me pour grossir des seins et les fesses va vous changer la vie\u00a0! \u00c0 base d\u2019huiles naturelles, elle va agir sur le processus de croissance de ces zones.","og_url":"https:\/\/www.safinel.fr\/de\/product-2\/creme-zur-vergroserung-von-brust-und-gesas\/","og_site_name":"Safinel","article_modified_time":"2025-10-12T18:47:02+00:00","og_image":[{"width":600,"height":600,"url":"https:\/\/www.safinel.fr\/wp-content\/uploads\/2022\/08\/creme-pour-grossir-seins.jpg","type":"image\/jpeg"}],"twitter_card":"summary_large_image","twitter_misc":{"Gesch\u00e4tzte Lesezeit":"2\u00a0Minuten"},"schema":{"@context":"https:\/\/schema.org","@graph":[{"@type":"WebPage","@id":"https:\/\/www.safinel.fr\/produit\/creme-pour-grossire-les-seins-et-les-fesses\/","url":"https:\/\/www.safinel.fr\/produit\/creme-pour-grossire-les-seins-et-les-fesses\/","name":"Brustvergr\u00f6\u00dferung I Entdecken Sie unsere Wachstumscreme","isPartOf":{"@id":"https:\/\/www.safinel.fr\/#website"},"primaryImageOfPage":{"@id":"https:\/\/www.safinel.fr\/produit\/creme-pour-grossire-les-seins-et-les-fesses\/#primaryimage"},"image":{"@id":"https:\/\/www.safinel.fr\/produit\/creme-pour-grossire-les-seins-et-les-fesses\/#primaryimage"},"thumbnailUrl":"https:\/\/www.safinel.fr\/wp-content\/uploads\/2022\/08\/creme-pour-grossir-seins.jpg","datePublished":"2022-08-01T15:48:11+00:00","dateModified":"2025-10-12T18:47:02+00:00","description":"Die Creme zur Vergr\u00f6\u00dferung von Brust und Po wird Ihr Leben ver\u00e4ndern! Auf der Basis nat\u00fcrlicher \u00d6le wird sie auf den Wachstumsprozess dieser Bereiche einwirken.","breadcrumb":{"@id":"https:\/\/www.safinel.fr\/produit\/creme-pour-grossire-les-seins-et-les-fesses\/#breadcrumb"},"inLanguage":"de","potentialAction":[{"@type":"ReadAction","target":["https:\/\/www.safinel.fr\/produit\/creme-pour-grossire-les-seins-et-les-fesses\/"]}]},{"@type":"ImageObject","inLanguage":"de","@id":"https:\/\/www.safinel.fr\/produit\/creme-pour-grossire-les-seins-et-les-fesses\/#primaryimage","url":"https:\/\/www.safinel.fr\/wp-content\/uploads\/2022\/08\/creme-pour-grossir-seins.jpg","contentUrl":"https:\/\/www.safinel.fr\/wp-content\/uploads\/2022\/08\/creme-pour-grossir-seins.jpg","width":600,"height":600,"caption":"Cr\u00e8me pour grossir les seins et les fesses 100ml"},{"@type":"BreadcrumbList","@id":"https:\/\/www.safinel.fr\/produit\/creme-pour-grossire-les-seins-et-les-fesses\/#breadcrumb","itemListElement":[{"@type":"ListItem","position":1,"name":"Accueil","item":"https:\/\/www.safinel.fr\/"},{"@type":"ListItem","position":2,"name":"Boutique","item":"https:\/\/www.safinel.fr\/boutique\/"},{"@type":"ListItem","position":3,"name":"Cr\u00e8me pour grossir les seins et les fesses 100ml"}]},{"@type":"WebSite","@id":"https:\/\/www.safinel.fr\/#website","url":"https:\/\/www.safinel.fr\/","name":"Safinel","description":"","publisher":{"@id":"https:\/\/www.safinel.fr\/#organization"},"potentialAction":[{"@type":"SearchAction","target":{"@type":"EntryPoint","urlTemplate":"https:\/\/www.safinel.fr\/?s={search_term_string}"},"query-input":{"@type":"PropertyValueSpecification","valueRequired":true,"valueName":"search_term_string"}}],"inLanguage":"de"},{"@type":"Organization","@id":"https:\/\/www.safinel.fr\/#organization","name":"Safinel","url":"https:\/\/www.safinel.fr\/","logo":{"@type":"ImageObject","inLanguage":"de","@id":"https:\/\/www.safinel.fr\/#\/schema\/logo\/image\/","url":"https:\/\/www.safinel.fr\/wp-content\/uploads\/2021\/05\/boutique-cosmetique.png","contentUrl":"https:\/\/www.safinel.fr\/wp-content\/uploads\/2021\/05\/boutique-cosmetique.png","width":800,"height":200,"caption":"Safinel"},"image":{"@id":"https:\/\/www.safinel.fr\/#\/schema\/logo\/image\/"}}]}},"_links":{"self":[{"href":"https:\/\/www.safinel.fr\/de\/wp-json\/wp\/v2\/product\/2108","targetHints":{"allow":["GET"]}}],"collection":[{"href":"https:\/\/www.safinel.fr\/de\/wp-json\/wp\/v2\/product"}],"about":[{"href":"https:\/\/www.safinel.fr\/de\/wp-json\/wp\/v2\/types\/product"}],"wp:featuredmedia":[{"embeddable":true,"href":"https:\/\/www.safinel.fr\/de\/wp-json\/wp\/v2\/media\/5235"}],"wp:attachment":[{"href":"https:\/\/www.safinel.fr\/de\/wp-json\/wp\/v2\/media?parent=2108"}],"wp:term":[{"taxonomy":"product_brand","embeddable":true,"href":"https:\/\/www.safinel.fr\/de\/wp-json\/wp\/v2\/product_brand?post=2108"},{"taxonomy":"product_cat","embeddable":true,"href":"https:\/\/www.safinel.fr\/de\/wp-json\/wp\/v2\/product_cat?post=2108"},{"taxonomy":"product_tag","embeddable":true,"href":"https:\/\/www.safinel.fr\/de\/wp-json\/wp\/v2\/product_tag?post=2108"}],"curies":[{"name":"wp","href":"https:\/\/api.w.org\/{rel}","templated":true}]}}