{"id":2103,"date":"2022-08-01T15:41:05","date_gmt":"2022-08-01T15:41:05","guid":{"rendered":"https:\/\/www.safinel.fr\/?post_type=product&#038;p=2103"},"modified":"2024-03-03T15:00:04","modified_gmt":"2024-03-03T15:00:04","slug":"beure-dakpi","status":"publish","type":"product","link":"https:\/\/www.safinel.fr\/de\/product-2\/beure-dakpi\/","title":{"rendered":"Akpi-Butter"},"content":{"rendered":"<p>Die<strong>\u00a0Akpi-Butter<\/strong>\u00a0ist eine traditionelle afrikanische Sch\u00f6nheitszutat, die seit vielen Jahren f\u00fcr das Aussehen verwendet wird. Diese Butter wird aus den Samen der Frucht des Akpi-Baums hergestellt, der in Westafrika w\u00e4chst. Sie ist reich an Vitamin E, essentiellen Fetts\u00e4uren und Antioxidantien und eignet sich daher ideal, um die Haut zu n\u00e4hren und zu revitalisieren. Und das ist noch nicht alles ...<\/p>\n<h2><strong>Die Vorteile von Akpi-Butter f\u00fcr die Haut<\/strong><\/h2>\n<p>Akpi-Butter ist ein hervorragender Feuchtigkeitsspender f\u00fcr die Haut. Sie zieht schnell in die Epidermis ein und hinterl\u00e4sst eine weiche und glatte Haut. Sie ist au\u00dferdem reich an Antioxidantien, die dabei helfen, die Haut vor Sch\u00e4den durch freie Radikale zu sch\u00fctzen. Dies kann helfen, vorzeitigen Zeichen der Hautalterung wie Falten und Altersflecken vorzubeugen.<\/p>\n<p>Dar\u00fcber hinaus ist dieses Naturkosmetikum f\u00fcr seine Eigenschaften bekannt<strong>\u00a0<a href=\"https:\/\/www.safinel.fr\/de\/product-2\/creme-zur-vergroserung-von-brust-und-gesas\/\">vorteilhaft auf der Brust und am Ges\u00e4\u00df<\/a>\u00a0<\/strong>! Sie haben in der Tat sehr gut verstanden, M\u00e4dchen! Wenn auch Sie eine W\u00f6lbung haben und Ihr Brustvolumen vergr\u00f6\u00dfern m\u00f6chten, dann sind Sie hier genau richtig.<\/p>\n<h3><strong>Das afrikanische Sch\u00f6nheitsgeheimnis mit Akpi-Butter<\/strong><\/h3>\n<p>Akpi-Butter kann als Feuchtigkeitsspender f\u00fcr die Haut, zur Behandlung von Narben und Dehnungsstreifen, aber vor allem zur Straffung und\u00a0<strong>die Br\u00fcste straffen<\/strong>\u00a0und das Ges\u00e4\u00df. Es kann direkt auf die Haut aufgetragen oder als Zutat in selbstgemachten Sch\u00f6nheitsprodukten verwendet werden.<\/p>\n<h3><strong>Besuchen Sie Safinel, um weitere Produkte zu entdecken!<\/strong><\/h3>\n<p>Wenn Akpi-Butter eine unglaublich vielseitige nat\u00fcrliche Sch\u00f6nheitszutat ist, die viele Vorteile bietet, dann ist sie ein nat\u00fcrlicher und effektiver Feuchtigkeitsspender, der Ihren K\u00f6rper strafft! In der Tat ist Akpi-Butter eine gute Wahl. Bestellen Sie jetzt bei Safinel und entdecken Sie alle Vorteile dieses Produkts von<strong>\u00a0traditionelle afrikanische Sch\u00f6nheit<\/strong>.<\/p>\n<p>\u00dcbrigens haben Sie auch die M\u00f6glichkeit, mit den Tabletten zu treffen\u00a0<strong>Yokebe<\/strong>\u00a0oder das <a href=\"https:\/\/www.safinel.fr\/de\/product-2\/talbina-paket\/\"><strong>Talbina-Paket<\/strong><\/a>. Z\u00f6gern Sie nicht l\u00e4nger und g\u00f6nnen Sie sich das, was Sie verdienen!<\/p>","protected":false},"excerpt":{"rendered":"<p><strong>Zutaten :<\/strong><\/p>\n<p>Akpi-Butter + Akpi-\u00d6l + Akpi-Pulver = Vitamin E + Cosgard.<\/p>\n<p><img decoding=\"async\" class=\"size-full wp-image-5091 aligncenter\" src=\"https:\/\/www.safinel.fr\/wp-content\/uploads\/2021\/06\/BANNIERE-ICONE-SAFINEL.webp\" alt=\"Satines-R\u00fcckversicherung\" width=\"800\" height=\"200\" srcset=\"https:\/\/www.safinel.fr\/wp-content\/uploads\/2021\/06\/BANNIERE-ICONE-SAFINEL.webp 800w, https:\/\/www.safinel.fr\/wp-content\/uploads\/2021\/06\/BANNIERE-ICONE-SAFINEL-600x150.webp 600w, https:\/\/www.safinel.fr\/wp-content\/uploads\/2021\/06\/BANNIERE-ICONE-SAFINEL-768x192.webp 768w\" sizes=\"(max-width: 800px) 100vw, 800px\" \/><\/p>","protected":false},"featured_media":5388,"template":"","meta":[],"product_brand":[],"product_cat":[28],"product_tag":[],"class_list":{"0":"post-2103","1":"product","2":"type-product","3":"status-publish","4":"has-post-thumbnail","6":"product_cat-divers","8":"first","9":"outofstock","10":"shipping-taxable","11":"purchasable","12":"product-type-simple"},"yoast_head":"<!-- This site is optimized with the Yoast SEO plugin v26.6 - https:\/\/yoast.com\/wordpress\/plugins\/seo\/ -->\n<title>Le beurre d&#039;Akpi I Un ingr\u00e9dient aux multiples bienfaits<\/title>\n<meta name=\"description\" content=\"Le\u00a0beurre d&#039;akpi\u00a0est un ingr\u00e9dient de beaut\u00e9 africain traditionnel qui a \u00e9t\u00e9 utilis\u00e9 pendant des ann\u00e9es pour l\u2019apparence.\" \/>\n<meta name=\"robots\" content=\"index, follow, max-snippet:-1, max-image-preview:large, max-video-preview:-1\" \/>\n<link rel=\"canonical\" href=\"https:\/\/www.safinel.fr\/de\/product-2\/beure-dakpi\/\" \/>\n<meta property=\"og:locale\" content=\"de_DE\" \/>\n<meta property=\"og:type\" content=\"article\" \/>\n<meta property=\"og:title\" content=\"Le beurre d&#039;Akpi I Un ingr\u00e9dient aux multiples bienfaits\" \/>\n<meta property=\"og:description\" content=\"Le\u00a0beurre d&#039;akpi\u00a0est un ingr\u00e9dient de beaut\u00e9 africain traditionnel qui a \u00e9t\u00e9 utilis\u00e9 pendant des ann\u00e9es pour l\u2019apparence.\" \/>\n<meta property=\"og:url\" content=\"https:\/\/www.safinel.fr\/de\/product-2\/beure-dakpi\/\" \/>\n<meta property=\"og:site_name\" content=\"Safinel\" \/>\n<meta property=\"article:modified_time\" content=\"2024-03-03T15:00:04+00:00\" \/>\n<meta property=\"og:image\" content=\"https:\/\/www.safinel.fr\/wp-content\/uploads\/2022\/08\/beurre-dakpi.jpg\" \/>\n\t<meta property=\"og:image:width\" content=\"600\" \/>\n\t<meta property=\"og:image:height\" content=\"600\" \/>\n\t<meta property=\"og:image:type\" content=\"image\/jpeg\" \/>\n<meta name=\"twitter:card\" content=\"summary_large_image\" \/>\n<meta name=\"twitter:label1\" content=\"Gesch\u00e4tzte Lesezeit\" \/>\n\t<meta name=\"twitter:data1\" content=\"2\u00a0Minuten\" \/>\n<script type=\"application\/ld+json\" class=\"yoast-schema-graph\">{\"@context\":\"https:\/\/schema.org\",\"@graph\":[{\"@type\":\"WebPage\",\"@id\":\"https:\/\/www.safinel.fr\/produit\/beure-dakpi\/\",\"url\":\"https:\/\/www.safinel.fr\/produit\/beure-dakpi\/\",\"name\":\"Le beurre d'Akpi I Un ingr\u00e9dient aux multiples bienfaits\",\"isPartOf\":{\"@id\":\"https:\/\/www.safinel.fr\/#website\"},\"primaryImageOfPage\":{\"@id\":\"https:\/\/www.safinel.fr\/produit\/beure-dakpi\/#primaryimage\"},\"image\":{\"@id\":\"https:\/\/www.safinel.fr\/produit\/beure-dakpi\/#primaryimage\"},\"thumbnailUrl\":\"https:\/\/www.safinel.fr\/wp-content\/uploads\/2022\/08\/beurre-dakpi.jpg\",\"datePublished\":\"2022-08-01T15:41:05+00:00\",\"dateModified\":\"2024-03-03T15:00:04+00:00\",\"description\":\"Le\u00a0beurre d'akpi\u00a0est un ingr\u00e9dient de beaut\u00e9 africain traditionnel qui a \u00e9t\u00e9 utilis\u00e9 pendant des ann\u00e9es pour l\u2019apparence.\",\"breadcrumb\":{\"@id\":\"https:\/\/www.safinel.fr\/produit\/beure-dakpi\/#breadcrumb\"},\"inLanguage\":\"de\",\"potentialAction\":[{\"@type\":\"ReadAction\",\"target\":[\"https:\/\/www.safinel.fr\/produit\/beure-dakpi\/\"]}]},{\"@type\":\"ImageObject\",\"inLanguage\":\"de\",\"@id\":\"https:\/\/www.safinel.fr\/produit\/beure-dakpi\/#primaryimage\",\"url\":\"https:\/\/www.safinel.fr\/wp-content\/uploads\/2022\/08\/beurre-dakpi.jpg\",\"contentUrl\":\"https:\/\/www.safinel.fr\/wp-content\/uploads\/2022\/08\/beurre-dakpi.jpg\",\"width\":600,\"height\":600,\"caption\":\"Beure d'akpi\"},{\"@type\":\"BreadcrumbList\",\"@id\":\"https:\/\/www.safinel.fr\/produit\/beure-dakpi\/#breadcrumb\",\"itemListElement\":[{\"@type\":\"ListItem\",\"position\":1,\"name\":\"Accueil\",\"item\":\"https:\/\/www.safinel.fr\/\"},{\"@type\":\"ListItem\",\"position\":2,\"name\":\"Boutique\",\"item\":\"https:\/\/www.safinel.fr\/boutique\/\"},{\"@type\":\"ListItem\",\"position\":3,\"name\":\"Beurre d&#8217;akpi\"}]},{\"@type\":\"WebSite\",\"@id\":\"https:\/\/www.safinel.fr\/#website\",\"url\":\"https:\/\/www.safinel.fr\/\",\"name\":\"Safinel\",\"description\":\"\",\"publisher\":{\"@id\":\"https:\/\/www.safinel.fr\/#organization\"},\"potentialAction\":[{\"@type\":\"SearchAction\",\"target\":{\"@type\":\"EntryPoint\",\"urlTemplate\":\"https:\/\/www.safinel.fr\/?s={search_term_string}\"},\"query-input\":{\"@type\":\"PropertyValueSpecification\",\"valueRequired\":true,\"valueName\":\"search_term_string\"}}],\"inLanguage\":\"de\"},{\"@type\":\"Organization\",\"@id\":\"https:\/\/www.safinel.fr\/#organization\",\"name\":\"Safinel\",\"url\":\"https:\/\/www.safinel.fr\/\",\"logo\":{\"@type\":\"ImageObject\",\"inLanguage\":\"de\",\"@id\":\"https:\/\/www.safinel.fr\/#\/schema\/logo\/image\/\",\"url\":\"https:\/\/www.safinel.fr\/wp-content\/uploads\/2021\/05\/boutique-cosmetique.png\",\"contentUrl\":\"https:\/\/www.safinel.fr\/wp-content\/uploads\/2021\/05\/boutique-cosmetique.png\",\"width\":800,\"height\":200,\"caption\":\"Safinel\"},\"image\":{\"@id\":\"https:\/\/www.safinel.fr\/#\/schema\/logo\/image\/\"}}]}<\/script>\n<!-- \/ Yoast SEO plugin. -->","yoast_head_json":{"title":"Akpi-Butter I Eine Zutat mit vielen Vorteilen","description":"Akpi-Butter ist eine traditionelle afrikanische Sch\u00f6nheitszutat, die seit vielen Jahren f\u00fcr das Aussehen verwendet wird.","robots":{"index":"index","follow":"follow","max-snippet":"max-snippet:-1","max-image-preview":"max-image-preview:large","max-video-preview":"max-video-preview:-1"},"canonical":"https:\/\/www.safinel.fr\/de\/product-2\/beure-dakpi\/","og_locale":"de_DE","og_type":"article","og_title":"Le beurre d'Akpi I Un ingr\u00e9dient aux multiples bienfaits","og_description":"Le\u00a0beurre d'akpi\u00a0est un ingr\u00e9dient de beaut\u00e9 africain traditionnel qui a \u00e9t\u00e9 utilis\u00e9 pendant des ann\u00e9es pour l\u2019apparence.","og_url":"https:\/\/www.safinel.fr\/de\/product-2\/beure-dakpi\/","og_site_name":"Safinel","article_modified_time":"2024-03-03T15:00:04+00:00","og_image":[{"width":600,"height":600,"url":"https:\/\/www.safinel.fr\/wp-content\/uploads\/2022\/08\/beurre-dakpi.jpg","type":"image\/jpeg"}],"twitter_card":"summary_large_image","twitter_misc":{"Gesch\u00e4tzte Lesezeit":"2\u00a0Minuten"},"schema":{"@context":"https:\/\/schema.org","@graph":[{"@type":"WebPage","@id":"https:\/\/www.safinel.fr\/produit\/beure-dakpi\/","url":"https:\/\/www.safinel.fr\/produit\/beure-dakpi\/","name":"Akpi-Butter I Eine Zutat mit vielen Vorteilen","isPartOf":{"@id":"https:\/\/www.safinel.fr\/#website"},"primaryImageOfPage":{"@id":"https:\/\/www.safinel.fr\/produit\/beure-dakpi\/#primaryimage"},"image":{"@id":"https:\/\/www.safinel.fr\/produit\/beure-dakpi\/#primaryimage"},"thumbnailUrl":"https:\/\/www.safinel.fr\/wp-content\/uploads\/2022\/08\/beurre-dakpi.jpg","datePublished":"2022-08-01T15:41:05+00:00","dateModified":"2024-03-03T15:00:04+00:00","description":"Akpi-Butter ist eine traditionelle afrikanische Sch\u00f6nheitszutat, die seit vielen Jahren f\u00fcr das Aussehen verwendet wird.","breadcrumb":{"@id":"https:\/\/www.safinel.fr\/produit\/beure-dakpi\/#breadcrumb"},"inLanguage":"de","potentialAction":[{"@type":"ReadAction","target":["https:\/\/www.safinel.fr\/produit\/beure-dakpi\/"]}]},{"@type":"ImageObject","inLanguage":"de","@id":"https:\/\/www.safinel.fr\/produit\/beure-dakpi\/#primaryimage","url":"https:\/\/www.safinel.fr\/wp-content\/uploads\/2022\/08\/beurre-dakpi.jpg","contentUrl":"https:\/\/www.safinel.fr\/wp-content\/uploads\/2022\/08\/beurre-dakpi.jpg","width":600,"height":600,"caption":"Beure d'akpi"},{"@type":"BreadcrumbList","@id":"https:\/\/www.safinel.fr\/produit\/beure-dakpi\/#breadcrumb","itemListElement":[{"@type":"ListItem","position":1,"name":"Accueil","item":"https:\/\/www.safinel.fr\/"},{"@type":"ListItem","position":2,"name":"Boutique","item":"https:\/\/www.safinel.fr\/boutique\/"},{"@type":"ListItem","position":3,"name":"Beurre d&#8217;akpi"}]},{"@type":"WebSite","@id":"https:\/\/www.safinel.fr\/#website","url":"https:\/\/www.safinel.fr\/","name":"Safinel","description":"","publisher":{"@id":"https:\/\/www.safinel.fr\/#organization"},"potentialAction":[{"@type":"SearchAction","target":{"@type":"EntryPoint","urlTemplate":"https:\/\/www.safinel.fr\/?s={search_term_string}"},"query-input":{"@type":"PropertyValueSpecification","valueRequired":true,"valueName":"search_term_string"}}],"inLanguage":"de"},{"@type":"Organization","@id":"https:\/\/www.safinel.fr\/#organization","name":"Safinel","url":"https:\/\/www.safinel.fr\/","logo":{"@type":"ImageObject","inLanguage":"de","@id":"https:\/\/www.safinel.fr\/#\/schema\/logo\/image\/","url":"https:\/\/www.safinel.fr\/wp-content\/uploads\/2021\/05\/boutique-cosmetique.png","contentUrl":"https:\/\/www.safinel.fr\/wp-content\/uploads\/2021\/05\/boutique-cosmetique.png","width":800,"height":200,"caption":"Safinel"},"image":{"@id":"https:\/\/www.safinel.fr\/#\/schema\/logo\/image\/"}}]}},"_links":{"self":[{"href":"https:\/\/www.safinel.fr\/de\/wp-json\/wp\/v2\/product\/2103","targetHints":{"allow":["GET"]}}],"collection":[{"href":"https:\/\/www.safinel.fr\/de\/wp-json\/wp\/v2\/product"}],"about":[{"href":"https:\/\/www.safinel.fr\/de\/wp-json\/wp\/v2\/types\/product"}],"wp:featuredmedia":[{"embeddable":true,"href":"https:\/\/www.safinel.fr\/de\/wp-json\/wp\/v2\/media\/5388"}],"wp:attachment":[{"href":"https:\/\/www.safinel.fr\/de\/wp-json\/wp\/v2\/media?parent=2103"}],"wp:term":[{"taxonomy":"product_brand","embeddable":true,"href":"https:\/\/www.safinel.fr\/de\/wp-json\/wp\/v2\/product_brand?post=2103"},{"taxonomy":"product_cat","embeddable":true,"href":"https:\/\/www.safinel.fr\/de\/wp-json\/wp\/v2\/product_cat?post=2103"},{"taxonomy":"product_tag","embeddable":true,"href":"https:\/\/www.safinel.fr\/de\/wp-json\/wp\/v2\/product_tag?post=2103"}],"curies":[{"name":"wp","href":"https:\/\/api.w.org\/{rel}","templated":true}]}}