{"id":207,"date":"2021-07-15T14:22:57","date_gmt":"2021-07-15T14:22:57","guid":{"rendered":"https:\/\/www.safinel.fr\/?post_type=product&#038;p=207"},"modified":"2023-12-28T17:15:00","modified_gmt":"2023-12-28T17:15:00","slug":"bhringaraj-pulver-100g","status":"publish","type":"product","link":"https:\/\/www.safinel.fr\/de\/product-2\/bhringaraj-pulver-100g\/","title":{"rendered":"Bhringaraj Pulver 100g"},"content":{"rendered":"<p>Bhringaraj-Pulver ist ein Haarpflegemittel, das aus den getrockneten Bl\u00e4ttern der gleichen Pflanze gewonnen wird. Die Pflanze stammt aus Indien und wird seit Jahrhunderten im Ayurveda verwendet. In einer anderen Sprache wird es lieber als \u00abMaka-Pulver\u00bb bezeichnet, was so viel wie \u00abK\u00f6nig des Haares\u00bb bedeutet.<span class=\"Apple-converted-space\">\u00a0<\/span><\/p>\n<h2><b>Bhringaraj-Pulver: Ein St\u00e4rkungsmittel f\u00fcr das Haar<\/b><\/h2>\n<p>Bhringaraj-Pulver wird h\u00e4ufig bei Haarausfall und Kahlk\u00f6pfigkeit verwendet. Dieses tonisierende Pulver wird das Haarwachstum anregen. Es ist ein nat\u00fcrliches Pflegemittel, das zur Bek\u00e4mpfung von Haarausfall empfohlen wird. Es hat genau die gleiche Funktion wie Rizinus\u00f6l, wird aber als Umschlag verwendet.<span class=\"Apple-converted-space\">\u00a0<\/span><\/p>\n<p>Dieses Naturkosmetikpulver stimuliert den Haarfollikel (die Haarwurzel). In diesem Fall handelt es sich um den Teil des Haares, der 4 Millimeter tief unter der Sch\u00e4deldecke liegt. Es ist dieser Teil, der nicht mehr w\u00e4chst und Haarausfall verursacht. So wird der<b> <\/b>Bhringaraj Pulver ist sehr wirksam bei kahlen Stellen sowie zur Begrenzung des Auftretens von grauen Haaren.<span class=\"Apple-converted-space\">\u00a0<\/span><\/p>\n<h2><b>Wie kann man mit diesem ayurvedischen Pulver einen Umschlag machen?<\/b><\/h2>\n<p>Bhringaraj-Pulver wird roh verwendet, indem es mit hei\u00dfem oder lauwarmem Wasser vermischt wird. Kneten Sie die Mischung gut durch, bis Sie eine dicke, leicht z\u00e4hfl\u00fcssige L\u00f6sung erhalten. Um Ihre Haarpflege zu optimieren, k\u00f6nnen Sie durchaus auch Bingharara-Buttermilch einarbeiten. <strong><a href=\"https:\/\/www.safinel.fr\/de\/product-2\/brahmi-pulver-haar\/\">Brahmi-Pulver<\/a><\/strong>.<\/p>\n<p>Achten Sie vor dem Gebrauch darauf, einen Handschuh sowie alte Kleidung zu verwenden. Dieses indische Puder ist sehr schmutzig und neigt dazu, wie Henna zu verschmutzen. Au\u00dferdem l\u00e4sst es sich nur sehr schwer aus Textilien entfernen.<span class=\"Apple-converted-space\">\u00a0<\/span><\/p>\n<p>Wenn Sie langes Haar haben, teilen Sie es in mehrere Str\u00e4hnen auf, bevor Sie die Maske auftragen. Betonen Sie dabei besonders den Ansatz. Obwohl Bhringaraj-Pulver der Haarfaser St\u00e4rke und Festigkeit verleiht, ist es der Haaransatz, der es am meisten braucht. Sie sind es n\u00e4mlich, die sich l\u00f6sen und zu Haarausfall f\u00fchren.<span class=\"Apple-converted-space\">\u00a0<\/span><\/p>\n<p>Wenn Sie die Pflege auf diesen bestimmten Bereich optimieren, verst\u00e4rken Sie das Haarwachstum.<span class=\"Apple-converted-space\">\u00a0<\/span><\/p>\n<h2><b>F\u00fcr welche Haartypen wird es angewendet?<\/b><\/h2>\n<p>Bitte beachten Sie die folgenden Empfehlungen, um peinliche Fehler zu vermeiden. Als Naturprodukt sollte Bhringaraj-Pulver nicht auf blondem oder hellem Haar angewendet werden. Die nat\u00fcrlichen Farbstoffe, die in diesem Produkt enthalten sind, k\u00f6nnen das Haar verf\u00e4lschen.<span class=\"Apple-converted-space\">\u00a0<\/span><\/p>\n<p>Bei widerspenstigem, krausem oder mediterranem Haar wirkt Bhringaraj hingegen Wunder. Vor allem wenn Sie Locken oder Frizz haben, ist diese nat\u00fcrliche Pflege empfehlenswert. Sie wird dem Haar Kraft und Vitalit\u00e4t verleihen und gleichzeitig das Volumen und die Struktur dynamisieren.<\/p>\n<h3><b>Mit welchem kosmetischen \u00d6l kann man Bhringaraj-Pulver mischen?<\/b><\/h3>\n<p>Bhringaraj-Pulver kann in Kombination mit pflanzlichen \u00d6len, die ebenfalls das Haarwachstum anregen, noch wirksamer sein. Wenn Sie das ayurvedische Pulver mit ein paar Tropfen Rizinus- oder Jojoba\u00f6l mischen, wird die Haarfaser zus\u00e4tzlich mit \u00d6l gest\u00e4rkt.<span class=\"Apple-converted-space\">\u00a0<\/span><\/p>\n<p>Anschlie\u00dfend fahren Sie ganz normal mit Ihrer Pflege fort. Das kosmetische \u00d6l regt den Feuchtigkeitsgehalt des Haares an, w\u00e4hrend Puder das Haar eher trocken werden l\u00e4sst.<\/p>","protected":false},"excerpt":{"rendered":"<p>Bhringaraj-Pulver ist ein Haarpflegemittel, das aus den getrockneten Bl\u00e4ttern derselben Pflanze gewonnen wird. Die aus Indien stammende Pflanze wird seit Jahrhunderten in der ayurvedischen Medizin verwendet. In einer anderen Sprache wird sie bevorzugt als \u00abMaka-Pulver\u00bb bezeichnet, was \u00abK\u00f6nig der Haare\u00bb bedeutet.\u00a0 Bhringaraj-Pulver: ein St\u00e4rkungsmittel f\u00fcr das Haar Bhringaraj in [\u2026]","protected":false},"featured_media":184,"template":"","meta":[],"product_brand":[],"product_cat":[27,110],"product_tag":[],"class_list":{"0":"post-207","1":"product","2":"type-product","3":"status-publish","4":"has-post-thumbnail","6":"product_cat-plantes-medicinales","7":"product_cat-poudre-cheveux-ayurvedique","9":"first","10":"instock","11":"shipping-taxable","12":"purchasable","13":"product-type-simple"},"yoast_head":"<!-- This site is optimized with the Yoast SEO plugin v26.6 - https:\/\/yoast.com\/wordpress\/plugins\/seo\/ -->\n<title>Bhringaraj en poudre | Soin cheveux 100% naturel | Safinel.fr<\/title>\n<meta name=\"description\" content=\"Le Bhringaraj en poudre est un soin capillaire obtenue \u00e0 partir des feuilles s\u00e9ch\u00e9es de la m\u00eame plante. Adoptez-le sans plus attendre !\" \/>\n<meta name=\"robots\" content=\"index, follow, max-snippet:-1, max-image-preview:large, max-video-preview:-1\" \/>\n<link rel=\"canonical\" href=\"https:\/\/www.safinel.fr\/de\/product-2\/bhringaraj-pulver-100g\/\" \/>\n<meta property=\"og:locale\" content=\"de_DE\" \/>\n<meta property=\"og:type\" content=\"article\" \/>\n<meta property=\"og:title\" content=\"Bhringaraj en poudre | Soin cheveux 100% naturel | Safinel.fr\" \/>\n<meta property=\"og:description\" content=\"Le Bhringaraj en poudre est un soin capillaire obtenue \u00e0 partir des feuilles s\u00e9ch\u00e9es de la m\u00eame plante. Adoptez-le sans plus attendre !\" \/>\n<meta property=\"og:url\" content=\"https:\/\/www.safinel.fr\/de\/product-2\/bhringaraj-pulver-100g\/\" \/>\n<meta property=\"og:site_name\" content=\"Safinel\" \/>\n<meta property=\"article:modified_time\" content=\"2023-12-28T17:15:00+00:00\" \/>\n<meta property=\"og:image\" content=\"https:\/\/www.safinel.fr\/wp-content\/uploads\/2021\/07\/bringharaj.jpg\" \/>\n\t<meta property=\"og:image:width\" content=\"1001\" \/>\n\t<meta property=\"og:image:height\" content=\"1001\" \/>\n\t<meta property=\"og:image:type\" content=\"image\/jpeg\" \/>\n<meta name=\"twitter:card\" content=\"summary_large_image\" \/>\n<meta name=\"twitter:label1\" content=\"Gesch\u00e4tzte Lesezeit\" \/>\n\t<meta name=\"twitter:data1\" content=\"3\u00a0Minuten\" \/>\n<script type=\"application\/ld+json\" class=\"yoast-schema-graph\">{\"@context\":\"https:\/\/schema.org\",\"@graph\":[{\"@type\":\"WebPage\",\"@id\":\"https:\/\/www.safinel.fr\/produit\/bhringaraj-en-poudre-100g\/\",\"url\":\"https:\/\/www.safinel.fr\/produit\/bhringaraj-en-poudre-100g\/\",\"name\":\"Bhringaraj en poudre | Soin cheveux 100% naturel | Safinel.fr\",\"isPartOf\":{\"@id\":\"https:\/\/www.safinel.fr\/#website\"},\"primaryImageOfPage\":{\"@id\":\"https:\/\/www.safinel.fr\/produit\/bhringaraj-en-poudre-100g\/#primaryimage\"},\"image\":{\"@id\":\"https:\/\/www.safinel.fr\/produit\/bhringaraj-en-poudre-100g\/#primaryimage\"},\"thumbnailUrl\":\"https:\/\/www.safinel.fr\/wp-content\/uploads\/2021\/07\/bringharaj.jpg\",\"datePublished\":\"2021-07-15T14:22:57+00:00\",\"dateModified\":\"2023-12-28T17:15:00+00:00\",\"description\":\"Le Bhringaraj en poudre est un soin capillaire obtenue \u00e0 partir des feuilles s\u00e9ch\u00e9es de la m\u00eame plante. Adoptez-le sans plus attendre !\",\"breadcrumb\":{\"@id\":\"https:\/\/www.safinel.fr\/produit\/bhringaraj-en-poudre-100g\/#breadcrumb\"},\"inLanguage\":\"de\",\"potentialAction\":[{\"@type\":\"ReadAction\",\"target\":[\"https:\/\/www.safinel.fr\/produit\/bhringaraj-en-poudre-100g\/\"]}]},{\"@type\":\"ImageObject\",\"inLanguage\":\"de\",\"@id\":\"https:\/\/www.safinel.fr\/produit\/bhringaraj-en-poudre-100g\/#primaryimage\",\"url\":\"https:\/\/www.safinel.fr\/wp-content\/uploads\/2021\/07\/bringharaj.jpg\",\"contentUrl\":\"https:\/\/www.safinel.fr\/wp-content\/uploads\/2021\/07\/bringharaj.jpg\",\"width\":1001,\"height\":1001,\"caption\":\"Bhringaraj en poudre\"},{\"@type\":\"BreadcrumbList\",\"@id\":\"https:\/\/www.safinel.fr\/produit\/bhringaraj-en-poudre-100g\/#breadcrumb\",\"itemListElement\":[{\"@type\":\"ListItem\",\"position\":1,\"name\":\"Accueil\",\"item\":\"https:\/\/www.safinel.fr\/\"},{\"@type\":\"ListItem\",\"position\":2,\"name\":\"Boutique\",\"item\":\"https:\/\/www.safinel.fr\/boutique\/\"},{\"@type\":\"ListItem\",\"position\":3,\"name\":\"Bhringaraj en poudre 100g\"}]},{\"@type\":\"WebSite\",\"@id\":\"https:\/\/www.safinel.fr\/#website\",\"url\":\"https:\/\/www.safinel.fr\/\",\"name\":\"Safinel\",\"description\":\"\",\"publisher\":{\"@id\":\"https:\/\/www.safinel.fr\/#organization\"},\"potentialAction\":[{\"@type\":\"SearchAction\",\"target\":{\"@type\":\"EntryPoint\",\"urlTemplate\":\"https:\/\/www.safinel.fr\/?s={search_term_string}\"},\"query-input\":{\"@type\":\"PropertyValueSpecification\",\"valueRequired\":true,\"valueName\":\"search_term_string\"}}],\"inLanguage\":\"de\"},{\"@type\":\"Organization\",\"@id\":\"https:\/\/www.safinel.fr\/#organization\",\"name\":\"Safinel\",\"url\":\"https:\/\/www.safinel.fr\/\",\"logo\":{\"@type\":\"ImageObject\",\"inLanguage\":\"de\",\"@id\":\"https:\/\/www.safinel.fr\/#\/schema\/logo\/image\/\",\"url\":\"https:\/\/www.safinel.fr\/wp-content\/uploads\/2021\/05\/boutique-cosmetique.png\",\"contentUrl\":\"https:\/\/www.safinel.fr\/wp-content\/uploads\/2021\/05\/boutique-cosmetique.png\",\"width\":800,\"height\":200,\"caption\":\"Safinel\"},\"image\":{\"@id\":\"https:\/\/www.safinel.fr\/#\/schema\/logo\/image\/\"}}]}<\/script>\n<!-- \/ Yoast SEO plugin. -->","yoast_head_json":{"title":"Bhringaraj Pulver | Nat\u00fcrliche Haarpflege 100% | Safinel.de","description":"Bhringaraj-Pulver ist ein Haarpflegemittel, das aus den getrockneten Bl\u00e4ttern der gleichen Pflanze gewonnen wird. \u00dcbernehmen Sie es sofort!","robots":{"index":"index","follow":"follow","max-snippet":"max-snippet:-1","max-image-preview":"max-image-preview:large","max-video-preview":"max-video-preview:-1"},"canonical":"https:\/\/www.safinel.fr\/de\/product-2\/bhringaraj-pulver-100g\/","og_locale":"de_DE","og_type":"article","og_title":"Bhringaraj en poudre | Soin cheveux 100% naturel | Safinel.fr","og_description":"Le Bhringaraj en poudre est un soin capillaire obtenue \u00e0 partir des feuilles s\u00e9ch\u00e9es de la m\u00eame plante. Adoptez-le sans plus attendre !","og_url":"https:\/\/www.safinel.fr\/de\/product-2\/bhringaraj-pulver-100g\/","og_site_name":"Safinel","article_modified_time":"2023-12-28T17:15:00+00:00","og_image":[{"width":1001,"height":1001,"url":"https:\/\/www.safinel.fr\/wp-content\/uploads\/2021\/07\/bringharaj.jpg","type":"image\/jpeg"}],"twitter_card":"summary_large_image","twitter_misc":{"Gesch\u00e4tzte Lesezeit":"3\u00a0Minuten"},"schema":{"@context":"https:\/\/schema.org","@graph":[{"@type":"WebPage","@id":"https:\/\/www.safinel.fr\/produit\/bhringaraj-en-poudre-100g\/","url":"https:\/\/www.safinel.fr\/produit\/bhringaraj-en-poudre-100g\/","name":"Bhringaraj Pulver | Nat\u00fcrliche Haarpflege 100% | Safinel.de","isPartOf":{"@id":"https:\/\/www.safinel.fr\/#website"},"primaryImageOfPage":{"@id":"https:\/\/www.safinel.fr\/produit\/bhringaraj-en-poudre-100g\/#primaryimage"},"image":{"@id":"https:\/\/www.safinel.fr\/produit\/bhringaraj-en-poudre-100g\/#primaryimage"},"thumbnailUrl":"https:\/\/www.safinel.fr\/wp-content\/uploads\/2021\/07\/bringharaj.jpg","datePublished":"2021-07-15T14:22:57+00:00","dateModified":"2023-12-28T17:15:00+00:00","description":"Bhringaraj-Pulver ist ein Haarpflegemittel, das aus den getrockneten Bl\u00e4ttern der gleichen Pflanze gewonnen wird. \u00dcbernehmen Sie es sofort!","breadcrumb":{"@id":"https:\/\/www.safinel.fr\/produit\/bhringaraj-en-poudre-100g\/#breadcrumb"},"inLanguage":"de","potentialAction":[{"@type":"ReadAction","target":["https:\/\/www.safinel.fr\/produit\/bhringaraj-en-poudre-100g\/"]}]},{"@type":"ImageObject","inLanguage":"de","@id":"https:\/\/www.safinel.fr\/produit\/bhringaraj-en-poudre-100g\/#primaryimage","url":"https:\/\/www.safinel.fr\/wp-content\/uploads\/2021\/07\/bringharaj.jpg","contentUrl":"https:\/\/www.safinel.fr\/wp-content\/uploads\/2021\/07\/bringharaj.jpg","width":1001,"height":1001,"caption":"Bhringaraj en poudre"},{"@type":"BreadcrumbList","@id":"https:\/\/www.safinel.fr\/produit\/bhringaraj-en-poudre-100g\/#breadcrumb","itemListElement":[{"@type":"ListItem","position":1,"name":"Accueil","item":"https:\/\/www.safinel.fr\/"},{"@type":"ListItem","position":2,"name":"Boutique","item":"https:\/\/www.safinel.fr\/boutique\/"},{"@type":"ListItem","position":3,"name":"Bhringaraj en poudre 100g"}]},{"@type":"WebSite","@id":"https:\/\/www.safinel.fr\/#website","url":"https:\/\/www.safinel.fr\/","name":"Safinel","description":"","publisher":{"@id":"https:\/\/www.safinel.fr\/#organization"},"potentialAction":[{"@type":"SearchAction","target":{"@type":"EntryPoint","urlTemplate":"https:\/\/www.safinel.fr\/?s={search_term_string}"},"query-input":{"@type":"PropertyValueSpecification","valueRequired":true,"valueName":"search_term_string"}}],"inLanguage":"de"},{"@type":"Organization","@id":"https:\/\/www.safinel.fr\/#organization","name":"Safinel","url":"https:\/\/www.safinel.fr\/","logo":{"@type":"ImageObject","inLanguage":"de","@id":"https:\/\/www.safinel.fr\/#\/schema\/logo\/image\/","url":"https:\/\/www.safinel.fr\/wp-content\/uploads\/2021\/05\/boutique-cosmetique.png","contentUrl":"https:\/\/www.safinel.fr\/wp-content\/uploads\/2021\/05\/boutique-cosmetique.png","width":800,"height":200,"caption":"Safinel"},"image":{"@id":"https:\/\/www.safinel.fr\/#\/schema\/logo\/image\/"}}]}},"_links":{"self":[{"href":"https:\/\/www.safinel.fr\/de\/wp-json\/wp\/v2\/product\/207","targetHints":{"allow":["GET"]}}],"collection":[{"href":"https:\/\/www.safinel.fr\/de\/wp-json\/wp\/v2\/product"}],"about":[{"href":"https:\/\/www.safinel.fr\/de\/wp-json\/wp\/v2\/types\/product"}],"wp:featuredmedia":[{"embeddable":true,"href":"https:\/\/www.safinel.fr\/de\/wp-json\/wp\/v2\/media\/184"}],"wp:attachment":[{"href":"https:\/\/www.safinel.fr\/de\/wp-json\/wp\/v2\/media?parent=207"}],"wp:term":[{"taxonomy":"product_brand","embeddable":true,"href":"https:\/\/www.safinel.fr\/de\/wp-json\/wp\/v2\/product_brand?post=207"},{"taxonomy":"product_cat","embeddable":true,"href":"https:\/\/www.safinel.fr\/de\/wp-json\/wp\/v2\/product_cat?post=207"},{"taxonomy":"product_tag","embeddable":true,"href":"https:\/\/www.safinel.fr\/de\/wp-json\/wp\/v2\/product_tag?post=207"}],"curies":[{"name":"wp","href":"https:\/\/api.w.org\/{rel}","templated":true}]}}