{"id":2054,"date":"2022-08-06T14:11:30","date_gmt":"2022-08-06T14:11:30","guid":{"rendered":"https:\/\/www.safinel.fr\/?post_type=product&#038;p=2054"},"modified":"2024-04-16T11:54:13","modified_gmt":"2024-04-16T11:54:13","slug":"affenbrotbaum-pulver-bouye","status":"publish","type":"product","link":"https:\/\/www.safinel.fr\/de\/product-2\/affenbrotbaum-pulver-bouye\/","title":{"rendered":"Baobab-Pulver (Bouye) 100g"},"content":{"rendered":"<p>Der Affenbrotbaum ist ein Baum, der eine Frucht hervorbringt, die, wenn sie zu Pulver zermahlen wird, ein hervorragendes Nahrungserg\u00e4nzungsmittel ist. Erfahren Sie hier, was Sie \u00fcber Baobab-Pulver wissen sollten.<\/p>\n<h2><strong>Baobab-Pulver: Was ist das?<\/strong><\/h2>\n<p>Der Baobab ist ein Baum aus der Familie der Malvaceae, den es in acht Sorten gibt, die alle an die trockensten Klimabedingungen angepasst sind. Er wird auch als \u00abZauberbaum\u00bb oder \u00abFlaschenbaum\u00bb bezeichnet und ist in der afrikanischen Savanne zu finden. Er produziert eine Frucht, die Akoussa, die auch als \u00abAffenbrot\u00bb bezeichnet wird. Es ist diese Frucht, die in den meisten F\u00e4llen zur Herstellung dieses Produkts verwendet wird, das ein au\u00dfergew\u00f6hnliches Nahrungserg\u00e4nzungsmittel darstellt.<\/p>\n<h2><strong>Was ist in Baobab-Pulver enthalten?<\/strong><\/h2>\n<p>Diese Frucht ist eine der Vitamin-C-reichsten Fr\u00fcchte der Welt. 100 Gramm des Fruchtfleisches der Akoussa enthalten 300 mg Vitamin C. Dies entspricht einem siebenmal h\u00f6heren Gehalt als in der Orange. Vitamin A, PP, B1 und B6 sowie wichtige Mineralstoffe und Spurenelemente wie Kalium, Zink, Eisen und Phosphor sind weitere N\u00e4hrstoffe, die im Akoussa-Pulver enthalten sind.<\/p>\n<h2><strong>Eigenschaften und Nutzen von Baobab-Pulver<\/strong><\/h2>\n<p>Die Vorteile sind immens:<\/p>\n<ul>\n<li>eine bessere Entz\u00fcndungshemmung ;<\/li>\n<li>ein nat\u00fcrliches Antioxidans ;<\/li>\n<li>ein Gewinn an Fitness und Vitaminen ;<\/li>\n<li>Vermeidung des Risikos einer Mangelern\u00e4hrung ;<\/li>\n<li>eine bessere <a href=\"https:\/\/www.safinel.fr\/de\/product-2\/blatter-der-weisen-murier\/\"><strong>Ballaststoffquelle<\/strong><\/a> ;<\/li>\n<li>die Bek\u00e4mpfung von Magen-Darm-Beschwerden.<\/li>\n<\/ul>\n<p>Man kann sagen, dass Baobab-Pulver eines der erstaunlichsten Lebensmittel der Welt ist.<\/p>\n<h3><strong>Wie wird es verwendet?<\/strong><\/h3>\n<p>Es wird haupts\u00e4chlich als Nahrungserg\u00e4nzungsmittel verwendet. Ideal ist es, t\u00e4glich zwischen f\u00fcnf und f\u00fcnfzehn Gramm davon zu sich zu nehmen. Sie k\u00f6nnen sie aufgrund ihres leicht s\u00e4uerlichen und s\u00fc\u00dfen Geschmacks in Getr\u00e4nke (Fruchtsaft, Wasser usw.) oder Gerichte einr\u00fchren. Nehmen Sie es vorzugsweise morgens ein, damit Sie den ganzen Tag \u00fcber von den Vorteilen profitieren k\u00f6nnen.<\/p>","protected":false},"excerpt":{"rendered":"<p>Le baobab est un arbre qui produit un fruit qui, une fois r\u00e9duit en poudre, se trouve \u00eatre un excellent compl\u00e9ment alimentaire. D\u00e9couvrez ici\u00a0ce que vous devriez savoir sur la poudre de baobab. Poudre de baobab : qu\u2019est-ce que c\u2019est ? Le baobab est un arbre de la famille des Malvaceae qui existe en huit [&#8230;]","protected":false},"featured_media":2055,"template":"","meta":[],"product_brand":[],"product_cat":[59,110],"product_tag":[],"class_list":{"0":"post-2054","1":"product","2":"type-product","3":"status-publish","4":"has-post-thumbnail","6":"product_cat-fruit-tropical","7":"product_cat-poudre-cheveux-ayurvedique","9":"first","10":"instock","11":"shipping-taxable","12":"purchasable","13":"product-type-simple"},"yoast_head":"<!-- This site is optimized with the Yoast SEO plugin v26.6 - https:\/\/yoast.com\/wordpress\/plugins\/seo\/ -->\n<title>Poudre de baobab (Bouye) I Fruit tropical I Contenance 100g<\/title>\n<meta name=\"description\" content=\"Le baobab est un arbre qui produit un fruit qui, une fois r\u00e9duit en poudre, se trouve \u00eatre un excellent compl\u00e9ment. D\u00e9couvrez la poudre de baobab.\" \/>\n<meta name=\"robots\" content=\"index, follow, max-snippet:-1, max-image-preview:large, max-video-preview:-1\" \/>\n<link rel=\"canonical\" href=\"https:\/\/www.safinel.fr\/de\/product-2\/affenbrotbaum-pulver-bouye\/\" \/>\n<meta property=\"og:locale\" content=\"de_DE\" \/>\n<meta property=\"og:type\" content=\"article\" \/>\n<meta property=\"og:title\" content=\"Poudre de baobab (Bouye) I Fruit tropical I Contenance 100g\" \/>\n<meta property=\"og:description\" content=\"Le baobab est un arbre qui produit un fruit qui, une fois r\u00e9duit en poudre, se trouve \u00eatre un excellent compl\u00e9ment. D\u00e9couvrez la poudre de baobab.\" \/>\n<meta property=\"og:url\" content=\"https:\/\/www.safinel.fr\/de\/product-2\/affenbrotbaum-pulver-bouye\/\" \/>\n<meta property=\"og:site_name\" content=\"Safinel\" \/>\n<meta property=\"article:modified_time\" content=\"2024-04-16T11:54:13+00:00\" \/>\n<meta property=\"og:image\" content=\"https:\/\/www.safinel.fr\/wp-content\/uploads\/2022\/08\/bouye-fruit-du-baobab.jpg\" \/>\n\t<meta property=\"og:image:width\" content=\"600\" \/>\n\t<meta property=\"og:image:height\" content=\"600\" \/>\n\t<meta property=\"og:image:type\" content=\"image\/jpeg\" \/>\n<meta name=\"twitter:card\" content=\"summary_large_image\" \/>\n<meta name=\"twitter:label1\" content=\"Gesch\u00e4tzte Lesezeit\" \/>\n\t<meta name=\"twitter:data1\" content=\"2\u00a0Minuten\" \/>\n<script type=\"application\/ld+json\" class=\"yoast-schema-graph\">{\"@context\":\"https:\/\/schema.org\",\"@graph\":[{\"@type\":\"WebPage\",\"@id\":\"https:\/\/www.safinel.fr\/produit\/poudre-de-baobab-bouye\/\",\"url\":\"https:\/\/www.safinel.fr\/produit\/poudre-de-baobab-bouye\/\",\"name\":\"Poudre de baobab (Bouye) I Fruit tropical I Contenance 100g\",\"isPartOf\":{\"@id\":\"https:\/\/www.safinel.fr\/#website\"},\"primaryImageOfPage\":{\"@id\":\"https:\/\/www.safinel.fr\/produit\/poudre-de-baobab-bouye\/#primaryimage\"},\"image\":{\"@id\":\"https:\/\/www.safinel.fr\/produit\/poudre-de-baobab-bouye\/#primaryimage\"},\"thumbnailUrl\":\"https:\/\/www.safinel.fr\/wp-content\/uploads\/2022\/08\/bouye-fruit-du-baobab.jpg\",\"datePublished\":\"2022-08-06T14:11:30+00:00\",\"dateModified\":\"2024-04-16T11:54:13+00:00\",\"description\":\"Le baobab est un arbre qui produit un fruit qui, une fois r\u00e9duit en poudre, se trouve \u00eatre un excellent compl\u00e9ment. D\u00e9couvrez la poudre de baobab.\",\"breadcrumb\":{\"@id\":\"https:\/\/www.safinel.fr\/produit\/poudre-de-baobab-bouye\/#breadcrumb\"},\"inLanguage\":\"de\",\"potentialAction\":[{\"@type\":\"ReadAction\",\"target\":[\"https:\/\/www.safinel.fr\/produit\/poudre-de-baobab-bouye\/\"]}]},{\"@type\":\"ImageObject\",\"inLanguage\":\"de\",\"@id\":\"https:\/\/www.safinel.fr\/produit\/poudre-de-baobab-bouye\/#primaryimage\",\"url\":\"https:\/\/www.safinel.fr\/wp-content\/uploads\/2022\/08\/bouye-fruit-du-baobab.jpg\",\"contentUrl\":\"https:\/\/www.safinel.fr\/wp-content\/uploads\/2022\/08\/bouye-fruit-du-baobab.jpg\",\"width\":600,\"height\":600,\"caption\":\"poudre de baobab\"},{\"@type\":\"BreadcrumbList\",\"@id\":\"https:\/\/www.safinel.fr\/produit\/poudre-de-baobab-bouye\/#breadcrumb\",\"itemListElement\":[{\"@type\":\"ListItem\",\"position\":1,\"name\":\"Accueil\",\"item\":\"https:\/\/www.safinel.fr\/\"},{\"@type\":\"ListItem\",\"position\":2,\"name\":\"Boutique\",\"item\":\"https:\/\/www.safinel.fr\/boutique\/\"},{\"@type\":\"ListItem\",\"position\":3,\"name\":\"Poudre de baobab (Bouye) 100g\"}]},{\"@type\":\"WebSite\",\"@id\":\"https:\/\/www.safinel.fr\/#website\",\"url\":\"https:\/\/www.safinel.fr\/\",\"name\":\"Safinel\",\"description\":\"\",\"publisher\":{\"@id\":\"https:\/\/www.safinel.fr\/#organization\"},\"potentialAction\":[{\"@type\":\"SearchAction\",\"target\":{\"@type\":\"EntryPoint\",\"urlTemplate\":\"https:\/\/www.safinel.fr\/?s={search_term_string}\"},\"query-input\":{\"@type\":\"PropertyValueSpecification\",\"valueRequired\":true,\"valueName\":\"search_term_string\"}}],\"inLanguage\":\"de\"},{\"@type\":\"Organization\",\"@id\":\"https:\/\/www.safinel.fr\/#organization\",\"name\":\"Safinel\",\"url\":\"https:\/\/www.safinel.fr\/\",\"logo\":{\"@type\":\"ImageObject\",\"inLanguage\":\"de\",\"@id\":\"https:\/\/www.safinel.fr\/#\/schema\/logo\/image\/\",\"url\":\"https:\/\/www.safinel.fr\/wp-content\/uploads\/2021\/05\/boutique-cosmetique.png\",\"contentUrl\":\"https:\/\/www.safinel.fr\/wp-content\/uploads\/2021\/05\/boutique-cosmetique.png\",\"width\":800,\"height\":200,\"caption\":\"Safinel\"},\"image\":{\"@id\":\"https:\/\/www.safinel.fr\/#\/schema\/logo\/image\/\"}}]}<\/script>\n<!-- \/ Yoast SEO plugin. -->","yoast_head_json":{"title":"Baobab-Pulver (Bouye) I Tropische Frucht I Inhalt 100g","description":"Der Affenbrotbaum ist ein Baum, der eine Frucht hervorbringt, die, wenn sie zu Pulver zermahlen wird, ein hervorragendes Nahrungserg\u00e4nzungsmittel ist. Entdecken Sie das Baobab-Pulver.","robots":{"index":"index","follow":"follow","max-snippet":"max-snippet:-1","max-image-preview":"max-image-preview:large","max-video-preview":"max-video-preview:-1"},"canonical":"https:\/\/www.safinel.fr\/de\/product-2\/affenbrotbaum-pulver-bouye\/","og_locale":"de_DE","og_type":"article","og_title":"Poudre de baobab (Bouye) I Fruit tropical I Contenance 100g","og_description":"Le baobab est un arbre qui produit un fruit qui, une fois r\u00e9duit en poudre, se trouve \u00eatre un excellent compl\u00e9ment. D\u00e9couvrez la poudre de baobab.","og_url":"https:\/\/www.safinel.fr\/de\/product-2\/affenbrotbaum-pulver-bouye\/","og_site_name":"Safinel","article_modified_time":"2024-04-16T11:54:13+00:00","og_image":[{"width":600,"height":600,"url":"https:\/\/www.safinel.fr\/wp-content\/uploads\/2022\/08\/bouye-fruit-du-baobab.jpg","type":"image\/jpeg"}],"twitter_card":"summary_large_image","twitter_misc":{"Gesch\u00e4tzte Lesezeit":"2\u00a0Minuten"},"schema":{"@context":"https:\/\/schema.org","@graph":[{"@type":"WebPage","@id":"https:\/\/www.safinel.fr\/produit\/poudre-de-baobab-bouye\/","url":"https:\/\/www.safinel.fr\/produit\/poudre-de-baobab-bouye\/","name":"Baobab-Pulver (Bouye) I Tropische Frucht I Inhalt 100g","isPartOf":{"@id":"https:\/\/www.safinel.fr\/#website"},"primaryImageOfPage":{"@id":"https:\/\/www.safinel.fr\/produit\/poudre-de-baobab-bouye\/#primaryimage"},"image":{"@id":"https:\/\/www.safinel.fr\/produit\/poudre-de-baobab-bouye\/#primaryimage"},"thumbnailUrl":"https:\/\/www.safinel.fr\/wp-content\/uploads\/2022\/08\/bouye-fruit-du-baobab.jpg","datePublished":"2022-08-06T14:11:30+00:00","dateModified":"2024-04-16T11:54:13+00:00","description":"Der Affenbrotbaum ist ein Baum, der eine Frucht hervorbringt, die, wenn sie zu Pulver zermahlen wird, ein hervorragendes Nahrungserg\u00e4nzungsmittel ist. Entdecken Sie das Baobab-Pulver.","breadcrumb":{"@id":"https:\/\/www.safinel.fr\/produit\/poudre-de-baobab-bouye\/#breadcrumb"},"inLanguage":"de","potentialAction":[{"@type":"ReadAction","target":["https:\/\/www.safinel.fr\/produit\/poudre-de-baobab-bouye\/"]}]},{"@type":"ImageObject","inLanguage":"de","@id":"https:\/\/www.safinel.fr\/produit\/poudre-de-baobab-bouye\/#primaryimage","url":"https:\/\/www.safinel.fr\/wp-content\/uploads\/2022\/08\/bouye-fruit-du-baobab.jpg","contentUrl":"https:\/\/www.safinel.fr\/wp-content\/uploads\/2022\/08\/bouye-fruit-du-baobab.jpg","width":600,"height":600,"caption":"poudre de baobab"},{"@type":"BreadcrumbList","@id":"https:\/\/www.safinel.fr\/produit\/poudre-de-baobab-bouye\/#breadcrumb","itemListElement":[{"@type":"ListItem","position":1,"name":"Accueil","item":"https:\/\/www.safinel.fr\/"},{"@type":"ListItem","position":2,"name":"Boutique","item":"https:\/\/www.safinel.fr\/boutique\/"},{"@type":"ListItem","position":3,"name":"Poudre de baobab (Bouye) 100g"}]},{"@type":"WebSite","@id":"https:\/\/www.safinel.fr\/#website","url":"https:\/\/www.safinel.fr\/","name":"Safinel","description":"","publisher":{"@id":"https:\/\/www.safinel.fr\/#organization"},"potentialAction":[{"@type":"SearchAction","target":{"@type":"EntryPoint","urlTemplate":"https:\/\/www.safinel.fr\/?s={search_term_string}"},"query-input":{"@type":"PropertyValueSpecification","valueRequired":true,"valueName":"search_term_string"}}],"inLanguage":"de"},{"@type":"Organization","@id":"https:\/\/www.safinel.fr\/#organization","name":"Safinel","url":"https:\/\/www.safinel.fr\/","logo":{"@type":"ImageObject","inLanguage":"de","@id":"https:\/\/www.safinel.fr\/#\/schema\/logo\/image\/","url":"https:\/\/www.safinel.fr\/wp-content\/uploads\/2021\/05\/boutique-cosmetique.png","contentUrl":"https:\/\/www.safinel.fr\/wp-content\/uploads\/2021\/05\/boutique-cosmetique.png","width":800,"height":200,"caption":"Safinel"},"image":{"@id":"https:\/\/www.safinel.fr\/#\/schema\/logo\/image\/"}}]}},"_links":{"self":[{"href":"https:\/\/www.safinel.fr\/de\/wp-json\/wp\/v2\/product\/2054","targetHints":{"allow":["GET"]}}],"collection":[{"href":"https:\/\/www.safinel.fr\/de\/wp-json\/wp\/v2\/product"}],"about":[{"href":"https:\/\/www.safinel.fr\/de\/wp-json\/wp\/v2\/types\/product"}],"wp:featuredmedia":[{"embeddable":true,"href":"https:\/\/www.safinel.fr\/de\/wp-json\/wp\/v2\/media\/2055"}],"wp:attachment":[{"href":"https:\/\/www.safinel.fr\/de\/wp-json\/wp\/v2\/media?parent=2054"}],"wp:term":[{"taxonomy":"product_brand","embeddable":true,"href":"https:\/\/www.safinel.fr\/de\/wp-json\/wp\/v2\/product_brand?post=2054"},{"taxonomy":"product_cat","embeddable":true,"href":"https:\/\/www.safinel.fr\/de\/wp-json\/wp\/v2\/product_cat?post=2054"},{"taxonomy":"product_tag","embeddable":true,"href":"https:\/\/www.safinel.fr\/de\/wp-json\/wp\/v2\/product_tag?post=2054"}],"curies":[{"name":"wp","href":"https:\/\/api.w.org\/{rel}","templated":true}]}}