{"id":205,"date":"2021-07-15T13:41:05","date_gmt":"2021-07-15T13:41:05","guid":{"rendered":"https:\/\/www.safinel.fr\/?post_type=product&#038;p=205"},"modified":"2024-02-23T23:34:15","modified_gmt":"2024-02-23T23:34:15","slug":"reetha-pulver","status":"publish","type":"product","link":"https:\/\/www.safinel.fr\/de\/product-2\/reetha-pulver\/","title":{"rendered":"Reetha-Pulver 100g"},"content":{"rendered":"<p>Reetha-Pulver ist ein Naturkosmetikum, das aus der Rinde des Baumes \u00abSapindus mukorossi\u00bb gewonnen wird. In der Umgangssprache wird er von den Indern als \u00abSeifenbaum\u00bb bezeichnet. Wir Europ\u00e4er bevorzugen den Begriff \u00abindischer Seifenbaum\u00bb.Reetha ist ein Naturkosmetikum, das aus der Rinde des Baumes \u00abSapindus mukorossi\u00bb gewonnen wird. In der Umgangssprache nennen die Inder ihn \u00abSeifenbaum\u00bb. Wir Europ\u00e4er bevorzugen den Begriff \u00abindische Seifenschale\u00bb.<\/p>\n<p>Es handelt sich um ein ayurvedisches Pulver, das h\u00e4ufig in der Haarpflege verwendet wird. Die Frucht und genauer gesagt die Nuss des Reetha-Baumes ist das Material, das uns interessiert. Sie bietet zahlreiche Vorteile f\u00fcr die Haargesundheit.<span class=\"Apple-converted-space\">\u00a0<\/span><\/p>\n<h2><b>Reetha-Pulver: Au\u00dfergew\u00f6hnliche Reinigungseigenschaften<\/b><\/h2>\n<p>Reetha-Pulver ist auch unter der Bezeichnung Arita bekannt. Diese beiden \u00e4hnlichen W\u00f6rter bezeichnen das gleiche Produkt. Die Rinde der Nuss des Sapindus mukorossi ist sehr reich an Saponinen und hat eine ausgepr\u00e4gte Reinigungskraft. Die Indianerinnen verwenden das Pulver sogar zum Waschen von Textilien. Diese vielf\u00e4ltige Verwendung ist frei von Chemikalien und folgt der gr\u00fcnen Welle.<span class=\"Apple-converted-space\">\u00a0<\/span><\/p>\n<p>Mit Reetha-Pulver kann man die Kopfhaut pflegen. Es verleiht ihr Kraft und Glanz und sch\u00fctzt sie gleichzeitig vor \u00e4u\u00dferen Einfl\u00fcssen. Dieses nat\u00fcrliche Heilmittel ist auch wirksam gegen L\u00e4use. Wenn Sie es in Form von Masken auftragen, werden diese Sch\u00e4dlinge leicht beseitigt. <span class=\"Apple-converted-space\">\u00a0<\/span><\/p>\n<h2><b>Ein hochwirksames ayurvedisches Pulver zur Bek\u00e4mpfung von Sebum<\/b><\/h2>\n<p>Dieses indische Kosmetikpulver reinigt die Kopfhaut sehr gut. Die nat\u00fcrliche S\u00e4ure in Reetha stabilisiert den PH-Wert im Inneren der Haarfaser. Im Idealfall wird der PH-Wert auf 4,5 bis 5,5 erh\u00f6ht. Diese F\u00e4higkeit verhindert nicht nur das Wachstum von Bakterien und Pilzen. Sie bek\u00e4mpft auch Fett und sorgt so f\u00fcr sauberes, seidiges Haar.<span class=\"Apple-converted-space\">\u00a0<\/span><\/p>\n<p>Als Erg\u00e4nzung: Wenn Sie es gewohnt sind, mit kalkhaltigem Wasser zu duschen, bek\u00e4mpft das Reetha-Pulver diese Tatsache. Es bewahrt das Haar also vor dem Austrocknen.<span class=\"Apple-converted-space\">\u00a0<\/span><\/p>\n<h2><b>Wie verwende ich kosmetisches Reetha-Pulver?<span class=\"Apple-converted-space\">\u00a0<\/span><\/b><\/h2>\n<p>Das Reetha-Pulver wird als Maske oder Umschlag verwendet. Das Protokoll ist sehr einfach. Vermischen Sie das Material einfach mit lauwarmem Wasser. Dann kneten Sie es zu einer gleichm\u00e4\u00dfigen Paste, die Sie auf das Haar auftragen.<span class=\"Apple-converted-space\">\u00a0<\/span><\/p>\n<p>Sie brauchen keine Angst zu haben! Nur weil Reetha nicht sch\u00e4umt, hei\u00dft das nicht, dass es nicht w\u00e4scht. Ganz im Gegenteil, es befreit von Unreinheiten. Der Schaumbildner ist nur ein chemischer Effekt von Shampoos. Er sorgt nur f\u00fcr ein angenehmes Gef\u00fchl, ohne eine reinigende Wirkung zu haben. In der Regel \u00fcbernehmen andere Stoffe die Arbeit.<span class=\"Apple-converted-space\">\u00a0<\/span><\/p>\n<p>Reetha-Pulver hat also die F\u00e4higkeit, dank seiner nat\u00fcrlichen S\u00e4urebildner tief zu reinigen. Das Reetha ist ein sehr gutes Mittel, wenn Sie Ihr Haar gesund und vital halten wollen.<span class=\"Apple-converted-space\">\u00a0<\/span><\/p>\n<h3><b>Einarbeiten von kosmetischen \u00d6len, um die Pflege zu perfektionieren<\/b><\/h3>\n<p>Es spricht nichts dagegen, dass Sie Naturkosmetik mischen, um einen Vorteil daraus zu ziehen. Versuchen Sie es mit dem <a href=\"https:\/\/www.safinel.fr\/de\/product-2\/kapoor-kachli\/\"><strong>kapoor kachli<\/strong><\/a> oder andere in den Regalen erh\u00e4ltliche Behandlungen.<span class=\"Apple-converted-space\">\u00a0<\/span><\/p>\n<p>Um die nat\u00fcrliche Pflege mit Reetha zu bereichern, werden pflanzliche \u00d6le empfohlen, die reich an Vitamin E und Antioxidantien sind. Es gibt viele Beispiele daf\u00fcr. Jojoba, S\u00fc\u00dfmandel oder Argan geh\u00f6ren zu den am meisten empfohlenen \u00d6len. Diese \u00d6le legen sich wie ein Fettfilm um das Haar und versorgen es mit intensiver Feuchtigkeit. Sie haben die Wahl.<span class=\"Apple-converted-space\">\u00a0<\/span><\/p>","protected":false},"excerpt":{"rendered":"<p><img decoding=\"async\" class=\"size-full wp-image-5091 aligncenter\" src=\"https:\/\/www.safinel.fr\/wp-content\/uploads\/2021\/06\/BANNIERE-ICONE-SAFINEL.webp\" alt=\"Satines-R\u00fcckversicherung\" width=\"800\" height=\"200\" srcset=\"https:\/\/www.safinel.fr\/wp-content\/uploads\/2021\/06\/BANNIERE-ICONE-SAFINEL.webp 800w, https:\/\/www.safinel.fr\/wp-content\/uploads\/2021\/06\/BANNIERE-ICONE-SAFINEL-600x150.webp 600w, https:\/\/www.safinel.fr\/wp-content\/uploads\/2021\/06\/BANNIERE-ICONE-SAFINEL-768x192.webp 768w\" sizes=\"(max-width: 800px) 100vw, 800px\" \/><\/p>","protected":false},"featured_media":186,"template":"","meta":[],"product_brand":[],"product_cat":[27],"product_tag":[],"class_list":{"0":"post-205","1":"product","2":"type-product","3":"status-publish","4":"has-post-thumbnail","6":"product_cat-plantes-medicinales","8":"first","9":"instock","10":"shipping-taxable","11":"purchasable","12":"product-type-simple"},"yoast_head":"<!-- This site is optimized with the Yoast SEO plugin v26.6 - https:\/\/yoast.com\/wordpress\/plugins\/seo\/ -->\n<title>Poudre de Reetha | Cosm\u00e9tique naturel aux nombreux bienfaits<\/title>\n<meta name=\"description\" content=\"La poudre de Reetha est un cosm\u00e9tique naturel obtenu \u00e0 partir de l\u2019\u00e9corce de l\u2019arbre \u00ab\u00a0Sapindus mukorossi\u00a0\u00bb. Adoptez-l\u00e0 en quelques clics !\" \/>\n<meta name=\"robots\" content=\"index, follow, max-snippet:-1, max-image-preview:large, max-video-preview:-1\" \/>\n<link rel=\"canonical\" href=\"https:\/\/www.safinel.fr\/de\/product-2\/reetha-pulver\/\" \/>\n<meta property=\"og:locale\" content=\"de_DE\" \/>\n<meta property=\"og:type\" content=\"article\" \/>\n<meta property=\"og:title\" content=\"Poudre de Reetha | Cosm\u00e9tique naturel aux nombreux bienfaits\" \/>\n<meta property=\"og:description\" content=\"La poudre de Reetha est un cosm\u00e9tique naturel obtenu \u00e0 partir de l\u2019\u00e9corce de l\u2019arbre \u00ab\u00a0Sapindus mukorossi\u00a0\u00bb. Adoptez-l\u00e0 en quelques clics !\" \/>\n<meta property=\"og:url\" content=\"https:\/\/www.safinel.fr\/de\/product-2\/reetha-pulver\/\" \/>\n<meta property=\"og:site_name\" content=\"Safinel\" \/>\n<meta property=\"article:modified_time\" content=\"2024-02-23T23:34:15+00:00\" \/>\n<meta property=\"og:image\" content=\"https:\/\/www.safinel.fr\/wp-content\/uploads\/2021\/07\/reetha.jpg\" \/>\n\t<meta property=\"og:image:width\" content=\"1001\" \/>\n\t<meta property=\"og:image:height\" content=\"1001\" \/>\n\t<meta property=\"og:image:type\" content=\"image\/jpeg\" \/>\n<meta name=\"twitter:card\" content=\"summary_large_image\" \/>\n<meta name=\"twitter:label1\" content=\"Gesch\u00e4tzte Lesezeit\" \/>\n\t<meta name=\"twitter:data1\" content=\"3\u00a0Minuten\" \/>\n<script type=\"application\/ld+json\" class=\"yoast-schema-graph\">{\"@context\":\"https:\/\/schema.org\",\"@graph\":[{\"@type\":\"WebPage\",\"@id\":\"https:\/\/www.safinel.fr\/produit\/poudre-de-reetha\/\",\"url\":\"https:\/\/www.safinel.fr\/produit\/poudre-de-reetha\/\",\"name\":\"Poudre de Reetha | Cosm\u00e9tique naturel aux nombreux bienfaits\",\"isPartOf\":{\"@id\":\"https:\/\/www.safinel.fr\/#website\"},\"primaryImageOfPage\":{\"@id\":\"https:\/\/www.safinel.fr\/produit\/poudre-de-reetha\/#primaryimage\"},\"image\":{\"@id\":\"https:\/\/www.safinel.fr\/produit\/poudre-de-reetha\/#primaryimage\"},\"thumbnailUrl\":\"https:\/\/www.safinel.fr\/wp-content\/uploads\/2021\/07\/reetha.jpg\",\"datePublished\":\"2021-07-15T13:41:05+00:00\",\"dateModified\":\"2024-02-23T23:34:15+00:00\",\"description\":\"La poudre de Reetha est un cosm\u00e9tique naturel obtenu \u00e0 partir de l\u2019\u00e9corce de l\u2019arbre \u00ab\u00a0Sapindus mukorossi\u00a0\u00bb. Adoptez-l\u00e0 en quelques clics !\",\"breadcrumb\":{\"@id\":\"https:\/\/www.safinel.fr\/produit\/poudre-de-reetha\/#breadcrumb\"},\"inLanguage\":\"de\",\"potentialAction\":[{\"@type\":\"ReadAction\",\"target\":[\"https:\/\/www.safinel.fr\/produit\/poudre-de-reetha\/\"]}]},{\"@type\":\"ImageObject\",\"inLanguage\":\"de\",\"@id\":\"https:\/\/www.safinel.fr\/produit\/poudre-de-reetha\/#primaryimage\",\"url\":\"https:\/\/www.safinel.fr\/wp-content\/uploads\/2021\/07\/reetha.jpg\",\"contentUrl\":\"https:\/\/www.safinel.fr\/wp-content\/uploads\/2021\/07\/reetha.jpg\",\"width\":1001,\"height\":1001,\"caption\":\"Poudre de Reetha\"},{\"@type\":\"BreadcrumbList\",\"@id\":\"https:\/\/www.safinel.fr\/produit\/poudre-de-reetha\/#breadcrumb\",\"itemListElement\":[{\"@type\":\"ListItem\",\"position\":1,\"name\":\"Accueil\",\"item\":\"https:\/\/www.safinel.fr\/\"},{\"@type\":\"ListItem\",\"position\":2,\"name\":\"Boutique\",\"item\":\"https:\/\/www.safinel.fr\/boutique\/\"},{\"@type\":\"ListItem\",\"position\":3,\"name\":\"Poudre de reetha 100g\"}]},{\"@type\":\"WebSite\",\"@id\":\"https:\/\/www.safinel.fr\/#website\",\"url\":\"https:\/\/www.safinel.fr\/\",\"name\":\"Safinel\",\"description\":\"\",\"publisher\":{\"@id\":\"https:\/\/www.safinel.fr\/#organization\"},\"potentialAction\":[{\"@type\":\"SearchAction\",\"target\":{\"@type\":\"EntryPoint\",\"urlTemplate\":\"https:\/\/www.safinel.fr\/?s={search_term_string}\"},\"query-input\":{\"@type\":\"PropertyValueSpecification\",\"valueRequired\":true,\"valueName\":\"search_term_string\"}}],\"inLanguage\":\"de\"},{\"@type\":\"Organization\",\"@id\":\"https:\/\/www.safinel.fr\/#organization\",\"name\":\"Safinel\",\"url\":\"https:\/\/www.safinel.fr\/\",\"logo\":{\"@type\":\"ImageObject\",\"inLanguage\":\"de\",\"@id\":\"https:\/\/www.safinel.fr\/#\/schema\/logo\/image\/\",\"url\":\"https:\/\/www.safinel.fr\/wp-content\/uploads\/2021\/05\/boutique-cosmetique.png\",\"contentUrl\":\"https:\/\/www.safinel.fr\/wp-content\/uploads\/2021\/05\/boutique-cosmetique.png\",\"width\":800,\"height\":200,\"caption\":\"Safinel\"},\"image\":{\"@id\":\"https:\/\/www.safinel.fr\/#\/schema\/logo\/image\/\"}}]}<\/script>\n<!-- \/ Yoast SEO plugin. -->","yoast_head_json":{"title":"Reetha-Pulver | Naturkosmetik mit vielen Vorteilen","description":"Reetha-Pulver ist ein Naturkosmetikum, das aus der Rinde des Baumes \u00abSapindus mukorossi\u00bb gewonnen wird. Sie k\u00f6nnen es mit wenigen Klicks adoptieren!","robots":{"index":"index","follow":"follow","max-snippet":"max-snippet:-1","max-image-preview":"max-image-preview:large","max-video-preview":"max-video-preview:-1"},"canonical":"https:\/\/www.safinel.fr\/de\/product-2\/reetha-pulver\/","og_locale":"de_DE","og_type":"article","og_title":"Poudre de Reetha | Cosm\u00e9tique naturel aux nombreux bienfaits","og_description":"La poudre de Reetha est un cosm\u00e9tique naturel obtenu \u00e0 partir de l\u2019\u00e9corce de l\u2019arbre \u00ab\u00a0Sapindus mukorossi\u00a0\u00bb. Adoptez-l\u00e0 en quelques clics !","og_url":"https:\/\/www.safinel.fr\/de\/product-2\/reetha-pulver\/","og_site_name":"Safinel","article_modified_time":"2024-02-23T23:34:15+00:00","og_image":[{"width":1001,"height":1001,"url":"https:\/\/www.safinel.fr\/wp-content\/uploads\/2021\/07\/reetha.jpg","type":"image\/jpeg"}],"twitter_card":"summary_large_image","twitter_misc":{"Gesch\u00e4tzte Lesezeit":"3\u00a0Minuten"},"schema":{"@context":"https:\/\/schema.org","@graph":[{"@type":"WebPage","@id":"https:\/\/www.safinel.fr\/produit\/poudre-de-reetha\/","url":"https:\/\/www.safinel.fr\/produit\/poudre-de-reetha\/","name":"Reetha-Pulver | Naturkosmetik mit vielen Vorteilen","isPartOf":{"@id":"https:\/\/www.safinel.fr\/#website"},"primaryImageOfPage":{"@id":"https:\/\/www.safinel.fr\/produit\/poudre-de-reetha\/#primaryimage"},"image":{"@id":"https:\/\/www.safinel.fr\/produit\/poudre-de-reetha\/#primaryimage"},"thumbnailUrl":"https:\/\/www.safinel.fr\/wp-content\/uploads\/2021\/07\/reetha.jpg","datePublished":"2021-07-15T13:41:05+00:00","dateModified":"2024-02-23T23:34:15+00:00","description":"Reetha-Pulver ist ein Naturkosmetikum, das aus der Rinde des Baumes \u00abSapindus mukorossi\u00bb gewonnen wird. Sie k\u00f6nnen es mit wenigen Klicks adoptieren!","breadcrumb":{"@id":"https:\/\/www.safinel.fr\/produit\/poudre-de-reetha\/#breadcrumb"},"inLanguage":"de","potentialAction":[{"@type":"ReadAction","target":["https:\/\/www.safinel.fr\/produit\/poudre-de-reetha\/"]}]},{"@type":"ImageObject","inLanguage":"de","@id":"https:\/\/www.safinel.fr\/produit\/poudre-de-reetha\/#primaryimage","url":"https:\/\/www.safinel.fr\/wp-content\/uploads\/2021\/07\/reetha.jpg","contentUrl":"https:\/\/www.safinel.fr\/wp-content\/uploads\/2021\/07\/reetha.jpg","width":1001,"height":1001,"caption":"Poudre de Reetha"},{"@type":"BreadcrumbList","@id":"https:\/\/www.safinel.fr\/produit\/poudre-de-reetha\/#breadcrumb","itemListElement":[{"@type":"ListItem","position":1,"name":"Accueil","item":"https:\/\/www.safinel.fr\/"},{"@type":"ListItem","position":2,"name":"Boutique","item":"https:\/\/www.safinel.fr\/boutique\/"},{"@type":"ListItem","position":3,"name":"Poudre de reetha 100g"}]},{"@type":"WebSite","@id":"https:\/\/www.safinel.fr\/#website","url":"https:\/\/www.safinel.fr\/","name":"Safinel","description":"","publisher":{"@id":"https:\/\/www.safinel.fr\/#organization"},"potentialAction":[{"@type":"SearchAction","target":{"@type":"EntryPoint","urlTemplate":"https:\/\/www.safinel.fr\/?s={search_term_string}"},"query-input":{"@type":"PropertyValueSpecification","valueRequired":true,"valueName":"search_term_string"}}],"inLanguage":"de"},{"@type":"Organization","@id":"https:\/\/www.safinel.fr\/#organization","name":"Safinel","url":"https:\/\/www.safinel.fr\/","logo":{"@type":"ImageObject","inLanguage":"de","@id":"https:\/\/www.safinel.fr\/#\/schema\/logo\/image\/","url":"https:\/\/www.safinel.fr\/wp-content\/uploads\/2021\/05\/boutique-cosmetique.png","contentUrl":"https:\/\/www.safinel.fr\/wp-content\/uploads\/2021\/05\/boutique-cosmetique.png","width":800,"height":200,"caption":"Safinel"},"image":{"@id":"https:\/\/www.safinel.fr\/#\/schema\/logo\/image\/"}}]}},"_links":{"self":[{"href":"https:\/\/www.safinel.fr\/de\/wp-json\/wp\/v2\/product\/205","targetHints":{"allow":["GET"]}}],"collection":[{"href":"https:\/\/www.safinel.fr\/de\/wp-json\/wp\/v2\/product"}],"about":[{"href":"https:\/\/www.safinel.fr\/de\/wp-json\/wp\/v2\/types\/product"}],"wp:featuredmedia":[{"embeddable":true,"href":"https:\/\/www.safinel.fr\/de\/wp-json\/wp\/v2\/media\/186"}],"wp:attachment":[{"href":"https:\/\/www.safinel.fr\/de\/wp-json\/wp\/v2\/media?parent=205"}],"wp:term":[{"taxonomy":"product_brand","embeddable":true,"href":"https:\/\/www.safinel.fr\/de\/wp-json\/wp\/v2\/product_brand?post=205"},{"taxonomy":"product_cat","embeddable":true,"href":"https:\/\/www.safinel.fr\/de\/wp-json\/wp\/v2\/product_cat?post=205"},{"taxonomy":"product_tag","embeddable":true,"href":"https:\/\/www.safinel.fr\/de\/wp-json\/wp\/v2\/product_tag?post=205"}],"curies":[{"name":"wp","href":"https:\/\/api.w.org\/{rel}","templated":true}]}}