{"id":2044,"date":"2022-08-05T19:19:39","date_gmt":"2022-08-05T19:19:39","guid":{"rendered":"https:\/\/www.safinel.fr\/?post_type=product&#038;p=2044"},"modified":"2024-02-05T16:56:46","modified_gmt":"2024-02-05T16:56:46","slug":"krautertee-zur-regulierung-der-menstruation","status":"publish","type":"product","link":"https:\/\/www.safinel.fr\/de\/product-2\/krautertee-zur-regulierung-der-menstruation\/","title":{"rendered":"Menstruationsregulierender Kr\u00e4utertee 100g"},"content":{"rendered":"<p>Viele Frauen leiden unter pr\u00e4menstruellen Beschwerden, die von leicht bis schwer reichen k\u00f6nnen. Die<strong>\u00a0Kr\u00e4utertee zur Regulierung der Menstruation\u00a0<\/strong>ist ein\u00a0<strong>Naturheilmittel\u00a0<\/strong>und wirksam gegen den\u00a0<strong>pr\u00e4menstruelles Syndrom.<\/strong>\u00a0Sie eignet sich von der Pubert\u00e4t bis zur Menopause, bewahrt das Wohlbefinden w\u00e4hrend des Zyklus und lindert insbesondere Unterleibskr\u00e4mpfe.<\/p>\n<h2><strong>Menstruationsregulierender Kr\u00e4utertee: Was ist das?\u00a0<\/strong><\/h2>\n<p>Es gibt viele\u00a0<strong>Kr\u00e4utertees\u00a0<\/strong>die sich eignen f\u00fcr\u00a0<strong>pr\u00e4menstruelles Unbehagen bek\u00e4mpfen<\/strong>, von der Pubert\u00e4t bis zur Menopause. Viele dieser Tees k\u00f6nnen auch w\u00e4hrend des Zyklus verwendet werden, Bauchkr\u00e4mpfe beruhigen und helfen, das pr\u00e4menstruelle Syndrom (PMS) zu lindern.<\/p>\n<p>Unser\u00a0<strong>Safinel-Kr\u00e4utertee<\/strong>\u00a0wird Ihnen in einer 100g-Dose angeboten, die Ihnen mehrere Verwendungsm\u00f6glichkeiten bietet. Au\u00dferdem finden Sie auf unserer\u00a0<strong>Wellness-Shop<\/strong>\u00a0viele weitere nat\u00fcrliche Produkte zur Verbesserung Ihrer<strong>\u00a0Komfort w\u00e4hrend der Menorrhoe<\/strong>. Zum Beispiel\u00a0<a href=\"https:\/\/www.safinel.fr\/de\/product-2\/4-seitige-frucht-3-stuck\/\"><strong>Frucht 4 Seiten<\/strong><\/a>, am\u00a0<a href=\"https:\/\/www.safinel.fr\/de\/product-2\/monchspfeffer\/\"><strong>M\u00f6nchspfeffer<\/strong><\/a>\u00a0oder\u00a0<a href=\"https:\/\/www.safinel.fr\/de\/product-2\/gowe\/\"><strong>der Gow\u00e9<\/strong><\/a>.<\/p>\n<h2><strong>Was sind seine Vorteile?\u00a0<\/strong><\/h2>\n<p>Dieser Kr\u00e4utertee hat mehrere positive Eigenschaften:<\/p>\n<ul>\n<li>Beruhigende Wirkung<\/li>\n<li>Entz\u00fcndungshemmende Eigenschaften<\/li>\n<li>Krampfl\u00f6sende Eigenschaften<\/li>\n<li>Hilft bei der Linderung von Bauchkr\u00e4mpfen<\/li>\n<li>Die Beschwerden des pr\u00e4menstruellen Syndroms bek\u00e4mpfen<\/li>\n<li>Schmerzen reduzieren<\/li>\n<li>Hilft, die Beweglichkeit der Gelenke bei Frauen in der Menopause zu erhalten<\/li>\n<\/ul>\n<h2><strong>Wie wird dieser menstruationsregulierende Kr\u00e4utertee angewendet?\u00a0<\/strong><\/h2>\n<p>Um diese<strong>\u00a0beruhigendes Getr\u00e4nk f\u00fcr Frauen<\/strong>, :<\/p>\n<ol>\n<li>In einem ersten Schritt muss das Wasser abgekocht werden.<\/li>\n<li>Dann gie\u00dft man das Wasser \u00fcber die gew\u00fcnschte Menge an Kr\u00e4utern.<\/li>\n<li>Anschlie\u00dfend l\u00e4sst man den Tee drei bis f\u00fcnf Minuten ziehen und filtert ihn dann.<\/li>\n<li>Die\u00a0<strong>Tee<\/strong>\u00a0kann warm oder kalt verzehrt werden.<\/li>\n<\/ol>\n<p>Schlie\u00dflich ist es ratsam, die Empfehlungen auf der Packung sorgf\u00e4ltig zu befolgen. Dieses Nahrungserg\u00e4nzungsmittel sollte in Form einer Kur eingenommen werden, um seine Wirksamkeit beurteilen zu k\u00f6nnen.<\/p>\n<h3><strong>Vorsichtsma\u00dfnahmen\u00a0<\/strong><\/h3>\n<p>Beachten Sie sorgf\u00e4ltig die Anwendungshinweise auf der Produktpackung.<\/p>\n<p>Dieses Nahrungserg\u00e4nzungsmittel ist kein Ersatz f\u00fcr ein Medikament. Es ist ratsam, bei anhaltenden Symptomen einen Arzt aufzusuchen.<\/p>","protected":false},"excerpt":{"rendered":"<p>Viele Frauen leiden unter pr\u00e4menstruellen Beschwerden, die von leicht bis schwer reichen k\u00f6nnen. Der menstruationsregulierende Kr\u00e4utertee ist ein nat\u00fcrliches und wirksames Mittel gegen das pr\u00e4menstruelle Syndrom. Er eignet sich von der Pubert\u00e4t bis zur Menopause und sorgt f\u00fcr Wohlbefinden w\u00e4hrend des Zyklus, indem er insbesondere Bauchkr\u00e4mpfe lindert. Menstruationsregulierender Kr\u00e4utertee: Was ist das?  Es gibt [\u2026]","protected":false},"featured_media":2045,"template":"","meta":[],"product_brand":[],"product_cat":[19],"product_tag":[],"class_list":{"0":"post-2044","1":"product","2":"type-product","3":"status-publish","4":"has-post-thumbnail","6":"product_cat-thes-tisanes","8":"first","9":"instock","10":"shipping-taxable","11":"purchasable","12":"product-type-simple"},"yoast_head":"<!-- This site is optimized with the Yoast SEO plugin v26.6 - https:\/\/yoast.com\/wordpress\/plugins\/seo\/ -->\n<title>Tisane r\u00e9gulatrice des menstrues I Rem\u00e8de naturel\u00a0I 100g<\/title>\n<meta name=\"description\" content=\"La\u00a0tisane r\u00e9gulatrice des menstrues\u00a0est un\u00a0rem\u00e8de naturel\u00a0et efficace contre le\u00a0syndrome pr\u00e9menstruel.\u00a0Rem\u00e8de naturel\u00a0100g.\" \/>\n<meta name=\"robots\" content=\"index, follow, max-snippet:-1, max-image-preview:large, max-video-preview:-1\" \/>\n<link rel=\"canonical\" href=\"https:\/\/www.safinel.fr\/de\/product-2\/krautertee-zur-regulierung-der-menstruation\/\" \/>\n<meta property=\"og:locale\" content=\"de_DE\" \/>\n<meta property=\"og:type\" content=\"article\" \/>\n<meta property=\"og:title\" content=\"Tisane r\u00e9gulatrice des menstrues I Rem\u00e8de naturel\u00a0I 100g\" \/>\n<meta property=\"og:description\" content=\"La\u00a0tisane r\u00e9gulatrice des menstrues\u00a0est un\u00a0rem\u00e8de naturel\u00a0et efficace contre le\u00a0syndrome pr\u00e9menstruel.\u00a0Rem\u00e8de naturel\u00a0100g.\" \/>\n<meta property=\"og:url\" content=\"https:\/\/www.safinel.fr\/de\/product-2\/krautertee-zur-regulierung-der-menstruation\/\" \/>\n<meta property=\"og:site_name\" content=\"Safinel\" \/>\n<meta property=\"article:modified_time\" content=\"2024-02-05T16:56:46+00:00\" \/>\n<meta property=\"og:image\" content=\"https:\/\/www.safinel.fr\/wp-content\/uploads\/2022\/08\/tisane-regulatrice-menstrue.jpg\" \/>\n\t<meta property=\"og:image:width\" content=\"600\" \/>\n\t<meta property=\"og:image:height\" content=\"600\" \/>\n\t<meta property=\"og:image:type\" content=\"image\/jpeg\" \/>\n<meta name=\"twitter:card\" content=\"summary_large_image\" \/>\n<meta name=\"twitter:label1\" content=\"Gesch\u00e4tzte Lesezeit\" \/>\n\t<meta name=\"twitter:data1\" content=\"2\u00a0Minuten\" \/>\n<script type=\"application\/ld+json\" class=\"yoast-schema-graph\">{\"@context\":\"https:\/\/schema.org\",\"@graph\":[{\"@type\":\"WebPage\",\"@id\":\"https:\/\/www.safinel.fr\/produit\/tisane-regulatrice-des-menstrues\/\",\"url\":\"https:\/\/www.safinel.fr\/produit\/tisane-regulatrice-des-menstrues\/\",\"name\":\"Tisane r\u00e9gulatrice des menstrues I Rem\u00e8de naturel\u00a0I 100g\",\"isPartOf\":{\"@id\":\"https:\/\/www.safinel.fr\/#website\"},\"primaryImageOfPage\":{\"@id\":\"https:\/\/www.safinel.fr\/produit\/tisane-regulatrice-des-menstrues\/#primaryimage\"},\"image\":{\"@id\":\"https:\/\/www.safinel.fr\/produit\/tisane-regulatrice-des-menstrues\/#primaryimage\"},\"thumbnailUrl\":\"https:\/\/www.safinel.fr\/wp-content\/uploads\/2022\/08\/tisane-regulatrice-menstrue.jpg\",\"datePublished\":\"2022-08-05T19:19:39+00:00\",\"dateModified\":\"2024-02-05T16:56:46+00:00\",\"description\":\"La\u00a0tisane r\u00e9gulatrice des menstrues\u00a0est un\u00a0rem\u00e8de naturel\u00a0et efficace contre le\u00a0syndrome pr\u00e9menstruel.\u00a0Rem\u00e8de naturel\u00a0100g.\",\"breadcrumb\":{\"@id\":\"https:\/\/www.safinel.fr\/produit\/tisane-regulatrice-des-menstrues\/#breadcrumb\"},\"inLanguage\":\"de\",\"potentialAction\":[{\"@type\":\"ReadAction\",\"target\":[\"https:\/\/www.safinel.fr\/produit\/tisane-regulatrice-des-menstrues\/\"]}]},{\"@type\":\"ImageObject\",\"inLanguage\":\"de\",\"@id\":\"https:\/\/www.safinel.fr\/produit\/tisane-regulatrice-des-menstrues\/#primaryimage\",\"url\":\"https:\/\/www.safinel.fr\/wp-content\/uploads\/2022\/08\/tisane-regulatrice-menstrue.jpg\",\"contentUrl\":\"https:\/\/www.safinel.fr\/wp-content\/uploads\/2022\/08\/tisane-regulatrice-menstrue.jpg\",\"width\":600,\"height\":600,\"caption\":\"Tisane r\u00e9gulatrice des menstrues\"},{\"@type\":\"BreadcrumbList\",\"@id\":\"https:\/\/www.safinel.fr\/produit\/tisane-regulatrice-des-menstrues\/#breadcrumb\",\"itemListElement\":[{\"@type\":\"ListItem\",\"position\":1,\"name\":\"Accueil\",\"item\":\"https:\/\/www.safinel.fr\/\"},{\"@type\":\"ListItem\",\"position\":2,\"name\":\"Boutique\",\"item\":\"https:\/\/www.safinel.fr\/boutique\/\"},{\"@type\":\"ListItem\",\"position\":3,\"name\":\"Tisane r\u00e9gulatrice des menstrues 100g\"}]},{\"@type\":\"WebSite\",\"@id\":\"https:\/\/www.safinel.fr\/#website\",\"url\":\"https:\/\/www.safinel.fr\/\",\"name\":\"Safinel\",\"description\":\"\",\"publisher\":{\"@id\":\"https:\/\/www.safinel.fr\/#organization\"},\"potentialAction\":[{\"@type\":\"SearchAction\",\"target\":{\"@type\":\"EntryPoint\",\"urlTemplate\":\"https:\/\/www.safinel.fr\/?s={search_term_string}\"},\"query-input\":{\"@type\":\"PropertyValueSpecification\",\"valueRequired\":true,\"valueName\":\"search_term_string\"}}],\"inLanguage\":\"de\"},{\"@type\":\"Organization\",\"@id\":\"https:\/\/www.safinel.fr\/#organization\",\"name\":\"Safinel\",\"url\":\"https:\/\/www.safinel.fr\/\",\"logo\":{\"@type\":\"ImageObject\",\"inLanguage\":\"de\",\"@id\":\"https:\/\/www.safinel.fr\/#\/schema\/logo\/image\/\",\"url\":\"https:\/\/www.safinel.fr\/wp-content\/uploads\/2021\/05\/boutique-cosmetique.png\",\"contentUrl\":\"https:\/\/www.safinel.fr\/wp-content\/uploads\/2021\/05\/boutique-cosmetique.png\",\"width\":800,\"height\":200,\"caption\":\"Safinel\"},\"image\":{\"@id\":\"https:\/\/www.safinel.fr\/#\/schema\/logo\/image\/\"}}]}<\/script>\n<!-- \/ Yoast SEO plugin. -->","yoast_head_json":{"title":"Kr\u00e4utertee zur Regulierung der Menstruation I Nat\u00fcrliches Heilmittel I 100g","description":"Menstruationsregulierender Kr\u00e4utertee ist ein nat\u00fcrliches und wirksames Mittel gegen das pr\u00e4menstruelle Syndrom. Nat\u00fcrliches Heilmittel 100g.","robots":{"index":"index","follow":"follow","max-snippet":"max-snippet:-1","max-image-preview":"max-image-preview:large","max-video-preview":"max-video-preview:-1"},"canonical":"https:\/\/www.safinel.fr\/de\/product-2\/krautertee-zur-regulierung-der-menstruation\/","og_locale":"de_DE","og_type":"article","og_title":"Tisane r\u00e9gulatrice des menstrues I Rem\u00e8de naturel\u00a0I 100g","og_description":"La\u00a0tisane r\u00e9gulatrice des menstrues\u00a0est un\u00a0rem\u00e8de naturel\u00a0et efficace contre le\u00a0syndrome pr\u00e9menstruel.\u00a0Rem\u00e8de naturel\u00a0100g.","og_url":"https:\/\/www.safinel.fr\/de\/product-2\/krautertee-zur-regulierung-der-menstruation\/","og_site_name":"Safinel","article_modified_time":"2024-02-05T16:56:46+00:00","og_image":[{"width":600,"height":600,"url":"https:\/\/www.safinel.fr\/wp-content\/uploads\/2022\/08\/tisane-regulatrice-menstrue.jpg","type":"image\/jpeg"}],"twitter_card":"summary_large_image","twitter_misc":{"Gesch\u00e4tzte Lesezeit":"2\u00a0Minuten"},"schema":{"@context":"https:\/\/schema.org","@graph":[{"@type":"WebPage","@id":"https:\/\/www.safinel.fr\/produit\/tisane-regulatrice-des-menstrues\/","url":"https:\/\/www.safinel.fr\/produit\/tisane-regulatrice-des-menstrues\/","name":"Kr\u00e4utertee zur Regulierung der Menstruation I Nat\u00fcrliches Heilmittel I 100g","isPartOf":{"@id":"https:\/\/www.safinel.fr\/#website"},"primaryImageOfPage":{"@id":"https:\/\/www.safinel.fr\/produit\/tisane-regulatrice-des-menstrues\/#primaryimage"},"image":{"@id":"https:\/\/www.safinel.fr\/produit\/tisane-regulatrice-des-menstrues\/#primaryimage"},"thumbnailUrl":"https:\/\/www.safinel.fr\/wp-content\/uploads\/2022\/08\/tisane-regulatrice-menstrue.jpg","datePublished":"2022-08-05T19:19:39+00:00","dateModified":"2024-02-05T16:56:46+00:00","description":"Menstruationsregulierender Kr\u00e4utertee ist ein nat\u00fcrliches und wirksames Mittel gegen das pr\u00e4menstruelle Syndrom. Nat\u00fcrliches Heilmittel 100g.","breadcrumb":{"@id":"https:\/\/www.safinel.fr\/produit\/tisane-regulatrice-des-menstrues\/#breadcrumb"},"inLanguage":"de","potentialAction":[{"@type":"ReadAction","target":["https:\/\/www.safinel.fr\/produit\/tisane-regulatrice-des-menstrues\/"]}]},{"@type":"ImageObject","inLanguage":"de","@id":"https:\/\/www.safinel.fr\/produit\/tisane-regulatrice-des-menstrues\/#primaryimage","url":"https:\/\/www.safinel.fr\/wp-content\/uploads\/2022\/08\/tisane-regulatrice-menstrue.jpg","contentUrl":"https:\/\/www.safinel.fr\/wp-content\/uploads\/2022\/08\/tisane-regulatrice-menstrue.jpg","width":600,"height":600,"caption":"Tisane r\u00e9gulatrice des menstrues"},{"@type":"BreadcrumbList","@id":"https:\/\/www.safinel.fr\/produit\/tisane-regulatrice-des-menstrues\/#breadcrumb","itemListElement":[{"@type":"ListItem","position":1,"name":"Accueil","item":"https:\/\/www.safinel.fr\/"},{"@type":"ListItem","position":2,"name":"Boutique","item":"https:\/\/www.safinel.fr\/boutique\/"},{"@type":"ListItem","position":3,"name":"Tisane r\u00e9gulatrice des menstrues 100g"}]},{"@type":"WebSite","@id":"https:\/\/www.safinel.fr\/#website","url":"https:\/\/www.safinel.fr\/","name":"Safinel","description":"","publisher":{"@id":"https:\/\/www.safinel.fr\/#organization"},"potentialAction":[{"@type":"SearchAction","target":{"@type":"EntryPoint","urlTemplate":"https:\/\/www.safinel.fr\/?s={search_term_string}"},"query-input":{"@type":"PropertyValueSpecification","valueRequired":true,"valueName":"search_term_string"}}],"inLanguage":"de"},{"@type":"Organization","@id":"https:\/\/www.safinel.fr\/#organization","name":"Safinel","url":"https:\/\/www.safinel.fr\/","logo":{"@type":"ImageObject","inLanguage":"de","@id":"https:\/\/www.safinel.fr\/#\/schema\/logo\/image\/","url":"https:\/\/www.safinel.fr\/wp-content\/uploads\/2021\/05\/boutique-cosmetique.png","contentUrl":"https:\/\/www.safinel.fr\/wp-content\/uploads\/2021\/05\/boutique-cosmetique.png","width":800,"height":200,"caption":"Safinel"},"image":{"@id":"https:\/\/www.safinel.fr\/#\/schema\/logo\/image\/"}}]}},"_links":{"self":[{"href":"https:\/\/www.safinel.fr\/de\/wp-json\/wp\/v2\/product\/2044","targetHints":{"allow":["GET"]}}],"collection":[{"href":"https:\/\/www.safinel.fr\/de\/wp-json\/wp\/v2\/product"}],"about":[{"href":"https:\/\/www.safinel.fr\/de\/wp-json\/wp\/v2\/types\/product"}],"wp:featuredmedia":[{"embeddable":true,"href":"https:\/\/www.safinel.fr\/de\/wp-json\/wp\/v2\/media\/2045"}],"wp:attachment":[{"href":"https:\/\/www.safinel.fr\/de\/wp-json\/wp\/v2\/media?parent=2044"}],"wp:term":[{"taxonomy":"product_brand","embeddable":true,"href":"https:\/\/www.safinel.fr\/de\/wp-json\/wp\/v2\/product_brand?post=2044"},{"taxonomy":"product_cat","embeddable":true,"href":"https:\/\/www.safinel.fr\/de\/wp-json\/wp\/v2\/product_cat?post=2044"},{"taxonomy":"product_tag","embeddable":true,"href":"https:\/\/www.safinel.fr\/de\/wp-json\/wp\/v2\/product_tag?post=2044"}],"curies":[{"name":"wp","href":"https:\/\/api.w.org\/{rel}","templated":true}]}}