{"id":1998,"date":"2022-06-03T09:21:19","date_gmt":"2022-06-03T09:21:19","guid":{"rendered":"https:\/\/www.safinel.fr\/?post_type=product&#038;p=1998"},"modified":"2024-01-17T11:40:35","modified_gmt":"2024-01-17T11:40:35","slug":"blatter-der-weisen-murier","status":"publish","type":"product","link":"https:\/\/www.safinel.fr\/de\/product-2\/blatter-der-weisen-murier\/","title":{"rendered":"Getrocknete Bl\u00e4tter des wei\u00dfen Maulbeerbaums"},"content":{"rendered":"<p>Die Natur bietet eine Vielzahl von Reicht\u00fcmern, darunter auch Pflanzen mit ihren zahlreichen Vorteilen. Es gibt in der Tat eine sehr gro\u00dfe Vielfalt an Pflanzen, die zu verschiedenen Zwecken eingesetzt werden, um unterschiedliche Arten von Beschwerden zu lindern. So sind zum Beispiel die geschnittenen Bl\u00e4tter des wei\u00dfen Maulbeerbaums daf\u00fcr bekannt, in der traditionellen Medizin Wunder zu wirken. Hier also einige Informationen \u00fcber die Vorz\u00fcge von Morus Alba!<\/p>\n<h2><strong>Was ist die wei\u00dfe Maulbeere<\/strong><\/h2>\n<p>Der Wei\u00dfe Maulbeerbaum ist ein in China beheimateter Baum, der eine blassgr\u00fcne Farbe hat und daher nicht ganz wei\u00df ist. Er ist eine besondere Art der Moraceae und hat ein buschiges Aussehen, das einen wunderbaren Schatten f\u00fcr seine Umgebung darstellt. Die Bl\u00e4tter k\u00f6nnen zu einer bestimmten Jahreszeit laubabwerfend sein. Vor allem im Herbst sind sie goldgelb und \u00fcppig.<\/p>\n<p>Sie werden in der Pseudomedizin sehr h\u00e4ufig verwendet, da sie eine enorme therapeutische Wirkung haben. Es ist auch ein Baum, der ausgezeichnete s\u00fc\u00dfe Fr\u00fcchte von rosawei\u00dfer Farbe hervorbringt, die sich rot oder schwarz verf\u00e4rben k\u00f6nnen. Diese Fr\u00fcchte werden von Liebhabern in verschiedenen Regionen der Welt sehr gesch\u00e4tzt. Morus Alba ist typischerweise eine sehr robuste Art, die den Witterungsbedingungen der meisten Jahreszeiten standh\u00e4lt.<\/p>\n<p>Sie ist von Natur aus mit einer starken Winterh\u00e4rte ausgestattet durch\u00a0<strong>seine Struktur <a href=\"https:\/\/www.safinel.fr\/de\/product-2\/gourowurzeln\/\">Wurzelwerk<\/a> sehr ausgeglichen<\/strong>. So \u00fcbersteht er problemlos die Trockenheit einiger hei\u00dfer Jahreszeiten. Dieser Baum ist der bekannteste und h\u00e4ufigste Maulbeerbaum. Er kommt h\u00e4ufig in Asien, Afrika, Amerika und Europa vor.<\/p>\n<h2><strong>N\u00fctzliche Wirkungen von Morus Alba<\/strong><\/h2>\n<p>Seit Jahrtausenden ist der wei\u00dfe Maulbeerbaum daf\u00fcr bekannt, dass er die\u00a0<strong>Hauptquelle f\u00fcr den Lebensunterhalt von Seidenraupen<\/strong>. Diese physischen Vorteile machen ihn zu einem idealen Teil der nat\u00fcrlichen Kulisse einer Landschaft oder eines Gartens. Die Bl\u00e4tter dieses majest\u00e4tischen Baumes sind hervorragende Zutaten in der Pflanzenheilkunde.<\/p>\n<p>In ihrer geschnittenen Form weisen diese Exemplare viele positive Eigenschaften auf. Zun\u00e4chst einmal sind sie einer der gefragtesten Kr\u00e4utertees auf der Welt. Die regelm\u00e4\u00dfige Einnahme dieses Kr\u00e4utertees bewirkt\u00a0<strong>die Menge an Zucker im K\u00f6rper verringern und ausgleichen<\/strong>.<\/p>\n<p>In Wirklichkeit besteht dieses Material von Natur aus aus Ballaststoffen, die es zu einem hervorragenden Abf\u00fchrmittel machen, das den Blutkreislauf reguliert. Es beseitigt Krankheitserreger und f\u00f6rdert die Funktion der Verdauungsorgane. Zweitens ist Morus Alba auch f\u00fcr seine k\u00f6rperentspannenden Eigenschaften bekannt.<\/p>\n<p>Der regelm\u00e4\u00dfige Gebrauch eines Morus-Alba-Tees bewirkt n\u00e4mlich Folgendes\u00a0<strong>gegen Verspannungen und Stress ank\u00e4mpfen<\/strong>. Sie bes\u00e4nftigt und beruhigt das Nervensystem vollst\u00e4ndig. Schlie\u00dflich sind die geschnittenen Bl\u00e4tter des wei\u00dfen Maulbeerbaums daf\u00fcr bekannt, dass sie starke Antioxidantien sind, die die Wundheilung beschleunigen. Sie sind auch ein hervorragendes Mittel gegen Fieber und Herz-Kreislauf-Erkrankungen.<\/p>\n<h3><strong>Wo kann man Morus Alba finden<\/strong><\/h3>\n<p>Die Wei\u00dfe Maulbeere ist eine Pflanze, die auf vielen verschiedenen Bodenarten \u00fcberleben kann. Es wird jedoch dringend empfohlen, die Pflanze in Weinbergen oder G\u00e4rten mit fruchtbaren B\u00f6den anzubauen. Es gibt heute mehrere M\u00f6glichkeiten, wie Sie an diese Wunderzutat gelangen k\u00f6nnen.<\/p>\n<p>Einerseits gibt es\u00a0<strong>Fachseiten<\/strong>\u00a0die Sie idealerweise mit bereits geschnittenen Bl\u00e4ttern des Wei\u00dfen Maulbeerbaums versorgen k\u00f6nnen. Andererseits k\u00f6nnen Sie in professionellen und anerkannten Kr\u00e4uterl\u00e4den Ihre Bestellung aufgeben.<\/p>\n<p>Morus Alba stellt dann eine legend\u00e4re Pflanze dar, die mit einer Vielzahl von Funktionen ausgestattet ist. Er ist ein hervorragendes Mittel zur Erhaltung der Gesundheit und des Wohlbefindens.<\/p>","protected":false},"excerpt":{"rendered":"<p>Die Natur bietet eine Vielzahl von Sch\u00e4tzen, darunter Pflanzen mit ihren zahlreichen wohltuenden Eigenschaften. Tats\u00e4chlich gibt es eine gro\u00dfe Vielfalt an Pflanzen, die f\u00fcr verschiedene Zwecke zur Linderung unterschiedlicher Beschwerden eingesetzt werden. So sind beispielsweise die geschnittenen Bl\u00e4tter der wei\u00dfen Maulbeere daf\u00fcr bekannt, dass sie in der traditionellen Medizin Wunder wirken. Hier sind einige [\u2026]","protected":false},"featured_media":1999,"template":"","meta":[],"product_brand":[],"product_cat":[27],"product_tag":[],"class_list":{"0":"post-1998","1":"product","2":"type-product","3":"status-publish","4":"has-post-thumbnail","6":"product_cat-plantes-medicinales","8":"first","9":"instock","10":"shipping-taxable","11":"purchasable","12":"product-type-variable"},"yoast_head":"<!-- This site is optimized with the Yoast SEO plugin v26.6 - https:\/\/yoast.com\/wordpress\/plugins\/seo\/ -->\n<title>M\u00fbrier blanc (Morus Alba) I Achat de feuilles de m\u00fbrier blanc<\/title>\n<meta name=\"description\" content=\"Les feuilles coup\u00e9es de m\u00fbrier blanc sont connues pour faire des merveilles dans la m\u00e9decine traditionnelle. D\u00e9couvrez notre s\u00e9lection !\" \/>\n<meta name=\"robots\" content=\"index, follow, max-snippet:-1, max-image-preview:large, max-video-preview:-1\" \/>\n<link rel=\"canonical\" href=\"https:\/\/www.safinel.fr\/de\/product-2\/blatter-der-weisen-murier\/\" \/>\n<meta property=\"og:locale\" content=\"de_DE\" \/>\n<meta property=\"og:type\" content=\"article\" \/>\n<meta property=\"og:title\" content=\"M\u00fbrier blanc (Morus Alba) I Achat de feuilles de m\u00fbrier blanc\" \/>\n<meta property=\"og:description\" content=\"Les feuilles coup\u00e9es de m\u00fbrier blanc sont connues pour faire des merveilles dans la m\u00e9decine traditionnelle. D\u00e9couvrez notre s\u00e9lection !\" \/>\n<meta property=\"og:url\" content=\"https:\/\/www.safinel.fr\/de\/product-2\/blatter-der-weisen-murier\/\" \/>\n<meta property=\"og:site_name\" content=\"Safinel\" \/>\n<meta property=\"article:modified_time\" content=\"2024-01-17T11:40:35+00:00\" \/>\n<meta property=\"og:image\" content=\"https:\/\/www.safinel.fr\/wp-content\/uploads\/2022\/08\/feuilles-de-murier-blanc.jpg\" \/>\n\t<meta property=\"og:image:width\" content=\"600\" \/>\n\t<meta property=\"og:image:height\" content=\"600\" \/>\n\t<meta property=\"og:image:type\" content=\"image\/jpeg\" \/>\n<meta name=\"twitter:card\" content=\"summary_large_image\" \/>\n<meta name=\"twitter:label1\" content=\"Gesch\u00e4tzte Lesezeit\" \/>\n\t<meta name=\"twitter:data1\" content=\"3\u00a0Minuten\" \/>\n<script type=\"application\/ld+json\" class=\"yoast-schema-graph\">{\"@context\":\"https:\/\/schema.org\",\"@graph\":[{\"@type\":\"WebPage\",\"@id\":\"https:\/\/www.safinel.fr\/produit\/feuilles-de-murier-blanc\/\",\"url\":\"https:\/\/www.safinel.fr\/produit\/feuilles-de-murier-blanc\/\",\"name\":\"M\u00fbrier blanc (Morus Alba) I Achat de feuilles de m\u00fbrier blanc\",\"isPartOf\":{\"@id\":\"https:\/\/www.safinel.fr\/#website\"},\"primaryImageOfPage\":{\"@id\":\"https:\/\/www.safinel.fr\/produit\/feuilles-de-murier-blanc\/#primaryimage\"},\"image\":{\"@id\":\"https:\/\/www.safinel.fr\/produit\/feuilles-de-murier-blanc\/#primaryimage\"},\"thumbnailUrl\":\"https:\/\/www.safinel.fr\/wp-content\/uploads\/2022\/08\/feuilles-de-murier-blanc.jpg\",\"datePublished\":\"2022-06-03T09:21:19+00:00\",\"dateModified\":\"2024-01-17T11:40:35+00:00\",\"description\":\"Les feuilles coup\u00e9es de m\u00fbrier blanc sont connues pour faire des merveilles dans la m\u00e9decine traditionnelle. D\u00e9couvrez notre s\u00e9lection !\",\"breadcrumb\":{\"@id\":\"https:\/\/www.safinel.fr\/produit\/feuilles-de-murier-blanc\/#breadcrumb\"},\"inLanguage\":\"de\",\"potentialAction\":[{\"@type\":\"ReadAction\",\"target\":[\"https:\/\/www.safinel.fr\/produit\/feuilles-de-murier-blanc\/\"]}]},{\"@type\":\"ImageObject\",\"inLanguage\":\"de\",\"@id\":\"https:\/\/www.safinel.fr\/produit\/feuilles-de-murier-blanc\/#primaryimage\",\"url\":\"https:\/\/www.safinel.fr\/wp-content\/uploads\/2022\/08\/feuilles-de-murier-blanc.jpg\",\"contentUrl\":\"https:\/\/www.safinel.fr\/wp-content\/uploads\/2022\/08\/feuilles-de-murier-blanc.jpg\",\"width\":600,\"height\":600,\"caption\":\"Feuilles de m\u00fbrier blanc s\u00e9ch\u00e9es\"},{\"@type\":\"BreadcrumbList\",\"@id\":\"https:\/\/www.safinel.fr\/produit\/feuilles-de-murier-blanc\/#breadcrumb\",\"itemListElement\":[{\"@type\":\"ListItem\",\"position\":1,\"name\":\"Accueil\",\"item\":\"https:\/\/www.safinel.fr\/\"},{\"@type\":\"ListItem\",\"position\":2,\"name\":\"Boutique\",\"item\":\"https:\/\/www.safinel.fr\/boutique\/\"},{\"@type\":\"ListItem\",\"position\":3,\"name\":\"Feuilles de m\u00fbrier blanc s\u00e9ch\u00e9es\"}]},{\"@type\":\"WebSite\",\"@id\":\"https:\/\/www.safinel.fr\/#website\",\"url\":\"https:\/\/www.safinel.fr\/\",\"name\":\"Safinel\",\"description\":\"\",\"publisher\":{\"@id\":\"https:\/\/www.safinel.fr\/#organization\"},\"potentialAction\":[{\"@type\":\"SearchAction\",\"target\":{\"@type\":\"EntryPoint\",\"urlTemplate\":\"https:\/\/www.safinel.fr\/?s={search_term_string}\"},\"query-input\":{\"@type\":\"PropertyValueSpecification\",\"valueRequired\":true,\"valueName\":\"search_term_string\"}}],\"inLanguage\":\"de\"},{\"@type\":\"Organization\",\"@id\":\"https:\/\/www.safinel.fr\/#organization\",\"name\":\"Safinel\",\"url\":\"https:\/\/www.safinel.fr\/\",\"logo\":{\"@type\":\"ImageObject\",\"inLanguage\":\"de\",\"@id\":\"https:\/\/www.safinel.fr\/#\/schema\/logo\/image\/\",\"url\":\"https:\/\/www.safinel.fr\/wp-content\/uploads\/2021\/05\/boutique-cosmetique.png\",\"contentUrl\":\"https:\/\/www.safinel.fr\/wp-content\/uploads\/2021\/05\/boutique-cosmetique.png\",\"width\":800,\"height\":200,\"caption\":\"Safinel\"},\"image\":{\"@id\":\"https:\/\/www.safinel.fr\/#\/schema\/logo\/image\/\"}}]}<\/script>\n<!-- \/ Yoast SEO plugin. -->","yoast_head_json":{"title":"Wei\u00dfe Maulbeere (Morus Alba) I Kauf von Bl\u00e4ttern der Wei\u00dfen Maulbeere","description":"Die geschnittenen Bl\u00e4tter des wei\u00dfen Maulbeerbaums sind daf\u00fcr bekannt, dass sie in der traditionellen Medizin Wunder bewirken. Entdecken Sie unsere Auswahl!","robots":{"index":"index","follow":"follow","max-snippet":"max-snippet:-1","max-image-preview":"max-image-preview:large","max-video-preview":"max-video-preview:-1"},"canonical":"https:\/\/www.safinel.fr\/de\/product-2\/blatter-der-weisen-murier\/","og_locale":"de_DE","og_type":"article","og_title":"M\u00fbrier blanc (Morus Alba) I Achat de feuilles de m\u00fbrier blanc","og_description":"Les feuilles coup\u00e9es de m\u00fbrier blanc sont connues pour faire des merveilles dans la m\u00e9decine traditionnelle. D\u00e9couvrez notre s\u00e9lection !","og_url":"https:\/\/www.safinel.fr\/de\/product-2\/blatter-der-weisen-murier\/","og_site_name":"Safinel","article_modified_time":"2024-01-17T11:40:35+00:00","og_image":[{"width":600,"height":600,"url":"https:\/\/www.safinel.fr\/wp-content\/uploads\/2022\/08\/feuilles-de-murier-blanc.jpg","type":"image\/jpeg"}],"twitter_card":"summary_large_image","twitter_misc":{"Gesch\u00e4tzte Lesezeit":"3\u00a0Minuten"},"schema":{"@context":"https:\/\/schema.org","@graph":[{"@type":"WebPage","@id":"https:\/\/www.safinel.fr\/produit\/feuilles-de-murier-blanc\/","url":"https:\/\/www.safinel.fr\/produit\/feuilles-de-murier-blanc\/","name":"Wei\u00dfe Maulbeere (Morus Alba) I Kauf von Bl\u00e4ttern der Wei\u00dfen Maulbeere","isPartOf":{"@id":"https:\/\/www.safinel.fr\/#website"},"primaryImageOfPage":{"@id":"https:\/\/www.safinel.fr\/produit\/feuilles-de-murier-blanc\/#primaryimage"},"image":{"@id":"https:\/\/www.safinel.fr\/produit\/feuilles-de-murier-blanc\/#primaryimage"},"thumbnailUrl":"https:\/\/www.safinel.fr\/wp-content\/uploads\/2022\/08\/feuilles-de-murier-blanc.jpg","datePublished":"2022-06-03T09:21:19+00:00","dateModified":"2024-01-17T11:40:35+00:00","description":"Die geschnittenen Bl\u00e4tter des wei\u00dfen Maulbeerbaums sind daf\u00fcr bekannt, dass sie in der traditionellen Medizin Wunder bewirken. Entdecken Sie unsere Auswahl!","breadcrumb":{"@id":"https:\/\/www.safinel.fr\/produit\/feuilles-de-murier-blanc\/#breadcrumb"},"inLanguage":"de","potentialAction":[{"@type":"ReadAction","target":["https:\/\/www.safinel.fr\/produit\/feuilles-de-murier-blanc\/"]}]},{"@type":"ImageObject","inLanguage":"de","@id":"https:\/\/www.safinel.fr\/produit\/feuilles-de-murier-blanc\/#primaryimage","url":"https:\/\/www.safinel.fr\/wp-content\/uploads\/2022\/08\/feuilles-de-murier-blanc.jpg","contentUrl":"https:\/\/www.safinel.fr\/wp-content\/uploads\/2022\/08\/feuilles-de-murier-blanc.jpg","width":600,"height":600,"caption":"Feuilles de m\u00fbrier blanc s\u00e9ch\u00e9es"},{"@type":"BreadcrumbList","@id":"https:\/\/www.safinel.fr\/produit\/feuilles-de-murier-blanc\/#breadcrumb","itemListElement":[{"@type":"ListItem","position":1,"name":"Accueil","item":"https:\/\/www.safinel.fr\/"},{"@type":"ListItem","position":2,"name":"Boutique","item":"https:\/\/www.safinel.fr\/boutique\/"},{"@type":"ListItem","position":3,"name":"Feuilles de m\u00fbrier blanc s\u00e9ch\u00e9es"}]},{"@type":"WebSite","@id":"https:\/\/www.safinel.fr\/#website","url":"https:\/\/www.safinel.fr\/","name":"Safinel","description":"","publisher":{"@id":"https:\/\/www.safinel.fr\/#organization"},"potentialAction":[{"@type":"SearchAction","target":{"@type":"EntryPoint","urlTemplate":"https:\/\/www.safinel.fr\/?s={search_term_string}"},"query-input":{"@type":"PropertyValueSpecification","valueRequired":true,"valueName":"search_term_string"}}],"inLanguage":"de"},{"@type":"Organization","@id":"https:\/\/www.safinel.fr\/#organization","name":"Safinel","url":"https:\/\/www.safinel.fr\/","logo":{"@type":"ImageObject","inLanguage":"de","@id":"https:\/\/www.safinel.fr\/#\/schema\/logo\/image\/","url":"https:\/\/www.safinel.fr\/wp-content\/uploads\/2021\/05\/boutique-cosmetique.png","contentUrl":"https:\/\/www.safinel.fr\/wp-content\/uploads\/2021\/05\/boutique-cosmetique.png","width":800,"height":200,"caption":"Safinel"},"image":{"@id":"https:\/\/www.safinel.fr\/#\/schema\/logo\/image\/"}}]}},"_links":{"self":[{"href":"https:\/\/www.safinel.fr\/de\/wp-json\/wp\/v2\/product\/1998","targetHints":{"allow":["GET"]}}],"collection":[{"href":"https:\/\/www.safinel.fr\/de\/wp-json\/wp\/v2\/product"}],"about":[{"href":"https:\/\/www.safinel.fr\/de\/wp-json\/wp\/v2\/types\/product"}],"wp:featuredmedia":[{"embeddable":true,"href":"https:\/\/www.safinel.fr\/de\/wp-json\/wp\/v2\/media\/1999"}],"wp:attachment":[{"href":"https:\/\/www.safinel.fr\/de\/wp-json\/wp\/v2\/media?parent=1998"}],"wp:term":[{"taxonomy":"product_brand","embeddable":true,"href":"https:\/\/www.safinel.fr\/de\/wp-json\/wp\/v2\/product_brand?post=1998"},{"taxonomy":"product_cat","embeddable":true,"href":"https:\/\/www.safinel.fr\/de\/wp-json\/wp\/v2\/product_cat?post=1998"},{"taxonomy":"product_tag","embeddable":true,"href":"https:\/\/www.safinel.fr\/de\/wp-json\/wp\/v2\/product_tag?post=1998"}],"curies":[{"name":"wp","href":"https:\/\/api.w.org\/{rel}","templated":true}]}}