{"id":1975,"date":"2022-05-29T15:02:13","date_gmt":"2022-05-29T15:02:13","guid":{"rendered":"https:\/\/www.safinel.fr\/?post_type=product&#038;p=1975"},"modified":"2024-06-16T07:38:07","modified_gmt":"2024-06-16T07:38:07","slug":"augentrost-euphrasia-officinalis","status":"publish","type":"product","link":"https:\/\/www.safinel.fr\/de\/product-2\/augentrost-euphrasia-officinalis\/","title":{"rendered":"Augentrost (Euphrasia officinalis)"},"content":{"rendered":"<p>Der Augentrost ist eine kleine parasit\u00e4re Pflanze, die meist auf Wiesen w\u00e4chst. Er wird seit dem Mittelalter verwendet und ist f\u00fcr seine zahlreichen positiven Auswirkungen auf die Gesundheit bekannt. Tats\u00e4chlich ist Augentrost entz\u00fcndungshemmend, antiseptisch und antibakteriell. Um Ihnen dies zu veranschaulichen, sind hier die wichtigsten Vorteile dieser Pflanze aufgef\u00fchrt.<\/p>\n<h2><strong>Linderung der Symptome von Augenerkrankungen<\/strong><\/h2>\n<p>Augentrost wird haupts\u00e4chlich zur Linderung der Symptome von Augenerkrankungen verwendet. Dazu geh\u00f6ren zun\u00e4chst leichte Entz\u00fcndungen der Bindehaut und der Augenlider. Sie k\u00f6nnen es auch zur Behandlung von m\u00fcden und tr\u00e4nenden Augen verwenden.<\/p>\n<p>Andererseits hilft Augentrost bei Gerstenk\u00f6rnern und trockenen Augen. Dasselbe gilt f\u00fcr dicken oder reizenden Ausfluss. Die Pflanze hat auch eine therapeutische Wirkung bei Iritis oder Ptosis, die sich durch erschlaffte Augenlider \u00e4u\u00dfert.<\/p>\n<p>Schlie\u00dflich hilft Augentrost auch bei Brennen oder geschwollenen Augenlidern. Dies gilt auch f\u00fcr das Gef\u00fchl, einen Fremdk\u00f6rper im Auge zu haben. Schlie\u00dflich kann Euphrasia auch bei Lichtempfindlichkeit, auch Photophobie genannt, helfen.<\/p>\n<h2><strong>Weitere Vorteile von Augentrost<\/strong><\/h2>\n<p>Abgesehen von den oben genannten Vorteilen hat Augentrost noch eine Reihe weiterer Vorteile. So kann er z. B. zur Linderung von Symptomen wie <a href=\"https:\/\/www.safinel.fr\/de\/product-2\/daghmous-honig\/\"><strong>Husten<\/strong><\/a> und Heiserkeit zu lindern. Sie k\u00f6nnen ihn auch zur Linderung von Sinusitis und einer laufenden Nase verwenden. Augentrost kann auch zur Anregung der Verdauung verwendet werden. Die Pflanze ist also ein nat\u00fcrliches Heilmittel, auf das Sie bei Verdauungsproblemen zur\u00fcckgreifen k\u00f6nnen.<\/p>\n<p>Um die Vorteile des Augentrosts voll aussch\u00f6pfen zu k\u00f6nnen, m\u00fcssen Sie ihn jedoch richtig anwenden. Deshalb ist es wichtig zu wissen, wie Sie das tun k\u00f6nnen.<\/p>\n<h2><strong>Die Verwendung von Augentrost<\/strong><\/h2>\n<p>Augentrost wird in der Regel in getrockneter Form verwendet. Daher gibt es zwei Hauptalternativen. Diese sind zum einen der Tee und zum anderen die \u00e4u\u00dferliche Anwendung.<\/p>\n<p>Als Aufguss m\u00fcssen Sie zun\u00e4chst eine Tasse Wasser zum Kochen bringen. Sobald es kocht, geben Sie einen Essl\u00f6ffel der geschnittenen Pflanze zum Aufguss hinein. Dann lassen Sie den Tee etwa zehn Minuten lang ziehen. Am Ende erhalten Sie einen Kr\u00e4utertee. Es wird empfohlen, t\u00e4glich 2 bis 3 Tassen davon zu trinken. Es ist angebracht, Sie davor zu warnen, dass dieses Getr\u00e4nk einen starken und bitteren Geschmack hat.<\/p>\n<p>Bei der \u00e4u\u00dferlichen Anwendung hingegen wird es darum gehen, mehrmals t\u00e4glich Kompressen aufzulegen oder Augenb\u00e4der zu machen. Sie werden die Augentropfen mit einem Brillenaufsatz in den Bindehautsack des Auges einbringen. Dies wird etwa zwei bis drei Mal am Tag geschehen.<\/p>\n<p>Um eine laufende Nase und Heuschnupfen zu behandeln, m\u00fcssen Sie nur Ihre Nasenl\u00f6cher mit Augentrost reinigen. Am wirksamsten ist es, wenn Sie ihn mit getrocknetem Sanddorn kombinieren. Letzterer hilft bei pathologischem und chronischem Ausfluss.<\/p>\n<h3><strong>Schlussfolgerung<\/strong><\/h3>\n<p>Alles in allem sollten Sie sich merken, dass Augentrost viele gesundheitliche Vorteile hat. Das liegt an seinen schmerzstillenden, antibiotischen und entz\u00fcndungshemmenden Eigenschaften. Er hilft, die Symptome von Augenerkrankungen zu lindern. Sie k\u00f6nnen sie auch zur Behandlung von Husten, Sinusitis und einer laufenden Nase verwenden. Befolgen Sie dazu einfach das oben erl\u00e4uterte Verfahren.<\/p>","protected":false},"excerpt":{"rendered":"<p>Petite plante parasite, l\u2019euphraise pousse g\u00e9n\u00e9ralement dans les pr\u00e9s. Elle est utilis\u00e9e depuis le Moyen-\u00c2ge et est r\u00e9put\u00e9e pour ses nombreux effets b\u00e9n\u00e9fiques sur la sant\u00e9. En r\u00e9alit\u00e9, l\u2019euphraise est \u00e0 la fois un anti-inflammatoire, un antiseptique et un antibact\u00e9rien. Pour vous l\u2019illustrer, voici les principaux bienfaits de cette plante. L\u2019apaisement des sympt\u00f4mes des maladies [&#8230;]","protected":false},"featured_media":1979,"template":"","meta":[],"product_brand":[],"product_cat":[27],"product_tag":[],"class_list":{"0":"post-1975","1":"product","2":"type-product","3":"status-publish","4":"has-post-thumbnail","6":"product_cat-plantes-medicinales","8":"first","9":"instock","10":"shipping-taxable","11":"purchasable","12":"product-type-variable"},"yoast_head":"<!-- This site is optimized with the Yoast SEO plugin v26.6 - https:\/\/yoast.com\/wordpress\/plugins\/seo\/ -->\n<title>Euphraise (Euphrasia officinalis) I Plante aux bienfaits nombreux<\/title>\n<meta name=\"description\" content=\"Petite plante parasite, l\u2019euphraise pousse g\u00e9n\u00e9ralement dans les pr\u00e9s. Elle est utilis\u00e9e depuis le Moyen-\u00c2ge et est r\u00e9put\u00e9e pour ses effets b\u00e9n\u00e9fiques.\" \/>\n<meta name=\"robots\" content=\"index, follow, max-snippet:-1, max-image-preview:large, max-video-preview:-1\" \/>\n<link rel=\"canonical\" href=\"https:\/\/www.safinel.fr\/de\/product-2\/augentrost-euphrasia-officinalis\/\" \/>\n<meta property=\"og:locale\" content=\"de_DE\" \/>\n<meta property=\"og:type\" content=\"article\" \/>\n<meta property=\"og:title\" content=\"Euphraise (Euphrasia officinalis) I Plante aux bienfaits nombreux\" \/>\n<meta property=\"og:description\" content=\"Petite plante parasite, l\u2019euphraise pousse g\u00e9n\u00e9ralement dans les pr\u00e9s. Elle est utilis\u00e9e depuis le Moyen-\u00c2ge et est r\u00e9put\u00e9e pour ses effets b\u00e9n\u00e9fiques.\" \/>\n<meta property=\"og:url\" content=\"https:\/\/www.safinel.fr\/de\/product-2\/augentrost-euphrasia-officinalis\/\" \/>\n<meta property=\"og:site_name\" content=\"Safinel\" \/>\n<meta property=\"article:modified_time\" content=\"2024-06-16T07:38:07+00:00\" \/>\n<meta property=\"og:image\" content=\"https:\/\/www.safinel.fr\/wp-content\/uploads\/2022\/07\/les-bienfaits-de-l-euphraise.jpg\" \/>\n\t<meta property=\"og:image:width\" content=\"600\" \/>\n\t<meta property=\"og:image:height\" content=\"600\" \/>\n\t<meta property=\"og:image:type\" content=\"image\/jpeg\" \/>\n<meta name=\"twitter:card\" content=\"summary_large_image\" \/>\n<meta name=\"twitter:label1\" content=\"Gesch\u00e4tzte Lesezeit\" \/>\n\t<meta name=\"twitter:data1\" content=\"3\u00a0Minuten\" \/>\n<script type=\"application\/ld+json\" class=\"yoast-schema-graph\">{\"@context\":\"https:\/\/schema.org\",\"@graph\":[{\"@type\":\"WebPage\",\"@id\":\"https:\/\/www.safinel.fr\/produit\/euphraise-euphrasia-officinalis\/\",\"url\":\"https:\/\/www.safinel.fr\/produit\/euphraise-euphrasia-officinalis\/\",\"name\":\"Euphraise (Euphrasia officinalis) I Plante aux bienfaits nombreux\",\"isPartOf\":{\"@id\":\"https:\/\/www.safinel.fr\/#website\"},\"primaryImageOfPage\":{\"@id\":\"https:\/\/www.safinel.fr\/produit\/euphraise-euphrasia-officinalis\/#primaryimage\"},\"image\":{\"@id\":\"https:\/\/www.safinel.fr\/produit\/euphraise-euphrasia-officinalis\/#primaryimage\"},\"thumbnailUrl\":\"https:\/\/www.safinel.fr\/wp-content\/uploads\/2022\/07\/les-bienfaits-de-l-euphraise.jpg\",\"datePublished\":\"2022-05-29T15:02:13+00:00\",\"dateModified\":\"2024-06-16T07:38:07+00:00\",\"description\":\"Petite plante parasite, l\u2019euphraise pousse g\u00e9n\u00e9ralement dans les pr\u00e9s. Elle est utilis\u00e9e depuis le Moyen-\u00c2ge et est r\u00e9put\u00e9e pour ses effets b\u00e9n\u00e9fiques.\",\"breadcrumb\":{\"@id\":\"https:\/\/www.safinel.fr\/produit\/euphraise-euphrasia-officinalis\/#breadcrumb\"},\"inLanguage\":\"de\",\"potentialAction\":[{\"@type\":\"ReadAction\",\"target\":[\"https:\/\/www.safinel.fr\/produit\/euphraise-euphrasia-officinalis\/\"]}]},{\"@type\":\"ImageObject\",\"inLanguage\":\"de\",\"@id\":\"https:\/\/www.safinel.fr\/produit\/euphraise-euphrasia-officinalis\/#primaryimage\",\"url\":\"https:\/\/www.safinel.fr\/wp-content\/uploads\/2022\/07\/les-bienfaits-de-l-euphraise.jpg\",\"contentUrl\":\"https:\/\/www.safinel.fr\/wp-content\/uploads\/2022\/07\/les-bienfaits-de-l-euphraise.jpg\",\"width\":600,\"height\":600,\"caption\":\"Euphraise\"},{\"@type\":\"BreadcrumbList\",\"@id\":\"https:\/\/www.safinel.fr\/produit\/euphraise-euphrasia-officinalis\/#breadcrumb\",\"itemListElement\":[{\"@type\":\"ListItem\",\"position\":1,\"name\":\"Accueil\",\"item\":\"https:\/\/www.safinel.fr\/\"},{\"@type\":\"ListItem\",\"position\":2,\"name\":\"Boutique\",\"item\":\"https:\/\/www.safinel.fr\/boutique\/\"},{\"@type\":\"ListItem\",\"position\":3,\"name\":\"Euphraise (Euphrasia officinalis)\"}]},{\"@type\":\"WebSite\",\"@id\":\"https:\/\/www.safinel.fr\/#website\",\"url\":\"https:\/\/www.safinel.fr\/\",\"name\":\"Safinel\",\"description\":\"\",\"publisher\":{\"@id\":\"https:\/\/www.safinel.fr\/#organization\"},\"potentialAction\":[{\"@type\":\"SearchAction\",\"target\":{\"@type\":\"EntryPoint\",\"urlTemplate\":\"https:\/\/www.safinel.fr\/?s={search_term_string}\"},\"query-input\":{\"@type\":\"PropertyValueSpecification\",\"valueRequired\":true,\"valueName\":\"search_term_string\"}}],\"inLanguage\":\"de\"},{\"@type\":\"Organization\",\"@id\":\"https:\/\/www.safinel.fr\/#organization\",\"name\":\"Safinel\",\"url\":\"https:\/\/www.safinel.fr\/\",\"logo\":{\"@type\":\"ImageObject\",\"inLanguage\":\"de\",\"@id\":\"https:\/\/www.safinel.fr\/#\/schema\/logo\/image\/\",\"url\":\"https:\/\/www.safinel.fr\/wp-content\/uploads\/2021\/05\/boutique-cosmetique.png\",\"contentUrl\":\"https:\/\/www.safinel.fr\/wp-content\/uploads\/2021\/05\/boutique-cosmetique.png\",\"width\":800,\"height\":200,\"caption\":\"Safinel\"},\"image\":{\"@id\":\"https:\/\/www.safinel.fr\/#\/schema\/logo\/image\/\"}}]}<\/script>\n<!-- \/ Yoast SEO plugin. -->","yoast_head_json":{"title":"Augentrost (Euphrasia officinalis) I Pflanze mit vielen Vorteilen","description":"Der Augentrost ist eine kleine parasit\u00e4re Pflanze, die meist auf Wiesen w\u00e4chst. Sie wird seit dem Mittelalter verwendet und ist f\u00fcr ihre wohltuende Wirkung bekannt.","robots":{"index":"index","follow":"follow","max-snippet":"max-snippet:-1","max-image-preview":"max-image-preview:large","max-video-preview":"max-video-preview:-1"},"canonical":"https:\/\/www.safinel.fr\/de\/product-2\/augentrost-euphrasia-officinalis\/","og_locale":"de_DE","og_type":"article","og_title":"Euphraise (Euphrasia officinalis) I Plante aux bienfaits nombreux","og_description":"Petite plante parasite, l\u2019euphraise pousse g\u00e9n\u00e9ralement dans les pr\u00e9s. Elle est utilis\u00e9e depuis le Moyen-\u00c2ge et est r\u00e9put\u00e9e pour ses effets b\u00e9n\u00e9fiques.","og_url":"https:\/\/www.safinel.fr\/de\/product-2\/augentrost-euphrasia-officinalis\/","og_site_name":"Safinel","article_modified_time":"2024-06-16T07:38:07+00:00","og_image":[{"width":600,"height":600,"url":"https:\/\/www.safinel.fr\/wp-content\/uploads\/2022\/07\/les-bienfaits-de-l-euphraise.jpg","type":"image\/jpeg"}],"twitter_card":"summary_large_image","twitter_misc":{"Gesch\u00e4tzte Lesezeit":"3\u00a0Minuten"},"schema":{"@context":"https:\/\/schema.org","@graph":[{"@type":"WebPage","@id":"https:\/\/www.safinel.fr\/produit\/euphraise-euphrasia-officinalis\/","url":"https:\/\/www.safinel.fr\/produit\/euphraise-euphrasia-officinalis\/","name":"Augentrost (Euphrasia officinalis) I Pflanze mit vielen Vorteilen","isPartOf":{"@id":"https:\/\/www.safinel.fr\/#website"},"primaryImageOfPage":{"@id":"https:\/\/www.safinel.fr\/produit\/euphraise-euphrasia-officinalis\/#primaryimage"},"image":{"@id":"https:\/\/www.safinel.fr\/produit\/euphraise-euphrasia-officinalis\/#primaryimage"},"thumbnailUrl":"https:\/\/www.safinel.fr\/wp-content\/uploads\/2022\/07\/les-bienfaits-de-l-euphraise.jpg","datePublished":"2022-05-29T15:02:13+00:00","dateModified":"2024-06-16T07:38:07+00:00","description":"Der Augentrost ist eine kleine parasit\u00e4re Pflanze, die meist auf Wiesen w\u00e4chst. Sie wird seit dem Mittelalter verwendet und ist f\u00fcr ihre wohltuende Wirkung bekannt.","breadcrumb":{"@id":"https:\/\/www.safinel.fr\/produit\/euphraise-euphrasia-officinalis\/#breadcrumb"},"inLanguage":"de","potentialAction":[{"@type":"ReadAction","target":["https:\/\/www.safinel.fr\/produit\/euphraise-euphrasia-officinalis\/"]}]},{"@type":"ImageObject","inLanguage":"de","@id":"https:\/\/www.safinel.fr\/produit\/euphraise-euphrasia-officinalis\/#primaryimage","url":"https:\/\/www.safinel.fr\/wp-content\/uploads\/2022\/07\/les-bienfaits-de-l-euphraise.jpg","contentUrl":"https:\/\/www.safinel.fr\/wp-content\/uploads\/2022\/07\/les-bienfaits-de-l-euphraise.jpg","width":600,"height":600,"caption":"Euphraise"},{"@type":"BreadcrumbList","@id":"https:\/\/www.safinel.fr\/produit\/euphraise-euphrasia-officinalis\/#breadcrumb","itemListElement":[{"@type":"ListItem","position":1,"name":"Accueil","item":"https:\/\/www.safinel.fr\/"},{"@type":"ListItem","position":2,"name":"Boutique","item":"https:\/\/www.safinel.fr\/boutique\/"},{"@type":"ListItem","position":3,"name":"Euphraise (Euphrasia officinalis)"}]},{"@type":"WebSite","@id":"https:\/\/www.safinel.fr\/#website","url":"https:\/\/www.safinel.fr\/","name":"Safinel","description":"","publisher":{"@id":"https:\/\/www.safinel.fr\/#organization"},"potentialAction":[{"@type":"SearchAction","target":{"@type":"EntryPoint","urlTemplate":"https:\/\/www.safinel.fr\/?s={search_term_string}"},"query-input":{"@type":"PropertyValueSpecification","valueRequired":true,"valueName":"search_term_string"}}],"inLanguage":"de"},{"@type":"Organization","@id":"https:\/\/www.safinel.fr\/#organization","name":"Safinel","url":"https:\/\/www.safinel.fr\/","logo":{"@type":"ImageObject","inLanguage":"de","@id":"https:\/\/www.safinel.fr\/#\/schema\/logo\/image\/","url":"https:\/\/www.safinel.fr\/wp-content\/uploads\/2021\/05\/boutique-cosmetique.png","contentUrl":"https:\/\/www.safinel.fr\/wp-content\/uploads\/2021\/05\/boutique-cosmetique.png","width":800,"height":200,"caption":"Safinel"},"image":{"@id":"https:\/\/www.safinel.fr\/#\/schema\/logo\/image\/"}}]}},"_links":{"self":[{"href":"https:\/\/www.safinel.fr\/de\/wp-json\/wp\/v2\/product\/1975","targetHints":{"allow":["GET"]}}],"collection":[{"href":"https:\/\/www.safinel.fr\/de\/wp-json\/wp\/v2\/product"}],"about":[{"href":"https:\/\/www.safinel.fr\/de\/wp-json\/wp\/v2\/types\/product"}],"wp:featuredmedia":[{"embeddable":true,"href":"https:\/\/www.safinel.fr\/de\/wp-json\/wp\/v2\/media\/1979"}],"wp:attachment":[{"href":"https:\/\/www.safinel.fr\/de\/wp-json\/wp\/v2\/media?parent=1975"}],"wp:term":[{"taxonomy":"product_brand","embeddable":true,"href":"https:\/\/www.safinel.fr\/de\/wp-json\/wp\/v2\/product_brand?post=1975"},{"taxonomy":"product_cat","embeddable":true,"href":"https:\/\/www.safinel.fr\/de\/wp-json\/wp\/v2\/product_cat?post=1975"},{"taxonomy":"product_tag","embeddable":true,"href":"https:\/\/www.safinel.fr\/de\/wp-json\/wp\/v2\/product_tag?post=1975"}],"curies":[{"name":"wp","href":"https:\/\/api.w.org\/{rel}","templated":true}]}}