{"id":1969,"date":"2022-07-28T11:09:50","date_gmt":"2022-07-28T11:09:50","guid":{"rendered":"https:\/\/www.safinel.fr\/?post_type=product&#038;p=1969"},"modified":"2025-03-12T19:17:25","modified_gmt":"2025-03-12T19:17:25","slug":"jemenitischer-jujubeerhonig","status":"publish","type":"product","link":"https:\/\/www.safinel.fr\/de\/product-2\/jemenitischer-jujubeerhonig\/","title":{"rendered":"Jemenitischer Jujubenhonig 250g"},"content":{"rendered":"<p>Gaumenfreuden... Warum nicht das N\u00fctzliche mit dem Angenehmen verbinden? Machen Sie die Bekanntschaft mit diesem begehrtesten Nektar! So nennt er sich der\u00a0<strong>Jemenitischer Jujubenhonig<\/strong>\u00a0!<\/p>\n<h2><strong>Das Vergn\u00fcgen, dem Honig des Jemen-Jujubenbaums zu begegnen\u00a0<\/strong><\/h2>\n<p>Halten Sie sich fest, denn es ist Zeit f\u00fcr einen kleinen Ausflug, um mehr \u00fcber diesen begehrten Nektar zu erfahren.<\/p>\n<p>Dieser Honig des Jujubenbaums, auch bekannt als\u00a0<strong>Sidr-Honig<\/strong>\u00a0oder<strong>\u00a0Sidr Maliky,\u00a0<\/strong>stammt urspr\u00fcnglich aus dem Jemen. Der Jemen ist ein Land auf dem asiatischen Kontinent. Es gilt insbesondere als eines der \u00e4ltesten L\u00e4nder der Zivilisation des Nahen Ostens.<\/p>\n<p>Dar\u00fcber hinaus ist es auch f\u00fcr die vielen attraktiven Landschaften bekannt, die eine qualitativ hochwertige Bienenzucht beg\u00fcnstigen. In der Tat wird oft mit\u00a0<strong>beste Honigsorten der Welt<\/strong>, Sidr Maliky hat nicht nur einen einzigartigen und angenehmen Geschmack, sondern ist auch gesund!<\/p>\n<h2><strong>Jemenitischer Jujubenhonig: Wir stellen ihn Ihnen vor\u00a0<\/strong><\/h2>\n<p>Bei Ihrem Wellness-Begleiter Safinel ist die Auswahl der Produkte von entscheidender Bedeutung! Aus diesem Grund wird die Auswahl mit gro\u00dfer Sorgfalt getroffen.<\/p>\n<p>Entdecken Sie ohne weitere Verz\u00f6gerung das ber\u00fchmte\u00a0<strong>seltener Honig aus dem Jemen<\/strong>... Es wird Ihnen im Laden in einem durchsichtigen Glas angeboten, das das begehrte Elixier durchscheinen l\u00e4sst. Der 250g-Beh\u00e4lter ist ein echter Vorteil f\u00fcr diejenigen, die dieses Produkt genie\u00dfen m\u00f6chten.<strong>\u00a0Bienenstockprodukt<\/strong>\u00a0in der Dauer!<\/p>\n<p>Dar\u00fcber hinaus machen sein goldenes Aussehen und sein attraktives Aroma ihn zu einem\u00a0<strong>einzigartiger Honig<\/strong>. Im Mund ist er sehr zartschmelzend und hat auch einen sehr ausgepr\u00e4gten Geschmack.<\/p>\n<p>Wenn auch Sie in den Genuss dieses Honigs vom Jemen-Jujubenbaum kommen m\u00f6chten, lassen wir Sie ihn zusammen mit vielen anderen \u00dcberraschungen im Laden entdecken!<\/p>\n<h2><strong>Jemenitischer Jujubenhonig: Mehr als nur ein Geschmack\u00a0<\/strong><\/h2>\n<p>Wir wissen, wie wichtig Ihnen der Geschmack ist, kleine Feinschmecker. Wenn der\u00a0<strong>Maliki-Jujube-Honig<\/strong>\u00a0ist zwar wegen seines Geschmacks attraktiv, aber er ist auch ein gesundheitlicher Vorteil! Sie haben das sehr gut verstanden! Betrachtet man\u00a0<strong>alicament\u00a0<\/strong>Sidr Maliky ist ein hochwertiger Honig, der eine Vielzahl von Eigenschaften besitzt, die ihn zu einer Bereicherung im Alltag machen k\u00f6nnen.<\/p>\n<ul>\n<li>Antibakteriell<\/li>\n<li>Energizer<\/li>\n<li>Krankheiten und andere Infektionen im Zusammenhang mit den Atemwegen<\/li>\n<li>Darmbeschwerden<\/li>\n<li>Geschw\u00fcr<\/li>\n<li>Halsschmerzen<\/li>\n<\/ul>\n<p>Wie Sie entdecken k\u00f6nnen, ist dieser<strong>\u00a0einbl\u00fctiger Honig<\/strong>\u00a0ist nicht nur schmackhaft, sondern auch ein Plus f\u00fcr den Stoffwechsel. Sehr h\u00e4ufig verwendet als\u00a0<strong>Nahrungserg\u00e4nzung<\/strong>, Es ist ein hochwertiger N\u00e4hrstoff- und Energielieferant. Hochleistungssportler k\u00f6nnen es vor und nach dem Training einnehmen, um die Anstrengung und die Erholung zu erleichtern.<\/p>\n<h3><strong>\u00dcberraschung, \u00dcberraschung entdecken Sie auch...<\/strong><\/h3>\n<p>Warum sollte man gute Gewohnheiten \u00e4ndern? Ihr Wellness-Onlineshop hat eine besondere Vorliebe daf\u00fcr, Sie mit Neuheiten bekannt zu machen. Aus diesem Grund m\u00f6chte er Ihnen von einigen sogenannten Heilpflanzen berichten.<\/p>\n<p>Haben Sie schon einmal vom<strong>\u00a0<a href=\"https:\/\/www.safinel.fr\/de\/product-2\/monchspfeffer\/\">M\u00f6nchspfeffer in Samen<\/a><\/strong>\u00a0? Er wird von manchen Frauen als Schatz betrachtet und hilft bekanntlich, einige Anzeichen der Menopause zu mildern.<strong>\u00a0100% nat\u00fcrlich<\/strong>, Das Produkt k\u00f6nnte ein gro\u00dfer Vorteil sein.<\/p>\n<p>Dar\u00fcber hinaus haben Sie auch die M\u00f6glichkeit, den<strong>\u00a0<a href=\"https:\/\/www.safinel.fr\/de\/product-2\/sichuanpfefferkorner\/\">Sichuanpfeffer in Samen<\/a><\/strong>\u00a0! Mehr wollen wir nicht verraten! Wenn Sie mehr dar\u00fcber erfahren m\u00f6chten, lassen wir Sie gerne in die N\u00e4he Ihres Wellness-Shops kommen!<\/p>","protected":false},"excerpt":{"rendered":"<p>Gaumenfreuden... Warum nicht das N\u00fctzliche mit dem Angenehmen verbinden? Machen Sie die Bekanntschaft mit diesem begehrten Nektar! So nennt er sich: Jemenitischer Jujubenhonig! Das Vergn\u00fcgen, den Honig der Jemen-Jujube zu treffen Halten Sie sich fest, denn es ist Zeit f\u00fcr einen kleinen Ausflug, um mehr \u00fcber [...]] zu erfahren.","protected":false},"featured_media":1947,"template":"","meta":[],"product_brand":[],"product_cat":[24],"product_tag":[],"class_list":{"0":"post-1969","1":"product","2":"type-product","3":"status-publish","4":"has-post-thumbnail","6":"product_cat-apiculture","8":"first","9":"instock","10":"shipping-taxable","11":"purchasable","12":"product-type-simple"},"yoast_head":"<!-- This site is optimized with the Yoast SEO plugin v26.6 - https:\/\/yoast.com\/wordpress\/plugins\/seo\/ -->\n<title>Miel de jujubier I Le sidr maliki du Yemen par excellence<\/title>\n<meta name=\"description\" content=\"Le plaisir du palais\u2026 Pourquoi ne pas m\u00ealer l\u2019utile \u00e0 l\u2019agr\u00e9able ? Faites la rencontre avec ce nectar des plus convoit\u00e9s ! Le\u00a0Miel de jujubier du Y\u00e9men\u00a0!\u00a0\" \/>\n<meta name=\"robots\" content=\"index, follow, max-snippet:-1, max-image-preview:large, max-video-preview:-1\" \/>\n<link rel=\"canonical\" href=\"https:\/\/www.safinel.fr\/de\/product-2\/jemenitischer-jujubeerhonig\/\" \/>\n<meta property=\"og:locale\" content=\"de_DE\" \/>\n<meta property=\"og:type\" content=\"article\" \/>\n<meta property=\"og:title\" content=\"Miel de jujubier I Le sidr maliki du Yemen par excellence\" \/>\n<meta property=\"og:description\" content=\"Le plaisir du palais\u2026 Pourquoi ne pas m\u00ealer l\u2019utile \u00e0 l\u2019agr\u00e9able ? Faites la rencontre avec ce nectar des plus convoit\u00e9s ! Le\u00a0Miel de jujubier du Y\u00e9men\u00a0!\u00a0\" \/>\n<meta property=\"og:url\" content=\"https:\/\/www.safinel.fr\/de\/product-2\/jemenitischer-jujubeerhonig\/\" \/>\n<meta property=\"og:site_name\" content=\"Safinel\" \/>\n<meta property=\"article:modified_time\" content=\"2025-03-12T19:17:25+00:00\" \/>\n<meta property=\"og:image\" content=\"https:\/\/www.safinel.fr\/wp-content\/uploads\/2022\/07\/miel-de-jujubier-du-yemen.jpg\" \/>\n\t<meta property=\"og:image:width\" content=\"600\" \/>\n\t<meta property=\"og:image:height\" content=\"600\" \/>\n\t<meta property=\"og:image:type\" content=\"image\/jpeg\" \/>\n<meta name=\"twitter:card\" content=\"summary_large_image\" \/>\n<meta name=\"twitter:label1\" content=\"Gesch\u00e4tzte Lesezeit\" \/>\n\t<meta name=\"twitter:data1\" content=\"3\u00a0Minuten\" \/>\n<script type=\"application\/ld+json\" class=\"yoast-schema-graph\">{\"@context\":\"https:\/\/schema.org\",\"@graph\":[{\"@type\":\"WebPage\",\"@id\":\"https:\/\/www.safinel.fr\/produit\/miel-de-jujubier-du-yemen\/\",\"url\":\"https:\/\/www.safinel.fr\/produit\/miel-de-jujubier-du-yemen\/\",\"name\":\"Miel de jujubier I Le sidr maliki du Yemen par excellence\",\"isPartOf\":{\"@id\":\"https:\/\/www.safinel.fr\/#website\"},\"primaryImageOfPage\":{\"@id\":\"https:\/\/www.safinel.fr\/produit\/miel-de-jujubier-du-yemen\/#primaryimage\"},\"image\":{\"@id\":\"https:\/\/www.safinel.fr\/produit\/miel-de-jujubier-du-yemen\/#primaryimage\"},\"thumbnailUrl\":\"https:\/\/www.safinel.fr\/wp-content\/uploads\/2022\/07\/miel-de-jujubier-du-yemen.jpg\",\"datePublished\":\"2022-07-28T11:09:50+00:00\",\"dateModified\":\"2025-03-12T19:17:25+00:00\",\"description\":\"Le plaisir du palais\u2026 Pourquoi ne pas m\u00ealer l\u2019utile \u00e0 l\u2019agr\u00e9able ? Faites la rencontre avec ce nectar des plus convoit\u00e9s ! Le\u00a0Miel de jujubier du Y\u00e9men\u00a0!\u00a0\",\"breadcrumb\":{\"@id\":\"https:\/\/www.safinel.fr\/produit\/miel-de-jujubier-du-yemen\/#breadcrumb\"},\"inLanguage\":\"de\",\"potentialAction\":[{\"@type\":\"ReadAction\",\"target\":[\"https:\/\/www.safinel.fr\/produit\/miel-de-jujubier-du-yemen\/\"]}]},{\"@type\":\"ImageObject\",\"inLanguage\":\"de\",\"@id\":\"https:\/\/www.safinel.fr\/produit\/miel-de-jujubier-du-yemen\/#primaryimage\",\"url\":\"https:\/\/www.safinel.fr\/wp-content\/uploads\/2022\/07\/miel-de-jujubier-du-yemen.jpg\",\"contentUrl\":\"https:\/\/www.safinel.fr\/wp-content\/uploads\/2022\/07\/miel-de-jujubier-du-yemen.jpg\",\"width\":600,\"height\":600,\"caption\":\"Miel de jujubier du Yemen\"},{\"@type\":\"BreadcrumbList\",\"@id\":\"https:\/\/www.safinel.fr\/produit\/miel-de-jujubier-du-yemen\/#breadcrumb\",\"itemListElement\":[{\"@type\":\"ListItem\",\"position\":1,\"name\":\"Accueil\",\"item\":\"https:\/\/www.safinel.fr\/\"},{\"@type\":\"ListItem\",\"position\":2,\"name\":\"Boutique\",\"item\":\"https:\/\/www.safinel.fr\/boutique\/\"},{\"@type\":\"ListItem\",\"position\":3,\"name\":\"Miel de jujubier du Yemen 250g\"}]},{\"@type\":\"WebSite\",\"@id\":\"https:\/\/www.safinel.fr\/#website\",\"url\":\"https:\/\/www.safinel.fr\/\",\"name\":\"Safinel\",\"description\":\"\",\"publisher\":{\"@id\":\"https:\/\/www.safinel.fr\/#organization\"},\"potentialAction\":[{\"@type\":\"SearchAction\",\"target\":{\"@type\":\"EntryPoint\",\"urlTemplate\":\"https:\/\/www.safinel.fr\/?s={search_term_string}\"},\"query-input\":{\"@type\":\"PropertyValueSpecification\",\"valueRequired\":true,\"valueName\":\"search_term_string\"}}],\"inLanguage\":\"de\"},{\"@type\":\"Organization\",\"@id\":\"https:\/\/www.safinel.fr\/#organization\",\"name\":\"Safinel\",\"url\":\"https:\/\/www.safinel.fr\/\",\"logo\":{\"@type\":\"ImageObject\",\"inLanguage\":\"de\",\"@id\":\"https:\/\/www.safinel.fr\/#\/schema\/logo\/image\/\",\"url\":\"https:\/\/www.safinel.fr\/wp-content\/uploads\/2021\/05\/boutique-cosmetique.png\",\"contentUrl\":\"https:\/\/www.safinel.fr\/wp-content\/uploads\/2021\/05\/boutique-cosmetique.png\",\"width\":800,\"height\":200,\"caption\":\"Safinel\"},\"image\":{\"@id\":\"https:\/\/www.safinel.fr\/#\/schema\/logo\/image\/\"}}]}<\/script>\n<!-- \/ Yoast SEO plugin. -->","yoast_head_json":{"title":"Jujubenhonig I Der ultimative jemenitische Sidr Maliki","description":"Gaumenfreuden... Warum nicht das N\u00fctzliche mit dem Angenehmen verbinden? Machen Sie die Bekanntschaft mit diesem begehrten Nektar! Der Honig des Jemen-Jujubenbaums!\u00a0","robots":{"index":"index","follow":"follow","max-snippet":"max-snippet:-1","max-image-preview":"max-image-preview:large","max-video-preview":"max-video-preview:-1"},"canonical":"https:\/\/www.safinel.fr\/de\/product-2\/jemenitischer-jujubeerhonig\/","og_locale":"de_DE","og_type":"article","og_title":"Miel de jujubier I Le sidr maliki du Yemen par excellence","og_description":"Le plaisir du palais\u2026 Pourquoi ne pas m\u00ealer l\u2019utile \u00e0 l\u2019agr\u00e9able ? Faites la rencontre avec ce nectar des plus convoit\u00e9s ! Le\u00a0Miel de jujubier du Y\u00e9men\u00a0!\u00a0","og_url":"https:\/\/www.safinel.fr\/de\/product-2\/jemenitischer-jujubeerhonig\/","og_site_name":"Safinel","article_modified_time":"2025-03-12T19:17:25+00:00","og_image":[{"width":600,"height":600,"url":"https:\/\/www.safinel.fr\/wp-content\/uploads\/2022\/07\/miel-de-jujubier-du-yemen.jpg","type":"image\/jpeg"}],"twitter_card":"summary_large_image","twitter_misc":{"Gesch\u00e4tzte Lesezeit":"3\u00a0Minuten"},"schema":{"@context":"https:\/\/schema.org","@graph":[{"@type":"WebPage","@id":"https:\/\/www.safinel.fr\/produit\/miel-de-jujubier-du-yemen\/","url":"https:\/\/www.safinel.fr\/produit\/miel-de-jujubier-du-yemen\/","name":"Jujubenhonig I Der ultimative jemenitische Sidr Maliki","isPartOf":{"@id":"https:\/\/www.safinel.fr\/#website"},"primaryImageOfPage":{"@id":"https:\/\/www.safinel.fr\/produit\/miel-de-jujubier-du-yemen\/#primaryimage"},"image":{"@id":"https:\/\/www.safinel.fr\/produit\/miel-de-jujubier-du-yemen\/#primaryimage"},"thumbnailUrl":"https:\/\/www.safinel.fr\/wp-content\/uploads\/2022\/07\/miel-de-jujubier-du-yemen.jpg","datePublished":"2022-07-28T11:09:50+00:00","dateModified":"2025-03-12T19:17:25+00:00","description":"Gaumenfreuden... Warum nicht das N\u00fctzliche mit dem Angenehmen verbinden? Machen Sie die Bekanntschaft mit diesem begehrten Nektar! Der Honig des Jemen-Jujubenbaums!\u00a0","breadcrumb":{"@id":"https:\/\/www.safinel.fr\/produit\/miel-de-jujubier-du-yemen\/#breadcrumb"},"inLanguage":"de","potentialAction":[{"@type":"ReadAction","target":["https:\/\/www.safinel.fr\/produit\/miel-de-jujubier-du-yemen\/"]}]},{"@type":"ImageObject","inLanguage":"de","@id":"https:\/\/www.safinel.fr\/produit\/miel-de-jujubier-du-yemen\/#primaryimage","url":"https:\/\/www.safinel.fr\/wp-content\/uploads\/2022\/07\/miel-de-jujubier-du-yemen.jpg","contentUrl":"https:\/\/www.safinel.fr\/wp-content\/uploads\/2022\/07\/miel-de-jujubier-du-yemen.jpg","width":600,"height":600,"caption":"Miel de jujubier du Yemen"},{"@type":"BreadcrumbList","@id":"https:\/\/www.safinel.fr\/produit\/miel-de-jujubier-du-yemen\/#breadcrumb","itemListElement":[{"@type":"ListItem","position":1,"name":"Accueil","item":"https:\/\/www.safinel.fr\/"},{"@type":"ListItem","position":2,"name":"Boutique","item":"https:\/\/www.safinel.fr\/boutique\/"},{"@type":"ListItem","position":3,"name":"Miel de jujubier du Yemen 250g"}]},{"@type":"WebSite","@id":"https:\/\/www.safinel.fr\/#website","url":"https:\/\/www.safinel.fr\/","name":"Safinel","description":"","publisher":{"@id":"https:\/\/www.safinel.fr\/#organization"},"potentialAction":[{"@type":"SearchAction","target":{"@type":"EntryPoint","urlTemplate":"https:\/\/www.safinel.fr\/?s={search_term_string}"},"query-input":{"@type":"PropertyValueSpecification","valueRequired":true,"valueName":"search_term_string"}}],"inLanguage":"de"},{"@type":"Organization","@id":"https:\/\/www.safinel.fr\/#organization","name":"Safinel","url":"https:\/\/www.safinel.fr\/","logo":{"@type":"ImageObject","inLanguage":"de","@id":"https:\/\/www.safinel.fr\/#\/schema\/logo\/image\/","url":"https:\/\/www.safinel.fr\/wp-content\/uploads\/2021\/05\/boutique-cosmetique.png","contentUrl":"https:\/\/www.safinel.fr\/wp-content\/uploads\/2021\/05\/boutique-cosmetique.png","width":800,"height":200,"caption":"Safinel"},"image":{"@id":"https:\/\/www.safinel.fr\/#\/schema\/logo\/image\/"}}]}},"_links":{"self":[{"href":"https:\/\/www.safinel.fr\/de\/wp-json\/wp\/v2\/product\/1969","targetHints":{"allow":["GET"]}}],"collection":[{"href":"https:\/\/www.safinel.fr\/de\/wp-json\/wp\/v2\/product"}],"about":[{"href":"https:\/\/www.safinel.fr\/de\/wp-json\/wp\/v2\/types\/product"}],"wp:featuredmedia":[{"embeddable":true,"href":"https:\/\/www.safinel.fr\/de\/wp-json\/wp\/v2\/media\/1947"}],"wp:attachment":[{"href":"https:\/\/www.safinel.fr\/de\/wp-json\/wp\/v2\/media?parent=1969"}],"wp:term":[{"taxonomy":"product_brand","embeddable":true,"href":"https:\/\/www.safinel.fr\/de\/wp-json\/wp\/v2\/product_brand?post=1969"},{"taxonomy":"product_cat","embeddable":true,"href":"https:\/\/www.safinel.fr\/de\/wp-json\/wp\/v2\/product_cat?post=1969"},{"taxonomy":"product_tag","embeddable":true,"href":"https:\/\/www.safinel.fr\/de\/wp-json\/wp\/v2\/product_tag?post=1969"}],"curies":[{"name":"wp","href":"https:\/\/api.w.org\/{rel}","templated":true}]}}