{"id":1968,"date":"2022-07-28T11:07:16","date_gmt":"2022-07-28T11:07:16","guid":{"rendered":"https:\/\/www.safinel.fr\/?post_type=product&#038;p=1968"},"modified":"2023-12-28T17:15:23","modified_gmt":"2023-12-28T17:15:23","slug":"daghmous-honig","status":"publish","type":"product","link":"https:\/\/www.safinel.fr\/de\/product-2\/daghmous-honig\/","title":{"rendered":"Daghmus-Honig aus Marokko 250g"},"content":{"rendered":"<p>Auf der Suche nach einer hochwertigen nat\u00fcrlichen Leckerei?! Ihr Onlineshop m\u00f6chte den<strong> Daghmous Honig.<\/strong>\u00a0Auch bekannt als\u00a0<strong>Euphorbienhonig<\/strong>, Dieser ist bei vielen Menschen beliebt.\u00a0<strong>von Bienenzucht<\/strong>.<\/p>\n<p>Als Brotaufstrich oder aber auch als Verj\u00fcngungskur k\u00f6nnte dieses nat\u00fcrliche Elixier Sie \u00fcberraschen!<\/p>\n<h2><strong>Die erstaunliche Herkunft des Honigs aus Daghmous\u00a0<\/strong><\/h2>\n<p>Nehmen Sie Platz, machen Sie es sich bequem, denn wir werden \u00fcber den ber\u00fchmten Daghmous-Honig sprechen! F\u00fcr diejenigen, die diesen noch nicht kennen\u00a0<strong>Schatz der Natur<\/strong>, Wir werden uns darum k\u00fcmmern.<\/p>\n<p>Zun\u00e4chst einmal ist es interessant zu wissen, dass dieser Nektar aus Marokko stammt! Ja, das marokkanische Kunsthandwerk macht wieder auf sich aufmerksam, diesmal im Bereich der Imkerei. Wenn dieses Land in Fachkreisen sehr bekannt ist, dann wegen der Qualit\u00e4t des Nektars.<\/p>\n<p>Aber aus welcher Blume stammt der Honig von Daghmous?<\/p>\n<p>So erstaunlich es auch ist, dieser Nektar kommt aus der\u00a0<strong>Best\u00e4ubung<\/strong>\u00a0von Kakteen! Sie haben richtig verstanden, der Kaktus ist eine einzigartige Pflanze, deren ber\u00fchmten Pollen die Bienen mit gro\u00dfem Vergn\u00fcgen sammeln. Und deshalb wird dieser Nektar auch als\u00a0<strong>einbl\u00fctiger Honig<\/strong>\u00a0!<\/p>\n<h2><strong>Safinel und der Honig von Daghmous\u00a0<\/strong><\/h2>\n<p>Jetzt, da Sie mehr \u00fcber dieses Elixier wissen, wie w\u00e4re es, wenn Sie es kennenlernen w\u00fcrden? Ihr wunderbarer Wellness-Shop m\u00f6chte, dass Sie dieses ber\u00fchmte\u00a0<strong>Bienenstockprodukt<\/strong>\u00a0!<\/p>\n<p>Er wird Ihnen in einem durchsichtigen Glas angeboten, das den Blick auf den begehrten Nektar freigibt! In seinem 250-G-Beh\u00e4lter wird er den Geschmack von Honigliebhabern treffen.<\/p>\n<p>Sein zartschmelzender Geschmack im Mund und sein braunes Aussehen k\u00fcndigen bereits die Farbe an! Z\u00f6gern Sie nicht l\u00e4nger und geh\u00f6ren Sie zu denjenigen, die qualitativ hochwertige Naturprodukte bevorzugen.<\/p>\n<h2><strong>Die Vorteile des Daghmous-Honigs\u00a0<\/strong><\/h2>\n<p>Sind Sie neugierig auf die Vorz\u00fcge dieses Honigs? Seien Sie beruhigt, wir kommen gleich. Dieser angenehm schmeckende Nektar besitzt auch sehr n\u00fctzliche Eigenschaften f\u00fcr das t\u00e4gliche Leben.<\/p>\n<p>Letzteres gilt n\u00e4mlich als vorteilhaft gegen saisonale Krankheiten. Erk\u00e4ltungen und Halsschmerzen sind f\u00fcr dieses Alicament ein Kinderspiel! Au\u00dferdem kann dieser Nektar f\u00fcr Sportler ein zus\u00e4tzlicher Vorteil sein.<\/p>\n<p>Sehr n\u00fctzlich, um die Muskeln zu st\u00e4rken und den Organismus zu beleben, ist dieses\u00a0<strong>Euphorbienhonig<\/strong>\u00a0ist ein echter Begleiter bei k\u00f6rperlichen Anstrengungen.<\/p>\n<p>Es ist auch daf\u00fcr bekannt, Bluthochdruck und andere Herz-Kreislauf-Erkrankungen zu regulieren.<\/p>\n<h3><strong>Irgendwo bei Ihrem Wellness-Shop<\/strong><\/h3>\n<p>Ihre Safinel-Boutique ist wie immer um die Produkte bem\u00fcht, die sie anbietet! Aus diesem Grund w\u00e4hlt sie die Artikel, die in ihrer Boutique zur Verf\u00fcgung gestellt werden, mit gro\u00dfer Sorgfalt aus. Haben Sie schon einmal den<strong>\u00a0<a href=\"https:\/\/www.safinel.fr\/de\/product-2\/kurkuma\/\">Kurkuma-Pulver<\/a><\/strong>\u00a0? 100 % rein und vegan, dieses pflanzliche Pulver k\u00f6nnte Sie \u00fcberraschen.<\/p>\n<p>Dar\u00fcber hinaus haben Sie auch die M\u00f6glichkeit, den<strong>\u00a0<a href=\"https:\/\/www.safinel.fr\/de\/product-2\/garcinia\/\">Garcinia Cambogia<\/a><\/strong>\u00a0! Letzteres ist insbesondere f\u00fcr seine zahlreichen Vorteile gegen Bluthochdruck bekannt.<\/p>\n<p>Ihr Online-Wellness-Shop bem\u00fcht sich gerne darum, Ihnen Produkte vorzuschlagen, die Ihnen gefallen k\u00f6nnten! Jetzt sind Sie dran!<\/p>","protected":false},"excerpt":{"rendered":"<p>Auf der Suche nach einer nat\u00fcrlichen Delikatesse von hoher Qualit\u00e4t? Ihr Online-Shop m\u00f6chte Ihnen den Honig aus Daghmous vorstellen. Dieser auch als Euphorbienhonig bezeichnete Honig wird von vielen Liebhabern der Imkerei gesch\u00e4tzt. Ob auf Brot oder als Verj\u00fcngungskur \u2013 dieses nat\u00fcrliche Elixier k\u00f6nnte Sie \u00fcberraschen! Die erstaunliche Herkunft des Daghmous-Honigs  Nehmen Sie Platz, machen Sie es sich bequem [\u2026]","protected":false},"featured_media":1945,"template":"","meta":[],"product_brand":[],"product_cat":[24,70],"product_tag":[],"class_list":{"0":"post-1968","1":"product","2":"type-product","3":"status-publish","4":"has-post-thumbnail","6":"product_cat-apiculture","7":"product_cat-miels-du-maroc","9":"first","10":"instock","11":"shipping-taxable","12":"purchasable","13":"product-type-simple"},"yoast_head":"<!-- This site is optimized with the Yoast SEO plugin v26.6 - https:\/\/yoast.com\/wordpress\/plugins\/seo\/ -->\n<title>Miel de daghmous (Cactus) I Miel piquant I Bienfaits nombreux<\/title>\n<meta name=\"description\" content=\"Votre boutique souhaite mettre \u00e0 l\u2019honneur le\u00a0miel de Daghmous. Aussi surnomm\u00e9\u00a0miel d\u2019euphorbe ou cactus. Un miel piquant aux bienfaits nombreux.\" \/>\n<meta name=\"robots\" content=\"index, follow, max-snippet:-1, max-image-preview:large, max-video-preview:-1\" \/>\n<link rel=\"canonical\" href=\"https:\/\/www.safinel.fr\/de\/product-2\/daghmous-honig\/\" \/>\n<meta property=\"og:locale\" content=\"de_DE\" \/>\n<meta property=\"og:type\" content=\"article\" \/>\n<meta property=\"og:title\" content=\"Miel de daghmous (Cactus) I Miel piquant I Bienfaits nombreux\" \/>\n<meta property=\"og:description\" content=\"Votre boutique souhaite mettre \u00e0 l\u2019honneur le\u00a0miel de Daghmous. Aussi surnomm\u00e9\u00a0miel d\u2019euphorbe ou cactus. Un miel piquant aux bienfaits nombreux.\" \/>\n<meta property=\"og:url\" content=\"https:\/\/www.safinel.fr\/de\/product-2\/daghmous-honig\/\" \/>\n<meta property=\"og:site_name\" content=\"Safinel\" \/>\n<meta property=\"article:modified_time\" content=\"2023-12-28T17:15:23+00:00\" \/>\n<meta property=\"og:image\" content=\"https:\/\/www.safinel.fr\/wp-content\/uploads\/2022\/07\/miel-de-daghmous.jpg\" \/>\n\t<meta property=\"og:image:width\" content=\"600\" \/>\n\t<meta property=\"og:image:height\" content=\"600\" \/>\n\t<meta property=\"og:image:type\" content=\"image\/jpeg\" \/>\n<meta name=\"twitter:card\" content=\"summary_large_image\" \/>\n<meta name=\"twitter:label1\" content=\"Gesch\u00e4tzte Lesezeit\" \/>\n\t<meta name=\"twitter:data1\" content=\"3\u00a0Minuten\" \/>\n<script type=\"application\/ld+json\" class=\"yoast-schema-graph\">{\"@context\":\"https:\/\/schema.org\",\"@graph\":[{\"@type\":\"WebPage\",\"@id\":\"https:\/\/www.safinel.fr\/produit\/miel-de-daghmous\/\",\"url\":\"https:\/\/www.safinel.fr\/produit\/miel-de-daghmous\/\",\"name\":\"Miel de daghmous (Cactus) I Miel piquant I Bienfaits nombreux\",\"isPartOf\":{\"@id\":\"https:\/\/www.safinel.fr\/#website\"},\"primaryImageOfPage\":{\"@id\":\"https:\/\/www.safinel.fr\/produit\/miel-de-daghmous\/#primaryimage\"},\"image\":{\"@id\":\"https:\/\/www.safinel.fr\/produit\/miel-de-daghmous\/#primaryimage\"},\"thumbnailUrl\":\"https:\/\/www.safinel.fr\/wp-content\/uploads\/2022\/07\/miel-de-daghmous.jpg\",\"datePublished\":\"2022-07-28T11:07:16+00:00\",\"dateModified\":\"2023-12-28T17:15:23+00:00\",\"description\":\"Votre boutique souhaite mettre \u00e0 l\u2019honneur le\u00a0miel de Daghmous. Aussi surnomm\u00e9\u00a0miel d\u2019euphorbe ou cactus. Un miel piquant aux bienfaits nombreux.\",\"breadcrumb\":{\"@id\":\"https:\/\/www.safinel.fr\/produit\/miel-de-daghmous\/#breadcrumb\"},\"inLanguage\":\"de\",\"potentialAction\":[{\"@type\":\"ReadAction\",\"target\":[\"https:\/\/www.safinel.fr\/produit\/miel-de-daghmous\/\"]}]},{\"@type\":\"ImageObject\",\"inLanguage\":\"de\",\"@id\":\"https:\/\/www.safinel.fr\/produit\/miel-de-daghmous\/#primaryimage\",\"url\":\"https:\/\/www.safinel.fr\/wp-content\/uploads\/2022\/07\/miel-de-daghmous.jpg\",\"contentUrl\":\"https:\/\/www.safinel.fr\/wp-content\/uploads\/2022\/07\/miel-de-daghmous.jpg\",\"width\":600,\"height\":600,\"caption\":\"Miel de daghmous du maroc\"},{\"@type\":\"BreadcrumbList\",\"@id\":\"https:\/\/www.safinel.fr\/produit\/miel-de-daghmous\/#breadcrumb\",\"itemListElement\":[{\"@type\":\"ListItem\",\"position\":1,\"name\":\"Accueil\",\"item\":\"https:\/\/www.safinel.fr\/\"},{\"@type\":\"ListItem\",\"position\":2,\"name\":\"Boutique\",\"item\":\"https:\/\/www.safinel.fr\/boutique\/\"},{\"@type\":\"ListItem\",\"position\":3,\"name\":\"Miel de daghmous du Maroc 250g\"}]},{\"@type\":\"WebSite\",\"@id\":\"https:\/\/www.safinel.fr\/#website\",\"url\":\"https:\/\/www.safinel.fr\/\",\"name\":\"Safinel\",\"description\":\"\",\"publisher\":{\"@id\":\"https:\/\/www.safinel.fr\/#organization\"},\"potentialAction\":[{\"@type\":\"SearchAction\",\"target\":{\"@type\":\"EntryPoint\",\"urlTemplate\":\"https:\/\/www.safinel.fr\/?s={search_term_string}\"},\"query-input\":{\"@type\":\"PropertyValueSpecification\",\"valueRequired\":true,\"valueName\":\"search_term_string\"}}],\"inLanguage\":\"de\"},{\"@type\":\"Organization\",\"@id\":\"https:\/\/www.safinel.fr\/#organization\",\"name\":\"Safinel\",\"url\":\"https:\/\/www.safinel.fr\/\",\"logo\":{\"@type\":\"ImageObject\",\"inLanguage\":\"de\",\"@id\":\"https:\/\/www.safinel.fr\/#\/schema\/logo\/image\/\",\"url\":\"https:\/\/www.safinel.fr\/wp-content\/uploads\/2021\/05\/boutique-cosmetique.png\",\"contentUrl\":\"https:\/\/www.safinel.fr\/wp-content\/uploads\/2021\/05\/boutique-cosmetique.png\",\"width\":800,\"height\":200,\"caption\":\"Safinel\"},\"image\":{\"@id\":\"https:\/\/www.safinel.fr\/#\/schema\/logo\/image\/\"}}]}<\/script>\n<!-- \/ Yoast SEO plugin. -->","yoast_head_json":{"title":"Daghmus-Honig (Kaktus) I Scharfer Honig I Viele Vorteile","description":"Ihr Shop m\u00f6chte den Daghmous-Honig ins Rampenlicht stellen. Er wird auch Euphorbien- oder Kaktushonig genannt. Ein pikanter Honig mit zahlreichen Vorteilen.","robots":{"index":"index","follow":"follow","max-snippet":"max-snippet:-1","max-image-preview":"max-image-preview:large","max-video-preview":"max-video-preview:-1"},"canonical":"https:\/\/www.safinel.fr\/de\/product-2\/daghmous-honig\/","og_locale":"de_DE","og_type":"article","og_title":"Miel de daghmous (Cactus) I Miel piquant I Bienfaits nombreux","og_description":"Votre boutique souhaite mettre \u00e0 l\u2019honneur le\u00a0miel de Daghmous. Aussi surnomm\u00e9\u00a0miel d\u2019euphorbe ou cactus. Un miel piquant aux bienfaits nombreux.","og_url":"https:\/\/www.safinel.fr\/de\/product-2\/daghmous-honig\/","og_site_name":"Safinel","article_modified_time":"2023-12-28T17:15:23+00:00","og_image":[{"width":600,"height":600,"url":"https:\/\/www.safinel.fr\/wp-content\/uploads\/2022\/07\/miel-de-daghmous.jpg","type":"image\/jpeg"}],"twitter_card":"summary_large_image","twitter_misc":{"Gesch\u00e4tzte Lesezeit":"3\u00a0Minuten"},"schema":{"@context":"https:\/\/schema.org","@graph":[{"@type":"WebPage","@id":"https:\/\/www.safinel.fr\/produit\/miel-de-daghmous\/","url":"https:\/\/www.safinel.fr\/produit\/miel-de-daghmous\/","name":"Daghmus-Honig (Kaktus) I Scharfer Honig I Viele Vorteile","isPartOf":{"@id":"https:\/\/www.safinel.fr\/#website"},"primaryImageOfPage":{"@id":"https:\/\/www.safinel.fr\/produit\/miel-de-daghmous\/#primaryimage"},"image":{"@id":"https:\/\/www.safinel.fr\/produit\/miel-de-daghmous\/#primaryimage"},"thumbnailUrl":"https:\/\/www.safinel.fr\/wp-content\/uploads\/2022\/07\/miel-de-daghmous.jpg","datePublished":"2022-07-28T11:07:16+00:00","dateModified":"2023-12-28T17:15:23+00:00","description":"Ihr Shop m\u00f6chte den Daghmous-Honig ins Rampenlicht stellen. Er wird auch Euphorbien- oder Kaktushonig genannt. Ein pikanter Honig mit zahlreichen Vorteilen.","breadcrumb":{"@id":"https:\/\/www.safinel.fr\/produit\/miel-de-daghmous\/#breadcrumb"},"inLanguage":"de","potentialAction":[{"@type":"ReadAction","target":["https:\/\/www.safinel.fr\/produit\/miel-de-daghmous\/"]}]},{"@type":"ImageObject","inLanguage":"de","@id":"https:\/\/www.safinel.fr\/produit\/miel-de-daghmous\/#primaryimage","url":"https:\/\/www.safinel.fr\/wp-content\/uploads\/2022\/07\/miel-de-daghmous.jpg","contentUrl":"https:\/\/www.safinel.fr\/wp-content\/uploads\/2022\/07\/miel-de-daghmous.jpg","width":600,"height":600,"caption":"Miel de daghmous du maroc"},{"@type":"BreadcrumbList","@id":"https:\/\/www.safinel.fr\/produit\/miel-de-daghmous\/#breadcrumb","itemListElement":[{"@type":"ListItem","position":1,"name":"Accueil","item":"https:\/\/www.safinel.fr\/"},{"@type":"ListItem","position":2,"name":"Boutique","item":"https:\/\/www.safinel.fr\/boutique\/"},{"@type":"ListItem","position":3,"name":"Miel de daghmous du Maroc 250g"}]},{"@type":"WebSite","@id":"https:\/\/www.safinel.fr\/#website","url":"https:\/\/www.safinel.fr\/","name":"Safinel","description":"","publisher":{"@id":"https:\/\/www.safinel.fr\/#organization"},"potentialAction":[{"@type":"SearchAction","target":{"@type":"EntryPoint","urlTemplate":"https:\/\/www.safinel.fr\/?s={search_term_string}"},"query-input":{"@type":"PropertyValueSpecification","valueRequired":true,"valueName":"search_term_string"}}],"inLanguage":"de"},{"@type":"Organization","@id":"https:\/\/www.safinel.fr\/#organization","name":"Safinel","url":"https:\/\/www.safinel.fr\/","logo":{"@type":"ImageObject","inLanguage":"de","@id":"https:\/\/www.safinel.fr\/#\/schema\/logo\/image\/","url":"https:\/\/www.safinel.fr\/wp-content\/uploads\/2021\/05\/boutique-cosmetique.png","contentUrl":"https:\/\/www.safinel.fr\/wp-content\/uploads\/2021\/05\/boutique-cosmetique.png","width":800,"height":200,"caption":"Safinel"},"image":{"@id":"https:\/\/www.safinel.fr\/#\/schema\/logo\/image\/"}}]}},"_links":{"self":[{"href":"https:\/\/www.safinel.fr\/de\/wp-json\/wp\/v2\/product\/1968","targetHints":{"allow":["GET"]}}],"collection":[{"href":"https:\/\/www.safinel.fr\/de\/wp-json\/wp\/v2\/product"}],"about":[{"href":"https:\/\/www.safinel.fr\/de\/wp-json\/wp\/v2\/types\/product"}],"wp:featuredmedia":[{"embeddable":true,"href":"https:\/\/www.safinel.fr\/de\/wp-json\/wp\/v2\/media\/1945"}],"wp:attachment":[{"href":"https:\/\/www.safinel.fr\/de\/wp-json\/wp\/v2\/media?parent=1968"}],"wp:term":[{"taxonomy":"product_brand","embeddable":true,"href":"https:\/\/www.safinel.fr\/de\/wp-json\/wp\/v2\/product_brand?post=1968"},{"taxonomy":"product_cat","embeddable":true,"href":"https:\/\/www.safinel.fr\/de\/wp-json\/wp\/v2\/product_cat?post=1968"},{"taxonomy":"product_tag","embeddable":true,"href":"https:\/\/www.safinel.fr\/de\/wp-json\/wp\/v2\/product_tag?post=1968"}],"curies":[{"name":"wp","href":"https:\/\/api.w.org\/{rel}","templated":true}]}}