{"id":1967,"date":"2022-07-28T11:04:22","date_gmt":"2022-07-28T11:04:22","guid":{"rendered":"https:\/\/www.safinel.fr\/?post_type=product&#038;p=1967"},"modified":"2023-12-28T17:15:23","modified_gmt":"2023-12-28T17:15:23","slug":"leukalyptushonig","status":"publish","type":"product","link":"https:\/\/www.safinel.fr\/de\/product-2\/leukalyptushonig\/","title":{"rendered":"Eukalyptushonig aus Marokko 250g"},"content":{"rendered":"<p>Was w\u00e4re, wenn es endlich an der Zeit w\u00e4re, den\u00a0<strong>Eukalyptushonig aus Marokko<\/strong>\u00a0? Dieser Nektar ist sehr aromatisch und sehr schmackhaft und scheint in dem sechseckigen Land sehr beliebt zu sein!<\/p>\n<h2><strong>Warum Eukalyptushonig aus Marokko?\u00a0<\/strong><\/h2>\n<p>Wenn Sie sich immer noch fragen, warum Eukalyptushonig aus Marokko und nicht ein anderer, dann haben Sie wahrscheinlich noch keine Gelegenheit gehabt, ihn unter Ihrem Gaumen zergehen zu lassen... Denn obwohl er normalerweise in S\u00fcdeuropa gesichtet wird, ist er auch in Nordafrika zu finden, und zwar in Marokko!<\/p>\n<p>Dieser Nektar wird haupts\u00e4chlich wegen seines Aromas gesch\u00e4tzt, aber auch wegen seines einzigartigen Geschmacks! Die meisten<strong>\u00a0Honigliebhaber<\/strong>\u00a0m\u00f6gen ihn wegen seiner Haltbarkeit im Mund, aber auch wegen seines Minzgeschmacks.<\/p>\n<h2><strong>Safinel l\u00e4sst Sie den Eukalyptushonig aus Marokko entdecken\u00a0<\/strong><\/h2>\n<p>Auf der Suche nach den besten Produkten m\u00f6chte Ihre Safinel-Boutique endlich den ber\u00fchmten Eukalyptushonig ins Rampenlicht stellen! Auch wenn sein Erfolg f\u00fcr sich spricht, lassen Sie sich dennoch mit diesem weltweit gesch\u00e4tzten Nektar bekannt machen.<\/p>\n<p>Er wird Ihnen in einem 250-g-Beh\u00e4lter angeboten, damit auch die gr\u00f6\u00dften Feinschmecker dauerhaft genie\u00dfen k\u00f6nnen! Sein cremiges Aussehen und seine hellbraune Farbe k\u00fcnden von der Qualit\u00e4t dieses\u00a0<strong>Bienenstockprodukt<\/strong>.<\/p>\n<h2><strong>Was sind die Vorteile von Eukalyptushonig aus Marokko?\u00a0<\/strong><\/h2>\n<p>Honig ist daf\u00fcr bekannt, dass er gegen die sogenannten Winterkrankheiten hilft! Insbesondere Halsschmerzen, <a href=\"https:\/\/www.safinel.fr\/de\/product-2\/daghmous-honig\/\"><strong>verschiedene Husten<\/strong><\/a>, Die meisten Menschen, die sich mit dem Thema besch\u00e4ftigen, haben ein Problem mit der Atmung, wie z. B. Erk\u00e4ltungen.<\/p>\n<p>\u00dcbrigens ist Eukalyptushonig keine Ausnahme, ganz im Gegenteil! Er ist nicht nur gegen Bakterien von Vorteil, sondern verbessert auch die Energiezufuhr. Bei Spitzensportlern sehr beliebt, k\u00f6nnte es sein, dass auch Sie davon begeistert sein werden...<\/p>\n<h3><strong>Wenn es keine mehr gibt, gibt es bei Safinel noch welche!\u00a0<\/strong><\/h3>\n<p>Es ist noch nicht vorbei! Ihr Safinel-Shop m\u00f6chte Sie auf die Nachtkerzenkapseln aufmerksam machen! Sie sind sehr vorteilhaft, um die Zeichen des Alters zu verz\u00f6gern, und k\u00f6nnen auch ein Trumpf gegen die Symptome der Menopause sein.<\/p>","protected":false},"excerpt":{"rendered":"<p>Was w\u00e4re, wenn es endlich an der Zeit w\u00e4re, Eukalyptushonig aus Marokko kennen zu lernen? Dieser stark duftende und sehr schmackhafte Nektar scheint in dem sechseckigen Land sehr beliebt zu sein! Warum Eukalyptushonig aus Marokko?  Wenn Sie sich immer noch fragen, warum Eukalyptushonig aus Marokko und nicht ein anderer, dann liegt das wahrscheinlich daran, dass Sie [...].","protected":false},"featured_media":1942,"template":"","meta":[],"product_brand":[],"product_cat":[24,70],"product_tag":[],"class_list":{"0":"post-1967","1":"product","2":"type-product","3":"status-publish","4":"has-post-thumbnail","6":"product_cat-apiculture","7":"product_cat-miels-du-maroc","9":"first","10":"outofstock","11":"shipping-taxable","12":"purchasable","13":"product-type-simple"},"yoast_head":"<!-- This site is optimized with the Yoast SEO plugin v26.6 - https:\/\/yoast.com\/wordpress\/plugins\/seo\/ -->\n<title>Miel d\u2019eucalyptus du Maroc I Bienfaits nombreux I 250g<\/title>\n<meta name=\"description\" content=\"Et s\u2019il \u00e9tait enfin temps de faire la rencontre du\u00a0miel d\u2019eucalyptus du Maroc\u00a0? Tr\u00e8s parfum\u00e9 et tr\u00e8s savoureux d\u00e9couvrez-le rapidement !\" \/>\n<meta name=\"robots\" content=\"index, follow, max-snippet:-1, max-image-preview:large, max-video-preview:-1\" \/>\n<link rel=\"canonical\" href=\"https:\/\/www.safinel.fr\/de\/product-2\/leukalyptushonig\/\" \/>\n<meta property=\"og:locale\" content=\"de_DE\" \/>\n<meta property=\"og:type\" content=\"article\" \/>\n<meta property=\"og:title\" content=\"Miel d\u2019eucalyptus du Maroc I Bienfaits nombreux I 250g\" \/>\n<meta property=\"og:description\" content=\"Et s\u2019il \u00e9tait enfin temps de faire la rencontre du\u00a0miel d\u2019eucalyptus du Maroc\u00a0? Tr\u00e8s parfum\u00e9 et tr\u00e8s savoureux d\u00e9couvrez-le rapidement !\" \/>\n<meta property=\"og:url\" content=\"https:\/\/www.safinel.fr\/de\/product-2\/leukalyptushonig\/\" \/>\n<meta property=\"og:site_name\" content=\"Safinel\" \/>\n<meta property=\"article:modified_time\" content=\"2023-12-28T17:15:23+00:00\" \/>\n<meta property=\"og:image\" content=\"https:\/\/www.safinel.fr\/wp-content\/uploads\/2022\/07\/miel-eucalyptus.jpg\" \/>\n\t<meta property=\"og:image:width\" content=\"600\" \/>\n\t<meta property=\"og:image:height\" content=\"600\" \/>\n\t<meta property=\"og:image:type\" content=\"image\/jpeg\" \/>\n<meta name=\"twitter:card\" content=\"summary_large_image\" \/>\n<meta name=\"twitter:label1\" content=\"Gesch\u00e4tzte Lesezeit\" \/>\n\t<meta name=\"twitter:data1\" content=\"2\u00a0Minuten\" \/>\n<script type=\"application\/ld+json\" class=\"yoast-schema-graph\">{\"@context\":\"https:\/\/schema.org\",\"@graph\":[{\"@type\":\"WebPage\",\"@id\":\"https:\/\/www.safinel.fr\/produit\/miel-deucalyptus\/\",\"url\":\"https:\/\/www.safinel.fr\/produit\/miel-deucalyptus\/\",\"name\":\"Miel d\u2019eucalyptus du Maroc I Bienfaits nombreux I 250g\",\"isPartOf\":{\"@id\":\"https:\/\/www.safinel.fr\/#website\"},\"primaryImageOfPage\":{\"@id\":\"https:\/\/www.safinel.fr\/produit\/miel-deucalyptus\/#primaryimage\"},\"image\":{\"@id\":\"https:\/\/www.safinel.fr\/produit\/miel-deucalyptus\/#primaryimage\"},\"thumbnailUrl\":\"https:\/\/www.safinel.fr\/wp-content\/uploads\/2022\/07\/miel-eucalyptus.jpg\",\"datePublished\":\"2022-07-28T11:04:22+00:00\",\"dateModified\":\"2023-12-28T17:15:23+00:00\",\"description\":\"Et s\u2019il \u00e9tait enfin temps de faire la rencontre du\u00a0miel d\u2019eucalyptus du Maroc\u00a0? Tr\u00e8s parfum\u00e9 et tr\u00e8s savoureux d\u00e9couvrez-le rapidement !\",\"breadcrumb\":{\"@id\":\"https:\/\/www.safinel.fr\/produit\/miel-deucalyptus\/#breadcrumb\"},\"inLanguage\":\"de\",\"potentialAction\":[{\"@type\":\"ReadAction\",\"target\":[\"https:\/\/www.safinel.fr\/produit\/miel-deucalyptus\/\"]}]},{\"@type\":\"ImageObject\",\"inLanguage\":\"de\",\"@id\":\"https:\/\/www.safinel.fr\/produit\/miel-deucalyptus\/#primaryimage\",\"url\":\"https:\/\/www.safinel.fr\/wp-content\/uploads\/2022\/07\/miel-eucalyptus.jpg\",\"contentUrl\":\"https:\/\/www.safinel.fr\/wp-content\/uploads\/2022\/07\/miel-eucalyptus.jpg\",\"width\":600,\"height\":600,\"caption\":\"Miel d'eucalyptus du Maroc 250g\"},{\"@type\":\"BreadcrumbList\",\"@id\":\"https:\/\/www.safinel.fr\/produit\/miel-deucalyptus\/#breadcrumb\",\"itemListElement\":[{\"@type\":\"ListItem\",\"position\":1,\"name\":\"Accueil\",\"item\":\"https:\/\/www.safinel.fr\/\"},{\"@type\":\"ListItem\",\"position\":2,\"name\":\"Boutique\",\"item\":\"https:\/\/www.safinel.fr\/boutique\/\"},{\"@type\":\"ListItem\",\"position\":3,\"name\":\"Miel d&rsquo;eucalyptus du Maroc 250g\"}]},{\"@type\":\"WebSite\",\"@id\":\"https:\/\/www.safinel.fr\/#website\",\"url\":\"https:\/\/www.safinel.fr\/\",\"name\":\"Safinel\",\"description\":\"\",\"publisher\":{\"@id\":\"https:\/\/www.safinel.fr\/#organization\"},\"potentialAction\":[{\"@type\":\"SearchAction\",\"target\":{\"@type\":\"EntryPoint\",\"urlTemplate\":\"https:\/\/www.safinel.fr\/?s={search_term_string}\"},\"query-input\":{\"@type\":\"PropertyValueSpecification\",\"valueRequired\":true,\"valueName\":\"search_term_string\"}}],\"inLanguage\":\"de\"},{\"@type\":\"Organization\",\"@id\":\"https:\/\/www.safinel.fr\/#organization\",\"name\":\"Safinel\",\"url\":\"https:\/\/www.safinel.fr\/\",\"logo\":{\"@type\":\"ImageObject\",\"inLanguage\":\"de\",\"@id\":\"https:\/\/www.safinel.fr\/#\/schema\/logo\/image\/\",\"url\":\"https:\/\/www.safinel.fr\/wp-content\/uploads\/2021\/05\/boutique-cosmetique.png\",\"contentUrl\":\"https:\/\/www.safinel.fr\/wp-content\/uploads\/2021\/05\/boutique-cosmetique.png\",\"width\":800,\"height\":200,\"caption\":\"Safinel\"},\"image\":{\"@id\":\"https:\/\/www.safinel.fr\/#\/schema\/logo\/image\/\"}}]}<\/script>\n<!-- \/ Yoast SEO plugin. -->","yoast_head_json":{"title":"Eukalyptushonig aus Marokko I Zahlreiche Vorteile I 250g","description":"Was w\u00e4re, wenn es endlich an der Zeit w\u00e4re, Eukalyptushonig aus Marokko kennenzulernen? Sehr duftend und sehr schmackhaft Entdecken Sie ihn schnell!","robots":{"index":"index","follow":"follow","max-snippet":"max-snippet:-1","max-image-preview":"max-image-preview:large","max-video-preview":"max-video-preview:-1"},"canonical":"https:\/\/www.safinel.fr\/de\/product-2\/leukalyptushonig\/","og_locale":"de_DE","og_type":"article","og_title":"Miel d\u2019eucalyptus du Maroc I Bienfaits nombreux I 250g","og_description":"Et s\u2019il \u00e9tait enfin temps de faire la rencontre du\u00a0miel d\u2019eucalyptus du Maroc\u00a0? Tr\u00e8s parfum\u00e9 et tr\u00e8s savoureux d\u00e9couvrez-le rapidement !","og_url":"https:\/\/www.safinel.fr\/de\/product-2\/leukalyptushonig\/","og_site_name":"Safinel","article_modified_time":"2023-12-28T17:15:23+00:00","og_image":[{"width":600,"height":600,"url":"https:\/\/www.safinel.fr\/wp-content\/uploads\/2022\/07\/miel-eucalyptus.jpg","type":"image\/jpeg"}],"twitter_card":"summary_large_image","twitter_misc":{"Gesch\u00e4tzte Lesezeit":"2\u00a0Minuten"},"schema":{"@context":"https:\/\/schema.org","@graph":[{"@type":"WebPage","@id":"https:\/\/www.safinel.fr\/produit\/miel-deucalyptus\/","url":"https:\/\/www.safinel.fr\/produit\/miel-deucalyptus\/","name":"Eukalyptushonig aus Marokko I Zahlreiche Vorteile I 250g","isPartOf":{"@id":"https:\/\/www.safinel.fr\/#website"},"primaryImageOfPage":{"@id":"https:\/\/www.safinel.fr\/produit\/miel-deucalyptus\/#primaryimage"},"image":{"@id":"https:\/\/www.safinel.fr\/produit\/miel-deucalyptus\/#primaryimage"},"thumbnailUrl":"https:\/\/www.safinel.fr\/wp-content\/uploads\/2022\/07\/miel-eucalyptus.jpg","datePublished":"2022-07-28T11:04:22+00:00","dateModified":"2023-12-28T17:15:23+00:00","description":"Was w\u00e4re, wenn es endlich an der Zeit w\u00e4re, Eukalyptushonig aus Marokko kennenzulernen? Sehr duftend und sehr schmackhaft Entdecken Sie ihn schnell!","breadcrumb":{"@id":"https:\/\/www.safinel.fr\/produit\/miel-deucalyptus\/#breadcrumb"},"inLanguage":"de","potentialAction":[{"@type":"ReadAction","target":["https:\/\/www.safinel.fr\/produit\/miel-deucalyptus\/"]}]},{"@type":"ImageObject","inLanguage":"de","@id":"https:\/\/www.safinel.fr\/produit\/miel-deucalyptus\/#primaryimage","url":"https:\/\/www.safinel.fr\/wp-content\/uploads\/2022\/07\/miel-eucalyptus.jpg","contentUrl":"https:\/\/www.safinel.fr\/wp-content\/uploads\/2022\/07\/miel-eucalyptus.jpg","width":600,"height":600,"caption":"Miel d'eucalyptus du Maroc 250g"},{"@type":"BreadcrumbList","@id":"https:\/\/www.safinel.fr\/produit\/miel-deucalyptus\/#breadcrumb","itemListElement":[{"@type":"ListItem","position":1,"name":"Accueil","item":"https:\/\/www.safinel.fr\/"},{"@type":"ListItem","position":2,"name":"Boutique","item":"https:\/\/www.safinel.fr\/boutique\/"},{"@type":"ListItem","position":3,"name":"Miel d&rsquo;eucalyptus du Maroc 250g"}]},{"@type":"WebSite","@id":"https:\/\/www.safinel.fr\/#website","url":"https:\/\/www.safinel.fr\/","name":"Safinel","description":"","publisher":{"@id":"https:\/\/www.safinel.fr\/#organization"},"potentialAction":[{"@type":"SearchAction","target":{"@type":"EntryPoint","urlTemplate":"https:\/\/www.safinel.fr\/?s={search_term_string}"},"query-input":{"@type":"PropertyValueSpecification","valueRequired":true,"valueName":"search_term_string"}}],"inLanguage":"de"},{"@type":"Organization","@id":"https:\/\/www.safinel.fr\/#organization","name":"Safinel","url":"https:\/\/www.safinel.fr\/","logo":{"@type":"ImageObject","inLanguage":"de","@id":"https:\/\/www.safinel.fr\/#\/schema\/logo\/image\/","url":"https:\/\/www.safinel.fr\/wp-content\/uploads\/2021\/05\/boutique-cosmetique.png","contentUrl":"https:\/\/www.safinel.fr\/wp-content\/uploads\/2021\/05\/boutique-cosmetique.png","width":800,"height":200,"caption":"Safinel"},"image":{"@id":"https:\/\/www.safinel.fr\/#\/schema\/logo\/image\/"}}]}},"_links":{"self":[{"href":"https:\/\/www.safinel.fr\/de\/wp-json\/wp\/v2\/product\/1967","targetHints":{"allow":["GET"]}}],"collection":[{"href":"https:\/\/www.safinel.fr\/de\/wp-json\/wp\/v2\/product"}],"about":[{"href":"https:\/\/www.safinel.fr\/de\/wp-json\/wp\/v2\/types\/product"}],"wp:featuredmedia":[{"embeddable":true,"href":"https:\/\/www.safinel.fr\/de\/wp-json\/wp\/v2\/media\/1942"}],"wp:attachment":[{"href":"https:\/\/www.safinel.fr\/de\/wp-json\/wp\/v2\/media?parent=1967"}],"wp:term":[{"taxonomy":"product_brand","embeddable":true,"href":"https:\/\/www.safinel.fr\/de\/wp-json\/wp\/v2\/product_brand?post=1967"},{"taxonomy":"product_cat","embeddable":true,"href":"https:\/\/www.safinel.fr\/de\/wp-json\/wp\/v2\/product_cat?post=1967"},{"taxonomy":"product_tag","embeddable":true,"href":"https:\/\/www.safinel.fr\/de\/wp-json\/wp\/v2\/product_tag?post=1967"}],"curies":[{"name":"wp","href":"https:\/\/api.w.org\/{rel}","templated":true}]}}