{"id":1966,"date":"2022-07-28T11:02:04","date_gmt":"2022-07-28T11:02:04","guid":{"rendered":"https:\/\/www.safinel.fr\/?post_type=product&#038;p=1966"},"modified":"2025-05-07T20:11:46","modified_gmt":"2025-05-07T20:11:46","slug":"jujubenhonig-aus-marokko","status":"publish","type":"product","link":"https:\/\/www.safinel.fr\/de\/product-2\/jujubenhonig-aus-marokko\/","title":{"rendered":"Marokkanischer Jujubenhonig 250g"},"content":{"rendered":"<p>Der beste Honig der Welt k\u00f6nnte unter uns sein... Wenn einige sich unterscheiden, ist es an Ihnen, Ihre Meinung \u00fcber den\u00a0<strong>Jujubenhonig aus Marokko<\/strong>.<\/p>\n<h2><strong>Der Ursprung des Jujubenhonigs aus Marokko\u00a0<\/strong><\/h2>\n<p>Marokko und seine zahlreichen Landschaften sind eine Freude f\u00fcr unsere kleinen Bienen auf der Suche nach dem ber\u00fchmten und begehrten Nektar. Dar\u00fcber hinaus ist Marokko im Bereich der Bienenzucht sehr bekannt und beehrt uns mit der Begegnung mit dem ber\u00fchmten Obstbaum, dem Jujubenbaum! Dieser wird insbesondere f\u00fcr die Qualit\u00e4t seines Jubujas gesch\u00e4tzt.<strong>\u00a0Bienenstockprodukt<\/strong>.<\/p>\n<p>In der Tat gilt der Nektar des Juju-Baums f\u00fcr einige als einer der besten Honigsorten der Welt und k\u00f6nnte auch Sie verzaubern...<\/p>\n<h2><strong>Entdecken Sie den Honig der Jujube aus Marokko!\u00a0<\/strong><\/h2>\n<p>Ihre Boutique hat eine besondere Vorliebe daf\u00fcr, Produkte vorzustellen, die die M\u00f6glichkeit haben, Sie zufrieden zu stellen! Aus diesem Grund m\u00f6chten wir Ihnen die folgenden Produkte vorstellen\u00a0<strong>Jujubenhonig<\/strong>. Dieser ber\u00fchmte, hat eine cremige Konsistenz, eine braune Farbe, aber vor allem einen sehr angenehmen Geschmack. In einem 250g-Beh\u00e4lter scheint dieser Nektar wie f\u00fcr Naschkatzen gemacht zu sein. Er ist sehr schmackhaft, und wenn Sie ihn einmal unter den Gaumen bekommen haben, bereiten Sie sich auf die Begegnung mit einer\u00a0<strong>nat\u00fcrliche S\u00fc\u00dfigkeit\u00a0<\/strong>die Sie vielleicht \u00fcberraschen wird!<\/p>\n<h2><strong>Die vielen Vorteile des marokkanischen Jujubenhonigs\u00a0<\/strong><\/h2>\n<p>Wenn Sie schon einmal von diesem Honig geh\u00f6rt haben, kennen Sie vielleicht seine zahlreichen positiven Eigenschaften? Wenn nicht, k\u00f6nnen Sie beruhigt sein, denn wir werden versuchen, Ihnen mehr dar\u00fcber zu erz\u00e4hlen.<\/p>\n<p>In der Tat ist dieser\u00a0<strong>nat\u00fcrlicher Nektar<\/strong>\u00a0wird vor allem f\u00fcr seine Vorteile beim \u00dcbergang der Jahreszeiten gesch\u00e4tzt, und zwar vor allem gegen Halsschmerzen und Atemwegsprobleme. Er ist jedoch auch ein Pluspunkt f\u00fcr das Immunsystem und die Energiezufuhr! Gilt als\u00a0<strong>nat\u00fcrliche Nahrungserg\u00e4nzung<\/strong>, Der Honig der marokkanischen Jujube fasziniert.<\/p>\n<h3><strong>\u00dcberraschung, \u00dcberraschung bei Safinel...\u00a0<\/strong><\/h3>\n<p>Sind Sie bereit, Naturprodukte kennen zu lernen, die Sie begeistern k\u00f6nnten? Platz f\u00fcr\u00a0<a href=\"https:\/\/www.safinel.fr\/de\/product-2\/alchemilla-bio-gelules\/\"><strong>Alchemilla bio Kapseln<\/strong><\/a>, Es scheint, dass die Kapseln noch weitere \u00dcberraschungen verbergen...<\/p>","protected":false},"excerpt":{"rendered":"<p>Le meilleur miel du monde serait peut-\u00eatre parmi nous\u2026 Si certains divergent, \u00e0 vous de donner votre avis sur le\u00a0miel de jujubier du Maroc. L\u2019origine du miel de jujubier du Maroc\u00a0 Le Maroc et ses nombreux paysages sont un plaisir pour nos petites abeilles en qu\u00eate du fameux nectar tant convoit\u00e9. De plus, tr\u00e8s connu [&#8230;]","protected":false},"featured_media":1946,"template":"","meta":[],"product_brand":[],"product_cat":[24,70],"product_tag":[],"class_list":{"0":"post-1966","1":"product","2":"type-product","3":"status-publish","4":"has-post-thumbnail","6":"product_cat-apiculture","7":"product_cat-miels-du-maroc","9":"first","10":"instock","11":"shipping-taxable","12":"purchasable","13":"product-type-simple"},"yoast_head":"<!-- This site is optimized with the Yoast SEO plugin v26.6 - https:\/\/yoast.com\/wordpress\/plugins\/seo\/ -->\n<title>Miel de jujubier du Maroc I Sidr marocain par excellence<\/title>\n<meta name=\"description\" content=\"Le meilleur miel du monde serait peut-\u00eatre parmi nous\u2026 Si certains divergent, \u00e0 vous de donner votre avis sur le\u00a0miel de jujubier du Maroc.\" \/>\n<meta name=\"robots\" content=\"index, follow, max-snippet:-1, max-image-preview:large, max-video-preview:-1\" \/>\n<link rel=\"canonical\" href=\"https:\/\/www.safinel.fr\/de\/product-2\/jujubenhonig-aus-marokko\/\" \/>\n<meta property=\"og:locale\" content=\"de_DE\" \/>\n<meta property=\"og:type\" content=\"article\" \/>\n<meta property=\"og:title\" content=\"Miel de jujubier du Maroc I Sidr marocain par excellence\" \/>\n<meta property=\"og:description\" content=\"Le meilleur miel du monde serait peut-\u00eatre parmi nous\u2026 Si certains divergent, \u00e0 vous de donner votre avis sur le\u00a0miel de jujubier du Maroc.\" \/>\n<meta property=\"og:url\" content=\"https:\/\/www.safinel.fr\/de\/product-2\/jujubenhonig-aus-marokko\/\" \/>\n<meta property=\"og:site_name\" content=\"Safinel\" \/>\n<meta property=\"article:modified_time\" content=\"2025-05-07T20:11:46+00:00\" \/>\n<meta property=\"og:image\" content=\"https:\/\/www.safinel.fr\/wp-content\/uploads\/2022\/07\/miel-de-jujubier-du-maroc.jpg\" \/>\n\t<meta property=\"og:image:width\" content=\"600\" \/>\n\t<meta property=\"og:image:height\" content=\"600\" \/>\n\t<meta property=\"og:image:type\" content=\"image\/jpeg\" \/>\n<meta name=\"twitter:card\" content=\"summary_large_image\" \/>\n<meta name=\"twitter:label1\" content=\"Gesch\u00e4tzte Lesezeit\" \/>\n\t<meta name=\"twitter:data1\" content=\"2\u00a0Minuten\" \/>\n<script type=\"application\/ld+json\" class=\"yoast-schema-graph\">{\"@context\":\"https:\/\/schema.org\",\"@graph\":[{\"@type\":\"WebPage\",\"@id\":\"https:\/\/www.safinel.fr\/produit\/miel-de-jujubier-du-maroc\/\",\"url\":\"https:\/\/www.safinel.fr\/produit\/miel-de-jujubier-du-maroc\/\",\"name\":\"Miel de jujubier du Maroc I Sidr marocain par excellence\",\"isPartOf\":{\"@id\":\"https:\/\/www.safinel.fr\/#website\"},\"primaryImageOfPage\":{\"@id\":\"https:\/\/www.safinel.fr\/produit\/miel-de-jujubier-du-maroc\/#primaryimage\"},\"image\":{\"@id\":\"https:\/\/www.safinel.fr\/produit\/miel-de-jujubier-du-maroc\/#primaryimage\"},\"thumbnailUrl\":\"https:\/\/www.safinel.fr\/wp-content\/uploads\/2022\/07\/miel-de-jujubier-du-maroc.jpg\",\"datePublished\":\"2022-07-28T11:02:04+00:00\",\"dateModified\":\"2025-05-07T20:11:46+00:00\",\"description\":\"Le meilleur miel du monde serait peut-\u00eatre parmi nous\u2026 Si certains divergent, \u00e0 vous de donner votre avis sur le\u00a0miel de jujubier du Maroc.\",\"breadcrumb\":{\"@id\":\"https:\/\/www.safinel.fr\/produit\/miel-de-jujubier-du-maroc\/#breadcrumb\"},\"inLanguage\":\"de\",\"potentialAction\":[{\"@type\":\"ReadAction\",\"target\":[\"https:\/\/www.safinel.fr\/produit\/miel-de-jujubier-du-maroc\/\"]}]},{\"@type\":\"ImageObject\",\"inLanguage\":\"de\",\"@id\":\"https:\/\/www.safinel.fr\/produit\/miel-de-jujubier-du-maroc\/#primaryimage\",\"url\":\"https:\/\/www.safinel.fr\/wp-content\/uploads\/2022\/07\/miel-de-jujubier-du-maroc.jpg\",\"contentUrl\":\"https:\/\/www.safinel.fr\/wp-content\/uploads\/2022\/07\/miel-de-jujubier-du-maroc.jpg\",\"width\":600,\"height\":600,\"caption\":\"Miel de jujubier du Maroc 250g\"},{\"@type\":\"BreadcrumbList\",\"@id\":\"https:\/\/www.safinel.fr\/produit\/miel-de-jujubier-du-maroc\/#breadcrumb\",\"itemListElement\":[{\"@type\":\"ListItem\",\"position\":1,\"name\":\"Accueil\",\"item\":\"https:\/\/www.safinel.fr\/\"},{\"@type\":\"ListItem\",\"position\":2,\"name\":\"Boutique\",\"item\":\"https:\/\/www.safinel.fr\/boutique\/\"},{\"@type\":\"ListItem\",\"position\":3,\"name\":\"Miel de jujubier du Maroc 250g\"}]},{\"@type\":\"WebSite\",\"@id\":\"https:\/\/www.safinel.fr\/#website\",\"url\":\"https:\/\/www.safinel.fr\/\",\"name\":\"Safinel\",\"description\":\"\",\"publisher\":{\"@id\":\"https:\/\/www.safinel.fr\/#organization\"},\"potentialAction\":[{\"@type\":\"SearchAction\",\"target\":{\"@type\":\"EntryPoint\",\"urlTemplate\":\"https:\/\/www.safinel.fr\/?s={search_term_string}\"},\"query-input\":{\"@type\":\"PropertyValueSpecification\",\"valueRequired\":true,\"valueName\":\"search_term_string\"}}],\"inLanguage\":\"de\"},{\"@type\":\"Organization\",\"@id\":\"https:\/\/www.safinel.fr\/#organization\",\"name\":\"Safinel\",\"url\":\"https:\/\/www.safinel.fr\/\",\"logo\":{\"@type\":\"ImageObject\",\"inLanguage\":\"de\",\"@id\":\"https:\/\/www.safinel.fr\/#\/schema\/logo\/image\/\",\"url\":\"https:\/\/www.safinel.fr\/wp-content\/uploads\/2021\/05\/boutique-cosmetique.png\",\"contentUrl\":\"https:\/\/www.safinel.fr\/wp-content\/uploads\/2021\/05\/boutique-cosmetique.png\",\"width\":800,\"height\":200,\"caption\":\"Safinel\"},\"image\":{\"@id\":\"https:\/\/www.safinel.fr\/#\/schema\/logo\/image\/\"}}]}<\/script>\n<!-- \/ Yoast SEO plugin. -->","yoast_head_json":{"title":"Marokkanischer Jujubenhonig I Marokkanischer Sidr par excellence","description":"Der beste Honig der Welt k\u00f6nnte unter uns sein... Wenn es unterschiedliche Meinungen gibt, ist es an Ihnen, Ihre Meinung \u00fcber den marokkanischen Jujube-Honig zu \u00e4u\u00dfern.","robots":{"index":"index","follow":"follow","max-snippet":"max-snippet:-1","max-image-preview":"max-image-preview:large","max-video-preview":"max-video-preview:-1"},"canonical":"https:\/\/www.safinel.fr\/de\/product-2\/jujubenhonig-aus-marokko\/","og_locale":"de_DE","og_type":"article","og_title":"Miel de jujubier du Maroc I Sidr marocain par excellence","og_description":"Le meilleur miel du monde serait peut-\u00eatre parmi nous\u2026 Si certains divergent, \u00e0 vous de donner votre avis sur le\u00a0miel de jujubier du Maroc.","og_url":"https:\/\/www.safinel.fr\/de\/product-2\/jujubenhonig-aus-marokko\/","og_site_name":"Safinel","article_modified_time":"2025-05-07T20:11:46+00:00","og_image":[{"width":600,"height":600,"url":"https:\/\/www.safinel.fr\/wp-content\/uploads\/2022\/07\/miel-de-jujubier-du-maroc.jpg","type":"image\/jpeg"}],"twitter_card":"summary_large_image","twitter_misc":{"Gesch\u00e4tzte Lesezeit":"2\u00a0Minuten"},"schema":{"@context":"https:\/\/schema.org","@graph":[{"@type":"WebPage","@id":"https:\/\/www.safinel.fr\/produit\/miel-de-jujubier-du-maroc\/","url":"https:\/\/www.safinel.fr\/produit\/miel-de-jujubier-du-maroc\/","name":"Marokkanischer Jujubenhonig I Marokkanischer Sidr par excellence","isPartOf":{"@id":"https:\/\/www.safinel.fr\/#website"},"primaryImageOfPage":{"@id":"https:\/\/www.safinel.fr\/produit\/miel-de-jujubier-du-maroc\/#primaryimage"},"image":{"@id":"https:\/\/www.safinel.fr\/produit\/miel-de-jujubier-du-maroc\/#primaryimage"},"thumbnailUrl":"https:\/\/www.safinel.fr\/wp-content\/uploads\/2022\/07\/miel-de-jujubier-du-maroc.jpg","datePublished":"2022-07-28T11:02:04+00:00","dateModified":"2025-05-07T20:11:46+00:00","description":"Der beste Honig der Welt k\u00f6nnte unter uns sein... Wenn es unterschiedliche Meinungen gibt, ist es an Ihnen, Ihre Meinung \u00fcber den marokkanischen Jujube-Honig zu \u00e4u\u00dfern.","breadcrumb":{"@id":"https:\/\/www.safinel.fr\/produit\/miel-de-jujubier-du-maroc\/#breadcrumb"},"inLanguage":"de","potentialAction":[{"@type":"ReadAction","target":["https:\/\/www.safinel.fr\/produit\/miel-de-jujubier-du-maroc\/"]}]},{"@type":"ImageObject","inLanguage":"de","@id":"https:\/\/www.safinel.fr\/produit\/miel-de-jujubier-du-maroc\/#primaryimage","url":"https:\/\/www.safinel.fr\/wp-content\/uploads\/2022\/07\/miel-de-jujubier-du-maroc.jpg","contentUrl":"https:\/\/www.safinel.fr\/wp-content\/uploads\/2022\/07\/miel-de-jujubier-du-maroc.jpg","width":600,"height":600,"caption":"Miel de jujubier du Maroc 250g"},{"@type":"BreadcrumbList","@id":"https:\/\/www.safinel.fr\/produit\/miel-de-jujubier-du-maroc\/#breadcrumb","itemListElement":[{"@type":"ListItem","position":1,"name":"Accueil","item":"https:\/\/www.safinel.fr\/"},{"@type":"ListItem","position":2,"name":"Boutique","item":"https:\/\/www.safinel.fr\/boutique\/"},{"@type":"ListItem","position":3,"name":"Miel de jujubier du Maroc 250g"}]},{"@type":"WebSite","@id":"https:\/\/www.safinel.fr\/#website","url":"https:\/\/www.safinel.fr\/","name":"Safinel","description":"","publisher":{"@id":"https:\/\/www.safinel.fr\/#organization"},"potentialAction":[{"@type":"SearchAction","target":{"@type":"EntryPoint","urlTemplate":"https:\/\/www.safinel.fr\/?s={search_term_string}"},"query-input":{"@type":"PropertyValueSpecification","valueRequired":true,"valueName":"search_term_string"}}],"inLanguage":"de"},{"@type":"Organization","@id":"https:\/\/www.safinel.fr\/#organization","name":"Safinel","url":"https:\/\/www.safinel.fr\/","logo":{"@type":"ImageObject","inLanguage":"de","@id":"https:\/\/www.safinel.fr\/#\/schema\/logo\/image\/","url":"https:\/\/www.safinel.fr\/wp-content\/uploads\/2021\/05\/boutique-cosmetique.png","contentUrl":"https:\/\/www.safinel.fr\/wp-content\/uploads\/2021\/05\/boutique-cosmetique.png","width":800,"height":200,"caption":"Safinel"},"image":{"@id":"https:\/\/www.safinel.fr\/#\/schema\/logo\/image\/"}}]}},"_links":{"self":[{"href":"https:\/\/www.safinel.fr\/de\/wp-json\/wp\/v2\/product\/1966","targetHints":{"allow":["GET"]}}],"collection":[{"href":"https:\/\/www.safinel.fr\/de\/wp-json\/wp\/v2\/product"}],"about":[{"href":"https:\/\/www.safinel.fr\/de\/wp-json\/wp\/v2\/types\/product"}],"wp:featuredmedia":[{"embeddable":true,"href":"https:\/\/www.safinel.fr\/de\/wp-json\/wp\/v2\/media\/1946"}],"wp:attachment":[{"href":"https:\/\/www.safinel.fr\/de\/wp-json\/wp\/v2\/media?parent=1966"}],"wp:term":[{"taxonomy":"product_brand","embeddable":true,"href":"https:\/\/www.safinel.fr\/de\/wp-json\/wp\/v2\/product_brand?post=1966"},{"taxonomy":"product_cat","embeddable":true,"href":"https:\/\/www.safinel.fr\/de\/wp-json\/wp\/v2\/product_cat?post=1966"},{"taxonomy":"product_tag","embeddable":true,"href":"https:\/\/www.safinel.fr\/de\/wp-json\/wp\/v2\/product_tag?post=1966"}],"curies":[{"name":"wp","href":"https:\/\/api.w.org\/{rel}","templated":true}]}}