{"id":1965,"date":"2022-07-28T10:59:33","date_gmt":"2022-07-28T10:59:33","guid":{"rendered":"https:\/\/www.safinel.fr\/?post_type=product&#038;p=1965"},"modified":"2024-07-03T01:37:13","modified_gmt":"2024-07-03T01:37:13","slug":"doranger-honig-aus-marokko","status":"publish","type":"product","link":"https:\/\/www.safinel.fr\/de\/product-2\/doranger-honig-aus-marokko\/","title":{"rendered":"Orangenbl\u00fctenhonig aus Marokko 250g"},"content":{"rendered":"<p>Die Sonne kommt heraus, die V\u00f6gel zwitschern und die sch\u00f6nen Tage machen Freude...<strong>\u00a0Bienen sammeln<\/strong>\u00a0Die zarten Bl\u00fcmchen, die sie tragen, haben keine Ruhe. So m\u00f6chten sie, dass man den ber\u00fchmten<strong>\u00a0Orangenhonig aus Marokko<\/strong>. \u00dcberraschung, \u00dcberraschung, einer der begehrtesten Honigsorten des Weinguts steht im Mittelpunkt.<\/p>\n<h2><strong>Orangenbl\u00fctenhonig aus Marokko: Lernen wir uns kennen!\u00a0<\/strong><\/h2>\n<p>Was f\u00fcr ein s\u00fc\u00dfes und angenehmes Gef\u00fchl ist es, die Sonne zu genie\u00dfen und dabei den Orangenhonig aus Marokko zu entdecken. Zun\u00e4chst einmal wird er fast ausschlie\u00dflich in Marokko geerntet.\u00a0<strong>Nektar von Orangenb\u00e4umen<\/strong>, Er wird daher als\u00a0<strong>monofloral<\/strong>.<\/p>\n<p>In seinem h\u00fcbschen, durchsichtigen T\u00f6pfchen mit einem Inhalt von 250 Gramm ist es besonders gesch\u00fctzt aufbewahrt.\u00a0<strong>attraktivstes Elixier<\/strong>. In der Tat, bereiten Sie sich schon bei der Er\u00f6ffnung auf diese Weise darauf vor, in den Bann gezogen zu werden.<\/p>\n<p>Er besitzt eine\u00a0<strong>goldene Farbe und sehr hell.<\/strong>\u00a0Ein sehr fl\u00fcssiges Aussehen und ein fast \u00e4hnlicher Duft wie die\u00a0<strong>Orangenbl\u00fcte<\/strong>.<\/p>\n<p>Au\u00dferdem wird es oft mit Marmelade oder sogar Konfit\u00fcre verglichen.\u00a0<strong>Bienenstockprodukt<\/strong>\u00a0ist einer der beliebtesten... Z\u00f6gern Sie nicht l\u00e4nger, es ist an der Zeit, Ihren Gaumen zu verw\u00f6hnen!<\/p>\n<h2><strong>Stress und Co., marokkanischer Orangenbl\u00fctenhonig kommt zur Rettung\u00a0<\/strong><\/h2>\n<p>Kann der Alltag manchmal ein wenig zu stressig sein?\u00a0<strong>Angst und Unruhe<\/strong>\u00a0sind auf dem Weg zu Ihnen. Es ist also Zeit f\u00fcr Sie, diesen<strong>\u00a0nat\u00fcrliches Elixier<\/strong>\u00a0und seine zahlreichen Vorteile.<\/p>\n<ul>\n<li>In der Tat bekannt als\u00a0<strong>krampfl\u00f6send<\/strong>, Dieser Nektar kann Ihnen also dabei helfen, Ruhe und Gelassenheit zu finden.<\/li>\n<li>Au\u00dferdem wird es als gut f\u00fcr die Verdauung angesehen.<\/li>\n<li>Migr\u00e4ne und Schwierigkeiten beim Schlafen? Diese<strong>\u00a0Nektar<\/strong>\u00a0kann insbesondere eine gro\u00dfe Hilfe sein<\/li>\n<li>Reich an Antioxidantien, kann es f\u00fcr die\u00a0<strong>saisonale Krankheiten<\/strong><\/li>\n<\/ul>\n<h3><strong>Wie w\u00e4re es, wenn Sie in Ihrem Fachgesch\u00e4ft Elixiere aus anderen L\u00e4ndern entdecken w\u00fcrden?<\/strong><\/h3>\n<p>Schnallen Sie sich gut an, wir reisen ein wenig mit\u00a0<strong>Bienenprodukte<\/strong>\u00a0die aus\u00a0<strong>4 Ecken der Welt<\/strong>. Mal sehen, ob Sie ein paar Must-haves kennen!<\/p>\n<ul>\n<li><a href=\"https:\/\/www.safinel.fr\/de\/product-2\/weiser-honig-aus-kirgisistan\/\"><strong>Wei\u00dfer Honig aus Kighizistan<\/strong><\/a><\/li>\n<li><a href=\"https:\/\/www.safinel.fr\/de\/product-2\/nigella-honig\/\"><strong>\u00c4gyptischer Nigella-Honig<\/strong><\/a><\/li>\n<li><strong>Rhododendron aus Frankreich\u00a0<\/strong><\/li>\n<\/ul>\n<p>F\u00fcr alle, die noch nicht die Gelegenheit hatten, diese k\u00f6stlichen nat\u00fcrlichen Nektare zu probieren, z\u00f6gern Sie nicht l\u00e4nger, sie warten nur auf Sie!<\/p>","protected":false},"excerpt":{"rendered":"<p>Le soleil est de sortie, les oiseaux chantonnent et les beaux jours font plaisir \u00e0 voir\u2026\u00a0Les abeilles butinent\u00a0les d\u00e9licates petites fleurs, pas de repos pour ces travailleuses de l\u2019ombre ! Elles souhaitent ainsi que l\u2019on fasse connaissance avec le fameux\u00a0miel d\u2019oranger du Maroc. Surprise, surprise, l&rsquo;un des miels les plus pris\u00e9s du domaine est \u00e0 [&#8230;]","protected":false},"featured_media":1944,"template":"","meta":[],"product_brand":[],"product_cat":[24,70],"product_tag":[],"class_list":{"0":"post-1965","1":"product","2":"type-product","3":"status-publish","4":"has-post-thumbnail","6":"product_cat-apiculture","7":"product_cat-miels-du-maroc","9":"first","10":"outofstock","11":"shipping-taxable","12":"purchasable","13":"product-type-simple"},"yoast_head":"<!-- This site is optimized with the Yoast SEO plugin v26.6 - https:\/\/yoast.com\/wordpress\/plugins\/seo\/ -->\n<title>Miel d&#039;oranger du Maroc I Produit de la ruche incontournable<\/title>\n<meta name=\"description\" content=\"Surprise, surprise, l&#039;un des miels les plus pris\u00e9s du domaine est \u00e0 l\u2019honneur.\u00a0D\u00e9couvrez le Miel d&#039;oranger du Maroc rapidement !\" \/>\n<meta name=\"robots\" content=\"index, follow, max-snippet:-1, max-image-preview:large, max-video-preview:-1\" \/>\n<link rel=\"canonical\" href=\"https:\/\/www.safinel.fr\/de\/product-2\/doranger-honig-aus-marokko\/\" \/>\n<meta property=\"og:locale\" content=\"de_DE\" \/>\n<meta property=\"og:type\" content=\"article\" \/>\n<meta property=\"og:title\" content=\"Miel d&#039;oranger du Maroc I Produit de la ruche incontournable\" \/>\n<meta property=\"og:description\" content=\"Surprise, surprise, l&#039;un des miels les plus pris\u00e9s du domaine est \u00e0 l\u2019honneur.\u00a0D\u00e9couvrez le Miel d&#039;oranger du Maroc rapidement !\" \/>\n<meta property=\"og:url\" content=\"https:\/\/www.safinel.fr\/de\/product-2\/doranger-honig-aus-marokko\/\" \/>\n<meta property=\"og:site_name\" content=\"Safinel\" \/>\n<meta property=\"article:modified_time\" content=\"2024-07-03T01:37:13+00:00\" \/>\n<meta property=\"og:image\" content=\"https:\/\/www.safinel.fr\/wp-content\/uploads\/2022\/07\/miel-doranger.jpg\" \/>\n\t<meta property=\"og:image:width\" content=\"600\" \/>\n\t<meta property=\"og:image:height\" content=\"600\" \/>\n\t<meta property=\"og:image:type\" content=\"image\/jpeg\" \/>\n<meta name=\"twitter:card\" content=\"summary_large_image\" \/>\n<meta name=\"twitter:label1\" content=\"Gesch\u00e4tzte Lesezeit\" \/>\n\t<meta name=\"twitter:data1\" content=\"2\u00a0Minuten\" \/>\n<script type=\"application\/ld+json\" class=\"yoast-schema-graph\">{\"@context\":\"https:\/\/schema.org\",\"@graph\":[{\"@type\":\"WebPage\",\"@id\":\"https:\/\/www.safinel.fr\/produit\/miel-doranger-du-maroc\/\",\"url\":\"https:\/\/www.safinel.fr\/produit\/miel-doranger-du-maroc\/\",\"name\":\"Miel d'oranger du Maroc I Produit de la ruche incontournable\",\"isPartOf\":{\"@id\":\"https:\/\/www.safinel.fr\/#website\"},\"primaryImageOfPage\":{\"@id\":\"https:\/\/www.safinel.fr\/produit\/miel-doranger-du-maroc\/#primaryimage\"},\"image\":{\"@id\":\"https:\/\/www.safinel.fr\/produit\/miel-doranger-du-maroc\/#primaryimage\"},\"thumbnailUrl\":\"https:\/\/www.safinel.fr\/wp-content\/uploads\/2022\/07\/miel-doranger.jpg\",\"datePublished\":\"2022-07-28T10:59:33+00:00\",\"dateModified\":\"2024-07-03T01:37:13+00:00\",\"description\":\"Surprise, surprise, l'un des miels les plus pris\u00e9s du domaine est \u00e0 l\u2019honneur.\u00a0D\u00e9couvrez le Miel d'oranger du Maroc rapidement !\",\"breadcrumb\":{\"@id\":\"https:\/\/www.safinel.fr\/produit\/miel-doranger-du-maroc\/#breadcrumb\"},\"inLanguage\":\"de\",\"potentialAction\":[{\"@type\":\"ReadAction\",\"target\":[\"https:\/\/www.safinel.fr\/produit\/miel-doranger-du-maroc\/\"]}]},{\"@type\":\"ImageObject\",\"inLanguage\":\"de\",\"@id\":\"https:\/\/www.safinel.fr\/produit\/miel-doranger-du-maroc\/#primaryimage\",\"url\":\"https:\/\/www.safinel.fr\/wp-content\/uploads\/2022\/07\/miel-doranger.jpg\",\"contentUrl\":\"https:\/\/www.safinel.fr\/wp-content\/uploads\/2022\/07\/miel-doranger.jpg\",\"width\":600,\"height\":600,\"caption\":\"Miel d'oranger du Maroc\"},{\"@type\":\"BreadcrumbList\",\"@id\":\"https:\/\/www.safinel.fr\/produit\/miel-doranger-du-maroc\/#breadcrumb\",\"itemListElement\":[{\"@type\":\"ListItem\",\"position\":1,\"name\":\"Accueil\",\"item\":\"https:\/\/www.safinel.fr\/\"},{\"@type\":\"ListItem\",\"position\":2,\"name\":\"Boutique\",\"item\":\"https:\/\/www.safinel.fr\/boutique\/\"},{\"@type\":\"ListItem\",\"position\":3,\"name\":\"Miel d&#8217;oranger du Maroc 250g\"}]},{\"@type\":\"WebSite\",\"@id\":\"https:\/\/www.safinel.fr\/#website\",\"url\":\"https:\/\/www.safinel.fr\/\",\"name\":\"Safinel\",\"description\":\"\",\"publisher\":{\"@id\":\"https:\/\/www.safinel.fr\/#organization\"},\"potentialAction\":[{\"@type\":\"SearchAction\",\"target\":{\"@type\":\"EntryPoint\",\"urlTemplate\":\"https:\/\/www.safinel.fr\/?s={search_term_string}\"},\"query-input\":{\"@type\":\"PropertyValueSpecification\",\"valueRequired\":true,\"valueName\":\"search_term_string\"}}],\"inLanguage\":\"de\"},{\"@type\":\"Organization\",\"@id\":\"https:\/\/www.safinel.fr\/#organization\",\"name\":\"Safinel\",\"url\":\"https:\/\/www.safinel.fr\/\",\"logo\":{\"@type\":\"ImageObject\",\"inLanguage\":\"de\",\"@id\":\"https:\/\/www.safinel.fr\/#\/schema\/logo\/image\/\",\"url\":\"https:\/\/www.safinel.fr\/wp-content\/uploads\/2021\/05\/boutique-cosmetique.png\",\"contentUrl\":\"https:\/\/www.safinel.fr\/wp-content\/uploads\/2021\/05\/boutique-cosmetique.png\",\"width\":800,\"height\":200,\"caption\":\"Safinel\"},\"image\":{\"@id\":\"https:\/\/www.safinel.fr\/#\/schema\/logo\/image\/\"}}]}<\/script>\n<!-- \/ Yoast SEO plugin. -->","yoast_head_json":{"title":"Orangenhonig aus Marokko I Unverzichtbares Bienenprodukt","description":"\u00dcberraschung, \u00dcberraschung, einer der beliebtesten Honige der Dom\u00e4ne gibt sich die Ehre. Entdecken Sie den Orangenbl\u00fctenhonig aus Marokko schnell!","robots":{"index":"index","follow":"follow","max-snippet":"max-snippet:-1","max-image-preview":"max-image-preview:large","max-video-preview":"max-video-preview:-1"},"canonical":"https:\/\/www.safinel.fr\/de\/product-2\/doranger-honig-aus-marokko\/","og_locale":"de_DE","og_type":"article","og_title":"Miel d'oranger du Maroc I Produit de la ruche incontournable","og_description":"Surprise, surprise, l'un des miels les plus pris\u00e9s du domaine est \u00e0 l\u2019honneur.\u00a0D\u00e9couvrez le Miel d'oranger du Maroc rapidement !","og_url":"https:\/\/www.safinel.fr\/de\/product-2\/doranger-honig-aus-marokko\/","og_site_name":"Safinel","article_modified_time":"2024-07-03T01:37:13+00:00","og_image":[{"width":600,"height":600,"url":"https:\/\/www.safinel.fr\/wp-content\/uploads\/2022\/07\/miel-doranger.jpg","type":"image\/jpeg"}],"twitter_card":"summary_large_image","twitter_misc":{"Gesch\u00e4tzte Lesezeit":"2\u00a0Minuten"},"schema":{"@context":"https:\/\/schema.org","@graph":[{"@type":"WebPage","@id":"https:\/\/www.safinel.fr\/produit\/miel-doranger-du-maroc\/","url":"https:\/\/www.safinel.fr\/produit\/miel-doranger-du-maroc\/","name":"Orangenhonig aus Marokko I Unverzichtbares Bienenprodukt","isPartOf":{"@id":"https:\/\/www.safinel.fr\/#website"},"primaryImageOfPage":{"@id":"https:\/\/www.safinel.fr\/produit\/miel-doranger-du-maroc\/#primaryimage"},"image":{"@id":"https:\/\/www.safinel.fr\/produit\/miel-doranger-du-maroc\/#primaryimage"},"thumbnailUrl":"https:\/\/www.safinel.fr\/wp-content\/uploads\/2022\/07\/miel-doranger.jpg","datePublished":"2022-07-28T10:59:33+00:00","dateModified":"2024-07-03T01:37:13+00:00","description":"\u00dcberraschung, \u00dcberraschung, einer der beliebtesten Honige der Dom\u00e4ne gibt sich die Ehre. Entdecken Sie den Orangenbl\u00fctenhonig aus Marokko schnell!","breadcrumb":{"@id":"https:\/\/www.safinel.fr\/produit\/miel-doranger-du-maroc\/#breadcrumb"},"inLanguage":"de","potentialAction":[{"@type":"ReadAction","target":["https:\/\/www.safinel.fr\/produit\/miel-doranger-du-maroc\/"]}]},{"@type":"ImageObject","inLanguage":"de","@id":"https:\/\/www.safinel.fr\/produit\/miel-doranger-du-maroc\/#primaryimage","url":"https:\/\/www.safinel.fr\/wp-content\/uploads\/2022\/07\/miel-doranger.jpg","contentUrl":"https:\/\/www.safinel.fr\/wp-content\/uploads\/2022\/07\/miel-doranger.jpg","width":600,"height":600,"caption":"Miel d'oranger du Maroc"},{"@type":"BreadcrumbList","@id":"https:\/\/www.safinel.fr\/produit\/miel-doranger-du-maroc\/#breadcrumb","itemListElement":[{"@type":"ListItem","position":1,"name":"Accueil","item":"https:\/\/www.safinel.fr\/"},{"@type":"ListItem","position":2,"name":"Boutique","item":"https:\/\/www.safinel.fr\/boutique\/"},{"@type":"ListItem","position":3,"name":"Miel d&#8217;oranger du Maroc 250g"}]},{"@type":"WebSite","@id":"https:\/\/www.safinel.fr\/#website","url":"https:\/\/www.safinel.fr\/","name":"Safinel","description":"","publisher":{"@id":"https:\/\/www.safinel.fr\/#organization"},"potentialAction":[{"@type":"SearchAction","target":{"@type":"EntryPoint","urlTemplate":"https:\/\/www.safinel.fr\/?s={search_term_string}"},"query-input":{"@type":"PropertyValueSpecification","valueRequired":true,"valueName":"search_term_string"}}],"inLanguage":"de"},{"@type":"Organization","@id":"https:\/\/www.safinel.fr\/#organization","name":"Safinel","url":"https:\/\/www.safinel.fr\/","logo":{"@type":"ImageObject","inLanguage":"de","@id":"https:\/\/www.safinel.fr\/#\/schema\/logo\/image\/","url":"https:\/\/www.safinel.fr\/wp-content\/uploads\/2021\/05\/boutique-cosmetique.png","contentUrl":"https:\/\/www.safinel.fr\/wp-content\/uploads\/2021\/05\/boutique-cosmetique.png","width":800,"height":200,"caption":"Safinel"},"image":{"@id":"https:\/\/www.safinel.fr\/#\/schema\/logo\/image\/"}}]}},"_links":{"self":[{"href":"https:\/\/www.safinel.fr\/de\/wp-json\/wp\/v2\/product\/1965","targetHints":{"allow":["GET"]}}],"collection":[{"href":"https:\/\/www.safinel.fr\/de\/wp-json\/wp\/v2\/product"}],"about":[{"href":"https:\/\/www.safinel.fr\/de\/wp-json\/wp\/v2\/types\/product"}],"wp:featuredmedia":[{"embeddable":true,"href":"https:\/\/www.safinel.fr\/de\/wp-json\/wp\/v2\/media\/1944"}],"wp:attachment":[{"href":"https:\/\/www.safinel.fr\/de\/wp-json\/wp\/v2\/media?parent=1965"}],"wp:term":[{"taxonomy":"product_brand","embeddable":true,"href":"https:\/\/www.safinel.fr\/de\/wp-json\/wp\/v2\/product_brand?post=1965"},{"taxonomy":"product_cat","embeddable":true,"href":"https:\/\/www.safinel.fr\/de\/wp-json\/wp\/v2\/product_cat?post=1965"},{"taxonomy":"product_tag","embeddable":true,"href":"https:\/\/www.safinel.fr\/de\/wp-json\/wp\/v2\/product_tag?post=1965"}],"curies":[{"name":"wp","href":"https:\/\/api.w.org\/{rel}","templated":true}]}}