{"id":1963,"date":"2022-07-28T10:56:24","date_gmt":"2022-07-28T10:56:24","guid":{"rendered":"https:\/\/www.safinel.fr\/?post_type=product&#038;p=1963"},"modified":"2023-12-28T17:15:21","modified_gmt":"2023-12-28T17:15:21","slug":"nigella-honig","status":"publish","type":"product","link":"https:\/\/www.safinel.fr\/de\/product-2\/nigella-honig\/","title":{"rendered":"Nigella-Honig 250g"},"content":{"rendered":"<p>Haben Sie Lust, mehr Bienenprodukte zu entdecken? Dann machen Sie Bekanntschaft mit einem reichhaltigen Nahrungsmittel, das gut f\u00fcr den K\u00f6rper ist! Es ist an der Zeit, dass Sie den<strong>\u00a0Nigella-Honig<\/strong>\u00a0und die zahlreichen Vorteile, die sich daraus ergeben.<\/p>\n<p>Leckerbissen und Heilmittel geben sich ein Stelldichein in einem schmackhaften Bienenprodukt...<\/p>\n<h2><strong>Honig aus Nigella? Warum nicht ein bisschen mehr wissen?<\/strong><\/h2>\n<p>Haben Sie schon einmal etwas von Nigella geh\u00f6rt? Wenn nicht, k\u00f6nnen Sie sich beruhigen, denn Ihr Wellness-Onlineshop wird Ihnen mehr dar\u00fcber erz\u00e4hlen...<\/p>\n<p>Zun\u00e4chst einmal ist es interessant zu wissen, dass der Nigella eine Pflanze aus der Familie der Hahnenfu\u00dfgew\u00e4chse ist. Der Nigella, <a href=\"https:\/\/www.huiles-de-nigelle.com\/collection\/miel-de-nigelle\/\" target=\"_blank\" rel=\"noopener\"><strong>auch Schwarzk\u00fcmmel genannt<\/strong><\/a>, Die meisten Menschen, die sich mit dem Thema Ern\u00e4hrung besch\u00e4ftigen, kennen die Bedeutung von Alkohol f\u00fcr die Gesundheit.<\/p>\n<p>Aus diesem Grund m\u00f6chte Ihnen Ihr Safinel-Shop den Schwarzk\u00fcmmelhonig n\u00e4her bringen! Welcher dieser insbesondere f\u00fcr seinen Geschmack sehr bekannt ist.<\/p>\n<h2><strong>Safinel macht die Pr\u00e4sentationen mit dem ber\u00fchmten schwarzen Nigella-Honig!\u00a0<\/strong><\/h2>\n<p>Habba sawda, oder schwarzer Honig; dieser Nektar wird als ein\u00a0<strong>einbl\u00fctiger Honig<\/strong>... Das bedeutet, dass er das unglaubliche Ergebnis der Bienen ist, die an der Nigella-Bl\u00fcte sammeln.<\/p>\n<p>Sind Sie bereit, diesem begehrten Nektar endlich zu begegnen? In der Safinel-Boutique finden Sie ihn f\u00fcr alle Feinschmecker. In einem durchsichtigen Glas befindet sich der dunkle Nektar. Das 250-Gramm-Beh\u00e4ltnis ist ein echtes Plus f\u00fcr alle, die diesen Honig dauerhaft genie\u00dfen m\u00f6chten.<\/p>\n<p>Wenn dieser<strong>\u00a0Elixier ist 100% nat\u00fcrlich<\/strong>, Es ist wichtig zu wissen, dass es von guten Imkern geschickt entworfen wurde.<\/p>\n<h2><strong>Einige n\u00fctzliche Tipps f\u00fcr schwarzen Nigella-Honig<\/strong><\/h2>\n<p>Wie die meisten Honigsorten hat auch der Schwarzk\u00fcmmelhonig k\u00f6rperpflegende Eigenschaften. Er wird in der Regel als\u2019<strong>alicament<\/strong>\u00a0um den K\u00f6rper w\u00e4hrend der saisonalen \u00dcberg\u00e4nge zu unterst\u00fctzen. Er kann aber auch einfach nur wegen seines Aromas und Geschmacks genossen werden.<\/p>\n<p>Schwarzk\u00fcmmelhonig ist der perfekte Begleiter f\u00fcr Ihren morgendlichen Toast oder Ihr Hei\u00dfgetr\u00e4nk.<\/p>\n<p>\u00dcbrigens: Wenn Sie es als Nahrungserg\u00e4nzungsmittel nutzen m\u00f6chten, ist das ganz einfach! Sie haben die Wahl, ob Sie sich eine kleine Kur g\u00f6nnen oder es einfach bei Bedarf konsumieren m\u00f6chten. Wussten Sie, dass der<strong>\u00a0Honig Habba sawda<\/strong>\u00a0jeden Morgen auf n\u00fcchternen Magen eingenommen wird, ist gut f\u00fcr den K\u00f6rper? Da er sehr gut f\u00fcr die Verdauung und den Cholesterinspiegel ist, k\u00f6nnte dieser Nektar auch Sie begeistern!<\/p>\n<h3><strong>Sie k\u00f6nnen auch entdecken...<\/strong><\/h3>\n<p>Ihr Safinel-Shop liebt es, Sie zu \u00fcberraschen, und m\u00f6chte deshalb Produkte vorstellen, die Ihnen im Alltag n\u00fctzlich sind.<\/p>\n<p>Warum begleiten Sie Ihren neuen<strong>\u00a0schwarzer Honig<\/strong>\u00a0mit einem Kr\u00e4utertee?\u00a0<strong><a href=\"https:\/\/www.safinel.fr\/de\/product-2\/kirschschwanze\/\">Kirschschwanz<\/a>\u00a0<\/strong>oder<strong>\u00a0<a href=\"https:\/\/www.safinel.fr\/de\/product-2\/susholztee\/\">Lakritztee<\/a><\/strong>\u00a0zum Beispiel sind echte Vorteile bei der Bek\u00e4mpfung von Alltagsbeschwerden! Ob Harnwegsprobleme oder Gelenkschmerzen, diese Tees besitzen zahlreiche positive Eigenschaften, die Ihnen helfen k\u00f6nnen.<\/p>\n<p>Aus diesem Grund m\u00f6chte Safinel sie Ihnen vorstellen, damit auch Sie sie geb\u00fchrend genie\u00dfen k\u00f6nnen!<\/p>","protected":false},"excerpt":{"rendered":"<p>M\u00f6chten Sie weitere Produkte aus dem Bienenstock entdecken? Dann lernen Sie ein reichhaltiges und gesundheitsf\u00f6rderndes Lebensmittel kennen! Es ist Zeit, dass Sie den Nigella-Honig und seine zahlreichen Vorteile entdecken. Genuss und Heilmittel vereinen sich in einem k\u00f6stlichen Produkt aus dem Bienenstock... Nigella-Honig? [\u2026]","protected":false},"featured_media":1964,"template":"","meta":[],"product_brand":[],"product_cat":[24],"product_tag":[],"class_list":{"0":"post-1963","1":"product","2":"type-product","3":"status-publish","4":"has-post-thumbnail","6":"product_cat-apiculture","8":"first","9":"outofstock","10":"shipping-taxable","11":"purchasable","12":"product-type-simple"},"yoast_head":"<!-- This site is optimized with the Yoast SEO plugin v26.6 - https:\/\/yoast.com\/wordpress\/plugins\/seo\/ -->\n<title>Miel de nigelle I Miel noir habba sawda I Bienfaits nombreux<\/title>\n<meta name=\"description\" content=\"Il est temps de vous laisser d\u00e9couvrir le\u00a0miel de nigelle\u00a0et les nombreux bienfaits qui en d\u00e9coulent.\u00a0Adoptez-le en quelques clics !\" \/>\n<meta name=\"robots\" content=\"index, follow, max-snippet:-1, max-image-preview:large, max-video-preview:-1\" \/>\n<link rel=\"canonical\" href=\"https:\/\/www.safinel.fr\/de\/product-2\/nigella-honig\/\" \/>\n<meta property=\"og:locale\" content=\"de_DE\" \/>\n<meta property=\"og:type\" content=\"article\" \/>\n<meta property=\"og:title\" content=\"Miel de nigelle I Miel noir habba sawda I Bienfaits nombreux\" \/>\n<meta property=\"og:description\" content=\"Il est temps de vous laisser d\u00e9couvrir le\u00a0miel de nigelle\u00a0et les nombreux bienfaits qui en d\u00e9coulent.\u00a0Adoptez-le en quelques clics !\" \/>\n<meta property=\"og:url\" content=\"https:\/\/www.safinel.fr\/de\/product-2\/nigella-honig\/\" \/>\n<meta property=\"og:site_name\" content=\"Safinel\" \/>\n<meta property=\"article:modified_time\" content=\"2023-12-28T17:15:21+00:00\" \/>\n<meta property=\"og:image\" content=\"https:\/\/www.safinel.fr\/wp-content\/uploads\/2022\/07\/miel-de-nigelle-1.jpg\" \/>\n\t<meta property=\"og:image:width\" content=\"600\" \/>\n\t<meta property=\"og:image:height\" content=\"600\" \/>\n\t<meta property=\"og:image:type\" content=\"image\/jpeg\" \/>\n<meta name=\"twitter:card\" content=\"summary_large_image\" \/>\n<meta name=\"twitter:label1\" content=\"Gesch\u00e4tzte Lesezeit\" \/>\n\t<meta name=\"twitter:data1\" content=\"3\u00a0Minuten\" \/>\n<script type=\"application\/ld+json\" class=\"yoast-schema-graph\">{\"@context\":\"https:\/\/schema.org\",\"@graph\":[{\"@type\":\"WebPage\",\"@id\":\"https:\/\/www.safinel.fr\/produit\/miel-de-nigelle\/\",\"url\":\"https:\/\/www.safinel.fr\/produit\/miel-de-nigelle\/\",\"name\":\"Miel de nigelle I Miel noir habba sawda I Bienfaits nombreux\",\"isPartOf\":{\"@id\":\"https:\/\/www.safinel.fr\/#website\"},\"primaryImageOfPage\":{\"@id\":\"https:\/\/www.safinel.fr\/produit\/miel-de-nigelle\/#primaryimage\"},\"image\":{\"@id\":\"https:\/\/www.safinel.fr\/produit\/miel-de-nigelle\/#primaryimage\"},\"thumbnailUrl\":\"https:\/\/www.safinel.fr\/wp-content\/uploads\/2022\/07\/miel-de-nigelle-1.jpg\",\"datePublished\":\"2022-07-28T10:56:24+00:00\",\"dateModified\":\"2023-12-28T17:15:21+00:00\",\"description\":\"Il est temps de vous laisser d\u00e9couvrir le\u00a0miel de nigelle\u00a0et les nombreux bienfaits qui en d\u00e9coulent.\u00a0Adoptez-le en quelques clics !\",\"breadcrumb\":{\"@id\":\"https:\/\/www.safinel.fr\/produit\/miel-de-nigelle\/#breadcrumb\"},\"inLanguage\":\"de\",\"potentialAction\":[{\"@type\":\"ReadAction\",\"target\":[\"https:\/\/www.safinel.fr\/produit\/miel-de-nigelle\/\"]}]},{\"@type\":\"ImageObject\",\"inLanguage\":\"de\",\"@id\":\"https:\/\/www.safinel.fr\/produit\/miel-de-nigelle\/#primaryimage\",\"url\":\"https:\/\/www.safinel.fr\/wp-content\/uploads\/2022\/07\/miel-de-nigelle-1.jpg\",\"contentUrl\":\"https:\/\/www.safinel.fr\/wp-content\/uploads\/2022\/07\/miel-de-nigelle-1.jpg\",\"width\":600,\"height\":600,\"caption\":\"Miel de nigelle 250g\"},{\"@type\":\"BreadcrumbList\",\"@id\":\"https:\/\/www.safinel.fr\/produit\/miel-de-nigelle\/#breadcrumb\",\"itemListElement\":[{\"@type\":\"ListItem\",\"position\":1,\"name\":\"Accueil\",\"item\":\"https:\/\/www.safinel.fr\/\"},{\"@type\":\"ListItem\",\"position\":2,\"name\":\"Boutique\",\"item\":\"https:\/\/www.safinel.fr\/boutique\/\"},{\"@type\":\"ListItem\",\"position\":3,\"name\":\"Miel de nigelle 250g\"}]},{\"@type\":\"WebSite\",\"@id\":\"https:\/\/www.safinel.fr\/#website\",\"url\":\"https:\/\/www.safinel.fr\/\",\"name\":\"Safinel\",\"description\":\"\",\"publisher\":{\"@id\":\"https:\/\/www.safinel.fr\/#organization\"},\"potentialAction\":[{\"@type\":\"SearchAction\",\"target\":{\"@type\":\"EntryPoint\",\"urlTemplate\":\"https:\/\/www.safinel.fr\/?s={search_term_string}\"},\"query-input\":{\"@type\":\"PropertyValueSpecification\",\"valueRequired\":true,\"valueName\":\"search_term_string\"}}],\"inLanguage\":\"de\"},{\"@type\":\"Organization\",\"@id\":\"https:\/\/www.safinel.fr\/#organization\",\"name\":\"Safinel\",\"url\":\"https:\/\/www.safinel.fr\/\",\"logo\":{\"@type\":\"ImageObject\",\"inLanguage\":\"de\",\"@id\":\"https:\/\/www.safinel.fr\/#\/schema\/logo\/image\/\",\"url\":\"https:\/\/www.safinel.fr\/wp-content\/uploads\/2021\/05\/boutique-cosmetique.png\",\"contentUrl\":\"https:\/\/www.safinel.fr\/wp-content\/uploads\/2021\/05\/boutique-cosmetique.png\",\"width\":800,\"height\":200,\"caption\":\"Safinel\"},\"image\":{\"@id\":\"https:\/\/www.safinel.fr\/#\/schema\/logo\/image\/\"}}]}<\/script>\n<!-- \/ Yoast SEO plugin. -->","yoast_head_json":{"title":"Schwarzk\u00fcmmelhonig I Dunkler Honig Habba Sawda I Zahlreiche Vorteile","description":"Es ist an der Zeit, dass Sie den Schwarzk\u00fcmmelhonig und die vielen Vorteile, die er mit sich bringt, f\u00fcr sich entdecken. Adoptieren Sie ihn mit wenigen Klicks!","robots":{"index":"index","follow":"follow","max-snippet":"max-snippet:-1","max-image-preview":"max-image-preview:large","max-video-preview":"max-video-preview:-1"},"canonical":"https:\/\/www.safinel.fr\/de\/product-2\/nigella-honig\/","og_locale":"de_DE","og_type":"article","og_title":"Miel de nigelle I Miel noir habba sawda I Bienfaits nombreux","og_description":"Il est temps de vous laisser d\u00e9couvrir le\u00a0miel de nigelle\u00a0et les nombreux bienfaits qui en d\u00e9coulent.\u00a0Adoptez-le en quelques clics !","og_url":"https:\/\/www.safinel.fr\/de\/product-2\/nigella-honig\/","og_site_name":"Safinel","article_modified_time":"2023-12-28T17:15:21+00:00","og_image":[{"width":600,"height":600,"url":"https:\/\/www.safinel.fr\/wp-content\/uploads\/2022\/07\/miel-de-nigelle-1.jpg","type":"image\/jpeg"}],"twitter_card":"summary_large_image","twitter_misc":{"Gesch\u00e4tzte Lesezeit":"3\u00a0Minuten"},"schema":{"@context":"https:\/\/schema.org","@graph":[{"@type":"WebPage","@id":"https:\/\/www.safinel.fr\/produit\/miel-de-nigelle\/","url":"https:\/\/www.safinel.fr\/produit\/miel-de-nigelle\/","name":"Schwarzk\u00fcmmelhonig I Dunkler Honig Habba Sawda I Zahlreiche Vorteile","isPartOf":{"@id":"https:\/\/www.safinel.fr\/#website"},"primaryImageOfPage":{"@id":"https:\/\/www.safinel.fr\/produit\/miel-de-nigelle\/#primaryimage"},"image":{"@id":"https:\/\/www.safinel.fr\/produit\/miel-de-nigelle\/#primaryimage"},"thumbnailUrl":"https:\/\/www.safinel.fr\/wp-content\/uploads\/2022\/07\/miel-de-nigelle-1.jpg","datePublished":"2022-07-28T10:56:24+00:00","dateModified":"2023-12-28T17:15:21+00:00","description":"Es ist an der Zeit, dass Sie den Schwarzk\u00fcmmelhonig und die vielen Vorteile, die er mit sich bringt, f\u00fcr sich entdecken. Adoptieren Sie ihn mit wenigen Klicks!","breadcrumb":{"@id":"https:\/\/www.safinel.fr\/produit\/miel-de-nigelle\/#breadcrumb"},"inLanguage":"de","potentialAction":[{"@type":"ReadAction","target":["https:\/\/www.safinel.fr\/produit\/miel-de-nigelle\/"]}]},{"@type":"ImageObject","inLanguage":"de","@id":"https:\/\/www.safinel.fr\/produit\/miel-de-nigelle\/#primaryimage","url":"https:\/\/www.safinel.fr\/wp-content\/uploads\/2022\/07\/miel-de-nigelle-1.jpg","contentUrl":"https:\/\/www.safinel.fr\/wp-content\/uploads\/2022\/07\/miel-de-nigelle-1.jpg","width":600,"height":600,"caption":"Miel de nigelle 250g"},{"@type":"BreadcrumbList","@id":"https:\/\/www.safinel.fr\/produit\/miel-de-nigelle\/#breadcrumb","itemListElement":[{"@type":"ListItem","position":1,"name":"Accueil","item":"https:\/\/www.safinel.fr\/"},{"@type":"ListItem","position":2,"name":"Boutique","item":"https:\/\/www.safinel.fr\/boutique\/"},{"@type":"ListItem","position":3,"name":"Miel de nigelle 250g"}]},{"@type":"WebSite","@id":"https:\/\/www.safinel.fr\/#website","url":"https:\/\/www.safinel.fr\/","name":"Safinel","description":"","publisher":{"@id":"https:\/\/www.safinel.fr\/#organization"},"potentialAction":[{"@type":"SearchAction","target":{"@type":"EntryPoint","urlTemplate":"https:\/\/www.safinel.fr\/?s={search_term_string}"},"query-input":{"@type":"PropertyValueSpecification","valueRequired":true,"valueName":"search_term_string"}}],"inLanguage":"de"},{"@type":"Organization","@id":"https:\/\/www.safinel.fr\/#organization","name":"Safinel","url":"https:\/\/www.safinel.fr\/","logo":{"@type":"ImageObject","inLanguage":"de","@id":"https:\/\/www.safinel.fr\/#\/schema\/logo\/image\/","url":"https:\/\/www.safinel.fr\/wp-content\/uploads\/2021\/05\/boutique-cosmetique.png","contentUrl":"https:\/\/www.safinel.fr\/wp-content\/uploads\/2021\/05\/boutique-cosmetique.png","width":800,"height":200,"caption":"Safinel"},"image":{"@id":"https:\/\/www.safinel.fr\/#\/schema\/logo\/image\/"}}]}},"_links":{"self":[{"href":"https:\/\/www.safinel.fr\/de\/wp-json\/wp\/v2\/product\/1963","targetHints":{"allow":["GET"]}}],"collection":[{"href":"https:\/\/www.safinel.fr\/de\/wp-json\/wp\/v2\/product"}],"about":[{"href":"https:\/\/www.safinel.fr\/de\/wp-json\/wp\/v2\/types\/product"}],"wp:featuredmedia":[{"embeddable":true,"href":"https:\/\/www.safinel.fr\/de\/wp-json\/wp\/v2\/media\/1964"}],"wp:attachment":[{"href":"https:\/\/www.safinel.fr\/de\/wp-json\/wp\/v2\/media?parent=1963"}],"wp:term":[{"taxonomy":"product_brand","embeddable":true,"href":"https:\/\/www.safinel.fr\/de\/wp-json\/wp\/v2\/product_brand?post=1963"},{"taxonomy":"product_cat","embeddable":true,"href":"https:\/\/www.safinel.fr\/de\/wp-json\/wp\/v2\/product_cat?post=1963"},{"taxonomy":"product_tag","embeddable":true,"href":"https:\/\/www.safinel.fr\/de\/wp-json\/wp\/v2\/product_tag?post=1963"}],"curies":[{"name":"wp","href":"https:\/\/api.w.org\/{rel}","templated":true}]}}