{"id":1959,"date":"2022-07-28T10:47:15","date_gmt":"2022-07-28T10:47:15","guid":{"rendered":"https:\/\/www.safinel.fr\/?post_type=product&#038;p=1959"},"modified":"2024-03-04T17:11:19","modified_gmt":"2024-03-04T17:11:19","slug":"libidomiel","status":"publish","type":"product","link":"https:\/\/www.safinel.fr\/de\/product-2\/libidomiel\/","title":{"rendered":"Libidomiel 250g"},"content":{"rendered":"<p>M\u00fcdigkeit, Stress und Angstzust\u00e4nde k\u00f6nnen Hauptfaktoren f\u00fcr einen R\u00fcckgang der Libido sein! Aus diesem Grund m\u00f6chte Ihr Online-Wellness-Shop den<strong>\u00a0libidomiel\u00a0<\/strong>!<\/p>\n<h2><strong>Was ist Libidomiel?\u00a0<\/strong><\/h2>\n<p>Sie sind neugierig, mehr \u00fcber diesen Nektar zu erfahren... Er tr\u00e4gt den Spitznamen Libidomiel und das wegen seiner Vorteile f\u00fcr die Intimit\u00e4t. In der Tat, sehr gesch\u00e4tzt f\u00fcr seinen Geschmack und sein Aroma, ist er auch ein echter Vorteil als\u00a0<strong>sexuelles Stimulans<\/strong>.<\/p>\n<p>Sowohl f\u00fcr die Frau als auch f\u00fcr den Mann dieses<strong>\u00a0Bienenstockprodukt<\/strong>\u00a0geschickt gestaltet, stellt f\u00fcr manche einen wahren Schatz dar.<\/p>\n<h2><strong>Auf Tuchf\u00fchlung mit Libidomiel bei Safinel\u00a0<\/strong><\/h2>\n<p>Ihre Wellness-Boutique freut sich immer sehr, wenn Sie hochwertige Produkte entdecken! Deshalb steht das ber\u00fchmte Libidomiel ganz oben auf der Liste! Dieser besitzt eine nat\u00fcrliche Zusammensetzung, insbesondere mit dem<strong>\u00a0<a href=\"https:\/\/www.safinel.fr\/de\/product-2\/jujubenhonig-aus-marokko\/\">Jujubenhonig aus Marokko<\/a><\/strong>, Es scheint ein Pluspunkt zu sein, um Ihre Intimit\u00e4t zu verbessern.<\/p>\n<p>Er wird in einem 250g-Glas angeboten und ist ideal f\u00fcr diejenigen, die diesen Nektar dauerhaft genie\u00dfen m\u00f6chten. Dieser Honig ist cremig und sehr schmackhaft und k\u00f6nnte auch f\u00fcr Sie n\u00fctzlich sein!<\/p>\n<h2><strong>Die vielen Qualit\u00e4ten von libidomiel\u00a0<\/strong><\/h2>\n<p>Wenn seine nat\u00fcrliche Zusammensetzung einen nicht zu vernachl\u00e4ssigenden Vorteil in Bezug auf seine Qualit\u00e4t darstellt, dann stellen Sie sich die zahlreichen positiven Eigenschaften vor, die sich daraus ergeben...<\/p>\n<p>Wie bei den meisten Honigsorten hilft er gegen bestimmte Krankheiten, vor allem gegen solche, die in der Zwischensaison auftreten. So zum Beispiel Husten oder auch Erk\u00e4ltungen.<\/p>\n<p>Dar\u00fcber hinaus ist Libidomiel auch eine Gelegenheit f\u00fcr diejenigen, die sich w\u00fcnschen\u00a0<strong>ihre Sexualit\u00e4t aufpeppen\u00a0<\/strong>! Denn mit diesem Nektar haben Sie die M\u00f6glichkeit, die Temperatur zu erh\u00f6hen und so die\u2019<strong>Ihre Libido steigern<\/strong>.<\/p>\n<h3><strong>Lernen Sie auch die...\u00a0<\/strong><\/h3>\n<p>Safinel ist immer p\u00fcnktlich am Treffpunkt, damit Sie neue Naturprodukte entdecken k\u00f6nnen! Haben Sie schon einmal von\u2019<a href=\"https:\/\/www.safinel.fr\/de\/product-2\/kigelia-africana-ol\/\"><strong>Kigelia africana-\u00d6l<\/strong><\/a>\u00a0? Falls nicht, k\u00f6nnen Sie beruhigt sein, denn Sie haben immer noch die M\u00f6glichkeit, ihn im Gesch\u00e4ft zu entdecken!<\/p>","protected":false},"excerpt":{"rendered":"<p><strong>Zusammensetzung :<\/strong><\/p>\n<ul>\n<li>Marokkanischer Jujubenhonig<\/li>\n<li><a href=\"https:\/\/www.safinel.fr\/de\/product-2\/pueraria-mirifica\/\"><strong>Pueraria mirifica<\/strong><\/a><\/li>\n<li>Shatavari<\/li>\n<li>Maca<\/li>\n<li>Kacip Fatima<\/li>\n<\/ul>\n<p><strong>\u26a0\ufe0f Vor Gebrauch gut mischen \u26a0\ufe0f<\/strong><\/p>","protected":false},"featured_media":1949,"template":"","meta":[],"product_brand":[],"product_cat":[24,72],"product_tag":[],"class_list":{"0":"post-1959","1":"product","2":"type-product","3":"status-publish","4":"has-post-thumbnail","6":"product_cat-apiculture","7":"product_cat-miel-aphrodisiaque","9":"first","10":"outofstock","11":"shipping-taxable","12":"purchasable","13":"product-type-simple"},"yoast_head":"<!-- This site is optimized with the Yoast SEO plugin v26.6 - https:\/\/yoast.com\/wordpress\/plugins\/seo\/ -->\n<title>Libidomiel I Le produit de la ruche qui booste votre libido<\/title>\n<meta name=\"description\" content=\"La fatigue, le stress, et l\u2019anxi\u00e9t\u00e9 peuvent \u00eatre des facteurs majeurs \u00e0 la baisse de libido ! C\u2019est pour cela que nous vous proposons le\u00a0libidomiel\u00a0!\u00a0\" \/>\n<meta name=\"robots\" content=\"index, follow, max-snippet:-1, max-image-preview:large, max-video-preview:-1\" \/>\n<link rel=\"canonical\" href=\"https:\/\/www.safinel.fr\/de\/product-2\/libidomiel\/\" \/>\n<meta property=\"og:locale\" content=\"de_DE\" \/>\n<meta property=\"og:type\" content=\"article\" \/>\n<meta property=\"og:title\" content=\"Libidomiel I Le produit de la ruche qui booste votre libido\" \/>\n<meta property=\"og:description\" content=\"La fatigue, le stress, et l\u2019anxi\u00e9t\u00e9 peuvent \u00eatre des facteurs majeurs \u00e0 la baisse de libido ! C\u2019est pour cela que nous vous proposons le\u00a0libidomiel\u00a0!\u00a0\" \/>\n<meta property=\"og:url\" content=\"https:\/\/www.safinel.fr\/de\/product-2\/libidomiel\/\" \/>\n<meta property=\"og:site_name\" content=\"Safinel\" \/>\n<meta property=\"article:modified_time\" content=\"2024-03-04T17:11:19+00:00\" \/>\n<meta property=\"og:image\" content=\"https:\/\/www.safinel.fr\/wp-content\/uploads\/2022\/07\/libidomiel.jpg\" \/>\n\t<meta property=\"og:image:width\" content=\"600\" \/>\n\t<meta property=\"og:image:height\" content=\"600\" \/>\n\t<meta property=\"og:image:type\" content=\"image\/jpeg\" \/>\n<meta name=\"twitter:card\" content=\"summary_large_image\" \/>\n<meta name=\"twitter:label1\" content=\"Gesch\u00e4tzte Lesezeit\" \/>\n\t<meta name=\"twitter:data1\" content=\"2\u00a0Minuten\" \/>\n<script type=\"application\/ld+json\" class=\"yoast-schema-graph\">{\"@context\":\"https:\/\/schema.org\",\"@graph\":[{\"@type\":\"WebPage\",\"@id\":\"https:\/\/www.safinel.fr\/produit\/libidomiel\/\",\"url\":\"https:\/\/www.safinel.fr\/produit\/libidomiel\/\",\"name\":\"Libidomiel I Le produit de la ruche qui booste votre libido\",\"isPartOf\":{\"@id\":\"https:\/\/www.safinel.fr\/#website\"},\"primaryImageOfPage\":{\"@id\":\"https:\/\/www.safinel.fr\/produit\/libidomiel\/#primaryimage\"},\"image\":{\"@id\":\"https:\/\/www.safinel.fr\/produit\/libidomiel\/#primaryimage\"},\"thumbnailUrl\":\"https:\/\/www.safinel.fr\/wp-content\/uploads\/2022\/07\/libidomiel.jpg\",\"datePublished\":\"2022-07-28T10:47:15+00:00\",\"dateModified\":\"2024-03-04T17:11:19+00:00\",\"description\":\"La fatigue, le stress, et l\u2019anxi\u00e9t\u00e9 peuvent \u00eatre des facteurs majeurs \u00e0 la baisse de libido ! C\u2019est pour cela que nous vous proposons le\u00a0libidomiel\u00a0!\u00a0\",\"breadcrumb\":{\"@id\":\"https:\/\/www.safinel.fr\/produit\/libidomiel\/#breadcrumb\"},\"inLanguage\":\"de\",\"potentialAction\":[{\"@type\":\"ReadAction\",\"target\":[\"https:\/\/www.safinel.fr\/produit\/libidomiel\/\"]}]},{\"@type\":\"ImageObject\",\"inLanguage\":\"de\",\"@id\":\"https:\/\/www.safinel.fr\/produit\/libidomiel\/#primaryimage\",\"url\":\"https:\/\/www.safinel.fr\/wp-content\/uploads\/2022\/07\/libidomiel.jpg\",\"contentUrl\":\"https:\/\/www.safinel.fr\/wp-content\/uploads\/2022\/07\/libidomiel.jpg\",\"width\":600,\"height\":600,\"caption\":\"Libidomiel 250g\"},{\"@type\":\"BreadcrumbList\",\"@id\":\"https:\/\/www.safinel.fr\/produit\/libidomiel\/#breadcrumb\",\"itemListElement\":[{\"@type\":\"ListItem\",\"position\":1,\"name\":\"Accueil\",\"item\":\"https:\/\/www.safinel.fr\/\"},{\"@type\":\"ListItem\",\"position\":2,\"name\":\"Boutique\",\"item\":\"https:\/\/www.safinel.fr\/boutique\/\"},{\"@type\":\"ListItem\",\"position\":3,\"name\":\"Libidomiel 250g\"}]},{\"@type\":\"WebSite\",\"@id\":\"https:\/\/www.safinel.fr\/#website\",\"url\":\"https:\/\/www.safinel.fr\/\",\"name\":\"Safinel\",\"description\":\"\",\"publisher\":{\"@id\":\"https:\/\/www.safinel.fr\/#organization\"},\"potentialAction\":[{\"@type\":\"SearchAction\",\"target\":{\"@type\":\"EntryPoint\",\"urlTemplate\":\"https:\/\/www.safinel.fr\/?s={search_term_string}\"},\"query-input\":{\"@type\":\"PropertyValueSpecification\",\"valueRequired\":true,\"valueName\":\"search_term_string\"}}],\"inLanguage\":\"de\"},{\"@type\":\"Organization\",\"@id\":\"https:\/\/www.safinel.fr\/#organization\",\"name\":\"Safinel\",\"url\":\"https:\/\/www.safinel.fr\/\",\"logo\":{\"@type\":\"ImageObject\",\"inLanguage\":\"de\",\"@id\":\"https:\/\/www.safinel.fr\/#\/schema\/logo\/image\/\",\"url\":\"https:\/\/www.safinel.fr\/wp-content\/uploads\/2021\/05\/boutique-cosmetique.png\",\"contentUrl\":\"https:\/\/www.safinel.fr\/wp-content\/uploads\/2021\/05\/boutique-cosmetique.png\",\"width\":800,\"height\":200,\"caption\":\"Safinel\"},\"image\":{\"@id\":\"https:\/\/www.safinel.fr\/#\/schema\/logo\/image\/\"}}]}<\/script>\n<!-- \/ Yoast SEO plugin. -->","yoast_head_json":{"title":"Libidomiel I Das Bienenprodukt, das Ihre Libido steigert","description":"M\u00fcdigkeit, Stress und Angstzust\u00e4nde k\u00f6nnen Hauptfaktoren f\u00fcr einen R\u00fcckgang der Libido sein! Aus diesem Grund bieten wir Ihnen Libidomiel an!\u00a0","robots":{"index":"index","follow":"follow","max-snippet":"max-snippet:-1","max-image-preview":"max-image-preview:large","max-video-preview":"max-video-preview:-1"},"canonical":"https:\/\/www.safinel.fr\/de\/product-2\/libidomiel\/","og_locale":"de_DE","og_type":"article","og_title":"Libidomiel I Le produit de la ruche qui booste votre libido","og_description":"La fatigue, le stress, et l\u2019anxi\u00e9t\u00e9 peuvent \u00eatre des facteurs majeurs \u00e0 la baisse de libido ! C\u2019est pour cela que nous vous proposons le\u00a0libidomiel\u00a0!\u00a0","og_url":"https:\/\/www.safinel.fr\/de\/product-2\/libidomiel\/","og_site_name":"Safinel","article_modified_time":"2024-03-04T17:11:19+00:00","og_image":[{"width":600,"height":600,"url":"https:\/\/www.safinel.fr\/wp-content\/uploads\/2022\/07\/libidomiel.jpg","type":"image\/jpeg"}],"twitter_card":"summary_large_image","twitter_misc":{"Gesch\u00e4tzte Lesezeit":"2\u00a0Minuten"},"schema":{"@context":"https:\/\/schema.org","@graph":[{"@type":"WebPage","@id":"https:\/\/www.safinel.fr\/produit\/libidomiel\/","url":"https:\/\/www.safinel.fr\/produit\/libidomiel\/","name":"Libidomiel I Das Bienenprodukt, das Ihre Libido steigert","isPartOf":{"@id":"https:\/\/www.safinel.fr\/#website"},"primaryImageOfPage":{"@id":"https:\/\/www.safinel.fr\/produit\/libidomiel\/#primaryimage"},"image":{"@id":"https:\/\/www.safinel.fr\/produit\/libidomiel\/#primaryimage"},"thumbnailUrl":"https:\/\/www.safinel.fr\/wp-content\/uploads\/2022\/07\/libidomiel.jpg","datePublished":"2022-07-28T10:47:15+00:00","dateModified":"2024-03-04T17:11:19+00:00","description":"M\u00fcdigkeit, Stress und Angstzust\u00e4nde k\u00f6nnen Hauptfaktoren f\u00fcr einen R\u00fcckgang der Libido sein! Aus diesem Grund bieten wir Ihnen Libidomiel an!\u00a0","breadcrumb":{"@id":"https:\/\/www.safinel.fr\/produit\/libidomiel\/#breadcrumb"},"inLanguage":"de","potentialAction":[{"@type":"ReadAction","target":["https:\/\/www.safinel.fr\/produit\/libidomiel\/"]}]},{"@type":"ImageObject","inLanguage":"de","@id":"https:\/\/www.safinel.fr\/produit\/libidomiel\/#primaryimage","url":"https:\/\/www.safinel.fr\/wp-content\/uploads\/2022\/07\/libidomiel.jpg","contentUrl":"https:\/\/www.safinel.fr\/wp-content\/uploads\/2022\/07\/libidomiel.jpg","width":600,"height":600,"caption":"Libidomiel 250g"},{"@type":"BreadcrumbList","@id":"https:\/\/www.safinel.fr\/produit\/libidomiel\/#breadcrumb","itemListElement":[{"@type":"ListItem","position":1,"name":"Accueil","item":"https:\/\/www.safinel.fr\/"},{"@type":"ListItem","position":2,"name":"Boutique","item":"https:\/\/www.safinel.fr\/boutique\/"},{"@type":"ListItem","position":3,"name":"Libidomiel 250g"}]},{"@type":"WebSite","@id":"https:\/\/www.safinel.fr\/#website","url":"https:\/\/www.safinel.fr\/","name":"Safinel","description":"","publisher":{"@id":"https:\/\/www.safinel.fr\/#organization"},"potentialAction":[{"@type":"SearchAction","target":{"@type":"EntryPoint","urlTemplate":"https:\/\/www.safinel.fr\/?s={search_term_string}"},"query-input":{"@type":"PropertyValueSpecification","valueRequired":true,"valueName":"search_term_string"}}],"inLanguage":"de"},{"@type":"Organization","@id":"https:\/\/www.safinel.fr\/#organization","name":"Safinel","url":"https:\/\/www.safinel.fr\/","logo":{"@type":"ImageObject","inLanguage":"de","@id":"https:\/\/www.safinel.fr\/#\/schema\/logo\/image\/","url":"https:\/\/www.safinel.fr\/wp-content\/uploads\/2021\/05\/boutique-cosmetique.png","contentUrl":"https:\/\/www.safinel.fr\/wp-content\/uploads\/2021\/05\/boutique-cosmetique.png","width":800,"height":200,"caption":"Safinel"},"image":{"@id":"https:\/\/www.safinel.fr\/#\/schema\/logo\/image\/"}}]}},"_links":{"self":[{"href":"https:\/\/www.safinel.fr\/de\/wp-json\/wp\/v2\/product\/1959","targetHints":{"allow":["GET"]}}],"collection":[{"href":"https:\/\/www.safinel.fr\/de\/wp-json\/wp\/v2\/product"}],"about":[{"href":"https:\/\/www.safinel.fr\/de\/wp-json\/wp\/v2\/types\/product"}],"wp:featuredmedia":[{"embeddable":true,"href":"https:\/\/www.safinel.fr\/de\/wp-json\/wp\/v2\/media\/1949"}],"wp:attachment":[{"href":"https:\/\/www.safinel.fr\/de\/wp-json\/wp\/v2\/media?parent=1959"}],"wp:term":[{"taxonomy":"product_brand","embeddable":true,"href":"https:\/\/www.safinel.fr\/de\/wp-json\/wp\/v2\/product_brand?post=1959"},{"taxonomy":"product_cat","embeddable":true,"href":"https:\/\/www.safinel.fr\/de\/wp-json\/wp\/v2\/product_cat?post=1959"},{"taxonomy":"product_tag","embeddable":true,"href":"https:\/\/www.safinel.fr\/de\/wp-json\/wp\/v2\/product_tag?post=1959"}],"curies":[{"name":"wp","href":"https:\/\/api.w.org\/{rel}","templated":true}]}}