{"id":1956,"date":"2022-07-28T10:40:05","date_gmt":"2022-07-28T10:40:05","guid":{"rendered":"https:\/\/www.safinel.fr\/?post_type=product&#038;p=1956"},"modified":"2023-12-28T17:15:21","modified_gmt":"2023-12-28T17:15:21","slug":"rosmarinhonig","status":"publish","type":"product","link":"https:\/\/www.safinel.fr\/de\/product-2\/rosmarinhonig\/","title":{"rendered":"Rosmarinhonig aus Spanien 250g"},"content":{"rendered":"<p>Es ist Zeit zu reisen! Nehmen Sie gut Platz, bleiben Sie gut sitzen, denn wir wechseln die Grenze nach Spanien! Machen Sie endlich die Entdeckung des<strong>\u00a0Rosmarinhonig aus Spanien<\/strong>\u00a0!<\/p>\n<h2><strong>Auf Entdeckungstour mit Rosmarinhonig aus Spanien\u00a0<\/strong><\/h2>\n<p>Wenn dieses Land f\u00fcr sein Klima und seine zahlreichen Landschaften bekannt ist, kann man gleich sagen, dass nicht nur Sie davon profitieren... Denn unsere kleinen\u00a0<strong>Bienen<\/strong>\u00a0Dies ist m\u00f6glich, weil es in Spanien viele Orte gibt, die sich f\u00fcr eine qualitativ hochwertige Bl\u00fcte eignen.<\/p>\n<p>Aus diesem Grund m\u00f6chte Ihre Safinel-Boutique Ihnen den Rosmarinhonig aus Spanien vorstellen. Dieser wird Ihnen in einem klassischen 250-g-Glas angeboten, zur Freude all derer, die duftenden und geschmackvollen Nektar lieben.<\/p>\n<h2><strong>Die Vorteile von Rosmarinhonig aus Spanien\u00a0<\/strong><\/h2>\n<p>Wenn auch Sie es kaum erwarten k\u00f6nnen, mehr \u00fcber diesen<strong>\u00a0monofloraler Honig,<\/strong>\u00a0gehen Sie nicht einen Schritt weiter!<\/p>\n<p>Zun\u00e4chst einmal ist er, wie die meisten Honigsorten, daf\u00fcr bekannt, dass er gegen bestimmte Krankheiten hilft, vor allem gegen die der Jahreszeit entsprechenden. Zum Beispiel gegen Halsschmerzen oder auch bestimmte Atemprobleme.<\/p>\n<p>Dar\u00fcber hinaus gilt er als nat\u00fcrliches Antiseptikum, aber auch als entz\u00fcndungshemmend. Bei vielen Menschen wird er wegen seiner positiven Wirkung auf die Leber eingesetzt und ist auch f\u00fcr die Verdauung von Vorteil.<\/p>\n<h3><strong>Rosmarinhonig aus Spanien: ein Nahrungserg\u00e4nzungsmittel, das begeistert\u00a0<\/strong><\/h3>\n<p>Denn ob Hochleistungssportler oder sogar Sonntagssportler, dieser Honig k\u00f6nnte Sie durchaus begeistern! Er ist sehr gut f\u00fcr die Energiezufuhr und die Erholung und sollte vor und nach dem Sport eingenommen werden.<\/p>\n<p>Au\u00dferdem haben Sie bei starker M\u00fcdigkeit die M\u00f6glichkeit, eine Kur zu machen, wie ein nat\u00fcrlicher Lambda-Booster.<\/p>\n<h3><strong>Entdecken Sie auch bei Ihrem Online-Wellness-Shop...<\/strong><\/h3>\n<p>Sie sehen, Ihr Online-Shop sch\u00e4tzt es, Ihnen Qualit\u00e4tsprodukte anzubieten, die Sie verzaubern k\u00f6nnen!<\/p>\n<p>Haben Sie schon einmal den ber\u00fchmten\u00a0<strong><a href=\"https:\/\/www.safinel.fr\/de\/product-2\/schwarzer-knoblauch\/\">schwarzer Knoblauch<\/a>\u00a0<\/strong>? Falls nicht, lassen wir Sie n\u00e4her an unseren Online-Shop heran, um mehr zu entdecken.<\/p>","protected":false},"excerpt":{"rendered":"<p>Es ist Zeit zu reisen! Nehmen Sie Platz, bleiben Sie bequem, denn wir wechseln die Grenze nach Spanien! Entdecken Sie endlich den Rosmarinhonig aus Spanien! Entdecken Sie den Rosmarinhonig aus Spanien Wenn dieses Land f\u00fcr sein Klima und seine zahlreichen Landschaften bekannt ist, so kann man sagen, dass es nicht nur Sie [...].","protected":false},"featured_media":1939,"template":"","meta":[],"product_brand":[],"product_cat":[24,71],"product_tag":[],"class_list":{"0":"post-1956","1":"product","2":"type-product","3":"status-publish","4":"has-post-thumbnail","6":"product_cat-apiculture","7":"product_cat-miels-despagne","9":"first","10":"instock","11":"shipping-taxable","12":"purchasable","13":"product-type-simple"},"yoast_head":"<!-- This site is optimized with the Yoast SEO plugin v26.6 - https:\/\/yoast.com\/wordpress\/plugins\/seo\/ -->\n<title>Miel de Romarin I Miel espagnol de qualit\u00e9 I Contenance 250g<\/title>\n<meta name=\"description\" content=\"Prenez bien place, restez bien install\u00e9 car nous changeons de fronti\u00e8re, pour l\u2019Espagne ! Faites enfin la d\u00e9couverte du\u00a0miel de romarin d\u2019Espagne\u00a0!\" \/>\n<meta name=\"robots\" content=\"index, follow, max-snippet:-1, max-image-preview:large, max-video-preview:-1\" \/>\n<link rel=\"canonical\" href=\"https:\/\/www.safinel.fr\/de\/product-2\/rosmarinhonig\/\" \/>\n<meta property=\"og:locale\" content=\"de_DE\" \/>\n<meta property=\"og:type\" content=\"article\" \/>\n<meta property=\"og:title\" content=\"Miel de Romarin I Miel espagnol de qualit\u00e9 I Contenance 250g\" \/>\n<meta property=\"og:description\" content=\"Prenez bien place, restez bien install\u00e9 car nous changeons de fronti\u00e8re, pour l\u2019Espagne ! Faites enfin la d\u00e9couverte du\u00a0miel de romarin d\u2019Espagne\u00a0!\" \/>\n<meta property=\"og:url\" content=\"https:\/\/www.safinel.fr\/de\/product-2\/rosmarinhonig\/\" \/>\n<meta property=\"og:site_name\" content=\"Safinel\" \/>\n<meta property=\"article:modified_time\" content=\"2023-12-28T17:15:21+00:00\" \/>\n<meta property=\"og:image\" content=\"https:\/\/www.safinel.fr\/wp-content\/uploads\/2022\/07\/miel-de-romarin.jpg\" \/>\n\t<meta property=\"og:image:width\" content=\"600\" \/>\n\t<meta property=\"og:image:height\" content=\"600\" \/>\n\t<meta property=\"og:image:type\" content=\"image\/jpeg\" \/>\n<meta name=\"twitter:card\" content=\"summary_large_image\" \/>\n<meta name=\"twitter:label1\" content=\"Gesch\u00e4tzte Lesezeit\" \/>\n\t<meta name=\"twitter:data1\" content=\"2\u00a0Minuten\" \/>\n<script type=\"application\/ld+json\" class=\"yoast-schema-graph\">{\"@context\":\"https:\/\/schema.org\",\"@graph\":[{\"@type\":\"WebPage\",\"@id\":\"https:\/\/www.safinel.fr\/produit\/miel-de-romarin\/\",\"url\":\"https:\/\/www.safinel.fr\/produit\/miel-de-romarin\/\",\"name\":\"Miel de Romarin I Miel espagnol de qualit\u00e9 I Contenance 250g\",\"isPartOf\":{\"@id\":\"https:\/\/www.safinel.fr\/#website\"},\"primaryImageOfPage\":{\"@id\":\"https:\/\/www.safinel.fr\/produit\/miel-de-romarin\/#primaryimage\"},\"image\":{\"@id\":\"https:\/\/www.safinel.fr\/produit\/miel-de-romarin\/#primaryimage\"},\"thumbnailUrl\":\"https:\/\/www.safinel.fr\/wp-content\/uploads\/2022\/07\/miel-de-romarin.jpg\",\"datePublished\":\"2022-07-28T10:40:05+00:00\",\"dateModified\":\"2023-12-28T17:15:21+00:00\",\"description\":\"Prenez bien place, restez bien install\u00e9 car nous changeons de fronti\u00e8re, pour l\u2019Espagne ! Faites enfin la d\u00e9couverte du\u00a0miel de romarin d\u2019Espagne\u00a0!\",\"breadcrumb\":{\"@id\":\"https:\/\/www.safinel.fr\/produit\/miel-de-romarin\/#breadcrumb\"},\"inLanguage\":\"de\",\"potentialAction\":[{\"@type\":\"ReadAction\",\"target\":[\"https:\/\/www.safinel.fr\/produit\/miel-de-romarin\/\"]}]},{\"@type\":\"ImageObject\",\"inLanguage\":\"de\",\"@id\":\"https:\/\/www.safinel.fr\/produit\/miel-de-romarin\/#primaryimage\",\"url\":\"https:\/\/www.safinel.fr\/wp-content\/uploads\/2022\/07\/miel-de-romarin.jpg\",\"contentUrl\":\"https:\/\/www.safinel.fr\/wp-content\/uploads\/2022\/07\/miel-de-romarin.jpg\",\"width\":600,\"height\":600,\"caption\":\"Miel de romarin d'Espagne 250g\"},{\"@type\":\"BreadcrumbList\",\"@id\":\"https:\/\/www.safinel.fr\/produit\/miel-de-romarin\/#breadcrumb\",\"itemListElement\":[{\"@type\":\"ListItem\",\"position\":1,\"name\":\"Accueil\",\"item\":\"https:\/\/www.safinel.fr\/\"},{\"@type\":\"ListItem\",\"position\":2,\"name\":\"Boutique\",\"item\":\"https:\/\/www.safinel.fr\/boutique\/\"},{\"@type\":\"ListItem\",\"position\":3,\"name\":\"Miel de romarin d&#8217;Espagne 250g\"}]},{\"@type\":\"WebSite\",\"@id\":\"https:\/\/www.safinel.fr\/#website\",\"url\":\"https:\/\/www.safinel.fr\/\",\"name\":\"Safinel\",\"description\":\"\",\"publisher\":{\"@id\":\"https:\/\/www.safinel.fr\/#organization\"},\"potentialAction\":[{\"@type\":\"SearchAction\",\"target\":{\"@type\":\"EntryPoint\",\"urlTemplate\":\"https:\/\/www.safinel.fr\/?s={search_term_string}\"},\"query-input\":{\"@type\":\"PropertyValueSpecification\",\"valueRequired\":true,\"valueName\":\"search_term_string\"}}],\"inLanguage\":\"de\"},{\"@type\":\"Organization\",\"@id\":\"https:\/\/www.safinel.fr\/#organization\",\"name\":\"Safinel\",\"url\":\"https:\/\/www.safinel.fr\/\",\"logo\":{\"@type\":\"ImageObject\",\"inLanguage\":\"de\",\"@id\":\"https:\/\/www.safinel.fr\/#\/schema\/logo\/image\/\",\"url\":\"https:\/\/www.safinel.fr\/wp-content\/uploads\/2021\/05\/boutique-cosmetique.png\",\"contentUrl\":\"https:\/\/www.safinel.fr\/wp-content\/uploads\/2021\/05\/boutique-cosmetique.png\",\"width\":800,\"height\":200,\"caption\":\"Safinel\"},\"image\":{\"@id\":\"https:\/\/www.safinel.fr\/#\/schema\/logo\/image\/\"}}]}<\/script>\n<!-- \/ Yoast SEO plugin. -->","yoast_head_json":{"title":"Rosmarinhonig I Spanischer Qualit\u00e4tshonig I Inhalt 250g","description":"Nehmen Sie gut Platz, bleiben Sie gut sitzen, denn wir wechseln die Grenze, nach Spanien! Entdecken Sie endlich den Rosmarinhonig aus Spanien!","robots":{"index":"index","follow":"follow","max-snippet":"max-snippet:-1","max-image-preview":"max-image-preview:large","max-video-preview":"max-video-preview:-1"},"canonical":"https:\/\/www.safinel.fr\/de\/product-2\/rosmarinhonig\/","og_locale":"de_DE","og_type":"article","og_title":"Miel de Romarin I Miel espagnol de qualit\u00e9 I Contenance 250g","og_description":"Prenez bien place, restez bien install\u00e9 car nous changeons de fronti\u00e8re, pour l\u2019Espagne ! Faites enfin la d\u00e9couverte du\u00a0miel de romarin d\u2019Espagne\u00a0!","og_url":"https:\/\/www.safinel.fr\/de\/product-2\/rosmarinhonig\/","og_site_name":"Safinel","article_modified_time":"2023-12-28T17:15:21+00:00","og_image":[{"width":600,"height":600,"url":"https:\/\/www.safinel.fr\/wp-content\/uploads\/2022\/07\/miel-de-romarin.jpg","type":"image\/jpeg"}],"twitter_card":"summary_large_image","twitter_misc":{"Gesch\u00e4tzte Lesezeit":"2\u00a0Minuten"},"schema":{"@context":"https:\/\/schema.org","@graph":[{"@type":"WebPage","@id":"https:\/\/www.safinel.fr\/produit\/miel-de-romarin\/","url":"https:\/\/www.safinel.fr\/produit\/miel-de-romarin\/","name":"Rosmarinhonig I Spanischer Qualit\u00e4tshonig I Inhalt 250g","isPartOf":{"@id":"https:\/\/www.safinel.fr\/#website"},"primaryImageOfPage":{"@id":"https:\/\/www.safinel.fr\/produit\/miel-de-romarin\/#primaryimage"},"image":{"@id":"https:\/\/www.safinel.fr\/produit\/miel-de-romarin\/#primaryimage"},"thumbnailUrl":"https:\/\/www.safinel.fr\/wp-content\/uploads\/2022\/07\/miel-de-romarin.jpg","datePublished":"2022-07-28T10:40:05+00:00","dateModified":"2023-12-28T17:15:21+00:00","description":"Nehmen Sie gut Platz, bleiben Sie gut sitzen, denn wir wechseln die Grenze, nach Spanien! Entdecken Sie endlich den Rosmarinhonig aus Spanien!","breadcrumb":{"@id":"https:\/\/www.safinel.fr\/produit\/miel-de-romarin\/#breadcrumb"},"inLanguage":"de","potentialAction":[{"@type":"ReadAction","target":["https:\/\/www.safinel.fr\/produit\/miel-de-romarin\/"]}]},{"@type":"ImageObject","inLanguage":"de","@id":"https:\/\/www.safinel.fr\/produit\/miel-de-romarin\/#primaryimage","url":"https:\/\/www.safinel.fr\/wp-content\/uploads\/2022\/07\/miel-de-romarin.jpg","contentUrl":"https:\/\/www.safinel.fr\/wp-content\/uploads\/2022\/07\/miel-de-romarin.jpg","width":600,"height":600,"caption":"Miel de romarin d'Espagne 250g"},{"@type":"BreadcrumbList","@id":"https:\/\/www.safinel.fr\/produit\/miel-de-romarin\/#breadcrumb","itemListElement":[{"@type":"ListItem","position":1,"name":"Accueil","item":"https:\/\/www.safinel.fr\/"},{"@type":"ListItem","position":2,"name":"Boutique","item":"https:\/\/www.safinel.fr\/boutique\/"},{"@type":"ListItem","position":3,"name":"Miel de romarin d&#8217;Espagne 250g"}]},{"@type":"WebSite","@id":"https:\/\/www.safinel.fr\/#website","url":"https:\/\/www.safinel.fr\/","name":"Safinel","description":"","publisher":{"@id":"https:\/\/www.safinel.fr\/#organization"},"potentialAction":[{"@type":"SearchAction","target":{"@type":"EntryPoint","urlTemplate":"https:\/\/www.safinel.fr\/?s={search_term_string}"},"query-input":{"@type":"PropertyValueSpecification","valueRequired":true,"valueName":"search_term_string"}}],"inLanguage":"de"},{"@type":"Organization","@id":"https:\/\/www.safinel.fr\/#organization","name":"Safinel","url":"https:\/\/www.safinel.fr\/","logo":{"@type":"ImageObject","inLanguage":"de","@id":"https:\/\/www.safinel.fr\/#\/schema\/logo\/image\/","url":"https:\/\/www.safinel.fr\/wp-content\/uploads\/2021\/05\/boutique-cosmetique.png","contentUrl":"https:\/\/www.safinel.fr\/wp-content\/uploads\/2021\/05\/boutique-cosmetique.png","width":800,"height":200,"caption":"Safinel"},"image":{"@id":"https:\/\/www.safinel.fr\/#\/schema\/logo\/image\/"}}]}},"_links":{"self":[{"href":"https:\/\/www.safinel.fr\/de\/wp-json\/wp\/v2\/product\/1956","targetHints":{"allow":["GET"]}}],"collection":[{"href":"https:\/\/www.safinel.fr\/de\/wp-json\/wp\/v2\/product"}],"about":[{"href":"https:\/\/www.safinel.fr\/de\/wp-json\/wp\/v2\/types\/product"}],"wp:featuredmedia":[{"embeddable":true,"href":"https:\/\/www.safinel.fr\/de\/wp-json\/wp\/v2\/media\/1939"}],"wp:attachment":[{"href":"https:\/\/www.safinel.fr\/de\/wp-json\/wp\/v2\/media?parent=1956"}],"wp:term":[{"taxonomy":"product_brand","embeddable":true,"href":"https:\/\/www.safinel.fr\/de\/wp-json\/wp\/v2\/product_brand?post=1956"},{"taxonomy":"product_cat","embeddable":true,"href":"https:\/\/www.safinel.fr\/de\/wp-json\/wp\/v2\/product_cat?post=1956"},{"taxonomy":"product_tag","embeddable":true,"href":"https:\/\/www.safinel.fr\/de\/wp-json\/wp\/v2\/product_tag?post=1956"}],"curies":[{"name":"wp","href":"https:\/\/api.w.org\/{rel}","templated":true}]}}