{"id":1953,"date":"2022-07-28T10:34:03","date_gmt":"2022-07-28T10:34:03","guid":{"rendered":"https:\/\/www.safinel.fr\/?post_type=product&#038;p=1953"},"modified":"2024-01-03T14:42:14","modified_gmt":"2024-01-03T14:42:14","slug":"lavendelhonig","status":"publish","type":"product","link":"https:\/\/www.safinel.fr\/de\/product-2\/lavendelhonig\/","title":{"rendered":"Lavendelhonig aus Spanien 250g"},"content":{"rendered":"<p>Wenn Sie eine Vorliebe f\u00fcr nat\u00fcrlichen Zucker und attraktive Aromen haben, dann hat Ihr Safinel Online-Shop wahrscheinlich genau das Richtige f\u00fcr Sie! Machen Sie Platz f\u00fcr den ber\u00fchmten\u00a0<strong>Lavendelhonig aus Spanien<\/strong>\u00a0! Dieser ist vor allem im Mittelmeerraum f\u00fcr seinen Duft, aber auch f\u00fcr seine zahlreichen positiven Eigenschaften sehr bekannt.<strong>\u00a0<\/strong><\/p>\n<h2><strong>Endlich stellen wir Ihnen den Lavendelhonig aus Spanien vor!\u00a0<\/strong><\/h2>\n<p>Ihre\u00a0<strong>Wellness-Shop<\/strong>\u00a0stellt ein beliebtes Bienenprodukt in den Mittelpunkt ... Wir sprechen nat\u00fcrlich von spanischem Lavendelhonig. Dieser duftende Nektar wird in einem durchsichtigen Glas angeboten, das den Blick auf die ber\u00fchmte Fl\u00fcssigkeit freigibt.<\/p>\n<p>In einem Beh\u00e4lter mit 250 G<strong>\u00a0spanischer Lavendelhonig\u00a0<\/strong>ist ideal f\u00fcr alle, die diese K\u00f6stlichkeit lange Zeit genie\u00dfen m\u00f6chten...<\/p>\n<h2><strong>Die Vorteile von Lavendelhonig aus Spanien\u00a0<\/strong><\/h2>\n<p>Dieses wunderbare\u00a0<strong>Nektar<\/strong>\u00a0ist nicht nur f\u00fcr seinen ausgepr\u00e4gten Duft, sondern auch f\u00fcr seinen \u00e4u\u00dferst angenehmen Geschmack bekannt.<\/p>\n<p>Au\u00dferdem ist er sehr n\u00fctzlich bei saisonalen Krankheiten wie Halsschmerzen und Atemproblemen und scheint auch bei Sportlern sehr beliebt zu sein!<\/p>\n<p>Viele Profisportler verwenden Honig n\u00e4mlich gerne als Nahrungserg\u00e4nzungsmittel. Kurz vor dem Training f\u00fcr die Energiezufuhr und kurz danach f\u00fcr die Erholung k\u00f6nnte der Lavendelhonig aus Spanien auch Sie begeistern!<\/p>\n<h3><strong>Ihre Wellness-Boutique ist auch...\u00a0<\/strong><\/h3>\n<p>Safinel ist immer sehr besorgt \u00fcber das, was es Ihnen anbietet! Das Ziel ist es, Produkte in den Vordergrund zu stellen, die Ihnen im Alltag n\u00fctzlich sein k\u00f6nnten.<\/p>\n<p>Aus diesem Grund m\u00f6chte sie, dass Sie herausfinden <a href=\"https:\/\/www.safinel.fr\/de\/product-2\/kapsel-zur-intimen-verengung\/\"><strong>die Kapsel zur Verengung des Intimbereichs<\/strong><\/a> ! Da er bei einigen Frauen sehr beliebt ist, k\u00f6nnte er Sie schnell f\u00fcr sich gewinnen.<\/p>\n<p>Dar\u00fcber hinaus haben Sie auch die M\u00f6glichkeit, mit Ingwerpulver Bekanntschaft zu machen. Ingwer ist ein nat\u00fcrliches Aphrodisiakum, das als solches gilt.<\/p>","protected":false},"excerpt":{"rendered":"<p>Sie lieben nat\u00fcrlichen Zucker und attraktive Aromen, dann hat Ihr Online-Shop Safinel wahrscheinlich genau das Richtige f\u00fcr Sie! Machen Sie Platz f\u00fcr den ber\u00fchmten Lavendelhonig aus Spanien! Dieser ist vor allem in den Mittelmeerregionen f\u00fcr seinen Duft, aber auch f\u00fcr seine zahlreichen positiven Eigenschaften sehr bekannt.  Wir stellen Ihnen schlie\u00dflich den Lavendelhonig [...] vor.","protected":false},"featured_media":1954,"template":"","meta":[],"product_brand":[],"product_cat":[24,71],"product_tag":[],"class_list":{"0":"post-1953","1":"product","2":"type-product","3":"status-publish","4":"has-post-thumbnail","6":"product_cat-apiculture","7":"product_cat-miels-despagne","9":"first","10":"outofstock","11":"shipping-taxable","12":"purchasable","13":"product-type-simple"},"yoast_head":"<!-- This site is optimized with the Yoast SEO plugin v26.6 - https:\/\/yoast.com\/wordpress\/plugins\/seo\/ -->\n<title>Miel de lavande d&#039;Espagne I Bienfaits nombreux I 250g<\/title>\n<meta name=\"description\" content=\"Vous \u00eates friands de sucre naturel et d&#039;ar\u00f4mes attirants. Faites place au fameux\u00a0miel de lavande d\u2019Espagne\u00a0 en quelques clics !\" \/>\n<meta name=\"robots\" content=\"index, follow, max-snippet:-1, max-image-preview:large, max-video-preview:-1\" \/>\n<link rel=\"canonical\" href=\"https:\/\/www.safinel.fr\/de\/product-2\/lavendelhonig\/\" \/>\n<meta property=\"og:locale\" content=\"de_DE\" \/>\n<meta property=\"og:type\" content=\"article\" \/>\n<meta property=\"og:title\" content=\"Miel de lavande d&#039;Espagne I Bienfaits nombreux I 250g\" \/>\n<meta property=\"og:description\" content=\"Vous \u00eates friands de sucre naturel et d&#039;ar\u00f4mes attirants. Faites place au fameux\u00a0miel de lavande d\u2019Espagne\u00a0 en quelques clics !\" \/>\n<meta property=\"og:url\" content=\"https:\/\/www.safinel.fr\/de\/product-2\/lavendelhonig\/\" \/>\n<meta property=\"og:site_name\" content=\"Safinel\" \/>\n<meta property=\"article:modified_time\" content=\"2024-01-03T14:42:14+00:00\" \/>\n<meta property=\"og:image\" content=\"https:\/\/www.safinel.fr\/wp-content\/uploads\/2022\/07\/miel-de-lavande-d-espagne.jpg\" \/>\n\t<meta property=\"og:image:width\" content=\"600\" \/>\n\t<meta property=\"og:image:height\" content=\"600\" \/>\n\t<meta property=\"og:image:type\" content=\"image\/jpeg\" \/>\n<meta name=\"twitter:card\" content=\"summary_large_image\" \/>\n<meta name=\"twitter:label1\" content=\"Gesch\u00e4tzte Lesezeit\" \/>\n\t<meta name=\"twitter:data1\" content=\"2\u00a0Minuten\" \/>\n<script type=\"application\/ld+json\" class=\"yoast-schema-graph\">{\"@context\":\"https:\/\/schema.org\",\"@graph\":[{\"@type\":\"WebPage\",\"@id\":\"https:\/\/www.safinel.fr\/produit\/miel-de-lavande\/\",\"url\":\"https:\/\/www.safinel.fr\/produit\/miel-de-lavande\/\",\"name\":\"Miel de lavande d'Espagne I Bienfaits nombreux I 250g\",\"isPartOf\":{\"@id\":\"https:\/\/www.safinel.fr\/#website\"},\"primaryImageOfPage\":{\"@id\":\"https:\/\/www.safinel.fr\/produit\/miel-de-lavande\/#primaryimage\"},\"image\":{\"@id\":\"https:\/\/www.safinel.fr\/produit\/miel-de-lavande\/#primaryimage\"},\"thumbnailUrl\":\"https:\/\/www.safinel.fr\/wp-content\/uploads\/2022\/07\/miel-de-lavande-d-espagne.jpg\",\"datePublished\":\"2022-07-28T10:34:03+00:00\",\"dateModified\":\"2024-01-03T14:42:14+00:00\",\"description\":\"Vous \u00eates friands de sucre naturel et d'ar\u00f4mes attirants. Faites place au fameux\u00a0miel de lavande d\u2019Espagne\u00a0 en quelques clics !\",\"breadcrumb\":{\"@id\":\"https:\/\/www.safinel.fr\/produit\/miel-de-lavande\/#breadcrumb\"},\"inLanguage\":\"de\",\"potentialAction\":[{\"@type\":\"ReadAction\",\"target\":[\"https:\/\/www.safinel.fr\/produit\/miel-de-lavande\/\"]}]},{\"@type\":\"ImageObject\",\"inLanguage\":\"de\",\"@id\":\"https:\/\/www.safinel.fr\/produit\/miel-de-lavande\/#primaryimage\",\"url\":\"https:\/\/www.safinel.fr\/wp-content\/uploads\/2022\/07\/miel-de-lavande-d-espagne.jpg\",\"contentUrl\":\"https:\/\/www.safinel.fr\/wp-content\/uploads\/2022\/07\/miel-de-lavande-d-espagne.jpg\",\"width\":600,\"height\":600,\"caption\":\"Miel de lavande d'Espagne 250g\"},{\"@type\":\"BreadcrumbList\",\"@id\":\"https:\/\/www.safinel.fr\/produit\/miel-de-lavande\/#breadcrumb\",\"itemListElement\":[{\"@type\":\"ListItem\",\"position\":1,\"name\":\"Accueil\",\"item\":\"https:\/\/www.safinel.fr\/\"},{\"@type\":\"ListItem\",\"position\":2,\"name\":\"Boutique\",\"item\":\"https:\/\/www.safinel.fr\/boutique\/\"},{\"@type\":\"ListItem\",\"position\":3,\"name\":\"Miel de lavande d&#8217;Espagne 250g\"}]},{\"@type\":\"WebSite\",\"@id\":\"https:\/\/www.safinel.fr\/#website\",\"url\":\"https:\/\/www.safinel.fr\/\",\"name\":\"Safinel\",\"description\":\"\",\"publisher\":{\"@id\":\"https:\/\/www.safinel.fr\/#organization\"},\"potentialAction\":[{\"@type\":\"SearchAction\",\"target\":{\"@type\":\"EntryPoint\",\"urlTemplate\":\"https:\/\/www.safinel.fr\/?s={search_term_string}\"},\"query-input\":{\"@type\":\"PropertyValueSpecification\",\"valueRequired\":true,\"valueName\":\"search_term_string\"}}],\"inLanguage\":\"de\"},{\"@type\":\"Organization\",\"@id\":\"https:\/\/www.safinel.fr\/#organization\",\"name\":\"Safinel\",\"url\":\"https:\/\/www.safinel.fr\/\",\"logo\":{\"@type\":\"ImageObject\",\"inLanguage\":\"de\",\"@id\":\"https:\/\/www.safinel.fr\/#\/schema\/logo\/image\/\",\"url\":\"https:\/\/www.safinel.fr\/wp-content\/uploads\/2021\/05\/boutique-cosmetique.png\",\"contentUrl\":\"https:\/\/www.safinel.fr\/wp-content\/uploads\/2021\/05\/boutique-cosmetique.png\",\"width\":800,\"height\":200,\"caption\":\"Safinel\"},\"image\":{\"@id\":\"https:\/\/www.safinel.fr\/#\/schema\/logo\/image\/\"}}]}<\/script>\n<!-- \/ Yoast SEO plugin. -->","yoast_head_json":{"title":"Lavendelhonig aus Spanien I Zahlreiche Vorteile I 250g","description":"Sie haben eine Vorliebe f\u00fcr nat\u00fcrlichen Zucker und attraktive Aromen. Machen Sie Platz f\u00fcr den ber\u00fchmten Lavendelhonig aus Spanien mit nur wenigen Klicks!","robots":{"index":"index","follow":"follow","max-snippet":"max-snippet:-1","max-image-preview":"max-image-preview:large","max-video-preview":"max-video-preview:-1"},"canonical":"https:\/\/www.safinel.fr\/de\/product-2\/lavendelhonig\/","og_locale":"de_DE","og_type":"article","og_title":"Miel de lavande d'Espagne I Bienfaits nombreux I 250g","og_description":"Vous \u00eates friands de sucre naturel et d'ar\u00f4mes attirants. Faites place au fameux\u00a0miel de lavande d\u2019Espagne\u00a0 en quelques clics !","og_url":"https:\/\/www.safinel.fr\/de\/product-2\/lavendelhonig\/","og_site_name":"Safinel","article_modified_time":"2024-01-03T14:42:14+00:00","og_image":[{"width":600,"height":600,"url":"https:\/\/www.safinel.fr\/wp-content\/uploads\/2022\/07\/miel-de-lavande-d-espagne.jpg","type":"image\/jpeg"}],"twitter_card":"summary_large_image","twitter_misc":{"Gesch\u00e4tzte Lesezeit":"2\u00a0Minuten"},"schema":{"@context":"https:\/\/schema.org","@graph":[{"@type":"WebPage","@id":"https:\/\/www.safinel.fr\/produit\/miel-de-lavande\/","url":"https:\/\/www.safinel.fr\/produit\/miel-de-lavande\/","name":"Lavendelhonig aus Spanien I Zahlreiche Vorteile I 250g","isPartOf":{"@id":"https:\/\/www.safinel.fr\/#website"},"primaryImageOfPage":{"@id":"https:\/\/www.safinel.fr\/produit\/miel-de-lavande\/#primaryimage"},"image":{"@id":"https:\/\/www.safinel.fr\/produit\/miel-de-lavande\/#primaryimage"},"thumbnailUrl":"https:\/\/www.safinel.fr\/wp-content\/uploads\/2022\/07\/miel-de-lavande-d-espagne.jpg","datePublished":"2022-07-28T10:34:03+00:00","dateModified":"2024-01-03T14:42:14+00:00","description":"Sie haben eine Vorliebe f\u00fcr nat\u00fcrlichen Zucker und attraktive Aromen. Machen Sie Platz f\u00fcr den ber\u00fchmten Lavendelhonig aus Spanien mit nur wenigen Klicks!","breadcrumb":{"@id":"https:\/\/www.safinel.fr\/produit\/miel-de-lavande\/#breadcrumb"},"inLanguage":"de","potentialAction":[{"@type":"ReadAction","target":["https:\/\/www.safinel.fr\/produit\/miel-de-lavande\/"]}]},{"@type":"ImageObject","inLanguage":"de","@id":"https:\/\/www.safinel.fr\/produit\/miel-de-lavande\/#primaryimage","url":"https:\/\/www.safinel.fr\/wp-content\/uploads\/2022\/07\/miel-de-lavande-d-espagne.jpg","contentUrl":"https:\/\/www.safinel.fr\/wp-content\/uploads\/2022\/07\/miel-de-lavande-d-espagne.jpg","width":600,"height":600,"caption":"Miel de lavande d'Espagne 250g"},{"@type":"BreadcrumbList","@id":"https:\/\/www.safinel.fr\/produit\/miel-de-lavande\/#breadcrumb","itemListElement":[{"@type":"ListItem","position":1,"name":"Accueil","item":"https:\/\/www.safinel.fr\/"},{"@type":"ListItem","position":2,"name":"Boutique","item":"https:\/\/www.safinel.fr\/boutique\/"},{"@type":"ListItem","position":3,"name":"Miel de lavande d&#8217;Espagne 250g"}]},{"@type":"WebSite","@id":"https:\/\/www.safinel.fr\/#website","url":"https:\/\/www.safinel.fr\/","name":"Safinel","description":"","publisher":{"@id":"https:\/\/www.safinel.fr\/#organization"},"potentialAction":[{"@type":"SearchAction","target":{"@type":"EntryPoint","urlTemplate":"https:\/\/www.safinel.fr\/?s={search_term_string}"},"query-input":{"@type":"PropertyValueSpecification","valueRequired":true,"valueName":"search_term_string"}}],"inLanguage":"de"},{"@type":"Organization","@id":"https:\/\/www.safinel.fr\/#organization","name":"Safinel","url":"https:\/\/www.safinel.fr\/","logo":{"@type":"ImageObject","inLanguage":"de","@id":"https:\/\/www.safinel.fr\/#\/schema\/logo\/image\/","url":"https:\/\/www.safinel.fr\/wp-content\/uploads\/2021\/05\/boutique-cosmetique.png","contentUrl":"https:\/\/www.safinel.fr\/wp-content\/uploads\/2021\/05\/boutique-cosmetique.png","width":800,"height":200,"caption":"Safinel"},"image":{"@id":"https:\/\/www.safinel.fr\/#\/schema\/logo\/image\/"}}]}},"_links":{"self":[{"href":"https:\/\/www.safinel.fr\/de\/wp-json\/wp\/v2\/product\/1953","targetHints":{"allow":["GET"]}}],"collection":[{"href":"https:\/\/www.safinel.fr\/de\/wp-json\/wp\/v2\/product"}],"about":[{"href":"https:\/\/www.safinel.fr\/de\/wp-json\/wp\/v2\/types\/product"}],"wp:featuredmedia":[{"embeddable":true,"href":"https:\/\/www.safinel.fr\/de\/wp-json\/wp\/v2\/media\/1954"}],"wp:attachment":[{"href":"https:\/\/www.safinel.fr\/de\/wp-json\/wp\/v2\/media?parent=1953"}],"wp:term":[{"taxonomy":"product_brand","embeddable":true,"href":"https:\/\/www.safinel.fr\/de\/wp-json\/wp\/v2\/product_brand?post=1953"},{"taxonomy":"product_cat","embeddable":true,"href":"https:\/\/www.safinel.fr\/de\/wp-json\/wp\/v2\/product_cat?post=1953"},{"taxonomy":"product_tag","embeddable":true,"href":"https:\/\/www.safinel.fr\/de\/wp-json\/wp\/v2\/product_tag?post=1953"}],"curies":[{"name":"wp","href":"https:\/\/api.w.org\/{rel}","templated":true}]}}