{"id":1938,"date":"2022-07-28T10:27:17","date_gmt":"2022-07-28T10:27:17","guid":{"rendered":"https:\/\/www.safinel.fr\/?post_type=product&#038;p=1938"},"modified":"2023-12-28T17:15:20","modified_gmt":"2023-12-28T17:15:20","slug":"buchweizenhonig","status":"publish","type":"product","link":"https:\/\/www.safinel.fr\/de\/product-2\/buchweizenhonig\/","title":{"rendered":"Buchweizenhonig 250g"},"content":{"rendered":"<p>Wenn wir sicher sind, dass es einen Honig gibt, den Sie nicht ohne Weiteres in den Regalen des Supermarkts oder auf Ihrem Sonntagsmarkt gefunden haben, dann ist das <strong>Buchweizenhonig<\/strong>\u00a0! Nie geh\u00f6rt?<\/p>\n<p>Bereiten Sie sich also gut vor! Zweifellos werden Sie wie ein Pfannkuchen fallen, wenn Ihre Geschmacksknospen das Vergn\u00fcgen haben, auf\u00a0<strong>dieses kleine Juwel der Natur<\/strong>\u00a0!<\/p>\n<h2><strong>Buchweizenhonig: Er hat einen langen Weg hinter sich!\u00a0<\/strong><\/h2>\n<p>Auch wenn es Sie \u00fcberraschen mag: Der uralte Buchweizenhonig wurde urspr\u00fcnglich nicht in der Bretagne gewonnen. Ja, er kommt von viel weiter her! Er hat einen amerikanischen Akzent! Amazing right?!<\/p>\n<p>Man kann beruhigt sein, dass er trotzdem\u00a0<strong>das Wahrzeichen der Bretagne<\/strong>\u00a0f\u00fcr eine lange Zeit. Denn Buchweizen wird in dieser Region traditionell angebaut. Die Cr\u00eapes gibt es zwar immer noch, aber Buchweizen wird in der Bretagne seltener angebaut als fr\u00fcher.<\/p>\n<p>Zurzeit werden seine Ernten im Sommer in\u00a0<strong>die h\u00fcbschen Landschaften Europas.<\/strong><\/p>\n<p>Und angesichts seiner hervorragenden Qualit\u00e4t und seiner positiven Eigenschaften sind wir nicht wenig stolz darauf, dass wir ihn in unserem Shop anbieten.<\/p>\n<h2><strong>Er ist keinem anderen \u00e4hnlich!<\/strong><\/h2>\n<p>Mit diesen seltenen und au\u00dfergew\u00f6hnlichen Eigenschaften wird Sie der Buchweizenhonig mit seiner\u00a0<strong>Bernsteinfarbene Robe mit leichten r\u00f6tlichen Reflexen.<\/strong>\u00a0Er wird Sie mit seiner dicken, cremigen Textur \u00fcberraschen. Er wird Sie mit seinem\u00a0<strong>holziger, vollmundiger Geruch.<\/strong>\u00a0Er wird Sie mit seinem\u00a0<strong>Ausgepr\u00e4gter Lakritzgeschmack mit einem ausgewogenen Verh\u00e4ltnis zwischen Zucker und S\u00e4ure.\u00a0<\/strong><\/p>\n<p>Erwarten Sie, Kraft und Subtilit\u00e4t in einem einzigen L\u00f6ffel zu entdecken.<\/p>\n<p>Definitiv werden Sie dem Geschmackserlebnis dieser seltenen Perle eindeutig erliegen.<\/p>\n<h2><strong>Vorhang auf f\u00fcr die Heilkraft des Buchweizenhonigs<\/strong><\/h2>\n<p>Wir k\u00f6nnen Ihnen sagen, dass die Liste lang ist! Und eine qualitativ hochwertige Liste! Buchweizenhonig hilft Ihnen unter anderem bei :<\/p>\n<ul>\n<li>An\u00e4mie bek\u00e4mpfen<\/li>\n<li>Ihren K\u00f6rper tonisieren, ihm helfen, sich wieder aufzubauen und ihn remineralisieren<\/li>\n<li>Verbesserung der Blutzirkulation<\/li>\n<li>Das Verdauungssystem optimieren<\/li>\n<li>Bei der Heilung von Wunden und Verbrennungen helfen<\/li>\n<\/ul>\n<p>So viel sei gesagt: F\u00fcr\u00a0<strong>Kinder im Wachstum und M\u00fctter nach der Entbindung<\/strong>\u00a0ist der Rolls Royce unter den Honigsorten! Of course!<\/p>\n<p>Buchweizenhonig ist ein seltener Honig!<\/p>\n<h2><strong>Wir verraten Ihnen die Geheimnisse des Konsums dieser Perle in einer Schatulle\u00a0<\/strong><\/h2>\n<p>Als Lebkuchenliebhaber wei\u00df er, wie er sich am besten in die Rolle des \u2019Lebkuchens\" hineinversetzen kann.\u2019<strong>zu unserem unumg\u00e4nglichen und <a href=\"https:\/\/www.safinel.fr\/de\/product-2\/fruhlingshonig\/\">schmackhafter Fr\u00fchlingshonig<\/a><\/strong>\u00a0die Sie in unserem Shop leicht finden k\u00f6nnen.<\/p>\n<p>Der Buchweizenhonig bringt seinen Geschmack in Ihre kulinarischen Kreationen ein.\u00a0<strong>originell und ausgepr\u00e4gt.\u00a0<\/strong><\/p>\n<p>Er passt sehr gut zu Wildgerichten. Mit seinem einzigartigen Geschmack wird er auch Ihre begleitenden So\u00dfen bereichern.<\/p>\n<p>Wenn Sie es etwas ges\u00fcnder m\u00f6gen, k\u00f6nnen Sie ihn auch in Joghurt, Faselle und Quark verwenden. Und wenn Sie noch einen Schritt weiter gehen wollen, k\u00f6nnen Sie das Vergn\u00fcgen verl\u00e4ngern, indem Sie ihn mit saisonalen Fr\u00fcchten wie \u00c4pfeln, Pfirsichen oder Melonen kombinieren.<\/p>\n<p>Eindeutig ein echtes Geschmackserlebnis, das Sie erwartet!<\/p>\n<h3><strong>Sie fragen sich, ob Sie den Buchweizenhonig lange genug aufbewahren k\u00f6nnen, um den Genuss zu verl\u00e4ngern?<\/strong><\/h3>\n<p>No panic! Er h\u00e4lt sich sehr gut in\u00a0<strong>Raumtemperatur, vor Licht gesch\u00fctzt.\u00a0<\/strong><\/p>\n<p>Au\u00dferdem\u00a0<strong>wird sehr langsam und fein kristallisieren<\/strong>. Definitiv, selten, exquisit und raffiniert bis zum Ende des Topfes!<\/p>","protected":false},"excerpt":{"rendered":"<p>Wenn wir sicher sind, dass es einen Honig gibt, dem Sie nicht ohne Weiteres in den Regalen des Supermarkts oder auf Ihrem Sonntagsmarkt begegnet sind, dann ist es Buchweizenhonig! Noch nie davon geh\u00f6rt? Dann bereiten Sie sich gut vor! Es gibt keinen Zweifel daran, dass Sie wie ein Pfannkuchen fallen werden, wenn Ihre Geschmacksknospen das Vergn\u00fcgen haben, [...].","protected":false},"featured_media":1940,"template":"","meta":[],"product_brand":[],"product_cat":[24],"product_tag":[],"class_list":{"0":"post-1938","1":"product","2":"type-product","3":"status-publish","4":"has-post-thumbnail","6":"product_cat-apiculture","8":"first","9":"outofstock","10":"shipping-taxable","11":"purchasable","12":"product-type-simple"},"yoast_head":"<!-- This site is optimized with the Yoast SEO plugin v26.6 - https:\/\/yoast.com\/wordpress\/plugins\/seo\/ -->\n<title>Miel de sarrasin I Bienfaits nombreux I Achat en ligne s\u00e9curis\u00e9<\/title>\n<meta name=\"description\" content=\"Si il y a bien un miel que vous n\u2019avez pas crois\u00e9 ais\u00e9ment dans les rayons du supermarch\u00e9 ou sur votre march\u00e9 du dimanche c\u2019est bien le miel de sarrasin\u00a0!\" \/>\n<meta name=\"robots\" content=\"index, follow, max-snippet:-1, max-image-preview:large, max-video-preview:-1\" \/>\n<link rel=\"canonical\" href=\"https:\/\/www.safinel.fr\/de\/product-2\/buchweizenhonig\/\" \/>\n<meta property=\"og:locale\" content=\"de_DE\" \/>\n<meta property=\"og:type\" content=\"article\" \/>\n<meta property=\"og:title\" content=\"Miel de sarrasin I Bienfaits nombreux I Achat en ligne s\u00e9curis\u00e9\" \/>\n<meta property=\"og:description\" content=\"Si il y a bien un miel que vous n\u2019avez pas crois\u00e9 ais\u00e9ment dans les rayons du supermarch\u00e9 ou sur votre march\u00e9 du dimanche c\u2019est bien le miel de sarrasin\u00a0!\" \/>\n<meta property=\"og:url\" content=\"https:\/\/www.safinel.fr\/de\/product-2\/buchweizenhonig\/\" \/>\n<meta property=\"og:site_name\" content=\"Safinel\" \/>\n<meta property=\"article:modified_time\" content=\"2023-12-28T17:15:20+00:00\" \/>\n<meta property=\"og:image\" content=\"https:\/\/www.safinel.fr\/wp-content\/uploads\/2022\/07\/miel-de-sarrasin.jpg\" \/>\n\t<meta property=\"og:image:width\" content=\"600\" \/>\n\t<meta property=\"og:image:height\" content=\"600\" \/>\n\t<meta property=\"og:image:type\" content=\"image\/jpeg\" \/>\n<meta name=\"twitter:card\" content=\"summary_large_image\" \/>\n<meta name=\"twitter:label1\" content=\"Gesch\u00e4tzte Lesezeit\" \/>\n\t<meta name=\"twitter:data1\" content=\"3\u00a0Minuten\" \/>\n<script type=\"application\/ld+json\" class=\"yoast-schema-graph\">{\"@context\":\"https:\/\/schema.org\",\"@graph\":[{\"@type\":\"WebPage\",\"@id\":\"https:\/\/www.safinel.fr\/produit\/miel-de-sarrasin\/\",\"url\":\"https:\/\/www.safinel.fr\/produit\/miel-de-sarrasin\/\",\"name\":\"Miel de sarrasin I Bienfaits nombreux I Achat en ligne s\u00e9curis\u00e9\",\"isPartOf\":{\"@id\":\"https:\/\/www.safinel.fr\/#website\"},\"primaryImageOfPage\":{\"@id\":\"https:\/\/www.safinel.fr\/produit\/miel-de-sarrasin\/#primaryimage\"},\"image\":{\"@id\":\"https:\/\/www.safinel.fr\/produit\/miel-de-sarrasin\/#primaryimage\"},\"thumbnailUrl\":\"https:\/\/www.safinel.fr\/wp-content\/uploads\/2022\/07\/miel-de-sarrasin.jpg\",\"datePublished\":\"2022-07-28T10:27:17+00:00\",\"dateModified\":\"2023-12-28T17:15:20+00:00\",\"description\":\"Si il y a bien un miel que vous n\u2019avez pas crois\u00e9 ais\u00e9ment dans les rayons du supermarch\u00e9 ou sur votre march\u00e9 du dimanche c\u2019est bien le miel de sarrasin\u00a0!\",\"breadcrumb\":{\"@id\":\"https:\/\/www.safinel.fr\/produit\/miel-de-sarrasin\/#breadcrumb\"},\"inLanguage\":\"de\",\"potentialAction\":[{\"@type\":\"ReadAction\",\"target\":[\"https:\/\/www.safinel.fr\/produit\/miel-de-sarrasin\/\"]}]},{\"@type\":\"ImageObject\",\"inLanguage\":\"de\",\"@id\":\"https:\/\/www.safinel.fr\/produit\/miel-de-sarrasin\/#primaryimage\",\"url\":\"https:\/\/www.safinel.fr\/wp-content\/uploads\/2022\/07\/miel-de-sarrasin.jpg\",\"contentUrl\":\"https:\/\/www.safinel.fr\/wp-content\/uploads\/2022\/07\/miel-de-sarrasin.jpg\",\"width\":600,\"height\":600,\"caption\":\"Miel de sarrasin 250g\"},{\"@type\":\"BreadcrumbList\",\"@id\":\"https:\/\/www.safinel.fr\/produit\/miel-de-sarrasin\/#breadcrumb\",\"itemListElement\":[{\"@type\":\"ListItem\",\"position\":1,\"name\":\"Accueil\",\"item\":\"https:\/\/www.safinel.fr\/\"},{\"@type\":\"ListItem\",\"position\":2,\"name\":\"Boutique\",\"item\":\"https:\/\/www.safinel.fr\/boutique\/\"},{\"@type\":\"ListItem\",\"position\":3,\"name\":\"Miel de sarrasin 250g\"}]},{\"@type\":\"WebSite\",\"@id\":\"https:\/\/www.safinel.fr\/#website\",\"url\":\"https:\/\/www.safinel.fr\/\",\"name\":\"Safinel\",\"description\":\"\",\"publisher\":{\"@id\":\"https:\/\/www.safinel.fr\/#organization\"},\"potentialAction\":[{\"@type\":\"SearchAction\",\"target\":{\"@type\":\"EntryPoint\",\"urlTemplate\":\"https:\/\/www.safinel.fr\/?s={search_term_string}\"},\"query-input\":{\"@type\":\"PropertyValueSpecification\",\"valueRequired\":true,\"valueName\":\"search_term_string\"}}],\"inLanguage\":\"de\"},{\"@type\":\"Organization\",\"@id\":\"https:\/\/www.safinel.fr\/#organization\",\"name\":\"Safinel\",\"url\":\"https:\/\/www.safinel.fr\/\",\"logo\":{\"@type\":\"ImageObject\",\"inLanguage\":\"de\",\"@id\":\"https:\/\/www.safinel.fr\/#\/schema\/logo\/image\/\",\"url\":\"https:\/\/www.safinel.fr\/wp-content\/uploads\/2021\/05\/boutique-cosmetique.png\",\"contentUrl\":\"https:\/\/www.safinel.fr\/wp-content\/uploads\/2021\/05\/boutique-cosmetique.png\",\"width\":800,\"height\":200,\"caption\":\"Safinel\"},\"image\":{\"@id\":\"https:\/\/www.safinel.fr\/#\/schema\/logo\/image\/\"}}]}<\/script>\n<!-- \/ Yoast SEO plugin. -->","yoast_head_json":{"title":"Buchweizenhonig I Zahlreiche Vorteile I Sicherer Online-Einkauf","description":"Wenn es einen Honig gibt, der Ihnen nicht ohne weiteres in den Regalen des Supermarkts oder auf Ihrem Sonntagsmarkt begegnet ist, dann ist es Buchweizenhonig!","robots":{"index":"index","follow":"follow","max-snippet":"max-snippet:-1","max-image-preview":"max-image-preview:large","max-video-preview":"max-video-preview:-1"},"canonical":"https:\/\/www.safinel.fr\/de\/product-2\/buchweizenhonig\/","og_locale":"de_DE","og_type":"article","og_title":"Miel de sarrasin I Bienfaits nombreux I Achat en ligne s\u00e9curis\u00e9","og_description":"Si il y a bien un miel que vous n\u2019avez pas crois\u00e9 ais\u00e9ment dans les rayons du supermarch\u00e9 ou sur votre march\u00e9 du dimanche c\u2019est bien le miel de sarrasin\u00a0!","og_url":"https:\/\/www.safinel.fr\/de\/product-2\/buchweizenhonig\/","og_site_name":"Safinel","article_modified_time":"2023-12-28T17:15:20+00:00","og_image":[{"width":600,"height":600,"url":"https:\/\/www.safinel.fr\/wp-content\/uploads\/2022\/07\/miel-de-sarrasin.jpg","type":"image\/jpeg"}],"twitter_card":"summary_large_image","twitter_misc":{"Gesch\u00e4tzte Lesezeit":"3\u00a0Minuten"},"schema":{"@context":"https:\/\/schema.org","@graph":[{"@type":"WebPage","@id":"https:\/\/www.safinel.fr\/produit\/miel-de-sarrasin\/","url":"https:\/\/www.safinel.fr\/produit\/miel-de-sarrasin\/","name":"Buchweizenhonig I Zahlreiche Vorteile I Sicherer Online-Einkauf","isPartOf":{"@id":"https:\/\/www.safinel.fr\/#website"},"primaryImageOfPage":{"@id":"https:\/\/www.safinel.fr\/produit\/miel-de-sarrasin\/#primaryimage"},"image":{"@id":"https:\/\/www.safinel.fr\/produit\/miel-de-sarrasin\/#primaryimage"},"thumbnailUrl":"https:\/\/www.safinel.fr\/wp-content\/uploads\/2022\/07\/miel-de-sarrasin.jpg","datePublished":"2022-07-28T10:27:17+00:00","dateModified":"2023-12-28T17:15:20+00:00","description":"Wenn es einen Honig gibt, der Ihnen nicht ohne weiteres in den Regalen des Supermarkts oder auf Ihrem Sonntagsmarkt begegnet ist, dann ist es Buchweizenhonig!","breadcrumb":{"@id":"https:\/\/www.safinel.fr\/produit\/miel-de-sarrasin\/#breadcrumb"},"inLanguage":"de","potentialAction":[{"@type":"ReadAction","target":["https:\/\/www.safinel.fr\/produit\/miel-de-sarrasin\/"]}]},{"@type":"ImageObject","inLanguage":"de","@id":"https:\/\/www.safinel.fr\/produit\/miel-de-sarrasin\/#primaryimage","url":"https:\/\/www.safinel.fr\/wp-content\/uploads\/2022\/07\/miel-de-sarrasin.jpg","contentUrl":"https:\/\/www.safinel.fr\/wp-content\/uploads\/2022\/07\/miel-de-sarrasin.jpg","width":600,"height":600,"caption":"Miel de sarrasin 250g"},{"@type":"BreadcrumbList","@id":"https:\/\/www.safinel.fr\/produit\/miel-de-sarrasin\/#breadcrumb","itemListElement":[{"@type":"ListItem","position":1,"name":"Accueil","item":"https:\/\/www.safinel.fr\/"},{"@type":"ListItem","position":2,"name":"Boutique","item":"https:\/\/www.safinel.fr\/boutique\/"},{"@type":"ListItem","position":3,"name":"Miel de sarrasin 250g"}]},{"@type":"WebSite","@id":"https:\/\/www.safinel.fr\/#website","url":"https:\/\/www.safinel.fr\/","name":"Safinel","description":"","publisher":{"@id":"https:\/\/www.safinel.fr\/#organization"},"potentialAction":[{"@type":"SearchAction","target":{"@type":"EntryPoint","urlTemplate":"https:\/\/www.safinel.fr\/?s={search_term_string}"},"query-input":{"@type":"PropertyValueSpecification","valueRequired":true,"valueName":"search_term_string"}}],"inLanguage":"de"},{"@type":"Organization","@id":"https:\/\/www.safinel.fr\/#organization","name":"Safinel","url":"https:\/\/www.safinel.fr\/","logo":{"@type":"ImageObject","inLanguage":"de","@id":"https:\/\/www.safinel.fr\/#\/schema\/logo\/image\/","url":"https:\/\/www.safinel.fr\/wp-content\/uploads\/2021\/05\/boutique-cosmetique.png","contentUrl":"https:\/\/www.safinel.fr\/wp-content\/uploads\/2021\/05\/boutique-cosmetique.png","width":800,"height":200,"caption":"Safinel"},"image":{"@id":"https:\/\/www.safinel.fr\/#\/schema\/logo\/image\/"}}]}},"_links":{"self":[{"href":"https:\/\/www.safinel.fr\/de\/wp-json\/wp\/v2\/product\/1938","targetHints":{"allow":["GET"]}}],"collection":[{"href":"https:\/\/www.safinel.fr\/de\/wp-json\/wp\/v2\/product"}],"about":[{"href":"https:\/\/www.safinel.fr\/de\/wp-json\/wp\/v2\/types\/product"}],"wp:featuredmedia":[{"embeddable":true,"href":"https:\/\/www.safinel.fr\/de\/wp-json\/wp\/v2\/media\/1940"}],"wp:attachment":[{"href":"https:\/\/www.safinel.fr\/de\/wp-json\/wp\/v2\/media?parent=1938"}],"wp:term":[{"taxonomy":"product_brand","embeddable":true,"href":"https:\/\/www.safinel.fr\/de\/wp-json\/wp\/v2\/product_brand?post=1938"},{"taxonomy":"product_cat","embeddable":true,"href":"https:\/\/www.safinel.fr\/de\/wp-json\/wp\/v2\/product_cat?post=1938"},{"taxonomy":"product_tag","embeddable":true,"href":"https:\/\/www.safinel.fr\/de\/wp-json\/wp\/v2\/product_tag?post=1938"}],"curies":[{"name":"wp","href":"https:\/\/api.w.org\/{rel}","templated":true}]}}