{"id":1935,"date":"2022-07-28T10:24:54","date_gmt":"2022-07-28T10:24:54","guid":{"rendered":"https:\/\/www.safinel.fr\/?post_type=product&#038;p=1935"},"modified":"2023-12-28T17:15:20","modified_gmt":"2023-12-28T17:15:20","slug":"tannenhonig","status":"publish","type":"product","link":"https:\/\/www.safinel.fr\/de\/product-2\/tannenhonig\/","title":{"rendered":"Tannenhonig 250g"},"content":{"rendered":"<p>Machen Sie sich bereit f\u00fcr die Begegnung mit dem\u00a0<strong>Tannenhonig<\/strong>\u00a0! Auch genannt\u00a0<strong>Honigtau-Nektar<\/strong>, Dieses Bienenprodukt k\u00f6nnte Sie \u00fcberraschen.<\/p>\n<h2><strong>Was ist Tannenhonig?\u00a0<\/strong><\/h2>\n<p>Zun\u00e4chst einmal ist es interessant zu wissen, dass die Produktion dieses Honigs recht selten ist. Und das liegt an seinem Produktionsschema.<\/p>\n<p>Wenn es normalerweise die Bienen sind, die das\u00a0<strong>Blumennektar\u00a0<\/strong>um den ber\u00fchmten Honig zu produzieren! Bei Tannenb\u00e4umen ist das anders.<\/p>\n<p>Da der Baum keine Bl\u00fcten hat, machen die Bienen Platz f\u00fcr die Blattl\u00e4use, die den Saft absaugen. Danach scheiden sie Honigtau aus, der schlie\u00dflich von unseren kleinen Bienen eingesammelt wird. Aus diesem Grund wird Tannenhonig auch Tannenhonig genannt.<strong>\u00a0Honigtauhonig<\/strong>.<\/p>\n<h2><strong>Tannenhonig bei Ihrem Safinel-Shop\u00a0<\/strong><\/h2>\n<p>Ihre Wellness-Boutique ist stolz darauf, Ihnen einen hochwertigen Nektar zu pr\u00e4sentieren, der Sie begeistern k\u00f6nnte! In der Tat, angeboten in einem Beh\u00e4lter von 250G, ist dieser<strong>\u00a0Honig aus Frankreich<\/strong>\u00a0besitzt ein \u00e4u\u00dferst angenehmes Aroma.<\/p>\n<p>Dieser Tee schmeckt sowohl als Brotaufstrich als auch zum S\u00fc\u00dfen Ihres Kr\u00e4utertees.\u00a0<strong>Tannennektar<\/strong>\u00a0k\u00f6nnte durchaus f\u00fcr Einstimmigkeit sorgen!<\/p>\n<p>Au\u00dferdem ist sein Geschmack zwar sehr beliebt, aber er ist auch bei k\u00f6rperlichen Anstrengungen von Vorteil! Also Sportler, z\u00f6gert nicht l\u00e4nger und entdeckt dieses\u00a0<strong>nat\u00fcrliche Nahrungserg\u00e4nzung<\/strong>. Zart schmelzend im Mund und sehr duftend, probieren Sie ihn aus, um ihn gewisserma\u00dfen zu adoptieren ...<\/p>\n<h2><strong>Die Vorteile von Tannenhonig\u00a0<\/strong><\/h2>\n<p>Wenn Sie schon einmal von ihm geh\u00f6rt haben, dann haben Sie wahrscheinlich auch von den vielen positiven Eigenschaften geh\u00f6rt, die er mit sich bringt.  Wenn Sie, liebe Nektar-Liebhaber, sich darauf vorbereiten, mehr \u00fcber diese Pflanze zu erfahren, dann sollten Sie sich auf Folgendes gefasst machen<strong>\u00a0Bienenstockprodukt<\/strong>...<\/p>\n<ul>\n<li>Es ist bekannt, dass es ein Vorteil f\u00fcr die Darmflora ist<\/li>\n<li>Der Gehalt an unraffiniertem Zucker ist ein echtes Plus f\u00fcr Menschen, die anstrengende T\u00e4tigkeiten aus\u00fcben.<\/li>\n<li>Wie die meisten Honigsorten hilft er bei Halsschmerzen und bestimmten Atemproblemen.<\/li>\n<li>Kann auch ein Pluspunkt sein, um bei der Bek\u00e4mpfung von Herz-Kreislauf-Erkrankungen zu helfen<\/li>\n<li>Au\u00dferdem ist es auch als Vorteil gegen bestimmte Hautprobleme bekannt.<\/li>\n<\/ul>\n<p>Sie haben es verstanden, dieser<strong>\u00a0Naturschatz<\/strong>\u00a0ist ein absolutes Muss! Gilt f\u00fcr die meisten als\u00a0<strong>alicament<\/strong>, In der Regel ist es eine gute Idee, das N\u00fctzliche mit dem Angenehmen zu verbinden.<\/p>\n<h3><strong>Freude am Entdecken...<\/strong><\/h3>\n<p>Von nun an kennen Sie Ihren Online-Shop, der auf Wellness-Produkte spezialisiert ist! Und wie immer m\u00f6chte er Ihnen viele Artikel zeigen, die Ihnen gefallen k\u00f6nnten!<\/p>\n<p>Gehen Sie in die\u2019<strong>Mundhygiene<\/strong>\u00a0und ihre nat\u00fcrlichen Produkte! Es stimmt, dass die Pflege der Z\u00e4hne notwendig ist, wenn man hofft, \u00fcber viele Jahre hinweg ein qualitativ hochwertiges Gebiss zu haben. Aus diesem Grund hat Ihr Safinel-Shop die Entscheidung getroffen, Ihnen den\u00a0<a href=\"https:\/\/www.safinel.fr\/de\/product-2\/naturliche-menthol-zahnpasta-aus-siwak-pulver-30g\/\"><strong>Menthol-Zahnpastapulver<\/strong><\/a>\u00a0! Ja, es ist an der Zeit, Ihre Z\u00e4hne mit hochwertigen Produkten zu pflegen!<\/p>\n<p>Au\u00dferdem haben Sie f\u00fcr diejenigen, die den Planeten ein wenig mehr sch\u00fctzen wollen, die M\u00f6glichkeit, mit<strong>\u00a0<a href=\"https:\/\/www.safinel.fr\/de\/product-2\/beige-bambuszahnburste-fur-erwachsene\/\">die beige Bambuszahnb\u00fcrste<\/a><\/strong>\u00a0!<\/p>\n<p>Sie haben es verstanden, Ihr<strong>\u00a0Safinel-Shop<\/strong>\u00a0denkt haupts\u00e4chlich an Sie und Ihr Wohlbefinden!<\/p>","protected":false},"excerpt":{"rendered":"<p>Machen Sie sich bereit f\u00fcr die Entdeckung des Tannenhonigs! Dieses Bienenprodukt, auch Honigtau genannt, k\u00f6nnte Sie \u00fcberraschen. Was ist Tannenhonig?  Zun\u00e4chst einmal ist es interessant zu wissen, dass die Produktion dieses Honigs eher selten ist. Das liegt an seinem Produktionsschema. [\u2026]","protected":false},"featured_media":1936,"template":"","meta":[],"product_brand":[],"product_cat":[24,69],"product_tag":[],"class_list":{"0":"post-1935","1":"product","2":"type-product","3":"status-publish","4":"has-post-thumbnail","6":"product_cat-apiculture","7":"product_cat-miels-de-france","9":"first","10":"instock","11":"shipping-taxable","12":"purchasable","13":"product-type-simple"},"yoast_head":"<!-- This site is optimized with the Yoast SEO plugin v26.6 - https:\/\/yoast.com\/wordpress\/plugins\/seo\/ -->\n<title>Miel de Sapin I Bienfaits nombreux I Contenance 250g<\/title>\n<meta name=\"description\" content=\"Pr\u00e9parez-vous \u00e0 faire la rencontre du\u00a0miel de sapin\u00a0! Aussi appel\u00e9\u00a0nectar de miellat, ce produit de la ruche pourrait bien vous surprendre.\" \/>\n<meta name=\"robots\" content=\"index, follow, max-snippet:-1, max-image-preview:large, max-video-preview:-1\" \/>\n<link rel=\"canonical\" href=\"https:\/\/www.safinel.fr\/de\/product-2\/tannenhonig\/\" \/>\n<meta property=\"og:locale\" content=\"de_DE\" \/>\n<meta property=\"og:type\" content=\"article\" \/>\n<meta property=\"og:title\" content=\"Miel de Sapin I Bienfaits nombreux I Contenance 250g\" \/>\n<meta property=\"og:description\" content=\"Pr\u00e9parez-vous \u00e0 faire la rencontre du\u00a0miel de sapin\u00a0! Aussi appel\u00e9\u00a0nectar de miellat, ce produit de la ruche pourrait bien vous surprendre.\" \/>\n<meta property=\"og:url\" content=\"https:\/\/www.safinel.fr\/de\/product-2\/tannenhonig\/\" \/>\n<meta property=\"og:site_name\" content=\"Safinel\" \/>\n<meta property=\"article:modified_time\" content=\"2023-12-28T17:15:20+00:00\" \/>\n<meta property=\"og:image\" content=\"https:\/\/www.safinel.fr\/wp-content\/uploads\/2022\/07\/miel-de-sapin-vert.jpg\" \/>\n\t<meta property=\"og:image:width\" content=\"600\" \/>\n\t<meta property=\"og:image:height\" content=\"600\" \/>\n\t<meta property=\"og:image:type\" content=\"image\/jpeg\" \/>\n<meta name=\"twitter:card\" content=\"summary_large_image\" \/>\n<meta name=\"twitter:label1\" content=\"Gesch\u00e4tzte Lesezeit\" \/>\n\t<meta name=\"twitter:data1\" content=\"3\u00a0Minuten\" \/>\n<script type=\"application\/ld+json\" class=\"yoast-schema-graph\">{\"@context\":\"https:\/\/schema.org\",\"@graph\":[{\"@type\":\"WebPage\",\"@id\":\"https:\/\/www.safinel.fr\/produit\/miel-de-sapin\/\",\"url\":\"https:\/\/www.safinel.fr\/produit\/miel-de-sapin\/\",\"name\":\"Miel de Sapin I Bienfaits nombreux I Contenance 250g\",\"isPartOf\":{\"@id\":\"https:\/\/www.safinel.fr\/#website\"},\"primaryImageOfPage\":{\"@id\":\"https:\/\/www.safinel.fr\/produit\/miel-de-sapin\/#primaryimage\"},\"image\":{\"@id\":\"https:\/\/www.safinel.fr\/produit\/miel-de-sapin\/#primaryimage\"},\"thumbnailUrl\":\"https:\/\/www.safinel.fr\/wp-content\/uploads\/2022\/07\/miel-de-sapin-vert.jpg\",\"datePublished\":\"2022-07-28T10:24:54+00:00\",\"dateModified\":\"2023-12-28T17:15:20+00:00\",\"description\":\"Pr\u00e9parez-vous \u00e0 faire la rencontre du\u00a0miel de sapin\u00a0! Aussi appel\u00e9\u00a0nectar de miellat, ce produit de la ruche pourrait bien vous surprendre.\",\"breadcrumb\":{\"@id\":\"https:\/\/www.safinel.fr\/produit\/miel-de-sapin\/#breadcrumb\"},\"inLanguage\":\"de\",\"potentialAction\":[{\"@type\":\"ReadAction\",\"target\":[\"https:\/\/www.safinel.fr\/produit\/miel-de-sapin\/\"]}]},{\"@type\":\"ImageObject\",\"inLanguage\":\"de\",\"@id\":\"https:\/\/www.safinel.fr\/produit\/miel-de-sapin\/#primaryimage\",\"url\":\"https:\/\/www.safinel.fr\/wp-content\/uploads\/2022\/07\/miel-de-sapin-vert.jpg\",\"contentUrl\":\"https:\/\/www.safinel.fr\/wp-content\/uploads\/2022\/07\/miel-de-sapin-vert.jpg\",\"width\":600,\"height\":600,\"caption\":\"Miel de Sapin 250g\"},{\"@type\":\"BreadcrumbList\",\"@id\":\"https:\/\/www.safinel.fr\/produit\/miel-de-sapin\/#breadcrumb\",\"itemListElement\":[{\"@type\":\"ListItem\",\"position\":1,\"name\":\"Accueil\",\"item\":\"https:\/\/www.safinel.fr\/\"},{\"@type\":\"ListItem\",\"position\":2,\"name\":\"Boutique\",\"item\":\"https:\/\/www.safinel.fr\/boutique\/\"},{\"@type\":\"ListItem\",\"position\":3,\"name\":\"Miel de Sapin 250g\"}]},{\"@type\":\"WebSite\",\"@id\":\"https:\/\/www.safinel.fr\/#website\",\"url\":\"https:\/\/www.safinel.fr\/\",\"name\":\"Safinel\",\"description\":\"\",\"publisher\":{\"@id\":\"https:\/\/www.safinel.fr\/#organization\"},\"potentialAction\":[{\"@type\":\"SearchAction\",\"target\":{\"@type\":\"EntryPoint\",\"urlTemplate\":\"https:\/\/www.safinel.fr\/?s={search_term_string}\"},\"query-input\":{\"@type\":\"PropertyValueSpecification\",\"valueRequired\":true,\"valueName\":\"search_term_string\"}}],\"inLanguage\":\"de\"},{\"@type\":\"Organization\",\"@id\":\"https:\/\/www.safinel.fr\/#organization\",\"name\":\"Safinel\",\"url\":\"https:\/\/www.safinel.fr\/\",\"logo\":{\"@type\":\"ImageObject\",\"inLanguage\":\"de\",\"@id\":\"https:\/\/www.safinel.fr\/#\/schema\/logo\/image\/\",\"url\":\"https:\/\/www.safinel.fr\/wp-content\/uploads\/2021\/05\/boutique-cosmetique.png\",\"contentUrl\":\"https:\/\/www.safinel.fr\/wp-content\/uploads\/2021\/05\/boutique-cosmetique.png\",\"width\":800,\"height\":200,\"caption\":\"Safinel\"},\"image\":{\"@id\":\"https:\/\/www.safinel.fr\/#\/schema\/logo\/image\/\"}}]}<\/script>\n<!-- \/ Yoast SEO plugin. -->","yoast_head_json":{"title":"Tannenhonig I Zahlreiche Vorteile I Inhalt 250g","description":"Bereiten Sie sich auf die Begegnung mit Tannenhonig vor! Dieses auch als Honigtau-Nektar bezeichnete Bienenprodukt k\u00f6nnte Sie \u00fcberraschen.","robots":{"index":"index","follow":"follow","max-snippet":"max-snippet:-1","max-image-preview":"max-image-preview:large","max-video-preview":"max-video-preview:-1"},"canonical":"https:\/\/www.safinel.fr\/de\/product-2\/tannenhonig\/","og_locale":"de_DE","og_type":"article","og_title":"Miel de Sapin I Bienfaits nombreux I Contenance 250g","og_description":"Pr\u00e9parez-vous \u00e0 faire la rencontre du\u00a0miel de sapin\u00a0! Aussi appel\u00e9\u00a0nectar de miellat, ce produit de la ruche pourrait bien vous surprendre.","og_url":"https:\/\/www.safinel.fr\/de\/product-2\/tannenhonig\/","og_site_name":"Safinel","article_modified_time":"2023-12-28T17:15:20+00:00","og_image":[{"width":600,"height":600,"url":"https:\/\/www.safinel.fr\/wp-content\/uploads\/2022\/07\/miel-de-sapin-vert.jpg","type":"image\/jpeg"}],"twitter_card":"summary_large_image","twitter_misc":{"Gesch\u00e4tzte Lesezeit":"3\u00a0Minuten"},"schema":{"@context":"https:\/\/schema.org","@graph":[{"@type":"WebPage","@id":"https:\/\/www.safinel.fr\/produit\/miel-de-sapin\/","url":"https:\/\/www.safinel.fr\/produit\/miel-de-sapin\/","name":"Tannenhonig I Zahlreiche Vorteile I Inhalt 250g","isPartOf":{"@id":"https:\/\/www.safinel.fr\/#website"},"primaryImageOfPage":{"@id":"https:\/\/www.safinel.fr\/produit\/miel-de-sapin\/#primaryimage"},"image":{"@id":"https:\/\/www.safinel.fr\/produit\/miel-de-sapin\/#primaryimage"},"thumbnailUrl":"https:\/\/www.safinel.fr\/wp-content\/uploads\/2022\/07\/miel-de-sapin-vert.jpg","datePublished":"2022-07-28T10:24:54+00:00","dateModified":"2023-12-28T17:15:20+00:00","description":"Bereiten Sie sich auf die Begegnung mit Tannenhonig vor! Dieses auch als Honigtau-Nektar bezeichnete Bienenprodukt k\u00f6nnte Sie \u00fcberraschen.","breadcrumb":{"@id":"https:\/\/www.safinel.fr\/produit\/miel-de-sapin\/#breadcrumb"},"inLanguage":"de","potentialAction":[{"@type":"ReadAction","target":["https:\/\/www.safinel.fr\/produit\/miel-de-sapin\/"]}]},{"@type":"ImageObject","inLanguage":"de","@id":"https:\/\/www.safinel.fr\/produit\/miel-de-sapin\/#primaryimage","url":"https:\/\/www.safinel.fr\/wp-content\/uploads\/2022\/07\/miel-de-sapin-vert.jpg","contentUrl":"https:\/\/www.safinel.fr\/wp-content\/uploads\/2022\/07\/miel-de-sapin-vert.jpg","width":600,"height":600,"caption":"Miel de Sapin 250g"},{"@type":"BreadcrumbList","@id":"https:\/\/www.safinel.fr\/produit\/miel-de-sapin\/#breadcrumb","itemListElement":[{"@type":"ListItem","position":1,"name":"Accueil","item":"https:\/\/www.safinel.fr\/"},{"@type":"ListItem","position":2,"name":"Boutique","item":"https:\/\/www.safinel.fr\/boutique\/"},{"@type":"ListItem","position":3,"name":"Miel de Sapin 250g"}]},{"@type":"WebSite","@id":"https:\/\/www.safinel.fr\/#website","url":"https:\/\/www.safinel.fr\/","name":"Safinel","description":"","publisher":{"@id":"https:\/\/www.safinel.fr\/#organization"},"potentialAction":[{"@type":"SearchAction","target":{"@type":"EntryPoint","urlTemplate":"https:\/\/www.safinel.fr\/?s={search_term_string}"},"query-input":{"@type":"PropertyValueSpecification","valueRequired":true,"valueName":"search_term_string"}}],"inLanguage":"de"},{"@type":"Organization","@id":"https:\/\/www.safinel.fr\/#organization","name":"Safinel","url":"https:\/\/www.safinel.fr\/","logo":{"@type":"ImageObject","inLanguage":"de","@id":"https:\/\/www.safinel.fr\/#\/schema\/logo\/image\/","url":"https:\/\/www.safinel.fr\/wp-content\/uploads\/2021\/05\/boutique-cosmetique.png","contentUrl":"https:\/\/www.safinel.fr\/wp-content\/uploads\/2021\/05\/boutique-cosmetique.png","width":800,"height":200,"caption":"Safinel"},"image":{"@id":"https:\/\/www.safinel.fr\/#\/schema\/logo\/image\/"}}]}},"_links":{"self":[{"href":"https:\/\/www.safinel.fr\/de\/wp-json\/wp\/v2\/product\/1935","targetHints":{"allow":["GET"]}}],"collection":[{"href":"https:\/\/www.safinel.fr\/de\/wp-json\/wp\/v2\/product"}],"about":[{"href":"https:\/\/www.safinel.fr\/de\/wp-json\/wp\/v2\/types\/product"}],"wp:featuredmedia":[{"embeddable":true,"href":"https:\/\/www.safinel.fr\/de\/wp-json\/wp\/v2\/media\/1936"}],"wp:attachment":[{"href":"https:\/\/www.safinel.fr\/de\/wp-json\/wp\/v2\/media?parent=1935"}],"wp:term":[{"taxonomy":"product_brand","embeddable":true,"href":"https:\/\/www.safinel.fr\/de\/wp-json\/wp\/v2\/product_brand?post=1935"},{"taxonomy":"product_cat","embeddable":true,"href":"https:\/\/www.safinel.fr\/de\/wp-json\/wp\/v2\/product_cat?post=1935"},{"taxonomy":"product_tag","embeddable":true,"href":"https:\/\/www.safinel.fr\/de\/wp-json\/wp\/v2\/product_tag?post=1935"}],"curies":[{"name":"wp","href":"https:\/\/api.w.org\/{rel}","templated":true}]}}