{"id":1906,"date":"2022-02-26T12:19:15","date_gmt":"2022-02-26T12:19:15","guid":{"rendered":"https:\/\/www.safinel.fr\/?post_type=product&#038;p=1906"},"modified":"2023-12-28T17:15:20","modified_gmt":"2023-12-28T17:15:20","slug":"zinkbisglycinat","status":"publish","type":"product","link":"https:\/\/www.safinel.fr\/de\/product-2\/zinkbisglycinat\/","title":{"rendered":"Zinkbisglycinat"},"content":{"rendered":"<p>Zink ist ein Spurenelement, das f\u00fcr die Funktion des K\u00f6rpers sehr wichtig ist. Damit es jedoch gut aufgenommen werden kann, muss es mit einer organischen oder anorganischen Substanz verbunden sein. Diese \u00fcbernimmt den Transport des Zinks im Blut. Aus diesem Grund bieten die Hersteller von Nahrungserg\u00e4nzungsmitteln Zink in verschiedenen Formen an, darunter auch Zinkbisglycinat. Hier ist alles, was Sie \u00fcber dieses Produkt wissen m\u00fcssen.<\/p>\n<h2 id=\"h-bisglycinate-zinc-c-est-quoi\"><strong>Zinkbisglycinat: Was ist das?<\/strong><\/h2>\n<p>Zinkbisglycinat ist ein\u00a0<strong>Nahrungserg\u00e4nzung<\/strong>\u00a0in Apotheken erh\u00e4ltlich. Es wird eigentlich auf der Basis von Zink und in Form von Bisglycinat hergestellt. Dies ist eine der wirksamsten Formen des Produkts, das auf dem Markt angeboten wird. Bisglycinat ist eigentlich ein organisches Molek\u00fcl. Es handelt sich um einen Transporter pflanzlichen Ursprungs, ein Derivat von Glycin, einer Aminos\u00e4ure, die nat\u00fcrlicherweise im K\u00f6rper vorkommt. Das Glycin hat die Aufgabe, Zink zu seinen Rezeptoren im K\u00f6rper zu transportieren.<\/p>\n<p>In der Tat muss das Mineral nach der Einnahme verschiedene Hindernisse \u00fcberwinden, um an seinen Verwendungsort zu gelangen. Die Aufnahme des Minerals kann also durch viele Faktoren behindert werden, z. B. durch Magens\u00e4fte und Darmst\u00f6rungen.<\/p>\n<p>Bisglycinat ist jedoch eine Verbindung, die der Magens\u00e4ure widerstehen kann. Es bedeckt das Mineral, um seine Aufnahme zu erleichtern. Dank dieser Verbindung nimmt der K\u00f6rper Zink als einfache Nahrung wahr und nicht als unverdauliches Produkt. Zink hat auch ein niedriges Molekulargewicht, wodurch es leicht aufgenommen werden kann.<\/p>\n<h2 id=\"h-les-bienfaits-du-bisglycinate-zinc-sur-la-sant\"><strong>Gesundheitliche Vorteile von Zinkbisglycinat<\/strong><\/h2>\n<p>Zink-Bisglycinat ist ein Nahrungserg\u00e4nzungsmittel auf der Basis von Zink. Produkte dieser Art werden am h\u00e4ufigsten bei Entz\u00fcndungen eingesetzt. Sie k\u00f6nnen daher\u00a0<strong>Hautprobleme wie Psoriasis, Akne oder Dermatitis bek\u00e4mpfen<\/strong>. Ihr Verzehr f\u00f6rdert zudem die Synthese von Keratin und Kollagen. Das sind Proteine, die zu 95 % im Haar vorkommen. Das Mineral in Verbindung mit Vitamin B6 verleiht dem Haar mehr Glanz, Geschmeidigkeit und Widerstandskraft.<\/p>\n<p>Dar\u00fcber hinaus ist Zinkbisglycinat f\u00fcr seine Unterst\u00fctzung bei der Blutgerinnung und der Verbesserung der Immunabwehr bekannt. Es\u00a0<strong>regt die Produktion von T-Lymphozyten an und f\u00f6rdert eine schnelle Wundheilung.<\/strong>\u00a0Es tr\u00e4gt auch dazu bei, freie Radikale zu beseitigen, wodurch das Alter bek\u00e4mpft werden kann. Es reguliert auch den Blutzuckerspiegel und tr\u00e4gt zur normalen Funktion des Nervensystems bei.<\/p>\n<h2 id=\"h-conseil-d-utilisation-du-produit\"><strong>Ratschl\u00e4ge zur Verwendung des Produkts<\/strong><\/h2>\n<p>Zink-Bisglycinat ist f\u00fcr Personen bestimmt, die\u00a0<strong>vegetarisch und vegan<\/strong>. Es wird auch denjenigen empfohlen, die :<\/p>\n<ul>\n<li>ihr Immunsystem st\u00e4rken,<\/li>\n<li>eine sch\u00f6ne Haut aufrechterhalten,<\/li>\n<li>haben\u00a0<strong><a href=\"https:\/\/www.safinel.fr\/de\/product-2\/chebeol\/\">gl\u00e4nzendes Haar<\/a><\/strong>,<\/li>\n<li>eine gute sexuelle Gesundheit besitzen usw.<\/li>\n<\/ul>\n<p>Diese k\u00f6nnen eine\u00a0<strong>Kur von 2 bis 6 Monaten<\/strong>\u00a0(eine Schachtel), um das gew\u00fcnschte Ergebnis zu erzielen. Sie m\u00fcssen einen\u00a0<strong>halbe Tablette pro Tag<\/strong>\u00a0au\u00dferhalb der Mahlzeiten w\u00e4hrend des gesamten Zeitraums. Getreide enth\u00e4lt in Wirklichkeit Phytins\u00e4ure oder IP6, die die Aufnahme des Minerals verringert. Aus diesem Grund sollten Sie Zink-Bisglycinat au\u00dferhalb der Mahlzeiten zu sich nehmen. Dieses Produkt ist f\u00fcr Kinder unter 12 Jahren nicht geeignet. Schwangere und stillende Frauen sollten ihren Arzt um Rat fragen, wenn sie dieses Nahrungserg\u00e4nzungsmittel einnehmen.<\/p>","protected":false},"excerpt":{"rendered":"<p>Zink ist ein f\u00fcr die K\u00f6rperfunktionen sehr wichtiges Spurenelement. Um jedoch gut aufgenommen zu werden, muss es mit einer organischen oder anorganischen Substanz verbunden sein. Diese transportiert es dann ins Blut. Aus diesem Grund bieten Hersteller von Nahrungserg\u00e4nzungsmitteln es in verschiedenen Formen an, darunter auch als Zinkbisglycinat. Hier [\u2026]","protected":false},"featured_media":0,"template":"","meta":[],"product_brand":[],"product_cat":[28,20],"product_tag":[],"class_list":{"0":"post-1906","1":"product","2":"type-product","3":"status-publish","5":"product_cat-divers","6":"product_cat-gelules","8":"first","9":"outofstock","10":"shipping-taxable","11":"product-type-simple"},"yoast_head":"<!-- This site is optimized with the Yoast SEO plugin v26.6 - https:\/\/yoast.com\/wordpress\/plugins\/seo\/ -->\n<title>Bisglycinate de Zinc I G\u00e9lules &amp; poudre I Achat rapide<\/title>\n<meta name=\"description\" content=\"Le Bisglycinate Zinc est un\u00a0compl\u00e9ment alimentaire. Il est en r\u00e9alit\u00e9 produit \u00e0 base de Zinc et sous forme de bisglycinate.\" \/>\n<meta name=\"robots\" content=\"index, follow, max-snippet:-1, max-image-preview:large, max-video-preview:-1\" \/>\n<link rel=\"canonical\" href=\"https:\/\/www.safinel.fr\/de\/product-2\/zinkbisglycinat\/\" \/>\n<meta property=\"og:locale\" content=\"de_DE\" \/>\n<meta property=\"og:type\" content=\"article\" \/>\n<meta property=\"og:title\" content=\"Bisglycinate de Zinc I G\u00e9lules &amp; poudre I Achat rapide\" \/>\n<meta property=\"og:description\" content=\"Le Bisglycinate Zinc est un\u00a0compl\u00e9ment alimentaire. Il est en r\u00e9alit\u00e9 produit \u00e0 base de Zinc et sous forme de bisglycinate.\" \/>\n<meta property=\"og:url\" content=\"https:\/\/www.safinel.fr\/de\/product-2\/zinkbisglycinat\/\" \/>\n<meta property=\"og:site_name\" content=\"Safinel\" \/>\n<meta property=\"article:modified_time\" content=\"2023-12-28T17:15:20+00:00\" \/>\n<meta name=\"twitter:card\" content=\"summary_large_image\" \/>\n<meta name=\"twitter:label1\" content=\"Gesch\u00e4tzte Lesezeit\" \/>\n\t<meta name=\"twitter:data1\" content=\"3\u00a0Minuten\" \/>\n<script type=\"application\/ld+json\" class=\"yoast-schema-graph\">{\"@context\":\"https:\/\/schema.org\",\"@graph\":[{\"@type\":\"WebPage\",\"@id\":\"https:\/\/www.safinel.fr\/produit\/bisglycinate-de-zinc\/\",\"url\":\"https:\/\/www.safinel.fr\/produit\/bisglycinate-de-zinc\/\",\"name\":\"Bisglycinate de Zinc I G\u00e9lules & poudre I Achat rapide\",\"isPartOf\":{\"@id\":\"https:\/\/www.safinel.fr\/#website\"},\"datePublished\":\"2022-02-26T12:19:15+00:00\",\"dateModified\":\"2023-12-28T17:15:20+00:00\",\"description\":\"Le Bisglycinate Zinc est un\u00a0compl\u00e9ment alimentaire. Il est en r\u00e9alit\u00e9 produit \u00e0 base de Zinc et sous forme de bisglycinate.\",\"breadcrumb\":{\"@id\":\"https:\/\/www.safinel.fr\/produit\/bisglycinate-de-zinc\/#breadcrumb\"},\"inLanguage\":\"de\",\"potentialAction\":[{\"@type\":\"ReadAction\",\"target\":[\"https:\/\/www.safinel.fr\/produit\/bisglycinate-de-zinc\/\"]}]},{\"@type\":\"BreadcrumbList\",\"@id\":\"https:\/\/www.safinel.fr\/produit\/bisglycinate-de-zinc\/#breadcrumb\",\"itemListElement\":[{\"@type\":\"ListItem\",\"position\":1,\"name\":\"Accueil\",\"item\":\"https:\/\/www.safinel.fr\/\"},{\"@type\":\"ListItem\",\"position\":2,\"name\":\"Boutique\",\"item\":\"https:\/\/www.safinel.fr\/boutique\/\"},{\"@type\":\"ListItem\",\"position\":3,\"name\":\"Bisglycinate de Zinc\"}]},{\"@type\":\"WebSite\",\"@id\":\"https:\/\/www.safinel.fr\/#website\",\"url\":\"https:\/\/www.safinel.fr\/\",\"name\":\"Safinel\",\"description\":\"\",\"publisher\":{\"@id\":\"https:\/\/www.safinel.fr\/#organization\"},\"potentialAction\":[{\"@type\":\"SearchAction\",\"target\":{\"@type\":\"EntryPoint\",\"urlTemplate\":\"https:\/\/www.safinel.fr\/?s={search_term_string}\"},\"query-input\":{\"@type\":\"PropertyValueSpecification\",\"valueRequired\":true,\"valueName\":\"search_term_string\"}}],\"inLanguage\":\"de\"},{\"@type\":\"Organization\",\"@id\":\"https:\/\/www.safinel.fr\/#organization\",\"name\":\"Safinel\",\"url\":\"https:\/\/www.safinel.fr\/\",\"logo\":{\"@type\":\"ImageObject\",\"inLanguage\":\"de\",\"@id\":\"https:\/\/www.safinel.fr\/#\/schema\/logo\/image\/\",\"url\":\"https:\/\/www.safinel.fr\/wp-content\/uploads\/2021\/05\/boutique-cosmetique.png\",\"contentUrl\":\"https:\/\/www.safinel.fr\/wp-content\/uploads\/2021\/05\/boutique-cosmetique.png\",\"width\":800,\"height\":200,\"caption\":\"Safinel\"},\"image\":{\"@id\":\"https:\/\/www.safinel.fr\/#\/schema\/logo\/image\/\"}}]}<\/script>\n<!-- \/ Yoast SEO plugin. -->","yoast_head_json":{"title":"Zinkbisglycinat I Kapseln &amp; Pulver I Schnellkauf","description":"Zink-Bisglycinat ist ein Nahrungserg\u00e4nzungsmittel. Es wird eigentlich auf der Basis von Zink und in Form von Bisglycinat hergestellt.","robots":{"index":"index","follow":"follow","max-snippet":"max-snippet:-1","max-image-preview":"max-image-preview:large","max-video-preview":"max-video-preview:-1"},"canonical":"https:\/\/www.safinel.fr\/de\/product-2\/zinkbisglycinat\/","og_locale":"de_DE","og_type":"article","og_title":"Bisglycinate de Zinc I G\u00e9lules & poudre I Achat rapide","og_description":"Le Bisglycinate Zinc est un\u00a0compl\u00e9ment alimentaire. Il est en r\u00e9alit\u00e9 produit \u00e0 base de Zinc et sous forme de bisglycinate.","og_url":"https:\/\/www.safinel.fr\/de\/product-2\/zinkbisglycinat\/","og_site_name":"Safinel","article_modified_time":"2023-12-28T17:15:20+00:00","twitter_card":"summary_large_image","twitter_misc":{"Gesch\u00e4tzte Lesezeit":"3\u00a0Minuten"},"schema":{"@context":"https:\/\/schema.org","@graph":[{"@type":"WebPage","@id":"https:\/\/www.safinel.fr\/produit\/bisglycinate-de-zinc\/","url":"https:\/\/www.safinel.fr\/produit\/bisglycinate-de-zinc\/","name":"Zinkbisglycinat I Kapseln &amp; Pulver I Schnellkauf","isPartOf":{"@id":"https:\/\/www.safinel.fr\/#website"},"datePublished":"2022-02-26T12:19:15+00:00","dateModified":"2023-12-28T17:15:20+00:00","description":"Zink-Bisglycinat ist ein Nahrungserg\u00e4nzungsmittel. Es wird eigentlich auf der Basis von Zink und in Form von Bisglycinat hergestellt.","breadcrumb":{"@id":"https:\/\/www.safinel.fr\/produit\/bisglycinate-de-zinc\/#breadcrumb"},"inLanguage":"de","potentialAction":[{"@type":"ReadAction","target":["https:\/\/www.safinel.fr\/produit\/bisglycinate-de-zinc\/"]}]},{"@type":"BreadcrumbList","@id":"https:\/\/www.safinel.fr\/produit\/bisglycinate-de-zinc\/#breadcrumb","itemListElement":[{"@type":"ListItem","position":1,"name":"Accueil","item":"https:\/\/www.safinel.fr\/"},{"@type":"ListItem","position":2,"name":"Boutique","item":"https:\/\/www.safinel.fr\/boutique\/"},{"@type":"ListItem","position":3,"name":"Bisglycinate de Zinc"}]},{"@type":"WebSite","@id":"https:\/\/www.safinel.fr\/#website","url":"https:\/\/www.safinel.fr\/","name":"Safinel","description":"","publisher":{"@id":"https:\/\/www.safinel.fr\/#organization"},"potentialAction":[{"@type":"SearchAction","target":{"@type":"EntryPoint","urlTemplate":"https:\/\/www.safinel.fr\/?s={search_term_string}"},"query-input":{"@type":"PropertyValueSpecification","valueRequired":true,"valueName":"search_term_string"}}],"inLanguage":"de"},{"@type":"Organization","@id":"https:\/\/www.safinel.fr\/#organization","name":"Safinel","url":"https:\/\/www.safinel.fr\/","logo":{"@type":"ImageObject","inLanguage":"de","@id":"https:\/\/www.safinel.fr\/#\/schema\/logo\/image\/","url":"https:\/\/www.safinel.fr\/wp-content\/uploads\/2021\/05\/boutique-cosmetique.png","contentUrl":"https:\/\/www.safinel.fr\/wp-content\/uploads\/2021\/05\/boutique-cosmetique.png","width":800,"height":200,"caption":"Safinel"},"image":{"@id":"https:\/\/www.safinel.fr\/#\/schema\/logo\/image\/"}}]}},"_links":{"self":[{"href":"https:\/\/www.safinel.fr\/de\/wp-json\/wp\/v2\/product\/1906","targetHints":{"allow":["GET"]}}],"collection":[{"href":"https:\/\/www.safinel.fr\/de\/wp-json\/wp\/v2\/product"}],"about":[{"href":"https:\/\/www.safinel.fr\/de\/wp-json\/wp\/v2\/types\/product"}],"wp:attachment":[{"href":"https:\/\/www.safinel.fr\/de\/wp-json\/wp\/v2\/media?parent=1906"}],"wp:term":[{"taxonomy":"product_brand","embeddable":true,"href":"https:\/\/www.safinel.fr\/de\/wp-json\/wp\/v2\/product_brand?post=1906"},{"taxonomy":"product_cat","embeddable":true,"href":"https:\/\/www.safinel.fr\/de\/wp-json\/wp\/v2\/product_cat?post=1906"},{"taxonomy":"product_tag","embeddable":true,"href":"https:\/\/www.safinel.fr\/de\/wp-json\/wp\/v2\/product_tag?post=1906"}],"curies":[{"name":"wp","href":"https:\/\/api.w.org\/{rel}","templated":true}]}}