{"id":188,"date":"2021-07-07T19:06:53","date_gmt":"2021-07-07T19:06:53","guid":{"rendered":"https:\/\/www.safinel.fr\/?post_type=product&#038;p=188"},"modified":"2023-12-28T17:15:00","modified_gmt":"2023-12-28T17:15:00","slug":"kapoor-kachli","status":"publish","type":"product","link":"https:\/\/www.safinel.fr\/de\/product-2\/kapoor-kachli\/","title":{"rendered":"Kapoor Kachli 100g"},"content":{"rendered":"<p>Das pflanzliche Pulver von Kapoor Kachli ist eine nat\u00fcrliche Haarpflege. Es wird in etwa im gleichen Stil verwendet wie das <a href=\"https:\/\/www.safinel.fr\/de\/product-2\/chebe-pulver-100g\/\"><b>Ch\u00e9b\u00e9-Pulver<\/b><\/a>. Es geh\u00f6rt zu den Produkten aus der indischen Pharmakop\u00f6e, die das Haar ebenso wie Henna veredeln. Dieses ayurvedische Pulver stammt von der Pflanze namens Hedychium spicatum. In der Umgangssprache wird sie auch als Zieringwer bezeichnet. Es handelt sich also um eine \u00fcppige Pflanzenart, die am Fu\u00dfe des Himalaya, auf dem indischen Subkontinent und in Burma w\u00e4chst. Es handelt sich um eine Rhizompflanze, deren Wurzel extrahiert wird, um in pulverisierter Form Kapoor Kachli zu liefern.<\/p>\n<h2><b>Kapoor Kachli: Ein Wunder f\u00fcr m\u00fcdes Haar<\/b><\/h2>\n<p>Das Kapoor Kachli Pulver ist ein uraltes indisches Sch\u00f6nheitsgeheimnis. Diese Art von Naturkosmetik wird nun im Herzen der Pflanzenkosmetik enth\u00fcllt. Dieses ayurvedische Puder, das aus seiner urspr\u00fcnglichen Heimat stammt, ist mittlerweile sehr bekannt. Es wird immer h\u00e4ufiger in der Haarpflege und in Pflanzenhaarfarben verwendet. Wenn es mit Henna gemischt wird, st\u00e4rkt es das Haar und macht es geschmeidig. Es wirkt also feuchtigkeitsspendend und l\u00e4sst das Haar relativ gut gl\u00e4nzen.<span class=\"Apple-converted-space\">\u00a0<\/span><\/p>\n<p>Kapoor Kachli kann \u00fcbrigens auch als nat\u00fcrliches Trockenshampoo verwendet werden. Dazu mischen Sie es einfach mit etwas warmem oder hei\u00dfem Wasser und tragen es dann auf. Anschlie\u00dfend k\u00e4mmen Sie Ihr Haar mit Ihrer normalen B\u00fcrste.<\/p>\n<p>Wenn Sie Ihre Frisur respektieren, wird dieses indische Pulver schlie\u00dflich das Haar st\u00e4rken und ihm Vitalit\u00e4t verleihen. Schlie\u00dflich m\u00fcssen Sie das Haar am Ende des Tages nur noch aussp\u00fclen.<span class=\"Apple-converted-space\">\u00a0<\/span><\/p>\n<h2><b>Naturkosmetik mit erhabenem Duft\u00a0<\/b><\/h2>\n<p>Sie sollten wissen, dass Kapoor Kachli auch die F\u00e4higkeit hat, das Haar gut zu parf\u00fcmieren. Es ist also ein Pflegeprodukt, das Sie w\u00f6chentlich anwenden k\u00f6nnen. Wenn Sie Ihr Haar genauso oft waschen, k\u00f6nnen Sie Kapoor Kachli so verwenden, wie wir es gerade beschrieben haben. Der Geruch \u00e4hnelt dem von Ingwer und verstr\u00f6mt einen leichten Zitronenduft mit einer relativ scharfen Note. Auf nat\u00fcrliche Weise und ohne Chemikalien sch\u00fctzen Sie auf diese Weise Ihr Haar mit dem vertrauten Geruch von wildem Ingwer.<span class=\"Apple-converted-space\">\u00a0<\/span><\/p>\n<h3><b>Ein ayurvedisches Pulver f\u00fcr alle Haartypen<\/b><\/h3>\n<p>Kapoor Kachli Pulver ist ein biologisches Produkt, das keine Ausnahmen macht. Es kann auf alle Haartypen aufgetragen werden. Dennoch: Obwohl es eine Vorliebe f\u00fcr geschw\u00e4chtes Haar hat, gibt es Menschen, die es genauso brauchen :<\/p>\n<ul>\n<li>An erster Stelle steht wei\u00dfes Haar, das so eine gleichm\u00e4\u00dfige Farbe behalten kann und seine Vitalit\u00e4t und seinen Glanz bewahrt.<span class=\"Apple-converted-space\">\u00a0 <\/span>Ja, das stimmt! Trotz des Alters gibt es nichts Sch\u00f6neres, als attraktives und gesundes wei\u00dfes oder graues Haar zu haben.<span class=\"Apple-converted-space\">\u00a0<\/span><\/li>\n<\/ul>\n<ul>\n<li>Anschlie\u00dfend sorgt Kapoor Kachli auf hellem Haar f\u00fcr sch\u00f6ne Reflexe, wobei es diese spezielle Haarfaser respektiert.<\/li>\n<\/ul>\n<ul>\n<li>Und schlie\u00dflich stumpfes Haar, bei dem dieses Zauberpulver wieder Glanz verleiht. In dieser Situation empfehlen wir Ihnen die Verwendung von\u2019<a href=\"https:\/\/www.mon-botox-capillaire.com\/produit\/huile-de-ricin-bio-cheveux\/\" target=\"_blank\" rel=\"noopener\"><strong>Rizinus\u00f6l<\/strong><\/a> oder Jojoba\u00f6l, um diese Haarpflege zu verst\u00e4rken. Dadurch wird Ihr Haar wieder kr\u00e4ftiger und vor allem wachstumsf\u00f6rdernd.<\/li>\n<\/ul>","protected":false},"excerpt":{"rendered":"<p>Das pflanzliche Pulver Kapoor Kachli ist ein nat\u00fcrliches Haarpflegeprodukt. Es wird \u00e4hnlich wie Chebepulver verwendet. Es geh\u00f6rt zu den Produkten der indischen Pharmakop\u00f6e, die das Haar ebenso wie Henna versch\u00f6nern. Dieses ayurvedische Pulver stammt von der Pflanze Hedychium spicatum. In der Sprache [\u2026]","protected":false},"featured_media":185,"template":"","meta":[],"product_brand":[],"product_cat":[27,110],"product_tag":[],"class_list":{"0":"post-188","1":"product","2":"type-product","3":"status-publish","4":"has-post-thumbnail","6":"product_cat-plantes-medicinales","7":"product_cat-poudre-cheveux-ayurvedique","9":"first","10":"instock","11":"shipping-taxable","12":"purchasable","13":"product-type-simple"},"yoast_head":"<!-- This site is optimized with the Yoast SEO plugin v26.6 - https:\/\/yoast.com\/wordpress\/plugins\/seo\/ -->\n<title>Kapoor Kachli | Poudre ayurv\u00e9dique naturelle | Achat en France<\/title>\n<meta name=\"description\" content=\"La poudre v\u00e9g\u00e9tale de Kapoor Kachli est un soin capillaire naturel. Elle s\u2019utilise un peu dans le m\u00eame style que la poudre de ch\u00e9b\u00e9.\" \/>\n<meta name=\"robots\" content=\"index, follow, max-snippet:-1, max-image-preview:large, max-video-preview:-1\" \/>\n<link rel=\"canonical\" href=\"https:\/\/www.safinel.fr\/de\/product-2\/kapoor-kachli\/\" \/>\n<meta property=\"og:locale\" content=\"de_DE\" \/>\n<meta property=\"og:type\" content=\"article\" \/>\n<meta property=\"og:title\" content=\"Kapoor Kachli | Poudre ayurv\u00e9dique naturelle | Achat en France\" \/>\n<meta property=\"og:description\" content=\"La poudre v\u00e9g\u00e9tale de Kapoor Kachli est un soin capillaire naturel. Elle s\u2019utilise un peu dans le m\u00eame style que la poudre de ch\u00e9b\u00e9.\" \/>\n<meta property=\"og:url\" content=\"https:\/\/www.safinel.fr\/de\/product-2\/kapoor-kachli\/\" \/>\n<meta property=\"og:site_name\" content=\"Safinel\" \/>\n<meta property=\"article:modified_time\" content=\"2023-12-28T17:15:00+00:00\" \/>\n<meta property=\"og:image\" content=\"https:\/\/www.safinel.fr\/wp-content\/uploads\/2021\/07\/kapoor.jpg\" \/>\n\t<meta property=\"og:image:width\" content=\"1001\" \/>\n\t<meta property=\"og:image:height\" content=\"1001\" \/>\n\t<meta property=\"og:image:type\" content=\"image\/jpeg\" \/>\n<meta name=\"twitter:card\" content=\"summary_large_image\" \/>\n<meta name=\"twitter:label1\" content=\"Gesch\u00e4tzte Lesezeit\" \/>\n\t<meta name=\"twitter:data1\" content=\"3\u00a0Minuten\" \/>\n<script type=\"application\/ld+json\" class=\"yoast-schema-graph\">{\"@context\":\"https:\/\/schema.org\",\"@graph\":[{\"@type\":\"WebPage\",\"@id\":\"https:\/\/www.safinel.fr\/produit\/kapoor-kachli\/\",\"url\":\"https:\/\/www.safinel.fr\/produit\/kapoor-kachli\/\",\"name\":\"Kapoor Kachli | Poudre ayurv\u00e9dique naturelle | Achat en France\",\"isPartOf\":{\"@id\":\"https:\/\/www.safinel.fr\/#website\"},\"primaryImageOfPage\":{\"@id\":\"https:\/\/www.safinel.fr\/produit\/kapoor-kachli\/#primaryimage\"},\"image\":{\"@id\":\"https:\/\/www.safinel.fr\/produit\/kapoor-kachli\/#primaryimage\"},\"thumbnailUrl\":\"https:\/\/www.safinel.fr\/wp-content\/uploads\/2021\/07\/kapoor.jpg\",\"datePublished\":\"2021-07-07T19:06:53+00:00\",\"dateModified\":\"2023-12-28T17:15:00+00:00\",\"description\":\"La poudre v\u00e9g\u00e9tale de Kapoor Kachli est un soin capillaire naturel. Elle s\u2019utilise un peu dans le m\u00eame style que la poudre de ch\u00e9b\u00e9.\",\"breadcrumb\":{\"@id\":\"https:\/\/www.safinel.fr\/produit\/kapoor-kachli\/#breadcrumb\"},\"inLanguage\":\"de\",\"potentialAction\":[{\"@type\":\"ReadAction\",\"target\":[\"https:\/\/www.safinel.fr\/produit\/kapoor-kachli\/\"]}]},{\"@type\":\"ImageObject\",\"inLanguage\":\"de\",\"@id\":\"https:\/\/www.safinel.fr\/produit\/kapoor-kachli\/#primaryimage\",\"url\":\"https:\/\/www.safinel.fr\/wp-content\/uploads\/2021\/07\/kapoor.jpg\",\"contentUrl\":\"https:\/\/www.safinel.fr\/wp-content\/uploads\/2021\/07\/kapoor.jpg\",\"width\":1001,\"height\":1001,\"caption\":\"Kapoor Kachli en poudre\"},{\"@type\":\"BreadcrumbList\",\"@id\":\"https:\/\/www.safinel.fr\/produit\/kapoor-kachli\/#breadcrumb\",\"itemListElement\":[{\"@type\":\"ListItem\",\"position\":1,\"name\":\"Accueil\",\"item\":\"https:\/\/www.safinel.fr\/\"},{\"@type\":\"ListItem\",\"position\":2,\"name\":\"Boutique\",\"item\":\"https:\/\/www.safinel.fr\/boutique\/\"},{\"@type\":\"ListItem\",\"position\":3,\"name\":\"Kapoor Kachli 100g\"}]},{\"@type\":\"WebSite\",\"@id\":\"https:\/\/www.safinel.fr\/#website\",\"url\":\"https:\/\/www.safinel.fr\/\",\"name\":\"Safinel\",\"description\":\"\",\"publisher\":{\"@id\":\"https:\/\/www.safinel.fr\/#organization\"},\"potentialAction\":[{\"@type\":\"SearchAction\",\"target\":{\"@type\":\"EntryPoint\",\"urlTemplate\":\"https:\/\/www.safinel.fr\/?s={search_term_string}\"},\"query-input\":{\"@type\":\"PropertyValueSpecification\",\"valueRequired\":true,\"valueName\":\"search_term_string\"}}],\"inLanguage\":\"de\"},{\"@type\":\"Organization\",\"@id\":\"https:\/\/www.safinel.fr\/#organization\",\"name\":\"Safinel\",\"url\":\"https:\/\/www.safinel.fr\/\",\"logo\":{\"@type\":\"ImageObject\",\"inLanguage\":\"de\",\"@id\":\"https:\/\/www.safinel.fr\/#\/schema\/logo\/image\/\",\"url\":\"https:\/\/www.safinel.fr\/wp-content\/uploads\/2021\/05\/boutique-cosmetique.png\",\"contentUrl\":\"https:\/\/www.safinel.fr\/wp-content\/uploads\/2021\/05\/boutique-cosmetique.png\",\"width\":800,\"height\":200,\"caption\":\"Safinel\"},\"image\":{\"@id\":\"https:\/\/www.safinel.fr\/#\/schema\/logo\/image\/\"}}]}<\/script>\n<!-- \/ Yoast SEO plugin. -->","yoast_head_json":{"title":"Kapoor Kachli | Nat\u00fcrliches ayurvedisches Pulver | Kauf in Deutschland","description":"Das pflanzliche Pulver von Kapoor Kachli ist ein nat\u00fcrliches Haarpflegemittel. Es wird in etwa im gleichen Stil wie Ch\u00e9b\u00e9-Pulver verwendet.","robots":{"index":"index","follow":"follow","max-snippet":"max-snippet:-1","max-image-preview":"max-image-preview:large","max-video-preview":"max-video-preview:-1"},"canonical":"https:\/\/www.safinel.fr\/de\/product-2\/kapoor-kachli\/","og_locale":"de_DE","og_type":"article","og_title":"Kapoor Kachli | Poudre ayurv\u00e9dique naturelle | Achat en France","og_description":"La poudre v\u00e9g\u00e9tale de Kapoor Kachli est un soin capillaire naturel. Elle s\u2019utilise un peu dans le m\u00eame style que la poudre de ch\u00e9b\u00e9.","og_url":"https:\/\/www.safinel.fr\/de\/product-2\/kapoor-kachli\/","og_site_name":"Safinel","article_modified_time":"2023-12-28T17:15:00+00:00","og_image":[{"width":1001,"height":1001,"url":"https:\/\/www.safinel.fr\/wp-content\/uploads\/2021\/07\/kapoor.jpg","type":"image\/jpeg"}],"twitter_card":"summary_large_image","twitter_misc":{"Gesch\u00e4tzte Lesezeit":"3\u00a0Minuten"},"schema":{"@context":"https:\/\/schema.org","@graph":[{"@type":"WebPage","@id":"https:\/\/www.safinel.fr\/produit\/kapoor-kachli\/","url":"https:\/\/www.safinel.fr\/produit\/kapoor-kachli\/","name":"Kapoor Kachli | Nat\u00fcrliches ayurvedisches Pulver | Kauf in Deutschland","isPartOf":{"@id":"https:\/\/www.safinel.fr\/#website"},"primaryImageOfPage":{"@id":"https:\/\/www.safinel.fr\/produit\/kapoor-kachli\/#primaryimage"},"image":{"@id":"https:\/\/www.safinel.fr\/produit\/kapoor-kachli\/#primaryimage"},"thumbnailUrl":"https:\/\/www.safinel.fr\/wp-content\/uploads\/2021\/07\/kapoor.jpg","datePublished":"2021-07-07T19:06:53+00:00","dateModified":"2023-12-28T17:15:00+00:00","description":"Das pflanzliche Pulver von Kapoor Kachli ist ein nat\u00fcrliches Haarpflegemittel. Es wird in etwa im gleichen Stil wie Ch\u00e9b\u00e9-Pulver verwendet.","breadcrumb":{"@id":"https:\/\/www.safinel.fr\/produit\/kapoor-kachli\/#breadcrumb"},"inLanguage":"de","potentialAction":[{"@type":"ReadAction","target":["https:\/\/www.safinel.fr\/produit\/kapoor-kachli\/"]}]},{"@type":"ImageObject","inLanguage":"de","@id":"https:\/\/www.safinel.fr\/produit\/kapoor-kachli\/#primaryimage","url":"https:\/\/www.safinel.fr\/wp-content\/uploads\/2021\/07\/kapoor.jpg","contentUrl":"https:\/\/www.safinel.fr\/wp-content\/uploads\/2021\/07\/kapoor.jpg","width":1001,"height":1001,"caption":"Kapoor Kachli en poudre"},{"@type":"BreadcrumbList","@id":"https:\/\/www.safinel.fr\/produit\/kapoor-kachli\/#breadcrumb","itemListElement":[{"@type":"ListItem","position":1,"name":"Accueil","item":"https:\/\/www.safinel.fr\/"},{"@type":"ListItem","position":2,"name":"Boutique","item":"https:\/\/www.safinel.fr\/boutique\/"},{"@type":"ListItem","position":3,"name":"Kapoor Kachli 100g"}]},{"@type":"WebSite","@id":"https:\/\/www.safinel.fr\/#website","url":"https:\/\/www.safinel.fr\/","name":"Safinel","description":"","publisher":{"@id":"https:\/\/www.safinel.fr\/#organization"},"potentialAction":[{"@type":"SearchAction","target":{"@type":"EntryPoint","urlTemplate":"https:\/\/www.safinel.fr\/?s={search_term_string}"},"query-input":{"@type":"PropertyValueSpecification","valueRequired":true,"valueName":"search_term_string"}}],"inLanguage":"de"},{"@type":"Organization","@id":"https:\/\/www.safinel.fr\/#organization","name":"Safinel","url":"https:\/\/www.safinel.fr\/","logo":{"@type":"ImageObject","inLanguage":"de","@id":"https:\/\/www.safinel.fr\/#\/schema\/logo\/image\/","url":"https:\/\/www.safinel.fr\/wp-content\/uploads\/2021\/05\/boutique-cosmetique.png","contentUrl":"https:\/\/www.safinel.fr\/wp-content\/uploads\/2021\/05\/boutique-cosmetique.png","width":800,"height":200,"caption":"Safinel"},"image":{"@id":"https:\/\/www.safinel.fr\/#\/schema\/logo\/image\/"}}]}},"_links":{"self":[{"href":"https:\/\/www.safinel.fr\/de\/wp-json\/wp\/v2\/product\/188","targetHints":{"allow":["GET"]}}],"collection":[{"href":"https:\/\/www.safinel.fr\/de\/wp-json\/wp\/v2\/product"}],"about":[{"href":"https:\/\/www.safinel.fr\/de\/wp-json\/wp\/v2\/types\/product"}],"wp:featuredmedia":[{"embeddable":true,"href":"https:\/\/www.safinel.fr\/de\/wp-json\/wp\/v2\/media\/185"}],"wp:attachment":[{"href":"https:\/\/www.safinel.fr\/de\/wp-json\/wp\/v2\/media?parent=188"}],"wp:term":[{"taxonomy":"product_brand","embeddable":true,"href":"https:\/\/www.safinel.fr\/de\/wp-json\/wp\/v2\/product_brand?post=188"},{"taxonomy":"product_cat","embeddable":true,"href":"https:\/\/www.safinel.fr\/de\/wp-json\/wp\/v2\/product_cat?post=188"},{"taxonomy":"product_tag","embeddable":true,"href":"https:\/\/www.safinel.fr\/de\/wp-json\/wp\/v2\/product_tag?post=188"}],"curies":[{"name":"wp","href":"https:\/\/api.w.org\/{rel}","templated":true}]}}