{"id":17438,"date":"2025-10-03T17:52:41","date_gmt":"2025-10-03T17:52:41","guid":{"rendered":"https:\/\/www.safinel.fr\/?post_type=product&#038;p=17438"},"modified":"2025-10-04T17:13:47","modified_gmt":"2025-10-04T17:13:47","slug":"furikake-melange-depices-japanisch","status":"publish","type":"product","link":"https:\/\/www.safinel.fr\/de\/product-2\/furikake-melange-depices-japanisch\/","title":{"rendered":"Furikake - Japanische Gew\u00fcrzmischung - 50g"},"content":{"rendered":"<p><strong>Das Furikake<\/strong> verf\u00fchrt immer mehr Liebhaber von <strong>japanische K\u00fcche<\/strong>, Sie waren fasziniert von diesem <strong>japanische Gew\u00fcrzmischung<\/strong> bunt und schmackhaft. Hinter diesem singenden Namen verbirgt sich ein <strong>japanisches Gew\u00fcrz<\/strong> traditionelles Gericht, das gro\u00dfz\u00fcgig \u00fcber eine Schale mit dampfendem Reis gestreut wird. Besteht aus einem subtilen <strong>getrocknete Algenmischung<\/strong>, Mit Sesamk\u00f6rnern, manchmal auch mit getrocknetem Fisch, verwandelt es selbst das einfachste Gericht in ein intensives Erlebnis von Umami-Geschmack und Knusprigkeit. Tauchen wir ein in die Welt des Furikake, dieses Alltagsbegleiters f\u00fcr alle, die Einfachheit mit Geschmacksexplosionen verbinden m\u00f6chten.<\/p>\n<h2>Was ist Furikake?<\/h2>\n<p><strong>Das Furikake<\/strong> ist ein Muss unter den <strong>japanische Gew\u00fcrze<\/strong>. Diese <strong>japanische Gew\u00fcrzmischung<\/strong> wurde entwickelt, um den Geschmack von Naturreis zu verbessern, passt aber auch hervorragend zu Fisch, gekochtem Gem\u00fcse oder traditionellen Suppen. Die Hauptzutat bleibt der <strong>wei\u00dfer Reis<\/strong>, Diese einzigartige Kombination von Aromen verleiht ihm eine besondere S\u00fc\u00dfe.<\/p>\n<p>Die Zusammensetzung variiert je nach Region und Rezept und bietet somit eine gro\u00dfe Vielfalt an Texturen und Geschmacksrichtungen. H\u00e4ufig findet man einen <strong>Algenmischung<\/strong>, Die <strong>Sesamsamen<\/strong> und manchmal vom <strong>getrockneter Fisch<\/strong>. Praktisch und reich an <strong>Ern\u00e4hrungsvorteile<\/strong>, In den letzten Jahren hat sich Furikake zu einem unverzichtbaren kleinen Genuss auf dem japanischen Tisch entwickelt.<\/p>\n<h2>Die Star-Zutaten von Furikake<\/h2>\n<p>Was die Magie des <strong>furikake<\/strong>, Die perfekte Ausgewogenheit der Zutaten. Jeder Bestandteil bringt seine eigene Note ein: Geschmack, Knackigkeit, Farbe und gesundheitliche Vorteile. Es ist diese harmonische Mischung, die dem japanischen Gew\u00fcrz seine ganz besondere Identit\u00e4t verleiht.<\/p>\n<h3>Warum ist die Alge unumg\u00e4nglich?<\/h3>\n<p>L\u2019<strong>Nori-Alge<\/strong> bildet die aromatische Grundlage des <strong>Algenmischung<\/strong> die im Furikake enthalten ist. Getrocknet und dann fein geschnitten, verbreitet es eine unnachahmliche Meeres- und Jodnote. Nori bereichert nicht nur den Geschmack, sondern ist auch reich an Mineralien wie Jod und Kalzium, die f\u00fcr das reibungslose Funktionieren des K\u00f6rpers unerl\u00e4sslich sind.<\/p>\n<p>Diese Komponente l\u00e4sst sich perfekt mit mehr <strong>knusprig<\/strong>, So entsteht schon beim ersten Bissen eine Explosion von Geschmackserlebnissen. Je nach Variante kann die Mischung auch andere Algen wie Wakame oder Kombu enthalten, um die Aromenpalette des Furikake noch vielf\u00e4ltiger zu machen. Es gibt eine Vielzahl von Mischungen, die von verschiedenen Kulturen inspiriert sind, darunter auch die K\u00fcche des Maghreb. Liebhaber der orientalischen K\u00fcche werden die Vielfalt von Furikake zu sch\u00e4tzen wissen.\u2019<a href=\"https:\/\/www.safinel.fr\/de\/product-category-2\/marokkanische-gewurze\/\">traditionelle marokkanische Gew\u00fcrze<\/a>, Die meisten von ihnen sind auch f\u00fcr die Herstellung von raffinierten Gew\u00fcrzen geeignet.<\/p>\n<h3>Die Rolle von Sesamsamen und edlen Zus\u00e4tzen<\/h3>\n<p>Die <strong>Sesamsamen<\/strong> sind aus dem Furikake nicht wegzudenken. Ihre knusprige Textur und die leichte R\u00f6stnote verleihen diesem Gericht Tiefe und K\u00f6stlichkeit. <strong>japanisches Gew\u00fcrz<\/strong>. Genau richtig ger\u00f6stet, veredelt der Sesam jedes warme Reiskorn, auf das er gelegt wird.<\/p>\n<p>Man findet auch originelle Tasten wie das <strong>getrockneter Fisch<\/strong> (oft Bonito), Shiso oder Eierflocken. Der getrocknete Fisch intensiviert den Umami-Geschmack, ohne die anderen Geschmacksrichtungen zu \u00fcberdecken, w\u00e4hrend das Ei f\u00fcr Farbe und F\u00fclle sorgt. Manchmal werden auch H\u00fclsenfr\u00fcchte oder ein <strong>milde Gew\u00fcrzmischung<\/strong> und ein paar Gew\u00fcrze, die das Rezept erg\u00e4nzen, sorgen f\u00fcr Abwechslung. In manchen F\u00e4llen werden auch seltene Gew\u00fcrze wie z. B. <a href=\"https:\/\/www.safinel.fr\/de\/product-2\/kubebenpfeffer-schwanzpfeffer\/\">Kubebenpfeffer<\/a> die eine pikante exotische Dimension bietet, die ideal ist, um Fusionsrezepte auf subtile Weise zu verfeinern.<\/p>\n<ul>\n<li><strong>Nori-Algen<\/strong> fein gehackt<\/li>\n<li><strong>Sesamsamen<\/strong> wei\u00df oder schwarz<\/li>\n<li><strong>Getrockneter Fisch<\/strong> gerieben oder zerbr\u00f6selt<\/li>\n<li>Getrocknetes Eipulver<\/li>\n<li>St\u00fccke von H\u00fclsenfr\u00fcchten<\/li>\n<li>Milde Gew\u00fcrzmischung<\/li>\n<\/ul>\n<h2>Wie wird Furikake in der japanischen K\u00fcche verwendet?<\/h2>\n<p>Streuen Sie den <strong>furikake<\/strong> auf einer Sch\u00fcssel mit <strong>Reis<\/strong> ist die symbolische Geste, aber seine Verwendungsm\u00f6glichkeiten gehen noch weiter. Sie veredelt auch Onigiri - gef\u00fcllte Reisdreiecke - und verleiht einen Hauch von <strong>knusprig<\/strong> zu Salaten und ist dank seines Umami-Geschmacks eine subtile Neuinterpretation der Miso-Suppe.<\/p>\n<p>Diese <strong>japanisches Gew\u00fcrz<\/strong> kann Salz ersetzen oder die Umami-Note bei ged\u00fcnstetem Gem\u00fcse verst\u00e4rken. Viele K\u00f6che integrieren es in Fusion-Rezepte wie gekochte Eier, Tartar oder Avocado-Toast. Ein paar Prisen Furikake reichen aus, um einer Poke Bowl oder einem hartgekochten Ei ein Relief zu verleihen und sofort f\u00fcr einen Gourmet-Effekt zu sorgen.<\/p>\n<h3>Gourmet- und kreative Verwendungszwecke<\/h3>\n<p>Um die ausgetretenen Pfade zu verlassen, braucht man nur ein wenig Fantasie. Vermischt mit einer leichten Vinaigrette, \u00fcber frische Tomaten gestreut oder in einen Brotteig eingebacken, kann das <strong>furikake<\/strong> \u00fcberrascht bei jeder Verwendung. Seine F\u00e4higkeit, jede Art von Gericht zu aromatisieren und knusprig zu machen, macht ihn zu einer echten Bereicherung, um die t\u00e4gliche K\u00fcche zu erneuern.<\/p>\n<p>Einige Hobbyisten streuen sie gerne auf ihre <strong>Bratkartoffeln<\/strong>, Sie k\u00f6nnen auch selbst gemachtes Popcorn oder sogar Frischk\u00e4se verwenden, um ihnen einen neuen Geschmack zu verleihen. Diese <strong>Knuspermischung<\/strong> wird so zum idealen Partner, um jede Mahlzeit leicht zu boosten.<\/p>\n<h3>Der Platz von Furikake im Bento<\/h3>\n<p>In der Welt des <strong>bento<\/strong>, In einer Welt, in der jede Zutat f\u00fcr das Auge und den Gaumen gleicherma\u00dfen wichtig ist, ist der <strong>furikake<\/strong> nimmt einen besonderen Platz ein. Er f\u00e4rbt den Reis harmonisch und ist ein Blickfang unter den anderen Lebensmitteln des japanischen Nomadenfr\u00fchst\u00fccks.<\/p>\n<p>Dank seiner Vielseitigkeit sch\u00fctzt er den Reis auch beim Transport: Indem er einen Teil der Feuchtigkeit aufnimmt, verhindert er, dass die K\u00f6rner aneinander kleben. Seine <strong>N\u00e4hrstoffzufuhr<\/strong> tragen dazu bei, eine ausgewogene Mahlzeit zusammenzustellen, die perfekt f\u00fcr eine schmackhafte und gesunde Mittagspause ist.<\/p>\n<h2>Welche ern\u00e4hrungsphysiologischen Vorteile hat Furikake?<\/h2>\n<p>Diese <strong>japanisches Gew\u00fcrz<\/strong> verw\u00f6hnt nicht nur den Gaumen. Dank seiner <strong>jodreiche Algen<\/strong> und Mineralien, es bietet auch Proteine \u00fcber das <strong>getrockneter Fisch<\/strong>. Die <strong>Sesamsamen<\/strong>, Sie liefern Ballaststoffe, Kalzium und gesunde unges\u00e4ttigte Fetts\u00e4uren.<\/p>\n<p>W\u00e4hlen Sie den <strong>furikake<\/strong> als\u2019<strong>Alternative zu Salz<\/strong> reduziert die Natriumzufuhr und bewahrt gleichzeitig einen intensiven Geschmack. Seine clevere Verwendung reichert Ihre Gerichte mit wichtigen N\u00e4hrstoffen an und tr\u00e4gt zur Aufrechterhaltung einer ausgewogenen Ern\u00e4hrung im Alltag bei.<\/p>\n<table>\n<tbody>\n<tr>\n<th>Hauptinhaltsstoff<\/th>\n<th>Schl\u00fcsseln\u00e4hrstoffgehalt<\/th>\n<th>Gesundheitseffekt<\/th>\n<\/tr>\n<tr>\n<td><strong>Nori-Algen<\/strong><\/td>\n<td>Jod, Magnesium, Vitamine<\/td>\n<td>Schilddr\u00fcsen- und Mineralstoffhaushalt<\/td>\n<\/tr>\n<tr>\n<td><strong>Sesamsamen<\/strong><\/td>\n<td>Ballaststoffe, Kalzium, gute Fette<\/td>\n<td>Unterst\u00fctzung der Knochen und des Herz-Kreislauf-Systems<\/td>\n<\/tr>\n<tr>\n<td><strong>Getrockneter Fisch<\/strong><\/td>\n<td>Eiwei\u00df, Omega-3-Fetts\u00e4uren<\/td>\n<td>Erhaltung der Muskeln und des Gehirns<\/td>\n<\/tr>\n<\/tbody>\n<\/table>\n<h2>H\u00e4ufig gestellte Fragen zu Furikake und seiner Verwendung in der japanischen K\u00fcche<\/h2>\n<div itemscope=\"\" itemtype=\"https:\/\/schema.org\/FAQPage\">\n<div itemprop=\"mainEntity\" itemscope=\"\" itemtype=\"https:\/\/schema.org\/Question\">\n<h3 itemprop=\"name\">Kann man selbstgemachtes Furikake leicht zubereiten?<\/h3>\n<div itemprop=\"acceptedAnswer\" itemscope=\"\" itemtype=\"https:\/\/schema.org\/Answer\">\n<div itemprop=\"text\">\n<p>Es ist durchaus m\u00f6glich, einen <strong>furikake haus<\/strong> ohne spezielle Ausr\u00fcstung oder seltene Zutaten. Sie brauchen nur ein paar <strong>Nori-Algen<\/strong>, Die <strong>ger\u00f6stete Sesamsamen<\/strong>, Die meisten Menschen, die sich mit dem Thema besch\u00e4ftigen, haben keine Ahnung. <strong>getrockneter Fisch<\/strong> gerieben. Mischen Sie nach Lust und Laune, um eine individuelle W\u00fcrze zu erhalten, die reich an Geschmack und Biss ist.<\/p>\n<ul>\n<li>Algen in feine Streifen schneiden<\/li>\n<li>Sesamk\u00f6rner leicht r\u00f6sten<\/li>\n<li>Alle Elemente in einem luftdichten Glas mischen<\/li>\n<\/ul>\n<\/div>\n<\/div>\n<\/div>\n<div itemprop=\"mainEntity\" itemscope=\"\" itemtype=\"https:\/\/schema.org\/Question\">\n<h3 itemprop=\"name\">In welche Arten von Gerichten passt Furikake \u00fcber den Reis hinaus?<\/h3>\n<div itemprop=\"acceptedAnswer\" itemscope=\"\" itemtype=\"https:\/\/schema.org\/Answer\">\n<div itemprop=\"text\">\n<p>Diese <strong>japanische Gew\u00fcrzmischung<\/strong> l\u00e4sst sich in viele allt\u00e4gliche Gerichte einbauen. Neben dem <strong>Reis<\/strong>, ist er ein idealer Begleiter f\u00fcr <strong>ged\u00fcnstetes Gem\u00fcse<\/strong>, Sie k\u00f6nnen sie auch in gemischten Salaten, geschnittenen Avocados oder sogar in spielerischen Zubereitungen wie Popcorn und Nudeln verwenden. Die M\u00f6glichkeiten sind nahezu unbegrenzt, um einen knusprigen und schmackhaften Akzent zu setzen.<\/p>\n<ul>\n<li>Schalen mit verschiedenen Rohkostsorten<\/li>\n<li>Gebratene Nudeln nach Wok-Art<\/li>\n<li>R\u00fchreier oder Omeletts<\/li>\n<\/ul>\n<\/div>\n<\/div>\n<\/div>\n<div itemprop=\"mainEntity\" itemscope=\"\" itemtype=\"https:\/\/schema.org\/Question\">\n<h3 itemprop=\"name\">Ist Furikake f\u00fcr Personen geeignet, die auf ihre Salzzufuhr achten?<\/h3>\n<div itemprop=\"acceptedAnswer\" itemscope=\"\" itemtype=\"https:\/\/schema.org\/Answer\">\n<div itemprop=\"text\">\n<p>Dank seiner kr\u00e4ftigen Aromen und seiner <strong>Umami-Geschmack<\/strong>, Das Furikake ist eine ausgezeichnete <strong>Alternative zu Salz<\/strong>. Wenn Sie eine natriumarme Version w\u00e4hlen oder in Ma\u00dfen dosieren, k\u00f6nnen Sie damit Gerichte aufpeppen und gleichzeitig die Salzzufuhr begrenzen.<\/p>\n<table>\n<tbody>\n<tr>\n<th>Art des Furikake<\/th>\n<th>Durchschnittlicher Natriumgehalt<\/th>\n<\/tr>\n<tr>\n<td>Klassisch<\/td>\n<td>500-800 mg\/15 g<\/td>\n<\/tr>\n<tr>\n<td>Wenig gesalzene Version<\/td>\n<td>300-400 mg\/15 g<\/td>\n<\/tr>\n<\/tbody>\n<\/table>\n<\/div>\n<\/div>\n<\/div>\n<div itemprop=\"mainEntity\" itemscope=\"\" itemtype=\"https:\/\/schema.org\/Question\">\n<h3 itemprop=\"name\">Was sind die Vorteile von Furikake f\u00fcr eine gesunde Ern\u00e4hrung?<\/h3>\n<div itemprop=\"acceptedAnswer\" itemscope=\"\" itemtype=\"https:\/\/schema.org\/Answer\">\n<div itemprop=\"text\">\n<p>Die <strong>furikake<\/strong> bietet dank seiner nat\u00fcrlichen Zutaten eine gro\u00dfe Vielfalt an N\u00e4hrstoffen. Zwischen den Ballaststoffen des Sesams, den Mineralien der <strong>Algen<\/strong> und die Proteine des <strong>getrockneter Fisch<\/strong>, Es f\u00f6rdert eine ausgewogene Ern\u00e4hrung. Seine Seite <strong>knusprig<\/strong> schr\u00e4nkt auch die Zugabe von Fett oder reichhaltigen So\u00dfen zu Gerichten ein.<\/p>\n<ul>\n<li>Nat\u00fcrlicher Reichtum an Jod und Ballaststoffen<\/li>\n<li>Perfekte Allianz zwischen Geschmackserlebnis und Gesundheit<\/li>\n<\/ul>\n<\/div>\n<\/div>\n<\/div>\n<\/div>","protected":false},"excerpt":{"rendered":"<p><img decoding=\"async\" src=\"https:\/\/www.safinel.fr\/wp-content\/uploads\/2021\/06\/BANNIERE-ICONE-SAFINEL.webp\" alt=\"Satines-R\u00fcckversicherung\" width=\"800\" height=\"200\" class=\"alignnone size-full wp-image-5091\" srcset=\"https:\/\/www.safinel.fr\/wp-content\/uploads\/2021\/06\/BANNIERE-ICONE-SAFINEL.webp 800w, https:\/\/www.safinel.fr\/wp-content\/uploads\/2021\/06\/BANNIERE-ICONE-SAFINEL-600x150.webp 600w, https:\/\/www.safinel.fr\/wp-content\/uploads\/2021\/06\/BANNIERE-ICONE-SAFINEL-768x192.webp 768w\" sizes=\"(max-width: 800px) 100vw, 800px\" \/><\/p>","protected":false},"featured_media":17439,"template":"","meta":[],"product_brand":[],"product_cat":[169],"product_tag":[],"class_list":{"0":"post-17438","1":"product","2":"type-product","3":"status-publish","4":"has-post-thumbnail","6":"product_cat-epices-du-monde","8":"first","9":"instock","10":"shipping-taxable","11":"purchasable","12":"product-type-simple"},"yoast_head":"<!-- This site is optimized with the Yoast SEO plugin v26.6 - https:\/\/yoast.com\/wordpress\/plugins\/seo\/ -->\n<title>Furikake | Condiment japonais disponible \u00e0 l&#039;achat<\/title>\n<meta name=\"description\" content=\"D\u00e9couvrez le furikake, ce condiment japonais aux mille saveurs qui sublime le riz et d&#039;autres plats avec un m\u00e9lange d&#039;\u00e9pices unique et savoureux.\" \/>\n<meta name=\"robots\" content=\"index, follow, max-snippet:-1, max-image-preview:large, max-video-preview:-1\" \/>\n<link rel=\"canonical\" href=\"https:\/\/www.safinel.fr\/de\/product-2\/furikake-melange-depices-japanisch\/\" \/>\n<meta property=\"og:locale\" content=\"de_DE\" \/>\n<meta property=\"og:type\" content=\"article\" \/>\n<meta property=\"og:title\" content=\"Furikake | Condiment japonais disponible \u00e0 l&#039;achat\" \/>\n<meta property=\"og:description\" content=\"D\u00e9couvrez le furikake, ce condiment japonais aux mille saveurs qui sublime le riz et d&#039;autres plats avec un m\u00e9lange d&#039;\u00e9pices unique et savoureux.\" \/>\n<meta property=\"og:url\" content=\"https:\/\/www.safinel.fr\/de\/product-2\/furikake-melange-depices-japanisch\/\" \/>\n<meta property=\"og:site_name\" content=\"Safinel\" \/>\n<meta property=\"article:modified_time\" content=\"2025-10-04T17:13:47+00:00\" \/>\n<meta property=\"og:image\" content=\"https:\/\/www.safinel.fr\/wp-content\/uploads\/2025\/10\/furikake.jpg\" \/>\n\t<meta property=\"og:image:width\" content=\"600\" \/>\n\t<meta property=\"og:image:height\" content=\"600\" \/>\n\t<meta property=\"og:image:type\" content=\"image\/jpeg\" \/>\n<meta name=\"twitter:card\" content=\"summary_large_image\" \/>\n<meta name=\"twitter:label1\" content=\"Gesch\u00e4tzte Lesezeit\" \/>\n\t<meta name=\"twitter:data1\" content=\"9\u00a0Minuten\" \/>\n<script type=\"application\/ld+json\" class=\"yoast-schema-graph\">{\"@context\":\"https:\/\/schema.org\",\"@graph\":[{\"@type\":\"WebPage\",\"@id\":\"https:\/\/www.safinel.fr\/produit\/furikake-melange-depices-japonais\/\",\"url\":\"https:\/\/www.safinel.fr\/produit\/furikake-melange-depices-japonais\/\",\"name\":\"Furikake | Condiment japonais disponible \u00e0 l'achat\",\"isPartOf\":{\"@id\":\"https:\/\/www.safinel.fr\/#website\"},\"primaryImageOfPage\":{\"@id\":\"https:\/\/www.safinel.fr\/produit\/furikake-melange-depices-japonais\/#primaryimage\"},\"image\":{\"@id\":\"https:\/\/www.safinel.fr\/produit\/furikake-melange-depices-japonais\/#primaryimage\"},\"thumbnailUrl\":\"https:\/\/www.safinel.fr\/wp-content\/uploads\/2025\/10\/furikake.jpg\",\"datePublished\":\"2025-10-03T17:52:41+00:00\",\"dateModified\":\"2025-10-04T17:13:47+00:00\",\"description\":\"D\u00e9couvrez le furikake, ce condiment japonais aux mille saveurs qui sublime le riz et d'autres plats avec un m\u00e9lange d'\u00e9pices unique et savoureux.\",\"breadcrumb\":{\"@id\":\"https:\/\/www.safinel.fr\/produit\/furikake-melange-depices-japonais\/#breadcrumb\"},\"inLanguage\":\"de\",\"potentialAction\":[{\"@type\":\"ReadAction\",\"target\":[\"https:\/\/www.safinel.fr\/produit\/furikake-melange-depices-japonais\/\"]}]},{\"@type\":\"ImageObject\",\"inLanguage\":\"de\",\"@id\":\"https:\/\/www.safinel.fr\/produit\/furikake-melange-depices-japonais\/#primaryimage\",\"url\":\"https:\/\/www.safinel.fr\/wp-content\/uploads\/2025\/10\/furikake.jpg\",\"contentUrl\":\"https:\/\/www.safinel.fr\/wp-content\/uploads\/2025\/10\/furikake.jpg\",\"width\":600,\"height\":600,\"caption\":\"Furikake - M\u00e9lange d'\u00e9pices japonais - 50g\"},{\"@type\":\"BreadcrumbList\",\"@id\":\"https:\/\/www.safinel.fr\/produit\/furikake-melange-depices-japonais\/#breadcrumb\",\"itemListElement\":[{\"@type\":\"ListItem\",\"position\":1,\"name\":\"Accueil\",\"item\":\"https:\/\/www.safinel.fr\/\"},{\"@type\":\"ListItem\",\"position\":2,\"name\":\"Boutique\",\"item\":\"https:\/\/www.safinel.fr\/boutique\/\"},{\"@type\":\"ListItem\",\"position\":3,\"name\":\"Furikake &#8211; M\u00e9lange d&#8217;\u00e9pices japonais &#8211; 50g\"}]},{\"@type\":\"WebSite\",\"@id\":\"https:\/\/www.safinel.fr\/#website\",\"url\":\"https:\/\/www.safinel.fr\/\",\"name\":\"Safinel\",\"description\":\"\",\"publisher\":{\"@id\":\"https:\/\/www.safinel.fr\/#organization\"},\"potentialAction\":[{\"@type\":\"SearchAction\",\"target\":{\"@type\":\"EntryPoint\",\"urlTemplate\":\"https:\/\/www.safinel.fr\/?s={search_term_string}\"},\"query-input\":{\"@type\":\"PropertyValueSpecification\",\"valueRequired\":true,\"valueName\":\"search_term_string\"}}],\"inLanguage\":\"de\"},{\"@type\":\"Organization\",\"@id\":\"https:\/\/www.safinel.fr\/#organization\",\"name\":\"Safinel\",\"url\":\"https:\/\/www.safinel.fr\/\",\"logo\":{\"@type\":\"ImageObject\",\"inLanguage\":\"de\",\"@id\":\"https:\/\/www.safinel.fr\/#\/schema\/logo\/image\/\",\"url\":\"https:\/\/www.safinel.fr\/wp-content\/uploads\/2021\/05\/boutique-cosmetique.png\",\"contentUrl\":\"https:\/\/www.safinel.fr\/wp-content\/uploads\/2021\/05\/boutique-cosmetique.png\",\"width\":800,\"height\":200,\"caption\":\"Safinel\"},\"image\":{\"@id\":\"https:\/\/www.safinel.fr\/#\/schema\/logo\/image\/\"}}]}<\/script>\n<!-- \/ Yoast SEO plugin. -->","yoast_head_json":{"title":"Furikake | Japanisches Gew\u00fcrz zum Kauf erh\u00e4ltlich","description":"Entdecken Sie Furikake, diese japanische W\u00fcrze mit tausend Aromen, die Reis und andere Gerichte mit einer einzigartigen und schmackhaften Gew\u00fcrzmischung verfeinert.","robots":{"index":"index","follow":"follow","max-snippet":"max-snippet:-1","max-image-preview":"max-image-preview:large","max-video-preview":"max-video-preview:-1"},"canonical":"https:\/\/www.safinel.fr\/de\/product-2\/furikake-melange-depices-japanisch\/","og_locale":"de_DE","og_type":"article","og_title":"Furikake | Condiment japonais disponible \u00e0 l'achat","og_description":"D\u00e9couvrez le furikake, ce condiment japonais aux mille saveurs qui sublime le riz et d'autres plats avec un m\u00e9lange d'\u00e9pices unique et savoureux.","og_url":"https:\/\/www.safinel.fr\/de\/product-2\/furikake-melange-depices-japanisch\/","og_site_name":"Safinel","article_modified_time":"2025-10-04T17:13:47+00:00","og_image":[{"width":600,"height":600,"url":"https:\/\/www.safinel.fr\/wp-content\/uploads\/2025\/10\/furikake.jpg","type":"image\/jpeg"}],"twitter_card":"summary_large_image","twitter_misc":{"Gesch\u00e4tzte Lesezeit":"9\u00a0Minuten"},"schema":{"@context":"https:\/\/schema.org","@graph":[{"@type":"WebPage","@id":"https:\/\/www.safinel.fr\/produit\/furikake-melange-depices-japonais\/","url":"https:\/\/www.safinel.fr\/produit\/furikake-melange-depices-japonais\/","name":"Furikake | Japanisches Gew\u00fcrz zum Kauf erh\u00e4ltlich","isPartOf":{"@id":"https:\/\/www.safinel.fr\/#website"},"primaryImageOfPage":{"@id":"https:\/\/www.safinel.fr\/produit\/furikake-melange-depices-japonais\/#primaryimage"},"image":{"@id":"https:\/\/www.safinel.fr\/produit\/furikake-melange-depices-japonais\/#primaryimage"},"thumbnailUrl":"https:\/\/www.safinel.fr\/wp-content\/uploads\/2025\/10\/furikake.jpg","datePublished":"2025-10-03T17:52:41+00:00","dateModified":"2025-10-04T17:13:47+00:00","description":"Entdecken Sie Furikake, diese japanische W\u00fcrze mit tausend Aromen, die Reis und andere Gerichte mit einer einzigartigen und schmackhaften Gew\u00fcrzmischung verfeinert.","breadcrumb":{"@id":"https:\/\/www.safinel.fr\/produit\/furikake-melange-depices-japonais\/#breadcrumb"},"inLanguage":"de","potentialAction":[{"@type":"ReadAction","target":["https:\/\/www.safinel.fr\/produit\/furikake-melange-depices-japonais\/"]}]},{"@type":"ImageObject","inLanguage":"de","@id":"https:\/\/www.safinel.fr\/produit\/furikake-melange-depices-japonais\/#primaryimage","url":"https:\/\/www.safinel.fr\/wp-content\/uploads\/2025\/10\/furikake.jpg","contentUrl":"https:\/\/www.safinel.fr\/wp-content\/uploads\/2025\/10\/furikake.jpg","width":600,"height":600,"caption":"Furikake - M\u00e9lange d'\u00e9pices japonais - 50g"},{"@type":"BreadcrumbList","@id":"https:\/\/www.safinel.fr\/produit\/furikake-melange-depices-japonais\/#breadcrumb","itemListElement":[{"@type":"ListItem","position":1,"name":"Accueil","item":"https:\/\/www.safinel.fr\/"},{"@type":"ListItem","position":2,"name":"Boutique","item":"https:\/\/www.safinel.fr\/boutique\/"},{"@type":"ListItem","position":3,"name":"Furikake &#8211; M\u00e9lange d&#8217;\u00e9pices japonais &#8211; 50g"}]},{"@type":"WebSite","@id":"https:\/\/www.safinel.fr\/#website","url":"https:\/\/www.safinel.fr\/","name":"Safinel","description":"","publisher":{"@id":"https:\/\/www.safinel.fr\/#organization"},"potentialAction":[{"@type":"SearchAction","target":{"@type":"EntryPoint","urlTemplate":"https:\/\/www.safinel.fr\/?s={search_term_string}"},"query-input":{"@type":"PropertyValueSpecification","valueRequired":true,"valueName":"search_term_string"}}],"inLanguage":"de"},{"@type":"Organization","@id":"https:\/\/www.safinel.fr\/#organization","name":"Safinel","url":"https:\/\/www.safinel.fr\/","logo":{"@type":"ImageObject","inLanguage":"de","@id":"https:\/\/www.safinel.fr\/#\/schema\/logo\/image\/","url":"https:\/\/www.safinel.fr\/wp-content\/uploads\/2021\/05\/boutique-cosmetique.png","contentUrl":"https:\/\/www.safinel.fr\/wp-content\/uploads\/2021\/05\/boutique-cosmetique.png","width":800,"height":200,"caption":"Safinel"},"image":{"@id":"https:\/\/www.safinel.fr\/#\/schema\/logo\/image\/"}}]}},"_links":{"self":[{"href":"https:\/\/www.safinel.fr\/de\/wp-json\/wp\/v2\/product\/17438","targetHints":{"allow":["GET"]}}],"collection":[{"href":"https:\/\/www.safinel.fr\/de\/wp-json\/wp\/v2\/product"}],"about":[{"href":"https:\/\/www.safinel.fr\/de\/wp-json\/wp\/v2\/types\/product"}],"wp:featuredmedia":[{"embeddable":true,"href":"https:\/\/www.safinel.fr\/de\/wp-json\/wp\/v2\/media\/17439"}],"wp:attachment":[{"href":"https:\/\/www.safinel.fr\/de\/wp-json\/wp\/v2\/media?parent=17438"}],"wp:term":[{"taxonomy":"product_brand","embeddable":true,"href":"https:\/\/www.safinel.fr\/de\/wp-json\/wp\/v2\/product_brand?post=17438"},{"taxonomy":"product_cat","embeddable":true,"href":"https:\/\/www.safinel.fr\/de\/wp-json\/wp\/v2\/product_cat?post=17438"},{"taxonomy":"product_tag","embeddable":true,"href":"https:\/\/www.safinel.fr\/de\/wp-json\/wp\/v2\/product_tag?post=17438"}],"curies":[{"name":"wp","href":"https:\/\/api.w.org\/{rel}","templated":true}]}}