{"id":17340,"date":"2025-09-21T13:59:35","date_gmt":"2025-09-21T13:59:35","guid":{"rendered":"https:\/\/www.safinel.fr\/?post_type=product&#038;p=17340"},"modified":"2025-09-21T13:59:53","modified_gmt":"2025-09-21T13:59:53","slug":"acaibeerenpulver","status":"publish","type":"product","link":"https:\/\/www.safinel.fr\/de\/product-2\/acaibeerenpulver\/","title":{"rendered":"Acai-Beere Pulver - 100g"},"content":{"rendered":"<p>Die&nbsp;<strong>Acai-Beere in Pulverform<\/strong> intrigiert ebenso wie sie verf\u00fchrt. Diese <strong>Superfood aus dem Amazonasgebiet<\/strong> hat sich in der gesunden Ern\u00e4hrung dank seines Vitalit\u00e4tsversprechens, seiner <strong>origineller fruchtiger Geschmack<\/strong> und seine zahlreichen <strong>Gesundheitsvorteile<\/strong>. Reich an <strong>Antioxidantien<\/strong>, <strong>Vitamine<\/strong> und <strong>Fasern<\/strong>, Die kleine, pulverisierte Frucht wird schnell zu einer Bereicherung f\u00fcr den Alltag. F\u00fcr alle, die auf der Suche nach <strong>bio<\/strong> Die Vorteile und Verwendungsm\u00f6glichkeiten der Acai-Beere zu entdecken, ist eine gute M\u00f6glichkeit, die Ern\u00e4hrung zu bereichern, die Energie zu steigern und neue Geschmacksrichtungen zu genie\u00dfen.<\/p>\n<h2>Was sind die Urspr\u00fcnge der Acai-Beere?<\/h2>\n<p>Urspr\u00fcnglich aus dem <strong>Brasilien<\/strong>, Die <strong>Acai-Beere<\/strong> w\u00e4chst auf den Euterpe oleracea-Palmen im Herzen des Amazonas-Regenwaldes. Seit Jahrhunderten ist sie ein wichtiger Bestandteil der lokalen Kultur. Ihre Ernte erfordert echtes Know-how, um ihre geschmacklichen und ern\u00e4hrungsphysiologischen Qualit\u00e4ten zu bewahren. Diese Beere zeichnet sich durch ihre <strong>intensive violette Farbe<\/strong>, Das ist ein Zeichen f\u00fcr seinen hohen Gehalt an nat\u00fcrlichen Antioxidantien wie <strong>Anthocyane<\/strong>.<\/p>\n<p>Die Acai-Beere, die von den V\u00f6lkern des Amazonas traditionell frisch verzehrt wird, ist heute in Form von <strong>Pulver<\/strong>, Die Frucht wird zu einem f\u00fcr die moderne Ern\u00e4hrung praktischeren Produkt verarbeitet. Diese Art der Verarbeitung bewahrt die wichtigsten Eigenschaften der Frucht und bietet eine L\u00f6sung, die sich leicht lagern, transportieren und in verschiedene Alltagszubereitungen integrieren l\u00e4sst.<\/p>\n<h2>Warum sollte man sich f\u00fcr Acai-Beeren in Pulverform entscheiden?<\/h2>\n<p>Verabschieden Sie die <strong>Acai-Beere in Pulverform<\/strong> hat viele Vorteile. Sie verl\u00e4ngert die Haltbarkeit dieser empfindlichen Frucht, die au\u00dferhalb ihrer nat\u00fcrlichen Umgebung schnell ihre Eigenschaften verliert. In Pulverform ist die <strong>Acai-Beere<\/strong> bleibt das ganze Jahr \u00fcber zug\u00e4nglich und kann leicht zu verschiedenen Gerichten hinzugef\u00fcgt werden, ohne seine <strong>Ern\u00e4hrungsqualit\u00e4ten<\/strong> essentiellen.<\/p>\n<p>Der Kauf von <strong>Bio Acai Beere Pulver<\/strong> garantiert eine optimale R\u00fcckverfolgbarkeit und die Einhaltung \u00f6kologischer Prozesse beim Anbau. So werden Pestizide vermieden und man profitiert von einem Profil, das reich ist an <strong>essentielle N\u00e4hrstoffe<\/strong>.<\/p>\n<p>Dieses Format besticht durch seine Alltagstauglichkeit und ist perfekt, um seine Rezepte zu bereichern und dieses Superfood mit seinen zahlreichen Vorteilen voll und ganz zu genie\u00dfen.<\/p>\n<p>Um noch tiefer in die Welt der an Antioxidantien reichen Beeren einzutauchen, kann es interessant sein, sich auch \u00fcber Folgendes zu informieren <a href=\"https:\/\/www.safinel.fr\/de\/wunderbucht\/\">die Wunderbeere und ihre Vorteile<\/a>, Eine weitere erstaunliche Frucht, die f\u00fcr ihren Reichtum an sch\u00fctzenden Antioxidantien bekannt ist.<\/p>\n<h2>Was sind die ern\u00e4hrungsphysiologischen Vorteile von Acai-Beeren in Pulverform?<\/h2>\n<h3>Eine hohe Konzentration an Antioxidantien<\/h3>\n<p>Die <strong>Acai-Beere<\/strong> geh\u00f6rt zu den Top-Lebensmitteln f\u00fcr ihre <strong>antioxidative Kraft<\/strong>. Diese Molek\u00fcle sch\u00fctzen die Zellen wirksam vor oxidativem Stress, der durch Umwelteinfl\u00fcsse, unausgewogene Ern\u00e4hrung oder den Alterungsprozess verursacht wird. Integrieren Sie einen <strong>Superfood so konzentriert in Antioxidantien<\/strong> in ihren Alltag einbauen, unterst\u00fctzt ihre Vitalit\u00e4t nachhaltig.<\/p>\n<p>Neben den Anthocyanen ist die <strong>Acai-Pulver<\/strong> enth\u00e4lt auch Polyphenole. Dieser nat\u00fcrliche Cocktail f\u00f6rdert die Fitness und tr\u00e4gt zur Aufrechterhaltung der Energie bei, insbesondere bei aktiven und sportlichen Menschen.<\/p>\n<p>So bietet die Acai-Beere langfristig eine wertvolle Unterst\u00fctzung f\u00fcr die allgemeine Vitalit\u00e4t. In der gleichen Familie der exotischen Inhaltsstoffe ist die&nbsp;<a href=\"https:\/\/www.safinel.fr\/de\/product-2\/timut-pfeffer-50g\/\">Timutpfeffer<\/a> ist mit seinen einzigartigen Noten beliebt f\u00fcr seine \u00fcberraschenden Aromen, die oft mit originellen kulinarischen Gen\u00fcssen in Verbindung gebracht werden.<\/p>\n<h3>Eine umfassende Versorgung mit Vitaminen, Ballaststoffen und unges\u00e4ttigten Fetts\u00e4uren<\/h3>\n<p>Neben ihrem Reichtum an Antioxidantien ist die <strong>Acai-Beere in Pulverform<\/strong> bringt ein breites Spektrum an <strong>Vitamine<\/strong>, dessen kostbare <strong>Vitamin C<\/strong>. Dieser tr\u00e4gt zu einem gut funktionierenden Immunsystem bei und hilft, gegen M\u00fcdigkeit anzuk\u00e4mpfen. Die Vielfalt seiner Vitamine macht diesen <strong>Superfood<\/strong> ideal, um eine pflanzliche Ern\u00e4hrung zu erg\u00e4nzen oder bestimmte saisonale Mangelerscheinungen auszugleichen.<\/p>\n<p>Die <strong>Acai-Pulver<\/strong> stellt auch <strong>Ballaststoffe<\/strong> die gut f\u00fcr die Verdauung sind und ein nat\u00fcrliches S\u00e4ttigungsgef\u00fchl vermitteln. Hinzu kommen <strong>unges\u00e4ttigte Fetts\u00e4uren<\/strong> (Omega-9 und Omega-6), die f\u00fcr die Aufrechterhaltung eines guten Cholesterinspiegels und die F\u00f6rderung der Gesundheit des Herz-Kreislauf-Systems unerl\u00e4sslich sind. Dieses gewinnbringende Trio - Ballaststoffe, gute Fette und Vitamine - macht das Acai-Beerenpulver zu einem Muss f\u00fcr eine ausgewogene Ern\u00e4hrung.<\/p>\n<h2>Wie verwende ich Acai-Beerenpulver?<\/h2>\n<h3>Ihn in Smoothies und Fr\u00fchst\u00fccksschalen einbauen<\/h3>\n<p>Mit seiner feinen Textur und <strong>fruchtiger, leicht s\u00e4uerlicher Geschmack<\/strong>, Die <strong>Acai-Pulver<\/strong> findet nat\u00fcrlich seinen Platz in <strong>Smoothies<\/strong>. Geben Sie einfach ein bis zwei Teel\u00f6ffel in Ihre Fruchtmischungen, Joghurts oder Pflanzenmilch, um ein farbenfrohes und nahrhaftes Getr\u00e4nk zu erhalten. Seine F\u00e4higkeit, sich mit vielen Zutaten zu verbinden, macht diesen <strong>Superfood<\/strong> ein vielseitiger Verb\u00fcndeter, um energiegeladen in den Tag zu starten.<\/p>\n<p>Die \u00abAcai-Bowls\u00bb, die mit Granola, frischen Fr\u00fcchten und Samen gef\u00fcllt sind, machen sich dieses Produkt zu Nutze. Man sch\u00e4tzt die intensive Farbe und die <strong>Originalgeschmack<\/strong> dass die <strong>Acai-Beere in Pulverform<\/strong> verleiht diesen Zubereitungen eine besondere Note, w\u00e4hrend Sie gleichzeitig von der s\u00e4ttigenden Wirkung profitieren, die ideal f\u00fcr ein nahrhaftes Fr\u00fchst\u00fcck ist.<\/p>\n<h3>Originelle s\u00fc\u00dfe und herzhafte Rezepte<\/h3>\n<p>Die <strong>Acai-Pulver<\/strong> ist nicht auf Getr\u00e4nke beschr\u00e4nkt! Sie veredelt Desserts, Kompotte oder sogar selbstgemachte So\u00dfen. Wenn Sie sie in einen Pfannkuchenteig mischen oder in Naturjoghurt einr\u00fchren, verleiht sie eine \u00fcberraschend exotische Note.<\/p>\n<p>Sein einzigartiger Geschmack verleiht Ihren Leckereien eine zus\u00e4tzliche Dimension, ohne Ihre Essgewohnheiten umzukrempeln.<\/p>\n<p>Auf der herzhaften Seite verwenden einige K\u00f6che es in Dressings oder zum Verfeinern von So\u00dfen f\u00fcr gebratenen Fisch oder Gem\u00fcse. Diese <strong>biologisches Fruchtpulver<\/strong> l\u00e4dt zu zahlreichen kulinarischen Experimenten ein und l\u00e4sst der Kreativit\u00e4t jedes Einzelnen freien Lauf.<\/p>\n<ul>\n<li><strong>Hinzuf\u00fcgen zu pflanzlichen Getr\u00e4nken<\/strong> f\u00fcr eine revitalisierende Pause<\/li>\n<li><strong>Mischen in selbstgemachten Energieriegeln<\/strong><\/li>\n<li><strong>\u00dcber frisches Obst streuen<\/strong> oder einen gemischten Salat<\/li>\n<li><strong>Kreation von Sorbets, die reich an Antioxidantien sind<\/strong><\/li>\n<\/ul>\n<h2>Wo kann man Acai-Beerenpulver kaufen und wie w\u00e4hlt man es richtig aus?<\/h2>\n<p>Bevorzugen Sie eine <strong>Acai-Beerenpulver aus biologischem Anbau<\/strong> hat viele Vorteile. Dieses Siegel stellt sicher, dass bei der Herstellung keine chemischen Behandlungen durchgef\u00fchrt werden und die Umwelt geschont wird.<\/p>\n<p>Es ist wichtig, die Herkunft des Pulvers zu \u00fcberpr\u00fcfen und seri\u00f6se Anbieter auszuw\u00e4hlen, um eine&nbsp;<strong>h\u00f6chste Qualit\u00e4t<\/strong>.<\/p>\n<p>L\u2019<strong>online kaufen auf safinel.de<\/strong> oder auf anderen spezialisierten Websites k\u00f6nnen Sie Angebote leicht vergleichen und Kundenmeinungen einsehen, um Ihre Wahl zu verfeinern.<\/p>\n<p>Online zu bestellen erleichtert auch den Zugang zu verschiedenen Varianten und Verpackungen, je nach einmaligem oder regelm\u00e4\u00dfigem Bedarf.<\/p>\n<table>\n<tbody>\n<tr>\n<th>Kriterium<\/th>\n<th>Beratung bei der Auswahl<\/th>\n<\/tr>\n<tr>\n<td><strong>Bio-Zertifizierung<\/strong><\/td>\n<td>Die Bezeichnung \u00abbiologisch\u00bb f\u00f6rdern\u00bb<\/td>\n<\/tr>\n<tr>\n<td><strong>Art der Aufbewahrung<\/strong><\/td>\n<td>Luftdichte Beutel w\u00e4hlen<\/td>\n<\/tr>\n<tr>\n<td><strong>Herkunft<\/strong><\/td>\n<td>Den Ursprung im Amazonasgebiet \u00fcberpr\u00fcfen<\/td>\n<\/tr>\n<tr>\n<td><strong>Textur\/Geschmack<\/strong><\/td>\n<td>Nach einem fruchtigen und s\u00e4uerlichen Geschmack suchen<\/td>\n<\/tr>\n<\/tbody>\n<\/table>\n<h2>H\u00e4ufig gestellte Fragen zu Acai-Beerenpulver<\/h2>\n<div itemscope=\"\" itemtype=\"https:\/\/schema.org\/FAQPage\">\n<div itemprop=\"mainEntity\" itemscope=\"\" itemtype=\"https:\/\/schema.org\/Question\">\n<h3 itemprop=\"name\">Was sind die wichtigsten Vorteile der Acai-Beere in Pulverform?<\/h3>\n<div itemprop=\"acceptedAnswer\" itemscope=\"\" itemtype=\"https:\/\/schema.org\/Answer\">\n<div itemprop=\"text\">\n<p>Die <strong>Acai-Beere in Pulverform<\/strong> zeichnet sich durch seine gro\u00dfe Menge an\u2019<strong>Antioxidantien<\/strong> die helfen, die K\u00f6rperzellen zu sch\u00fctzen. Diese <strong>Superfood<\/strong> enth\u00e4lt auch <strong>Vitamine<\/strong> (darunter die <strong>Vitamin C<\/strong>), des <strong>Ballaststoffe, die gut f\u00fcr die Verdauung sind<\/strong> und <strong>unges\u00e4ttigte Fetts\u00e4uren<\/strong> die kardiovaskul\u00e4re Gesundheit unterst\u00fctzen.<\/p>\n<ul>\n<li><strong>Zellschutz<\/strong> gegen\u00fcber oxidativem Stress<\/li>\n<li><strong>Unterst\u00fctzung des Immunsystems<\/strong><\/li>\n<li><strong>Hilft, die nat\u00fcrliche Energie zu erhalten<\/strong><\/li>\n<\/ul>\n<\/div>\n<\/div>\n<\/div>\n<div itemprop=\"mainEntity\" itemscope=\"\" itemtype=\"https:\/\/schema.org\/Question\">\n<h3 itemprop=\"name\">Wie verwende ich Acai-Pulver, um seinen fruchtig-sauren Geschmack zu genie\u00dfen?<\/h3>\n<div itemprop=\"acceptedAnswer\" itemscope=\"\" itemtype=\"https:\/\/schema.org\/Answer\">\n<div itemprop=\"text\">\n<p>Die <strong>Acai-Pulver<\/strong> offenbart seinen ganzen <strong>fruchtig-s\u00e4uerlicher Geschmack<\/strong> wenn sie zu <strong>Smoothies<\/strong>, Sie k\u00f6nnen sie in Fr\u00fchst\u00fccksschalen, M\u00fcslis oder selbstgemachten Desserts verwenden. Einige Ideen: Streuen Sie es \u00fcber Joghurt, geben Sie es in ein Kompott oder verwenden Sie es in Backrezepten f\u00fcr eine originelle Note.<\/p>\n<ul>\n<li><strong>Acai-Bowl<\/strong> mit Fr\u00fcchten und Granola<\/li>\n<li><strong>Schokoladenmuffins<\/strong> und Acai-Pulver<\/li>\n<\/ul>\n<\/div>\n<\/div>\n<\/div>\n<div itemprop=\"mainEntity\" itemscope=\"\" itemtype=\"https:\/\/schema.org\/Question\">\n<h3 itemprop=\"name\">Kann man Acai-Beerenpulver aus biologischem Anbau leicht finden?<\/h3>\n<div itemprop=\"acceptedAnswer\" itemscope=\"\" itemtype=\"https:\/\/schema.org\/Answer\">\n<div itemprop=\"text\">\n<p>Ja, es ist sehr einfach, von der <strong>Bio Acai Beere Pulver<\/strong> \u00fcber spezialisierte Online-Shops. Franz\u00f6sische Websites f\u00fcr Naturkost, wie safinel.fr, bieten die M\u00f6glichkeit, sich mit dem Thema Naturkost zu besch\u00e4ftigen.\u2019<strong>sicherer Kauf<\/strong> mit schneller Lieferung, wodurch die Integration dieses gesunden Produkts in die normale Ern\u00e4hrung erleichtert wird.<\/p>\n<ol>\n<li>W\u00e4hlen Sie das gew\u00fcnschte Format und die Menge<\/li>\n<li>\u00dcberpr\u00fcfen Sie die Kundenbewertungen und die <strong>Bio-Zertifizierung<\/strong><\/li>\n<\/ol>\n<\/div>\n<\/div>\n<\/div>\n<div itemprop=\"mainEntity\" itemscope=\"\" itemtype=\"https:\/\/schema.org\/Question\">\n<h3 itemprop=\"name\">Welche Vorsichtsma\u00dfnahmen sind beim Kauf von Acai-Pulver zu beachten?<\/h3>\n<div itemprop=\"acceptedAnswer\" itemscope=\"\" itemtype=\"https:\/\/schema.org\/Answer\">\n<div itemprop=\"text\">\n<p>Einige Punkte verdienen Aufmerksamkeit: Bevorzugen Sie die <strong>Biovermerk<\/strong>, Sie m\u00fcssen das Produkt auf Zusatzstoffe und Zuckerzusatz \u00fcberpr\u00fcfen und sicherstellen, dass es frisch ist. Die Verpackung muss luftdicht sein und die Herkunft bei der Bestellung deutlich angegeben werden, um die <strong>h\u00f6chste Qualit\u00e4t<\/strong> gekauftes Acai-Beerenpulver.<\/p>\n<table>\n<tbody>\n<tr>\n<th>Zu \u00fcberpr\u00fcfen<\/th>\n<th>Warum<\/th>\n<\/tr>\n<tr>\n<td><strong>Bio\u00ab-Siegel\u00bb<\/strong><\/td>\n<td>Um Pestizide und sch\u00e4dliche Zusatzstoffe zu vermeiden<\/td>\n<\/tr>\n<tr>\n<td><strong>Mindesthaltbarkeitsdatum<\/strong><\/td>\n<td>Maximale Frische und Effizienz<\/td>\n<\/tr>\n<\/tbody>\n<\/table>\n<\/div>\n<\/div>\n<\/div>\n<\/div>","protected":false},"excerpt":{"rendered":"<p><img decoding=\"async\" src=\"https:\/\/www.safinel.fr\/wp-content\/uploads\/2021\/06\/BANNIERE-ICONE-SAFINEL.webp\" alt=\"Satines-R\u00fcckversicherung\" width=\"800\" height=\"200\" class=\"alignnone size-full wp-image-5091\" srcset=\"https:\/\/www.safinel.fr\/wp-content\/uploads\/2021\/06\/BANNIERE-ICONE-SAFINEL.webp 800w, https:\/\/www.safinel.fr\/wp-content\/uploads\/2021\/06\/BANNIERE-ICONE-SAFINEL-600x150.webp 600w, https:\/\/www.safinel.fr\/wp-content\/uploads\/2021\/06\/BANNIERE-ICONE-SAFINEL-768x192.webp 768w\" sizes=\"(max-width: 800px) 100vw, 800px\" \/><\/p>","protected":false},"featured_media":17341,"template":"","meta":[],"product_brand":[],"product_cat":[169],"product_tag":[],"class_list":{"0":"post-17340","1":"product","2":"type-product","3":"status-publish","4":"has-post-thumbnail","6":"product_cat-epices-du-monde","8":"first","9":"instock","10":"shipping-taxable","11":"purchasable","12":"product-type-simple"},"yoast_head":"<!-- This site is optimized with the Yoast SEO plugin v26.6 - https:\/\/yoast.com\/wordpress\/plugins\/seo\/ -->\n<title>Baie d&#039;a\u00e7a\u00ef en poudre | Bienfaits &amp; utilisations | Achat en ligne<\/title>\n<meta name=\"description\" content=\"Explorez les atouts nutritionnels de la baie d&#039;a\u00e7a\u00ef en poudre, ses usages pratiques et ses bienfaits pour votre sant\u00e9 et votre bien-\u00eatre.\" \/>\n<meta name=\"robots\" content=\"index, follow, max-snippet:-1, max-image-preview:large, max-video-preview:-1\" \/>\n<link rel=\"canonical\" href=\"https:\/\/www.safinel.fr\/de\/product-2\/acaibeerenpulver\/\" \/>\n<meta property=\"og:locale\" content=\"de_DE\" \/>\n<meta property=\"og:type\" content=\"article\" \/>\n<meta property=\"og:title\" content=\"Baie d&#039;a\u00e7a\u00ef en poudre | Bienfaits &amp; utilisations | Achat en ligne\" \/>\n<meta property=\"og:description\" content=\"Explorez les atouts nutritionnels de la baie d&#039;a\u00e7a\u00ef en poudre, ses usages pratiques et ses bienfaits pour votre sant\u00e9 et votre bien-\u00eatre.\" \/>\n<meta property=\"og:url\" content=\"https:\/\/www.safinel.fr\/de\/product-2\/acaibeerenpulver\/\" \/>\n<meta property=\"og:site_name\" content=\"Safinel\" \/>\n<meta property=\"article:modified_time\" content=\"2025-09-21T13:59:53+00:00\" \/>\n<meta property=\"og:image\" content=\"https:\/\/www.safinel.fr\/wp-content\/uploads\/2025\/09\/baie-d-acaie-en-poudre.jpg\" \/>\n\t<meta property=\"og:image:width\" content=\"600\" \/>\n\t<meta property=\"og:image:height\" content=\"600\" \/>\n\t<meta property=\"og:image:type\" content=\"image\/jpeg\" \/>\n<meta name=\"twitter:card\" content=\"summary_large_image\" \/>\n<meta name=\"twitter:label1\" content=\"Gesch\u00e4tzte Lesezeit\" \/>\n\t<meta name=\"twitter:data1\" content=\"10\u00a0Minuten\" \/>\n<script type=\"application\/ld+json\" class=\"yoast-schema-graph\">{\"@context\":\"https:\/\/schema.org\",\"@graph\":[{\"@type\":\"WebPage\",\"@id\":\"https:\/\/www.safinel.fr\/produit\/baie-d-acai-en-poudre\/\",\"url\":\"https:\/\/www.safinel.fr\/produit\/baie-d-acai-en-poudre\/\",\"name\":\"Baie d'a\u00e7a\u00ef en poudre | Bienfaits & utilisations | Achat en ligne\",\"isPartOf\":{\"@id\":\"https:\/\/www.safinel.fr\/#website\"},\"primaryImageOfPage\":{\"@id\":\"https:\/\/www.safinel.fr\/produit\/baie-d-acai-en-poudre\/#primaryimage\"},\"image\":{\"@id\":\"https:\/\/www.safinel.fr\/produit\/baie-d-acai-en-poudre\/#primaryimage\"},\"thumbnailUrl\":\"https:\/\/www.safinel.fr\/wp-content\/uploads\/2025\/09\/baie-d-acaie-en-poudre.jpg\",\"datePublished\":\"2025-09-21T13:59:35+00:00\",\"dateModified\":\"2025-09-21T13:59:53+00:00\",\"description\":\"Explorez les atouts nutritionnels de la baie d'a\u00e7a\u00ef en poudre, ses usages pratiques et ses bienfaits pour votre sant\u00e9 et votre bien-\u00eatre.\",\"breadcrumb\":{\"@id\":\"https:\/\/www.safinel.fr\/produit\/baie-d-acai-en-poudre\/#breadcrumb\"},\"inLanguage\":\"de\",\"potentialAction\":[{\"@type\":\"ReadAction\",\"target\":[\"https:\/\/www.safinel.fr\/produit\/baie-d-acai-en-poudre\/\"]}]},{\"@type\":\"ImageObject\",\"inLanguage\":\"de\",\"@id\":\"https:\/\/www.safinel.fr\/produit\/baie-d-acai-en-poudre\/#primaryimage\",\"url\":\"https:\/\/www.safinel.fr\/wp-content\/uploads\/2025\/09\/baie-d-acaie-en-poudre.jpg\",\"contentUrl\":\"https:\/\/www.safinel.fr\/wp-content\/uploads\/2025\/09\/baie-d-acaie-en-poudre.jpg\",\"width\":600,\"height\":600},{\"@type\":\"BreadcrumbList\",\"@id\":\"https:\/\/www.safinel.fr\/produit\/baie-d-acai-en-poudre\/#breadcrumb\",\"itemListElement\":[{\"@type\":\"ListItem\",\"position\":1,\"name\":\"Accueil\",\"item\":\"https:\/\/www.safinel.fr\/\"},{\"@type\":\"ListItem\",\"position\":2,\"name\":\"Boutique\",\"item\":\"https:\/\/www.safinel.fr\/boutique\/\"},{\"@type\":\"ListItem\",\"position\":3,\"name\":\"Baie d&#8217;aca\u00ef en poudre &#8211; 100g\"}]},{\"@type\":\"WebSite\",\"@id\":\"https:\/\/www.safinel.fr\/#website\",\"url\":\"https:\/\/www.safinel.fr\/\",\"name\":\"Safinel\",\"description\":\"\",\"publisher\":{\"@id\":\"https:\/\/www.safinel.fr\/#organization\"},\"potentialAction\":[{\"@type\":\"SearchAction\",\"target\":{\"@type\":\"EntryPoint\",\"urlTemplate\":\"https:\/\/www.safinel.fr\/?s={search_term_string}\"},\"query-input\":{\"@type\":\"PropertyValueSpecification\",\"valueRequired\":true,\"valueName\":\"search_term_string\"}}],\"inLanguage\":\"de\"},{\"@type\":\"Organization\",\"@id\":\"https:\/\/www.safinel.fr\/#organization\",\"name\":\"Safinel\",\"url\":\"https:\/\/www.safinel.fr\/\",\"logo\":{\"@type\":\"ImageObject\",\"inLanguage\":\"de\",\"@id\":\"https:\/\/www.safinel.fr\/#\/schema\/logo\/image\/\",\"url\":\"https:\/\/www.safinel.fr\/wp-content\/uploads\/2021\/05\/boutique-cosmetique.png\",\"contentUrl\":\"https:\/\/www.safinel.fr\/wp-content\/uploads\/2021\/05\/boutique-cosmetique.png\",\"width\":800,\"height\":200,\"caption\":\"Safinel\"},\"image\":{\"@id\":\"https:\/\/www.safinel.fr\/#\/schema\/logo\/image\/\"}}]}<\/script>\n<!-- \/ Yoast SEO plugin. -->","yoast_head_json":{"title":"Acai Beeren Pulver | Vorteile &amp; Verwendung | Online kaufen","description":"Erkunden Sie die ern\u00e4hrungsphysiologischen Vorz\u00fcge der Acai-Beere in Pulverform, ihre praktische Verwendung und ihre Vorteile f\u00fcr Ihre Gesundheit und Ihr Wohlbefinden.","robots":{"index":"index","follow":"follow","max-snippet":"max-snippet:-1","max-image-preview":"max-image-preview:large","max-video-preview":"max-video-preview:-1"},"canonical":"https:\/\/www.safinel.fr\/de\/product-2\/acaibeerenpulver\/","og_locale":"de_DE","og_type":"article","og_title":"Baie d'a\u00e7a\u00ef en poudre | Bienfaits & utilisations | Achat en ligne","og_description":"Explorez les atouts nutritionnels de la baie d'a\u00e7a\u00ef en poudre, ses usages pratiques et ses bienfaits pour votre sant\u00e9 et votre bien-\u00eatre.","og_url":"https:\/\/www.safinel.fr\/de\/product-2\/acaibeerenpulver\/","og_site_name":"Safinel","article_modified_time":"2025-09-21T13:59:53+00:00","og_image":[{"width":600,"height":600,"url":"https:\/\/www.safinel.fr\/wp-content\/uploads\/2025\/09\/baie-d-acaie-en-poudre.jpg","type":"image\/jpeg"}],"twitter_card":"summary_large_image","twitter_misc":{"Gesch\u00e4tzte Lesezeit":"10\u00a0Minuten"},"schema":{"@context":"https:\/\/schema.org","@graph":[{"@type":"WebPage","@id":"https:\/\/www.safinel.fr\/produit\/baie-d-acai-en-poudre\/","url":"https:\/\/www.safinel.fr\/produit\/baie-d-acai-en-poudre\/","name":"Acai Beeren Pulver | Vorteile &amp; Verwendung | Online kaufen","isPartOf":{"@id":"https:\/\/www.safinel.fr\/#website"},"primaryImageOfPage":{"@id":"https:\/\/www.safinel.fr\/produit\/baie-d-acai-en-poudre\/#primaryimage"},"image":{"@id":"https:\/\/www.safinel.fr\/produit\/baie-d-acai-en-poudre\/#primaryimage"},"thumbnailUrl":"https:\/\/www.safinel.fr\/wp-content\/uploads\/2025\/09\/baie-d-acaie-en-poudre.jpg","datePublished":"2025-09-21T13:59:35+00:00","dateModified":"2025-09-21T13:59:53+00:00","description":"Erkunden Sie die ern\u00e4hrungsphysiologischen Vorz\u00fcge der Acai-Beere in Pulverform, ihre praktische Verwendung und ihre Vorteile f\u00fcr Ihre Gesundheit und Ihr Wohlbefinden.","breadcrumb":{"@id":"https:\/\/www.safinel.fr\/produit\/baie-d-acai-en-poudre\/#breadcrumb"},"inLanguage":"de","potentialAction":[{"@type":"ReadAction","target":["https:\/\/www.safinel.fr\/produit\/baie-d-acai-en-poudre\/"]}]},{"@type":"ImageObject","inLanguage":"de","@id":"https:\/\/www.safinel.fr\/produit\/baie-d-acai-en-poudre\/#primaryimage","url":"https:\/\/www.safinel.fr\/wp-content\/uploads\/2025\/09\/baie-d-acaie-en-poudre.jpg","contentUrl":"https:\/\/www.safinel.fr\/wp-content\/uploads\/2025\/09\/baie-d-acaie-en-poudre.jpg","width":600,"height":600},{"@type":"BreadcrumbList","@id":"https:\/\/www.safinel.fr\/produit\/baie-d-acai-en-poudre\/#breadcrumb","itemListElement":[{"@type":"ListItem","position":1,"name":"Accueil","item":"https:\/\/www.safinel.fr\/"},{"@type":"ListItem","position":2,"name":"Boutique","item":"https:\/\/www.safinel.fr\/boutique\/"},{"@type":"ListItem","position":3,"name":"Baie d&#8217;aca\u00ef en poudre &#8211; 100g"}]},{"@type":"WebSite","@id":"https:\/\/www.safinel.fr\/#website","url":"https:\/\/www.safinel.fr\/","name":"Safinel","description":"","publisher":{"@id":"https:\/\/www.safinel.fr\/#organization"},"potentialAction":[{"@type":"SearchAction","target":{"@type":"EntryPoint","urlTemplate":"https:\/\/www.safinel.fr\/?s={search_term_string}"},"query-input":{"@type":"PropertyValueSpecification","valueRequired":true,"valueName":"search_term_string"}}],"inLanguage":"de"},{"@type":"Organization","@id":"https:\/\/www.safinel.fr\/#organization","name":"Safinel","url":"https:\/\/www.safinel.fr\/","logo":{"@type":"ImageObject","inLanguage":"de","@id":"https:\/\/www.safinel.fr\/#\/schema\/logo\/image\/","url":"https:\/\/www.safinel.fr\/wp-content\/uploads\/2021\/05\/boutique-cosmetique.png","contentUrl":"https:\/\/www.safinel.fr\/wp-content\/uploads\/2021\/05\/boutique-cosmetique.png","width":800,"height":200,"caption":"Safinel"},"image":{"@id":"https:\/\/www.safinel.fr\/#\/schema\/logo\/image\/"}}]}},"_links":{"self":[{"href":"https:\/\/www.safinel.fr\/de\/wp-json\/wp\/v2\/product\/17340","targetHints":{"allow":["GET"]}}],"collection":[{"href":"https:\/\/www.safinel.fr\/de\/wp-json\/wp\/v2\/product"}],"about":[{"href":"https:\/\/www.safinel.fr\/de\/wp-json\/wp\/v2\/types\/product"}],"wp:featuredmedia":[{"embeddable":true,"href":"https:\/\/www.safinel.fr\/de\/wp-json\/wp\/v2\/media\/17341"}],"wp:attachment":[{"href":"https:\/\/www.safinel.fr\/de\/wp-json\/wp\/v2\/media?parent=17340"}],"wp:term":[{"taxonomy":"product_brand","embeddable":true,"href":"https:\/\/www.safinel.fr\/de\/wp-json\/wp\/v2\/product_brand?post=17340"},{"taxonomy":"product_cat","embeddable":true,"href":"https:\/\/www.safinel.fr\/de\/wp-json\/wp\/v2\/product_cat?post=17340"},{"taxonomy":"product_tag","embeddable":true,"href":"https:\/\/www.safinel.fr\/de\/wp-json\/wp\/v2\/product_tag?post=17340"}],"curies":[{"name":"wp","href":"https:\/\/api.w.org\/{rel}","templated":true}]}}