{"id":17016,"date":"2025-07-25T18:19:22","date_gmt":"2025-07-25T18:19:22","guid":{"rendered":"https:\/\/www.safinel.fr\/?post_type=product&#038;p=17016"},"modified":"2025-08-13T10:40:40","modified_gmt":"2025-08-13T10:40:40","slug":"meeressalat","status":"publish","type":"product","link":"https:\/\/www.safinel.fr\/de\/product-2\/meeressalat\/","title":{"rendered":"Meersalat (Ulva lactuca getrocknet) - 50g"},"content":{"rendered":"<p>Die&nbsp;<strong>getrockneter Meeressalat<\/strong> etabliert sich als wachsender Star in der Welt der Superfoods. Diese <strong>Nahrungsalge<\/strong>, auch bekannt als <strong>Ulva lactuca<\/strong>, Der Fisch ist reich an N\u00e4hrstoffen, hat einen zarten Jodgeschmack und ist in der K\u00fcche vielseitig einsetzbar. Aus einer <strong>Wilde Ernte<\/strong> oder manchmal von Hand an der bretonischen oder franz\u00f6sischen K\u00fcste durchgef\u00fchrt, wird sie oft in Form von <strong>Pailletten<\/strong> oder Flocken f\u00fcr eine einfache Verwendung im Alltag. Wenn Sie dehydrierten Meeressalat entdecken, \u00f6ffnen Sie die T\u00fcr zu neuen kulinarischen Inspirationen und zahlreichen gesundheitlichen Vorteilen.<\/p>\n<h2>Steckbrief des getrockneten Meeressalats dehydratisiert<\/h2>\n<p>L\u2019<strong>Ulva lactuca<\/strong>, bekannt als <strong>Meeressalat<\/strong>, Algen sind wegen ihres subtilen, aber ausgepr\u00e4gten Geschmacks, der an die Gischt des Meeres erinnert, sehr beliebt. Frisch ist sie zerbrechlich und schwer zu konservieren. <strong>getrocknet oder dehydriert<\/strong>, Wenn Sie sich f\u00fcr ein Buch entscheiden, zeigt es all seine Qualit\u00e4ten und gewinnt gleichzeitig an bemerkenswerter Praxistauglichkeit in Bezug auf Lagerung und Gebrauch.<\/p>\n<p>Seine Farbe von einem <strong>strahlendes Gr\u00fcn<\/strong> beh\u00e4lt auch nach der Verarbeitung eine sch\u00f6ne Lebendigkeit, und seine knackige Textur veredelt viele Gerichte. Wenn der\u2019<strong>Herkunft Bretagne oder Frankreich<\/strong> Um ein gewisses Qualit\u00e4tsmerkmal zu gew\u00e4hrleisten, gibt es auch Varianten aus anderen Becken, die f\u00fcr ihr sauberes Wasser bekannt sind. Das Verfahren der <strong>Trocknen<\/strong> sorgt daf\u00fcr, dass die in dieser Nahrungsalge nat\u00fcrlich vorkommenden Mineralien, Spurenelemente und Vitamine unversehrt erhalten bleiben.<\/p>\n<h2>Eine au\u00dfergew\u00f6hnliche N\u00e4hrstoffzusammensetzung<\/h2>\n<p>Abgesehen von ihrer geschmacklichen St\u00e4rke ist die <strong>dehydrierter Meeressalat<\/strong> ist ein wahres Konzentrat an n\u00fctzlichen Mikron\u00e4hrstoffen. Sie ist insbesondere eine wertvolle Quelle f\u00fcr <strong>pflanzliche Proteine<\/strong>, Das macht sie f\u00fcr Menschen interessant, die eine abwechslungsreiche, fleischlose Ern\u00e4hrung anstreben. Seine <strong>Eisenreichtum<\/strong> und Magnesium tr\u00e4gt zu einer ausgewogenen Ern\u00e4hrung bei, w\u00e4hrend sein hoher Anteil an <strong>Kalzium<\/strong> gef\u00e4llt Anh\u00e4ngern einer gesunden und ausgewogenen Ern\u00e4hrung.<\/p>\n<ul>\n<li><strong>Eisen<\/strong> : F\u00f6rdert den Sauerstofftransport und bek\u00e4mpft M\u00fcdigkeit.<\/li>\n<li><strong>Kalzium<\/strong> : Unterst\u00fctzt die Vitalit\u00e4t von Knochen und Z\u00e4hnen.<\/li>\n<li><strong>Magnesium<\/strong> : Hilft, das Gleichgewicht von Nerven und Muskeln zu erhalten.<\/li>\n<li><strong>Vitamin A, B12, C, E und K<\/strong> : sind an der Immunit\u00e4t, der Energie und dem Zellschutz beteiligt.<\/li>\n<li><strong>Proteine<\/strong> : Ideal f\u00fcr eine vegetarische oder vegane Ern\u00e4hrung.<\/li>\n<\/ul>\n<p>Dieses einzigartige Profil macht die <strong>Meeressalat<\/strong> ein wertvoller Verb\u00fcndeter, um bestimmte Bed\u00fcrfnisse des K\u00f6rpers zu erf\u00fcllen, vor allem wenn man eine biologische Ern\u00e4hrung anstrebt, die auf Nat\u00fcrlichkeit ausgerichtet ist. Es gibt \u00fcbrigens einige bemerkenswerte Unterschiede zwischen der getrockneten und der frischen Version, die haupts\u00e4chlich mit der N\u00e4hrstoffkonzentration aufgrund des Wasserverlusts w\u00e4hrend der Dehydrierung zusammenh\u00e4ngen. Um verschiedene Angebote rund um Meeressalat und andere Produkte aus dem Meer zu entdecken, kann es sich lohnen, einen Blick auf Folgendes zu werfen <strong><a href=\"https:\/\/www.tresors-des-mers.com\/\" target=\"_blank\" rel=\"noopener\">auf den Shop tr\u00e9sors des mers<\/a><\/strong>.<\/p>\n<h2>Fokus auf die gesundheitlichen Vorteile<\/h2>\n<p>Regelm\u00e4\u00dfig konsumieren <strong>getrockneter Meeressalat<\/strong> erm\u00f6glicht es, von zahlreichen positiven Effekten auf den menschlichen K\u00f6rper zu profitieren. Sie beteiligt sich aktiv an der <a href=\"https:\/\/www.safinel.fr\/de\/product-2\/sea-moss-sea-moss\/\"><strong>Remineralisierung<\/strong><\/a>, Die hohe Rate an <strong>Kalzium<\/strong> und von <strong>Magnesium<\/strong>-Emissionen, zwei wichtige Mineralien, die in der modernen Ern\u00e4hrung oft fehlen. Sportler, Schwangere und Senioren k\u00f6nnen besonders von den Vorteilen profitieren.<\/p>\n<p>Neben der F\u00f6rderung der Muskelerholung ist diese <strong>Trockenalge<\/strong> greift bei der Vorbeugung von An\u00e4mie dank seines Gehalts an <strong>bioverf\u00fcgbares Eisen<\/strong>. Sie bringt aufgrund ihrer pr\u00e4biotischen Wirkung, die das Gleichgewicht der Darmmikrobiota f\u00f6rdert, einen nat\u00fcrlichen Verdauungsschub.<\/p>\n<h3>N\u00e4hrstoffvergleich: Meeressalat vs. andere Nahrungsalgen<\/h3>\n<p>Jede <strong>Nahrungsalge<\/strong> bietet ein anderes Profil, und die <strong>Meeressalat<\/strong> ist hier keine Ausnahme. Im Vergleich zu z. B. Wakame oder Dulse bietet er oft eine h\u00f6here Konzentration an <strong>Vitamin C<\/strong> und in <strong>Magnesium<\/strong>. Hier ist eine n\u00fctzliche Vergleichstabelle :<\/p>\n<table border=\"1\">\n<tbody>\n<tr>\n<th>Alge<\/th>\n<th>Proteine (%)<\/th>\n<th>Eisen (mg\/100g)<\/th>\n<th>Calcium (mg\/100g)<\/th>\n<th>Magnesium (mg\/100g)<\/th>\n<\/tr>\n<tr>\n<td>Meersalat (getrocknet)<\/td>\n<td>18<\/td>\n<td>82<\/td>\n<td>490<\/td>\n<td>420<\/td>\n<\/tr>\n<tr>\n<td>Dulse<\/td>\n<td>21<\/td>\n<td>33<\/td>\n<td>150<\/td>\n<td>300<\/td>\n<\/tr>\n<tr>\n<td>Wakame<\/td>\n<td>17<\/td>\n<td>2,2<\/td>\n<td>140<\/td>\n<td>107<\/td>\n<\/tr>\n<\/tbody>\n<\/table>\n<p>Es zeigt sich also eine echte \u00dcberlegenheit der <strong>Meeressalat<\/strong> auf bestimmte Mineralien und Proteine. Diese Art von Vergleich hilft, eine fundierte Wahl entsprechend den eigenen spezifischen Bed\u00fcrfnissen zu treffen.<\/p>\n<h2>Wie kann man dehydrierten Meeressalat in der K\u00fcche verwenden?<\/h2>\n<p>Dank seiner Verpackung in <strong>Pailletten<\/strong> oder <strong>Flocken<\/strong>, Die <strong>getrockneter Meeressalat<\/strong> hat den Vorteil, dass es sich leicht in verschiedene Zubereitungen einarbeiten l\u00e4sst. Wenn Sie es einige Minuten in Wasser einweichen, erh\u00e4lt es eine geschmeidige Textur, die sich ideal zum Verfeinern folgender Gerichte eignet <strong>gemischte Salate<\/strong>, Es gibt viele verschiedene Gerichte, wie z. B. Gem\u00fcse-Tartar, Poke Bowls oder hausgemachte Dressings.<\/p>\n<p>Die <strong>direktes Streuen<\/strong> auf Suppen, Omeletts oder gegrilltem Fisch intensiviert sofort die Meeresd\u00fcfte, ohne dass eine lange Vorbereitung n\u00f6tig ist. Manche Leute streuen es gerne in selbstgebackenes Brot oder Fladenbrot, um einen Hauch von Originalit\u00e4t zu verleihen und gleichzeitig von seiner <strong>N\u00e4hrstoffreichtum<\/strong>.<\/p>\n<h3>Praktische Tipps f\u00fcr den vollen Genuss seiner Aromen<\/h3>\n<p>F\u00fcr diejenigen, die mit diesem <strong>Nahrungsalge<\/strong>, Es ist besser, mit kleinen Mengen zu beginnen und diese nach und nach an die Vorlieben anzupassen. Die <strong>getrockneter Meeressalat<\/strong> aus einer <strong>wild oder von Hand geerntet<\/strong> ist oft duftender und umweltfreundlicher.<\/p>\n<ul>\n<li>\u00dcber Avocados oder gegrillten Tofu streuen.<\/li>\n<li>Mit den Samen in Energy Balls mischen.<\/li>\n<li>In der Panade eines Wei\u00dffischs f\u00fcr eine \u00fcberraschende Knusprigkeit verwenden.<\/li>\n<li>Zu einem Pfannkuchenteig oder einer herzhaften Tarte f\u00fcr eine maritime Note hinzuf\u00fcgen.<\/li>\n<\/ul>\n<p><strong>Der Online-Einkauf<\/strong> auf spezialisierten Shops wie safinel.fr erleichtert den Zugang zu diesen au\u00dfergew\u00f6hnlichen Produkten und erm\u00f6glicht es, Bio-Pakete zu entdecken, die aus gesch\u00fctzten Umgebungen an der Atlantikk\u00fcste stammen.<\/p>\n<h2>Einkaufsf\u00fchrer und Tipps zur Aufbewahrung<\/h2>\n<p>W\u00e4hlen Sie eine <strong>getrockneter Meeressalat<\/strong> von Qualit\u00e4t erfordert Aufmerksamkeit f\u00fcr die\u2019<strong>Herkunft<\/strong> (Bretagne, Frankreich, ber\u00fchmte K\u00fcstengebiete), zu dem Vermerk \u00ab?\u00ab <strong>biologisch<\/strong> \u00bb, wenn man einen reinen Ansatz bevorzugt, sowie auf die Methode von <strong>Ernte<\/strong> (Handpfl\u00fcckung aufgewertet). Luftdichte Verpackungen sorgen f\u00fcr eine l\u00e4ngere Haltbarkeit, da der Seetang trocken bleiben muss, um nicht an Frische zu verlieren oder eine ungewohnte Bitterkeit zu entwickeln.<\/p>\n<p>Bei Lagerung an einem k\u00fchlen, vor Feuchtigkeit gesch\u00fctzten Ort ist die <strong>Meeressalat<\/strong> kann mehrere Monate aufbewahrt werden, wobei seine Eigenschaften erhalten bleiben. Bevorzugen Sie einen schnellen Verzehr nach dem \u00d6ffnen des Beutels, um alle seine aromatischen Noten zu nutzen.<\/p>\n<div itemscope itemtype=\"https:\/\/schema.org\/FAQPage\">\n<h2>H\u00e4ufig gestellte Fragen zu getrocknetem Meeressalat<\/h2>\n<div itemprop=\"mainEntity\" itemscope itemtype=\"https:\/\/schema.org\/Question\">\n<h3 itemprop=\"name\">Wo kann man getrockneten Bio-Meeressalat aus Wildsammlung kaufen?<\/h3>\n<div itemprop=\"acceptedAnswer\" itemscope itemtype=\"https:\/\/schema.org\/Answer\">\n<p itemprop=\"text\">Die <strong>getrockneter Meeressalat<\/strong> ist in Bio-Lebensmittelgesch\u00e4ften, Fachgesch\u00e4ften f\u00fcr Meeresfr\u00fcchte und auf E-Commerce-Plattformen f\u00fcr Naturkost erh\u00e4ltlich. Bevorzugen Sie solche mit einem klaren Hinweis auf eine <strong>franz\u00f6sische Herkunft<\/strong> (insbesondere Bretagne), sowie die Labels \u00ab&nbsp;<strong>biologisch<\/strong>&nbsp;\u00bb und \u00ab&nbsp;<strong>handgepfl\u00fcckt<\/strong>&nbsp;\u00bb, die f\u00fcr Qualit\u00e4t und Umweltfreundlichkeit b\u00fcrgen.<\/p>\n<ul>\n<li>Websites, die sich auf <strong>Nahrungsalgen<\/strong><\/li>\n<li>Bio-Regale in Superm\u00e4rkten<\/li>\n<li>Lokale M\u00e4rkte am Meer<\/li>\n<\/ul><\/div>\n<\/p><\/div>\n<div itemprop=\"mainEntity\" itemscope itemtype=\"https:\/\/schema.org\/Question\">\n<h3 itemprop=\"name\">Was sind die besonderen gesundheitlichen Vorteile von getrockneter Ulva lactuca?<\/h3>\n<div itemprop=\"acceptedAnswer\" itemscope itemtype=\"https:\/\/schema.org\/Answer\">\n<p itemprop=\"text\">L\u2019<strong>ulva lactuca<\/strong> (oder <strong>Meeressalat<\/strong>) getrocknet ist reich an <strong>wichtige Mineralien<\/strong> (Eisen, Kalzium, Magnesium) sowie in <strong>Vitamine<\/strong> und <strong>pflanzliche Proteine<\/strong>. Es unterst\u00fctzt die Vitalit\u00e4t, st\u00e4rkt die Immunit\u00e4t und f\u00f6rdert die Remineralisierung. Es ist ein besonders interessanter Verb\u00fcndeter f\u00fcr Menschen, die sich pflanzlich ern\u00e4hren.<\/p>\n<table>\n<thead>\n<tr>\n<th>N\u00e4hrstoff<\/th>\n<th>Durchschnittliche Zufuhr (pro 10 g getrocknet)<\/th>\n<\/tr>\n<\/thead>\n<tbody>\n<tr>\n<td>Eisen<\/td>\n<td>8,2 mg<\/td>\n<\/tr>\n<tr>\n<td>Kalzium<\/td>\n<td>49 mg<\/td>\n<\/tr>\n<tr>\n<td>Vitamin C<\/td>\n<td>2,1 mg<\/td>\n<\/tr>\n<tr>\n<td>Proteine<\/td>\n<td>1,8 g<\/td>\n<\/tr>\n<\/tbody>\n<\/table><\/div>\n<\/p><\/div>\n<div itemprop=\"mainEntity\" itemscope itemtype=\"https:\/\/schema.org\/Question\">\n<h3 itemprop=\"name\">Wie kann man dehydrierten Meeressalat einfach zubereiten?<\/h3>\n<div itemprop=\"acceptedAnswer\" itemscope itemtype=\"https:\/\/schema.org\/Answer\">\n<p itemprop=\"text\">Um die <strong>Meeressalat<\/strong>, Wenn Sie es nicht mehr brauchen, rehydrieren Sie es einfach ein paar Minuten, bevor Sie es in Ihre Rezepte einarbeiten. Sie passt perfekt zu <strong>Salate, Tartaros, Quiches<\/strong>, oder wird verwendet als <strong>Topping<\/strong> auf warmen Gerichten. Als Flocken oder Flakes l\u00e4sst es sich leicht in Suppen, P\u00fcrees oder R\u00fchreier einarbeiten.<\/p>\n<ol>\n<li>Einen Essl\u00f6ffel f\u00fcr 5 Minuten in kaltes Wasser legen.<\/li>\n<li>Abtropfen lassen und dann unter das Gericht heben.<\/li>\n<li>Ideen f\u00fcr Kombinationen: Garnelen, Avocado, M\u00fcsli, Frischk\u00e4se, etc.<\/li>\n<\/ol><\/div>\n<\/p><\/div>\n<div itemprop=\"mainEntity\" itemscope itemtype=\"https:\/\/schema.org\/Question\">\n<h3 itemprop=\"name\">Gibt es Einschr\u00e4nkungen f\u00fcr den Verzehr von getrocknetem Meeressalat?<\/h3>\n<div itemprop=\"acceptedAnswer\" itemscope itemtype=\"https:\/\/schema.org\/Answer\">\n<p itemprop=\"text\">Die <strong>Meeressalat<\/strong> ist f\u00fcr die meisten Menschen geeignet. Aufgrund seines hohen Gehalts an <strong>Jod<\/strong>, Bei Personen mit Schilddr\u00fcsenerkrankungen oder einer salzarmen Di\u00e4t sollte der Verzehr in Ma\u00dfen erfolgen. Ein punktueller \u00dcberschuss kann zu Verdauungsst\u00f6rungen oder einer Mineralstoff\u00fcberladung f\u00fchren.<\/p>\n<ul>\n<li>Beschr\u00e4nken Sie den Verzehr auf 1 bis 2 Essl\u00f6ffel pro Tag.<\/li>\n<li>Wenden Sie sich bei medizinischen Zweifeln an eine medizinische Fachkraft.<\/li>\n<\/ul><\/div>\n<\/p><\/div>\n<\/div>","protected":false},"excerpt":{"rendered":"<p><strong>Entscheiden Sie sich f\u00fcr<\/strong> f\u00fcr getrockneten Seesalat 50g. Diese Alge <strong>reich<\/strong> an N\u00e4hrstoffen verleiht einen maritimen Touch <strong>zart<\/strong> zu all Ihren kulinarischen Zubereitungen.<\/p>","protected":false},"featured_media":17017,"template":"","meta":[],"product_brand":[],"product_cat":[44],"product_tag":[],"class_list":{"0":"post-17016","1":"product","2":"type-product","3":"status-publish","4":"has-post-thumbnail","6":"product_cat-epices","8":"first","9":"instock","10":"shipping-taxable","11":"purchasable","12":"product-type-simple"},"yoast_head":"<!-- This site is optimized with the Yoast SEO plugin v26.6 - https:\/\/yoast.com\/wordpress\/plugins\/seo\/ -->\n<title>Laitue de mer s\u00e9ch\u00e9e \u00e0 l&#039;achat | Bienfaits et recettes en cuisine<\/title>\n<meta name=\"description\" content=\"D\u00e9couvrez la laitue de mer s\u00e9ch\u00e9e, un superaliment riche en nutriments. Apprenez ses bienfaits pour la sant\u00e9 et comment l&#039;utiliser en cuisine.\" \/>\n<meta name=\"robots\" content=\"index, follow, max-snippet:-1, max-image-preview:large, max-video-preview:-1\" \/>\n<link rel=\"canonical\" href=\"https:\/\/www.safinel.fr\/de\/product-2\/meeressalat\/\" \/>\n<meta property=\"og:locale\" content=\"de_DE\" \/>\n<meta property=\"og:type\" content=\"article\" \/>\n<meta property=\"og:title\" content=\"Laitue de mer s\u00e9ch\u00e9e \u00e0 l&#039;achat | Bienfaits et recettes en cuisine\" \/>\n<meta property=\"og:description\" content=\"D\u00e9couvrez la laitue de mer s\u00e9ch\u00e9e, un superaliment riche en nutriments. Apprenez ses bienfaits pour la sant\u00e9 et comment l&#039;utiliser en cuisine.\" \/>\n<meta property=\"og:url\" content=\"https:\/\/www.safinel.fr\/de\/product-2\/meeressalat\/\" \/>\n<meta property=\"og:site_name\" content=\"Safinel\" \/>\n<meta property=\"article:modified_time\" content=\"2025-08-13T10:40:40+00:00\" \/>\n<meta property=\"og:image\" content=\"https:\/\/www.safinel.fr\/wp-content\/uploads\/2025\/07\/laitue-de-mer.jpg\" \/>\n\t<meta property=\"og:image:width\" content=\"600\" \/>\n\t<meta property=\"og:image:height\" content=\"600\" \/>\n\t<meta property=\"og:image:type\" content=\"image\/jpeg\" \/>\n<meta name=\"twitter:card\" content=\"summary_large_image\" \/>\n<meta name=\"twitter:label1\" content=\"Gesch\u00e4tzte Lesezeit\" \/>\n\t<meta name=\"twitter:data1\" content=\"9\u00a0Minuten\" \/>\n<script type=\"application\/ld+json\" class=\"yoast-schema-graph\">{\"@context\":\"https:\/\/schema.org\",\"@graph\":[{\"@type\":\"WebPage\",\"@id\":\"https:\/\/www.safinel.fr\/produit\/laitue-de-mer\/\",\"url\":\"https:\/\/www.safinel.fr\/produit\/laitue-de-mer\/\",\"name\":\"Laitue de mer s\u00e9ch\u00e9e \u00e0 l'achat | Bienfaits et recettes en cuisine\",\"isPartOf\":{\"@id\":\"https:\/\/www.safinel.fr\/#website\"},\"primaryImageOfPage\":{\"@id\":\"https:\/\/www.safinel.fr\/produit\/laitue-de-mer\/#primaryimage\"},\"image\":{\"@id\":\"https:\/\/www.safinel.fr\/produit\/laitue-de-mer\/#primaryimage\"},\"thumbnailUrl\":\"https:\/\/www.safinel.fr\/wp-content\/uploads\/2025\/07\/laitue-de-mer.jpg\",\"datePublished\":\"2025-07-25T18:19:22+00:00\",\"dateModified\":\"2025-08-13T10:40:40+00:00\",\"description\":\"D\u00e9couvrez la laitue de mer s\u00e9ch\u00e9e, un superaliment riche en nutriments. Apprenez ses bienfaits pour la sant\u00e9 et comment l'utiliser en cuisine.\",\"breadcrumb\":{\"@id\":\"https:\/\/www.safinel.fr\/produit\/laitue-de-mer\/#breadcrumb\"},\"inLanguage\":\"de\",\"potentialAction\":[{\"@type\":\"ReadAction\",\"target\":[\"https:\/\/www.safinel.fr\/produit\/laitue-de-mer\/\"]}]},{\"@type\":\"ImageObject\",\"inLanguage\":\"de\",\"@id\":\"https:\/\/www.safinel.fr\/produit\/laitue-de-mer\/#primaryimage\",\"url\":\"https:\/\/www.safinel.fr\/wp-content\/uploads\/2025\/07\/laitue-de-mer.jpg\",\"contentUrl\":\"https:\/\/www.safinel.fr\/wp-content\/uploads\/2025\/07\/laitue-de-mer.jpg\",\"width\":600,\"height\":600,\"caption\":\"Laitue de mer (ulva lactuca s\u00e9ch\u00e9e)\"},{\"@type\":\"BreadcrumbList\",\"@id\":\"https:\/\/www.safinel.fr\/produit\/laitue-de-mer\/#breadcrumb\",\"itemListElement\":[{\"@type\":\"ListItem\",\"position\":1,\"name\":\"Accueil\",\"item\":\"https:\/\/www.safinel.fr\/\"},{\"@type\":\"ListItem\",\"position\":2,\"name\":\"Boutique\",\"item\":\"https:\/\/www.safinel.fr\/boutique\/\"},{\"@type\":\"ListItem\",\"position\":3,\"name\":\"Laitue de mer (ulva lactuca s\u00e9ch\u00e9e) &#8211; 50g\"}]},{\"@type\":\"WebSite\",\"@id\":\"https:\/\/www.safinel.fr\/#website\",\"url\":\"https:\/\/www.safinel.fr\/\",\"name\":\"Safinel\",\"description\":\"\",\"publisher\":{\"@id\":\"https:\/\/www.safinel.fr\/#organization\"},\"potentialAction\":[{\"@type\":\"SearchAction\",\"target\":{\"@type\":\"EntryPoint\",\"urlTemplate\":\"https:\/\/www.safinel.fr\/?s={search_term_string}\"},\"query-input\":{\"@type\":\"PropertyValueSpecification\",\"valueRequired\":true,\"valueName\":\"search_term_string\"}}],\"inLanguage\":\"de\"},{\"@type\":\"Organization\",\"@id\":\"https:\/\/www.safinel.fr\/#organization\",\"name\":\"Safinel\",\"url\":\"https:\/\/www.safinel.fr\/\",\"logo\":{\"@type\":\"ImageObject\",\"inLanguage\":\"de\",\"@id\":\"https:\/\/www.safinel.fr\/#\/schema\/logo\/image\/\",\"url\":\"https:\/\/www.safinel.fr\/wp-content\/uploads\/2021\/05\/boutique-cosmetique.png\",\"contentUrl\":\"https:\/\/www.safinel.fr\/wp-content\/uploads\/2021\/05\/boutique-cosmetique.png\",\"width\":800,\"height\":200,\"caption\":\"Safinel\"},\"image\":{\"@id\":\"https:\/\/www.safinel.fr\/#\/schema\/logo\/image\/\"}}]}<\/script>\n<!-- \/ Yoast SEO plugin. -->","yoast_head_json":{"title":"Getrockneter Meersalat zum Kaufen | Vorteile und Rezepte in der K\u00fcche","description":"Entdecken Sie den getrockneten Meeressalat, ein n\u00e4hrstoffreiches Superfood. Lernen Sie seine gesundheitlichen Vorteile kennen und erfahren Sie, wie Sie ihn in der K\u00fcche verwenden k\u00f6nnen.","robots":{"index":"index","follow":"follow","max-snippet":"max-snippet:-1","max-image-preview":"max-image-preview:large","max-video-preview":"max-video-preview:-1"},"canonical":"https:\/\/www.safinel.fr\/de\/product-2\/meeressalat\/","og_locale":"de_DE","og_type":"article","og_title":"Laitue de mer s\u00e9ch\u00e9e \u00e0 l'achat | Bienfaits et recettes en cuisine","og_description":"D\u00e9couvrez la laitue de mer s\u00e9ch\u00e9e, un superaliment riche en nutriments. Apprenez ses bienfaits pour la sant\u00e9 et comment l'utiliser en cuisine.","og_url":"https:\/\/www.safinel.fr\/de\/product-2\/meeressalat\/","og_site_name":"Safinel","article_modified_time":"2025-08-13T10:40:40+00:00","og_image":[{"width":600,"height":600,"url":"https:\/\/www.safinel.fr\/wp-content\/uploads\/2025\/07\/laitue-de-mer.jpg","type":"image\/jpeg"}],"twitter_card":"summary_large_image","twitter_misc":{"Gesch\u00e4tzte Lesezeit":"9\u00a0Minuten"},"schema":{"@context":"https:\/\/schema.org","@graph":[{"@type":"WebPage","@id":"https:\/\/www.safinel.fr\/produit\/laitue-de-mer\/","url":"https:\/\/www.safinel.fr\/produit\/laitue-de-mer\/","name":"Getrockneter Meersalat zum Kaufen | Vorteile und Rezepte in der K\u00fcche","isPartOf":{"@id":"https:\/\/www.safinel.fr\/#website"},"primaryImageOfPage":{"@id":"https:\/\/www.safinel.fr\/produit\/laitue-de-mer\/#primaryimage"},"image":{"@id":"https:\/\/www.safinel.fr\/produit\/laitue-de-mer\/#primaryimage"},"thumbnailUrl":"https:\/\/www.safinel.fr\/wp-content\/uploads\/2025\/07\/laitue-de-mer.jpg","datePublished":"2025-07-25T18:19:22+00:00","dateModified":"2025-08-13T10:40:40+00:00","description":"Entdecken Sie den getrockneten Meeressalat, ein n\u00e4hrstoffreiches Superfood. Lernen Sie seine gesundheitlichen Vorteile kennen und erfahren Sie, wie Sie ihn in der K\u00fcche verwenden k\u00f6nnen.","breadcrumb":{"@id":"https:\/\/www.safinel.fr\/produit\/laitue-de-mer\/#breadcrumb"},"inLanguage":"de","potentialAction":[{"@type":"ReadAction","target":["https:\/\/www.safinel.fr\/produit\/laitue-de-mer\/"]}]},{"@type":"ImageObject","inLanguage":"de","@id":"https:\/\/www.safinel.fr\/produit\/laitue-de-mer\/#primaryimage","url":"https:\/\/www.safinel.fr\/wp-content\/uploads\/2025\/07\/laitue-de-mer.jpg","contentUrl":"https:\/\/www.safinel.fr\/wp-content\/uploads\/2025\/07\/laitue-de-mer.jpg","width":600,"height":600,"caption":"Laitue de mer (ulva lactuca s\u00e9ch\u00e9e)"},{"@type":"BreadcrumbList","@id":"https:\/\/www.safinel.fr\/produit\/laitue-de-mer\/#breadcrumb","itemListElement":[{"@type":"ListItem","position":1,"name":"Accueil","item":"https:\/\/www.safinel.fr\/"},{"@type":"ListItem","position":2,"name":"Boutique","item":"https:\/\/www.safinel.fr\/boutique\/"},{"@type":"ListItem","position":3,"name":"Laitue de mer (ulva lactuca s\u00e9ch\u00e9e) &#8211; 50g"}]},{"@type":"WebSite","@id":"https:\/\/www.safinel.fr\/#website","url":"https:\/\/www.safinel.fr\/","name":"Safinel","description":"","publisher":{"@id":"https:\/\/www.safinel.fr\/#organization"},"potentialAction":[{"@type":"SearchAction","target":{"@type":"EntryPoint","urlTemplate":"https:\/\/www.safinel.fr\/?s={search_term_string}"},"query-input":{"@type":"PropertyValueSpecification","valueRequired":true,"valueName":"search_term_string"}}],"inLanguage":"de"},{"@type":"Organization","@id":"https:\/\/www.safinel.fr\/#organization","name":"Safinel","url":"https:\/\/www.safinel.fr\/","logo":{"@type":"ImageObject","inLanguage":"de","@id":"https:\/\/www.safinel.fr\/#\/schema\/logo\/image\/","url":"https:\/\/www.safinel.fr\/wp-content\/uploads\/2021\/05\/boutique-cosmetique.png","contentUrl":"https:\/\/www.safinel.fr\/wp-content\/uploads\/2021\/05\/boutique-cosmetique.png","width":800,"height":200,"caption":"Safinel"},"image":{"@id":"https:\/\/www.safinel.fr\/#\/schema\/logo\/image\/"}}]}},"_links":{"self":[{"href":"https:\/\/www.safinel.fr\/de\/wp-json\/wp\/v2\/product\/17016","targetHints":{"allow":["GET"]}}],"collection":[{"href":"https:\/\/www.safinel.fr\/de\/wp-json\/wp\/v2\/product"}],"about":[{"href":"https:\/\/www.safinel.fr\/de\/wp-json\/wp\/v2\/types\/product"}],"wp:featuredmedia":[{"embeddable":true,"href":"https:\/\/www.safinel.fr\/de\/wp-json\/wp\/v2\/media\/17017"}],"wp:attachment":[{"href":"https:\/\/www.safinel.fr\/de\/wp-json\/wp\/v2\/media?parent=17016"}],"wp:term":[{"taxonomy":"product_brand","embeddable":true,"href":"https:\/\/www.safinel.fr\/de\/wp-json\/wp\/v2\/product_brand?post=17016"},{"taxonomy":"product_cat","embeddable":true,"href":"https:\/\/www.safinel.fr\/de\/wp-json\/wp\/v2\/product_cat?post=17016"},{"taxonomy":"product_tag","embeddable":true,"href":"https:\/\/www.safinel.fr\/de\/wp-json\/wp\/v2\/product_tag?post=17016"}],"curies":[{"name":"wp","href":"https:\/\/api.w.org\/{rel}","templated":true}]}}