{"id":1680,"date":"2022-07-06T23:41:08","date_gmt":"2022-07-06T23:41:08","guid":{"rendered":"https:\/\/www.safinel.fr\/?post_type=product&#038;p=1680"},"modified":"2023-12-28T17:15:20","modified_gmt":"2023-12-28T17:15:20","slug":"yokebe","status":"publish","type":"product","link":"https:\/\/www.safinel.fr\/de\/product-2\/yokebe\/","title":{"rendered":"Yokebe-\u00d6l"},"content":{"rendered":"<p>Ist es mit dem Selbstvertrauen nicht weit her? Und Sie m\u00fcssen sich in Ihrer Haut wohlf\u00fchlen? Ihr Shop m\u00f6chte nur das Beste f\u00fcr Sie! Und wir wissen, dass es nicht ungew\u00f6hnlich ist, dass einige davon tr\u00e4umen, den ber\u00fchmten K\u00f6rper in Form einer 8 zu haben...<strong>\u00a0Starke Brust<\/strong>\u00a0und\u00a0<strong>gro\u00dfer Hintern<\/strong>, Es ist Zeit f\u00fcr eine Begegnung mit dem\u2019<strong>Yokebe-\u00d6l<\/strong>\u00a0!<\/p>\n<h2><strong>Auf Tuchf\u00fchlung mit dem Yokebe-\u00d6l\u00a0<\/strong><\/h2>\n<p>Haben Sie schon einmal etwas von der ber\u00fchmten<strong>\u00a0Yokebe-\u00d6l<\/strong>\u00a0? Auch gefunden unter der Schreibweise\u00a0<strong>Yokobe<\/strong>. Falls Sie das noch nicht getan haben, m\u00f6chte Ihr Safinel-Shop Sie gerne \u00fcber dieses Thema aufkl\u00e4ren! Halten Sie sich bereit, wir werden \u00fcber Kurven und<strong>\u00a0gro\u00dfz\u00fcgige Formen<\/strong>\u00a0!<\/p>\n<p>Es stimmt, dass das Aussehen eine wesentliche Rolle f\u00fcr das Selbstbewusstsein spielt, vom seidigen Haar bis zum\u00a0<strong>Traumk\u00f6rper<\/strong>, steht das Aussehen im Mittelpunkt. Aus diesem Grund m\u00f6chten wir Ihnen das \u00d6l von Yokebe n\u00e4her bringen!<\/p>\n<p>Letzteres ist eine<strong>\u00a0nat\u00fcrliches \u00d6l<\/strong>\u00a0auf der Grundlage von Pflanzenextrakten. Sie stammt urspr\u00fcnglich aus Schwarzafrika und ist besonders an der Elfenbeink\u00fcste zu finden, hat aber auch die L\u00e4nder des Maghreb f\u00fcr sich gewinnen k\u00f6nnen. Und das bis in den Westen.<\/p>\n<h2><strong>Yokebe-\u00d6l zur Freude der Damenwelt\u00a0<\/strong><\/h2>\n<p>Wenn das Aussehen manchmal ein Streitpunkt ist, ist es wahrscheinlich an der Zeit, den Yokebe kennen zu lernen. Entdecken Sie die\u00a0<strong><a href=\"https:\/\/www.safinel.fr\/de\/product-2\/yokebe-zapfchen\/\">yokebe-Z\u00e4pfchen<\/a>\u00a0<\/strong>f\u00fcr de\u00a0<strong>gro\u00dfer Hintern<\/strong>, Yokebe ist ein Produkt, das in der Lage ist, den K\u00f6rper zu formen. Yokebe ist bekannt daf\u00fcr, dass es als \u00d6l oder als Z\u00e4pfchen Frauen zu gr\u00f6\u00dferen und harmonischeren Formen verhilft.<\/p>\n<p>F\u00fcr H\u00fcften, Waden, aber auch f\u00fcr das Ges\u00e4\u00df ist dieser<strong>\u00a0Naturprodukt\u00a0<\/strong>k\u00f6nnte die Wunderl\u00f6sung sein, auf die Sie gewartet haben!<\/p>\n<p>Sie haben schon immer davon getr\u00e4umt, H\u00fcften und\u00a0<strong>\u00fcppiges Ges\u00e4\u00df<\/strong>\u00a0? Was, wenn die L\u00f6sung in diesem \u00d6l liegt? Dann ist es an der Zeit, sich verzaubern zu lassen und dieses nat\u00fcrliche \u00d6l auszuprobieren.<\/p>\n<h2><strong>Tipps zur Anwendung von Yokebe-\u00d6l\u00a0<\/strong><\/h2>\n<p>Es ist ratsam, diese\u00a0<strong>Pflanzen\u00f6l<\/strong>\u00a02 bis 3 Mal pro Tag. Es wird dann empfohlen, die Zielbereiche mindestens 5 Minuten lang zu massieren, bis die Haut das Yokebe-\u00d6l vollst\u00e4ndig aufgenommen hat.<\/p>\n<p>Sie sollten au\u00dferdem wissen, dass die\u2019<a href=\"https:\/\/100feminin.fr\/5-huiles-vegetales-aux-vertus-exceptionnelles-qui-peuvent-traiter-vos-petits-problemes\/\" target=\"_blank\" rel=\"noopener\"><strong>Bockshornklee\u00f6l<\/strong><\/a>\u00a0besitzt \u00e4hnliche Eigenschaften!<\/p>\n<p><strong>N\u00e4mlich\u00a0<\/strong>:<\/p>\n<p>Dieses nat\u00fcrliche Produkt enth\u00e4lt keine Chemikalien. Und es wurden bislang keine Nebenwirkungen berichtet. Wir empfehlen Ihnen jedoch, 24 Stunden vorher einen Hauttest durchzuf\u00fchren, um Allergien auszuschlie\u00dfen.<\/p>\n<h3><strong>Safinel am Dr\u00fccker f\u00fcr alle, die mehr wollen!<\/strong><\/h3>\n<p>Wie \u00fcblich m\u00f6chte Ihnen Ihre Boutique, die sich auf Naturprodukte spezialisiert hat, zahlreiche Artikel mit wohltuender Wirkung vorstellen. Au\u00dferdem kennen wir Ihre Vorliebe f\u00fcr Neuheiten!<\/p>\n<p>Bei der Begegnung mit dem\u00a0<a href=\"https:\/\/www.safinel.fr\/de\/product-2\/pebe\/\"><strong>P\u00e9b\u00e9 falsche Muskatnuss<\/strong><\/a>. Letzteres ist insbesondere f\u00fcr seine stimulierenden Eigenschaften bekannt, aber auch daf\u00fcr, dass es gegen bestimmte Beschwerden hilft.<\/p>\n<p>Au\u00dferdem haben Sie die M\u00f6glichkeit, Kontakt mit dem\u00a0<strong><a href=\"https:\/\/www.safinel.fr\/de\/product-2\/anti-akne-serum-mit-nigella\/\">Anti-Akne-Serum mit Nigella<\/a> !<\/strong>\u00a0Probleme mit Akne und schwarzen Pickeln? Dieses kleine Serum k\u00f6nnte die L\u00f6sung sein!<\/p>\n<p>Wie Sie sehen, ist Ihr Safinel-Shop immer gro\u00dfz\u00fcgig, wenn es darum geht, Sie mit neuen Produkten aus der Natur bekannt zu machen.<\/p>","protected":false},"excerpt":{"rendered":"<p>Fehlt es Ihnen an Selbstvertrauen? Und m\u00f6chten Sie sich in Ihrer Haut wohlf\u00fchlen? Ihr Shop w\u00fcnscht Ihnen nur das Beste! Und wir wissen, dass es nicht ungew\u00f6hnlich ist, dass manche Frauen von der ber\u00fchmten 8-f\u00f6rmigen Figur tr\u00e4umen... Mit einer \u00fcppigen Oberweite und einem knackigen Po ist es an der Zeit, [\u2026]","protected":false},"featured_media":1682,"template":"","meta":[],"product_brand":[],"product_cat":[28,122],"product_tag":[],"class_list":{"0":"post-1680","1":"product","2":"type-product","3":"status-publish","4":"has-post-thumbnail","6":"product_cat-divers","7":"product_cat-huile-vegetale","9":"first","10":"outofstock","11":"shipping-taxable","12":"purchasable","13":"product-type-simple"},"yoast_head":"<!-- This site is optimized with the Yoast SEO plugin v26.6 - https:\/\/yoast.com\/wordpress\/plugins\/seo\/ -->\n<title>Yokebe suppositoire et huile I Aide au grossissement des fesses<\/title>\n<meta name=\"description\" content=\"Est-ce que vous avez d\u00e9j\u00e0 eu \u00e9cho de la fameuse\u00a0huile de Yokebe\u00a0? \u00c9galement trouv\u00e9e sous l\u2019orthographe\u00a0Yokobe. Adoptez-l\u00e0 !\" \/>\n<meta name=\"robots\" content=\"index, follow, max-snippet:-1, max-image-preview:large, max-video-preview:-1\" \/>\n<link rel=\"canonical\" href=\"https:\/\/www.safinel.fr\/de\/product-2\/yokebe\/\" \/>\n<meta property=\"og:locale\" content=\"de_DE\" \/>\n<meta property=\"og:type\" content=\"article\" \/>\n<meta property=\"og:title\" content=\"Yokebe suppositoire et huile I Aide au grossissement des fesses\" \/>\n<meta property=\"og:description\" content=\"Est-ce que vous avez d\u00e9j\u00e0 eu \u00e9cho de la fameuse\u00a0huile de Yokebe\u00a0? \u00c9galement trouv\u00e9e sous l\u2019orthographe\u00a0Yokobe. Adoptez-l\u00e0 !\" \/>\n<meta property=\"og:url\" content=\"https:\/\/www.safinel.fr\/de\/product-2\/yokebe\/\" \/>\n<meta property=\"og:site_name\" content=\"Safinel\" \/>\n<meta property=\"article:modified_time\" content=\"2023-12-28T17:15:20+00:00\" \/>\n<meta property=\"og:image\" content=\"https:\/\/www.safinel.fr\/wp-content\/uploads\/2022\/07\/huile-de-yokebe.jpg\" \/>\n\t<meta property=\"og:image:width\" content=\"600\" \/>\n\t<meta property=\"og:image:height\" content=\"600\" \/>\n\t<meta property=\"og:image:type\" content=\"image\/jpeg\" \/>\n<meta name=\"twitter:card\" content=\"summary_large_image\" \/>\n<meta name=\"twitter:label1\" content=\"Gesch\u00e4tzte Lesezeit\" \/>\n\t<meta name=\"twitter:data1\" content=\"3\u00a0Minuten\" \/>\n<script type=\"application\/ld+json\" class=\"yoast-schema-graph\">{\"@context\":\"https:\/\/schema.org\",\"@graph\":[{\"@type\":\"WebPage\",\"@id\":\"https:\/\/www.safinel.fr\/produit\/yokebe\/\",\"url\":\"https:\/\/www.safinel.fr\/produit\/yokebe\/\",\"name\":\"Yokebe suppositoire et huile I Aide au grossissement des fesses\",\"isPartOf\":{\"@id\":\"https:\/\/www.safinel.fr\/#website\"},\"primaryImageOfPage\":{\"@id\":\"https:\/\/www.safinel.fr\/produit\/yokebe\/#primaryimage\"},\"image\":{\"@id\":\"https:\/\/www.safinel.fr\/produit\/yokebe\/#primaryimage\"},\"thumbnailUrl\":\"https:\/\/www.safinel.fr\/wp-content\/uploads\/2022\/07\/huile-de-yokebe.jpg\",\"datePublished\":\"2022-07-06T23:41:08+00:00\",\"dateModified\":\"2023-12-28T17:15:20+00:00\",\"description\":\"Est-ce que vous avez d\u00e9j\u00e0 eu \u00e9cho de la fameuse\u00a0huile de Yokebe\u00a0? \u00c9galement trouv\u00e9e sous l\u2019orthographe\u00a0Yokobe. Adoptez-l\u00e0 !\",\"breadcrumb\":{\"@id\":\"https:\/\/www.safinel.fr\/produit\/yokebe\/#breadcrumb\"},\"inLanguage\":\"de\",\"potentialAction\":[{\"@type\":\"ReadAction\",\"target\":[\"https:\/\/www.safinel.fr\/produit\/yokebe\/\"]}]},{\"@type\":\"ImageObject\",\"inLanguage\":\"de\",\"@id\":\"https:\/\/www.safinel.fr\/produit\/yokebe\/#primaryimage\",\"url\":\"https:\/\/www.safinel.fr\/wp-content\/uploads\/2022\/07\/huile-de-yokebe.jpg\",\"contentUrl\":\"https:\/\/www.safinel.fr\/wp-content\/uploads\/2022\/07\/huile-de-yokebe.jpg\",\"width\":600,\"height\":600,\"caption\":\"Huile de yokebe\"},{\"@type\":\"BreadcrumbList\",\"@id\":\"https:\/\/www.safinel.fr\/produit\/yokebe\/#breadcrumb\",\"itemListElement\":[{\"@type\":\"ListItem\",\"position\":1,\"name\":\"Accueil\",\"item\":\"https:\/\/www.safinel.fr\/\"},{\"@type\":\"ListItem\",\"position\":2,\"name\":\"Boutique\",\"item\":\"https:\/\/www.safinel.fr\/boutique\/\"},{\"@type\":\"ListItem\",\"position\":3,\"name\":\"Huile de yokebe\"}]},{\"@type\":\"WebSite\",\"@id\":\"https:\/\/www.safinel.fr\/#website\",\"url\":\"https:\/\/www.safinel.fr\/\",\"name\":\"Safinel\",\"description\":\"\",\"publisher\":{\"@id\":\"https:\/\/www.safinel.fr\/#organization\"},\"potentialAction\":[{\"@type\":\"SearchAction\",\"target\":{\"@type\":\"EntryPoint\",\"urlTemplate\":\"https:\/\/www.safinel.fr\/?s={search_term_string}\"},\"query-input\":{\"@type\":\"PropertyValueSpecification\",\"valueRequired\":true,\"valueName\":\"search_term_string\"}}],\"inLanguage\":\"de\"},{\"@type\":\"Organization\",\"@id\":\"https:\/\/www.safinel.fr\/#organization\",\"name\":\"Safinel\",\"url\":\"https:\/\/www.safinel.fr\/\",\"logo\":{\"@type\":\"ImageObject\",\"inLanguage\":\"de\",\"@id\":\"https:\/\/www.safinel.fr\/#\/schema\/logo\/image\/\",\"url\":\"https:\/\/www.safinel.fr\/wp-content\/uploads\/2021\/05\/boutique-cosmetique.png\",\"contentUrl\":\"https:\/\/www.safinel.fr\/wp-content\/uploads\/2021\/05\/boutique-cosmetique.png\",\"width\":800,\"height\":200,\"caption\":\"Safinel\"},\"image\":{\"@id\":\"https:\/\/www.safinel.fr\/#\/schema\/logo\/image\/\"}}]}<\/script>\n<!-- \/ Yoast SEO plugin. -->","yoast_head_json":{"title":"Yokebe Z\u00e4pfchen und \u00d6l I Hilfe bei der Vergr\u00f6\u00dferung des Ges\u00e4\u00dfes","description":"Haben Sie schon einmal von dem ber\u00fchmten Yokebe-\u00d6l geh\u00f6rt? Es wird auch unter der Schreibweise Yokobe gefunden. \u00dcbernehmen Sie es!","robots":{"index":"index","follow":"follow","max-snippet":"max-snippet:-1","max-image-preview":"max-image-preview:large","max-video-preview":"max-video-preview:-1"},"canonical":"https:\/\/www.safinel.fr\/de\/product-2\/yokebe\/","og_locale":"de_DE","og_type":"article","og_title":"Yokebe suppositoire et huile I Aide au grossissement des fesses","og_description":"Est-ce que vous avez d\u00e9j\u00e0 eu \u00e9cho de la fameuse\u00a0huile de Yokebe\u00a0? \u00c9galement trouv\u00e9e sous l\u2019orthographe\u00a0Yokobe. Adoptez-l\u00e0 !","og_url":"https:\/\/www.safinel.fr\/de\/product-2\/yokebe\/","og_site_name":"Safinel","article_modified_time":"2023-12-28T17:15:20+00:00","og_image":[{"width":600,"height":600,"url":"https:\/\/www.safinel.fr\/wp-content\/uploads\/2022\/07\/huile-de-yokebe.jpg","type":"image\/jpeg"}],"twitter_card":"summary_large_image","twitter_misc":{"Gesch\u00e4tzte Lesezeit":"3\u00a0Minuten"},"schema":{"@context":"https:\/\/schema.org","@graph":[{"@type":"WebPage","@id":"https:\/\/www.safinel.fr\/produit\/yokebe\/","url":"https:\/\/www.safinel.fr\/produit\/yokebe\/","name":"Yokebe Z\u00e4pfchen und \u00d6l I Hilfe bei der Vergr\u00f6\u00dferung des Ges\u00e4\u00dfes","isPartOf":{"@id":"https:\/\/www.safinel.fr\/#website"},"primaryImageOfPage":{"@id":"https:\/\/www.safinel.fr\/produit\/yokebe\/#primaryimage"},"image":{"@id":"https:\/\/www.safinel.fr\/produit\/yokebe\/#primaryimage"},"thumbnailUrl":"https:\/\/www.safinel.fr\/wp-content\/uploads\/2022\/07\/huile-de-yokebe.jpg","datePublished":"2022-07-06T23:41:08+00:00","dateModified":"2023-12-28T17:15:20+00:00","description":"Haben Sie schon einmal von dem ber\u00fchmten Yokebe-\u00d6l geh\u00f6rt? Es wird auch unter der Schreibweise Yokobe gefunden. \u00dcbernehmen Sie es!","breadcrumb":{"@id":"https:\/\/www.safinel.fr\/produit\/yokebe\/#breadcrumb"},"inLanguage":"de","potentialAction":[{"@type":"ReadAction","target":["https:\/\/www.safinel.fr\/produit\/yokebe\/"]}]},{"@type":"ImageObject","inLanguage":"de","@id":"https:\/\/www.safinel.fr\/produit\/yokebe\/#primaryimage","url":"https:\/\/www.safinel.fr\/wp-content\/uploads\/2022\/07\/huile-de-yokebe.jpg","contentUrl":"https:\/\/www.safinel.fr\/wp-content\/uploads\/2022\/07\/huile-de-yokebe.jpg","width":600,"height":600,"caption":"Huile de yokebe"},{"@type":"BreadcrumbList","@id":"https:\/\/www.safinel.fr\/produit\/yokebe\/#breadcrumb","itemListElement":[{"@type":"ListItem","position":1,"name":"Accueil","item":"https:\/\/www.safinel.fr\/"},{"@type":"ListItem","position":2,"name":"Boutique","item":"https:\/\/www.safinel.fr\/boutique\/"},{"@type":"ListItem","position":3,"name":"Huile de yokebe"}]},{"@type":"WebSite","@id":"https:\/\/www.safinel.fr\/#website","url":"https:\/\/www.safinel.fr\/","name":"Safinel","description":"","publisher":{"@id":"https:\/\/www.safinel.fr\/#organization"},"potentialAction":[{"@type":"SearchAction","target":{"@type":"EntryPoint","urlTemplate":"https:\/\/www.safinel.fr\/?s={search_term_string}"},"query-input":{"@type":"PropertyValueSpecification","valueRequired":true,"valueName":"search_term_string"}}],"inLanguage":"de"},{"@type":"Organization","@id":"https:\/\/www.safinel.fr\/#organization","name":"Safinel","url":"https:\/\/www.safinel.fr\/","logo":{"@type":"ImageObject","inLanguage":"de","@id":"https:\/\/www.safinel.fr\/#\/schema\/logo\/image\/","url":"https:\/\/www.safinel.fr\/wp-content\/uploads\/2021\/05\/boutique-cosmetique.png","contentUrl":"https:\/\/www.safinel.fr\/wp-content\/uploads\/2021\/05\/boutique-cosmetique.png","width":800,"height":200,"caption":"Safinel"},"image":{"@id":"https:\/\/www.safinel.fr\/#\/schema\/logo\/image\/"}}]}},"_links":{"self":[{"href":"https:\/\/www.safinel.fr\/de\/wp-json\/wp\/v2\/product\/1680","targetHints":{"allow":["GET"]}}],"collection":[{"href":"https:\/\/www.safinel.fr\/de\/wp-json\/wp\/v2\/product"}],"about":[{"href":"https:\/\/www.safinel.fr\/de\/wp-json\/wp\/v2\/types\/product"}],"wp:featuredmedia":[{"embeddable":true,"href":"https:\/\/www.safinel.fr\/de\/wp-json\/wp\/v2\/media\/1682"}],"wp:attachment":[{"href":"https:\/\/www.safinel.fr\/de\/wp-json\/wp\/v2\/media?parent=1680"}],"wp:term":[{"taxonomy":"product_brand","embeddable":true,"href":"https:\/\/www.safinel.fr\/de\/wp-json\/wp\/v2\/product_brand?post=1680"},{"taxonomy":"product_cat","embeddable":true,"href":"https:\/\/www.safinel.fr\/de\/wp-json\/wp\/v2\/product_cat?post=1680"},{"taxonomy":"product_tag","embeddable":true,"href":"https:\/\/www.safinel.fr\/de\/wp-json\/wp\/v2\/product_tag?post=1680"}],"curies":[{"name":"wp","href":"https:\/\/api.w.org\/{rel}","templated":true}]}}