{"id":1668,"date":"2022-07-06T18:43:39","date_gmt":"2022-07-06T18:43:39","guid":{"rendered":"https:\/\/www.safinel.fr\/?post_type=product&#038;p=1668"},"modified":"2025-10-15T10:10:52","modified_gmt":"2025-10-15T10:10:52","slug":"pebe","status":"publish","type":"product","link":"https:\/\/www.safinel.fr\/de\/product-2\/pebe\/","title":{"rendered":"P\u00e9b\u00e9 100g"},"content":{"rendered":"<p>Entdecken Sie den<strong>\u00a0peb\u00e9<\/strong>\u00a0ein Gew\u00fcrz, das mehr als einen Trick auf Lager hat!<\/p>\n<h2><strong>Pebe: die afrikanische Muskatnuss\u00a0<\/strong><\/h2>\n<p>Der Pebe bekannt auch unter dem Namen\u00a0<strong>afrikanische Muskatnuss\u00a0<\/strong>ist die Frucht eines mittelgro\u00dfen bis gro\u00dfen Baumes, der im tropischen Afrika beheimatet ist. Diese ist in Form von aromatischen ovalen Samen, die als Ersatz f\u00fcr Muskatnuss verwendet werden k\u00f6nnen. Diese ovalen Samen stammen von einer Waldpflanze im tropischen Afrika und werden nach dem Pfl\u00fccken getrocknet.<\/p>\n<p>Die Samen werden als W\u00fcrzmittel in der K\u00fcche und sogar in der traditionellen Medizin verwendet, da ihr starkes und angenehmes Aroma beim Kochen erhalten bleibt. Der Geschmack ist dem der Muskatnuss sehr \u00e4hnlich, weshalb die Samen auch afrikanische Muskatnuss genannt werden. Schlie\u00dflich \u00e4hnelt der Geruch und Geschmack des Samens der uns bekannten Muskatnuss.<\/p>\n<p>Seine Bl\u00fcten sind duftend und besitzen orangegelbe, rot gefleckte \u00e4u\u00dfere Bl\u00fctenbl\u00e4tter. Die kugelf\u00f6rmige Frucht kann einen Durchmesser von bis zu 15 cm erreichen und verbirgt zahlreiche Samen, die in einem wei\u00dfen Fruchtfleisch eingebettet sind.<\/p>\n<p>Die\u00a0<strong>Samen\u00a0<\/strong>werden als\u00a0<strong>Gew\u00fcrze<\/strong>\u00a0und\u00a0<strong>Gew\u00fcrze<\/strong>\u00a0nach dem Trocknen oder R\u00f6sten.<\/p>\n<h2><strong>Die Vorteile von Pebe\u00a0<\/strong><\/h2>\n<p>Pebe hat einige Vorteile, die Sie nicht unber\u00fchrt lassen werden. Daher wollen wir uns diese gleich einmal ansehen:<\/p>\n<ul>\n<li>Dieser geh\u00f6rt zu den Produkten, die in den\u00a0<strong>Behandlung von Fieber.<\/strong><\/li>\n<li>Er ist n\u00fctzlich f\u00fcr\u00a0<strong>Verstopfung lindern<\/strong>\u00a0wenn dieser ger\u00f6stet ist, und gegen Migr\u00e4ne, wenn er auf die Stirn aufgetragen wird.<\/li>\n<li>Er dient auch dazu\u00a0<strong>L\u00e4use bek\u00e4mpfen\u00a0<\/strong>wenn es mit Palm- oder Palmkern\u00f6l vermischt wird.<\/li>\n<li>Pebe besitzt auch eine stimulierende Wirkung.<\/li>\n<li>Dar\u00fcber hinaus wird es in Westafrika auch zur Behandlung von H\u00e4morrhoiden, schweren Beinen und Cellulite eingesetzt.<\/li>\n<li>Schlie\u00dflich kann er aufgrund seines Limonengehalts auch als Mittel gegen Fettleibigkeit angesehen werden.<\/li>\n<\/ul>\n<h2><strong>Art der Verwendung des Pebe\u00a0<\/strong><\/h2>\n<p>Sie fragen sich, wie man Peb\u00e9 konsumiert? Wir sagen Ihnen alles!<\/p>\n<ul>\n<li>Wenn Sie Ihre Gerichte w\u00fcrzen m\u00f6chten, kann Ihnen die afrikanische Muskatnuss dabei helfen. Dieses Gew\u00fcrz wird n\u00e4mlich dazu dienen, Ihren Gerichten Geschmack zu verleihen.<\/li>\n<li>Um sie als Gew\u00fcrz zu verwenden, m\u00fcssen Sie die Schale der N\u00fcsse entfernen und sie vor der Verwendung zerkleinern.<\/li>\n<\/ul>\n<h3><strong>Entdecken Sie auch das Gew\u00fcrz des afrikanischen langen Pfeffers<\/strong><\/h3>\n<p>Dieser Pfeffer stammt von der Liane Piper Longum und wird auch Java-Pfeffer oder Langer Pfeffer genannt. Er ist in Indien beheimatet und kommt wild im Himalaya vor.<\/p>\n<p>Diese Frucht \u00e4hnelt einer Infrueszenz, die einige Zentimeter lang ist. Genau wie der normale schwarze Pfeffer ist unsere <a href=\"https:\/\/www.safinel.fr\/de\/product-2\/afrikanischer-pfeffer\/\"><strong>langer Pfeffer<\/strong><\/a> Frucht enth\u00e4lt Piperin und ein Alkaloid, das ihr das scharfe Aroma verleiht.<\/p>\n<p>Allerdings ist zu beachten, dass dieser\u00a0<strong>piper longum<\/strong>\u00a0ist der erste, der nach Europa exportiert wurde! Seitdem hat er es geschafft, unsere Teller zu verf\u00fchren.<\/p>\n<p>Unser Shop\u00a0<strong>Safinel\u00a0<\/strong>bietet Ihnen dieses Gew\u00fcrz in seiner Rohform an, damit Sie das Beste aus dieser Sorte herausholen k\u00f6nnen. Au\u00dferdem bietet Ihnen dieses Gew\u00fcrz zahlreiche Vorteile, die nicht zu vernachl\u00e4ssigen sind. Eine dieser Tugenden ist, dass es ein nat\u00fcrlicher Vasodilatator ist und somit gegen Bluthochdruck hilft.<\/p>","protected":false},"excerpt":{"rendered":"<p>Entdecken Sie das P\u00e9b\u00e9, ein Gew\u00fcrz, das mehr als nur eine Facette hat! Das P\u00e9b\u00e9: die afrikanische Muskatnuss  Das P\u00e9b\u00e9, auch bekannt als afrikanische Muskatnuss, ist die Frucht eines mittelgro\u00dfen bis gro\u00dfen Baumes, der in tropischen Regionen Afrikas heimisch ist. Es handelt sich um ovale, aromatische Samen, die [\u2026]","protected":false},"featured_media":1669,"template":"","meta":[],"product_brand":[],"product_cat":[44,169],"product_tag":[],"class_list":{"0":"post-1668","1":"product","2":"type-product","3":"status-publish","4":"has-post-thumbnail","6":"product_cat-epices","7":"product_cat-epices-du-monde","9":"first","10":"outofstock","11":"shipping-taxable","12":"purchasable","13":"product-type-simple"},"yoast_head":"<!-- This site is optimized with the Yoast SEO plugin v26.6 - https:\/\/yoast.com\/wordpress\/plugins\/seo\/ -->\n<title>P\u00e9b\u00e9 I Noix de muscade africaine\u00a0I Bienfaits nombreux<\/title>\n<meta name=\"description\" content=\"D\u00e9couvrez le\u00a0p\u00e9b\u00e9\u00a0une \u00e9pice qui a plus d\u2019un tour dans son sac !\u00a0 Noix de muscade africaine aux bienfaits nombreux !\" \/>\n<meta name=\"robots\" content=\"index, follow, max-snippet:-1, max-image-preview:large, max-video-preview:-1\" \/>\n<link rel=\"canonical\" href=\"https:\/\/www.safinel.fr\/de\/product-2\/pebe\/\" \/>\n<meta property=\"og:locale\" content=\"de_DE\" \/>\n<meta property=\"og:type\" content=\"article\" \/>\n<meta property=\"og:title\" content=\"P\u00e9b\u00e9 I Noix de muscade africaine\u00a0I Bienfaits nombreux\" \/>\n<meta property=\"og:description\" content=\"D\u00e9couvrez le\u00a0p\u00e9b\u00e9\u00a0une \u00e9pice qui a plus d\u2019un tour dans son sac !\u00a0 Noix de muscade africaine aux bienfaits nombreux !\" \/>\n<meta property=\"og:url\" content=\"https:\/\/www.safinel.fr\/de\/product-2\/pebe\/\" \/>\n<meta property=\"og:site_name\" content=\"Safinel\" \/>\n<meta property=\"article:modified_time\" content=\"2025-10-15T10:10:52+00:00\" \/>\n<meta property=\"og:image\" content=\"https:\/\/www.safinel.fr\/wp-content\/uploads\/2022\/07\/pebe-noix-de-muscade.jpg\" \/>\n\t<meta property=\"og:image:width\" content=\"600\" \/>\n\t<meta property=\"og:image:height\" content=\"600\" \/>\n\t<meta property=\"og:image:type\" content=\"image\/jpeg\" \/>\n<meta name=\"twitter:card\" content=\"summary_large_image\" \/>\n<meta name=\"twitter:label1\" content=\"Gesch\u00e4tzte Lesezeit\" \/>\n\t<meta name=\"twitter:data1\" content=\"3\u00a0Minuten\" \/>\n<script type=\"application\/ld+json\" class=\"yoast-schema-graph\">{\"@context\":\"https:\/\/schema.org\",\"@graph\":[{\"@type\":\"WebPage\",\"@id\":\"https:\/\/www.safinel.fr\/produit\/pebe\/\",\"url\":\"https:\/\/www.safinel.fr\/produit\/pebe\/\",\"name\":\"P\u00e9b\u00e9 I Noix de muscade africaine\u00a0I Bienfaits nombreux\",\"isPartOf\":{\"@id\":\"https:\/\/www.safinel.fr\/#website\"},\"primaryImageOfPage\":{\"@id\":\"https:\/\/www.safinel.fr\/produit\/pebe\/#primaryimage\"},\"image\":{\"@id\":\"https:\/\/www.safinel.fr\/produit\/pebe\/#primaryimage\"},\"thumbnailUrl\":\"https:\/\/www.safinel.fr\/wp-content\/uploads\/2022\/07\/pebe-noix-de-muscade.jpg\",\"datePublished\":\"2022-07-06T18:43:39+00:00\",\"dateModified\":\"2025-10-15T10:10:52+00:00\",\"description\":\"D\u00e9couvrez le\u00a0p\u00e9b\u00e9\u00a0une \u00e9pice qui a plus d\u2019un tour dans son sac !\u00a0 Noix de muscade africaine aux bienfaits nombreux !\",\"breadcrumb\":{\"@id\":\"https:\/\/www.safinel.fr\/produit\/pebe\/#breadcrumb\"},\"inLanguage\":\"de\",\"potentialAction\":[{\"@type\":\"ReadAction\",\"target\":[\"https:\/\/www.safinel.fr\/produit\/pebe\/\"]}]},{\"@type\":\"ImageObject\",\"inLanguage\":\"de\",\"@id\":\"https:\/\/www.safinel.fr\/produit\/pebe\/#primaryimage\",\"url\":\"https:\/\/www.safinel.fr\/wp-content\/uploads\/2022\/07\/pebe-noix-de-muscade.jpg\",\"contentUrl\":\"https:\/\/www.safinel.fr\/wp-content\/uploads\/2022\/07\/pebe-noix-de-muscade.jpg\",\"width\":600,\"height\":600,\"caption\":\"p\u00e9b\u00e9 noix de muscade\"},{\"@type\":\"BreadcrumbList\",\"@id\":\"https:\/\/www.safinel.fr\/produit\/pebe\/#breadcrumb\",\"itemListElement\":[{\"@type\":\"ListItem\",\"position\":1,\"name\":\"Accueil\",\"item\":\"https:\/\/www.safinel.fr\/\"},{\"@type\":\"ListItem\",\"position\":2,\"name\":\"Boutique\",\"item\":\"https:\/\/www.safinel.fr\/boutique\/\"},{\"@type\":\"ListItem\",\"position\":3,\"name\":\"P\u00e9b\u00e9 100g\"}]},{\"@type\":\"WebSite\",\"@id\":\"https:\/\/www.safinel.fr\/#website\",\"url\":\"https:\/\/www.safinel.fr\/\",\"name\":\"Safinel\",\"description\":\"\",\"publisher\":{\"@id\":\"https:\/\/www.safinel.fr\/#organization\"},\"potentialAction\":[{\"@type\":\"SearchAction\",\"target\":{\"@type\":\"EntryPoint\",\"urlTemplate\":\"https:\/\/www.safinel.fr\/?s={search_term_string}\"},\"query-input\":{\"@type\":\"PropertyValueSpecification\",\"valueRequired\":true,\"valueName\":\"search_term_string\"}}],\"inLanguage\":\"de\"},{\"@type\":\"Organization\",\"@id\":\"https:\/\/www.safinel.fr\/#organization\",\"name\":\"Safinel\",\"url\":\"https:\/\/www.safinel.fr\/\",\"logo\":{\"@type\":\"ImageObject\",\"inLanguage\":\"de\",\"@id\":\"https:\/\/www.safinel.fr\/#\/schema\/logo\/image\/\",\"url\":\"https:\/\/www.safinel.fr\/wp-content\/uploads\/2021\/05\/boutique-cosmetique.png\",\"contentUrl\":\"https:\/\/www.safinel.fr\/wp-content\/uploads\/2021\/05\/boutique-cosmetique.png\",\"width\":800,\"height\":200,\"caption\":\"Safinel\"},\"image\":{\"@id\":\"https:\/\/www.safinel.fr\/#\/schema\/logo\/image\/\"}}]}<\/script>\n<!-- \/ Yoast SEO plugin. -->","yoast_head_json":{"title":"P\u00e9b\u00e9 I Afrikanische Muskatnuss I Zahlreiche Vorteile","description":"Entdecken Sie Pebe, ein Gew\u00fcrz, das mehr als einen Trick auf Lager hat!  Afrikanische Muskatnuss mit vielen Vorteilen!","robots":{"index":"index","follow":"follow","max-snippet":"max-snippet:-1","max-image-preview":"max-image-preview:large","max-video-preview":"max-video-preview:-1"},"canonical":"https:\/\/www.safinel.fr\/de\/product-2\/pebe\/","og_locale":"de_DE","og_type":"article","og_title":"P\u00e9b\u00e9 I Noix de muscade africaine\u00a0I Bienfaits nombreux","og_description":"D\u00e9couvrez le\u00a0p\u00e9b\u00e9\u00a0une \u00e9pice qui a plus d\u2019un tour dans son sac !\u00a0 Noix de muscade africaine aux bienfaits nombreux !","og_url":"https:\/\/www.safinel.fr\/de\/product-2\/pebe\/","og_site_name":"Safinel","article_modified_time":"2025-10-15T10:10:52+00:00","og_image":[{"width":600,"height":600,"url":"https:\/\/www.safinel.fr\/wp-content\/uploads\/2022\/07\/pebe-noix-de-muscade.jpg","type":"image\/jpeg"}],"twitter_card":"summary_large_image","twitter_misc":{"Gesch\u00e4tzte Lesezeit":"3\u00a0Minuten"},"schema":{"@context":"https:\/\/schema.org","@graph":[{"@type":"WebPage","@id":"https:\/\/www.safinel.fr\/produit\/pebe\/","url":"https:\/\/www.safinel.fr\/produit\/pebe\/","name":"P\u00e9b\u00e9 I Afrikanische Muskatnuss I Zahlreiche Vorteile","isPartOf":{"@id":"https:\/\/www.safinel.fr\/#website"},"primaryImageOfPage":{"@id":"https:\/\/www.safinel.fr\/produit\/pebe\/#primaryimage"},"image":{"@id":"https:\/\/www.safinel.fr\/produit\/pebe\/#primaryimage"},"thumbnailUrl":"https:\/\/www.safinel.fr\/wp-content\/uploads\/2022\/07\/pebe-noix-de-muscade.jpg","datePublished":"2022-07-06T18:43:39+00:00","dateModified":"2025-10-15T10:10:52+00:00","description":"Entdecken Sie Pebe, ein Gew\u00fcrz, das mehr als einen Trick auf Lager hat!  Afrikanische Muskatnuss mit vielen Vorteilen!","breadcrumb":{"@id":"https:\/\/www.safinel.fr\/produit\/pebe\/#breadcrumb"},"inLanguage":"de","potentialAction":[{"@type":"ReadAction","target":["https:\/\/www.safinel.fr\/produit\/pebe\/"]}]},{"@type":"ImageObject","inLanguage":"de","@id":"https:\/\/www.safinel.fr\/produit\/pebe\/#primaryimage","url":"https:\/\/www.safinel.fr\/wp-content\/uploads\/2022\/07\/pebe-noix-de-muscade.jpg","contentUrl":"https:\/\/www.safinel.fr\/wp-content\/uploads\/2022\/07\/pebe-noix-de-muscade.jpg","width":600,"height":600,"caption":"p\u00e9b\u00e9 noix de muscade"},{"@type":"BreadcrumbList","@id":"https:\/\/www.safinel.fr\/produit\/pebe\/#breadcrumb","itemListElement":[{"@type":"ListItem","position":1,"name":"Accueil","item":"https:\/\/www.safinel.fr\/"},{"@type":"ListItem","position":2,"name":"Boutique","item":"https:\/\/www.safinel.fr\/boutique\/"},{"@type":"ListItem","position":3,"name":"P\u00e9b\u00e9 100g"}]},{"@type":"WebSite","@id":"https:\/\/www.safinel.fr\/#website","url":"https:\/\/www.safinel.fr\/","name":"Safinel","description":"","publisher":{"@id":"https:\/\/www.safinel.fr\/#organization"},"potentialAction":[{"@type":"SearchAction","target":{"@type":"EntryPoint","urlTemplate":"https:\/\/www.safinel.fr\/?s={search_term_string}"},"query-input":{"@type":"PropertyValueSpecification","valueRequired":true,"valueName":"search_term_string"}}],"inLanguage":"de"},{"@type":"Organization","@id":"https:\/\/www.safinel.fr\/#organization","name":"Safinel","url":"https:\/\/www.safinel.fr\/","logo":{"@type":"ImageObject","inLanguage":"de","@id":"https:\/\/www.safinel.fr\/#\/schema\/logo\/image\/","url":"https:\/\/www.safinel.fr\/wp-content\/uploads\/2021\/05\/boutique-cosmetique.png","contentUrl":"https:\/\/www.safinel.fr\/wp-content\/uploads\/2021\/05\/boutique-cosmetique.png","width":800,"height":200,"caption":"Safinel"},"image":{"@id":"https:\/\/www.safinel.fr\/#\/schema\/logo\/image\/"}}]}},"_links":{"self":[{"href":"https:\/\/www.safinel.fr\/de\/wp-json\/wp\/v2\/product\/1668","targetHints":{"allow":["GET"]}}],"collection":[{"href":"https:\/\/www.safinel.fr\/de\/wp-json\/wp\/v2\/product"}],"about":[{"href":"https:\/\/www.safinel.fr\/de\/wp-json\/wp\/v2\/types\/product"}],"wp:featuredmedia":[{"embeddable":true,"href":"https:\/\/www.safinel.fr\/de\/wp-json\/wp\/v2\/media\/1669"}],"wp:attachment":[{"href":"https:\/\/www.safinel.fr\/de\/wp-json\/wp\/v2\/media?parent=1668"}],"wp:term":[{"taxonomy":"product_brand","embeddable":true,"href":"https:\/\/www.safinel.fr\/de\/wp-json\/wp\/v2\/product_brand?post=1668"},{"taxonomy":"product_cat","embeddable":true,"href":"https:\/\/www.safinel.fr\/de\/wp-json\/wp\/v2\/product_cat?post=1668"},{"taxonomy":"product_tag","embeddable":true,"href":"https:\/\/www.safinel.fr\/de\/wp-json\/wp\/v2\/product_tag?post=1668"}],"curies":[{"name":"wp","href":"https:\/\/api.w.org\/{rel}","templated":true}]}}