{"id":1664,"date":"2022-07-06T18:27:02","date_gmt":"2022-07-06T18:27:02","guid":{"rendered":"https:\/\/www.safinel.fr\/?post_type=product&#038;p=1664"},"modified":"2024-02-21T11:03:02","modified_gmt":"2024-02-21T11:03:02","slug":"turkesteronpulver","status":"publish","type":"product","link":"https:\/\/www.safinel.fr\/de\/product-2\/turkesteronpulver\/","title":{"rendered":"Turkesteron in Pulverform"},"content":{"rendered":"<p>Die<strong>\u00a0Turkesteron\u00a0<\/strong>kommt Ihnen das bekannt vor? Es handelt sich dabei um ein Nahrungserg\u00e4nzungsmittel, das bereits vor 1960 entdeckt wurde, aber erst seit kurzem bekannt ist. Es wurde vor allem in den \u00f6stlichen L\u00e4ndern verwendet, aber jetzt entdeckt auch die westliche Welt seine Vorteile! Daher ist es nun an Ihnen, herauszufinden, was es mit der<strong>\u00a0turkestrone.<\/strong><\/p>\n<h2><strong>Was ist Turkesteron?\u00a0<\/strong><\/h2>\n<p>Turkesteron ist ein\u00a0<strong>Substanz aus der Familie der Ecdysteroide<\/strong>. Diese sind in Insekten zu finden, wo sie als Wachstumsfaktoren fungieren. Ihr Name leitet sich vom Wort ecdise ab, das f\u00fcr den Austausch des Panzers von Insekten steht, um ihr Wachstum zu erm\u00f6glichen. Dar\u00fcber hinaus gibt es viele Pflanzen, die Ecdysteroide enthalten. F\u00fcr diese stellen diese Stoffe einen Schutz vor ungeeigneten r\u00e4uberischen Insekten dar.<\/p>\n<p>Obwohl von\u00a0<strong>zahlreiche Pflanzen\u00a0<\/strong>Turkesteron und andere Ecdysteroide enthalten, treten diese nur in geringen Mengen auf. Dies macht es daher unm\u00f6glich, sie zu extrahieren. Daher l\u00e4sst sich dieser Stoff, der als Nahrungserg\u00e4nzungsmittel konsumiert wird, leicht aus Pflanzen wie Ajuga turkestanica und Rhaponticum carthamoides extrahieren. Denn diese Pflanzen haben eine h\u00f6here Konzentration der Substanz, was die Extraktion mit einer h\u00f6heren Ausbeute erm\u00f6glicht.<\/p>\n<p>Die Wirkung dieser Substanzen auf den menschlichen K\u00f6rper ist darauf zur\u00fcckzuf\u00fchren, dass sie strukturell den androgenen Steroiden, den m\u00e4nnlichen Hormonen, \u00e4hneln.<\/p>\n<p>Au\u00dferdem sollten wir verstehen, warum dieses Produkt in der Fitnesswelt weit verbreitet ist.<\/p>\n<h2><strong>Wozu dient Turkesteron?\u00a0<\/strong><\/h2>\n<p>Die Hauptwirkung dieser Substanz im menschlichen K\u00f6rper zieht die Aufmerksamkeit auf sich. Tats\u00e4chlich verspricht dieser\u00a0<strong>zu Anabolismus f\u00fchren<\/strong>, n\u00e4mlich den Aufbau von fettfreier K\u00f6rpermasse. Und das ohne die Nebenwirkungen der aus Testosteron gewonnenen Hormone. Dies ist der verzehrende Traum vieler Sportpraktiker, die auf die Steigerung der Muskelmasse, die Hypertrophie, abzielen.<\/p>\n<p>Obwohl sie zu diesem Zweck verwendet werden, sind die\u00a0<strong>Androgenhormone\u00a0<\/strong>haben eine Reihe von Nebenwirkungen, die ihre Sicherheit beeintr\u00e4chtigen und Folgen haben k\u00f6nnen.<\/p>\n<p>Andererseits ist die<strong>\u00a0Turkesteron<\/strong>\u00a0hilft bei der Muskelvergr\u00f6\u00dferung ohne Nebenwirkungen, und das sogar bei hohen Dosen. Ebenso kann dieses Produkt neben der Wirkung auf die Muskeln auch andere gesundheitliche Vorteile mit sich bringen. Es kann auch :<\/p>\n<ul>\n<li>In erster Linie zur Senkung des Cholesterinspiegels f\u00fchren ;<\/li>\n<li>Blutzuckerspiegel senken, hilft bei der Kontrolle von Diabetes ;<\/li>\n<li><strong>Verbesserung des Kohlenhydrat- und Fettstoffwechsels, <a href=\"https:\/\/www.safinel.fr\/de\/product-2\/kirschschwanze\/\">indem sie bei der Gewichtsabnahme helfen<\/a><\/strong>\u00a0;<\/li>\n<li>Verbesserung der Gesundheit von Leber, Nieren und Darm ;<\/li>\n<li>M\u00f6glicherweise sch\u00fctzende Wirkung auf das Nervengewebe ;<\/li>\n<li>Au\u00dferdem die Schlafqualit\u00e4t verbessern ;<\/li>\n<li>Libido steigern ;<\/li>\n<li>Entz\u00fcndungshemmende und antioxidative Wirkungen haben ;<\/li>\n<li>Schlie\u00dflich das Immunsystem verbessern.<\/li>\n<\/ul>\n<h2><strong>Zoom auf die anabolen Effekte von Turkesteron<\/strong><\/h2>\n<p>Obwohl mehr Humanstudien erforderlich sind, um die positiven Auswirkungen dieser Substanz auf den Aufbau fettfreier Masse und die k\u00f6rperliche Leistungsf\u00e4higkeit besser zu untermauern. Die aktuellen Studien zeigen bereits das gro\u00dfe Potenzial dieser Substanz.<\/p>\n<p>Die Hauptwirkung dieses gemeldeten Produkts, die zum Anabolismus f\u00fchrt, ist die\u2019<strong>Steigerung der Proteinsynthese<\/strong>. Muskeln bestehen n\u00e4mlich haupts\u00e4chlich aus Proteinen, was die Bildung von Muskelgewebe, die sogenannte Hypertrophie, erleichtert. Dieser Effekt scheint nicht auf eine direkte Aktivierung der Androgenrezeptoren oder einen Anstieg des Testosteronspiegels zur\u00fcckzuf\u00fchren zu sein.<\/p>\n<p>Dar\u00fcber hinaus haben einige Studien gezeigt, dass es zu einer Erh\u00f6hung der Muskelglykogenkonzentration kommen k\u00f6nnte. Sowie eine Anregung der Synthese von ATP, einem Molek\u00fcl, das die von den Zellen produzierte Energie speichert. Das bedeutet, dass mehr Energie f\u00fcr Muskelkontraktionen zur Verf\u00fcgung steht und die k\u00f6rperliche Leistungsf\u00e4higkeit verbessert wird. Ebenso f\u00f6rdert ein intensiveres Training eine st\u00e4rkere Stimulation der Proteinsynthese.<\/p>\n<p>Eine weitere Wohltat f\u00fcr die\u00a0<strong>Muskelgesundheit\u00a0<\/strong>w\u00e4re die Hilfe beim Abbau von Milchs\u00e4ure, die im Stoffwechsel entsteht. Und die die Kontraktion der Muskelfasern beeintr\u00e4chtigen kann. Dies f\u00fchrt zu einer Verringerung der Muskelerm\u00fcdung.<\/p>\n<h2><strong>Welche Nebenwirkungen hat dieses Produkt?\u00a0<\/strong><\/h2>\n<p>Bis jetzt,\u00a0<strong>keine Nebenwirkungen<\/strong>\u00a0wurde in allen Studien nicht genannt. Tats\u00e4chlich gab es keine Ver\u00e4nderungen bei den Parametern, die durch den Spiegel der Sexualhormone beeinflusst werden. Wie z. B. die Entwicklung der Prostata und der Samenblasen bei m\u00e4nnlichen Ratten und keine Auswirkungen auf die Geb\u00e4rmutter der Ratte. Ebenso keine Auswirkungen auf den Testosteron- oder \u00d6strogenspiegel.<\/p>\n<p>Ecdysteroide sind f\u00fcr die orale Anwendung sicher. Die einzige Empfehlung ist, dass Turkestein mit bestimmten Mahlzeiten eingenommen werden sollte. Es kann \u00dcbelkeit verursachen, wenn der Magen leer ist.<\/p>\n<p>Auch wenn Sie ein Medikament oder eine Behandlung einnehmen, sollten Sie wie bei allen anderen Nahrungserg\u00e4nzungsmitteln einen Arzt konsultieren.<\/p>\n<h2><strong>Wie wird Turkesteron konsumiert?\u00a0<\/strong><\/h2>\n<p>In Bezug auf die Dosierung reicht dies von\u00a0<strong>200 bis 300 mg<\/strong>. Das ist in der Regel das, was f\u00fcr das h\u00e4ufigste Ziel verwendet wird, n\u00e4mlich den Aufbau von fettfreier K\u00f6rpermasse. Dennoch ist es ratsam, sich von seinem Arzt und Ern\u00e4hrungsberater beraten zu lassen, um die beste Dosierung f\u00fcr sich selbst zu verstehen.<\/p>\n<p>Dar\u00fcber hinaus ist es wichtig, sich daran zu erinnern, dass die Einnahme jeglicher Nahrungserg\u00e4nzungsmittel ohne das entsprechende Ma\u00df an k\u00f6rperlicher Aktivit\u00e4t und eine ausgewogene Ern\u00e4hrung keine Ergebnisse bringt. Es sollte mit k\u00f6rperlicher Aktivit\u00e4t kombiniert werden, damit die Wirkung potenziert wird. Ebenso sollte man auch eine ausreichende Zufuhr von N\u00e4hrstoffen haben, die der Rohstoff f\u00fcr die Ver\u00e4nderungen in Ihrem K\u00f6rper sind.<\/p>\n<p>Schlie\u00dflich kann jeder Mensch unterschiedlich auf Turkesteron-Supplementierung reagieren, wie auf viele andere Nahrungserg\u00e4nzungsmittel und sogar Medikamente. Wenden Sie sich deshalb an Ihren Arzt oder Ern\u00e4hrungsberater und machen Sie einen Test, um zu sehen, ob es f\u00fcr Sie vorteilhaft und gesund ist.<\/p>\n<h3><strong>Schlussfolgerung zu Turkesteron\u00a0<\/strong><\/h3>\n<p>Wie wir gerade gesehen haben,<strong>\u00a0Turkesteron<\/strong>\u00a0ist ein vielversprechendes Ecdysteroid und ist auch heute noch ein sehr beliebtes Produkt auf dem Markt.<\/p>\n<p>Obwohl seine Wirksamkeit in Tierstudien nachgewiesen wurde, gibt es noch keine umfassende Forschung am Menschen, die seine Wirksamkeit unterst\u00fctzt.<\/p>\n<p>Dennoch scheinen viele Menschen mit der Einnahme von Turkesteron hervorragende Ergebnisse zu erzielen. Sowohl in Bezug auf die Muskelmasse als auch auf die Kraft. Dies wird also viele Sportler dazu veranlassen, es auszuprobieren.<\/p>","protected":false},"excerpt":{"rendered":"<p>Sagt Ihnen der Begriff \u201eTurkesteron\u201d etwas? Es handelt sich um ein Nahrungserg\u00e4nzungsmittel, das bereits vor 1960 entdeckt wurde, aber erst seit kurzem bekannt ist. Es wird vor allem in osteurop\u00e4ischen L\u00e4ndern verwendet, doch nun entdeckt auch die westliche Welt seine Vorteile! Entdecken Sie nun selbst, was Turkesteron ist. Was ist Turkesteron?  Turkesteron ist eine Substanz aus [\u2026]","protected":false},"featured_media":1667,"template":"","meta":[],"product_brand":[],"product_cat":[15],"product_tag":[],"class_list":{"0":"post-1664","1":"product","2":"type-product","3":"status-publish","4":"has-post-thumbnail","6":"product_cat-fertilite","8":"first","9":"outofstock","10":"shipping-taxable","11":"purchasable","12":"product-type-variable"},"yoast_head":"<!-- This site is optimized with the Yoast SEO plugin v26.6 - https:\/\/yoast.com\/wordpress\/plugins\/seo\/ -->\n<title>Turkesterone en poudre I Contenance 100g I Achat rapide en ligne<\/title>\n<meta name=\"description\" content=\"La\u00a0turkesterone\u00a0\u00e7a vous dit quelque chose ? Il s\u2019agit d\u2019un compl\u00e9ment alimentaire d\u00e9couvert avant 1960, mais que r\u00e9cemment devenu c\u00e9l\u00e8bre.\" \/>\n<meta name=\"robots\" content=\"index, follow, max-snippet:-1, max-image-preview:large, max-video-preview:-1\" \/>\n<link rel=\"canonical\" href=\"https:\/\/www.safinel.fr\/de\/product-2\/turkesteronpulver\/\" \/>\n<meta property=\"og:locale\" content=\"de_DE\" \/>\n<meta property=\"og:type\" content=\"article\" \/>\n<meta property=\"og:title\" content=\"Turkesterone en poudre I Contenance 100g I Achat rapide en ligne\" \/>\n<meta property=\"og:description\" content=\"La\u00a0turkesterone\u00a0\u00e7a vous dit quelque chose ? Il s\u2019agit d\u2019un compl\u00e9ment alimentaire d\u00e9couvert avant 1960, mais que r\u00e9cemment devenu c\u00e9l\u00e8bre.\" \/>\n<meta property=\"og:url\" content=\"https:\/\/www.safinel.fr\/de\/product-2\/turkesteronpulver\/\" \/>\n<meta property=\"og:site_name\" content=\"Safinel\" \/>\n<meta property=\"article:modified_time\" content=\"2024-02-21T11:03:02+00:00\" \/>\n<meta property=\"og:image\" content=\"https:\/\/www.safinel.fr\/wp-content\/uploads\/2022\/07\/turkesterone.jpg\" \/>\n\t<meta property=\"og:image:width\" content=\"600\" \/>\n\t<meta property=\"og:image:height\" content=\"600\" \/>\n\t<meta property=\"og:image:type\" content=\"image\/jpeg\" \/>\n<meta name=\"twitter:card\" content=\"summary_large_image\" \/>\n<meta name=\"twitter:label1\" content=\"Gesch\u00e4tzte Lesezeit\" \/>\n\t<meta name=\"twitter:data1\" content=\"6\u00a0Minuten\" \/>\n<script type=\"application\/ld+json\" class=\"yoast-schema-graph\">{\"@context\":\"https:\/\/schema.org\",\"@graph\":[{\"@type\":\"WebPage\",\"@id\":\"https:\/\/www.safinel.fr\/produit\/turkesterone-en-poudre\/\",\"url\":\"https:\/\/www.safinel.fr\/produit\/turkesterone-en-poudre\/\",\"name\":\"Turkesterone en poudre I Contenance 100g I Achat rapide en ligne\",\"isPartOf\":{\"@id\":\"https:\/\/www.safinel.fr\/#website\"},\"primaryImageOfPage\":{\"@id\":\"https:\/\/www.safinel.fr\/produit\/turkesterone-en-poudre\/#primaryimage\"},\"image\":{\"@id\":\"https:\/\/www.safinel.fr\/produit\/turkesterone-en-poudre\/#primaryimage\"},\"thumbnailUrl\":\"https:\/\/www.safinel.fr\/wp-content\/uploads\/2022\/07\/turkesterone.jpg\",\"datePublished\":\"2022-07-06T18:27:02+00:00\",\"dateModified\":\"2024-02-21T11:03:02+00:00\",\"description\":\"La\u00a0turkesterone\u00a0\u00e7a vous dit quelque chose ? Il s\u2019agit d\u2019un compl\u00e9ment alimentaire d\u00e9couvert avant 1960, mais que r\u00e9cemment devenu c\u00e9l\u00e8bre.\",\"breadcrumb\":{\"@id\":\"https:\/\/www.safinel.fr\/produit\/turkesterone-en-poudre\/#breadcrumb\"},\"inLanguage\":\"de\",\"potentialAction\":[{\"@type\":\"ReadAction\",\"target\":[\"https:\/\/www.safinel.fr\/produit\/turkesterone-en-poudre\/\"]}]},{\"@type\":\"ImageObject\",\"inLanguage\":\"de\",\"@id\":\"https:\/\/www.safinel.fr\/produit\/turkesterone-en-poudre\/#primaryimage\",\"url\":\"https:\/\/www.safinel.fr\/wp-content\/uploads\/2022\/07\/turkesterone.jpg\",\"contentUrl\":\"https:\/\/www.safinel.fr\/wp-content\/uploads\/2022\/07\/turkesterone.jpg\",\"width\":600,\"height\":600,\"caption\":\"Turkesterone en poudre\"},{\"@type\":\"BreadcrumbList\",\"@id\":\"https:\/\/www.safinel.fr\/produit\/turkesterone-en-poudre\/#breadcrumb\",\"itemListElement\":[{\"@type\":\"ListItem\",\"position\":1,\"name\":\"Accueil\",\"item\":\"https:\/\/www.safinel.fr\/\"},{\"@type\":\"ListItem\",\"position\":2,\"name\":\"Boutique\",\"item\":\"https:\/\/www.safinel.fr\/boutique\/\"},{\"@type\":\"ListItem\",\"position\":3,\"name\":\"Turkesterone en poudre\"}]},{\"@type\":\"WebSite\",\"@id\":\"https:\/\/www.safinel.fr\/#website\",\"url\":\"https:\/\/www.safinel.fr\/\",\"name\":\"Safinel\",\"description\":\"\",\"publisher\":{\"@id\":\"https:\/\/www.safinel.fr\/#organization\"},\"potentialAction\":[{\"@type\":\"SearchAction\",\"target\":{\"@type\":\"EntryPoint\",\"urlTemplate\":\"https:\/\/www.safinel.fr\/?s={search_term_string}\"},\"query-input\":{\"@type\":\"PropertyValueSpecification\",\"valueRequired\":true,\"valueName\":\"search_term_string\"}}],\"inLanguage\":\"de\"},{\"@type\":\"Organization\",\"@id\":\"https:\/\/www.safinel.fr\/#organization\",\"name\":\"Safinel\",\"url\":\"https:\/\/www.safinel.fr\/\",\"logo\":{\"@type\":\"ImageObject\",\"inLanguage\":\"de\",\"@id\":\"https:\/\/www.safinel.fr\/#\/schema\/logo\/image\/\",\"url\":\"https:\/\/www.safinel.fr\/wp-content\/uploads\/2021\/05\/boutique-cosmetique.png\",\"contentUrl\":\"https:\/\/www.safinel.fr\/wp-content\/uploads\/2021\/05\/boutique-cosmetique.png\",\"width\":800,\"height\":200,\"caption\":\"Safinel\"},\"image\":{\"@id\":\"https:\/\/www.safinel.fr\/#\/schema\/logo\/image\/\"}}]}<\/script>\n<!-- \/ Yoast SEO plugin. -->","yoast_head_json":{"title":"Turkesteron Pulver I Inhalt 100g I Schnell online kaufen","description":"Sagt Ihnen das Wort Turkesteron etwas? Es handelt sich dabei um ein Nahrungserg\u00e4nzungsmittel, das bereits vor 1960 entdeckt wurde, aber erst seit kurzem bekannt ist.","robots":{"index":"index","follow":"follow","max-snippet":"max-snippet:-1","max-image-preview":"max-image-preview:large","max-video-preview":"max-video-preview:-1"},"canonical":"https:\/\/www.safinel.fr\/de\/product-2\/turkesteronpulver\/","og_locale":"de_DE","og_type":"article","og_title":"Turkesterone en poudre I Contenance 100g I Achat rapide en ligne","og_description":"La\u00a0turkesterone\u00a0\u00e7a vous dit quelque chose ? Il s\u2019agit d\u2019un compl\u00e9ment alimentaire d\u00e9couvert avant 1960, mais que r\u00e9cemment devenu c\u00e9l\u00e8bre.","og_url":"https:\/\/www.safinel.fr\/de\/product-2\/turkesteronpulver\/","og_site_name":"Safinel","article_modified_time":"2024-02-21T11:03:02+00:00","og_image":[{"width":600,"height":600,"url":"https:\/\/www.safinel.fr\/wp-content\/uploads\/2022\/07\/turkesterone.jpg","type":"image\/jpeg"}],"twitter_card":"summary_large_image","twitter_misc":{"Gesch\u00e4tzte Lesezeit":"6\u00a0Minuten"},"schema":{"@context":"https:\/\/schema.org","@graph":[{"@type":"WebPage","@id":"https:\/\/www.safinel.fr\/produit\/turkesterone-en-poudre\/","url":"https:\/\/www.safinel.fr\/produit\/turkesterone-en-poudre\/","name":"Turkesteron Pulver I Inhalt 100g I Schnell online kaufen","isPartOf":{"@id":"https:\/\/www.safinel.fr\/#website"},"primaryImageOfPage":{"@id":"https:\/\/www.safinel.fr\/produit\/turkesterone-en-poudre\/#primaryimage"},"image":{"@id":"https:\/\/www.safinel.fr\/produit\/turkesterone-en-poudre\/#primaryimage"},"thumbnailUrl":"https:\/\/www.safinel.fr\/wp-content\/uploads\/2022\/07\/turkesterone.jpg","datePublished":"2022-07-06T18:27:02+00:00","dateModified":"2024-02-21T11:03:02+00:00","description":"Sagt Ihnen das Wort Turkesteron etwas? Es handelt sich dabei um ein Nahrungserg\u00e4nzungsmittel, das bereits vor 1960 entdeckt wurde, aber erst seit kurzem bekannt ist.","breadcrumb":{"@id":"https:\/\/www.safinel.fr\/produit\/turkesterone-en-poudre\/#breadcrumb"},"inLanguage":"de","potentialAction":[{"@type":"ReadAction","target":["https:\/\/www.safinel.fr\/produit\/turkesterone-en-poudre\/"]}]},{"@type":"ImageObject","inLanguage":"de","@id":"https:\/\/www.safinel.fr\/produit\/turkesterone-en-poudre\/#primaryimage","url":"https:\/\/www.safinel.fr\/wp-content\/uploads\/2022\/07\/turkesterone.jpg","contentUrl":"https:\/\/www.safinel.fr\/wp-content\/uploads\/2022\/07\/turkesterone.jpg","width":600,"height":600,"caption":"Turkesterone en poudre"},{"@type":"BreadcrumbList","@id":"https:\/\/www.safinel.fr\/produit\/turkesterone-en-poudre\/#breadcrumb","itemListElement":[{"@type":"ListItem","position":1,"name":"Accueil","item":"https:\/\/www.safinel.fr\/"},{"@type":"ListItem","position":2,"name":"Boutique","item":"https:\/\/www.safinel.fr\/boutique\/"},{"@type":"ListItem","position":3,"name":"Turkesterone en poudre"}]},{"@type":"WebSite","@id":"https:\/\/www.safinel.fr\/#website","url":"https:\/\/www.safinel.fr\/","name":"Safinel","description":"","publisher":{"@id":"https:\/\/www.safinel.fr\/#organization"},"potentialAction":[{"@type":"SearchAction","target":{"@type":"EntryPoint","urlTemplate":"https:\/\/www.safinel.fr\/?s={search_term_string}"},"query-input":{"@type":"PropertyValueSpecification","valueRequired":true,"valueName":"search_term_string"}}],"inLanguage":"de"},{"@type":"Organization","@id":"https:\/\/www.safinel.fr\/#organization","name":"Safinel","url":"https:\/\/www.safinel.fr\/","logo":{"@type":"ImageObject","inLanguage":"de","@id":"https:\/\/www.safinel.fr\/#\/schema\/logo\/image\/","url":"https:\/\/www.safinel.fr\/wp-content\/uploads\/2021\/05\/boutique-cosmetique.png","contentUrl":"https:\/\/www.safinel.fr\/wp-content\/uploads\/2021\/05\/boutique-cosmetique.png","width":800,"height":200,"caption":"Safinel"},"image":{"@id":"https:\/\/www.safinel.fr\/#\/schema\/logo\/image\/"}}]}},"_links":{"self":[{"href":"https:\/\/www.safinel.fr\/de\/wp-json\/wp\/v2\/product\/1664","targetHints":{"allow":["GET"]}}],"collection":[{"href":"https:\/\/www.safinel.fr\/de\/wp-json\/wp\/v2\/product"}],"about":[{"href":"https:\/\/www.safinel.fr\/de\/wp-json\/wp\/v2\/types\/product"}],"wp:featuredmedia":[{"embeddable":true,"href":"https:\/\/www.safinel.fr\/de\/wp-json\/wp\/v2\/media\/1667"}],"wp:attachment":[{"href":"https:\/\/www.safinel.fr\/de\/wp-json\/wp\/v2\/media?parent=1664"}],"wp:term":[{"taxonomy":"product_brand","embeddable":true,"href":"https:\/\/www.safinel.fr\/de\/wp-json\/wp\/v2\/product_brand?post=1664"},{"taxonomy":"product_cat","embeddable":true,"href":"https:\/\/www.safinel.fr\/de\/wp-json\/wp\/v2\/product_cat?post=1664"},{"taxonomy":"product_tag","embeddable":true,"href":"https:\/\/www.safinel.fr\/de\/wp-json\/wp\/v2\/product_tag?post=1664"}],"curies":[{"name":"wp","href":"https:\/\/api.w.org\/{rel}","templated":true}]}}