{"id":165,"date":"2021-04-26T16:08:29","date_gmt":"2021-04-26T16:08:29","guid":{"rendered":"https:\/\/www.safinel.fr\/?post_type=product&#038;p=165"},"modified":"2023-12-30T13:58:08","modified_gmt":"2023-12-30T13:58:08","slug":"kakao-delephant","status":"publish","type":"product","link":"https:\/\/www.safinel.fr\/de\/product-2\/kakao-delephant\/","title":{"rendered":"Elefantenkakao 150g"},"content":{"rendered":"<p>Der Elefant, der von manchen als Vorfahre des Mammuts angesehen wird, besitzt reichhaltige Eigenschaften, deren Urspr\u00fcnge Sie sich nicht vorstellen k\u00f6nnen! \u00dcbrigens, haben Sie schon einmal vom <b>Elefantenkacke<\/b> ? Oder zumindest \u00fcber ihre Verwendung in verschiedenen Bereichen. Wir k\u00f6nnen uns gut vorstellen, dass dies nicht der Fall ist!<span class=\"Apple-converted-space\">\u00a0<\/span><\/p>\n<p>Es ist an der Zeit, sich mit den nat\u00fcrlichen und ungew\u00f6hnlichen Aspekten dieses S\u00e4ugetiers zu besch\u00e4ftigen, das von einigen Kolonialisten angebetet wurde.<span class=\"Apple-converted-space\">\u00a0<\/span><\/p>\n<h2><b>Nach der Verwendung von Elfenbein, Haut ... jetzt kommt Elefantenkacke!<\/b><\/h2>\n<p><b>Elfenbein<\/b> ist f\u00fcr seine therapeutischen Qualit\u00e4ten bekannt und wird in der traditionellen Medizin nach wie vor sehr h\u00e4ufig verwendet. Au\u00dferdem wird es zur Unterst\u00fctzung der Bildung von roten Blutk\u00f6rperchen verwendet, um die Immunabwehr zu steigern.<span class=\"Apple-converted-space\">\u00a0<\/span><\/p>\n<p>Auch wird dieses wertvolle Material wegen seines Kalziums und zur St\u00e4rkung der Knochen verwendet,<span class=\"Apple-converted-space\">\u00a0 <\/span>sondern auch als echte Troph\u00e4e.<span class=\"Apple-converted-space\">\u00a0<\/span><\/p>\n<p>Der Elefant ist nun eine Spezies, die von verschiedenen Organisationen verteidigt wird, die logischerweise um das Wohlergehen dieses S\u00e4ugetiers bem\u00fcht sind!<span class=\"Apple-converted-space\">\u00a0<\/span><\/p>\n<p>Dar\u00fcber hinaus ist der zerst\u00f6rerische Markt von <b>die Elefantenhaut<\/b> ist schnell zu einer Gei\u00dfel f\u00fcr dieses vom Aussterben bedrohte S\u00e4ugetier geworden. Das Leiden dieses symboltr\u00e4chtigen Tieres aus reiner Profitgier ist schlichtweg ein globales Verbrechen!<\/p>\n<p>Ausgehend von dieser nicht detaillierten Zusammenfassung konzentrieren wir uns auf Folgendes <b>Elefantenkacke.<span class=\"Apple-converted-space\">\u00a0<\/span><\/b><\/p>\n<p>Ist das ein Witz? Nein!<\/p>\n<p>Diese <b>Dickh\u00e4uterkot<\/b> wird immer bekannter und h\u00e4ufiger eingesetzt! Und Sie fragen sich sicherlich, f\u00fcr welche Manipulation er eingesetzt wird?<span class=\"Apple-converted-space\">\u00a0<\/span><\/p>\n<p>Seien Sie also aufmerksam, denn wir werden jetzt ins Detail gehen!<\/p>\n<h2><b>Ein wachsender Markt?<\/b><\/h2>\n<p>Sind Sie mit dem neuen <b>trendiger Kaffee aus Elefantenkacke\u00a0<\/b>? Dieser Markt ist zwar ungew\u00f6hnlich, aber er entwickelt sich rasant! Dieser \u00e4u\u00dferst seltene Kaffee wird ganz einfach durch den Magen eines S\u00e4ugetiers transportiert.<\/p>\n<p>Dieses weltber\u00fchmte Getr\u00e4nk ist ein rein thail\u00e4ndisches Produkt, das zu einem hohen Preis verkauft wird! Nach dem Waschen und R\u00f6sten sind diese zuvor eingenommenen Samen die notwendige Grundlage f\u00fcr die Entstehung dieses schnell wachsenden Kaffees. Tats\u00e4chlich wird dieses neue Produkt verkauft <i>mehr als 12 Euro pro Tasse in den Luxushotels Asiens.<span class=\"Apple-converted-space\">\u00a0<\/span><\/i><\/p>\n<p>Dar\u00fcber hinaus werden die Exkremente dieses Tieres auch f\u00fcr <b>das Sch\u00f6pfen von Papier\u00a0<\/b>! Das Material unterscheidet sich zwar von herk\u00f6mmlichem Papier, aber diese nat\u00fcrliche Technik ist ein echter Vorteil f\u00fcr die Hersteller. Die Tiere kauen schlecht und produzieren daher Kot, der leichter zu entfernen ist, was die Herstellung von Papier erleichtert.<span class=\"Apple-converted-space\">\u00a0<\/span><\/p>\n<h3><b>Elefantenkacke und ihre Vorteile<\/b><\/h3>\n<p>Nicht weit von einem Kurs in <b>Koprologie<\/b>, Wenn wir uns auf die Eigenschaften von <b>Elefantenmist :<span class=\"Apple-converted-space\">\u00a0<\/span><\/b><\/p>\n<ul>\n<li>Elefantenexkremente sind f\u00fcr ihre Wirksamkeit bekannt <b>gegen fliegende Insekten.<\/b> Ein nat\u00fcrliches Repellent, das verschiedene Insekten, insbesondere M\u00fccken, fernhalten kann. Dazu verbrennt man die F\u00e4kalien, so dass der entstehende Rauch die kleinen Biester in der Umgebung vertreibt.<span class=\"Apple-converted-space\">\u00a0<\/span><\/li>\n<li>Elefantenkacke wurde auch in der traditionellen Medizin verwendet, um <a href=\"https:\/\/www.safinel.fr\/de\/product-2\/vetiverwurzeln\/\"><b>das Immunsystem st\u00e4rken<\/b><\/a>, sondern auch f\u00fcr <b>Nasenbluten stoppen<\/b>. Das Tier ern\u00e4hrt sich von bestimmten heilenden Laubbl\u00e4ttern, sodass der Dung dann f\u00fcr bestimmte Magenbeschwerden und andere Zwecke verwendet werden kann.<\/li>\n<li>Wir k\u00f6nnen auch finden <b>sauberes Wasser in Elefantenkacke<\/b>. Wenn du ihn dr\u00fcckst, k\u00f6nnen einige Wassertropfen aus ihm herausgepresst werden.<\/li>\n<li>Schlie\u00dflich ist bekannt, dass Elefantenkacke Folgendes kann <b>Biogas produzieren.<\/b> Dies ist m\u00f6glich, weil dieses S\u00e4ugetier ein Pflanzenfresser ist. Es besitzt daher einen Dung, der zur Gaserzeugung genutzt werden kann, um<b> eine K\u00fcche, einen Stromkreis und sogar eine W\u00e4rmequelle versorgen.<span class=\"Apple-converted-space\">\u00a0<\/span><\/b><\/li>\n<\/ul>\n<p>Die gro\u00dfe, sperrige Gr\u00f6\u00dfe und das unappetitliche Aussehen dieser Exkremente sollten den Nutzen, den man aus ihnen ziehen kann, nicht schm\u00e4lern. Sie k\u00f6nnen f\u00fcr das heutige und zuk\u00fcnftige menschliche Leben von Nutzen sein. Diese<b> nat\u00fcrliche F\u00e4kalien <\/b>die in vielen Bereichen hilfreich sein k\u00f6nnen!<span class=\"Apple-converted-space\">\u00a0<\/span><\/p>","protected":false},"excerpt":{"rendered":"<p>Zerbr\u00f6ckelter Elefantenkakao, fertig zur Verwendung. Elefanten fressen nur pflanzliche Nahrung, ihre Exkremente riechen nicht unangenehm.<\/p>","protected":false},"featured_media":166,"template":"","meta":[],"product_brand":[],"product_cat":[28],"product_tag":[],"class_list":{"0":"post-165","1":"product","2":"type-product","3":"status-publish","4":"has-post-thumbnail","6":"product_cat-divers","8":"first","9":"outofstock","10":"shipping-taxable","11":"purchasable","12":"product-type-simple"},"yoast_head":"<!-- This site is optimized with the Yoast SEO plugin v26.6 - https:\/\/yoast.com\/wordpress\/plugins\/seo\/ -->\n<title>Caca d&#039;\u00e9l\u00e9phant | Bienfaits nombreux | Ce qu&#039;il faut savoir<\/title>\n<meta name=\"description\" content=\"Avez-vous connaissance du nouveau caf\u00e9 \u00e0 la mode \u00e0 base de caca d\u2019\u00e9l\u00e9phant\u00a0? Un march\u00e9 certes, insolite, mais en plein d\u00e9veloppement !\" \/>\n<meta name=\"robots\" content=\"index, follow, max-snippet:-1, max-image-preview:large, max-video-preview:-1\" \/>\n<link rel=\"canonical\" href=\"https:\/\/www.safinel.fr\/de\/product-2\/kakao-delephant\/\" \/>\n<meta property=\"og:locale\" content=\"de_DE\" \/>\n<meta property=\"og:type\" content=\"article\" \/>\n<meta property=\"og:title\" content=\"Caca d&#039;\u00e9l\u00e9phant | Bienfaits nombreux | Ce qu&#039;il faut savoir\" \/>\n<meta property=\"og:description\" content=\"Avez-vous connaissance du nouveau caf\u00e9 \u00e0 la mode \u00e0 base de caca d\u2019\u00e9l\u00e9phant\u00a0? Un march\u00e9 certes, insolite, mais en plein d\u00e9veloppement !\" \/>\n<meta property=\"og:url\" content=\"https:\/\/www.safinel.fr\/de\/product-2\/kakao-delephant\/\" \/>\n<meta property=\"og:site_name\" content=\"Safinel\" \/>\n<meta property=\"article:modified_time\" content=\"2023-12-30T13:58:08+00:00\" \/>\n<meta property=\"og:image\" content=\"https:\/\/www.safinel.fr\/wp-content\/uploads\/2021\/06\/caca-delephant.jpeg\" \/>\n\t<meta property=\"og:image:width\" content=\"476\" \/>\n\t<meta property=\"og:image:height\" content=\"427\" \/>\n\t<meta property=\"og:image:type\" content=\"image\/jpeg\" \/>\n<meta name=\"twitter:card\" content=\"summary_large_image\" \/>\n<meta name=\"twitter:label1\" content=\"Gesch\u00e4tzte Lesezeit\" \/>\n\t<meta name=\"twitter:data1\" content=\"3\u00a0Minuten\" \/>\n<script type=\"application\/ld+json\" class=\"yoast-schema-graph\">{\"@context\":\"https:\/\/schema.org\",\"@graph\":[{\"@type\":\"WebPage\",\"@id\":\"https:\/\/www.safinel.fr\/produit\/caca-delephant\/\",\"url\":\"https:\/\/www.safinel.fr\/produit\/caca-delephant\/\",\"name\":\"Caca d'\u00e9l\u00e9phant | Bienfaits nombreux | Ce qu'il faut savoir\",\"isPartOf\":{\"@id\":\"https:\/\/www.safinel.fr\/#website\"},\"primaryImageOfPage\":{\"@id\":\"https:\/\/www.safinel.fr\/produit\/caca-delephant\/#primaryimage\"},\"image\":{\"@id\":\"https:\/\/www.safinel.fr\/produit\/caca-delephant\/#primaryimage\"},\"thumbnailUrl\":\"https:\/\/www.safinel.fr\/wp-content\/uploads\/2021\/06\/caca-delephant.jpeg\",\"datePublished\":\"2021-04-26T16:08:29+00:00\",\"dateModified\":\"2023-12-30T13:58:08+00:00\",\"description\":\"Avez-vous connaissance du nouveau caf\u00e9 \u00e0 la mode \u00e0 base de caca d\u2019\u00e9l\u00e9phant\u00a0? Un march\u00e9 certes, insolite, mais en plein d\u00e9veloppement !\",\"breadcrumb\":{\"@id\":\"https:\/\/www.safinel.fr\/produit\/caca-delephant\/#breadcrumb\"},\"inLanguage\":\"de\",\"potentialAction\":[{\"@type\":\"ReadAction\",\"target\":[\"https:\/\/www.safinel.fr\/produit\/caca-delephant\/\"]}]},{\"@type\":\"ImageObject\",\"inLanguage\":\"de\",\"@id\":\"https:\/\/www.safinel.fr\/produit\/caca-delephant\/#primaryimage\",\"url\":\"https:\/\/www.safinel.fr\/wp-content\/uploads\/2021\/06\/caca-delephant.jpeg\",\"contentUrl\":\"https:\/\/www.safinel.fr\/wp-content\/uploads\/2021\/06\/caca-delephant.jpeg\",\"width\":476,\"height\":427,\"caption\":\"Caca d'\u00e9l\u00e9phant | Bienfaits nombreux | Ce qu'il faut savoir\"},{\"@type\":\"BreadcrumbList\",\"@id\":\"https:\/\/www.safinel.fr\/produit\/caca-delephant\/#breadcrumb\",\"itemListElement\":[{\"@type\":\"ListItem\",\"position\":1,\"name\":\"Accueil\",\"item\":\"https:\/\/www.safinel.fr\/\"},{\"@type\":\"ListItem\",\"position\":2,\"name\":\"Boutique\",\"item\":\"https:\/\/www.safinel.fr\/boutique\/\"},{\"@type\":\"ListItem\",\"position\":3,\"name\":\"Caca d&#8217;\u00e9l\u00e9phant 150g\"}]},{\"@type\":\"WebSite\",\"@id\":\"https:\/\/www.safinel.fr\/#website\",\"url\":\"https:\/\/www.safinel.fr\/\",\"name\":\"Safinel\",\"description\":\"\",\"publisher\":{\"@id\":\"https:\/\/www.safinel.fr\/#organization\"},\"potentialAction\":[{\"@type\":\"SearchAction\",\"target\":{\"@type\":\"EntryPoint\",\"urlTemplate\":\"https:\/\/www.safinel.fr\/?s={search_term_string}\"},\"query-input\":{\"@type\":\"PropertyValueSpecification\",\"valueRequired\":true,\"valueName\":\"search_term_string\"}}],\"inLanguage\":\"de\"},{\"@type\":\"Organization\",\"@id\":\"https:\/\/www.safinel.fr\/#organization\",\"name\":\"Safinel\",\"url\":\"https:\/\/www.safinel.fr\/\",\"logo\":{\"@type\":\"ImageObject\",\"inLanguage\":\"de\",\"@id\":\"https:\/\/www.safinel.fr\/#\/schema\/logo\/image\/\",\"url\":\"https:\/\/www.safinel.fr\/wp-content\/uploads\/2021\/05\/boutique-cosmetique.png\",\"contentUrl\":\"https:\/\/www.safinel.fr\/wp-content\/uploads\/2021\/05\/boutique-cosmetique.png\",\"width\":800,\"height\":200,\"caption\":\"Safinel\"},\"image\":{\"@id\":\"https:\/\/www.safinel.fr\/#\/schema\/logo\/image\/\"}}]}<\/script>\n<!-- \/ Yoast SEO plugin. -->","yoast_head_json":{"title":"Elefantenkacke | Zahlreiche Vorteile | Was Sie wissen sollten","description":"Kennen Sie schon den neuen Trendkaffee aus Elefantenkacke? Ein zugegebenerma\u00dfen ungew\u00f6hnlicher, aber sich rasant entwickelnder Markt!","robots":{"index":"index","follow":"follow","max-snippet":"max-snippet:-1","max-image-preview":"max-image-preview:large","max-video-preview":"max-video-preview:-1"},"canonical":"https:\/\/www.safinel.fr\/de\/product-2\/kakao-delephant\/","og_locale":"de_DE","og_type":"article","og_title":"Caca d'\u00e9l\u00e9phant | Bienfaits nombreux | Ce qu'il faut savoir","og_description":"Avez-vous connaissance du nouveau caf\u00e9 \u00e0 la mode \u00e0 base de caca d\u2019\u00e9l\u00e9phant\u00a0? Un march\u00e9 certes, insolite, mais en plein d\u00e9veloppement !","og_url":"https:\/\/www.safinel.fr\/de\/product-2\/kakao-delephant\/","og_site_name":"Safinel","article_modified_time":"2023-12-30T13:58:08+00:00","og_image":[{"width":476,"height":427,"url":"https:\/\/www.safinel.fr\/wp-content\/uploads\/2021\/06\/caca-delephant.jpeg","type":"image\/jpeg"}],"twitter_card":"summary_large_image","twitter_misc":{"Gesch\u00e4tzte Lesezeit":"3\u00a0Minuten"},"schema":{"@context":"https:\/\/schema.org","@graph":[{"@type":"WebPage","@id":"https:\/\/www.safinel.fr\/produit\/caca-delephant\/","url":"https:\/\/www.safinel.fr\/produit\/caca-delephant\/","name":"Elefantenkacke | Zahlreiche Vorteile | Was Sie wissen sollten","isPartOf":{"@id":"https:\/\/www.safinel.fr\/#website"},"primaryImageOfPage":{"@id":"https:\/\/www.safinel.fr\/produit\/caca-delephant\/#primaryimage"},"image":{"@id":"https:\/\/www.safinel.fr\/produit\/caca-delephant\/#primaryimage"},"thumbnailUrl":"https:\/\/www.safinel.fr\/wp-content\/uploads\/2021\/06\/caca-delephant.jpeg","datePublished":"2021-04-26T16:08:29+00:00","dateModified":"2023-12-30T13:58:08+00:00","description":"Kennen Sie schon den neuen Trendkaffee aus Elefantenkacke? Ein zugegebenerma\u00dfen ungew\u00f6hnlicher, aber sich rasant entwickelnder Markt!","breadcrumb":{"@id":"https:\/\/www.safinel.fr\/produit\/caca-delephant\/#breadcrumb"},"inLanguage":"de","potentialAction":[{"@type":"ReadAction","target":["https:\/\/www.safinel.fr\/produit\/caca-delephant\/"]}]},{"@type":"ImageObject","inLanguage":"de","@id":"https:\/\/www.safinel.fr\/produit\/caca-delephant\/#primaryimage","url":"https:\/\/www.safinel.fr\/wp-content\/uploads\/2021\/06\/caca-delephant.jpeg","contentUrl":"https:\/\/www.safinel.fr\/wp-content\/uploads\/2021\/06\/caca-delephant.jpeg","width":476,"height":427,"caption":"Caca d'\u00e9l\u00e9phant | Bienfaits nombreux | Ce qu'il faut savoir"},{"@type":"BreadcrumbList","@id":"https:\/\/www.safinel.fr\/produit\/caca-delephant\/#breadcrumb","itemListElement":[{"@type":"ListItem","position":1,"name":"Accueil","item":"https:\/\/www.safinel.fr\/"},{"@type":"ListItem","position":2,"name":"Boutique","item":"https:\/\/www.safinel.fr\/boutique\/"},{"@type":"ListItem","position":3,"name":"Caca d&#8217;\u00e9l\u00e9phant 150g"}]},{"@type":"WebSite","@id":"https:\/\/www.safinel.fr\/#website","url":"https:\/\/www.safinel.fr\/","name":"Safinel","description":"","publisher":{"@id":"https:\/\/www.safinel.fr\/#organization"},"potentialAction":[{"@type":"SearchAction","target":{"@type":"EntryPoint","urlTemplate":"https:\/\/www.safinel.fr\/?s={search_term_string}"},"query-input":{"@type":"PropertyValueSpecification","valueRequired":true,"valueName":"search_term_string"}}],"inLanguage":"de"},{"@type":"Organization","@id":"https:\/\/www.safinel.fr\/#organization","name":"Safinel","url":"https:\/\/www.safinel.fr\/","logo":{"@type":"ImageObject","inLanguage":"de","@id":"https:\/\/www.safinel.fr\/#\/schema\/logo\/image\/","url":"https:\/\/www.safinel.fr\/wp-content\/uploads\/2021\/05\/boutique-cosmetique.png","contentUrl":"https:\/\/www.safinel.fr\/wp-content\/uploads\/2021\/05\/boutique-cosmetique.png","width":800,"height":200,"caption":"Safinel"},"image":{"@id":"https:\/\/www.safinel.fr\/#\/schema\/logo\/image\/"}}]}},"_links":{"self":[{"href":"https:\/\/www.safinel.fr\/de\/wp-json\/wp\/v2\/product\/165","targetHints":{"allow":["GET"]}}],"collection":[{"href":"https:\/\/www.safinel.fr\/de\/wp-json\/wp\/v2\/product"}],"about":[{"href":"https:\/\/www.safinel.fr\/de\/wp-json\/wp\/v2\/types\/product"}],"wp:featuredmedia":[{"embeddable":true,"href":"https:\/\/www.safinel.fr\/de\/wp-json\/wp\/v2\/media\/166"}],"wp:attachment":[{"href":"https:\/\/www.safinel.fr\/de\/wp-json\/wp\/v2\/media?parent=165"}],"wp:term":[{"taxonomy":"product_brand","embeddable":true,"href":"https:\/\/www.safinel.fr\/de\/wp-json\/wp\/v2\/product_brand?post=165"},{"taxonomy":"product_cat","embeddable":true,"href":"https:\/\/www.safinel.fr\/de\/wp-json\/wp\/v2\/product_cat?post=165"},{"taxonomy":"product_tag","embeddable":true,"href":"https:\/\/www.safinel.fr\/de\/wp-json\/wp\/v2\/product_tag?post=165"}],"curies":[{"name":"wp","href":"https:\/\/api.w.org\/{rel}","templated":true}]}}