{"id":1608,"date":"2022-07-01T08:59:08","date_gmt":"2022-07-01T08:59:08","guid":{"rendered":"https:\/\/www.safinel.fr\/?post_type=product&#038;p=1608"},"modified":"2023-12-30T13:26:37","modified_gmt":"2023-12-30T13:26:37","slug":"anti-akne-serum-mit-nigella","status":"publish","type":"product","link":"https:\/\/www.safinel.fr\/de\/product-2\/anti-akne-serum-mit-nigella\/","title":{"rendered":"Anti-Akne-Serum mit Nigella 50 ml"},"content":{"rendered":"<p>Was w\u00e4re, wenn es an der Zeit w\u00e4re, Akne und anderen Hautproblemen Einhalt zu gebieten? Lernen Sie den\u00a0<strong>Nigella-\u00d6l-Serum Akne<\/strong>\u00a0und lassen Sie sich von diesem Wunder verf\u00fchren.<\/p>\n<h2><strong>Zoom auf das Anti-Akne-Serum mit Nigella\u00a0<\/strong><\/h2>\n<p>Wir wissen, wie wichtig Ihnen Ihr Aussehen ist. Und manchmal sorgen die Wechself\u00e4lle des Lebens daf\u00fcr, dass manche Haut etwas empfindlicher ist als andere. Aus diesem Grund m\u00f6chte Ihre auf Wellness spezialisierte Online-Boutique den\u00a0<strong>Anti-Akne-Serum mit Nigella<\/strong>\u00a0! Wenn einige die Hoffnung schon aufgegeben haben, lassen Sie uns diesen\u00a0<strong>nat\u00fcrliches Reinigungsmittel<\/strong>.<\/p>\n<p>Entdecken Sie ohne weitere Verz\u00f6gerung einen der klassischsten Flakons. Der transparente Flakon gibt den Blick auf das begehrte Elixier frei. Das 50-ml-Gef\u00e4\u00df und die Pipette sind f\u00fcr den dauerhaften Gebrauch unerl\u00e4sslich.<\/p>\n<p>Jetzt, da Sie mehr \u00fcber dieses Produkt wissen, wie w\u00e4re es, wenn wir gleich zur Sache kommen?<\/p>\n<h2><strong>Das Nigella-\u00d6l-Akne-Serum: Ein Vorteil f\u00fcr die Haut\u00a0<\/strong><\/h2>\n<p>Wir wissen, wie schwierig es ist, eine<strong>\u00a0exponierte Haut<\/strong>\u00a0auf bestimmte Unvollkommenheiten, wie z. B. die\u00a0<strong>schwarze Kn\u00f6pfe<\/strong>\u00a0oder auch Akne. Keine Sorge, Ihr Wellness-Shop hat wahrscheinlich das Produkt, das Ihnen fehlt!<\/p>\n<p>Es handelt sich dabei nat\u00fcrlich um das ber\u00fchmte Schwarzk\u00fcmmel\u00f6l-Serum gegen Akne! Dieses ist bekannt f\u00fcr die Behandlung von <strong>fettige Haut<\/strong>\u00a0sondern auch zum Reinigen und\u00a0<strong>die Haut reinigen<\/strong>.<\/p>\n<p>Sie haben verstanden, dass dieses nat\u00fcrliche Elixier eine Bereicherung f\u00fcr zarte Haut ist.<\/p>\n<h3><strong>Praktische Tipps mit Ihrem Safinel-Shop\u00a0<\/strong><\/h3>\n<p>Wenn Sie das Schwarzk\u00fcmmel\u00f6l Akne Serum verwenden und von seinen Vorteilen profitieren m\u00f6chten, empfehlen wir Ihnen, Ihre Haut zun\u00e4chst gr\u00fcndlich zu reinigen. Geben Sie anschlie\u00dfend 3 Tropfen in Ihre Handfl\u00e4che und tragen Sie sie auf Ihr Gesicht auf.<\/p>\n<p>Diese Geste sollten Sie am Morgen nach der Reinigung und am Abend vor dem Schlafengehen durchf\u00fchren! Au\u00dferdem, ebenfalls f\u00fcr Ihre Haut, haben Sie die M\u00f6glichkeit, mit dem<strong>\u00a0<a href=\"https:\/\/www.safinel.fr\/de\/product-2\/karite-vegetal-butter-brut-certified-organic-100ml\/\">pflanzliche Karit\u00e9butter<\/a><\/strong>\u00a0!<\/p>","protected":false},"excerpt":{"rendered":"<p>Et s\u2019il \u00e9tait temps de dire stop \u00e0 l\u2019acn\u00e9 et autres probl\u00e8mes de peau ? Faites la rencontre du\u00a0s\u00e9rum huile de nigelle acn\u00e9\u00a0et laissez-vous s\u00e9duire par cette merveille. Zoom sur le s\u00e9rum anti-acn\u00e9 \u00e0 la nigelle\u00a0 Nous savons l\u2019importance que vous apportez \u00e0 votre apparence. Et parfois, les al\u00e9as de la vie font que certaines [&#8230;]","protected":false},"featured_media":1609,"template":"","meta":[],"product_brand":[],"product_cat":[41],"product_tag":[],"class_list":{"0":"post-1608","1":"product","2":"type-product","3":"status-publish","4":"has-post-thumbnail","6":"product_cat-produits-naturels-divers","8":"first","9":"instock","10":"shipping-taxable","11":"purchasable","12":"product-type-simple"},"yoast_head":"<!-- This site is optimized with the Yoast SEO plugin v26.6 - https:\/\/yoast.com\/wordpress\/plugins\/seo\/ -->\n<title>Huile de nigelle acn\u00e9 I Prenez soin de votre visage naturellement<\/title>\n<meta name=\"description\" content=\"Et s\u2019il \u00e9tait temps de dire stop \u00e0 l\u2019acn\u00e9 et autres probl\u00e8mes de peau ? Faites la rencontre du\u00a0s\u00e9rum huile de nigelle acn\u00e9 !\" \/>\n<meta name=\"robots\" content=\"index, follow, max-snippet:-1, max-image-preview:large, max-video-preview:-1\" \/>\n<link rel=\"canonical\" href=\"https:\/\/www.safinel.fr\/de\/product-2\/anti-akne-serum-mit-nigella\/\" \/>\n<meta property=\"og:locale\" content=\"de_DE\" \/>\n<meta property=\"og:type\" content=\"article\" \/>\n<meta property=\"og:title\" content=\"Huile de nigelle acn\u00e9 I Prenez soin de votre visage naturellement\" \/>\n<meta property=\"og:description\" content=\"Et s\u2019il \u00e9tait temps de dire stop \u00e0 l\u2019acn\u00e9 et autres probl\u00e8mes de peau ? Faites la rencontre du\u00a0s\u00e9rum huile de nigelle acn\u00e9 !\" \/>\n<meta property=\"og:url\" content=\"https:\/\/www.safinel.fr\/de\/product-2\/anti-akne-serum-mit-nigella\/\" \/>\n<meta property=\"og:site_name\" content=\"Safinel\" \/>\n<meta property=\"article:modified_time\" content=\"2023-12-30T13:26:37+00:00\" \/>\n<meta property=\"og:image\" content=\"https:\/\/www.safinel.fr\/wp-content\/uploads\/2022\/07\/serum-anti-acne.jpg\" \/>\n\t<meta property=\"og:image:width\" content=\"600\" \/>\n\t<meta property=\"og:image:height\" content=\"600\" \/>\n\t<meta property=\"og:image:type\" content=\"image\/jpeg\" \/>\n<meta name=\"twitter:card\" content=\"summary_large_image\" \/>\n<meta name=\"twitter:label1\" content=\"Gesch\u00e4tzte Lesezeit\" \/>\n\t<meta name=\"twitter:data1\" content=\"2\u00a0Minuten\" \/>\n<script type=\"application\/ld+json\" class=\"yoast-schema-graph\">{\"@context\":\"https:\/\/schema.org\",\"@graph\":[{\"@type\":\"WebPage\",\"@id\":\"https:\/\/www.safinel.fr\/produit\/serum-anti-acne-a-la-nigelle\/\",\"url\":\"https:\/\/www.safinel.fr\/produit\/serum-anti-acne-a-la-nigelle\/\",\"name\":\"Huile de nigelle acn\u00e9 I Prenez soin de votre visage naturellement\",\"isPartOf\":{\"@id\":\"https:\/\/www.safinel.fr\/#website\"},\"primaryImageOfPage\":{\"@id\":\"https:\/\/www.safinel.fr\/produit\/serum-anti-acne-a-la-nigelle\/#primaryimage\"},\"image\":{\"@id\":\"https:\/\/www.safinel.fr\/produit\/serum-anti-acne-a-la-nigelle\/#primaryimage\"},\"thumbnailUrl\":\"https:\/\/www.safinel.fr\/wp-content\/uploads\/2022\/07\/serum-anti-acne.jpg\",\"datePublished\":\"2022-07-01T08:59:08+00:00\",\"dateModified\":\"2023-12-30T13:26:37+00:00\",\"description\":\"Et s\u2019il \u00e9tait temps de dire stop \u00e0 l\u2019acn\u00e9 et autres probl\u00e8mes de peau ? Faites la rencontre du\u00a0s\u00e9rum huile de nigelle acn\u00e9 !\",\"breadcrumb\":{\"@id\":\"https:\/\/www.safinel.fr\/produit\/serum-anti-acne-a-la-nigelle\/#breadcrumb\"},\"inLanguage\":\"de\",\"potentialAction\":[{\"@type\":\"ReadAction\",\"target\":[\"https:\/\/www.safinel.fr\/produit\/serum-anti-acne-a-la-nigelle\/\"]}]},{\"@type\":\"ImageObject\",\"inLanguage\":\"de\",\"@id\":\"https:\/\/www.safinel.fr\/produit\/serum-anti-acne-a-la-nigelle\/#primaryimage\",\"url\":\"https:\/\/www.safinel.fr\/wp-content\/uploads\/2022\/07\/serum-anti-acne.jpg\",\"contentUrl\":\"https:\/\/www.safinel.fr\/wp-content\/uploads\/2022\/07\/serum-anti-acne.jpg\",\"width\":600,\"height\":600,\"caption\":\"Huile de nigelle acn\u00e9 soin du visage naturel\"},{\"@type\":\"BreadcrumbList\",\"@id\":\"https:\/\/www.safinel.fr\/produit\/serum-anti-acne-a-la-nigelle\/#breadcrumb\",\"itemListElement\":[{\"@type\":\"ListItem\",\"position\":1,\"name\":\"Accueil\",\"item\":\"https:\/\/www.safinel.fr\/\"},{\"@type\":\"ListItem\",\"position\":2,\"name\":\"Boutique\",\"item\":\"https:\/\/www.safinel.fr\/boutique\/\"},{\"@type\":\"ListItem\",\"position\":3,\"name\":\"S\u00e9rum anti acn\u00e9 \u00e0 la nigelle 50 ml\"}]},{\"@type\":\"WebSite\",\"@id\":\"https:\/\/www.safinel.fr\/#website\",\"url\":\"https:\/\/www.safinel.fr\/\",\"name\":\"Safinel\",\"description\":\"\",\"publisher\":{\"@id\":\"https:\/\/www.safinel.fr\/#organization\"},\"potentialAction\":[{\"@type\":\"SearchAction\",\"target\":{\"@type\":\"EntryPoint\",\"urlTemplate\":\"https:\/\/www.safinel.fr\/?s={search_term_string}\"},\"query-input\":{\"@type\":\"PropertyValueSpecification\",\"valueRequired\":true,\"valueName\":\"search_term_string\"}}],\"inLanguage\":\"de\"},{\"@type\":\"Organization\",\"@id\":\"https:\/\/www.safinel.fr\/#organization\",\"name\":\"Safinel\",\"url\":\"https:\/\/www.safinel.fr\/\",\"logo\":{\"@type\":\"ImageObject\",\"inLanguage\":\"de\",\"@id\":\"https:\/\/www.safinel.fr\/#\/schema\/logo\/image\/\",\"url\":\"https:\/\/www.safinel.fr\/wp-content\/uploads\/2021\/05\/boutique-cosmetique.png\",\"contentUrl\":\"https:\/\/www.safinel.fr\/wp-content\/uploads\/2021\/05\/boutique-cosmetique.png\",\"width\":800,\"height\":200,\"caption\":\"Safinel\"},\"image\":{\"@id\":\"https:\/\/www.safinel.fr\/#\/schema\/logo\/image\/\"}}]}<\/script>\n<!-- \/ Yoast SEO plugin. -->","yoast_head_json":{"title":"Nigella Akne \u00d6l I Pflegen Sie Ihr Gesicht nat\u00fcrlich","description":"Was w\u00e4re, wenn es an der Zeit w\u00e4re, Akne und anderen Hautproblemen Einhalt zu gebieten? Machen Sie die Bekanntschaft mit dem Schwarzk\u00fcmmel\u00f6l-Akne-Serum!","robots":{"index":"index","follow":"follow","max-snippet":"max-snippet:-1","max-image-preview":"max-image-preview:large","max-video-preview":"max-video-preview:-1"},"canonical":"https:\/\/www.safinel.fr\/de\/product-2\/anti-akne-serum-mit-nigella\/","og_locale":"de_DE","og_type":"article","og_title":"Huile de nigelle acn\u00e9 I Prenez soin de votre visage naturellement","og_description":"Et s\u2019il \u00e9tait temps de dire stop \u00e0 l\u2019acn\u00e9 et autres probl\u00e8mes de peau ? Faites la rencontre du\u00a0s\u00e9rum huile de nigelle acn\u00e9 !","og_url":"https:\/\/www.safinel.fr\/de\/product-2\/anti-akne-serum-mit-nigella\/","og_site_name":"Safinel","article_modified_time":"2023-12-30T13:26:37+00:00","og_image":[{"width":600,"height":600,"url":"https:\/\/www.safinel.fr\/wp-content\/uploads\/2022\/07\/serum-anti-acne.jpg","type":"image\/jpeg"}],"twitter_card":"summary_large_image","twitter_misc":{"Gesch\u00e4tzte Lesezeit":"2\u00a0Minuten"},"schema":{"@context":"https:\/\/schema.org","@graph":[{"@type":"WebPage","@id":"https:\/\/www.safinel.fr\/produit\/serum-anti-acne-a-la-nigelle\/","url":"https:\/\/www.safinel.fr\/produit\/serum-anti-acne-a-la-nigelle\/","name":"Nigella Akne \u00d6l I Pflegen Sie Ihr Gesicht nat\u00fcrlich","isPartOf":{"@id":"https:\/\/www.safinel.fr\/#website"},"primaryImageOfPage":{"@id":"https:\/\/www.safinel.fr\/produit\/serum-anti-acne-a-la-nigelle\/#primaryimage"},"image":{"@id":"https:\/\/www.safinel.fr\/produit\/serum-anti-acne-a-la-nigelle\/#primaryimage"},"thumbnailUrl":"https:\/\/www.safinel.fr\/wp-content\/uploads\/2022\/07\/serum-anti-acne.jpg","datePublished":"2022-07-01T08:59:08+00:00","dateModified":"2023-12-30T13:26:37+00:00","description":"Was w\u00e4re, wenn es an der Zeit w\u00e4re, Akne und anderen Hautproblemen Einhalt zu gebieten? Machen Sie die Bekanntschaft mit dem Schwarzk\u00fcmmel\u00f6l-Akne-Serum!","breadcrumb":{"@id":"https:\/\/www.safinel.fr\/produit\/serum-anti-acne-a-la-nigelle\/#breadcrumb"},"inLanguage":"de","potentialAction":[{"@type":"ReadAction","target":["https:\/\/www.safinel.fr\/produit\/serum-anti-acne-a-la-nigelle\/"]}]},{"@type":"ImageObject","inLanguage":"de","@id":"https:\/\/www.safinel.fr\/produit\/serum-anti-acne-a-la-nigelle\/#primaryimage","url":"https:\/\/www.safinel.fr\/wp-content\/uploads\/2022\/07\/serum-anti-acne.jpg","contentUrl":"https:\/\/www.safinel.fr\/wp-content\/uploads\/2022\/07\/serum-anti-acne.jpg","width":600,"height":600,"caption":"Huile de nigelle acn\u00e9 soin du visage naturel"},{"@type":"BreadcrumbList","@id":"https:\/\/www.safinel.fr\/produit\/serum-anti-acne-a-la-nigelle\/#breadcrumb","itemListElement":[{"@type":"ListItem","position":1,"name":"Accueil","item":"https:\/\/www.safinel.fr\/"},{"@type":"ListItem","position":2,"name":"Boutique","item":"https:\/\/www.safinel.fr\/boutique\/"},{"@type":"ListItem","position":3,"name":"S\u00e9rum anti acn\u00e9 \u00e0 la nigelle 50 ml"}]},{"@type":"WebSite","@id":"https:\/\/www.safinel.fr\/#website","url":"https:\/\/www.safinel.fr\/","name":"Safinel","description":"","publisher":{"@id":"https:\/\/www.safinel.fr\/#organization"},"potentialAction":[{"@type":"SearchAction","target":{"@type":"EntryPoint","urlTemplate":"https:\/\/www.safinel.fr\/?s={search_term_string}"},"query-input":{"@type":"PropertyValueSpecification","valueRequired":true,"valueName":"search_term_string"}}],"inLanguage":"de"},{"@type":"Organization","@id":"https:\/\/www.safinel.fr\/#organization","name":"Safinel","url":"https:\/\/www.safinel.fr\/","logo":{"@type":"ImageObject","inLanguage":"de","@id":"https:\/\/www.safinel.fr\/#\/schema\/logo\/image\/","url":"https:\/\/www.safinel.fr\/wp-content\/uploads\/2021\/05\/boutique-cosmetique.png","contentUrl":"https:\/\/www.safinel.fr\/wp-content\/uploads\/2021\/05\/boutique-cosmetique.png","width":800,"height":200,"caption":"Safinel"},"image":{"@id":"https:\/\/www.safinel.fr\/#\/schema\/logo\/image\/"}}]}},"_links":{"self":[{"href":"https:\/\/www.safinel.fr\/de\/wp-json\/wp\/v2\/product\/1608","targetHints":{"allow":["GET"]}}],"collection":[{"href":"https:\/\/www.safinel.fr\/de\/wp-json\/wp\/v2\/product"}],"about":[{"href":"https:\/\/www.safinel.fr\/de\/wp-json\/wp\/v2\/types\/product"}],"wp:featuredmedia":[{"embeddable":true,"href":"https:\/\/www.safinel.fr\/de\/wp-json\/wp\/v2\/media\/1609"}],"wp:attachment":[{"href":"https:\/\/www.safinel.fr\/de\/wp-json\/wp\/v2\/media?parent=1608"}],"wp:term":[{"taxonomy":"product_brand","embeddable":true,"href":"https:\/\/www.safinel.fr\/de\/wp-json\/wp\/v2\/product_brand?post=1608"},{"taxonomy":"product_cat","embeddable":true,"href":"https:\/\/www.safinel.fr\/de\/wp-json\/wp\/v2\/product_cat?post=1608"},{"taxonomy":"product_tag","embeddable":true,"href":"https:\/\/www.safinel.fr\/de\/wp-json\/wp\/v2\/product_tag?post=1608"}],"curies":[{"name":"wp","href":"https:\/\/api.w.org\/{rel}","templated":true}]}}