{"id":1594,"date":"2022-06-29T11:32:13","date_gmt":"2022-06-29T11:32:13","guid":{"rendered":"https:\/\/www.safinel.fr\/?post_type=product&#038;p=1594"},"modified":"2024-01-21T21:54:35","modified_gmt":"2024-01-21T21:54:35","slug":"katzenkralle","status":"publish","type":"product","link":"https:\/\/www.safinel.fr\/de\/product-2\/katzenkralle\/","title":{"rendered":"Katzenkralle 50g"},"content":{"rendered":"<p>Sind Sie bereit, einen<strong>\u00a0Produkt 100% nat\u00fcrlich\u00a0<\/strong>nicht wie die anderen? Sein Spitzname weckt Intrigen, und doch wurde sein Reichtum schon mehrfach bewiesen... Wir freuen uns, die<strong>\u00a0Katzenkralle\u00a0<\/strong>!<\/p>\n<h2><strong>Katzenkralle: Was ist das?\u00a0<\/strong><\/h2>\n<p>F\u00fcr alle Neugierigen, die dachten, dass es sich tats\u00e4chlich um die Kratzer eines K\u00e4tzchens handelte, kann ich Ihnen gleich sagen, dass Sie sich irren - und dass es noch viel besser ist! Mit richtigem Namen\u00a0<strong>uncaria tomentosa,<\/strong>\u00a0sie hat auch den Spitznamen<strong>\u00a0Peruanische Liane<\/strong>. Sie stammt aus dem Amazonasgebiet und w\u00e4chst an einem Baum, der bis zu 30 Meter hoch werden kann.<\/p>\n<p>Die Katzenkralle wurde urspr\u00fcnglich von den Peruanern wegen ihrer zahlreichen Qualit\u00e4ten verwendet, hat aber die Grenzen \u00fcberschritten, um uns die F\u00fclle ihres Reichtums zu zeigen.<\/p>\n<h2><strong>Ihr Safinel-Shop, pr\u00e4sentiert Ihnen Katzenkralle\u00a0<\/strong><\/h2>\n<p>Ihr Online-Shop Safinel ist stets darum bem\u00fcht, Ihnen Produkte aus der Natur anzubieten, die f\u00fcr Sie von Vorteil sein k\u00f6nnten, und freut sich, dass Sie die Peruanische Liane kennenlernen!<\/p>\n<p>Die Katzenkralle ist ein klassischer Vertreter ihrer Gattung, aber sie ist nicht nur ein Kleidungsst\u00fcck, das den Menschen ausmacht. Die Katzenkralle sieht aus wie ein Holzspan, aber sie ist nicht wirklich etwas Besonderes. Sie ist jedoch f\u00fcr ihre positiven gesundheitlichen Vorteile bekannt!<\/p>\n<p>Aus diesem Grund ist Ihr\u00a0<strong>Wellness-Onlineshop<\/strong>\u00a0erlaubt sich, Ihnen dieses nat\u00fcrliche 100%-Produkt vorzustellen! Sein 50-G-Beh\u00e4lter ist ideal f\u00fcr den wiederholten Verzehr! Jetzt, da Sie mehr dar\u00fcber wissen, entdecken Sie ohne Umschweife die zahlreichen Vorteile, die sich darin verbergen...<\/p>\n<h3><strong>Die Vorteile der Katzenkralle\u00a0<\/strong><\/h3>\n<p>Die Geschichte informiert, dass die Katzenkralle von St\u00e4mmen in Peru verwendet wurde, und zwar weil sie als ein\u00a0<strong>Pflanze<\/strong>\u00a0heilig! Diese zahlreichen\u00a0<strong>Heilkr\u00e4fte\u00a0<\/strong>haben innerhalb ihrer Gemeinschaft und wiederholt bewiesen, dass sie in vielerlei Hinsicht wirksam ist, darunter :<\/p>\n<ul>\n<li>Gegen die\u00a0<strong>Gelenkschmerzen<\/strong>\u00a0wie z. B. Arthrose<\/li>\n<li>Seine entz\u00fcndungshemmenden Eigenschaften<\/li>\n<li>Zur Unterst\u00fctzung der Knorpelregeneration<\/li>\n<li>Um beim Kampf zu helfen<strong>\u00a0gegen Krebs<\/strong><\/li>\n<li>Als Verh\u00fctungsmittel<\/li>\n<\/ul>\n<p>Sie haben es schon gemerkt, diese wunderbare<strong>\u00a0Pflanze aus Peru<\/strong>\u00a0besitzt einen Reichtum, der f\u00fcr den Menschen von gr\u00f6\u00dftem Nutzen ist.<\/p>\n<p>Wir empfehlen jedoch im Falle einer Schwangerschaft oder einer besonderen Behandlung, sich von Ihrem behandelnden Arzt beraten zu lassen.<\/p>\n<p>Ihr Wohlbefinden ist unsere Hauptmotivation. Aus diesem Grund bem\u00fchen wir uns um eine sorgf\u00e4ltige Auswahl von\u00a0<strong>Naturprodukte<\/strong>\u00a0die f\u00fcr Sie geeignet sein k\u00f6nnten.<\/p>\n<h3><strong>Natur, Natur, enth\u00fclle deine Geheimnisse... \u00a0<\/strong><\/h3>\n<p>Die Natur ist bekannt daf\u00fcr, unz\u00e4hlige Tugenden zu besitzen. Und Ihr Safinel-Shop m\u00f6chte, dass Sie immer mehr davon entdecken! Wir wissen, wie wichtig Ihnen Produkte aus der Natur sind. Deshalb haben wir eine Auswahl speziell f\u00fcr Sie zusammengestellt!<\/p>\n<p>Machen Sie Bekanntschaft mit der\u00a0<a href=\"https:\/\/www.safinel.fr\/de\/product-2\/gourowurzeln\/\"><strong>Guru-Wurzel<\/strong><\/a>\u00a0oder vom\u00a0<a href=\"https:\/\/www.safinel.fr\/de\/product-2\/anti-akne-serum-mit-nigella\/\"><strong>Anti-Akne-Serum mit Nigella<\/strong><\/a>\u00a0! Ihre Gesundheit ist das, was uns am Herzen liegt. Lassen Sie sich von den vielen Vorteilen, die sich in der Natur verbergen, verf\u00fchren...<\/p>","protected":false},"excerpt":{"rendered":"<p>Etes-vous pr\u00eat \u00e0 d\u00e9couvrir un\u00a0produit 100% naturel\u00a0pas comme les autres ? Son surnom suscite l\u2019intrigue, et pourtant, sa richesse a \u00e9t\u00e9 prouv\u00e9 \u00e0 de nombreuses reprises\u2026 Nous avons le plaisir de mettre sur le devant de la sc\u00e8ne la\u00a0griffe de chat\u00a0! Griffe de chat : qu\u2019est ce que c\u2019est ?\u00a0 Pour les curieux qui pensaient [&#8230;]","protected":false},"featured_media":1592,"template":"","meta":[],"product_brand":[],"product_cat":[28],"product_tag":[],"class_list":{"0":"post-1594","1":"product","2":"type-product","3":"status-publish","4":"has-post-thumbnail","6":"product_cat-divers","8":"first","9":"outofstock","10":"shipping-taxable","11":"purchasable","12":"product-type-simple"},"yoast_head":"<!-- This site is optimized with the Yoast SEO plugin v26.6 - https:\/\/yoast.com\/wordpress\/plugins\/seo\/ -->\n<title>Griffe de chat (Uncaria tomentosa) I Liane du P\u00e9rou I 100% naturelle<\/title>\n<meta name=\"description\" content=\"Son surnom suscite l\u2019intrigue, et pourtant, sa richesse a \u00e9t\u00e9 prouv\u00e9 \u00e0 de nombreuses reprises\u2026 D\u00e9couvrez la\u00a0griffe de chat\u00a0!\u00a0\" \/>\n<meta name=\"robots\" content=\"index, follow, max-snippet:-1, max-image-preview:large, max-video-preview:-1\" \/>\n<link rel=\"canonical\" href=\"https:\/\/www.safinel.fr\/de\/product-2\/katzenkralle\/\" \/>\n<meta property=\"og:locale\" content=\"de_DE\" \/>\n<meta property=\"og:type\" content=\"article\" \/>\n<meta property=\"og:title\" content=\"Griffe de chat (Uncaria tomentosa) I Liane du P\u00e9rou I 100% naturelle\" \/>\n<meta property=\"og:description\" content=\"Son surnom suscite l\u2019intrigue, et pourtant, sa richesse a \u00e9t\u00e9 prouv\u00e9 \u00e0 de nombreuses reprises\u2026 D\u00e9couvrez la\u00a0griffe de chat\u00a0!\u00a0\" \/>\n<meta property=\"og:url\" content=\"https:\/\/www.safinel.fr\/de\/product-2\/katzenkralle\/\" \/>\n<meta property=\"og:site_name\" content=\"Safinel\" \/>\n<meta property=\"article:modified_time\" content=\"2024-01-21T21:54:35+00:00\" \/>\n<meta property=\"og:image\" content=\"https:\/\/www.safinel.fr\/wp-content\/uploads\/2022\/06\/griffe-de-chat.jpg\" \/>\n\t<meta property=\"og:image:width\" content=\"600\" \/>\n\t<meta property=\"og:image:height\" content=\"600\" \/>\n\t<meta property=\"og:image:type\" content=\"image\/jpeg\" \/>\n<meta name=\"twitter:card\" content=\"summary_large_image\" \/>\n<meta name=\"twitter:label1\" content=\"Gesch\u00e4tzte Lesezeit\" \/>\n\t<meta name=\"twitter:data1\" content=\"3\u00a0Minuten\" \/>\n<script type=\"application\/ld+json\" class=\"yoast-schema-graph\">{\"@context\":\"https:\/\/schema.org\",\"@graph\":[{\"@type\":\"WebPage\",\"@id\":\"https:\/\/www.safinel.fr\/produit\/griffe-de-chat\/\",\"url\":\"https:\/\/www.safinel.fr\/produit\/griffe-de-chat\/\",\"name\":\"Griffe de chat (Uncaria tomentosa) I Liane du P\u00e9rou I 100% naturelle\",\"isPartOf\":{\"@id\":\"https:\/\/www.safinel.fr\/#website\"},\"primaryImageOfPage\":{\"@id\":\"https:\/\/www.safinel.fr\/produit\/griffe-de-chat\/#primaryimage\"},\"image\":{\"@id\":\"https:\/\/www.safinel.fr\/produit\/griffe-de-chat\/#primaryimage\"},\"thumbnailUrl\":\"https:\/\/www.safinel.fr\/wp-content\/uploads\/2022\/06\/griffe-de-chat.jpg\",\"datePublished\":\"2022-06-29T11:32:13+00:00\",\"dateModified\":\"2024-01-21T21:54:35+00:00\",\"description\":\"Son surnom suscite l\u2019intrigue, et pourtant, sa richesse a \u00e9t\u00e9 prouv\u00e9 \u00e0 de nombreuses reprises\u2026 D\u00e9couvrez la\u00a0griffe de chat\u00a0!\u00a0\",\"breadcrumb\":{\"@id\":\"https:\/\/www.safinel.fr\/produit\/griffe-de-chat\/#breadcrumb\"},\"inLanguage\":\"de\",\"potentialAction\":[{\"@type\":\"ReadAction\",\"target\":[\"https:\/\/www.safinel.fr\/produit\/griffe-de-chat\/\"]}]},{\"@type\":\"ImageObject\",\"inLanguage\":\"de\",\"@id\":\"https:\/\/www.safinel.fr\/produit\/griffe-de-chat\/#primaryimage\",\"url\":\"https:\/\/www.safinel.fr\/wp-content\/uploads\/2022\/06\/griffe-de-chat.jpg\",\"contentUrl\":\"https:\/\/www.safinel.fr\/wp-content\/uploads\/2022\/06\/griffe-de-chat.jpg\",\"width\":600,\"height\":600,\"caption\":\"Griffe de chat 50g\"},{\"@type\":\"BreadcrumbList\",\"@id\":\"https:\/\/www.safinel.fr\/produit\/griffe-de-chat\/#breadcrumb\",\"itemListElement\":[{\"@type\":\"ListItem\",\"position\":1,\"name\":\"Accueil\",\"item\":\"https:\/\/www.safinel.fr\/\"},{\"@type\":\"ListItem\",\"position\":2,\"name\":\"Boutique\",\"item\":\"https:\/\/www.safinel.fr\/boutique\/\"},{\"@type\":\"ListItem\",\"position\":3,\"name\":\"Griffe de chat 50g\"}]},{\"@type\":\"WebSite\",\"@id\":\"https:\/\/www.safinel.fr\/#website\",\"url\":\"https:\/\/www.safinel.fr\/\",\"name\":\"Safinel\",\"description\":\"\",\"publisher\":{\"@id\":\"https:\/\/www.safinel.fr\/#organization\"},\"potentialAction\":[{\"@type\":\"SearchAction\",\"target\":{\"@type\":\"EntryPoint\",\"urlTemplate\":\"https:\/\/www.safinel.fr\/?s={search_term_string}\"},\"query-input\":{\"@type\":\"PropertyValueSpecification\",\"valueRequired\":true,\"valueName\":\"search_term_string\"}}],\"inLanguage\":\"de\"},{\"@type\":\"Organization\",\"@id\":\"https:\/\/www.safinel.fr\/#organization\",\"name\":\"Safinel\",\"url\":\"https:\/\/www.safinel.fr\/\",\"logo\":{\"@type\":\"ImageObject\",\"inLanguage\":\"de\",\"@id\":\"https:\/\/www.safinel.fr\/#\/schema\/logo\/image\/\",\"url\":\"https:\/\/www.safinel.fr\/wp-content\/uploads\/2021\/05\/boutique-cosmetique.png\",\"contentUrl\":\"https:\/\/www.safinel.fr\/wp-content\/uploads\/2021\/05\/boutique-cosmetique.png\",\"width\":800,\"height\":200,\"caption\":\"Safinel\"},\"image\":{\"@id\":\"https:\/\/www.safinel.fr\/#\/schema\/logo\/image\/\"}}]}<\/script>\n<!-- \/ Yoast SEO plugin. -->","yoast_head_json":{"title":"Katzenkralle (Uncaria tomentosa) I Peruanische Liane I 100% nat\u00fcrlich","description":"Ihr Spitzname weckt Intrigen, und doch wurde ihr Reichtum schon mehrfach bewiesen... Entdecken Sie die Katzenkralle!\u00a0","robots":{"index":"index","follow":"follow","max-snippet":"max-snippet:-1","max-image-preview":"max-image-preview:large","max-video-preview":"max-video-preview:-1"},"canonical":"https:\/\/www.safinel.fr\/de\/product-2\/katzenkralle\/","og_locale":"de_DE","og_type":"article","og_title":"Griffe de chat (Uncaria tomentosa) I Liane du P\u00e9rou I 100% naturelle","og_description":"Son surnom suscite l\u2019intrigue, et pourtant, sa richesse a \u00e9t\u00e9 prouv\u00e9 \u00e0 de nombreuses reprises\u2026 D\u00e9couvrez la\u00a0griffe de chat\u00a0!\u00a0","og_url":"https:\/\/www.safinel.fr\/de\/product-2\/katzenkralle\/","og_site_name":"Safinel","article_modified_time":"2024-01-21T21:54:35+00:00","og_image":[{"width":600,"height":600,"url":"https:\/\/www.safinel.fr\/wp-content\/uploads\/2022\/06\/griffe-de-chat.jpg","type":"image\/jpeg"}],"twitter_card":"summary_large_image","twitter_misc":{"Gesch\u00e4tzte Lesezeit":"3\u00a0Minuten"},"schema":{"@context":"https:\/\/schema.org","@graph":[{"@type":"WebPage","@id":"https:\/\/www.safinel.fr\/produit\/griffe-de-chat\/","url":"https:\/\/www.safinel.fr\/produit\/griffe-de-chat\/","name":"Katzenkralle (Uncaria tomentosa) I Peruanische Liane I 100% nat\u00fcrlich","isPartOf":{"@id":"https:\/\/www.safinel.fr\/#website"},"primaryImageOfPage":{"@id":"https:\/\/www.safinel.fr\/produit\/griffe-de-chat\/#primaryimage"},"image":{"@id":"https:\/\/www.safinel.fr\/produit\/griffe-de-chat\/#primaryimage"},"thumbnailUrl":"https:\/\/www.safinel.fr\/wp-content\/uploads\/2022\/06\/griffe-de-chat.jpg","datePublished":"2022-06-29T11:32:13+00:00","dateModified":"2024-01-21T21:54:35+00:00","description":"Ihr Spitzname weckt Intrigen, und doch wurde ihr Reichtum schon mehrfach bewiesen... Entdecken Sie die Katzenkralle!\u00a0","breadcrumb":{"@id":"https:\/\/www.safinel.fr\/produit\/griffe-de-chat\/#breadcrumb"},"inLanguage":"de","potentialAction":[{"@type":"ReadAction","target":["https:\/\/www.safinel.fr\/produit\/griffe-de-chat\/"]}]},{"@type":"ImageObject","inLanguage":"de","@id":"https:\/\/www.safinel.fr\/produit\/griffe-de-chat\/#primaryimage","url":"https:\/\/www.safinel.fr\/wp-content\/uploads\/2022\/06\/griffe-de-chat.jpg","contentUrl":"https:\/\/www.safinel.fr\/wp-content\/uploads\/2022\/06\/griffe-de-chat.jpg","width":600,"height":600,"caption":"Griffe de chat 50g"},{"@type":"BreadcrumbList","@id":"https:\/\/www.safinel.fr\/produit\/griffe-de-chat\/#breadcrumb","itemListElement":[{"@type":"ListItem","position":1,"name":"Accueil","item":"https:\/\/www.safinel.fr\/"},{"@type":"ListItem","position":2,"name":"Boutique","item":"https:\/\/www.safinel.fr\/boutique\/"},{"@type":"ListItem","position":3,"name":"Griffe de chat 50g"}]},{"@type":"WebSite","@id":"https:\/\/www.safinel.fr\/#website","url":"https:\/\/www.safinel.fr\/","name":"Safinel","description":"","publisher":{"@id":"https:\/\/www.safinel.fr\/#organization"},"potentialAction":[{"@type":"SearchAction","target":{"@type":"EntryPoint","urlTemplate":"https:\/\/www.safinel.fr\/?s={search_term_string}"},"query-input":{"@type":"PropertyValueSpecification","valueRequired":true,"valueName":"search_term_string"}}],"inLanguage":"de"},{"@type":"Organization","@id":"https:\/\/www.safinel.fr\/#organization","name":"Safinel","url":"https:\/\/www.safinel.fr\/","logo":{"@type":"ImageObject","inLanguage":"de","@id":"https:\/\/www.safinel.fr\/#\/schema\/logo\/image\/","url":"https:\/\/www.safinel.fr\/wp-content\/uploads\/2021\/05\/boutique-cosmetique.png","contentUrl":"https:\/\/www.safinel.fr\/wp-content\/uploads\/2021\/05\/boutique-cosmetique.png","width":800,"height":200,"caption":"Safinel"},"image":{"@id":"https:\/\/www.safinel.fr\/#\/schema\/logo\/image\/"}}]}},"_links":{"self":[{"href":"https:\/\/www.safinel.fr\/de\/wp-json\/wp\/v2\/product\/1594","targetHints":{"allow":["GET"]}}],"collection":[{"href":"https:\/\/www.safinel.fr\/de\/wp-json\/wp\/v2\/product"}],"about":[{"href":"https:\/\/www.safinel.fr\/de\/wp-json\/wp\/v2\/types\/product"}],"wp:featuredmedia":[{"embeddable":true,"href":"https:\/\/www.safinel.fr\/de\/wp-json\/wp\/v2\/media\/1592"}],"wp:attachment":[{"href":"https:\/\/www.safinel.fr\/de\/wp-json\/wp\/v2\/media?parent=1594"}],"wp:term":[{"taxonomy":"product_brand","embeddable":true,"href":"https:\/\/www.safinel.fr\/de\/wp-json\/wp\/v2\/product_brand?post=1594"},{"taxonomy":"product_cat","embeddable":true,"href":"https:\/\/www.safinel.fr\/de\/wp-json\/wp\/v2\/product_cat?post=1594"},{"taxonomy":"product_tag","embeddable":true,"href":"https:\/\/www.safinel.fr\/de\/wp-json\/wp\/v2\/product_tag?post=1594"}],"curies":[{"name":"wp","href":"https:\/\/api.w.org\/{rel}","templated":true}]}}