{"id":1590,"date":"2024-08-07T03:30:44","date_gmt":"2024-08-07T03:30:44","guid":{"rendered":"https:\/\/www.safinel.fr\/?post_type=product&#038;p=1590"},"modified":"2024-08-07T09:24:35","modified_gmt":"2024-08-07T09:24:35","slug":"gummi-arabicum-pulver","status":"publish","type":"product","link":"https:\/\/www.safinel.fr\/de\/product-2\/gummi-arabicum-pulver\/","title":{"rendered":"Gummi arabicum Pulver und ganz 100g"},"content":{"rendered":"<p>Wenn Sie noch nicht von der\u00a0<strong>Gummi arabicum-Pulver<\/strong>\u00a0und seinen zahlreichen Vorteilen, ist es an der Zeit, etwas dagegen zu unternehmen...<\/p>\n<p>Nehmen Sie Platz und machen Sie Bekanntschaft mit einem Schatz der Natur!<\/p>\n<h2><strong>Wie w\u00e4re es, wenn wir Ihnen das Gummiarabikum in Pulverform vorstellen?\u00a0<\/strong><\/h2>\n<p>Wenn manche sich fragen, was die\u00a0<strong>Gummi arabicum<\/strong>, Wenn Sie sich nicht sicher sind, ob Sie die richtige Wahl getroffen haben, bleiben Sie sitzen. Es wird als eine Legierung aus Kalium, Kalzium, aber auch Magnesium angesehen und ist f\u00fcr manche einfach ein<strong>\u00a0nat\u00fcrliches Kohlenhydrat<\/strong>\u00a0!<\/p>\n<p>Wenn Sie wissen m\u00f6chten, woher sie stammt, sollten Sie wissen, dass sie von einem Baum stammt, der als Akazie bekannt ist.<\/p>\n<p>Au\u00dferdem sind dieser Gummi und sein Aussehen wie eine S\u00fc\u00dfigkeit f\u00fcr Kenner die Summe einer\u00a0<strong>verfestigter Pflanzensaft.<\/strong>\u00a0Die bekanntesten von ihnen befinden sich zwar meist im Sudan, aber auch Senegal, \u00c4gypten und Mali stehen ihnen in nichts nach.<\/p>\n<p>In der Tat wird Gummiarabikum in Pulverform wegen seiner gesundheitlichen Vorteile in diesen Gemeinschaften sehr h\u00e4ufig verwendet, und auch der Westen ist davon begeistert! Ihr Safinel Shop ist wie \u00fcblich darauf bedacht, die folgenden Produkte zu pr\u00e4sentieren<strong>\u00a0Naturprodukte\u00a0<\/strong>Z\u00f6gern Sie nicht l\u00e4nger und lassen Sie sich von diesem Radiergummi \u00fcberraschen, der viele \u00dcberraschungen bereith\u00e4lt.<\/p>\n<h2><strong>Die ber\u00fchmten Tugenden des Gummiarabikums in Pulverform...\u00a0<\/strong><\/h2>\n<p>Wir kennen Ihre legend\u00e4re Neugierde, deshalb bem\u00fchen wir uns, Ihnen einige Details \u00fcber dieses nat\u00fcrliche Produkt mit seinen zahlreichen Vorteilen zu liefern! Auch wenn sein Aussehen auf den ersten Blick appetitlich aussieht, k\u00f6nnen wir Ihnen sagen, dass er Sie noch mehr \u00fcberraschen k\u00f6nnte! Es ist an der Zeit, die vielen Vorteile dieses nat\u00fcrlichen Schatzes kennen zu lernen.<\/p>\n<ul>\n<li>Sie kann als Vorteil f\u00fcr die\u00a0<strong>Gewichtsverlust<\/strong><\/li>\n<li>Ein Pluspunkt bei bestimmten Problemen im Zusammenhang mit dem Dickdarm<\/li>\n<li>Nat\u00fcrliches Antibiotikum<\/li>\n<li>Kann bei der Bek\u00e4mpfung von\u2019<strong>Bluthochdruck\u00a0<\/strong><\/li>\n<li>Gut auch gegen bestimmte Nierenerkrankungen<\/li>\n<li>Sie hat auch einen hohen Kalziumgehalt<\/li>\n<\/ul>\n<p>Sie haben es verstanden, diese<strong>\u00a0pflanzliches Pulver\u00a0<\/strong>ist voll von Vorteilen, die vielen von uns Freude bereiten! Und wie werden Sie jetzt darauf verzichten?<\/p>\n<h2><strong>Einige Tipps zur Verwendung von Gummiarabikum-Pulver<\/strong><\/h2>\n<p>Wenn auch Sie von den zahlreichen Tugenden profitieren m\u00f6chten, die von diesem\u00a0<strong>verfestigter Pflanzensaft<\/strong>, Wenn Sie sich nicht sicher sind, was Sie tun sollen, werden wir Ihnen mehr erz\u00e4hlen...<\/p>\n<p>Um angemessene Ergebnisse zu erzielen, k\u00f6nnen Sie es als Kur einnehmen! Das hei\u00dft, jeden Tag und am besten auf n\u00fcchternen Magen. Wie<strong>\u00a0einen Kr\u00e4utertee<\/strong>, Lassen Sie Ihr Gummiarabikum-Pulver ziehen, damit Sie nach der Zubereitung von diesem nat\u00fcrlichen Schatz profitieren k\u00f6nnen.<\/p>\n<h3><strong>Natur und Wellness: eine mehr als zufriedenstellende Kombi<\/strong><\/h3>\n<p>Sie m\u00f6chten sich in Ihrer Haut wohlf\u00fchlen und dabei mit nat\u00fcrlichen Produkten zu tun haben? Ihr Safinel Shop hat wahrscheinlich die L\u00f6sung!<\/p>\n<ul>\n<li>Wie w\u00e4re es, wenn Sie die\u2019<strong><a href=\"https:\/\/www.safinel.fr\/de\/product-2\/yokebe\/\">Yokebe-\u00d6l<\/a>\u00a0<\/strong>? Meine Damen, machen Sie sich bereit, Eifersucht zu wecken!<\/li>\n<\/ul>\n<ul>\n<li>Dar\u00fcber hinaus haben Sie auch die M\u00f6glichkeit, mit der<strong>\u00a0<a href=\"https:\/\/www.safinel.fr\/de\/product-2\/katzenkralle\/\">Katzenkralle<\/a>\u00a0<\/strong>und seine zahlreichen Vorteile!<\/li>\n<\/ul>\n<p>Ihr auf Wellness-Produkte spezialisierter Onlineshop ist immer darauf bedacht, Ihnen Artikel anzubieten, die Ihnen n\u00fctzlich sein k\u00f6nnten!<\/p>","protected":false},"excerpt":{"rendered":"<p>Si vous n\u2019avez pas encore entendu parler de la\u00a0gomme arabique en poudre\u00a0et de ses nombreux bienfaits, il est temps d\u2019y rem\u00e9dier\u2026 Prenez place et faites la rencontre d\u2019un tr\u00e9sor de la nature ! Et si on vous pr\u00e9sentait la gomme arabique en poudre ?\u00a0 Si certains se demandent ce qu\u2019est la\u00a0gomme arabique, restez bien install\u00e9, [&#8230;]","protected":false},"featured_media":14650,"template":"","meta":[],"product_brand":[],"product_cat":[28],"product_tag":[],"class_list":{"0":"post-1590","1":"product","2":"type-product","3":"status-publish","4":"has-post-thumbnail","6":"product_cat-divers","8":"first","9":"instock","10":"shipping-taxable","11":"purchasable","12":"product-type-variable"},"yoast_head":"<!-- This site is optimized with the Yoast SEO plugin v26.6 - https:\/\/yoast.com\/wordpress\/plugins\/seo\/ -->\n<title>Gomme arabique I Contenance 150g I Marque El Nasr<\/title>\n<meta name=\"description\" content=\"Si vous n\u2019avez pas encore entendu parler de la\u00a0gomme arabique en poudre\u00a0et de ses nombreux bienfaits, il est temps d\u2019y rem\u00e9dier\u2026\" \/>\n<meta name=\"robots\" content=\"index, follow, max-snippet:-1, max-image-preview:large, max-video-preview:-1\" \/>\n<link rel=\"canonical\" href=\"https:\/\/www.safinel.fr\/de\/product-2\/gummi-arabicum-pulver\/\" \/>\n<meta property=\"og:locale\" content=\"de_DE\" \/>\n<meta property=\"og:type\" content=\"article\" \/>\n<meta property=\"og:title\" content=\"Gomme arabique I Contenance 150g I Marque El Nasr\" \/>\n<meta property=\"og:description\" content=\"Si vous n\u2019avez pas encore entendu parler de la\u00a0gomme arabique en poudre\u00a0et de ses nombreux bienfaits, il est temps d\u2019y rem\u00e9dier\u2026\" \/>\n<meta property=\"og:url\" content=\"https:\/\/www.safinel.fr\/de\/product-2\/gummi-arabicum-pulver\/\" \/>\n<meta property=\"og:site_name\" content=\"Safinel\" \/>\n<meta property=\"article:modified_time\" content=\"2024-08-07T09:24:35+00:00\" \/>\n<meta property=\"og:image\" content=\"https:\/\/www.safinel.fr\/wp-content\/uploads\/2022\/06\/gomme-arabique-en-poudre.jpg\" \/>\n\t<meta property=\"og:image:width\" content=\"600\" \/>\n\t<meta property=\"og:image:height\" content=\"600\" \/>\n\t<meta property=\"og:image:type\" content=\"image\/jpeg\" \/>\n<meta name=\"twitter:card\" content=\"summary_large_image\" \/>\n<meta name=\"twitter:label1\" content=\"Gesch\u00e4tzte Lesezeit\" \/>\n\t<meta name=\"twitter:data1\" content=\"3\u00a0Minuten\" \/>\n<script type=\"application\/ld+json\" class=\"yoast-schema-graph\">{\"@context\":\"https:\/\/schema.org\",\"@graph\":[{\"@type\":\"WebPage\",\"@id\":\"https:\/\/www.safinel.fr\/produit\/gomme-arabique-en-poudre\/\",\"url\":\"https:\/\/www.safinel.fr\/produit\/gomme-arabique-en-poudre\/\",\"name\":\"Gomme arabique I Contenance 150g I Marque El Nasr\",\"isPartOf\":{\"@id\":\"https:\/\/www.safinel.fr\/#website\"},\"primaryImageOfPage\":{\"@id\":\"https:\/\/www.safinel.fr\/produit\/gomme-arabique-en-poudre\/#primaryimage\"},\"image\":{\"@id\":\"https:\/\/www.safinel.fr\/produit\/gomme-arabique-en-poudre\/#primaryimage\"},\"thumbnailUrl\":\"https:\/\/www.safinel.fr\/wp-content\/uploads\/2022\/06\/gomme-arabique-en-poudre.jpg\",\"datePublished\":\"2024-08-07T03:30:44+00:00\",\"dateModified\":\"2024-08-07T09:24:35+00:00\",\"description\":\"Si vous n\u2019avez pas encore entendu parler de la\u00a0gomme arabique en poudre\u00a0et de ses nombreux bienfaits, il est temps d\u2019y rem\u00e9dier\u2026\",\"breadcrumb\":{\"@id\":\"https:\/\/www.safinel.fr\/produit\/gomme-arabique-en-poudre\/#breadcrumb\"},\"inLanguage\":\"de\",\"potentialAction\":[{\"@type\":\"ReadAction\",\"target\":[\"https:\/\/www.safinel.fr\/produit\/gomme-arabique-en-poudre\/\"]}]},{\"@type\":\"ImageObject\",\"inLanguage\":\"de\",\"@id\":\"https:\/\/www.safinel.fr\/produit\/gomme-arabique-en-poudre\/#primaryimage\",\"url\":\"https:\/\/www.safinel.fr\/wp-content\/uploads\/2022\/06\/gomme-arabique-en-poudre.jpg\",\"contentUrl\":\"https:\/\/www.safinel.fr\/wp-content\/uploads\/2022\/06\/gomme-arabique-en-poudre.jpg\",\"width\":600,\"height\":600,\"caption\":\"gomme arabique en poudre\"},{\"@type\":\"BreadcrumbList\",\"@id\":\"https:\/\/www.safinel.fr\/produit\/gomme-arabique-en-poudre\/#breadcrumb\",\"itemListElement\":[{\"@type\":\"ListItem\",\"position\":1,\"name\":\"Accueil\",\"item\":\"https:\/\/www.safinel.fr\/\"},{\"@type\":\"ListItem\",\"position\":2,\"name\":\"Boutique\",\"item\":\"https:\/\/www.safinel.fr\/boutique\/\"},{\"@type\":\"ListItem\",\"position\":3,\"name\":\"Gomme arabique en poudre et enti\u00e8re 100g\"}]},{\"@type\":\"WebSite\",\"@id\":\"https:\/\/www.safinel.fr\/#website\",\"url\":\"https:\/\/www.safinel.fr\/\",\"name\":\"Safinel\",\"description\":\"\",\"publisher\":{\"@id\":\"https:\/\/www.safinel.fr\/#organization\"},\"potentialAction\":[{\"@type\":\"SearchAction\",\"target\":{\"@type\":\"EntryPoint\",\"urlTemplate\":\"https:\/\/www.safinel.fr\/?s={search_term_string}\"},\"query-input\":{\"@type\":\"PropertyValueSpecification\",\"valueRequired\":true,\"valueName\":\"search_term_string\"}}],\"inLanguage\":\"de\"},{\"@type\":\"Organization\",\"@id\":\"https:\/\/www.safinel.fr\/#organization\",\"name\":\"Safinel\",\"url\":\"https:\/\/www.safinel.fr\/\",\"logo\":{\"@type\":\"ImageObject\",\"inLanguage\":\"de\",\"@id\":\"https:\/\/www.safinel.fr\/#\/schema\/logo\/image\/\",\"url\":\"https:\/\/www.safinel.fr\/wp-content\/uploads\/2021\/05\/boutique-cosmetique.png\",\"contentUrl\":\"https:\/\/www.safinel.fr\/wp-content\/uploads\/2021\/05\/boutique-cosmetique.png\",\"width\":800,\"height\":200,\"caption\":\"Safinel\"},\"image\":{\"@id\":\"https:\/\/www.safinel.fr\/#\/schema\/logo\/image\/\"}}]}<\/script>\n<!-- \/ Yoast SEO plugin. -->","yoast_head_json":{"title":"Gummi arabicum I Inhalt 150g I Marke El Nasr","description":"Wenn Sie noch nichts von Gummiarabikum-Pulver und seinen zahlreichen Vorteilen geh\u00f6rt haben, wird es h\u00f6chste Zeit, das zu \u00e4ndern...","robots":{"index":"index","follow":"follow","max-snippet":"max-snippet:-1","max-image-preview":"max-image-preview:large","max-video-preview":"max-video-preview:-1"},"canonical":"https:\/\/www.safinel.fr\/de\/product-2\/gummi-arabicum-pulver\/","og_locale":"de_DE","og_type":"article","og_title":"Gomme arabique I Contenance 150g I Marque El Nasr","og_description":"Si vous n\u2019avez pas encore entendu parler de la\u00a0gomme arabique en poudre\u00a0et de ses nombreux bienfaits, il est temps d\u2019y rem\u00e9dier\u2026","og_url":"https:\/\/www.safinel.fr\/de\/product-2\/gummi-arabicum-pulver\/","og_site_name":"Safinel","article_modified_time":"2024-08-07T09:24:35+00:00","og_image":[{"width":600,"height":600,"url":"https:\/\/www.safinel.fr\/wp-content\/uploads\/2022\/06\/gomme-arabique-en-poudre.jpg","type":"image\/jpeg"}],"twitter_card":"summary_large_image","twitter_misc":{"Gesch\u00e4tzte Lesezeit":"3\u00a0Minuten"},"schema":{"@context":"https:\/\/schema.org","@graph":[{"@type":"WebPage","@id":"https:\/\/www.safinel.fr\/produit\/gomme-arabique-en-poudre\/","url":"https:\/\/www.safinel.fr\/produit\/gomme-arabique-en-poudre\/","name":"Gummi arabicum I Inhalt 150g I Marke El Nasr","isPartOf":{"@id":"https:\/\/www.safinel.fr\/#website"},"primaryImageOfPage":{"@id":"https:\/\/www.safinel.fr\/produit\/gomme-arabique-en-poudre\/#primaryimage"},"image":{"@id":"https:\/\/www.safinel.fr\/produit\/gomme-arabique-en-poudre\/#primaryimage"},"thumbnailUrl":"https:\/\/www.safinel.fr\/wp-content\/uploads\/2022\/06\/gomme-arabique-en-poudre.jpg","datePublished":"2024-08-07T03:30:44+00:00","dateModified":"2024-08-07T09:24:35+00:00","description":"Wenn Sie noch nichts von Gummiarabikum-Pulver und seinen zahlreichen Vorteilen geh\u00f6rt haben, wird es h\u00f6chste Zeit, das zu \u00e4ndern...","breadcrumb":{"@id":"https:\/\/www.safinel.fr\/produit\/gomme-arabique-en-poudre\/#breadcrumb"},"inLanguage":"de","potentialAction":[{"@type":"ReadAction","target":["https:\/\/www.safinel.fr\/produit\/gomme-arabique-en-poudre\/"]}]},{"@type":"ImageObject","inLanguage":"de","@id":"https:\/\/www.safinel.fr\/produit\/gomme-arabique-en-poudre\/#primaryimage","url":"https:\/\/www.safinel.fr\/wp-content\/uploads\/2022\/06\/gomme-arabique-en-poudre.jpg","contentUrl":"https:\/\/www.safinel.fr\/wp-content\/uploads\/2022\/06\/gomme-arabique-en-poudre.jpg","width":600,"height":600,"caption":"gomme arabique en poudre"},{"@type":"BreadcrumbList","@id":"https:\/\/www.safinel.fr\/produit\/gomme-arabique-en-poudre\/#breadcrumb","itemListElement":[{"@type":"ListItem","position":1,"name":"Accueil","item":"https:\/\/www.safinel.fr\/"},{"@type":"ListItem","position":2,"name":"Boutique","item":"https:\/\/www.safinel.fr\/boutique\/"},{"@type":"ListItem","position":3,"name":"Gomme arabique en poudre et enti\u00e8re 100g"}]},{"@type":"WebSite","@id":"https:\/\/www.safinel.fr\/#website","url":"https:\/\/www.safinel.fr\/","name":"Safinel","description":"","publisher":{"@id":"https:\/\/www.safinel.fr\/#organization"},"potentialAction":[{"@type":"SearchAction","target":{"@type":"EntryPoint","urlTemplate":"https:\/\/www.safinel.fr\/?s={search_term_string}"},"query-input":{"@type":"PropertyValueSpecification","valueRequired":true,"valueName":"search_term_string"}}],"inLanguage":"de"},{"@type":"Organization","@id":"https:\/\/www.safinel.fr\/#organization","name":"Safinel","url":"https:\/\/www.safinel.fr\/","logo":{"@type":"ImageObject","inLanguage":"de","@id":"https:\/\/www.safinel.fr\/#\/schema\/logo\/image\/","url":"https:\/\/www.safinel.fr\/wp-content\/uploads\/2021\/05\/boutique-cosmetique.png","contentUrl":"https:\/\/www.safinel.fr\/wp-content\/uploads\/2021\/05\/boutique-cosmetique.png","width":800,"height":200,"caption":"Safinel"},"image":{"@id":"https:\/\/www.safinel.fr\/#\/schema\/logo\/image\/"}}]}},"_links":{"self":[{"href":"https:\/\/www.safinel.fr\/de\/wp-json\/wp\/v2\/product\/1590","targetHints":{"allow":["GET"]}}],"collection":[{"href":"https:\/\/www.safinel.fr\/de\/wp-json\/wp\/v2\/product"}],"about":[{"href":"https:\/\/www.safinel.fr\/de\/wp-json\/wp\/v2\/types\/product"}],"wp:featuredmedia":[{"embeddable":true,"href":"https:\/\/www.safinel.fr\/de\/wp-json\/wp\/v2\/media\/14650"}],"wp:attachment":[{"href":"https:\/\/www.safinel.fr\/de\/wp-json\/wp\/v2\/media?parent=1590"}],"wp:term":[{"taxonomy":"product_brand","embeddable":true,"href":"https:\/\/www.safinel.fr\/de\/wp-json\/wp\/v2\/product_brand?post=1590"},{"taxonomy":"product_cat","embeddable":true,"href":"https:\/\/www.safinel.fr\/de\/wp-json\/wp\/v2\/product_cat?post=1590"},{"taxonomy":"product_tag","embeddable":true,"href":"https:\/\/www.safinel.fr\/de\/wp-json\/wp\/v2\/product_tag?post=1590"}],"curies":[{"name":"wp","href":"https:\/\/api.w.org\/{rel}","templated":true}]}}