{"id":152,"date":"2021-06-23T16:34:19","date_gmt":"2021-06-23T16:34:19","guid":{"rendered":"https:\/\/www.safinel.fr\/?post_type=product&#038;p=152"},"modified":"2023-12-30T13:56:46","modified_gmt":"2023-12-30T13:56:46","slug":"chebe-pulver-100g","status":"publish","type":"product","link":"https:\/\/www.safinel.fr\/de\/product-2\/chebe-pulver-100g\/","title":{"rendered":"Ch\u00e9b\u00e9-Pulver 100g"},"content":{"rendered":"<p>Die<b> Ch\u00e9b\u00e9-Pulver<span class=\"Apple-converted-space\">\u00a0<\/span><\/b>geh\u00f6rt dank seiner fabelhaften Eigenschaften vollst\u00e4ndig zu unseren besten nat\u00fcrlichen Produkten.<span class=\"Apple-converted-space\">\u00a0<\/span><\/p>\n<p>Dieses aus Zentralafrika stammende zarte Pulver wurde schnell zu unserem Favoriten!<\/p>\n<p>Mit ihrer gezielten Wirkung auf das Haar \u00fcberrascht sie viele Kosmetikliebhaber... Jetzt sind Sie dran, sie zu testen!<\/p>\n<h2><b>Die warmen Urspr\u00fcnge des Ch\u00e9b\u00e9-Pulvers<\/b><\/h2>\n<p>Mit einem so originellen Namen erregt das Ch\u00e9b\u00e9-Pulver oft die Aufmerksamkeit der Neugierigsten. Und sie haben auch allen Grund dazu!<\/p>\n<p>Es w\u00e4re n\u00e4mlich bedauerlich, sich dieses im Tschad hergestellte Pulver entgehen zu lassen.<\/p>\n<p>Das Geheimnis der langen und sch\u00f6nen Haare der tschadischen Frauen wurde bei einem Stamm in einem weit entfernten Dorf entdeckt.<span class=\"Apple-converted-space\">\u00a0<\/span><\/p>\n<p>Seit vielen Generationen wird die tropische Ch\u00e9b\u00e9-Pflanze, auch bekannt als <b>Croton Zambezi, <\/b>ist Teil ihrer Kultur. Die Frauen verwendeten die Samen, die sie r\u00f6steten, um sie dann zu zersto\u00dfen. Die Samen wurden dann gequetscht und zu Pulver verarbeitet, was die intensive dunkle Farbe des Pulvers erkl\u00e4rt.<\/p>\n<p>So befeuchteten sie ihre Haare, um das Ch\u00e9b\u00e9-Pulver aufzutragen. Um sich dann die traditionellen Z\u00f6pfe mit dem Namen \u201c?\u201c<b>Gurus<\/b>\u201d.<\/p>\n<p>Diese <b>tschadisches Pulver<\/b> sammelt Wirkstoffe, die ihren Ruf widerspiegeln. Deshalb ist sie so weit gereist, bis sie in unseren H\u00e4nden landete - und bald auch in Ihren!<\/p>\n<h2><b>Ch\u00e9b\u00e9-Pulver von Safinel<\/b><\/h2>\n<p>Bei Safinel stehen Qualit\u00e4t und Effizienz an erster Stelle. Umso mehr, als Ihre Zufriedenheit unsere oberste Priorit\u00e4t bleibt.<\/p>\n<p>Deshalb sind wir so stolz darauf, Ihnen diesen <b>Naturkosmetik 100%,<\/b> mit Sorgfalt hergestellt. Dieser ist einfach zu verwenden, greift das Haar nicht an und hinterl\u00e4sst \u00fcberraschende Ergebnisse.<\/p>\n<p>Und damit es noch praktischer ist, pr\u00e4sentieren wir es Ihnen in einem wiederverschlie\u00dfbaren, umweltfreundlichen Kraftbeutel.<\/p>\n<p>Letzteres birgt ungeahnte Tugenden, die wir Sie beim Lesen entdecken lassen...<\/p>\n<h2><b>Ch\u00e9b\u00e9-Pulver: F\u00fcr wen?<\/b><\/h2>\n<p>Ch\u00e9b\u00e9-Pulver wird gesch\u00e4tzt von <b>alle Haartypen.<\/b> Aber haupts\u00e4chlich durch die <b>krauses, gesch\u00e4digtes, Afro- und insbesondere sehr trockenes Haar.<\/b><\/p>\n<p>Sie kann bei Personen, die auch auf die von ihnen verwendeten Haarprodukte achten, sehr wirksam sein.<\/p>\n<p>Um die Ergebnisse dieses Pulvers nicht zu zerst\u00f6ren, empfehlen wir Ihnen, gesunde Kosmetika zu verwenden. Mit anderen Worten: Vermeiden Sie chemische und billige Produkte.<\/p>\n<p>Ch\u00e9b\u00e9-Pulver, gefolgt von einem guten Shampoo und einer nat\u00fcrlichen Maske mit <a href=\"https:\/\/www.henne-cheveux.com\/produit\/henne-en-poudre-burgundy\/\" target=\"_blank\" rel=\"noopener\"><strong>Henna burgundy<\/strong><\/a> kann die perfekte Sch\u00f6nheitsroutine darstellen!<\/p>\n<h2><b>Ch\u00e9b\u00e9-Pulver und seine wunderbaren Vorteile<span class=\"Apple-converted-space\">\u00a0<\/span><\/b><\/h2>\n<p>Das echte Ch\u00e9b\u00e9-Pulver vereint tats\u00e4chlich eine Vielzahl von Vorteilen, hier die wichtigsten:<\/p>\n<ul>\n<li>Sie ist haupts\u00e4chlich bekannt f\u00fcr <b>das Wachstum aktivieren <\/b>Ihres Haares ;<\/li>\n<li>Sie ist reich an N\u00e4hrstoffen und versorgt Ihr Haar mit dem, was es braucht; ;<\/li>\n<li>Umso mehr, als diese <b>Samenstaub<\/b> hat die Macht, deutlich<b> den Schaden begrenzen <\/b>deiner Haare<b> <\/b>;<\/li>\n<li>Diese <b>tschadisches Pulver <\/b>hat eine gro\u00dfe F\u00e4higkeit zu <b>die Bildung von Spliss bremsen<\/b> ;<\/li>\n<li>Sie ist auch ausgezeichnet <b>gegen Haarausfall<\/b> ;<\/li>\n<li>Letzteres ist auch ein guter <b>st\u00e4rkend f\u00fcr die Haarfaser<\/b> ;<\/li>\n<li>Dar\u00fcber hinaus ist sie bekannt f\u00fcr<b> das Haar verdichten <\/b>um sie <b>festere<\/b> ;<\/li>\n<li>Ch\u00e9b\u00e9-Pulver hilft bei <b>Schuppen vorbeugen<\/b> ;<\/li>\n<li>\u00c4sthetisch gesehen hat sie die F\u00e4higkeit<b> unser Haar gl\u00e4nzender machen<\/b>. W\u00e4hrend sie ihnen eine <b>hohe Vitalit\u00e4t <\/b>und eine <b>tiefe Hydratation<\/b>. Neben\u2019<b>die Definition von Schleifen verbessern<\/b>.<\/li>\n<\/ul>\n<p>Mit all diesen Vorteilen ist das Ch\u00e9b\u00e9-Pulver einer professionellen Pflege w\u00fcrdig. Dazu muss man nur wissen, wie man es richtig anwendet.<\/p>\n<h3><b>Ihre neuen Sch\u00f6nheitsrituale dank des ber\u00fchmten Ch\u00e9b\u00e9-Pulvers<\/b><\/h3>\n<p>Das Ch\u00e9b\u00e9-Pulver kann je nach Wunsch auf verschiedene Arten verwendet werden:<\/p>\n<p><b>1\/ Durch Einweichen :<\/b><\/p>\n<p>Dazu geben Sie einfach etwas Ch\u00e9b\u00e9-Pulver in einen Beh\u00e4lter. Und decken Sie es je nach Wunsch mit Argan-, Jojoba- oder auch Oliven\u00f6l ca. 3 cm ab.<\/p>\n<p>Mischen Sie flei\u00dfig mithilfe eines Holzl\u00f6ffels. Verschlie\u00dfen Sie schlie\u00dflich mit dem Deckel des Beh\u00e4lters.<\/p>\n<p>Lassen Sie es 3 bis 4 Wochen stehen und sch\u00fctteln Sie das Glas gelegentlich. Mit der Zeit k\u00f6nnen Sie das \u00d6l z. B. mit einem Kaffeefilter filtern.<\/p>\n<p>Auf diese Weise ist Ihr \u00d6lbad noch effektiver.<\/p>\n<p>Zu beachten: Dieses \u00d6lmazerat ist etwa ein Jahr haltbar.<\/p>\n<p><b>2\/ Als Maske :<\/b><\/p>\n<p>Nehmen Sie eine Sch\u00fcssel und geben Sie einen Essl\u00f6ffel des Pulvers hinein. F\u00fcgen Sie dann unter R\u00fchren Ihre bevorzugten Pflanzen\u00f6le hinzu.<\/p>\n<p>Anschlie\u00dfend feuchten Sie Ihr Haar leicht an und teilen es in mehrere Abschnitte. So k\u00f6nnen Sie Ihre Spitzen und L\u00e4ngen, die vor dem Ansatz enden, mit dieser Mischung induzieren.<\/p>\n<p>Lassen Sie das Haar idealerweise drei Stunden einwirken, bevor Sie es shampoonieren.<\/p>\n<p><b>3\/ Und sogar in Form von Ch\u00e9b\u00e9-Butter :<\/b><\/p>\n<p>Schmelzen Sie die Sheabutter im Wasserbad und stellen Sie sie in den K\u00fchlschrank. Wenn ihre Textur cremig geworden ist, schlagen Sie sie mit einem elektrischen Handr\u00fchrger\u00e4t auf.<\/p>\n<p>Geben Sie das in Methode 1 gewonnene \u00d6l dazu und schlagen Sie es erneut mit dem Schneebesen.<\/p>\n<p><i>Der Trick:<\/i> Es ist m\u00f6glich, Tropfen von Vitamin E hinzuzuf\u00fcgen, um die Haltbarkeit zu verbessern.<span class=\"Apple-converted-space\">\u00a0<\/span><\/p>\n<p><i>Genie\u00dfen Sie das Ch\u00e9b\u00e9-Pulver 1 bis 2 Mal pro Woche f\u00fcr eine beispiellose Wirksamkeit!<\/i><\/p>\n<h3><b>Vorsichtsma\u00dfnahmen und Aufbewahrung<span class=\"Apple-converted-space\">\u00a0<\/span><\/b><\/h3>\n<ul>\n<li>Ch\u00e9b\u00e9-Pulver neigt dazu, schnell Flecken zu bilden, denken Sie also daran, auf Ihre Kleidung zu achten.<\/li>\n<li>Au\u00dferdem wird davon abgeraten, es auf die Kopfhaut aufzutragen. Ebenso sollten Sie bei Kontakt mit den Augen sofort mit klarem Wasser sp\u00fclen.<span class=\"Apple-converted-space\">\u00a0<\/span><\/li>\n<li>Bitte f\u00fchren Sie 24 bis 48 Stunden vorher einen Allergietest durch. Es ist auch selbstverst\u00e4ndlich unerl\u00e4sslich, dass Sie dieses Kosmetikum von Kindern fernhalten.<\/li>\n<li>Achten Sie au\u00dferdem darauf, dass Sie es an einem trockenen, k\u00fchlen und lichtgesch\u00fctzten Ort aufbewahren.<\/li>\n<\/ul>\n<h3><b>Lassen Sie uns den Schleier \u00fcber erstaunlichen Produkten l\u00fcften...<\/b><\/h3>\n<p>Denn nicht nur das Ch\u00e9b\u00e9-Pulver sorgt f\u00fcr Gespr\u00e4chsstoff.<\/p>\n<p>Wenn wir beim Thema \u201cWohlbefinden\u201d bleiben, hat Safinel reichlich M\u00f6glichkeiten, Sie mit :<\/p>\n<ul>\n<li>Seine fabelhafte <a href=\"https:\/\/www.safinel.fr\/de\/product-2\/muskatellersalbei\/\"><b>Muskatellersalbei<\/b><\/a> mit femininem Aussehen, um die Fruchtbarkeit zu verbessern und sich um sich selbst zu k\u00fcmmern ;<\/li>\n<li>Auch dank seines k\u00f6stlichen Kr\u00e4utertees mit <a href=\"https:\/\/www.safinel.fr\/de\/product-2\/kirschschwanze\/\"><b>Kirschschw\u00e4nze<\/b><\/a> ausgezeichnet f\u00fcr die Gesundheit ;<\/li>\n<li>Und unter anderem mit seinen genialen <a href=\"https:\/\/www.ma-fertilite.com\/produit\/feuilles-de-djeka\" target=\"_blank\" rel=\"noopener\"><b>Djeka-Bl\u00e4tter<\/b><\/a> um ihre Intimbereiche zu pflegen...<\/li>\n<\/ul>\n<p>Es liegt an Ihnen, diese <b>Naturjuwelen<\/b> dank unserer Tipps und Tricks!<\/p>","protected":false},"excerpt":{"rendered":"<p>Chebe-Pulver geh\u00f6rt dank seiner fantastischen Eigenschaften zu unseren besten Naturprodukten. Dieses zarte Pulver aus Zentralafrika hat sich schnell zu unserem Favoriten entwickelt! Mit seiner gezielten Wirkung auf das Haar \u00fcberrascht es viele Kosmetikliebhaber... Probieren Sie es selbst aus! Die warmen Urspr\u00fcnge von [\u2026]","protected":false},"featured_media":153,"template":"","meta":[],"product_brand":[],"product_cat":[148,27,110],"product_tag":[],"class_list":{"0":"post-152","1":"product","2":"type-product","3":"status-publish","4":"has-post-thumbnail","6":"product_cat-chebe","7":"product_cat-plantes-medicinales","8":"product_cat-poudre-cheveux-ayurvedique","10":"first","11":"instock","12":"shipping-taxable","13":"purchasable","14":"product-type-simple"},"yoast_head":"<!-- This site is optimized with the Yoast SEO plugin v26.6 - https:\/\/yoast.com\/wordpress\/plugins\/seo\/ -->\n<title>Poudre de ch\u00e9b\u00e9 | Recette poudre de ch\u00e9b\u00e9 | Achat s\u00e9curis\u00e9<\/title>\n<meta name=\"description\" content=\"La poudre de ch\u00e9b\u00e9 (poudre tchadienne)\u00a0fait int\u00e9gralement partie de nos meilleurs produits naturels gr\u00e2ce \u00e0 ses fabuleuses propri\u00e9t\u00e9s.\u00a0\" \/>\n<meta name=\"robots\" content=\"index, follow, max-snippet:-1, max-image-preview:large, max-video-preview:-1\" \/>\n<link rel=\"canonical\" href=\"https:\/\/www.safinel.fr\/de\/product-2\/chebe-pulver-100g\/\" \/>\n<meta property=\"og:locale\" content=\"de_DE\" \/>\n<meta property=\"og:type\" content=\"article\" \/>\n<meta property=\"og:title\" content=\"Poudre de ch\u00e9b\u00e9 | Recette poudre de ch\u00e9b\u00e9 | Achat s\u00e9curis\u00e9\" \/>\n<meta property=\"og:description\" content=\"La poudre de ch\u00e9b\u00e9 (poudre tchadienne)\u00a0fait int\u00e9gralement partie de nos meilleurs produits naturels gr\u00e2ce \u00e0 ses fabuleuses propri\u00e9t\u00e9s.\u00a0\" \/>\n<meta property=\"og:url\" content=\"https:\/\/www.safinel.fr\/de\/product-2\/chebe-pulver-100g\/\" \/>\n<meta property=\"og:site_name\" content=\"Safinel\" \/>\n<meta property=\"article:modified_time\" content=\"2023-12-30T13:56:46+00:00\" \/>\n<meta property=\"og:image\" content=\"https:\/\/www.safinel.fr\/wp-content\/uploads\/2021\/06\/poudre-chebe.jpg\" \/>\n\t<meta property=\"og:image:width\" content=\"1001\" \/>\n\t<meta property=\"og:image:height\" content=\"1001\" \/>\n\t<meta property=\"og:image:type\" content=\"image\/jpeg\" \/>\n<meta name=\"twitter:card\" content=\"summary_large_image\" \/>\n<meta name=\"twitter:label1\" content=\"Gesch\u00e4tzte Lesezeit\" \/>\n\t<meta name=\"twitter:data1\" content=\"5\u00a0Minuten\" \/>\n<script type=\"application\/ld+json\" class=\"yoast-schema-graph\">{\"@context\":\"https:\/\/schema.org\",\"@graph\":[{\"@type\":\"WebPage\",\"@id\":\"https:\/\/www.safinel.fr\/produit\/poudre-de-chebe-100g\/\",\"url\":\"https:\/\/www.safinel.fr\/produit\/poudre-de-chebe-100g\/\",\"name\":\"Poudre de ch\u00e9b\u00e9 | Recette poudre de ch\u00e9b\u00e9 | Achat s\u00e9curis\u00e9\",\"isPartOf\":{\"@id\":\"https:\/\/www.safinel.fr\/#website\"},\"primaryImageOfPage\":{\"@id\":\"https:\/\/www.safinel.fr\/produit\/poudre-de-chebe-100g\/#primaryimage\"},\"image\":{\"@id\":\"https:\/\/www.safinel.fr\/produit\/poudre-de-chebe-100g\/#primaryimage\"},\"thumbnailUrl\":\"https:\/\/www.safinel.fr\/wp-content\/uploads\/2021\/06\/poudre-chebe.jpg\",\"datePublished\":\"2021-06-23T16:34:19+00:00\",\"dateModified\":\"2023-12-30T13:56:46+00:00\",\"description\":\"La poudre de ch\u00e9b\u00e9 (poudre tchadienne)\u00a0fait int\u00e9gralement partie de nos meilleurs produits naturels gr\u00e2ce \u00e0 ses fabuleuses propri\u00e9t\u00e9s.\u00a0\",\"breadcrumb\":{\"@id\":\"https:\/\/www.safinel.fr\/produit\/poudre-de-chebe-100g\/#breadcrumb\"},\"inLanguage\":\"de\",\"potentialAction\":[{\"@type\":\"ReadAction\",\"target\":[\"https:\/\/www.safinel.fr\/produit\/poudre-de-chebe-100g\/\"]}]},{\"@type\":\"ImageObject\",\"inLanguage\":\"de\",\"@id\":\"https:\/\/www.safinel.fr\/produit\/poudre-de-chebe-100g\/#primaryimage\",\"url\":\"https:\/\/www.safinel.fr\/wp-content\/uploads\/2021\/06\/poudre-chebe.jpg\",\"contentUrl\":\"https:\/\/www.safinel.fr\/wp-content\/uploads\/2021\/06\/poudre-chebe.jpg\",\"width\":1001,\"height\":1001,\"caption\":\"Poudre de ch\u00e9b\u00e9 100g\"},{\"@type\":\"BreadcrumbList\",\"@id\":\"https:\/\/www.safinel.fr\/produit\/poudre-de-chebe-100g\/#breadcrumb\",\"itemListElement\":[{\"@type\":\"ListItem\",\"position\":1,\"name\":\"Accueil\",\"item\":\"https:\/\/www.safinel.fr\/\"},{\"@type\":\"ListItem\",\"position\":2,\"name\":\"Boutique\",\"item\":\"https:\/\/www.safinel.fr\/boutique\/\"},{\"@type\":\"ListItem\",\"position\":3,\"name\":\"Poudre de ch\u00e9b\u00e9 100g\"}]},{\"@type\":\"WebSite\",\"@id\":\"https:\/\/www.safinel.fr\/#website\",\"url\":\"https:\/\/www.safinel.fr\/\",\"name\":\"Safinel\",\"description\":\"\",\"publisher\":{\"@id\":\"https:\/\/www.safinel.fr\/#organization\"},\"potentialAction\":[{\"@type\":\"SearchAction\",\"target\":{\"@type\":\"EntryPoint\",\"urlTemplate\":\"https:\/\/www.safinel.fr\/?s={search_term_string}\"},\"query-input\":{\"@type\":\"PropertyValueSpecification\",\"valueRequired\":true,\"valueName\":\"search_term_string\"}}],\"inLanguage\":\"de\"},{\"@type\":\"Organization\",\"@id\":\"https:\/\/www.safinel.fr\/#organization\",\"name\":\"Safinel\",\"url\":\"https:\/\/www.safinel.fr\/\",\"logo\":{\"@type\":\"ImageObject\",\"inLanguage\":\"de\",\"@id\":\"https:\/\/www.safinel.fr\/#\/schema\/logo\/image\/\",\"url\":\"https:\/\/www.safinel.fr\/wp-content\/uploads\/2021\/05\/boutique-cosmetique.png\",\"contentUrl\":\"https:\/\/www.safinel.fr\/wp-content\/uploads\/2021\/05\/boutique-cosmetique.png\",\"width\":800,\"height\":200,\"caption\":\"Safinel\"},\"image\":{\"@id\":\"https:\/\/www.safinel.fr\/#\/schema\/logo\/image\/\"}}]}<\/script>\n<!-- \/ Yoast SEO plugin. -->","yoast_head_json":{"title":"Ch\u00e9b\u00e9pulver | Rezept Ch\u00e9b\u00e9pulver | Sicheres Einkaufen","description":"Ch\u00e9b\u00e9-Pulver (tschadisches Pulver) geh\u00f6rt dank seiner fabelhaften Eigenschaften zu unseren besten Naturprodukten.\u00a0","robots":{"index":"index","follow":"follow","max-snippet":"max-snippet:-1","max-image-preview":"max-image-preview:large","max-video-preview":"max-video-preview:-1"},"canonical":"https:\/\/www.safinel.fr\/de\/product-2\/chebe-pulver-100g\/","og_locale":"de_DE","og_type":"article","og_title":"Poudre de ch\u00e9b\u00e9 | Recette poudre de ch\u00e9b\u00e9 | Achat s\u00e9curis\u00e9","og_description":"La poudre de ch\u00e9b\u00e9 (poudre tchadienne)\u00a0fait int\u00e9gralement partie de nos meilleurs produits naturels gr\u00e2ce \u00e0 ses fabuleuses propri\u00e9t\u00e9s.\u00a0","og_url":"https:\/\/www.safinel.fr\/de\/product-2\/chebe-pulver-100g\/","og_site_name":"Safinel","article_modified_time":"2023-12-30T13:56:46+00:00","og_image":[{"width":1001,"height":1001,"url":"https:\/\/www.safinel.fr\/wp-content\/uploads\/2021\/06\/poudre-chebe.jpg","type":"image\/jpeg"}],"twitter_card":"summary_large_image","twitter_misc":{"Gesch\u00e4tzte Lesezeit":"5\u00a0Minuten"},"schema":{"@context":"https:\/\/schema.org","@graph":[{"@type":"WebPage","@id":"https:\/\/www.safinel.fr\/produit\/poudre-de-chebe-100g\/","url":"https:\/\/www.safinel.fr\/produit\/poudre-de-chebe-100g\/","name":"Ch\u00e9b\u00e9pulver | Rezept Ch\u00e9b\u00e9pulver | Sicheres Einkaufen","isPartOf":{"@id":"https:\/\/www.safinel.fr\/#website"},"primaryImageOfPage":{"@id":"https:\/\/www.safinel.fr\/produit\/poudre-de-chebe-100g\/#primaryimage"},"image":{"@id":"https:\/\/www.safinel.fr\/produit\/poudre-de-chebe-100g\/#primaryimage"},"thumbnailUrl":"https:\/\/www.safinel.fr\/wp-content\/uploads\/2021\/06\/poudre-chebe.jpg","datePublished":"2021-06-23T16:34:19+00:00","dateModified":"2023-12-30T13:56:46+00:00","description":"Ch\u00e9b\u00e9-Pulver (tschadisches Pulver) geh\u00f6rt dank seiner fabelhaften Eigenschaften zu unseren besten Naturprodukten.\u00a0","breadcrumb":{"@id":"https:\/\/www.safinel.fr\/produit\/poudre-de-chebe-100g\/#breadcrumb"},"inLanguage":"de","potentialAction":[{"@type":"ReadAction","target":["https:\/\/www.safinel.fr\/produit\/poudre-de-chebe-100g\/"]}]},{"@type":"ImageObject","inLanguage":"de","@id":"https:\/\/www.safinel.fr\/produit\/poudre-de-chebe-100g\/#primaryimage","url":"https:\/\/www.safinel.fr\/wp-content\/uploads\/2021\/06\/poudre-chebe.jpg","contentUrl":"https:\/\/www.safinel.fr\/wp-content\/uploads\/2021\/06\/poudre-chebe.jpg","width":1001,"height":1001,"caption":"Poudre de ch\u00e9b\u00e9 100g"},{"@type":"BreadcrumbList","@id":"https:\/\/www.safinel.fr\/produit\/poudre-de-chebe-100g\/#breadcrumb","itemListElement":[{"@type":"ListItem","position":1,"name":"Accueil","item":"https:\/\/www.safinel.fr\/"},{"@type":"ListItem","position":2,"name":"Boutique","item":"https:\/\/www.safinel.fr\/boutique\/"},{"@type":"ListItem","position":3,"name":"Poudre de ch\u00e9b\u00e9 100g"}]},{"@type":"WebSite","@id":"https:\/\/www.safinel.fr\/#website","url":"https:\/\/www.safinel.fr\/","name":"Safinel","description":"","publisher":{"@id":"https:\/\/www.safinel.fr\/#organization"},"potentialAction":[{"@type":"SearchAction","target":{"@type":"EntryPoint","urlTemplate":"https:\/\/www.safinel.fr\/?s={search_term_string}"},"query-input":{"@type":"PropertyValueSpecification","valueRequired":true,"valueName":"search_term_string"}}],"inLanguage":"de"},{"@type":"Organization","@id":"https:\/\/www.safinel.fr\/#organization","name":"Safinel","url":"https:\/\/www.safinel.fr\/","logo":{"@type":"ImageObject","inLanguage":"de","@id":"https:\/\/www.safinel.fr\/#\/schema\/logo\/image\/","url":"https:\/\/www.safinel.fr\/wp-content\/uploads\/2021\/05\/boutique-cosmetique.png","contentUrl":"https:\/\/www.safinel.fr\/wp-content\/uploads\/2021\/05\/boutique-cosmetique.png","width":800,"height":200,"caption":"Safinel"},"image":{"@id":"https:\/\/www.safinel.fr\/#\/schema\/logo\/image\/"}}]}},"_links":{"self":[{"href":"https:\/\/www.safinel.fr\/de\/wp-json\/wp\/v2\/product\/152","targetHints":{"allow":["GET"]}}],"collection":[{"href":"https:\/\/www.safinel.fr\/de\/wp-json\/wp\/v2\/product"}],"about":[{"href":"https:\/\/www.safinel.fr\/de\/wp-json\/wp\/v2\/types\/product"}],"wp:featuredmedia":[{"embeddable":true,"href":"https:\/\/www.safinel.fr\/de\/wp-json\/wp\/v2\/media\/153"}],"wp:attachment":[{"href":"https:\/\/www.safinel.fr\/de\/wp-json\/wp\/v2\/media?parent=152"}],"wp:term":[{"taxonomy":"product_brand","embeddable":true,"href":"https:\/\/www.safinel.fr\/de\/wp-json\/wp\/v2\/product_brand?post=152"},{"taxonomy":"product_cat","embeddable":true,"href":"https:\/\/www.safinel.fr\/de\/wp-json\/wp\/v2\/product_cat?post=152"},{"taxonomy":"product_tag","embeddable":true,"href":"https:\/\/www.safinel.fr\/de\/wp-json\/wp\/v2\/product_tag?post=152"}],"curies":[{"name":"wp","href":"https:\/\/api.w.org\/{rel}","templated":true}]}}