{"id":14832,"date":"2024-09-05T11:44:08","date_gmt":"2024-09-05T11:44:08","guid":{"rendered":"https:\/\/www.safinel.fr\/?post_type=product&#038;p=14832"},"modified":"2025-04-07T09:20:22","modified_gmt":"2025-04-07T09:20:22","slug":"chikwangue-maniokpaste","status":"publish","type":"product","link":"https:\/\/www.safinel.fr\/de\/product-2\/chikwangue-maniokpaste\/","title":{"rendered":"Chikwangue vakuumverpackte vorgekochte Maniokpaste - 500g"},"content":{"rendered":"<p><strong>Safinel<\/strong>, Ihr\u00a0<strong>Naturkosmetik-Onlineshop<\/strong>\u00a0bietet Ihnen die M\u00f6glichkeit, zahlreiche Produkte zu entdecken\u00a0<strong>von afrikanischen Lebensmitteln<\/strong>. Und insbesondere die\u00a0<strong>chikwangue<\/strong>.<\/p>\n<p>Wenn Sie diesen bereits kennen\u00a0<strong>afrikanisches Produkt<\/strong>, Wenn Sie sich nicht sicher sind, k\u00f6nnen Sie weiterlesen. Sie k\u00f6nnten n\u00e4mlich mehr \u00fcber ein Nahrungsmittel erfahren, von dem Sie dachten, dass Sie es schon kennen!<\/p>\n<p>Ansonsten ist dieser Artikel eine gute Gelegenheit, sich mit den\u00a0<strong>ethnische Produkte<\/strong>. Und Sie hoffentlich dazu anregen, andere zu probieren\u00a0<strong>Weltgeschmack<\/strong>\u00a0!<\/p>\n<h2><strong>Was ist Chikwangue?<\/strong><\/h2>\n<h3><strong>Herkunft und Bezeichnung<\/strong><\/h3>\n<p>Wenn die\u00a0<strong>afrikanische K\u00fcche<\/strong>\u00a0in Frankreich sehr popul\u00e4r geworden ist, ist Chikwangue der breiten \u00d6ffentlichkeit unbekannt. Dabei ist sie ein traditionelles Gericht, das vor allem bei den Kongolesen sehr beliebt ist.<\/p>\n<p>Ob auf beiden Seiten des Flusses, in Kongo-Kinshasa oder in Kongo-Brazzaville, ist sie Teil der Essgewohnheiten.<\/p>\n<p>Man findet sie jedoch im gesamten Kongoflussbecken, d. h. in Kamerun, der Zentralafrikanischen Republik, Gabun ... Allerdings mit einigen Varianten, insbesondere in ihrer Namensgebung.<\/p>\n<p>Im Kongo nennt man ihn\u00a0<strong>kwanga<\/strong>\u00a0in Lingala und\u00a0<strong>kikwanga<\/strong>\u00a0in der Sprache Kikongo. F\u00fcr Kamerun ist es\u00a0<strong>bobolo<\/strong>\u00a0die sich durchsetzt. In Gabun wird gesprochen\u00a0<strong>von agnizock<\/strong>\u00a0oder auch von\u00a0<strong>pita<\/strong>. Es ist auch m\u00f6glich, ihn in der Schreibweise\u00a0<strong>chikouang.\u00a0<\/strong>Oder zu h\u00f6ren von<strong>\u00a0Bohnenstange,\u00a0<\/strong>von<strong>\u00a0Maniokstab\u00a0<\/strong>und sogar von<strong>\u00a0Maniokbrot.<\/strong><\/p>\n<h2><strong>Beschreibung von Chikwangue<\/strong><\/h2>\n<p>Wie Sie vielleicht schon bemerkt haben, ist der Chikwangue, ebenso wie der\u00a0<strong>foufou<\/strong>, ist ein Derivat des\u00a0<strong><a href=\"https:\/\/www.safinel.fr\/de\/maniok\/\">Maniok<\/a><\/strong>. Genauer gesagt ist es eine\u00a0<strong>Maniokpaste.\u00a0<\/strong><\/p>\n<p>Es handelt sich um einen\u00a0<strong>st\u00e4rkehaltig<\/strong>, Urspr\u00fcnglich war es dazu gedacht, Reisende auf langen Strecken zu ern\u00e4hren. Die lange Haltbarkeit, die praktische Handhabung und der hohe S\u00e4ttigungs- und N\u00e4hrwert machten sie zu einem beliebten Snack.<\/p>\n<p>Er ist ein wei\u00dfer Teig, der je nach Zubereitung mehr oder weniger dicht, zart und klebrig ist. Zu einer Blutwurst ausgezogen, ist sein Geschmack nicht sehr ausgepr\u00e4gt, wenn nicht sogar etwas bitter, je nach Fermentationsgrad.<\/p>\n<p>Aus diesem Grund dient es neben Brot eher als Beilage zu Hauptgerichten, um zu s\u00e4ttigen.<\/p>\n<p>Traditionell wird es in Bl\u00e4tter einer Bananenstaude oder eines anderen Baumes eingewickelt, um ihm einen besonderen Geschmack zu verleihen. Leider ist es nicht ungew\u00f6hnlich, dass die\u00a0<strong>chikouangue<\/strong>\u00a0heutzutage in Plastik eingewickelt.<\/p>\n<h2><strong>Verkostung<\/strong><\/h2>\n<p>Maniokbrot wird mit der Hand gegessen, indem man kleine St\u00fccke abschneidet. Diese werden zwischen den Fingern geknetet, wie man es mit einer Krume tun w\u00fcrde. Es passt zu gegrilltem Fleisch, Fisch, Gem\u00fcse oder auch zu Schmorgerichten.<\/p>\n<h3><strong>Ern\u00e4hrungstechnischer Wert von Chikwangue<\/strong><\/h3>\n<p>Der Maniokstab hat viele ern\u00e4hrungsphysiologische Vorteile.<\/p>\n<p>Zun\u00e4chst einmal besitzt es eine extrem s\u00e4ttigende Wirkung. Eine kleine Menge reicht aus, um auch den gr\u00f6\u00dften Appetit zu stillen. Das liegt unter anderem an seinem hohen Ballaststoff- und St\u00e4rkegehalt.<\/p>\n<p>Andererseits ist zu beachten, dass eben diese Ballaststoffe schwer und schwer verdaulich sein k\u00f6nnen. Vor allem f\u00fcr jemanden, der nicht daran gew\u00f6hnt ist, sie zu essen. Wir empfehlen Ihnen daher, Ihren Konsum in der ersten Zeit zu m\u00e4\u00dfigen, bis Ihr K\u00f6rper damit vertraut ist.<\/p>\n<p>Kurz gesagt: Die Bohnenstange ist reich an Kohlenhydraten, Vitaminen und Mineralstoffen. Au\u00dferdem ist sie arm an Fett, Eiwei\u00df und Gluten. Sie k\u00f6nnen sie daher ohne gro\u00dfe Angst um Ihre Figur genie\u00dfen! Im Gegenteil, seine appetithemmende Wirkung kann Ihnen sogar bei einer Di\u00e4t helfen.<\/p>\n<p>Au\u00dferdem kann er bestimmte Verdauungsbeschwerden wie Sodbrennen, Bl\u00e4hungen, Durchfall, \u00dcbers\u00e4uerung usw. lindern. Aufgrund der gro\u00dfen Menge an St\u00e4rke, die er enth\u00e4lt.<\/p>\n<h2><strong>Wie wird Maniokbrot zubereitet?<\/strong><\/h2>\n<p>Die Zubereitung dieses Gerichts ist recht langwierig und arbeitsintensiv. Sie kann insgesamt bis zu zwei Wochen dauern. Sie m\u00fcssen also viel Geduld mitbringen. Wenn Sie jedoch einmal eine gro\u00dfe Menge Chikwangue hergestellt haben, haben Sie f\u00fcr lange Zeit einen verzehrfertigen Vorrat zur Verf\u00fcgung! Und zwar f\u00fcr alle Ihre Mahlzeiten am Morgen, mittags, abends, als Snack oder auch unterwegs. Denn sie l\u00e4sst sich leicht mitnehmen und eine ganze Weile aufbewahren.<\/p>\n<ul>\n<li>Zun\u00e4chst werden die Maniokknollen ges\u00e4ubert, gesch\u00e4lt und geschnitten. Dann werden sie mehrere Tage in Wasser eingeweicht. Dadurch werden sie zart und von Fasern und Wurzeln befreit. Die Knollen werden dann von Hand zerbr\u00f6ckelt, gesiebt, sie setzen sich auf dem Boden der Sch\u00fcssel ab und der \u00dcberstand wird entsorgt.<\/li>\n<li>In einer zweiten Phase l\u00e4sst man den so entstandenen Teig in einem Jutesack abtropfen. Die Dauer der Fermentation variiert je nach Stamm und Region. Ob ein halber Tag oder zwei Tage, jeder hat sein eigenes Protokoll.<\/li>\n<li>Anschlie\u00dfend wird der fermentierte Teig auf einem Holzbrett bearbeitet. Entweder wird er mit der Hand geknetet oder mit einer Walze ausgerollt. Er erh\u00e4lt eine homogene, glatte Konsistenz und eine sch\u00f6ne wei\u00dfe Farbe.<\/li>\n<li>Schlie\u00dflich wird er ged\u00e4mpft und zu mehr oder weniger dicken und langen W\u00fcrsten geformt.<\/li>\n<li>Zum Schluss wird Chikwangue in Bananenbl\u00e4tter gewickelt und ein zweites Mal ged\u00fcnstet.<\/li>\n<\/ul>\n<h2><strong>Kennen Sie die kleine Cola?<\/strong><\/h2>\n<p><strong>Kolanuss, Kolanuss, Kola<\/strong>, Diese\u00a0<strong>afrikanische Nuss<\/strong>\u00a0besitzt mehrere Bezeichnungen und Schreibweisen.<\/p>\n<p>Safinel macht sich zum Botschafter der\u00a0<strong>afrikanische Produkte<\/strong>\u00a0und schl\u00e4gt Ihnen vor, auch seinen\u00a0<strong><a href=\"https:\/\/www.safinel.fr\/de\/product-2\/kleine-cola\/\">kleine Cola<\/a>.<\/strong><\/p>\n<p><strong>Samen des Kolatierbaums,\u00a0<\/strong>Sie ist in Zentral- und Westafrika beheimatet, wo sie weit verbreitet ist. Die braune, l\u00e4ngliche Nuss mit dem bitteren Geschmack besitzt zahlreiche positive Eigenschaften.<\/p>\n<ul>\n<li>Erstens soll sie stimulierend, adstringierend, aphrodisierend und harntreibend sein. Sie soll den Gewichtsverlust f\u00f6rdern und den Blutdruck erh\u00f6hen.<\/li>\n<li>W\u00fcrde auch dazu beitragen, die Aufmerksamkeit und Leistungen wie Ged\u00e4chtnisleistung und Lernf\u00e4higkeit zu steigern.<\/li>\n<li>Sie soll gegen Schl\u00e4frigkeit, M\u00fcdigkeit, Depressionen und\u00a0<strong>Migr\u00e4ne.<\/strong><\/li>\n<li>Kleine Cola, verbessert den Atem und lindert Mundkrankheiten.<\/li>\n<li>Es lindert auch Menstruationsbeschwerden.<\/li>\n<li>Schlie\u00dflich k\u00f6nnen mit der Kolanuss Eierstockzysten, Fibrome und verstopfte Eileiter behandelt werden. Daher ist sie ein wichtiger Verb\u00fcndeter f\u00fcr Frauen und f\u00fcr die Fruchtbarkeit.<\/li>\n<\/ul>\n<p>Wie w\u00e4re es dann mit einer Entdeckungsreise durch das\u00a0<strong>Bohnenstange<\/strong>\u00a0und der\u00a0<strong>Kolanuss<\/strong> mit Safinel?<\/p>","protected":false},"excerpt":{"rendered":"<p><img decoding=\"async\" class=\"size-full wp-image-5091 aligncenter\" src=\"https:\/\/www.safinel.fr\/wp-content\/uploads\/2021\/06\/BANNIERE-ICONE-SAFINEL.webp\" alt=\"Satines-R\u00fcckversicherung\" width=\"800\" height=\"200\" srcset=\"https:\/\/www.safinel.fr\/wp-content\/uploads\/2021\/06\/BANNIERE-ICONE-SAFINEL.webp 800w, https:\/\/www.safinel.fr\/wp-content\/uploads\/2021\/06\/BANNIERE-ICONE-SAFINEL-600x150.webp 600w, https:\/\/www.safinel.fr\/wp-content\/uploads\/2021\/06\/BANNIERE-ICONE-SAFINEL-768x192.webp 768w\" sizes=\"(max-width: 800px) 100vw, 800px\" \/><\/p>","protected":false},"featured_media":14833,"template":"","meta":[],"product_brand":[],"product_cat":[44,150],"product_tag":[],"class_list":{"0":"post-14832","1":"product","2":"type-product","3":"status-publish","4":"has-post-thumbnail","6":"product_cat-epices","7":"product_cat-legume-africain","9":"first","10":"outofstock","11":"shipping-taxable","12":"purchasable","13":"product-type-simple"},"yoast_head":"<!-- This site is optimized with the Yoast SEO plugin v26.6 - https:\/\/yoast.com\/wordpress\/plugins\/seo\/ -->\n<title>Chikwangue | P\u00e2te de manioc pr\u00e9cuite sous vide | Achat en France<\/title>\n<meta name=\"description\" content=\"Safinel, votre\u00a0boutique cosm\u00e9tique naturelle en ligne\u00a0vous propose de d\u00e9couvrir de nombreux produits\u00a0d\u2019\u00e9picerie africaine. Et notamment, la\u00a0chikwangue.\" \/>\n<meta name=\"robots\" content=\"index, follow, max-snippet:-1, max-image-preview:large, max-video-preview:-1\" \/>\n<link rel=\"canonical\" href=\"https:\/\/www.safinel.fr\/de\/product-2\/chikwangue-maniokpaste\/\" \/>\n<meta property=\"og:locale\" content=\"de_DE\" \/>\n<meta property=\"og:type\" content=\"article\" \/>\n<meta property=\"og:title\" content=\"Chikwangue | P\u00e2te de manioc pr\u00e9cuite sous vide | Achat en France\" \/>\n<meta property=\"og:description\" content=\"Safinel, votre\u00a0boutique cosm\u00e9tique naturelle en ligne\u00a0vous propose de d\u00e9couvrir de nombreux produits\u00a0d\u2019\u00e9picerie africaine. Et notamment, la\u00a0chikwangue.\" \/>\n<meta property=\"og:url\" content=\"https:\/\/www.safinel.fr\/de\/product-2\/chikwangue-maniokpaste\/\" \/>\n<meta property=\"og:site_name\" content=\"Safinel\" \/>\n<meta property=\"article:modified_time\" content=\"2025-04-07T09:20:22+00:00\" \/>\n<meta property=\"og:image\" content=\"https:\/\/www.safinel.fr\/wp-content\/uploads\/2024\/09\/ch.jpg\" \/>\n\t<meta property=\"og:image:width\" content=\"600\" \/>\n\t<meta property=\"og:image:height\" content=\"600\" \/>\n\t<meta property=\"og:image:type\" content=\"image\/jpeg\" \/>\n<meta name=\"twitter:card\" content=\"summary_large_image\" \/>\n<meta name=\"twitter:label1\" content=\"Gesch\u00e4tzte Lesezeit\" \/>\n\t<meta name=\"twitter:data1\" content=\"6\u00a0Minuten\" \/>\n<script type=\"application\/ld+json\" class=\"yoast-schema-graph\">{\"@context\":\"https:\/\/schema.org\",\"@graph\":[{\"@type\":\"WebPage\",\"@id\":\"https:\/\/www.safinel.fr\/produit\/chikwangue-pate-de-manioc\/\",\"url\":\"https:\/\/www.safinel.fr\/produit\/chikwangue-pate-de-manioc\/\",\"name\":\"Chikwangue | P\u00e2te de manioc pr\u00e9cuite sous vide | Achat en France\",\"isPartOf\":{\"@id\":\"https:\/\/www.safinel.fr\/#website\"},\"primaryImageOfPage\":{\"@id\":\"https:\/\/www.safinel.fr\/produit\/chikwangue-pate-de-manioc\/#primaryimage\"},\"image\":{\"@id\":\"https:\/\/www.safinel.fr\/produit\/chikwangue-pate-de-manioc\/#primaryimage\"},\"thumbnailUrl\":\"https:\/\/www.safinel.fr\/wp-content\/uploads\/2024\/09\/ch.jpg\",\"datePublished\":\"2024-09-05T11:44:08+00:00\",\"dateModified\":\"2025-04-07T09:20:22+00:00\",\"description\":\"Safinel, votre\u00a0boutique cosm\u00e9tique naturelle en ligne\u00a0vous propose de d\u00e9couvrir de nombreux produits\u00a0d\u2019\u00e9picerie africaine. Et notamment, la\u00a0chikwangue.\",\"breadcrumb\":{\"@id\":\"https:\/\/www.safinel.fr\/produit\/chikwangue-pate-de-manioc\/#breadcrumb\"},\"inLanguage\":\"de\",\"potentialAction\":[{\"@type\":\"ReadAction\",\"target\":[\"https:\/\/www.safinel.fr\/produit\/chikwangue-pate-de-manioc\/\"]}]},{\"@type\":\"ImageObject\",\"inLanguage\":\"de\",\"@id\":\"https:\/\/www.safinel.fr\/produit\/chikwangue-pate-de-manioc\/#primaryimage\",\"url\":\"https:\/\/www.safinel.fr\/wp-content\/uploads\/2024\/09\/ch.jpg\",\"contentUrl\":\"https:\/\/www.safinel.fr\/wp-content\/uploads\/2024\/09\/ch.jpg\",\"width\":600,\"height\":600,\"caption\":\"Chikwangue p\u00e2te de manioc pr\u00e9cuite sous vide - 500g\"},{\"@type\":\"BreadcrumbList\",\"@id\":\"https:\/\/www.safinel.fr\/produit\/chikwangue-pate-de-manioc\/#breadcrumb\",\"itemListElement\":[{\"@type\":\"ListItem\",\"position\":1,\"name\":\"Accueil\",\"item\":\"https:\/\/www.safinel.fr\/\"},{\"@type\":\"ListItem\",\"position\":2,\"name\":\"Boutique\",\"item\":\"https:\/\/www.safinel.fr\/boutique\/\"},{\"@type\":\"ListItem\",\"position\":3,\"name\":\"Chikwangue p\u00e2te de manioc pr\u00e9cuite sous vide &#8211; 500g\"}]},{\"@type\":\"WebSite\",\"@id\":\"https:\/\/www.safinel.fr\/#website\",\"url\":\"https:\/\/www.safinel.fr\/\",\"name\":\"Safinel\",\"description\":\"\",\"publisher\":{\"@id\":\"https:\/\/www.safinel.fr\/#organization\"},\"potentialAction\":[{\"@type\":\"SearchAction\",\"target\":{\"@type\":\"EntryPoint\",\"urlTemplate\":\"https:\/\/www.safinel.fr\/?s={search_term_string}\"},\"query-input\":{\"@type\":\"PropertyValueSpecification\",\"valueRequired\":true,\"valueName\":\"search_term_string\"}}],\"inLanguage\":\"de\"},{\"@type\":\"Organization\",\"@id\":\"https:\/\/www.safinel.fr\/#organization\",\"name\":\"Safinel\",\"url\":\"https:\/\/www.safinel.fr\/\",\"logo\":{\"@type\":\"ImageObject\",\"inLanguage\":\"de\",\"@id\":\"https:\/\/www.safinel.fr\/#\/schema\/logo\/image\/\",\"url\":\"https:\/\/www.safinel.fr\/wp-content\/uploads\/2021\/05\/boutique-cosmetique.png\",\"contentUrl\":\"https:\/\/www.safinel.fr\/wp-content\/uploads\/2021\/05\/boutique-cosmetique.png\",\"width\":800,\"height\":200,\"caption\":\"Safinel\"},\"image\":{\"@id\":\"https:\/\/www.safinel.fr\/#\/schema\/logo\/image\/\"}}]}<\/script>\n<!-- \/ Yoast SEO plugin. -->","yoast_head_json":{"title":"Chikwangue | Vorgekochte vakuumverpackte Maniokpaste | Einkaufen in Frankreich","description":"Safinel, Ihr Online-Shop f\u00fcr Naturkosmetik, bietet Ihnen die M\u00f6glichkeit, zahlreiche afrikanische Lebensmittelprodukte zu entdecken. Dazu geh\u00f6rt auch Chikwangue.","robots":{"index":"index","follow":"follow","max-snippet":"max-snippet:-1","max-image-preview":"max-image-preview:large","max-video-preview":"max-video-preview:-1"},"canonical":"https:\/\/www.safinel.fr\/de\/product-2\/chikwangue-maniokpaste\/","og_locale":"de_DE","og_type":"article","og_title":"Chikwangue | P\u00e2te de manioc pr\u00e9cuite sous vide | Achat en France","og_description":"Safinel, votre\u00a0boutique cosm\u00e9tique naturelle en ligne\u00a0vous propose de d\u00e9couvrir de nombreux produits\u00a0d\u2019\u00e9picerie africaine. Et notamment, la\u00a0chikwangue.","og_url":"https:\/\/www.safinel.fr\/de\/product-2\/chikwangue-maniokpaste\/","og_site_name":"Safinel","article_modified_time":"2025-04-07T09:20:22+00:00","og_image":[{"width":600,"height":600,"url":"https:\/\/www.safinel.fr\/wp-content\/uploads\/2024\/09\/ch.jpg","type":"image\/jpeg"}],"twitter_card":"summary_large_image","twitter_misc":{"Gesch\u00e4tzte Lesezeit":"6\u00a0Minuten"},"schema":{"@context":"https:\/\/schema.org","@graph":[{"@type":"WebPage","@id":"https:\/\/www.safinel.fr\/produit\/chikwangue-pate-de-manioc\/","url":"https:\/\/www.safinel.fr\/produit\/chikwangue-pate-de-manioc\/","name":"Chikwangue | Vorgekochte vakuumverpackte Maniokpaste | Einkaufen in Frankreich","isPartOf":{"@id":"https:\/\/www.safinel.fr\/#website"},"primaryImageOfPage":{"@id":"https:\/\/www.safinel.fr\/produit\/chikwangue-pate-de-manioc\/#primaryimage"},"image":{"@id":"https:\/\/www.safinel.fr\/produit\/chikwangue-pate-de-manioc\/#primaryimage"},"thumbnailUrl":"https:\/\/www.safinel.fr\/wp-content\/uploads\/2024\/09\/ch.jpg","datePublished":"2024-09-05T11:44:08+00:00","dateModified":"2025-04-07T09:20:22+00:00","description":"Safinel, Ihr Online-Shop f\u00fcr Naturkosmetik, bietet Ihnen die M\u00f6glichkeit, zahlreiche afrikanische Lebensmittelprodukte zu entdecken. Dazu geh\u00f6rt auch Chikwangue.","breadcrumb":{"@id":"https:\/\/www.safinel.fr\/produit\/chikwangue-pate-de-manioc\/#breadcrumb"},"inLanguage":"de","potentialAction":[{"@type":"ReadAction","target":["https:\/\/www.safinel.fr\/produit\/chikwangue-pate-de-manioc\/"]}]},{"@type":"ImageObject","inLanguage":"de","@id":"https:\/\/www.safinel.fr\/produit\/chikwangue-pate-de-manioc\/#primaryimage","url":"https:\/\/www.safinel.fr\/wp-content\/uploads\/2024\/09\/ch.jpg","contentUrl":"https:\/\/www.safinel.fr\/wp-content\/uploads\/2024\/09\/ch.jpg","width":600,"height":600,"caption":"Chikwangue p\u00e2te de manioc pr\u00e9cuite sous vide - 500g"},{"@type":"BreadcrumbList","@id":"https:\/\/www.safinel.fr\/produit\/chikwangue-pate-de-manioc\/#breadcrumb","itemListElement":[{"@type":"ListItem","position":1,"name":"Accueil","item":"https:\/\/www.safinel.fr\/"},{"@type":"ListItem","position":2,"name":"Boutique","item":"https:\/\/www.safinel.fr\/boutique\/"},{"@type":"ListItem","position":3,"name":"Chikwangue p\u00e2te de manioc pr\u00e9cuite sous vide &#8211; 500g"}]},{"@type":"WebSite","@id":"https:\/\/www.safinel.fr\/#website","url":"https:\/\/www.safinel.fr\/","name":"Safinel","description":"","publisher":{"@id":"https:\/\/www.safinel.fr\/#organization"},"potentialAction":[{"@type":"SearchAction","target":{"@type":"EntryPoint","urlTemplate":"https:\/\/www.safinel.fr\/?s={search_term_string}"},"query-input":{"@type":"PropertyValueSpecification","valueRequired":true,"valueName":"search_term_string"}}],"inLanguage":"de"},{"@type":"Organization","@id":"https:\/\/www.safinel.fr\/#organization","name":"Safinel","url":"https:\/\/www.safinel.fr\/","logo":{"@type":"ImageObject","inLanguage":"de","@id":"https:\/\/www.safinel.fr\/#\/schema\/logo\/image\/","url":"https:\/\/www.safinel.fr\/wp-content\/uploads\/2021\/05\/boutique-cosmetique.png","contentUrl":"https:\/\/www.safinel.fr\/wp-content\/uploads\/2021\/05\/boutique-cosmetique.png","width":800,"height":200,"caption":"Safinel"},"image":{"@id":"https:\/\/www.safinel.fr\/#\/schema\/logo\/image\/"}}]}},"_links":{"self":[{"href":"https:\/\/www.safinel.fr\/de\/wp-json\/wp\/v2\/product\/14832","targetHints":{"allow":["GET"]}}],"collection":[{"href":"https:\/\/www.safinel.fr\/de\/wp-json\/wp\/v2\/product"}],"about":[{"href":"https:\/\/www.safinel.fr\/de\/wp-json\/wp\/v2\/types\/product"}],"wp:featuredmedia":[{"embeddable":true,"href":"https:\/\/www.safinel.fr\/de\/wp-json\/wp\/v2\/media\/14833"}],"wp:attachment":[{"href":"https:\/\/www.safinel.fr\/de\/wp-json\/wp\/v2\/media?parent=14832"}],"wp:term":[{"taxonomy":"product_brand","embeddable":true,"href":"https:\/\/www.safinel.fr\/de\/wp-json\/wp\/v2\/product_brand?post=14832"},{"taxonomy":"product_cat","embeddable":true,"href":"https:\/\/www.safinel.fr\/de\/wp-json\/wp\/v2\/product_cat?post=14832"},{"taxonomy":"product_tag","embeddable":true,"href":"https:\/\/www.safinel.fr\/de\/wp-json\/wp\/v2\/product_tag?post=14832"}],"curies":[{"name":"wp","href":"https:\/\/api.w.org\/{rel}","templated":true}]}}