{"id":14674,"date":"2024-08-11T10:41:52","date_gmt":"2024-08-11T10:41:52","guid":{"rendered":"https:\/\/www.safinel.fr\/?post_type=product&#038;p=14674"},"modified":"2026-02-12T20:05:32","modified_gmt":"2026-02-12T20:05:32","slug":"kanwa-streichelsalz","status":"publish","type":"product","link":"https:\/\/www.safinel.fr\/de\/product-2\/kanwa-streichelsalz\/","title":{"rendered":"Steinsalz (Kanwa)"},"content":{"rendered":"<p>Die <strong>Steinsalz<\/strong>, in Westafrika auch als Pottasche oder KANWA bezeichnet und als <strong>lebendiges Salz<\/strong> unter <a href=\"https:\/\/www.safinel.fr\/de\/product-category-2\/marokkanische-gewurze\/\"><strong>Marokko<\/strong><\/a>, Salz ist ein wesentliches Element, das in den Tiefen des Gesteins gefunden wird. Diese Salzart wird seit Jahrhunderten f\u00fcr verschiedene Zwecke verwendet und bietet eine Vielzahl von Verwendungsm\u00f6glichkeiten, sowohl in der K\u00fcche als auch in der Industrie. Lassen Sie uns gemeinsam die Besonderheiten, den Ursprung und die zahlreichen Anwendungsm\u00f6glichkeiten von Steinsalz erkunden.<\/p>\n<h2><strong>Die Urspr\u00fcnge und die Entstehung von Steinsalz<\/strong><\/h2>\n<p>Kanwa stammt haupts\u00e4chlich aus Sedimentablagerungen, die Millionen von Jahren alt sind. Dieses evaporitische Gestein entsteht durch die Verdunstung von Meerwasser, das Schichten hinterl\u00e4sst, die reich an <strong>Natriumchlorid<\/strong>. Diese Vorkommen werden je nach Weltregion oft durch Tief- oder Offenbergbau abgebaut.<\/p>\n<h3><strong>Bergbau<\/strong><\/h3>\n<p>Die Gewinnung von Steinsalz kann im Wesentlichen auf zwei Arten erfolgen:<\/p>\n<ul>\n<li><strong>Unterirdische Minen<\/strong> : Bei dieser Methode werden Tunnel und Kammern tief in die Erde bis zu den Salzablagerungen gegraben.<\/li>\n<li><strong>Tagebau<\/strong> : Diese Technik ist weniger verbreitet und erfordert das Entfernen von Oberfl\u00e4chenmaterial, um an die Salzschichten heranzukommen.<\/li>\n<\/ul>\n<p>Jede Abbaumethode h\u00e4ngt stark von den geologischen Eigenschaften der abgebauten Region ab.<\/p>\n<h2><strong>Kulinarische Verwendungen von Kanwa-Steinsalz<\/strong><\/h2>\n<p>In der K\u00fcche wird Steinsalz f\u00fcr seine einzigartigen W\u00fcrzeigenschaften gefeiert. W\u00e4hrend das <strong>raffiniertes Tafelsalz<\/strong> w\u00e4hrend des Raffinationsprozesses einen Teil seiner Mineralien verliert, beh\u00e4lt Kanwa seine nat\u00fcrliche Reinheit.<\/p>\n<ul>\n<li><strong>Fleur de Sel und M\u00fchlen<\/strong><\/li>\n<\/ul>\n<p>Dieses Salz wird oft zermahlen in <strong>feines Pulver<\/strong> zur direkten Verwendung in der K\u00fcche, ist aber auch in Form gr\u00f6\u00dferer Kristalle erh\u00e4ltlich, die sich f\u00fcr M\u00fchlen eignen. Die <strong>Fleur de Sel<\/strong> Das aus Steinsalz gewonnene Salz ist wegen seiner knusprigen Textur und seines subtilen Aromas besonders begehrt und eignet sich hervorragend zur Verfeinerung feiner Gerichte.<\/p>\n<ul>\n<li><strong>Salzige Mischungen<\/strong><\/li>\n<\/ul>\n<p>Steinsalz findet man auch in verschiedenen <strong>salzige Mischungen<\/strong>, Sie werden mit Kr\u00e4utern, Gew\u00fcrzen und anderen Geschmacksrichtungen kombiniert, um komplexe und aromatische W\u00fcrzmischungen zu kreieren. Diese Mischungen verleihen eine unverwechselbare Note und bereichern die kulinarischen Erlebnisse.<\/p>\n<ul>\n<li><strong>Industrielle Anwendungen<\/strong><\/li>\n<\/ul>\n<p>\u00dcber das Kochen hinaus spielt dieses nat\u00fcrliche Salz in mehreren Industriezweigen eine entscheidende Rolle.<\/p>\n<h3><strong>Enteisung und Behandlung von Stra\u00dfen<\/strong><\/h3>\n<p>W\u00e4hrend der Wintermonate wird Steinsalz f\u00fcr die <strong>Enteisung von Stra\u00dfen<\/strong>. Seine F\u00e4higkeit, Eis und Schnee zu schmelzen, hilft dabei, Verkehrswege sicher und befahrbar zu halten. Die f\u00fcr diese Anwendung verwendeten Salze sind oft roh, um eine maximale Wirksamkeit gegen niedrige Temperaturen zu erm\u00f6glichen.<\/p>\n<ul>\n<li><strong>Chemische Industrie : <\/strong>In der chemischen Industrie dient Steinsalz als Rohstoff f\u00fcr die Herstellung verschiedener Verbindungen wie z. B. <strong style=\"color: #555555;\">Natronlauge<\/strong><span style=\"color: #555555;\"> und der <\/span><strong style=\"color: #555555;\">Chlor<\/strong><span style=\"color: #555555;\">. Seine hohe Reinheit gew\u00e4hrleistet die Effizienz der chemischen Prozesse, die zur Herstellung dieser wichtigen Substanzen erforderlich sind.<\/span><\/li>\n<\/ul>\n<ul>\n<li><strong>Tierfutter : <\/strong>Er wird auch verwendet als <strong style=\"color: #555555;\">mineralfutter f\u00fcr vieh<\/strong><span style=\"color: #555555;\">. Angereichert mit den notwendigen Spurenelementen tr\u00e4gt Steinsalz zur Gesundheit und zum Wohlbefinden von landwirtschaftlichen Nutztieren bei.<\/span><\/li>\n<\/ul>\n<h3><strong>Therapeutische Eigenschaften und Wohlbefinden<\/strong><\/h3>\n<p>Au\u00dferhalb des industriellen und kulinarischen Bereichs. Dieses Salz hat anerkannte Eigenschaften f\u00fcr das Wohlbefinden und die K\u00f6rperpflege.<\/p>\n<ul>\n<li><strong>Salzb\u00e4der : <\/strong>Die <strong style=\"color: #555555;\">kanwa b\u00e4der<\/strong><span style=\"color: #555555;\">\u00a0sind f\u00fcr ihre entgiftende und revitalisierende Wirkung bekannt. In Wasser aufgel\u00f6st helfen sie, die Haut zu reinigen und verschiedene Muskel- und Gelenkbeschwerden zu lindern.<\/span><\/li>\n<\/ul>\n<ul>\n<li><strong>Pflegeprodukte : <\/strong>Viele Peelingprodukte verwenden diese Kristalle wegen ihrer sanften abrasiven Eigenschaften, die dabei helfen, abgestorbene Hautzellen zu entfernen und die Haut frisch und regeneriert aussehen zu lassen.<\/li>\n<\/ul>","protected":false},"excerpt":{"rendered":"<p>Le sel de gemme, \u00e9galement connu sous le nom de potasse ou KANWA en Afrique de l\u2019Ouest et appel\u00e9 sel vivant au Maroc, est un \u00e9l\u00e9ment essentiel d\u00e9couvert dans les profondeurs des roches. Utilis\u00e9 depuis des si\u00e8cles pour diverses applications, ce type de sel offre une diversit\u00e9 d&rsquo;usages aussi bien culinaires qu&rsquo;industriels. Explorons ensemble les [&#8230;]","protected":false},"featured_media":14675,"template":"","meta":[],"product_brand":[],"product_cat":[41],"product_tag":[],"class_list":{"0":"post-14674","1":"product","2":"type-product","3":"status-publish","4":"has-post-thumbnail","6":"product_cat-produits-naturels-divers","8":"first","9":"instock","10":"shipping-taxable","11":"purchasable","12":"product-type-variable"},"yoast_head":"<!-- This site is optimized with the Yoast SEO plugin v26.6 - https:\/\/yoast.com\/wordpress\/plugins\/seo\/ -->\n<title>Sel de gemme (Kanwa) | Achat en France | Bienfaits nombreux<\/title>\n<meta name=\"description\" content=\"Explorons ensemble les particularit\u00e9s, les origines et les nombreuses applications du sel de gemme. Achat rapide en France.\" \/>\n<meta name=\"robots\" content=\"index, follow, max-snippet:-1, max-image-preview:large, max-video-preview:-1\" \/>\n<link rel=\"canonical\" href=\"https:\/\/www.safinel.fr\/de\/product-2\/kanwa-streichelsalz\/\" \/>\n<meta property=\"og:locale\" content=\"de_DE\" \/>\n<meta property=\"og:type\" content=\"article\" \/>\n<meta property=\"og:title\" content=\"Sel de gemme (Kanwa) | Achat en France | Bienfaits nombreux\" \/>\n<meta property=\"og:description\" content=\"Explorons ensemble les particularit\u00e9s, les origines et les nombreuses applications du sel de gemme. Achat rapide en France.\" \/>\n<meta property=\"og:url\" content=\"https:\/\/www.safinel.fr\/de\/product-2\/kanwa-streichelsalz\/\" \/>\n<meta property=\"og:site_name\" content=\"Safinel\" \/>\n<meta property=\"article:modified_time\" content=\"2026-02-12T20:05:32+00:00\" \/>\n<meta property=\"og:image\" content=\"https:\/\/www.safinel.fr\/wp-content\/uploads\/2024\/08\/sel-de-gemme.jpg\" \/>\n\t<meta property=\"og:image:width\" content=\"600\" \/>\n\t<meta property=\"og:image:height\" content=\"600\" \/>\n\t<meta property=\"og:image:type\" content=\"image\/jpeg\" \/>\n<meta name=\"twitter:card\" content=\"summary_large_image\" \/>\n<meta name=\"twitter:label1\" content=\"Gesch\u00e4tzte Lesezeit\" \/>\n\t<meta name=\"twitter:data1\" content=\"3\u00a0Minuten\" \/>\n<script type=\"application\/ld+json\" class=\"yoast-schema-graph\">{\"@context\":\"https:\/\/schema.org\",\"@graph\":[{\"@type\":\"WebPage\",\"@id\":\"https:\/\/www.safinel.fr\/produit\/sel-de-gemme-kanwa\/\",\"url\":\"https:\/\/www.safinel.fr\/produit\/sel-de-gemme-kanwa\/\",\"name\":\"Sel de gemme (Kanwa) | Achat en France | Bienfaits nombreux\",\"isPartOf\":{\"@id\":\"https:\/\/www.safinel.fr\/#website\"},\"primaryImageOfPage\":{\"@id\":\"https:\/\/www.safinel.fr\/produit\/sel-de-gemme-kanwa\/#primaryimage\"},\"image\":{\"@id\":\"https:\/\/www.safinel.fr\/produit\/sel-de-gemme-kanwa\/#primaryimage\"},\"thumbnailUrl\":\"https:\/\/www.safinel.fr\/wp-content\/uploads\/2024\/08\/sel-de-gemme.jpg\",\"datePublished\":\"2024-08-11T10:41:52+00:00\",\"dateModified\":\"2026-02-12T20:05:32+00:00\",\"description\":\"Explorons ensemble les particularit\u00e9s, les origines et les nombreuses applications du sel de gemme. Achat rapide en France.\",\"breadcrumb\":{\"@id\":\"https:\/\/www.safinel.fr\/produit\/sel-de-gemme-kanwa\/#breadcrumb\"},\"inLanguage\":\"de\",\"potentialAction\":[{\"@type\":\"ReadAction\",\"target\":[\"https:\/\/www.safinel.fr\/produit\/sel-de-gemme-kanwa\/\"]}]},{\"@type\":\"ImageObject\",\"inLanguage\":\"de\",\"@id\":\"https:\/\/www.safinel.fr\/produit\/sel-de-gemme-kanwa\/#primaryimage\",\"url\":\"https:\/\/www.safinel.fr\/wp-content\/uploads\/2024\/08\/sel-de-gemme.jpg\",\"contentUrl\":\"https:\/\/www.safinel.fr\/wp-content\/uploads\/2024\/08\/sel-de-gemme.jpg\",\"width\":600,\"height\":600,\"caption\":\"Sel de gemme (Kanwa)\"},{\"@type\":\"BreadcrumbList\",\"@id\":\"https:\/\/www.safinel.fr\/produit\/sel-de-gemme-kanwa\/#breadcrumb\",\"itemListElement\":[{\"@type\":\"ListItem\",\"position\":1,\"name\":\"Accueil\",\"item\":\"https:\/\/www.safinel.fr\/\"},{\"@type\":\"ListItem\",\"position\":2,\"name\":\"Boutique\",\"item\":\"https:\/\/www.safinel.fr\/boutique\/\"},{\"@type\":\"ListItem\",\"position\":3,\"name\":\"Sel de gemme (Kanwa)\"}]},{\"@type\":\"WebSite\",\"@id\":\"https:\/\/www.safinel.fr\/#website\",\"url\":\"https:\/\/www.safinel.fr\/\",\"name\":\"Safinel\",\"description\":\"\",\"publisher\":{\"@id\":\"https:\/\/www.safinel.fr\/#organization\"},\"potentialAction\":[{\"@type\":\"SearchAction\",\"target\":{\"@type\":\"EntryPoint\",\"urlTemplate\":\"https:\/\/www.safinel.fr\/?s={search_term_string}\"},\"query-input\":{\"@type\":\"PropertyValueSpecification\",\"valueRequired\":true,\"valueName\":\"search_term_string\"}}],\"inLanguage\":\"de\"},{\"@type\":\"Organization\",\"@id\":\"https:\/\/www.safinel.fr\/#organization\",\"name\":\"Safinel\",\"url\":\"https:\/\/www.safinel.fr\/\",\"logo\":{\"@type\":\"ImageObject\",\"inLanguage\":\"de\",\"@id\":\"https:\/\/www.safinel.fr\/#\/schema\/logo\/image\/\",\"url\":\"https:\/\/www.safinel.fr\/wp-content\/uploads\/2021\/05\/boutique-cosmetique.png\",\"contentUrl\":\"https:\/\/www.safinel.fr\/wp-content\/uploads\/2021\/05\/boutique-cosmetique.png\",\"width\":800,\"height\":200,\"caption\":\"Safinel\"},\"image\":{\"@id\":\"https:\/\/www.safinel.fr\/#\/schema\/logo\/image\/\"}}]}<\/script>\n<!-- \/ Yoast SEO plugin. -->","yoast_head_json":{"title":"Steinsalz (Kanwa) | Kauf in Frankreich | Zahlreiche Vorteile","description":"Lassen Sie uns gemeinsam die Besonderheiten, den Ursprung und die zahlreichen Anwendungsm\u00f6glichkeiten von Steinsalz erkunden. Schneller Kauf in Frankreich.","robots":{"index":"index","follow":"follow","max-snippet":"max-snippet:-1","max-image-preview":"max-image-preview:large","max-video-preview":"max-video-preview:-1"},"canonical":"https:\/\/www.safinel.fr\/de\/product-2\/kanwa-streichelsalz\/","og_locale":"de_DE","og_type":"article","og_title":"Sel de gemme (Kanwa) | Achat en France | Bienfaits nombreux","og_description":"Explorons ensemble les particularit\u00e9s, les origines et les nombreuses applications du sel de gemme. Achat rapide en France.","og_url":"https:\/\/www.safinel.fr\/de\/product-2\/kanwa-streichelsalz\/","og_site_name":"Safinel","article_modified_time":"2026-02-12T20:05:32+00:00","og_image":[{"width":600,"height":600,"url":"https:\/\/www.safinel.fr\/wp-content\/uploads\/2024\/08\/sel-de-gemme.jpg","type":"image\/jpeg"}],"twitter_card":"summary_large_image","twitter_misc":{"Gesch\u00e4tzte Lesezeit":"3\u00a0Minuten"},"schema":{"@context":"https:\/\/schema.org","@graph":[{"@type":"WebPage","@id":"https:\/\/www.safinel.fr\/produit\/sel-de-gemme-kanwa\/","url":"https:\/\/www.safinel.fr\/produit\/sel-de-gemme-kanwa\/","name":"Steinsalz (Kanwa) | Kauf in Frankreich | Zahlreiche Vorteile","isPartOf":{"@id":"https:\/\/www.safinel.fr\/#website"},"primaryImageOfPage":{"@id":"https:\/\/www.safinel.fr\/produit\/sel-de-gemme-kanwa\/#primaryimage"},"image":{"@id":"https:\/\/www.safinel.fr\/produit\/sel-de-gemme-kanwa\/#primaryimage"},"thumbnailUrl":"https:\/\/www.safinel.fr\/wp-content\/uploads\/2024\/08\/sel-de-gemme.jpg","datePublished":"2024-08-11T10:41:52+00:00","dateModified":"2026-02-12T20:05:32+00:00","description":"Lassen Sie uns gemeinsam die Besonderheiten, den Ursprung und die zahlreichen Anwendungsm\u00f6glichkeiten von Steinsalz erkunden. Schneller Kauf in Frankreich.","breadcrumb":{"@id":"https:\/\/www.safinel.fr\/produit\/sel-de-gemme-kanwa\/#breadcrumb"},"inLanguage":"de","potentialAction":[{"@type":"ReadAction","target":["https:\/\/www.safinel.fr\/produit\/sel-de-gemme-kanwa\/"]}]},{"@type":"ImageObject","inLanguage":"de","@id":"https:\/\/www.safinel.fr\/produit\/sel-de-gemme-kanwa\/#primaryimage","url":"https:\/\/www.safinel.fr\/wp-content\/uploads\/2024\/08\/sel-de-gemme.jpg","contentUrl":"https:\/\/www.safinel.fr\/wp-content\/uploads\/2024\/08\/sel-de-gemme.jpg","width":600,"height":600,"caption":"Sel de gemme (Kanwa)"},{"@type":"BreadcrumbList","@id":"https:\/\/www.safinel.fr\/produit\/sel-de-gemme-kanwa\/#breadcrumb","itemListElement":[{"@type":"ListItem","position":1,"name":"Accueil","item":"https:\/\/www.safinel.fr\/"},{"@type":"ListItem","position":2,"name":"Boutique","item":"https:\/\/www.safinel.fr\/boutique\/"},{"@type":"ListItem","position":3,"name":"Sel de gemme (Kanwa)"}]},{"@type":"WebSite","@id":"https:\/\/www.safinel.fr\/#website","url":"https:\/\/www.safinel.fr\/","name":"Safinel","description":"","publisher":{"@id":"https:\/\/www.safinel.fr\/#organization"},"potentialAction":[{"@type":"SearchAction","target":{"@type":"EntryPoint","urlTemplate":"https:\/\/www.safinel.fr\/?s={search_term_string}"},"query-input":{"@type":"PropertyValueSpecification","valueRequired":true,"valueName":"search_term_string"}}],"inLanguage":"de"},{"@type":"Organization","@id":"https:\/\/www.safinel.fr\/#organization","name":"Safinel","url":"https:\/\/www.safinel.fr\/","logo":{"@type":"ImageObject","inLanguage":"de","@id":"https:\/\/www.safinel.fr\/#\/schema\/logo\/image\/","url":"https:\/\/www.safinel.fr\/wp-content\/uploads\/2021\/05\/boutique-cosmetique.png","contentUrl":"https:\/\/www.safinel.fr\/wp-content\/uploads\/2021\/05\/boutique-cosmetique.png","width":800,"height":200,"caption":"Safinel"},"image":{"@id":"https:\/\/www.safinel.fr\/#\/schema\/logo\/image\/"}}]}},"_links":{"self":[{"href":"https:\/\/www.safinel.fr\/de\/wp-json\/wp\/v2\/product\/14674","targetHints":{"allow":["GET"]}}],"collection":[{"href":"https:\/\/www.safinel.fr\/de\/wp-json\/wp\/v2\/product"}],"about":[{"href":"https:\/\/www.safinel.fr\/de\/wp-json\/wp\/v2\/types\/product"}],"wp:featuredmedia":[{"embeddable":true,"href":"https:\/\/www.safinel.fr\/de\/wp-json\/wp\/v2\/media\/14675"}],"wp:attachment":[{"href":"https:\/\/www.safinel.fr\/de\/wp-json\/wp\/v2\/media?parent=14674"}],"wp:term":[{"taxonomy":"product_brand","embeddable":true,"href":"https:\/\/www.safinel.fr\/de\/wp-json\/wp\/v2\/product_brand?post=14674"},{"taxonomy":"product_cat","embeddable":true,"href":"https:\/\/www.safinel.fr\/de\/wp-json\/wp\/v2\/product_cat?post=14674"},{"taxonomy":"product_tag","embeddable":true,"href":"https:\/\/www.safinel.fr\/de\/wp-json\/wp\/v2\/product_tag?post=14674"}],"curies":[{"name":"wp","href":"https:\/\/api.w.org\/{rel}","templated":true}]}}